{"id":8353,"date":"2023-04-03T09:01:57","date_gmt":"2023-04-03T09:01:57","guid":{"rendered":"https:\/\/cancerfertilityandme.org.uk\/o-tem-spletnem-mestu\/"},"modified":"2026-03-10T11:51:19","modified_gmt":"2026-03-10T11:51:19","slug":"o-tem-spletnem-mestu","status":"publish","type":"page","link":"https:\/\/cancerfertilityandme.org.uk\/sl\/mlade-zenske\/o-tem-spletnem-mestu\/","title":{"rendered":"O tem projektu"},"content":{"rendered":"\t\t<div data-elementor-type=\"wp-page\" data-elementor-id=\"8353\" class=\"elementor elementor-8353 elementor-7774\" data-elementor-post-type=\"page\">\n\t\t\t\t<main class=\"elementor-element elementor-element-4a68a2b7 e-flex e-con-boxed e-con e-parent\" data-id=\"4a68a2b7\" data-element_type=\"container\" data-e-type=\"container\">\n\t\t\t\t\t<div class=\"e-con-inner\">\n\t\t<div class=\"elementor-element elementor-element-bf63f4d e-con-full e-flex e-con e-child\" data-id=\"bf63f4d\" data-element_type=\"container\" data-e-type=\"container\">\n\t\t\t\t<div class=\"elementor-element elementor-element-437ce504 elementor-widget elementor-widget-text-editor\" data-id=\"437ce504\" data-element_type=\"widget\" data-e-type=\"widget\" data-widget_type=\"text-editor.default\">\n\t\t\t\t<div class=\"elementor-widget-container\">\n\t\t\t\t\t\t\t\t\t<h2>O spletnem mestu za pomo\u010d pri odlo\u010danju o raku, plodnosti in meni<\/h2>\n<strong>\u010ce so vam diagnosticirali raka, imate zagotovo veliko misli. Od postavitve diagnoze dalje boste verjetno do\u017eivljali celo vrsto ob\u010dutkov in \u010dustev, verjetno pa boste imeli tudi veliko vpra\u0161anj. <\/strong>\n\n<strong>Rak in njegovo zdravljenje lahko vplivata na plodnost in mo\u017enosti zanositve v prihodnosti.<\/strong>\n\nTe informacije so za vas morda nove. Morda pa se tega \u017ee zavedate in se spra\u0161ujete, ali si boste v prihodnosti \u0161e lahko ustvarili dru\u017eino. Ne glede na to, ali imate otroke zagotovo v na\u010drtu ali pa se vam zdi, da je vse skupaj preve\u010d oddaljeno, da bi tako ali tako vedeli, vam ta knji\u017eica ponuja informacije, ki vam bodo v pomo\u010d pri razmi\u0161ljanju o ohranjanju plodnosti. Zdravljenje za ohranitev plodnosti je na\u010din, kako pomagati dekletom in mladim \u017eenskam z rakom, da bodo imele v prihodnosti po zdravljenju raka ve\u010dje mo\u017enosti za zanositev in otroka. Upamo, da vam bo to spletno mesto pomagalo razumeti ve\u010d o ohranjanju plodnosti. \u010ceprav so va\u0161e odlo\u010ditve osebne in je izbira povsem va\u0161a, upamo, da vam bo ta knji\u017eica v pomo\u010d pri spoznavanju mo\u017enosti, ki so na voljo, in vam bo pomagala sprejeti najbolj\u0161o odlo\u010ditev za vas.     \n\n<blockquote>\u201cNekaj \u010dasa sem se res po\u010dutila negotovo, a ko sem se odlo\u010dila, sem bila prepri\u010dana, da je to tisto, kar \u017eelim storiti. In vesela sem, da sem se odlo\u010dila, saj je bila to prava odlo\u010ditev.\u201d<br><br>20-letna mlada \u017eenska z limfomom<\/blockquote>\n\n<b>Na tem spletnem mestu so na voljo informacije, ki so vam v pomo\u010d:<\/b>\n<ul>\n \t<li>Ve\u010d o tem, kako lahko zdravljenje raka pri \u017eenskah povzro\u010di te\u017eave s plodnostjo.<\/li>\n \t<li>Spoznajte, kako lahko \u017eenske z rakom pred za\u010detkom zdravljenja ohranijo svojo plodnost.<\/li>\n \t<li>Spoznajte, katere mo\u017enosti za ohranjanje plodnosti najbolje ustrezajo va\u0161emu \u017eivljenskemu slogu.<\/li>\n \t<li>Razumite odlo\u010ditve o na\u010drtovanju dru\u017eine med zdravljenjem raka in po njem.<\/li>\n<\/ul>\n<strong>To spletno mesto vam bo morda v pomo\u010d, \u010de:<\/strong>\n<ul>\n \t<li>so vam pred kratkim diagnosticirali raka.<\/li>\n \t<li>boste morda \u017eeleli zanositi in posku\u0161ati imeti otroka v prihodnosti po kon\u010danem zdravljenju raka.<\/li>\n \t<li>\u017delite izvedeti ve\u010d o zdravljenju za ohranjanje plodnosti.<\/li>\n \t<li>Si \u017eelite ve\u010d informacij, ki bi vam pomagale pri odlo\u010ditvi o ohranjanju plodnosti.<\/li>\n<\/ul>\t\t\t\t\t\t\t\t<\/div>\n\t\t\t\t<\/div>\n\t\t\t\t<\/div>\n\t\t<div class=\"elementor-element elementor-element-4c2a2e61 e-con-full e-flex e-con e-child\" data-id=\"4c2a2e61\" data-element_type=\"container\" data-e-type=\"container\">\n\t\t<div class=\"elementor-element elementor-element-4cf1ed17 e-con-full e-flex e-con e-child\" data-id=\"4cf1ed17\" data-element_type=\"container\" data-e-type=\"container\">\n\t\t\t\t<div class=\"elementor-element elementor-element-4147e412 elementor-widget elementor-widget-image\" data-id=\"4147e412\" data-element_type=\"widget\" data-e-type=\"widget\" data-widget_type=\"image.default\">\n\t\t\t\t<div class=\"elementor-widget-container\">\n\t\t\t\t\t\t\t\t\t\t\t\t\t\t\t\t<a href=\"http:\/\/.\/\">\n\t\t\t\t\t\t\t<img decoding=\"async\" width=\"200\" height=\"200\" src=\"https:\/\/cancerfertilityandme.org.uk\/wp-content\/uploads\/cancerfertilityandme-logo-header-young-women.png\" class=\"attachment-full size-full wp-image-332\" alt=\"\" srcset=\"https:\/\/cancerfertilityandme.org.uk\/wp-content\/uploads\/cancerfertilityandme-logo-header-young-women.png 200w, https:\/\/cancerfertilityandme.org.uk\/wp-content\/uploads\/cancerfertilityandme-logo-header-young-women-150x150.png 150w, https:\/\/cancerfertilityandme.org.uk\/wp-content\/uploads\/elementor\/thumbs\/cancerfertilityandme-logo-header-young-women-r4vfcv1ro149or8nkxzol3x986uodd6lq6no4gpb6w.png 100w\" sizes=\"(max-width: 200px) 100vw, 200px\" \/>\t\t\t\t\t\t\t\t<\/a>\n\t\t\t\t\t\t\t\t\t\t\t\t\t\t\t<\/div>\n\t\t\t\t<\/div>\n\t\t\t\t<\/div>\n\t\t<div class=\"elementor-element elementor-element-429ad59f e-con-full e-flex e-con e-child\" data-id=\"429ad59f\" data-element_type=\"container\" data-e-type=\"container\">\n\t\t\t\t<div class=\"elementor-element elementor-element-68253d98 elementor-widget elementor-widget-heading\" data-id=\"68253d98\" data-element_type=\"widget\" data-e-type=\"widget\" data-widget_type=\"heading.default\">\n\t\t\t\t<div class=\"elementor-widget-container\">\n\t\t\t\t\t<h3 class=\"elementor-heading-title elementor-size-default\">Za ve\u010d informacij sledite tem povezavam<\/h3>\t\t\t\t<\/div>\n\t\t\t\t<\/div>\n\t\t\t\t<div class=\"elementor-element elementor-element-4eaf61a0 elementor-nav-menu--dropdown-none elementor-widget elementor-widget-nav-menu\" data-id=\"4eaf61a0\" data-element_type=\"widget\" data-e-type=\"widget\" data-settings=\"{&quot;layout&quot;:&quot;vertical&quot;,&quot;submenu_icon&quot;:{&quot;value&quot;:&quot;&lt;svg aria-hidden=\\&quot;true\\&quot; class=\\&quot;e-font-icon-svg e-fas-caret-down\\&quot; viewBox=\\&quot;0 0 320 512\\&quot; xmlns=\\&quot;http:\\\/\\\/www.w3.org\\\/2000\\\/svg\\&quot;&gt;&lt;path d=\\&quot;M31.3 192h257.3c17.8 0 26.7 21.5 14.1 34.1L174.1 354.8c-7.8 7.8-20.5 7.8-28.3 0L17.2 226.1C4.6 213.5 13.5 192 31.3 192z\\&quot;&gt;&lt;\\\/path&gt;&lt;\\\/svg&gt;&quot;,&quot;library&quot;:&quot;fa-solid&quot;}}\" data-widget_type=\"nav-menu.default\">\n\t\t\t\t<div class=\"elementor-widget-container\">\n\t\t\t\t\t\t\t\t<nav aria-label=\"Menu\" class=\"elementor-nav-menu--main elementor-nav-menu__container elementor-nav-menu--layout-vertical e--pointer-none\">\n\t\t\t\t<ul id=\"menu-1-4eaf61a0\" class=\"elementor-nav-menu sm-vertical\"><li class=\"menu-item menu-item-type-post_type menu-item-object-page menu-item-8474\"><a href=\"https:\/\/cancerfertilityandme.org.uk\/young-women\/about-this-project\/\" class=\"elementor-item\">O tem projektu<\/a><\/li>\n<li class=\"menu-item menu-item-type-post_type menu-item-object-page menu-item-8477\"><a href=\"https:\/\/cancerfertilityandme.org.uk\/young-women\/about-this-project\/using-this-website\/\" class=\"elementor-item\">Uporaba tega spleti\u0161\u010da<\/a><\/li>\n<li class=\"menu-item menu-item-type-post_type menu-item-object-page menu-item-8476\"><a href=\"https:\/\/cancerfertilityandme.org.uk\/young-women\/about-this-project\/linking-fertility-options\/\" class=\"elementor-item\">Povezovanje mo\u017enosti plodnosti<\/a><\/li>\n<li class=\"menu-item menu-item-type-post_type menu-item-object-page menu-item-10564\"><a href=\"https:\/\/cancerfertilityandme.org.uk\/glossary\/\" class=\"elementor-item\">Glosar<\/a><\/li>\n<\/ul>\t\t\t<\/nav>\n\t\t\t\t\t\t<nav class=\"elementor-nav-menu--dropdown elementor-nav-menu__container\" aria-hidden=\"true\">\n\t\t\t\t<ul id=\"menu-2-4eaf61a0\" class=\"elementor-nav-menu sm-vertical\"><li class=\"menu-item menu-item-type-post_type menu-item-object-page menu-item-8474\"><a href=\"https:\/\/cancerfertilityandme.org.uk\/young-women\/about-this-project\/\" class=\"elementor-item\" tabindex=\"-1\">O tem projektu<\/a><\/li>\n<li class=\"menu-item menu-item-type-post_type menu-item-object-page menu-item-8477\"><a href=\"https:\/\/cancerfertilityandme.org.uk\/young-women\/about-this-project\/using-this-website\/\" class=\"elementor-item\" tabindex=\"-1\">Uporaba tega spleti\u0161\u010da<\/a><\/li>\n<li class=\"menu-item menu-item-type-post_type menu-item-object-page menu-item-8476\"><a href=\"https:\/\/cancerfertilityandme.org.uk\/young-women\/about-this-project\/linking-fertility-options\/\" class=\"elementor-item\" tabindex=\"-1\">Povezovanje mo\u017enosti plodnosti<\/a><\/li>\n<li class=\"menu-item menu-item-type-post_type menu-item-object-page menu-item-10564\"><a href=\"https:\/\/cancerfertilityandme.org.uk\/glossary\/\" class=\"elementor-item\" tabindex=\"-1\">Glosar<\/a><\/li>\n<\/ul>\t\t\t<\/nav>\n\t\t\t\t\t\t<\/div>\n\t\t\t\t<\/div>\n\t\t\t\t<\/div>\n\t\t\t\t<\/div>\n\t\t\t\t\t<\/div>\n\t\t\t\t<\/main>\n\t\t\t\t<\/div>\n\t\t","protected":false},"excerpt":{"rendered":"<p>O spletnem mestu za pomo\u010d pri odlo\u010danju o raku, plodnosti in meni \u010ce so vam diagnosticirali raka, imate zagotovo veliko misli. Od postavitve diagnoze dalje boste verjetno do\u017eivljali celo vrsto ob\u010dutkov in \u010dustev, verjetno pa boste imeli tudi veliko vpra\u0161anj. Rak in njegovo zdravljenje lahko vplivata na plodnost in mo\u017enosti zanositve v prihodnosti. Te informacije [&hellip;]<\/p>\n","protected":false},"author":1,"featured_media":0,"parent":8281,"menu_order":0,"comment_status":"open","ping_status":"closed","template":"","meta":{"footnotes":""},"class_list":["post-8353","page","type-page","status-publish","hentry"],"_links":{"self":[{"href":"https:\/\/cancerfertilityandme.org.uk\/sl\/wp-json\/wp\/v2\/pages\/8353","targetHints":{"allow":["GET"]}}],"collection":[{"href":"https:\/\/cancerfertilityandme.org.uk\/sl\/wp-json\/wp\/v2\/pages"}],"about":[{"href":"https:\/\/cancerfertilityandme.org.uk\/sl\/wp-json\/wp\/v2\/types\/page"}],"author":[{"embeddable":true,"href":"https:\/\/cancerfertilityandme.org.uk\/sl\/wp-json\/wp\/v2\/users\/1"}],"replies":[{"embeddable":true,"href":"https:\/\/cancerfertilityandme.org.uk\/sl\/wp-json\/wp\/v2\/comments?post=8353"}],"version-history":[{"count":4,"href":"https:\/\/cancerfertilityandme.org.uk\/sl\/wp-json\/wp\/v2\/pages\/8353\/revisions"}],"predecessor-version":[{"id":11204,"href":"https:\/\/cancerfertilityandme.org.uk\/sl\/wp-json\/wp\/v2\/pages\/8353\/revisions\/11204"}],"up":[{"embeddable":true,"href":"https:\/\/cancerfertilityandme.org.uk\/sl\/wp-json\/wp\/v2\/pages\/8281"}],"wp:attachment":[{"href":"https:\/\/cancerfertilityandme.org.uk\/sl\/wp-json\/wp\/v2\/media?parent=8353"}],"curies":[{"name":"wp","href":"https:\/\/api.w.org\/{rel}","templated":true}]}}