{"id":8351,"date":"2023-04-02T16:28:37","date_gmt":"2023-04-02T16:28:37","guid":{"rendered":"https:\/\/cancerfertilityandme.org.uk\/zamrzovanje-tkiva-jajcnikov\/"},"modified":"2026-02-03T15:27:51","modified_gmt":"2026-02-03T15:27:51","slug":"zamrzovanje-tkiva-jajcnikov","status":"publish","type":"page","link":"https:\/\/cancerfertilityandme.org.uk\/sl\/mlade-zenske\/o-ohranjanju-plodnosti\/zamrzovanje-tkiva-jajcnikov\/","title":{"rendered":"Zamrzovanje tkiva jaj\u010dnikov"},"content":{"rendered":"\t\t<div data-elementor-type=\"wp-page\" data-elementor-id=\"8351\" class=\"elementor elementor-8351 elementor-7755\" data-elementor-post-type=\"page\">\n\t\t\t\t<main class=\"elementor-element elementor-element-2c043234 e-flex e-con-boxed e-con e-parent\" data-id=\"2c043234\" data-element_type=\"container\" data-e-type=\"container\">\n\t\t\t\t\t<div class=\"e-con-inner\">\n\t\t<div class=\"elementor-element elementor-element-7e729515 e-con-full e-flex e-con e-child\" data-id=\"7e729515\" data-element_type=\"container\" data-e-type=\"container\">\n\t\t\t\t<div class=\"elementor-element elementor-element-74f6a54a elementor-widget elementor-widget-text-editor\" data-id=\"74f6a54a\" data-element_type=\"widget\" data-e-type=\"widget\" data-widget_type=\"text-editor.default\">\n\t\t\t\t<div class=\"elementor-widget-container\">\n\t\t\t\t\t\t\t\t\t<h2>Zamrzovanje tkiva jaj\u010dnikov<\/h2><p><strong>Ovarian tissue contains lots of immature eggs and in this procedure, this tissue is removed and then frozen. After a young woman has had cancer treatment, this tissue can be put back into the body to allow the eggs to develop. Tissue can be collected before and during cTkivo jaj\u010dnika, ki vsebuje veliko \u0161tevilo nezrelih jaj\u010dec, se odstrani in zamrzne. Po zdravljenju raka se lahko tkivo vrne v telo, da se jaj\u010deca lahko razvijejo. Uporablja se lahko neposredno pred kemoterapijo in med njo. Gre za novej\u0161o metodo ohranjanja plodnosti, ki \u0161e ni na voljo na vseh klinikah za zdravljenje neplodnosti.hemotherapy, but it is a newer method of fertility preservation so it is not available in all fertility clinics at the moment.  <\/strong><\/p><p><strong>Komu je namenjeno?<\/strong><\/p><p>\u017denskam, ki \u017eelijo ohraniti svojo plodnost in:<\/p><ul><li>nimajo \u010dasa za zamrznitev zarodkov ali jaj\u010dec.<\/li><li>ki ne morejo uporabljati zdravil za zdravljenje neplodnosti.<\/li><\/ul><p>Po zamenjavi tkiva jaj\u010dnikov se lahko ponovno vzpostavi va\u0161a normalna proizvodnja hormonov in cikli, kar lahko omogo\u010di mo\u017enost zanositve po naravni poti.<\/p><p>Primeren je tudi za dekleta, ki \u0161e niso dosegla pubertete. Pri \u017eenskah s krvnim rakom, kot je levkemija, je potreben skrben premislek. Obstaja namre\u010d mo\u017enost, da se rakave celice z zamrznjenim tkivom jaj\u010dnika vrnejo v telo. To je \u0161e posebej pomembno za bolnice z levkemijo in nekaterimi oblikami limfoma, pri katerih rakave celice kro\u017eijo v krvi.  <\/p><p><strong>Kaj vklju\u010duje?<\/strong><\/p><p>V splo\u0161ni anesteziji boste morali opraviti operacijo klju\u010dne luknje. En jaj\u010dnik ali del jaj\u010dnika se odstrani, da se lahko zamrzne zunanja plast (skorja), ki vsebuje nezrela jaj\u010deca. \u017denske lahko gredo domov \u0161e isti dan po posegu.  <\/p><p>Ker zamrznitev tkiva jaj\u010dnikov vklju\u010duje le \u017eensko, za uporabo shranjenega tkiva v prihodnosti ni potrebno soglasje va\u0161ega partnerja ali star\u0161ev. Ni zgornje meje, koliko \u010dasa je mo\u017eno shranjevati zamrznjeno tkivo jaj\u010dnikov. <\/p><p><strong>Kak\u0161na je mo\u017enost, da boste imeli otroka po zamrznitvi tkiva jaj\u010dnikov?<\/strong><\/p><p>Te\u017eko je dolo\u010diti, kolik\u0161na je verjetnost, da se bo po zamrznitvi tkiva jaj\u010dnikov rodil \u017eiv otrok.<\/p><p>Ker gre za novej\u0161e zdravljenje, je \u0161tevilo bolnic z rakom, ki so zamrznjeno tkivo uporabile za rojstvo otroka, majhno. Ti podatki ka\u017eejo, da je verjetnost, da bo zamrznitev tkiva jaj\u010dnikov pomagala \u017eenski imeti otroka, pribli\u017eno 25 %. Ve\u010d informacij o povpre\u010dnih nacionalnih stopnjah uspe\u0161nosti in \u0161tevilu uspe\u0161nih \u017eivorojenih otrok za vsako kliniko za zdravljenje neplodnosti z licenco najdete na spletni strani agencije HFEA <a href=\"https:\/\/www.hfea.gov.uk\/\" target=\"_blank\" rel=\"noopener\">www.hfea.gov.uk<\/a>. Agencija HFEA ne ureja shranjevanja tkiv in na svojem spletnem mestu nima informacij o shranjevanju tkiv.   <\/p><p><strong>Ali bo ta mo\u017enost vplivala na zdravje otroka?<\/strong><\/p><p>Ne, podatki ka\u017eejo, da to ne bo vplivalo na zdravje otroka, rojenega z uporabo zamrznjenega tkiva jaj\u010dnikov.<\/p><p><strong>Ali obstajajo kak\u0161ni ne\u017eeleni u\u010dinki zdravljenja, ki se uporablja pri zamrzovanju tkiva jaj\u010dnikov?<\/strong><\/p><p>Med operacijo za odstranitev tkiva jaj\u010dnika lahko pride do krvavitve in oku\u017ebe ter po\u0161kodbe mehurja in \u010drevesja.<\/p><p><strong>Ali bo potrebno odlo\u017eiti za\u010detek mojega zdravljenja raka?<\/strong><\/p><p>Postopek se ve\u010dinoma izvede v enem dnevu (brez no\u010ditve v bolni\u0161nici) in ne povzro\u010di nobene odlo\u017eitve pri zdravljenju raka. V nekaterih primerih pa lahko traja tudi do nekaj dni. <\/p><p><strong>Ali bo ta metoda vplivala na mo\u017enost ponovitve raka ?<\/strong><\/p><p>Pri nekaterih vrstah raka, kot je levkemija, lahko pride do oku\u017ebe tkiva jaj\u010dnikov z rakavimi celicami. Ni primerov, da bi se zaradi uporabe tkiva jaj\u010dnikov, ki je bilo vstavljeno nazaj v telo, rak vrnil. <\/p>\t\t\t\t\t\t\t\t<\/div>\n\t\t\t\t<\/div>\n\t\t\t\t<\/div>\n\t\t<div class=\"elementor-element elementor-element-1a0e4f9d e-con-full e-flex e-con e-child\" data-id=\"1a0e4f9d\" data-element_type=\"container\" data-e-type=\"container\">\n\t\t<div class=\"elementor-element elementor-element-2781ca4d e-con-full e-flex e-con e-child\" data-id=\"2781ca4d\" data-element_type=\"container\" data-e-type=\"container\">\n\t\t\t\t<div class=\"elementor-element elementor-element-4aaae53f elementor-widget elementor-widget-image\" data-id=\"4aaae53f\" data-element_type=\"widget\" data-e-type=\"widget\" data-widget_type=\"image.default\">\n\t\t\t\t<div class=\"elementor-widget-container\">\n\t\t\t\t\t\t\t\t\t\t\t\t\t\t\t\t<a href=\"http:\/\/.\/\">\n\t\t\t\t\t\t\t<img decoding=\"async\" width=\"200\" height=\"200\" src=\"https:\/\/cancerfertilityandme.org.uk\/wp-content\/uploads\/cancerfertilityandme-logo-header-young-women.png\" class=\"attachment-full size-full wp-image-332\" alt=\"\" srcset=\"https:\/\/cancerfertilityandme.org.uk\/wp-content\/uploads\/cancerfertilityandme-logo-header-young-women.png 200w, https:\/\/cancerfertilityandme.org.uk\/wp-content\/uploads\/cancerfertilityandme-logo-header-young-women-150x150.png 150w, https:\/\/cancerfertilityandme.org.uk\/wp-content\/uploads\/elementor\/thumbs\/cancerfertilityandme-logo-header-young-women-r4vfcv1ro149or8nkxzol3x986uodd6lq6no4gpb6w.png 100w\" sizes=\"(max-width: 200px) 100vw, 200px\" \/>\t\t\t\t\t\t\t\t<\/a>\n\t\t\t\t\t\t\t\t\t\t\t\t\t\t\t<\/div>\n\t\t\t\t<\/div>\n\t\t\t\t<\/div>\n\t\t<div class=\"elementor-element elementor-element-3c3efc5 e-con-full e-flex e-con e-child\" data-id=\"3c3efc5\" data-element_type=\"container\" data-e-type=\"container\">\n\t\t\t\t<div class=\"elementor-element elementor-element-3a9941c elementor-widget elementor-widget-heading\" data-id=\"3a9941c\" data-element_type=\"widget\" data-e-type=\"widget\" data-widget_type=\"heading.default\">\n\t\t\t\t<div class=\"elementor-widget-container\">\n\t\t\t\t\t<h3 class=\"elementor-heading-title elementor-size-default\">Za ve\u010d informacij sledite tem povezavam<\/h3>\t\t\t\t<\/div>\n\t\t\t\t<\/div>\n\t\t\t\t<div class=\"elementor-element elementor-element-6812e43a elementor-nav-menu--dropdown-none elementor-widget elementor-widget-nav-menu\" data-id=\"6812e43a\" data-element_type=\"widget\" data-e-type=\"widget\" data-settings=\"{&quot;layout&quot;:&quot;vertical&quot;,&quot;submenu_icon&quot;:{&quot;value&quot;:&quot;&lt;svg aria-hidden=\\&quot;true\\&quot; class=\\&quot;e-font-icon-svg e-fas-caret-down\\&quot; viewBox=\\&quot;0 0 320 512\\&quot; xmlns=\\&quot;http:\\\/\\\/www.w3.org\\\/2000\\\/svg\\&quot;&gt;&lt;path d=\\&quot;M31.3 192h257.3c17.8 0 26.7 21.5 14.1 34.1L174.1 354.8c-7.8 7.8-20.5 7.8-28.3 0L17.2 226.1C4.6 213.5 13.5 192 31.3 192z\\&quot;&gt;&lt;\\\/path&gt;&lt;\\\/svg&gt;&quot;,&quot;library&quot;:&quot;fa-solid&quot;}}\" data-widget_type=\"nav-menu.default\">\n\t\t\t\t<div class=\"elementor-widget-container\">\n\t\t\t\t\t\t\t\t<nav aria-label=\"Menu\" class=\"elementor-nav-menu--main elementor-nav-menu__container elementor-nav-menu--layout-vertical e--pointer-none\">\n\t\t\t\t<ul id=\"menu-1-6812e43a\" class=\"elementor-nav-menu sm-vertical\"><li class=\"menu-item menu-item-type-post_type menu-item-object-page menu-item-8511\"><a href=\"https:\/\/cancerfertilityandme.org.uk\/young-women\/fertility-preservation\/\" class=\"elementor-item\">O ohranjanju plodnosti<\/a><\/li>\n<li class=\"menu-item menu-item-type-post_type menu-item-object-page menu-item-8514\"><a href=\"https:\/\/cancerfertilityandme.org.uk\/young-women\/fertility-preservation\/no-fertility-preservation\/\" class=\"elementor-item\">Brez ohranjanja plodnosti<\/a><\/li>\n<li class=\"menu-item menu-item-type-post_type menu-item-object-page menu-item-8512\"><a href=\"https:\/\/cancerfertilityandme.org.uk\/young-women\/fertility-preservation\/egg-freezing\/\" class=\"elementor-item\">Zamrzovanje jaj\u010dec<\/a><\/li>\n<li class=\"menu-item menu-item-type-post_type menu-item-object-page menu-item-8513\"><a href=\"https:\/\/cancerfertilityandme.org.uk\/young-women\/fertility-preservation\/embryo-freezing\/\" class=\"elementor-item\">Zamrzovanje zarodkov<\/a><\/li>\n<li class=\"menu-item menu-item-type-post_type menu-item-object-page menu-item-8518\"><a href=\"https:\/\/cancerfertilityandme.org.uk\/young-women\/fertility-preservation\/ovarian-tissue-freezing\/\" class=\"elementor-item\">Zamrzovanje tkiva jaj\u010dnikov<\/a><\/li>\n<li class=\"menu-item menu-item-type-post_type menu-item-object-page menu-item-8515\"><a href=\"https:\/\/cancerfertilityandme.org.uk\/young-women\/fertility-preservation\/ovarian-suppression\/\" class=\"elementor-item\">Zatiranje jaj\u010dnikov<\/a><\/li>\n<li class=\"menu-item menu-item-type-post_type menu-item-object-page menu-item-8519\"><a href=\"https:\/\/cancerfertilityandme.org.uk\/young-women\/fertility-preservation\/fertility-sparing-procedures\/\" class=\"elementor-item\">Postopki za ohranitev plodnosti, zna\u010dilni za nekatere vrste raka<\/a><\/li>\n<li class=\"menu-item menu-item-type-post_type menu-item-object-page menu-item-8520\"><a href=\"https:\/\/cancerfertilityandme.org.uk\/young-women\/fertility-preservation\/financial-costs\/\" class=\"elementor-item\">Finan\u010dni stro\u0161ki<\/a><\/li>\n<li class=\"menu-item menu-item-type-post_type menu-item-object-page menu-item-8521\"><a href=\"https:\/\/cancerfertilityandme.org.uk\/young-women\/fertility-preservation\/summary-of-options\/\" class=\"elementor-item\">Povzetek mo\u017enosti<\/a><\/li>\n<li class=\"menu-item menu-item-type-post_type menu-item-object-page menu-item-8522\"><a href=\"https:\/\/cancerfertilityandme.org.uk\/young-women\/fertility-preservation\/questions-to-ask-about-fertility-preservation\/\" class=\"elementor-item\">Vpra\u0161anja, ki jih zastavite svoji ekipi za zdravljenje raka in za ohranjanje plodnosti<\/a><\/li>\n<\/ul>\t\t\t<\/nav>\n\t\t\t\t\t\t<nav class=\"elementor-nav-menu--dropdown elementor-nav-menu__container\" aria-hidden=\"true\">\n\t\t\t\t<ul id=\"menu-2-6812e43a\" class=\"elementor-nav-menu sm-vertical\"><li class=\"menu-item menu-item-type-post_type menu-item-object-page menu-item-8511\"><a href=\"https:\/\/cancerfertilityandme.org.uk\/young-women\/fertility-preservation\/\" class=\"elementor-item\" tabindex=\"-1\">O ohranjanju plodnosti<\/a><\/li>\n<li class=\"menu-item menu-item-type-post_type menu-item-object-page menu-item-8514\"><a href=\"https:\/\/cancerfertilityandme.org.uk\/young-women\/fertility-preservation\/no-fertility-preservation\/\" class=\"elementor-item\" tabindex=\"-1\">Brez ohranjanja plodnosti<\/a><\/li>\n<li class=\"menu-item menu-item-type-post_type menu-item-object-page menu-item-8512\"><a href=\"https:\/\/cancerfertilityandme.org.uk\/young-women\/fertility-preservation\/egg-freezing\/\" class=\"elementor-item\" tabindex=\"-1\">Zamrzovanje jaj\u010dec<\/a><\/li>\n<li class=\"menu-item menu-item-type-post_type menu-item-object-page menu-item-8513\"><a href=\"https:\/\/cancerfertilityandme.org.uk\/young-women\/fertility-preservation\/embryo-freezing\/\" class=\"elementor-item\" tabindex=\"-1\">Zamrzovanje zarodkov<\/a><\/li>\n<li class=\"menu-item menu-item-type-post_type menu-item-object-page menu-item-8518\"><a href=\"https:\/\/cancerfertilityandme.org.uk\/young-women\/fertility-preservation\/ovarian-tissue-freezing\/\" class=\"elementor-item\" tabindex=\"-1\">Zamrzovanje tkiva jaj\u010dnikov<\/a><\/li>\n<li class=\"menu-item menu-item-type-post_type menu-item-object-page menu-item-8515\"><a href=\"https:\/\/cancerfertilityandme.org.uk\/young-women\/fertility-preservation\/ovarian-suppression\/\" class=\"elementor-item\" tabindex=\"-1\">Zatiranje jaj\u010dnikov<\/a><\/li>\n<li class=\"menu-item menu-item-type-post_type menu-item-object-page menu-item-8519\"><a href=\"https:\/\/cancerfertilityandme.org.uk\/young-women\/fertility-preservation\/fertility-sparing-procedures\/\" class=\"elementor-item\" tabindex=\"-1\">Postopki za ohranitev plodnosti, zna\u010dilni za nekatere vrste raka<\/a><\/li>\n<li class=\"menu-item menu-item-type-post_type menu-item-object-page menu-item-8520\"><a href=\"https:\/\/cancerfertilityandme.org.uk\/young-women\/fertility-preservation\/financial-costs\/\" class=\"elementor-item\" tabindex=\"-1\">Finan\u010dni stro\u0161ki<\/a><\/li>\n<li class=\"menu-item menu-item-type-post_type menu-item-object-page menu-item-8521\"><a href=\"https:\/\/cancerfertilityandme.org.uk\/young-women\/fertility-preservation\/summary-of-options\/\" class=\"elementor-item\" tabindex=\"-1\">Povzetek mo\u017enosti<\/a><\/li>\n<li class=\"menu-item menu-item-type-post_type menu-item-object-page menu-item-8522\"><a href=\"https:\/\/cancerfertilityandme.org.uk\/young-women\/fertility-preservation\/questions-to-ask-about-fertility-preservation\/\" class=\"elementor-item\" tabindex=\"-1\">Vpra\u0161anja, ki jih zastavite svoji ekipi za zdravljenje raka in za ohranjanje plodnosti<\/a><\/li>\n<\/ul>\t\t\t<\/nav>\n\t\t\t\t\t\t<\/div>\n\t\t\t\t<\/div>\n\t\t\t\t<\/div>\n\t\t\t\t<\/div>\n\t\t\t\t\t<\/div>\n\t\t\t\t<\/main>\n\t\t\t\t<\/div>\n\t\t","protected":false},"excerpt":{"rendered":"<p>Zamrzovanje tkiva jaj\u010dnikov Ovarian tissue contains lots of immature eggs and in this procedure, this tissue is removed and then frozen. After a young woman has had cancer treatment, this tissue can be put back into the body to allow the eggs to develop. Tissue can be collected before and during cTkivo jaj\u010dnika, ki vsebuje [&hellip;]<\/p>\n","protected":false},"author":1,"featured_media":0,"parent":8335,"menu_order":0,"comment_status":"open","ping_status":"closed","template":"","meta":{"footnotes":""},"class_list":["post-8351","page","type-page","status-publish","hentry"],"_links":{"self":[{"href":"https:\/\/cancerfertilityandme.org.uk\/sl\/wp-json\/wp\/v2\/pages\/8351","targetHints":{"allow":["GET"]}}],"collection":[{"href":"https:\/\/cancerfertilityandme.org.uk\/sl\/wp-json\/wp\/v2\/pages"}],"about":[{"href":"https:\/\/cancerfertilityandme.org.uk\/sl\/wp-json\/wp\/v2\/types\/page"}],"author":[{"embeddable":true,"href":"https:\/\/cancerfertilityandme.org.uk\/sl\/wp-json\/wp\/v2\/users\/1"}],"replies":[{"embeddable":true,"href":"https:\/\/cancerfertilityandme.org.uk\/sl\/wp-json\/wp\/v2\/comments?post=8351"}],"version-history":[{"count":2,"href":"https:\/\/cancerfertilityandme.org.uk\/sl\/wp-json\/wp\/v2\/pages\/8351\/revisions"}],"predecessor-version":[{"id":10173,"href":"https:\/\/cancerfertilityandme.org.uk\/sl\/wp-json\/wp\/v2\/pages\/8351\/revisions\/10173"}],"up":[{"embeddable":true,"href":"https:\/\/cancerfertilityandme.org.uk\/sl\/wp-json\/wp\/v2\/pages\/8335"}],"wp:attachment":[{"href":"https:\/\/cancerfertilityandme.org.uk\/sl\/wp-json\/wp\/v2\/media?parent=8351"}],"curies":[{"name":"wp","href":"https:\/\/api.w.org\/{rel}","templated":true}]}}