{"id":8347,"date":"2023-04-06T17:07:14","date_gmt":"2023-04-06T17:07:14","guid":{"rendered":"https:\/\/cancerfertilityandme.org.uk\/ekipa-2\/"},"modified":"2026-03-27T15:22:37","modified_gmt":"2026-03-27T15:22:37","slug":"ekipa-2","status":"publish","type":"page","link":"https:\/\/cancerfertilityandme.org.uk\/sl\/mlade-zenske\/koristne-povezave-2\/ekipa-2\/","title":{"rendered":"Ekipa"},"content":{"rendered":"\t\t<div data-elementor-type=\"wp-page\" data-elementor-id=\"8347\" class=\"elementor elementor-8347 elementor-7825\" data-elementor-post-type=\"page\">\n\t\t\t\t<main class=\"elementor-element elementor-element-6e4df8a5 e-flex e-con-boxed e-con e-parent\" data-id=\"6e4df8a5\" data-element_type=\"container\" data-e-type=\"container\">\n\t\t\t\t\t<div class=\"e-con-inner\">\n\t\t<div class=\"elementor-element elementor-element-3796184 e-con-full e-flex e-con e-child\" data-id=\"3796184\" data-element_type=\"container\" data-e-type=\"container\">\n\t\t\t\t<div class=\"elementor-element elementor-element-681d3514 elementor-widget elementor-widget-text-editor\" data-id=\"681d3514\" data-element_type=\"widget\" data-e-type=\"widget\" data-widget_type=\"text-editor.default\">\n\t\t\t\t<div class=\"elementor-widget-container\">\n\t\t\t\t\t\t\t\t\t<h2>Ekipa<\/h2><p>\u017denske z rakom so prosile za informacije, ki bi jim pomagale razmisliti o zdravljenju, ki jim lahko pomaga pri ohranjanju njihove plodnosti, in jih pripravi na pogovor z ekipo za zdravljenje raka in skupino za ohranjanje plodnosti, partnerjem, dru\u017eino in prijatelji, pred za\u010detkom zdravljenje raka.<\/p><p>To spletno mesto je ustvarila skupina Cancer, Fertility and Me (CFM) , da bi \u017eenskam z rakom pomagala pri odlo\u010danju o vrsti ohranjanja plodnosti pred za\u010detkom zdravljenja raka.<\/p><p>Ekipo CFM sestavljajo psihologi, svetovalci za odlo\u010danje, raziskovalci, zdravniki, ki se ukvarjajo z rakom pri otrocih in odraslih ter plodnostjo, specializirane medicinske sestre, partnerji bolnic ter lokalni in nacionalni sodelavci dobrodelnih organizacij.<\/p><p>Upamo, da vam bo ta spletna stran v pomo\u010d pri seznanjanju z mo\u017enostmi, ki so vam na voljo pri sprejetju najbolj\u0161e odlo\u010ditve za vas.<\/p><p>Raziskovalna skupina CFM se zahvaljuje vsem bolnicam, skupinam uporabnikov in zdravstvenim delavcem, ki so namenili svoj \u010das in strokovno znanje za podporo pri razvoju tega spletnega mesta.<\/p>\t\t\t\t\t\t\t\t<\/div>\n\t\t\t\t<\/div>\n\t\t<div class=\"elementor-element elementor-element-7c70424 e-con-full e-flex e-con e-child\" data-id=\"7c70424\" data-element_type=\"container\" data-e-type=\"container\" data-settings=\"{&quot;background_background&quot;:&quot;classic&quot;}\">\n\t\t\t\t<div class=\"elementor-element elementor-element-c1ba87a elementor-widget elementor-widget-text-editor\" data-id=\"c1ba87a\" data-element_type=\"widget\" data-e-type=\"widget\" data-widget_type=\"text-editor.default\">\n\t\t\t\t<div class=\"elementor-widget-container\">\n\t\t\t\t\t\t\t\t\t<p><strong>Politika posodobitev<\/strong><\/p>\n<p>Razvoj tega vira sta financirali Leeds Beckett University in Yorkshire Cancer Research. \u010clani raziskovalne skupine CFM nimajo nobene koristi ali izgube glede uporabe tega vira. <\/p>\n<p>Vlo\u017eeni so bili vsi napori, da ta vir ob datumu objave (oktober 2021) zagotavlja posodobljene in to\u010dne informacije. Ekipa CFM bo nenehno pregledovala nove dokaze, da zagotovi natan\u010dnost predstavljenih informacij. Ekipa CFM si bo prizadevala vir posodabljati letno, razen \u010de novi dokazi zahtevajo zgodnej\u0161o posodobitev. Naslednja na\u010drtovana posodobitev je predvidena za december 2026.   <\/p>\t\t\t\t\t\t\t\t<\/div>\n\t\t\t\t<\/div>\n\t\t\t\t<\/div>\n\t\t\t\t<\/div>\n\t\t<div class=\"elementor-element elementor-element-313f5f1e e-con-full e-flex e-con e-child\" data-id=\"313f5f1e\" data-element_type=\"container\" data-e-type=\"container\">\n\t\t<div class=\"elementor-element elementor-element-424316e e-con-full e-flex e-con e-child\" data-id=\"424316e\" data-element_type=\"container\" data-e-type=\"container\">\n\t\t\t\t<div class=\"elementor-element elementor-element-28f6ca7b elementor-widget elementor-widget-image\" data-id=\"28f6ca7b\" data-element_type=\"widget\" data-e-type=\"widget\" data-widget_type=\"image.default\">\n\t\t\t\t<div class=\"elementor-widget-container\">\n\t\t\t\t\t\t\t\t\t\t\t\t\t\t\t\t<a href=\"http:\/\/.\/\">\n\t\t\t\t\t\t\t<img decoding=\"async\" width=\"200\" height=\"200\" src=\"https:\/\/cancerfertilityandme.org.uk\/wp-content\/uploads\/cancerfertilityandme-logo-header-young-women.png\" class=\"attachment-full size-full wp-image-332\" alt=\"\" srcset=\"https:\/\/cancerfertilityandme.org.uk\/wp-content\/uploads\/cancerfertilityandme-logo-header-young-women.png 200w, https:\/\/cancerfertilityandme.org.uk\/wp-content\/uploads\/cancerfertilityandme-logo-header-young-women-150x150.png 150w, https:\/\/cancerfertilityandme.org.uk\/wp-content\/uploads\/elementor\/thumbs\/cancerfertilityandme-logo-header-young-women-r4vfcv1ro149or8nkxzol3x986uodd6lq6no4gpb6w.png 100w\" sizes=\"(max-width: 200px) 100vw, 200px\" \/>\t\t\t\t\t\t\t\t<\/a>\n\t\t\t\t\t\t\t\t\t\t\t\t\t\t\t<\/div>\n\t\t\t\t<\/div>\n\t\t\t\t<\/div>\n\t\t<div class=\"elementor-element elementor-element-1ab6d1d9 e-con-full e-flex e-con e-child\" data-id=\"1ab6d1d9\" data-element_type=\"container\" data-e-type=\"container\">\n\t\t\t\t<div class=\"elementor-element elementor-element-18f86fa4 elementor-widget elementor-widget-heading\" data-id=\"18f86fa4\" data-element_type=\"widget\" data-e-type=\"widget\" data-widget_type=\"heading.default\">\n\t\t\t\t<div class=\"elementor-widget-container\">\n\t\t\t\t\t<h3 class=\"elementor-heading-title elementor-size-default\">Za ve\u010d informacij sledite tem povezavam<\/h3>\t\t\t\t<\/div>\n\t\t\t\t<\/div>\n\t\t\t\t<div class=\"elementor-element elementor-element-744a813f elementor-nav-menu--dropdown-none elementor-widget elementor-widget-nav-menu\" data-id=\"744a813f\" data-element_type=\"widget\" data-e-type=\"widget\" data-settings=\"{&quot;layout&quot;:&quot;vertical&quot;,&quot;submenu_icon&quot;:{&quot;value&quot;:&quot;&lt;svg aria-hidden=\\&quot;true\\&quot; class=\\&quot;e-font-icon-svg e-fas-caret-down\\&quot; viewBox=\\&quot;0 0 320 512\\&quot; xmlns=\\&quot;http:\\\/\\\/www.w3.org\\\/2000\\\/svg\\&quot;&gt;&lt;path d=\\&quot;M31.3 192h257.3c17.8 0 26.7 21.5 14.1 34.1L174.1 354.8c-7.8 7.8-20.5 7.8-28.3 0L17.2 226.1C4.6 213.5 13.5 192 31.3 192z\\&quot;&gt;&lt;\\\/path&gt;&lt;\\\/svg&gt;&quot;,&quot;library&quot;:&quot;fa-solid&quot;}}\" data-widget_type=\"nav-menu.default\">\n\t\t\t\t<div class=\"elementor-widget-container\">\n\t\t\t\t\t\t\t\t<nav aria-label=\"Menu\" class=\"elementor-nav-menu--main elementor-nav-menu__container elementor-nav-menu--layout-vertical e--pointer-none\">\n\t\t\t\t<ul id=\"menu-1-744a813f\" class=\"elementor-nav-menu sm-vertical\"><li class=\"menu-item menu-item-type-post_type menu-item-object-page menu-item-8527\"><a href=\"https:\/\/cancerfertilityandme.org.uk\/young-women\/other-information-and-contacts\/\" class=\"elementor-item\">Koristne povezave<\/a><\/li>\n<li class=\"menu-item menu-item-type-post_type menu-item-object-page menu-item-8528\"><a href=\"https:\/\/cancerfertilityandme.org.uk\/young-women\/other-information-and-contacts\/the-cfm-team\/\" class=\"elementor-item\">Ekipa<\/a><\/li>\n<li class=\"menu-item menu-item-type-post_type menu-item-object-page menu-item-8529\"><a href=\"https:\/\/cancerfertilityandme.org.uk\/young-women\/other-information-and-contacts\/download-the-booklet\/\" class=\"elementor-item\">Prenesite knji\u017eico CFM (v angle\u0161\u010dini)<\/a><\/li>\n<li class=\"menu-item menu-item-type-post_type menu-item-object-page menu-item-10566\"><a href=\"https:\/\/cancerfertilityandme.org.uk\/contact-us\/\" class=\"elementor-item\">Kontaktiraj nas<\/a><\/li>\n<\/ul>\t\t\t<\/nav>\n\t\t\t\t\t\t<nav class=\"elementor-nav-menu--dropdown elementor-nav-menu__container\" aria-hidden=\"true\">\n\t\t\t\t<ul id=\"menu-2-744a813f\" class=\"elementor-nav-menu sm-vertical\"><li class=\"menu-item menu-item-type-post_type menu-item-object-page menu-item-8527\"><a href=\"https:\/\/cancerfertilityandme.org.uk\/young-women\/other-information-and-contacts\/\" class=\"elementor-item\" tabindex=\"-1\">Koristne povezave<\/a><\/li>\n<li class=\"menu-item menu-item-type-post_type menu-item-object-page menu-item-8528\"><a href=\"https:\/\/cancerfertilityandme.org.uk\/young-women\/other-information-and-contacts\/the-cfm-team\/\" class=\"elementor-item\" tabindex=\"-1\">Ekipa<\/a><\/li>\n<li class=\"menu-item menu-item-type-post_type menu-item-object-page menu-item-8529\"><a href=\"https:\/\/cancerfertilityandme.org.uk\/young-women\/other-information-and-contacts\/download-the-booklet\/\" class=\"elementor-item\" tabindex=\"-1\">Prenesite knji\u017eico CFM (v angle\u0161\u010dini)<\/a><\/li>\n<li class=\"menu-item menu-item-type-post_type menu-item-object-page menu-item-10566\"><a href=\"https:\/\/cancerfertilityandme.org.uk\/contact-us\/\" class=\"elementor-item\" tabindex=\"-1\">Kontaktiraj nas<\/a><\/li>\n<\/ul>\t\t\t<\/nav>\n\t\t\t\t\t\t<\/div>\n\t\t\t\t<\/div>\n\t\t\t\t<\/div>\n\t\t\t\t<\/div>\n\t\t\t\t\t<\/div>\n\t\t\t\t<\/main>\n\t\t\t\t<\/div>\n\t\t","protected":false},"excerpt":{"rendered":"<p>Ekipa \u017denske z rakom so prosile za informacije, ki bi jim pomagale razmisliti o zdravljenju, ki jim lahko pomaga pri ohranjanju njihove plodnosti, in jih pripravi na pogovor z ekipo za zdravljenje raka in skupino za ohranjanje plodnosti, partnerjem, dru\u017eino in prijatelji, pred za\u010detkom zdravljenje raka. To spletno mesto je ustvarila skupina Cancer, Fertility and [&hellip;]<\/p>\n","protected":false},"author":1,"featured_media":0,"parent":8346,"menu_order":0,"comment_status":"open","ping_status":"closed","template":"","meta":{"footnotes":""},"class_list":["post-8347","page","type-page","status-publish","hentry"],"_links":{"self":[{"href":"https:\/\/cancerfertilityandme.org.uk\/sl\/wp-json\/wp\/v2\/pages\/8347","targetHints":{"allow":["GET"]}}],"collection":[{"href":"https:\/\/cancerfertilityandme.org.uk\/sl\/wp-json\/wp\/v2\/pages"}],"about":[{"href":"https:\/\/cancerfertilityandme.org.uk\/sl\/wp-json\/wp\/v2\/types\/page"}],"author":[{"embeddable":true,"href":"https:\/\/cancerfertilityandme.org.uk\/sl\/wp-json\/wp\/v2\/users\/1"}],"replies":[{"embeddable":true,"href":"https:\/\/cancerfertilityandme.org.uk\/sl\/wp-json\/wp\/v2\/comments?post=8347"}],"version-history":[{"count":3,"href":"https:\/\/cancerfertilityandme.org.uk\/sl\/wp-json\/wp\/v2\/pages\/8347\/revisions"}],"predecessor-version":[{"id":12621,"href":"https:\/\/cancerfertilityandme.org.uk\/sl\/wp-json\/wp\/v2\/pages\/8347\/revisions\/12621"}],"up":[{"embeddable":true,"href":"https:\/\/cancerfertilityandme.org.uk\/sl\/wp-json\/wp\/v2\/pages\/8346"}],"wp:attachment":[{"href":"https:\/\/cancerfertilityandme.org.uk\/sl\/wp-json\/wp\/v2\/media?parent=8347"}],"curies":[{"name":"wp","href":"https:\/\/api.w.org\/{rel}","templated":true}]}}