{"id":8345,"date":"2023-04-03T09:37:20","date_gmt":"2023-04-03T09:37:20","guid":{"rendered":"https:\/\/cancerfertilityandme.org.uk\/povzetek-moznosti\/"},"modified":"2026-02-05T17:10:03","modified_gmt":"2026-02-05T17:10:03","slug":"povzetek-moznosti","status":"publish","type":"page","link":"https:\/\/cancerfertilityandme.org.uk\/sl\/mlade-zenske\/o-ohranjanju-plodnosti\/povzetek-moznosti\/","title":{"rendered":"Povzetek mo\u017enosti"},"content":{"rendered":"\t\t<div data-elementor-type=\"wp-page\" data-elementor-id=\"8345\" class=\"elementor elementor-8345 elementor-7787\" data-elementor-post-type=\"page\">\n\t\t\t\t<main class=\"elementor-element elementor-element-bb6f8c8 e-flex e-con-boxed e-con e-parent\" data-id=\"bb6f8c8\" data-element_type=\"container\" data-e-type=\"container\">\n\t\t\t\t\t<div class=\"e-con-inner\">\n\t\t<div class=\"elementor-element elementor-element-31d7576f e-con-full e-flex e-con e-child\" data-id=\"31d7576f\" data-element_type=\"container\" data-e-type=\"container\">\n\t\t\t\t<div class=\"elementor-element elementor-element-71be500d elementor-widget elementor-widget-text-editor\" data-id=\"71be500d\" data-element_type=\"widget\" data-e-type=\"widget\" data-widget_type=\"text-editor.default\">\n\t\t\t\t<div class=\"elementor-widget-container\">\n\t\t\t\t\t\t\t\t\t<h2>Povzetek mo\u017enosti ohranjanja plodnosti<\/h2>\t\t\t\t\t\t\t\t<\/div>\n\t\t\t\t<\/div>\n\t\t<div class=\"elementor-element elementor-element-17242a8f e-con-full e-flex e-con e-child\" data-id=\"17242a8f\" data-element_type=\"container\" data-e-type=\"container\" data-settings=\"{&quot;background_background&quot;:&quot;classic&quot;}\">\n\t\t\t\t<div class=\"elementor-element elementor-element-7a624f47 elementor-widget elementor-widget-text-editor\" data-id=\"7a624f47\" data-element_type=\"widget\" data-e-type=\"widget\" data-widget_type=\"text-editor.default\">\n\t\t\t\t<div class=\"elementor-widget-container\">\n\t\t\t\t\t\t\t\t\t<h2 style=\"text-align: center;\">Brez ohranjanja plodnosti<\/h2><hr><p><strong>Komu je namenjeno?<\/strong><\/p><p>\u017denskam, ki \u017eelijo \u0161e po\u010dakati z odlo\u010ditvijo; ki so si \u017ee ustvarile dru\u017eino; morajo nemudoma za\u010deti z zdravljenjem raka; nimajo \u017eelje po zanositvi po zaklju\u010dku zdravljenja ; nimajo na voljo mo\u017enosti za ohranjanje plodnosti.<\/p><p><strong>Mo\u017enost, da boste imeli otroka<\/strong><\/p><p>Spremenljiva. Odvisno od tega, kako je zdravljenje raka vplivalo na va\u0161e jaj\u010dnike. <\/p><p><strong>Vpliv na zdravje otroka<\/strong><\/p><p>Ni vpliva.<\/p><p><strong>Neza\u017eeleni u\u010dinki zdravljenja neplodnosti<\/strong><\/p><p>Pri zdravljenju neplodnosti ni stranskih u\u010dinkov.<\/p><p><strong>Zamuda pri za\u010detku zdravljenja raka<\/strong><\/p><p>Brez zamude.<\/p><p><strong>Vpliv na vra\u010danje raka<\/strong><\/p><p>Ni vpliva.<\/p>\t\t\t\t\t\t\t\t<\/div>\n\t\t\t\t<\/div>\n\t\t\t\t<\/div>\n\t\t<div class=\"elementor-element elementor-element-1046368 e-con-full e-flex e-con e-child\" data-id=\"1046368\" data-element_type=\"container\" data-e-type=\"container\" data-settings=\"{&quot;background_background&quot;:&quot;classic&quot;}\">\n\t\t\t\t<div class=\"elementor-element elementor-element-8bc7445 elementor-widget elementor-widget-text-editor\" data-id=\"8bc7445\" data-element_type=\"widget\" data-e-type=\"widget\" data-widget_type=\"text-editor.default\">\n\t\t\t\t<div class=\"elementor-widget-container\">\n\t\t\t\t\t\t\t\t\t<h2 style=\"text-align: center;\">Zamrzovanje jaj\u010dec<\/h2><hr><p><strong>Komu je namenjeno?<\/strong><\/p><p>\u017denskam, ki nimajo partnerja; ne \u017eelijo uporabiti donirane sperme; se zaradi svojih prepri\u010danj ne odlo\u010dijo za zamrznitev zarodkov; imajo \u010das, da pred za\u010detkom zdravljenja raka opravijo cikel zdravljenja neplodnosti.<\/p><p><strong>Mo\u017enost, da boste imeli otroka<\/strong><\/p><p>Spremenljivka. \u017denske, mlaj\u0161e od 35 let, ki shranijo 10 jaj\u010dec, imajo pribli\u017eno 40-odstotno mo\u017enost, da bodo imele otroka.  Mo\u017enosti \u017eensk, starej\u0161ih od 35 let so slab\u0161e<\/p><p><strong>Vpliv na zdravje otroka<\/strong><\/p><p>Ni podatkov, ki bi kazali na to, da bo to vplivalo na zdravje otroka.<\/p><p><strong>Neza\u017eeleni u\u010dinki zdravljenja neplodnosti<\/strong><\/p><p>Glavoboli, spremembe razpolo\u017eenja, vro\u010dinski oblivi in dra\u017eenje ko\u017ee; povi\u0161anje ravni hormona estrogena (ni varno za \u017eenske, ki imajo na estrogen ob\u010dutljivega raka dojk); mo\u017enost oku\u017ebe ali krvavitve; po\u0161kodbe drugih medeni\u010dnih struktur (ni varno za \u017eenske z rakom medenici).<\/p><p><strong>Zamuda pri za\u010detku zdravljenja raka<\/strong><\/p><p>Pribli\u017eno tri tedne.<\/p><p><strong>Vpliv na vra\u010danje raka<\/strong><\/p><p>Ni podatkov, ki bi kazali, da to vpliva na mo\u017enost, da se rak vrne.<\/p>\t\t\t\t\t\t\t\t<\/div>\n\t\t\t\t<\/div>\n\t\t\t\t<\/div>\n\t\t<div class=\"elementor-element elementor-element-ccfa96b e-con-full e-flex e-con e-child\" data-id=\"ccfa96b\" data-element_type=\"container\" data-e-type=\"container\" data-settings=\"{&quot;background_background&quot;:&quot;classic&quot;}\">\n\t\t\t\t<div class=\"elementor-element elementor-element-d839781 elementor-widget elementor-widget-text-editor\" data-id=\"d839781\" data-element_type=\"widget\" data-e-type=\"widget\" data-widget_type=\"text-editor.default\">\n\t\t\t\t<div class=\"elementor-widget-container\">\n\t\t\t\t\t\t\t\t\t<h2 style=\"text-align: center;\">Zamrznitev zarodka<\/h2><hr><p><strong>Komu je namenjeno?<\/strong><\/p><p>\u017denskam, ki imajo \u010das, da pred za\u010detkom zdravljenja raka opravijo cikel zdravljenja neplodnosti; \u017eenske z mo\u0161kim partnerjem, saj sta za oploditev potrebna tako jaj\u010dece kot sperma.<\/p><p><strong>Mo\u017enost, da boste imeli otroka<\/strong><\/p><p>Spremenljivka. \u017denske, mlaj\u0161e od 35 let, ki shranijo 10 jaj\u010dec, imajo pribli\u017eno 50-odstotno mo\u017enost, da bodo imele otroka. Mo\u017enosti \u017eensk, starej\u0161ih od 35 let so slab\u0161e  Mo\u017enosti \u017eensk, starej\u0161ih od 35 let so slab\u0161e<\/p><p><strong>Vpliv na zdravje otroka<\/strong><\/p><p>Ni podatkov, ki bi kazali na to, da bo to vplivalo na zdravje otroka.<\/p><p><strong>Neza\u017eeleni u\u010dinki zdravljenja neplodnosti<\/strong><\/p><p>Glavoboli, spremembe razpolo\u017eenja, vro\u010dinski oblivi in dra\u017eenje ko\u017ee; povi\u0161anje ravni hormona estrogena (ni varno za \u017eenske, ki imajo na estrogen ob\u010dutljivega raka dojk); mo\u017enost oku\u017ebe ali krvavitve; po\u0161kodbe drugih medeni\u010dnih struktur (ni varno za \u017eenske z rakom medenici).<\/p><p><strong>Zamuda pri za\u010detku zdravljenja raka<\/strong><\/p><p>Pribli\u017eno tri tedne.<\/p><p><strong>Vpliv na vra\u010danje raka<\/strong><\/p><p>Ni podatkov, ki bi kazali, da to vpliva na mo\u017enost, da se rak vrne.<\/p>\t\t\t\t\t\t\t\t<\/div>\n\t\t\t\t<\/div>\n\t\t\t\t<\/div>\n\t\t<div class=\"elementor-element elementor-element-334a91e e-con-full e-flex e-con e-child\" data-id=\"334a91e\" data-element_type=\"container\" data-e-type=\"container\" data-settings=\"{&quot;background_background&quot;:&quot;classic&quot;}\">\n\t\t\t\t<div class=\"elementor-element elementor-element-e571999 elementor-widget elementor-widget-text-editor\" data-id=\"e571999\" data-element_type=\"widget\" data-e-type=\"widget\" data-widget_type=\"text-editor.default\">\n\t\t\t\t<div class=\"elementor-widget-container\">\n\t\t\t\t\t\t\t\t\t<h2 style=\"text-align: center;\">Zamrzovanje tkiva jaj\u010dnikov<\/h2><hr><p><strong>Komu je namenjeno?<\/strong><\/p><p>\u017denskam, ki nimajo \u010dasa za zamrznitev zarodkov ali jaj\u010dec; ki ne morejo uporabljati zdravil za neplodnost; ki imajo raje mo\u017enost poznej\u0161e naravne zanositve; dekleta, ki \u0161e niso dosegla pubertete<\/p><p><strong>Mo\u017enost, da boste imeli otroka<\/strong><\/p><p>Novej\u0161a metoda ohranjanja plodnosti. \u0160tevilo \u017eivorojenih otrok je po vsem svetu pribli\u017eno 25 od 100 (25 %). <\/p><p><strong>Vpliv na zdravje otroka<\/strong><\/p><p>Ni podatkov, ki bi kazali na to, da bo to vplivalo na zdravje otroka.<\/p><p><strong>Neza\u017eeleni u\u010dinki zdravljenja neplodnosti<\/strong><\/p><p>Vklju\u010duje operacijo, zato obstaja mo\u017enost po\u0161kodbe mehurja ali \u010drevesja; mo\u017enost oku\u017ebe ali krvavitve. Obstaja nevarnost, da tkivo vsebuje rakave celice. Pred uporabo tkiva ga bodo pregledali za rakave celice, zato ga morda ne bo mogo\u010de avtotransplantirati.  <\/p><p><strong>Zamuda pri za\u010detku zdravljenja raka<\/strong><\/p><p>Verjetno ga ni ali pa je le nekaj dni.<\/p><p><strong>Vpliv na vra\u010danje raka<\/strong><\/p><p>Ni podatkov, ki bi kazali, da to vpliva na mo\u017enost, da se rak vrne.<\/p>\t\t\t\t\t\t\t\t<\/div>\n\t\t\t\t<\/div>\n\t\t\t\t<\/div>\n\t\t<div class=\"elementor-element elementor-element-e4356e6 e-con-full e-flex e-con e-child\" data-id=\"e4356e6\" data-element_type=\"container\" data-e-type=\"container\" data-settings=\"{&quot;background_background&quot;:&quot;classic&quot;}\">\n\t\t\t\t<div class=\"elementor-element elementor-element-1142578 elementor-widget elementor-widget-text-editor\" data-id=\"1142578\" data-element_type=\"widget\" data-e-type=\"widget\" data-widget_type=\"text-editor.default\">\n\t\t\t\t<div class=\"elementor-widget-container\">\n\t\t\t\t\t\t\t\t\t<h2 style=\"text-align: center;\">Zatiranje jaj\u010dnikov<\/h2><hr><p><strong>Komu je namenjeno?<\/strong><\/p><p>\u017denskam, ki se zdravijo s kemoterapijo; dekletom, ki so dosegla puberteto.<\/p><p><strong>Mo\u017enost, da boste imeli otroka<\/strong><\/p><p>Ni jasno, ali ta metoda pove\u010duje verjetnost, da boste po zdravljenju lahko imeli otroka.<\/p><p><strong>Vpliv na zdravje otroka<\/strong><\/p><p>Ni podatkov, ki bi kazali na to, da bo to vplivalo na zdravje otroka.<\/p><p><strong>Neza\u017eeleni u\u010dinki zdravljenja neplodnosti<\/strong><\/p><p>Vro\u010dinski oblivi; spremembe razpolo\u017eenja; te\u017eave s spanjem; suhost no\u017enice.<\/p><p><strong>Zamuda pri za\u010detku zdravljenja raka<\/strong><\/p><p>Brez zamude.<\/p><p><strong>Vpliv na vra\u010danje raka<\/strong><\/p><p>Ni vpliva.<\/p>\t\t\t\t\t\t\t\t<\/div>\n\t\t\t\t<\/div>\n\t\t\t\t<\/div>\n\t\t\t\t<\/div>\n\t\t<div class=\"elementor-element elementor-element-c66c18e e-con-full e-flex e-con e-child\" data-id=\"c66c18e\" data-element_type=\"container\" data-e-type=\"container\">\n\t\t<div class=\"elementor-element elementor-element-55ee779d e-con-full e-flex e-con e-child\" data-id=\"55ee779d\" data-element_type=\"container\" data-e-type=\"container\">\n\t\t\t\t<div class=\"elementor-element elementor-element-3513e626 elementor-widget elementor-widget-image\" data-id=\"3513e626\" data-element_type=\"widget\" data-e-type=\"widget\" data-widget_type=\"image.default\">\n\t\t\t\t<div class=\"elementor-widget-container\">\n\t\t\t\t\t\t\t\t\t\t\t\t\t\t\t\t<a href=\"http:\/\/.\/\">\n\t\t\t\t\t\t\t<img decoding=\"async\" width=\"200\" height=\"200\" src=\"https:\/\/cancerfertilityandme.org.uk\/wp-content\/uploads\/cancerfertilityandme-logo-header-young-women.png\" class=\"attachment-full size-full wp-image-332\" alt=\"\" srcset=\"https:\/\/cancerfertilityandme.org.uk\/wp-content\/uploads\/cancerfertilityandme-logo-header-young-women.png 200w, https:\/\/cancerfertilityandme.org.uk\/wp-content\/uploads\/cancerfertilityandme-logo-header-young-women-150x150.png 150w, https:\/\/cancerfertilityandme.org.uk\/wp-content\/uploads\/elementor\/thumbs\/cancerfertilityandme-logo-header-young-women-r4vfcv1ro149or8nkxzol3x986uodd6lq6no4gpb6w.png 100w\" sizes=\"(max-width: 200px) 100vw, 200px\" \/>\t\t\t\t\t\t\t\t<\/a>\n\t\t\t\t\t\t\t\t\t\t\t\t\t\t\t<\/div>\n\t\t\t\t<\/div>\n\t\t\t\t<\/div>\n\t\t<div class=\"elementor-element elementor-element-320573dd e-con-full e-flex e-con e-child\" data-id=\"320573dd\" data-element_type=\"container\" data-e-type=\"container\">\n\t\t\t\t<div class=\"elementor-element elementor-element-26768a1 elementor-widget elementor-widget-heading\" data-id=\"26768a1\" data-element_type=\"widget\" data-e-type=\"widget\" data-widget_type=\"heading.default\">\n\t\t\t\t<div class=\"elementor-widget-container\">\n\t\t\t\t\t<h3 class=\"elementor-heading-title elementor-size-default\">Za ve\u010d informacij sledite tem povezavam<\/h3>\t\t\t\t<\/div>\n\t\t\t\t<\/div>\n\t\t\t\t<div class=\"elementor-element elementor-element-56064d83 elementor-nav-menu--dropdown-none elementor-widget elementor-widget-nav-menu\" data-id=\"56064d83\" data-element_type=\"widget\" data-e-type=\"widget\" data-settings=\"{&quot;layout&quot;:&quot;vertical&quot;,&quot;submenu_icon&quot;:{&quot;value&quot;:&quot;&lt;svg aria-hidden=\\&quot;true\\&quot; class=\\&quot;e-font-icon-svg e-fas-caret-down\\&quot; viewBox=\\&quot;0 0 320 512\\&quot; xmlns=\\&quot;http:\\\/\\\/www.w3.org\\\/2000\\\/svg\\&quot;&gt;&lt;path d=\\&quot;M31.3 192h257.3c17.8 0 26.7 21.5 14.1 34.1L174.1 354.8c-7.8 7.8-20.5 7.8-28.3 0L17.2 226.1C4.6 213.5 13.5 192 31.3 192z\\&quot;&gt;&lt;\\\/path&gt;&lt;\\\/svg&gt;&quot;,&quot;library&quot;:&quot;fa-solid&quot;}}\" data-widget_type=\"nav-menu.default\">\n\t\t\t\t<div class=\"elementor-widget-container\">\n\t\t\t\t\t\t\t\t<nav aria-label=\"Menu\" class=\"elementor-nav-menu--main elementor-nav-menu__container elementor-nav-menu--layout-vertical e--pointer-none\">\n\t\t\t\t<ul id=\"menu-1-56064d83\" class=\"elementor-nav-menu sm-vertical\"><li class=\"menu-item menu-item-type-post_type menu-item-object-page menu-item-8511\"><a href=\"https:\/\/cancerfertilityandme.org.uk\/young-women\/fertility-preservation\/\" class=\"elementor-item\">O ohranjanju plodnosti<\/a><\/li>\n<li class=\"menu-item menu-item-type-post_type menu-item-object-page menu-item-8514\"><a href=\"https:\/\/cancerfertilityandme.org.uk\/young-women\/fertility-preservation\/no-fertility-preservation\/\" class=\"elementor-item\">Brez ohranjanja plodnosti<\/a><\/li>\n<li class=\"menu-item menu-item-type-post_type menu-item-object-page menu-item-8512\"><a href=\"https:\/\/cancerfertilityandme.org.uk\/young-women\/fertility-preservation\/egg-freezing\/\" class=\"elementor-item\">Zamrzovanje jaj\u010dec<\/a><\/li>\n<li class=\"menu-item menu-item-type-post_type menu-item-object-page menu-item-8513\"><a href=\"https:\/\/cancerfertilityandme.org.uk\/young-women\/fertility-preservation\/embryo-freezing\/\" class=\"elementor-item\">Zamrzovanje zarodkov<\/a><\/li>\n<li class=\"menu-item menu-item-type-post_type menu-item-object-page menu-item-8518\"><a href=\"https:\/\/cancerfertilityandme.org.uk\/young-women\/fertility-preservation\/ovarian-tissue-freezing\/\" class=\"elementor-item\">Zamrzovanje tkiva jaj\u010dnikov<\/a><\/li>\n<li class=\"menu-item menu-item-type-post_type menu-item-object-page menu-item-8515\"><a href=\"https:\/\/cancerfertilityandme.org.uk\/young-women\/fertility-preservation\/ovarian-suppression\/\" class=\"elementor-item\">Zatiranje jaj\u010dnikov<\/a><\/li>\n<li class=\"menu-item menu-item-type-post_type menu-item-object-page menu-item-8519\"><a href=\"https:\/\/cancerfertilityandme.org.uk\/young-women\/fertility-preservation\/fertility-sparing-procedures\/\" class=\"elementor-item\">Postopki za ohranitev plodnosti, zna\u010dilni za nekatere vrste raka<\/a><\/li>\n<li class=\"menu-item menu-item-type-post_type menu-item-object-page menu-item-8520\"><a href=\"https:\/\/cancerfertilityandme.org.uk\/young-women\/fertility-preservation\/financial-costs\/\" class=\"elementor-item\">Finan\u010dni stro\u0161ki<\/a><\/li>\n<li class=\"menu-item menu-item-type-post_type menu-item-object-page menu-item-8521\"><a href=\"https:\/\/cancerfertilityandme.org.uk\/young-women\/fertility-preservation\/summary-of-options\/\" class=\"elementor-item\">Povzetek mo\u017enosti<\/a><\/li>\n<li class=\"menu-item menu-item-type-post_type menu-item-object-page menu-item-8522\"><a href=\"https:\/\/cancerfertilityandme.org.uk\/young-women\/fertility-preservation\/questions-to-ask-about-fertility-preservation\/\" class=\"elementor-item\">Vpra\u0161anja, ki jih zastavite svoji ekipi za zdravljenje raka in za ohranjanje plodnosti<\/a><\/li>\n<\/ul>\t\t\t<\/nav>\n\t\t\t\t\t\t<nav class=\"elementor-nav-menu--dropdown elementor-nav-menu__container\" aria-hidden=\"true\">\n\t\t\t\t<ul id=\"menu-2-56064d83\" class=\"elementor-nav-menu sm-vertical\"><li class=\"menu-item menu-item-type-post_type menu-item-object-page menu-item-8511\"><a href=\"https:\/\/cancerfertilityandme.org.uk\/young-women\/fertility-preservation\/\" class=\"elementor-item\" tabindex=\"-1\">O ohranjanju plodnosti<\/a><\/li>\n<li class=\"menu-item menu-item-type-post_type menu-item-object-page menu-item-8514\"><a href=\"https:\/\/cancerfertilityandme.org.uk\/young-women\/fertility-preservation\/no-fertility-preservation\/\" class=\"elementor-item\" tabindex=\"-1\">Brez ohranjanja plodnosti<\/a><\/li>\n<li class=\"menu-item menu-item-type-post_type menu-item-object-page menu-item-8512\"><a href=\"https:\/\/cancerfertilityandme.org.uk\/young-women\/fertility-preservation\/egg-freezing\/\" class=\"elementor-item\" tabindex=\"-1\">Zamrzovanje jaj\u010dec<\/a><\/li>\n<li class=\"menu-item menu-item-type-post_type menu-item-object-page menu-item-8513\"><a href=\"https:\/\/cancerfertilityandme.org.uk\/young-women\/fertility-preservation\/embryo-freezing\/\" class=\"elementor-item\" tabindex=\"-1\">Zamrzovanje zarodkov<\/a><\/li>\n<li class=\"menu-item menu-item-type-post_type menu-item-object-page menu-item-8518\"><a href=\"https:\/\/cancerfertilityandme.org.uk\/young-women\/fertility-preservation\/ovarian-tissue-freezing\/\" class=\"elementor-item\" tabindex=\"-1\">Zamrzovanje tkiva jaj\u010dnikov<\/a><\/li>\n<li class=\"menu-item menu-item-type-post_type menu-item-object-page menu-item-8515\"><a href=\"https:\/\/cancerfertilityandme.org.uk\/young-women\/fertility-preservation\/ovarian-suppression\/\" class=\"elementor-item\" tabindex=\"-1\">Zatiranje jaj\u010dnikov<\/a><\/li>\n<li class=\"menu-item menu-item-type-post_type menu-item-object-page menu-item-8519\"><a href=\"https:\/\/cancerfertilityandme.org.uk\/young-women\/fertility-preservation\/fertility-sparing-procedures\/\" class=\"elementor-item\" tabindex=\"-1\">Postopki za ohranitev plodnosti, zna\u010dilni za nekatere vrste raka<\/a><\/li>\n<li class=\"menu-item menu-item-type-post_type menu-item-object-page menu-item-8520\"><a href=\"https:\/\/cancerfertilityandme.org.uk\/young-women\/fertility-preservation\/financial-costs\/\" class=\"elementor-item\" tabindex=\"-1\">Finan\u010dni stro\u0161ki<\/a><\/li>\n<li class=\"menu-item menu-item-type-post_type menu-item-object-page menu-item-8521\"><a href=\"https:\/\/cancerfertilityandme.org.uk\/young-women\/fertility-preservation\/summary-of-options\/\" class=\"elementor-item\" tabindex=\"-1\">Povzetek mo\u017enosti<\/a><\/li>\n<li class=\"menu-item menu-item-type-post_type menu-item-object-page menu-item-8522\"><a href=\"https:\/\/cancerfertilityandme.org.uk\/young-women\/fertility-preservation\/questions-to-ask-about-fertility-preservation\/\" class=\"elementor-item\" tabindex=\"-1\">Vpra\u0161anja, ki jih zastavite svoji ekipi za zdravljenje raka in za ohranjanje plodnosti<\/a><\/li>\n<\/ul>\t\t\t<\/nav>\n\t\t\t\t\t\t<\/div>\n\t\t\t\t<\/div>\n\t\t\t\t<\/div>\n\t\t\t\t<\/div>\n\t\t\t\t\t<\/div>\n\t\t\t\t<\/main>\n\t\t\t\t<\/div>\n\t\t","protected":false},"excerpt":{"rendered":"<p>Povzetek mo\u017enosti ohranjanja plodnosti Brez ohranjanja plodnosti Komu je namenjeno? \u017denskam, ki \u017eelijo \u0161e po\u010dakati z odlo\u010ditvijo; ki so si \u017ee ustvarile dru\u017eino; morajo nemudoma za\u010deti z zdravljenjem raka; nimajo \u017eelje po zanositvi po zaklju\u010dku zdravljenja ; nimajo na voljo mo\u017enosti za ohranjanje plodnosti. Mo\u017enost, da boste imeli otroka Spremenljiva. Odvisno od tega, kako je [&hellip;]<\/p>\n","protected":false},"author":1,"featured_media":0,"parent":8335,"menu_order":0,"comment_status":"open","ping_status":"closed","template":"","meta":{"footnotes":""},"class_list":["post-8345","page","type-page","status-publish","hentry"],"_links":{"self":[{"href":"https:\/\/cancerfertilityandme.org.uk\/sl\/wp-json\/wp\/v2\/pages\/8345","targetHints":{"allow":["GET"]}}],"collection":[{"href":"https:\/\/cancerfertilityandme.org.uk\/sl\/wp-json\/wp\/v2\/pages"}],"about":[{"href":"https:\/\/cancerfertilityandme.org.uk\/sl\/wp-json\/wp\/v2\/types\/page"}],"author":[{"embeddable":true,"href":"https:\/\/cancerfertilityandme.org.uk\/sl\/wp-json\/wp\/v2\/users\/1"}],"replies":[{"embeddable":true,"href":"https:\/\/cancerfertilityandme.org.uk\/sl\/wp-json\/wp\/v2\/comments?post=8345"}],"version-history":[{"count":2,"href":"https:\/\/cancerfertilityandme.org.uk\/sl\/wp-json\/wp\/v2\/pages\/8345\/revisions"}],"predecessor-version":[{"id":10225,"href":"https:\/\/cancerfertilityandme.org.uk\/sl\/wp-json\/wp\/v2\/pages\/8345\/revisions\/10225"}],"up":[{"embeddable":true,"href":"https:\/\/cancerfertilityandme.org.uk\/sl\/wp-json\/wp\/v2\/pages\/8335"}],"wp:attachment":[{"href":"https:\/\/cancerfertilityandme.org.uk\/sl\/wp-json\/wp\/v2\/media?parent=8345"}],"curies":[{"name":"wp","href":"https:\/\/api.w.org\/{rel}","templated":true}]}}