{"id":8340,"date":"2023-04-02T16:31:08","date_gmt":"2023-04-02T16:31:08","guid":{"rendered":"https:\/\/cancerfertilityandme.org.uk\/postopki-za-ohranitev-plodnosti-znacilni-za-nekatere-vrste-raka\/"},"modified":"2026-02-03T12:48:45","modified_gmt":"2026-02-03T12:48:45","slug":"postopki-za-ohranitev-plodnosti-znacilni-za-nekatere-vrste-raka","status":"publish","type":"page","link":"https:\/\/cancerfertilityandme.org.uk\/sl\/mlade-zenske\/o-ohranjanju-plodnosti\/postopki-za-ohranitev-plodnosti-znacilni-za-nekatere-vrste-raka\/","title":{"rendered":"Postopki za ohranitev plodnosti, zna\u010dilni za nekatere vrste raka"},"content":{"rendered":"\t\t<div data-elementor-type=\"wp-page\" data-elementor-id=\"8340\" class=\"elementor elementor-8340 elementor-7759\" data-elementor-post-type=\"page\">\n\t\t\t\t<main class=\"elementor-element elementor-element-7ee869af e-flex e-con-boxed e-con e-parent\" data-id=\"7ee869af\" data-element_type=\"container\" data-e-type=\"container\">\n\t\t\t\t\t<div class=\"e-con-inner\">\n\t\t<div class=\"elementor-element elementor-element-4b7d4066 e-con-full e-flex e-con e-child\" data-id=\"4b7d4066\" data-element_type=\"container\" data-e-type=\"container\">\n\t\t\t\t<div class=\"elementor-element elementor-element-2e20a840 elementor-widget elementor-widget-text-editor\" data-id=\"2e20a840\" data-element_type=\"widget\" data-e-type=\"widget\" data-widget_type=\"text-editor.default\">\n\t\t\t\t<div class=\"elementor-widget-container\">\n\t\t\t\t\t\t\t\t\t<h2>Postopki za ohranitev plodnosti, zna\u010dilni za nekatere vrste raka<\/h2><p><strong>\u010ce so vam odkrili rak materni\u010dnega vratu ali se zdravite z radioterapijo v predelu medenice, so poleg mo\u017enosti ohranjanja plodnosti, opisanih na prej\u0161njih straneh, morda na voljo tudi posebni postopki za ohranjanja plodnosti. Ekipa za zdravljenje raka se z \u017eenskami pogovori o teh postopkih za ohranitev plodnosti, ki postanejo del zdravljenja raka. <\/strong><\/p><p><strong>Trahelektomija<\/strong><\/p><p>Trahelektomija je kirur\u0161ki poseg s katerim se odstrani rak na materni\u010dnem vratu. Odstranijo se materni\u010dni vrat, zgornji del no\u017enice in limfne \u017eleze v medenici. Maternica ostane na mestu. <\/p><p>Ta postopek se lahko uporabi, \u010de vam je bil diagnosticiran rak materni\u010dnega vratu v zgodnjem stadiju. Neza\u017eeleni u\u010dinki lahko vklju\u010dujejo krvavitve in oku\u017ebe, ter krvne strdke v \u017eilah (tromboza). Mo\u017eni neza\u017eeleni u\u010dinki kirur\u0161kega posega so lahko rez v \u010drevesje ali mehur, ki povzro\u010di nadaljnje te\u017eave z mehurjem, in z menstruacijo. Kirur\u0161ki poseg vzame zgolj en dan in tako ne povzro\u010di odlaganj pri zdravljenja raka.   <\/p><p>Trahelektomija \u017eenskam z zgodnjim rakom materni\u010dnega vratu omogo\u010da, da po zdravljenju raka dobijo otroka. Pri \u017eenskah, ki zanosijo po operaciji, obstaja mo\u017enost spontanega splava in prezgodnjega poroda. Pri porodu bo treba uporabiti carski rez . \u0160tudije so pokazale, da trahelektomija ne vpliva na mo\u017enost ponovnega pojava raka.   <\/p><p><strong>Transpozicija jaj\u010dnikov<\/strong><\/p><p>Transpozicija jaj\u010dnikov je kirur\u0161ki poseg, pri katerem se jaj\u010dniki premaknejo stran od polja radioterapevtskega zdravljenja. To je lahko mo\u017enost, \u010de prejemate radioterapevtsko zdravljenje medenice. <\/p><p>Neza\u017eeleni u\u010dinki lahko vklju\u010dujejo po\u0161kodbe notranjih organov. Kirur\u0161ki poseg vzame zgolj en dan in tako ne povzro\u010di odlaganj pri zdravljenju raka. Verjetnost, da bo transpozicija jaj\u010dnikov pomagala \u017eenski imeti otroka, po zaklju\u010denem zdravljenju raka, ni znana. \u0160tudije so pokazale, da presaditev jaj\u010dnikov ne vpliva na mo\u017enost ponovnega pojava raka. Ne \u0161\u010diti jaj\u010dnikov pred u\u010dinki kemoterapije.    <\/p><p><strong>Za\u0161\u010dita jaj\u010dnikov<\/strong><\/p><p>Za\u0161\u010dita jaj\u010dnikov deluje tako, da \u0161\u010diti jaj\u010dnike med zdravljenjem z radioterapijo. To je lahko mo\u017enost, \u010de prejemate radioterapevtsko zdravljenje medenice. Med zdravljenjem z obsevanjem vam na zunanjo stran telesa, nad obmo\u010dje jaj\u010dnikov, namestijo za\u0161\u010ditni pokrov.  <\/p><p>Takoj po obsevanju boste lahko od\u0161le domov. Za\u0161\u010dita ne zadr\u017ei zdravljenja raka. \u010ceprav vam bo to morda ponujeno, podatki ka\u017eejo, da za\u0161\u010dita jaj\u010dnikov med radioterapevtskim zdravljenjem slabo \u0161\u010diti jaj\u010dnike.  <\/p><p>Ni znano ali boste po zdravljenju raka lahko imele otroka. Ni \u0161e znano, ali za\u0161\u010dita jaj\u010dnikov vpliva na mo\u017enost rasti ali ponovnega pojava raka. Ne \u0161\u010diti jaj\u010dnikov pred u\u010dinki kemoterapije.  <\/p>\t\t\t\t\t\t\t\t<\/div>\n\t\t\t\t<\/div>\n\t\t\t\t<\/div>\n\t\t<div class=\"elementor-element elementor-element-621436b2 e-con-full e-flex e-con e-child\" data-id=\"621436b2\" data-element_type=\"container\" data-e-type=\"container\">\n\t\t<div class=\"elementor-element elementor-element-7f887a8d e-con-full e-flex e-con e-child\" data-id=\"7f887a8d\" data-element_type=\"container\" data-e-type=\"container\">\n\t\t\t\t<div class=\"elementor-element elementor-element-386f9261 elementor-widget elementor-widget-image\" data-id=\"386f9261\" data-element_type=\"widget\" data-e-type=\"widget\" data-widget_type=\"image.default\">\n\t\t\t\t<div class=\"elementor-widget-container\">\n\t\t\t\t\t\t\t\t\t\t\t\t\t\t\t\t<a href=\"http:\/\/.\/\">\n\t\t\t\t\t\t\t<img decoding=\"async\" width=\"200\" height=\"200\" src=\"https:\/\/cancerfertilityandme.org.uk\/wp-content\/uploads\/cancerfertilityandme-logo-header-young-women.png\" class=\"attachment-full size-full wp-image-332\" alt=\"\" srcset=\"https:\/\/cancerfertilityandme.org.uk\/wp-content\/uploads\/cancerfertilityandme-logo-header-young-women.png 200w, https:\/\/cancerfertilityandme.org.uk\/wp-content\/uploads\/cancerfertilityandme-logo-header-young-women-150x150.png 150w, https:\/\/cancerfertilityandme.org.uk\/wp-content\/uploads\/elementor\/thumbs\/cancerfertilityandme-logo-header-young-women-r4vfcv1ro149or8nkxzol3x986uodd6lq6no4gpb6w.png 100w\" sizes=\"(max-width: 200px) 100vw, 200px\" \/>\t\t\t\t\t\t\t\t<\/a>\n\t\t\t\t\t\t\t\t\t\t\t\t\t\t\t<\/div>\n\t\t\t\t<\/div>\n\t\t\t\t<\/div>\n\t\t<div class=\"elementor-element elementor-element-61a813ad e-con-full e-flex e-con e-child\" data-id=\"61a813ad\" data-element_type=\"container\" data-e-type=\"container\">\n\t\t\t\t<div class=\"elementor-element elementor-element-46390266 elementor-widget elementor-widget-heading\" data-id=\"46390266\" data-element_type=\"widget\" data-e-type=\"widget\" data-widget_type=\"heading.default\">\n\t\t\t\t<div class=\"elementor-widget-container\">\n\t\t\t\t\t<h3 class=\"elementor-heading-title elementor-size-default\">Za ve\u010d informacij sledite tem povezavam<\/h3>\t\t\t\t<\/div>\n\t\t\t\t<\/div>\n\t\t\t\t<div class=\"elementor-element elementor-element-54ac4883 elementor-nav-menu--dropdown-none elementor-widget elementor-widget-nav-menu\" data-id=\"54ac4883\" data-element_type=\"widget\" data-e-type=\"widget\" data-settings=\"{&quot;layout&quot;:&quot;vertical&quot;,&quot;submenu_icon&quot;:{&quot;value&quot;:&quot;&lt;svg aria-hidden=\\&quot;true\\&quot; class=\\&quot;e-font-icon-svg e-fas-caret-down\\&quot; viewBox=\\&quot;0 0 320 512\\&quot; xmlns=\\&quot;http:\\\/\\\/www.w3.org\\\/2000\\\/svg\\&quot;&gt;&lt;path d=\\&quot;M31.3 192h257.3c17.8 0 26.7 21.5 14.1 34.1L174.1 354.8c-7.8 7.8-20.5 7.8-28.3 0L17.2 226.1C4.6 213.5 13.5 192 31.3 192z\\&quot;&gt;&lt;\\\/path&gt;&lt;\\\/svg&gt;&quot;,&quot;library&quot;:&quot;fa-solid&quot;}}\" data-widget_type=\"nav-menu.default\">\n\t\t\t\t<div class=\"elementor-widget-container\">\n\t\t\t\t\t\t\t\t<nav aria-label=\"Menu\" class=\"elementor-nav-menu--main elementor-nav-menu__container elementor-nav-menu--layout-vertical e--pointer-none\">\n\t\t\t\t<ul id=\"menu-1-54ac4883\" class=\"elementor-nav-menu sm-vertical\"><li class=\"menu-item menu-item-type-post_type menu-item-object-page menu-item-8511\"><a href=\"https:\/\/cancerfertilityandme.org.uk\/young-women\/fertility-preservation\/\" class=\"elementor-item\">O ohranjanju plodnosti<\/a><\/li>\n<li class=\"menu-item menu-item-type-post_type menu-item-object-page menu-item-8514\"><a href=\"https:\/\/cancerfertilityandme.org.uk\/young-women\/fertility-preservation\/no-fertility-preservation\/\" class=\"elementor-item\">Brez ohranjanja plodnosti<\/a><\/li>\n<li class=\"menu-item menu-item-type-post_type menu-item-object-page menu-item-8512\"><a href=\"https:\/\/cancerfertilityandme.org.uk\/young-women\/fertility-preservation\/egg-freezing\/\" class=\"elementor-item\">Zamrzovanje jaj\u010dec<\/a><\/li>\n<li class=\"menu-item menu-item-type-post_type menu-item-object-page menu-item-8513\"><a href=\"https:\/\/cancerfertilityandme.org.uk\/young-women\/fertility-preservation\/embryo-freezing\/\" class=\"elementor-item\">Zamrzovanje zarodkov<\/a><\/li>\n<li class=\"menu-item menu-item-type-post_type menu-item-object-page menu-item-8518\"><a href=\"https:\/\/cancerfertilityandme.org.uk\/young-women\/fertility-preservation\/ovarian-tissue-freezing\/\" class=\"elementor-item\">Zamrzovanje tkiva jaj\u010dnikov<\/a><\/li>\n<li class=\"menu-item menu-item-type-post_type menu-item-object-page menu-item-8515\"><a href=\"https:\/\/cancerfertilityandme.org.uk\/young-women\/fertility-preservation\/ovarian-suppression\/\" class=\"elementor-item\">Zatiranje jaj\u010dnikov<\/a><\/li>\n<li class=\"menu-item menu-item-type-post_type menu-item-object-page menu-item-8519\"><a href=\"https:\/\/cancerfertilityandme.org.uk\/young-women\/fertility-preservation\/fertility-sparing-procedures\/\" class=\"elementor-item\">Postopki za ohranitev plodnosti, zna\u010dilni za nekatere vrste raka<\/a><\/li>\n<li class=\"menu-item menu-item-type-post_type menu-item-object-page menu-item-8520\"><a href=\"https:\/\/cancerfertilityandme.org.uk\/young-women\/fertility-preservation\/financial-costs\/\" class=\"elementor-item\">Finan\u010dni stro\u0161ki<\/a><\/li>\n<li class=\"menu-item menu-item-type-post_type menu-item-object-page menu-item-8521\"><a href=\"https:\/\/cancerfertilityandme.org.uk\/young-women\/fertility-preservation\/summary-of-options\/\" class=\"elementor-item\">Povzetek mo\u017enosti<\/a><\/li>\n<li class=\"menu-item menu-item-type-post_type menu-item-object-page menu-item-8522\"><a href=\"https:\/\/cancerfertilityandme.org.uk\/young-women\/fertility-preservation\/questions-to-ask-about-fertility-preservation\/\" class=\"elementor-item\">Vpra\u0161anja, ki jih zastavite svoji ekipi za zdravljenje raka in za ohranjanje plodnosti<\/a><\/li>\n<\/ul>\t\t\t<\/nav>\n\t\t\t\t\t\t<nav class=\"elementor-nav-menu--dropdown elementor-nav-menu__container\" aria-hidden=\"true\">\n\t\t\t\t<ul id=\"menu-2-54ac4883\" class=\"elementor-nav-menu sm-vertical\"><li class=\"menu-item menu-item-type-post_type menu-item-object-page menu-item-8511\"><a href=\"https:\/\/cancerfertilityandme.org.uk\/young-women\/fertility-preservation\/\" class=\"elementor-item\" tabindex=\"-1\">O ohranjanju plodnosti<\/a><\/li>\n<li class=\"menu-item menu-item-type-post_type menu-item-object-page menu-item-8514\"><a href=\"https:\/\/cancerfertilityandme.org.uk\/young-women\/fertility-preservation\/no-fertility-preservation\/\" class=\"elementor-item\" tabindex=\"-1\">Brez ohranjanja plodnosti<\/a><\/li>\n<li class=\"menu-item menu-item-type-post_type menu-item-object-page menu-item-8512\"><a href=\"https:\/\/cancerfertilityandme.org.uk\/young-women\/fertility-preservation\/egg-freezing\/\" class=\"elementor-item\" tabindex=\"-1\">Zamrzovanje jaj\u010dec<\/a><\/li>\n<li class=\"menu-item menu-item-type-post_type menu-item-object-page menu-item-8513\"><a href=\"https:\/\/cancerfertilityandme.org.uk\/young-women\/fertility-preservation\/embryo-freezing\/\" class=\"elementor-item\" tabindex=\"-1\">Zamrzovanje zarodkov<\/a><\/li>\n<li class=\"menu-item menu-item-type-post_type menu-item-object-page menu-item-8518\"><a href=\"https:\/\/cancerfertilityandme.org.uk\/young-women\/fertility-preservation\/ovarian-tissue-freezing\/\" class=\"elementor-item\" tabindex=\"-1\">Zamrzovanje tkiva jaj\u010dnikov<\/a><\/li>\n<li class=\"menu-item menu-item-type-post_type menu-item-object-page menu-item-8515\"><a href=\"https:\/\/cancerfertilityandme.org.uk\/young-women\/fertility-preservation\/ovarian-suppression\/\" class=\"elementor-item\" tabindex=\"-1\">Zatiranje jaj\u010dnikov<\/a><\/li>\n<li class=\"menu-item menu-item-type-post_type menu-item-object-page menu-item-8519\"><a href=\"https:\/\/cancerfertilityandme.org.uk\/young-women\/fertility-preservation\/fertility-sparing-procedures\/\" class=\"elementor-item\" tabindex=\"-1\">Postopki za ohranitev plodnosti, zna\u010dilni za nekatere vrste raka<\/a><\/li>\n<li class=\"menu-item menu-item-type-post_type menu-item-object-page menu-item-8520\"><a href=\"https:\/\/cancerfertilityandme.org.uk\/young-women\/fertility-preservation\/financial-costs\/\" class=\"elementor-item\" tabindex=\"-1\">Finan\u010dni stro\u0161ki<\/a><\/li>\n<li class=\"menu-item menu-item-type-post_type menu-item-object-page menu-item-8521\"><a href=\"https:\/\/cancerfertilityandme.org.uk\/young-women\/fertility-preservation\/summary-of-options\/\" class=\"elementor-item\" tabindex=\"-1\">Povzetek mo\u017enosti<\/a><\/li>\n<li class=\"menu-item menu-item-type-post_type menu-item-object-page menu-item-8522\"><a href=\"https:\/\/cancerfertilityandme.org.uk\/young-women\/fertility-preservation\/questions-to-ask-about-fertility-preservation\/\" class=\"elementor-item\" tabindex=\"-1\">Vpra\u0161anja, ki jih zastavite svoji ekipi za zdravljenje raka in za ohranjanje plodnosti<\/a><\/li>\n<\/ul>\t\t\t<\/nav>\n\t\t\t\t\t\t<\/div>\n\t\t\t\t<\/div>\n\t\t\t\t<\/div>\n\t\t\t\t<\/div>\n\t\t\t\t\t<\/div>\n\t\t\t\t<\/main>\n\t\t\t\t<\/div>\n\t\t","protected":false},"excerpt":{"rendered":"<p>Postopki za ohranitev plodnosti, zna\u010dilni za nekatere vrste raka \u010ce so vam odkrili rak materni\u010dnega vratu ali se zdravite z radioterapijo v predelu medenice, so poleg mo\u017enosti ohranjanja plodnosti, opisanih na prej\u0161njih straneh, morda na voljo tudi posebni postopki za ohranjanja plodnosti. Ekipa za zdravljenje raka se z \u017eenskami pogovori o teh postopkih za ohranitev [&hellip;]<\/p>\n","protected":false},"author":1,"featured_media":0,"parent":8335,"menu_order":0,"comment_status":"open","ping_status":"closed","template":"","meta":{"footnotes":""},"class_list":["post-8340","page","type-page","status-publish","hentry"],"_links":{"self":[{"href":"https:\/\/cancerfertilityandme.org.uk\/sl\/wp-json\/wp\/v2\/pages\/8340","targetHints":{"allow":["GET"]}}],"collection":[{"href":"https:\/\/cancerfertilityandme.org.uk\/sl\/wp-json\/wp\/v2\/pages"}],"about":[{"href":"https:\/\/cancerfertilityandme.org.uk\/sl\/wp-json\/wp\/v2\/types\/page"}],"author":[{"embeddable":true,"href":"https:\/\/cancerfertilityandme.org.uk\/sl\/wp-json\/wp\/v2\/users\/1"}],"replies":[{"embeddable":true,"href":"https:\/\/cancerfertilityandme.org.uk\/sl\/wp-json\/wp\/v2\/comments?post=8340"}],"version-history":[{"count":2,"href":"https:\/\/cancerfertilityandme.org.uk\/sl\/wp-json\/wp\/v2\/pages\/8340\/revisions"}],"predecessor-version":[{"id":10143,"href":"https:\/\/cancerfertilityandme.org.uk\/sl\/wp-json\/wp\/v2\/pages\/8340\/revisions\/10143"}],"up":[{"embeddable":true,"href":"https:\/\/cancerfertilityandme.org.uk\/sl\/wp-json\/wp\/v2\/pages\/8335"}],"wp:attachment":[{"href":"https:\/\/cancerfertilityandme.org.uk\/sl\/wp-json\/wp\/v2\/media?parent=8340"}],"curies":[{"name":"wp","href":"https:\/\/api.w.org\/{rel}","templated":true}]}}