{"id":8338,"date":"2023-04-02T16:26:55","date_gmt":"2023-04-02T16:26:55","guid":{"rendered":"https:\/\/cancerfertilityandme.org.uk\/zamrzovanje-zarodkov\/"},"modified":"2026-02-03T12:14:37","modified_gmt":"2026-02-03T12:14:37","slug":"zamrzovanje-zarodkov","status":"publish","type":"page","link":"https:\/\/cancerfertilityandme.org.uk\/sl\/mlade-zenske\/o-ohranjanju-plodnosti\/zamrzovanje-zarodkov\/","title":{"rendered":"Zamrzovanje zarodkov"},"content":{"rendered":"\t\t<div data-elementor-type=\"wp-page\" data-elementor-id=\"8338\" class=\"elementor elementor-8338 elementor-7753\" data-elementor-post-type=\"page\">\n\t\t\t\t<main class=\"elementor-element elementor-element-3921228b e-flex e-con-boxed e-con e-parent\" data-id=\"3921228b\" data-element_type=\"container\" data-e-type=\"container\">\n\t\t\t\t\t<div class=\"e-con-inner\">\n\t\t<div class=\"elementor-element elementor-element-64c428c e-con-full e-flex e-con e-child\" data-id=\"64c428c\" data-element_type=\"container\" data-e-type=\"container\">\n\t\t\t\t<div class=\"elementor-element elementor-element-68b74dc8 elementor-widget elementor-widget-text-editor\" data-id=\"68b74dc8\" data-element_type=\"widget\" data-e-type=\"widget\" data-widget_type=\"text-editor.default\">\n\t\t\t\t<div class=\"elementor-widget-container\">\n\t\t\t\t\t\t\t\t\t<h2>Zamrzovanje zarodkov<\/h2><p>Ta mo\u017enost pomeni, da se zrela jaj\u010deca odvzamejo iz \u017eenskega jaj\u010dnika in oplodijo s spermiji z oploditvijo v epruveti (IVF). To se opravi v laboratoriju. Oplojena jaj\u010deca (zarodki) se nato zamrznejo in shranijo za prihodnjo uporabo. Ko je \u017eenska pripravljena zanositi, se shranjeni zarodki vrnejo v maternico.   <\/p><p><strong>Komu je namenjeno?<\/strong><\/p><p>\u017denskam, ki so zaklju\u010dile puberteto, in:<\/p><ul><li>Imajo \u010das, da pred za\u010detkom zdravljenja raka opravijo cikel zdravljenja neplodnosti.<\/li><li>Ki imajo mo\u0161kega partnerja, saj sta za oploditev jaj\u010deca potrebna tako jaj\u010deca kot spermiji<\/li><\/ul><p><strong>Kaj vklju\u010duje?<\/strong><\/p><p>Predvidoma 2 tedna boste morale prejemati hormonske injekcije za stimulacijo jaj\u010dnikov. Jaj\u010deca se nato odvzamejo s tanko iglo, ki se skozi steno no\u017enice vodi do jaj\u010dnikov. To se opravi pod vplivom pomirjeval in po nekaj urah boste lahko od\u0161li domov.  <\/p><p>\u010ce ste v razmerju in ustvarjate ter shranjujete zarodke s svojim partnerjem, boste pred uporabo zarodkov potrebovali soglasje va\u0161ega partnerja. To je pomembno, ker \u010de se pozneje razideta, morda ne bo \u017eelel, da uporabite shranjene zarodke. <\/p><p>\u010ce nimate partnerja mo\u0161kega spola, lahko uporabite spermo darovalca. \u010ce se odlo\u010dite za to mo\u017enost, morate vedeti, da si lahko darovalec premisli in ne dovoli uporabe zarodkov, ustvarjenih z njegovo spermo. Zamrznjeni zarodki se lahko hranijo 10 let. V nekaterih primerih se lahko ta rok podalj\u0161a za desetletna obdobja (skupaj do 55 let).  <\/p><p><strong>Kak\u0161na je mo\u017enost, da boste imeli otroka po zamrznitvi zarodkov?<\/strong><\/p><p>Te\u017eko je dolo\u010diti, kolik\u0161na je verjetnost, da bo zamrznitev zarodka pripeljala do rojstva otroka. \u0160tevilo bolnic z rakom, ki so uporabile zamrznjene zarodke, je majhno.<\/p><p>Ve\u010dina podatkov prihaja od \u017eensk brez raka, ki so za rojstvo otroka uporabile zamrznjene zarodke.<\/p><p>Mo\u017enost uspeha pri zamrzovanju zarodkov je odvisna od tega, koliko jaj\u010dec se pridobi, saj se jih nato oplodi, da nastanejo zarodki, preden se zamrznejo. \u010ce mlada \u017eenska, mlaj\u0161a od 35 let, pridobi deset jaj\u010dec, ki jih oplodijo in iz njih nastanejo zarodki, ima 5 proti 10 (50 %) mo\u017enosti, da bo imela otroka. Mo\u017enost, da boste imeli otroka po zamrznitvi zarodkov, je odvisna od \u0161tevilnih dejavnikov.  <\/p><p>Va\u0161a starost ob odvzemu jaj\u010dec. \u017denske ki so mlaj\u0161e od 35 let, imajo ve\u010djo mo\u017enost.<\/p><ul><li>\u0160tevilo zbranih jaj\u010dec.<\/li><li>\u0160tevilo in kakovost zamrznjenih zarodkov.<\/li><li>Zdravje spermijev va\u0161ega partnerja.<\/li><li>Klinika za zdravljenje neplodnosti, na kateri je bilo opravljeno zamrzovanje zarodkov.<\/li><\/ul><p>Ve\u010d informacij o povpre\u010dnih nacionalnih stopnjah uspe\u0161nosti in \u0161tevilu uspe\u0161no \u017eivorojenih otrok za vsako kliniko za zdravljenje neplodnosti z licenco najdete na spletni strani agencije HFEA <a href=\"https:\/\/www.hfea.gov.uk\/\" target=\"_blank\" rel=\"noopener\">www.hfea.gov.uk<\/a>.<\/p><p><strong>Ali bo ta mo\u017enost vplivala na zdravje otroka?<\/strong><\/p><p>Po zbranih podatkih ni dokazov o vplivu uporabe zamrznjenih jaj\u010dec na zdravje otroka.<\/p><p><strong>Ali obstajajo kak\u0161ni stranski u\u010dinki zdravljenja neplodnosti, ki se uporablja pri zamrzovanju zarodkov?<\/strong><\/p><p>Zdravila za spodbujanje plodnosti, ki se uporabljajo za stimulacijo jaj\u010dnikov, lahko povzro\u010dijo neza\u017eelene u\u010dinke, kot so glavoboli, spremembe razpolo\u017eenja, vro\u010dinski oblivi in dra\u017eenje ko\u017ee. Zdravila za plodnost lahko povzro\u010dijo tudi prevelik odziv jaj\u010dnikov, kar lahko privede do stanja imenovanega OHSS. Ko za\u010dnete z zdravljenjem, je priporo\u010dljivo, da svojo ekipo za zdravljenje neplodnosti povpra\u0161ate o simptomih tega stanja in o tem, kako se lahko po potrebi obrnete na njih.  <\/p><p>Ko so jaj\u010dniki stimulirani, da proizvajajo veliko jaj\u010dec, se raven hormona estrogena pove\u010da. To lahko predstavlja tveganje pri \u017eenskah, ki so zbolele za rakom dojk, ob\u010dutljivim na estrogen. Te \u017eenske lahko dobijo zdravilo, imenovano Letrozol (Femara). To zmanj\u0161a raven estrogena v krvnem obtoku.  <\/p><p>Ob odvzemu jaj\u010dec lahko v redkih primerih pride do krvavitve, oku\u017eb in reza v \u010drevesje.<\/p><p>Ob odvzemu jaj\u010dec lahko v redkih primerih pride do krvavitve, oku\u017eb in reza v \u010drevesje.<\/p><p>\u010ce se zamenja ve\u010d kot en zarodek, obstaja mo\u017enost ve\u010d\u0161tevil\u010dnega rojstva (dvoj\u010dki, troj\u010dki). Pri vseh nose\u010dnostih obstaja tveganje za spontani splav in zunajmaterni\u010dno nose\u010dnost (nose\u010dnost zunaj maternice). <\/p><p>IVF je lahko fizi\u010dno in \u010dustveno naporno, do nose\u010dnosti pa morda ne bo pri\u0161lo.<\/p><p><strong>Ali bo potrebno odlo\u017eiti za\u010detek mojega zdravljenja raka?<\/strong><\/p><p>Od za\u010detka stimulacije jaj\u010dnikov do odvzema jaj\u010dec prete\u010deta pribli\u017eno dva tedna. \u010cas pred za\u010detkom stimulacije je lahko razli\u010den, odvisno od tega, kje je \u017eenska v svojem menstrualnem ciklu. <\/p><p>Ta mo\u017enost morda ni primerna za \u017eenske z rakom, kot so levkemija, nekateri limfomi in sarkomi, saj bodo morda potrebovale takoj\u0161nje zdravljenje.<br>\u010ce se pri vas pojavi OHSS, lahko to povzro\u010di dalj\u0161o zamudo pri za\u010detku zdravljenja raka.<\/p><p><strong>Ali bo ta izbira vplivala na mo\u017enost ponovitve raka ?<\/strong><\/p><p>Ni podatkov, ki bi kazali na to, da zamrznitev zarodkov vpliva na mo\u017enost rasti ali ponovnega pojava raka.<\/p>\t\t\t\t\t\t\t\t<\/div>\n\t\t\t\t<\/div>\n\t\t\t\t<\/div>\n\t\t<div class=\"elementor-element elementor-element-1a21ec4f e-con-full e-flex e-con e-child\" data-id=\"1a21ec4f\" data-element_type=\"container\" data-e-type=\"container\">\n\t\t<div class=\"elementor-element elementor-element-1530b0ac e-con-full e-flex e-con e-child\" data-id=\"1530b0ac\" data-element_type=\"container\" data-e-type=\"container\">\n\t\t\t\t<div class=\"elementor-element elementor-element-66dbd65d elementor-widget elementor-widget-image\" data-id=\"66dbd65d\" data-element_type=\"widget\" data-e-type=\"widget\" data-widget_type=\"image.default\">\n\t\t\t\t<div class=\"elementor-widget-container\">\n\t\t\t\t\t\t\t\t\t\t\t\t\t\t\t\t<a href=\"http:\/\/.\/\">\n\t\t\t\t\t\t\t<img decoding=\"async\" width=\"200\" height=\"200\" src=\"https:\/\/cancerfertilityandme.org.uk\/wp-content\/uploads\/cancerfertilityandme-logo-header-young-women.png\" class=\"attachment-full size-full wp-image-332\" alt=\"\" srcset=\"https:\/\/cancerfertilityandme.org.uk\/wp-content\/uploads\/cancerfertilityandme-logo-header-young-women.png 200w, https:\/\/cancerfertilityandme.org.uk\/wp-content\/uploads\/cancerfertilityandme-logo-header-young-women-150x150.png 150w, https:\/\/cancerfertilityandme.org.uk\/wp-content\/uploads\/elementor\/thumbs\/cancerfertilityandme-logo-header-young-women-r4vfcv1ro149or8nkxzol3x986uodd6lq6no4gpb6w.png 100w\" sizes=\"(max-width: 200px) 100vw, 200px\" \/>\t\t\t\t\t\t\t\t<\/a>\n\t\t\t\t\t\t\t\t\t\t\t\t\t\t\t<\/div>\n\t\t\t\t<\/div>\n\t\t\t\t<\/div>\n\t\t<div class=\"elementor-element elementor-element-757e1ba6 e-con-full e-flex e-con e-child\" data-id=\"757e1ba6\" data-element_type=\"container\" data-e-type=\"container\">\n\t\t\t\t<div class=\"elementor-element elementor-element-33e9af33 elementor-widget elementor-widget-heading\" data-id=\"33e9af33\" data-element_type=\"widget\" data-e-type=\"widget\" data-widget_type=\"heading.default\">\n\t\t\t\t<div class=\"elementor-widget-container\">\n\t\t\t\t\t<h3 class=\"elementor-heading-title elementor-size-default\">Za ve\u010d informacij sledite tem povezavam<\/h3>\t\t\t\t<\/div>\n\t\t\t\t<\/div>\n\t\t\t\t<div class=\"elementor-element elementor-element-485aaf1f elementor-nav-menu--dropdown-none elementor-widget elementor-widget-nav-menu\" data-id=\"485aaf1f\" data-element_type=\"widget\" data-e-type=\"widget\" data-settings=\"{&quot;layout&quot;:&quot;vertical&quot;,&quot;submenu_icon&quot;:{&quot;value&quot;:&quot;&lt;svg aria-hidden=\\&quot;true\\&quot; class=\\&quot;e-font-icon-svg e-fas-caret-down\\&quot; viewBox=\\&quot;0 0 320 512\\&quot; xmlns=\\&quot;http:\\\/\\\/www.w3.org\\\/2000\\\/svg\\&quot;&gt;&lt;path d=\\&quot;M31.3 192h257.3c17.8 0 26.7 21.5 14.1 34.1L174.1 354.8c-7.8 7.8-20.5 7.8-28.3 0L17.2 226.1C4.6 213.5 13.5 192 31.3 192z\\&quot;&gt;&lt;\\\/path&gt;&lt;\\\/svg&gt;&quot;,&quot;library&quot;:&quot;fa-solid&quot;}}\" data-widget_type=\"nav-menu.default\">\n\t\t\t\t<div class=\"elementor-widget-container\">\n\t\t\t\t\t\t\t\t<nav aria-label=\"Menu\" class=\"elementor-nav-menu--main elementor-nav-menu__container elementor-nav-menu--layout-vertical e--pointer-none\">\n\t\t\t\t<ul id=\"menu-1-485aaf1f\" class=\"elementor-nav-menu sm-vertical\"><li class=\"menu-item menu-item-type-post_type menu-item-object-page menu-item-8511\"><a href=\"https:\/\/cancerfertilityandme.org.uk\/young-women\/fertility-preservation\/\" class=\"elementor-item\">O ohranjanju plodnosti<\/a><\/li>\n<li class=\"menu-item menu-item-type-post_type menu-item-object-page menu-item-8514\"><a href=\"https:\/\/cancerfertilityandme.org.uk\/young-women\/fertility-preservation\/no-fertility-preservation\/\" class=\"elementor-item\">Brez ohranjanja plodnosti<\/a><\/li>\n<li class=\"menu-item menu-item-type-post_type menu-item-object-page menu-item-8512\"><a href=\"https:\/\/cancerfertilityandme.org.uk\/young-women\/fertility-preservation\/egg-freezing\/\" class=\"elementor-item\">Zamrzovanje jaj\u010dec<\/a><\/li>\n<li class=\"menu-item menu-item-type-post_type menu-item-object-page menu-item-8513\"><a href=\"https:\/\/cancerfertilityandme.org.uk\/young-women\/fertility-preservation\/embryo-freezing\/\" class=\"elementor-item\">Zamrzovanje zarodkov<\/a><\/li>\n<li class=\"menu-item menu-item-type-post_type menu-item-object-page menu-item-8518\"><a href=\"https:\/\/cancerfertilityandme.org.uk\/young-women\/fertility-preservation\/ovarian-tissue-freezing\/\" class=\"elementor-item\">Zamrzovanje tkiva jaj\u010dnikov<\/a><\/li>\n<li class=\"menu-item menu-item-type-post_type menu-item-object-page menu-item-8515\"><a href=\"https:\/\/cancerfertilityandme.org.uk\/young-women\/fertility-preservation\/ovarian-suppression\/\" class=\"elementor-item\">Zatiranje jaj\u010dnikov<\/a><\/li>\n<li class=\"menu-item menu-item-type-post_type menu-item-object-page menu-item-8519\"><a href=\"https:\/\/cancerfertilityandme.org.uk\/young-women\/fertility-preservation\/fertility-sparing-procedures\/\" class=\"elementor-item\">Postopki za ohranitev plodnosti, zna\u010dilni za nekatere vrste raka<\/a><\/li>\n<li class=\"menu-item menu-item-type-post_type menu-item-object-page menu-item-8520\"><a href=\"https:\/\/cancerfertilityandme.org.uk\/young-women\/fertility-preservation\/financial-costs\/\" class=\"elementor-item\">Finan\u010dni stro\u0161ki<\/a><\/li>\n<li class=\"menu-item menu-item-type-post_type menu-item-object-page menu-item-8521\"><a href=\"https:\/\/cancerfertilityandme.org.uk\/young-women\/fertility-preservation\/summary-of-options\/\" class=\"elementor-item\">Povzetek mo\u017enosti<\/a><\/li>\n<li class=\"menu-item menu-item-type-post_type menu-item-object-page menu-item-8522\"><a href=\"https:\/\/cancerfertilityandme.org.uk\/young-women\/fertility-preservation\/questions-to-ask-about-fertility-preservation\/\" class=\"elementor-item\">Vpra\u0161anja, ki jih zastavite svoji ekipi za zdravljenje raka in za ohranjanje plodnosti<\/a><\/li>\n<\/ul>\t\t\t<\/nav>\n\t\t\t\t\t\t<nav class=\"elementor-nav-menu--dropdown elementor-nav-menu__container\" aria-hidden=\"true\">\n\t\t\t\t<ul id=\"menu-2-485aaf1f\" class=\"elementor-nav-menu sm-vertical\"><li class=\"menu-item menu-item-type-post_type menu-item-object-page menu-item-8511\"><a href=\"https:\/\/cancerfertilityandme.org.uk\/young-women\/fertility-preservation\/\" class=\"elementor-item\" tabindex=\"-1\">O ohranjanju plodnosti<\/a><\/li>\n<li class=\"menu-item menu-item-type-post_type menu-item-object-page menu-item-8514\"><a href=\"https:\/\/cancerfertilityandme.org.uk\/young-women\/fertility-preservation\/no-fertility-preservation\/\" class=\"elementor-item\" tabindex=\"-1\">Brez ohranjanja plodnosti<\/a><\/li>\n<li class=\"menu-item menu-item-type-post_type menu-item-object-page menu-item-8512\"><a href=\"https:\/\/cancerfertilityandme.org.uk\/young-women\/fertility-preservation\/egg-freezing\/\" class=\"elementor-item\" tabindex=\"-1\">Zamrzovanje jaj\u010dec<\/a><\/li>\n<li class=\"menu-item menu-item-type-post_type menu-item-object-page menu-item-8513\"><a href=\"https:\/\/cancerfertilityandme.org.uk\/young-women\/fertility-preservation\/embryo-freezing\/\" class=\"elementor-item\" tabindex=\"-1\">Zamrzovanje zarodkov<\/a><\/li>\n<li class=\"menu-item menu-item-type-post_type menu-item-object-page menu-item-8518\"><a href=\"https:\/\/cancerfertilityandme.org.uk\/young-women\/fertility-preservation\/ovarian-tissue-freezing\/\" class=\"elementor-item\" tabindex=\"-1\">Zamrzovanje tkiva jaj\u010dnikov<\/a><\/li>\n<li class=\"menu-item menu-item-type-post_type menu-item-object-page menu-item-8515\"><a href=\"https:\/\/cancerfertilityandme.org.uk\/young-women\/fertility-preservation\/ovarian-suppression\/\" class=\"elementor-item\" tabindex=\"-1\">Zatiranje jaj\u010dnikov<\/a><\/li>\n<li class=\"menu-item menu-item-type-post_type menu-item-object-page menu-item-8519\"><a href=\"https:\/\/cancerfertilityandme.org.uk\/young-women\/fertility-preservation\/fertility-sparing-procedures\/\" class=\"elementor-item\" tabindex=\"-1\">Postopki za ohranitev plodnosti, zna\u010dilni za nekatere vrste raka<\/a><\/li>\n<li class=\"menu-item menu-item-type-post_type menu-item-object-page menu-item-8520\"><a href=\"https:\/\/cancerfertilityandme.org.uk\/young-women\/fertility-preservation\/financial-costs\/\" class=\"elementor-item\" tabindex=\"-1\">Finan\u010dni stro\u0161ki<\/a><\/li>\n<li class=\"menu-item menu-item-type-post_type menu-item-object-page menu-item-8521\"><a href=\"https:\/\/cancerfertilityandme.org.uk\/young-women\/fertility-preservation\/summary-of-options\/\" class=\"elementor-item\" tabindex=\"-1\">Povzetek mo\u017enosti<\/a><\/li>\n<li class=\"menu-item menu-item-type-post_type menu-item-object-page menu-item-8522\"><a href=\"https:\/\/cancerfertilityandme.org.uk\/young-women\/fertility-preservation\/questions-to-ask-about-fertility-preservation\/\" class=\"elementor-item\" tabindex=\"-1\">Vpra\u0161anja, ki jih zastavite svoji ekipi za zdravljenje raka in za ohranjanje plodnosti<\/a><\/li>\n<\/ul>\t\t\t<\/nav>\n\t\t\t\t\t\t<\/div>\n\t\t\t\t<\/div>\n\t\t\t\t<\/div>\n\t\t\t\t<\/div>\n\t\t\t\t\t<\/div>\n\t\t\t\t<\/main>\n\t\t\t\t<\/div>\n\t\t","protected":false},"excerpt":{"rendered":"<p>Zamrzovanje zarodkov Ta mo\u017enost pomeni, da se zrela jaj\u010deca odvzamejo iz \u017eenskega jaj\u010dnika in oplodijo s spermiji z oploditvijo v epruveti (IVF). To se opravi v laboratoriju. Oplojena jaj\u010deca (zarodki) se nato zamrznejo in shranijo za prihodnjo uporabo. Ko je \u017eenska pripravljena zanositi, se shranjeni zarodki vrnejo v maternico. Komu je namenjeno? \u017denskam, ki so [&hellip;]<\/p>\n","protected":false},"author":1,"featured_media":0,"parent":8335,"menu_order":0,"comment_status":"open","ping_status":"closed","template":"","meta":{"footnotes":""},"class_list":["post-8338","page","type-page","status-publish","hentry"],"_links":{"self":[{"href":"https:\/\/cancerfertilityandme.org.uk\/sl\/wp-json\/wp\/v2\/pages\/8338","targetHints":{"allow":["GET"]}}],"collection":[{"href":"https:\/\/cancerfertilityandme.org.uk\/sl\/wp-json\/wp\/v2\/pages"}],"about":[{"href":"https:\/\/cancerfertilityandme.org.uk\/sl\/wp-json\/wp\/v2\/types\/page"}],"author":[{"embeddable":true,"href":"https:\/\/cancerfertilityandme.org.uk\/sl\/wp-json\/wp\/v2\/users\/1"}],"replies":[{"embeddable":true,"href":"https:\/\/cancerfertilityandme.org.uk\/sl\/wp-json\/wp\/v2\/comments?post=8338"}],"version-history":[{"count":2,"href":"https:\/\/cancerfertilityandme.org.uk\/sl\/wp-json\/wp\/v2\/pages\/8338\/revisions"}],"predecessor-version":[{"id":10136,"href":"https:\/\/cancerfertilityandme.org.uk\/sl\/wp-json\/wp\/v2\/pages\/8338\/revisions\/10136"}],"up":[{"embeddable":true,"href":"https:\/\/cancerfertilityandme.org.uk\/sl\/wp-json\/wp\/v2\/pages\/8335"}],"wp:attachment":[{"href":"https:\/\/cancerfertilityandme.org.uk\/sl\/wp-json\/wp\/v2\/media?parent=8338"}],"curies":[{"name":"wp","href":"https:\/\/api.w.org\/{rel}","templated":true}]}}