{"id":8336,"date":"2023-04-02T16:26:01","date_gmt":"2023-04-02T16:26:01","guid":{"rendered":"https:\/\/cancerfertilityandme.org.uk\/zamrzovanje-jajcec\/"},"modified":"2026-02-02T12:24:05","modified_gmt":"2026-02-02T12:24:05","slug":"zamrzovanje-jajcec","status":"publish","type":"page","link":"https:\/\/cancerfertilityandme.org.uk\/sl\/mlade-zenske\/o-ohranjanju-plodnosti\/zamrzovanje-jajcec\/","title":{"rendered":"Zamrzovanje jaj\u010dec"},"content":{"rendered":"\t\t<div data-elementor-type=\"wp-page\" data-elementor-id=\"8336\" class=\"elementor elementor-8336 elementor-7751\" data-elementor-post-type=\"page\">\n\t\t\t\t<main class=\"elementor-element elementor-element-5d1c6a0f e-flex e-con-boxed e-con e-parent\" data-id=\"5d1c6a0f\" data-element_type=\"container\" data-e-type=\"container\">\n\t\t\t\t\t<div class=\"e-con-inner\">\n\t\t<div class=\"elementor-element elementor-element-3e5f9a8a e-con-full e-flex e-con e-child\" data-id=\"3e5f9a8a\" data-element_type=\"container\" data-e-type=\"container\">\n\t\t\t\t<div class=\"elementor-element elementor-element-23ff4d9e elementor-widget elementor-widget-text-editor\" data-id=\"23ff4d9e\" data-element_type=\"widget\" data-e-type=\"widget\" data-widget_type=\"text-editor.default\">\n\t\t\t\t<div class=\"elementor-widget-container\">\n\t\t\t\t\t\t\t\t\t<h2>Zamrzovanje jaj\u010dec<\/h2><p><strong>Pri tej mo\u017enosti se zrela jaj\u010deca odstranijo iz jaj\u010dnikov in zamrznejo. Ta postopek se v\u010dasih imenuje \u201cshranjevanje jaj\u010dec\u201d. Ko je \u017eenska pripravljena zanositi, se shranjena jaj\u010deca oplodijo s spermiji in vrnejo v maternico.  <\/strong><\/p><p><strong>Komu je namenjeno?<\/strong><\/p><p>\u017denskam, ki \u017eelijo ohraniti svojo plodnost, so \u017ee v puberteti in : <\/p><ul><li>Nimajo partnerja ali ne \u017eelijo uporabiti sperme darovalca.<\/li><li>Zaradi svojih prepri\u010danj ne \u017eelijo zamrzovanja zarodkov.<\/li><li>Imajo \u010das, da pred za\u010detkom zdravljenja raka opravijo cikel zdravljenja neplodnosti.<\/li><\/ul><p>\u017denske, ki imajo rak na medenici, zamrznitev jaj\u010dec morda ni varna zaradi mo\u017enosti \u0161irjenja raka.<\/p><p><strong>Kaj vklju\u010duje?<\/strong><\/p><p>Predvidoma 2 tedna boste morale prejemati hormonske injekcije za stimulacijo jaj\u010dnikov. Jaj\u010deca se nato odvzamejo s tanko iglo, ki se skozi steno no\u017enice vodi do jaj\u010dnikov. To se opravi pod vplivom pomirjeval in po nekaj urah boste lahko od\u0161li domov.  <\/p><p>Ker zamrznitev jaj\u010dec vklju\u010duje le \u017eensko, ni potrebno soglasje partnerja za uporabo shranjenih jaj\u010dec v prihodnosti. Zamrznjene jaj\u010dne celice je mogo\u010de hraniti do 10 let. V nekaterih primerih se lahko ta rok podalj\u0161a za 10 let (skupaj do 55 let). <\/p><p><strong>Kak\u0161na je mo\u017enost, da boste imeli otroka po zamrznitvi jaj\u010dec?<\/strong><\/p><p>Te\u017eko je dolo\u010diti, kolik\u0161na je verjetnost, da se bo po zamrznitvi jaj\u010dec rodil \u017eiv otrok. Le malo \u0161tevilo bolnic z rakom, je do sedaj uporabilo zamrznjena jaj\u010deca. Ve\u010dina podatkov prihaja od \u017eensk, ki niso zbolele za rakom, so pa za rojstvo otroka uporabile lastna zamrznjena jaj\u010deca ali zamrznjena jaj\u010deca darovalk. <\/p><p>Mo\u017enost, da bo \u017eenska po zamrznitvi jaj\u010dec imela otroka, je odvisna od \u0161tevilnih dejavnikov.<\/p><ul><li>Va\u0161a starost ob odvzemu jaj\u010dec. Ve\u010djo mo\u017enost zanositve imajo \u017eenske mlaj\u0161e od 35 let.<\/li><li>\u0160tevilo zbranih jaj\u010dec. \u017denske, ki jim je bilo odvzetih ve\u010d jaj\u010dec, imajo ve\u010djo mo\u017enost.<\/li><li>Klinika za zdravljenje neplodnosti, kjer je bilo opravljeno zamrzovanje jaj\u010dec.<\/li><li>Uporaba po\u010dasnega zamrzovanja ali vitrifikacije za zamrznitev in shranjevanje jaj\u010dec. Vitrifikacija ima vi\u0161jo stopnjo uspe\u0161nosti.<\/li><\/ul><p>\u010ce ima mlada \u017eenska, mlaj\u0161a od 35 let, shranjenih 10 jaj\u010dec, ima na splo\u0161no 4 od 10 (40 %) mo\u017enosti, da bo imela otroka. Nekatere mlade \u017eenske morda ne bodo mogle zamrzniti niti 10 jaj\u010dec, kar bo zmanj\u0161alo mo\u017enosti za rojstvo otroka. Morda boste tudi drugje zasledili ni\u017eje stopnje uspe\u0161nosti. Te ni\u017eje stopnje uspe\u0161nosti lahko temeljijo na enem ciklu zdravljenja IVF z uporabo manj\u0161ega \u0161tevila zamrznjenih jaj\u010dec.   <\/p><p>Ve\u010d informacij o povpre\u010dni nacionalni uspe\u0161nosti in \u0161tevilu uspe\u0161nih \u017eivorojenih otrok za vsako kliniko z licenco za zdravljenje neplodnosti najdete na spletni strani Human Fertilisation and Embryology Authority \u2013 HFEA) <a href=\"https:\/\/www.hfea.gov.uk\/\" target=\"_blank\" rel=\"noopener\">www.hfea.gov.uk<\/a>.<\/p><p><strong>Ali bo ta mo\u017enost vplivala na zdravje otroka?<\/strong><\/p><p>Po zbranih podatkih ni dokazov o vplivu uporabe zamrznjenih jaj\u010dec na zdravje otroka.<\/p><p><strong>Ali obstajajo kak\u0161ni neza\u017eeleni u\u010dinki zdravljenja neplodnosti, z uporabo metode zamrzovanja jaj\u010dec?<\/strong><\/p><p>Zdravila za spodbujanje plodnosti, ki se uporabljajo za stimulacijo jaj\u010dnikov, lahko povzro\u010dijo neza\u017eelene u\u010dinke, kot so glavoboli, spremembe razpolo\u017eenja, vro\u010dinski oblivi in dra\u017eenje ko\u017ee. Zdravila za plodnost lahko povzro\u010dijo tudi prevelik odziv jaj\u010dnikov, kar lahko privede do stanja, imenovanega sindrom hiperstimulacije jaj\u010dnikov (OHSS). Ko za\u010dnete z zdravljenjem, povpra\u0161ajte va\u0161o ekipoo za zdravljenje neplodnosti o simptomih tega stanja in o tem, kako se lahko po potrebi obrnete na njih  <\/p><p>Ko so jaj\u010dniki stimulirani, da proizvajajo veliko jaj\u010dec, se raven hormona estrogena pove\u010da. To lahko predstavlja tveganje pri \u017eenskah, ki so zbolele za rakom dojk, ob\u010dutljivim na estrogen. Te \u017eenske lahko dobijo zdravilo, imenovano Letrozol (Femara). To zmanj\u0161a raven estrogena v krvnem obtoku.  <\/p><p>Ob odvzemu jaj\u010dec v redkih primerih lahko pride do krvavitve, oku\u017eb in reza v \u010drevesje.<br>Obstaja tveganje za \u017eenske z rakom na medenici, pri katerih lahko po odvzemu jaj\u010dec pride do izlitja rakavih celic iz jaj\u010dnika v trebuh.<\/p><p><strong>Ali bo potrebno odlo\u017eiti za\u010detek mojega zdravljenja raka?<\/strong><\/p><p>Od za\u010detka stimulacije jaj\u010dnikov do odvzema jaj\u010dec prete\u010deta pribli\u017eno dva tedna. \u010cas pred za\u010detkom stimulacije je lahko razli\u010den, odvisno od tega, kje je \u017eenska v svojem menstrualnem ciklu. <\/p><p>Zamrzovanje jaj\u010dec morda ni primerno za \u017eenske z rakom, kot so levkemija, nekateri limfomi in sarkomi, saj bodo morda potrebovale takoj\u0161nje zdravljenje. \u010ce se pri vas pojavi OHSS, lahko to povzro\u010di dalj\u0161o zamudo pri za\u010detku zdravljenja raka. <\/p><p><strong>Ali bo ta izbira vplivala na mo\u017enost ponovitve raka ?<\/strong><\/p><p>Ni podatkov, ki bi kazali na to, da zamrznitev jaj\u010dec vpliva na mo\u017enost, da se rak raz\u0161iri ali vrne.<\/p>\t\t\t\t\t\t\t\t<\/div>\n\t\t\t\t<\/div>\n\t\t\t\t<\/div>\n\t\t<div class=\"elementor-element elementor-element-e43bed7 e-con-full e-flex e-con e-child\" data-id=\"e43bed7\" data-element_type=\"container\" data-e-type=\"container\">\n\t\t<div class=\"elementor-element elementor-element-16240a94 e-con-full e-flex e-con e-child\" data-id=\"16240a94\" data-element_type=\"container\" data-e-type=\"container\">\n\t\t\t\t<div class=\"elementor-element elementor-element-12f97895 elementor-widget elementor-widget-image\" data-id=\"12f97895\" data-element_type=\"widget\" data-e-type=\"widget\" data-widget_type=\"image.default\">\n\t\t\t\t<div class=\"elementor-widget-container\">\n\t\t\t\t\t\t\t\t\t\t\t\t\t\t\t\t<a href=\"http:\/\/.\/\">\n\t\t\t\t\t\t\t<img decoding=\"async\" width=\"200\" height=\"200\" src=\"https:\/\/cancerfertilityandme.org.uk\/wp-content\/uploads\/cancerfertilityandme-logo-header-young-women.png\" class=\"attachment-full size-full wp-image-332\" alt=\"\" srcset=\"https:\/\/cancerfertilityandme.org.uk\/wp-content\/uploads\/cancerfertilityandme-logo-header-young-women.png 200w, https:\/\/cancerfertilityandme.org.uk\/wp-content\/uploads\/cancerfertilityandme-logo-header-young-women-150x150.png 150w, https:\/\/cancerfertilityandme.org.uk\/wp-content\/uploads\/elementor\/thumbs\/cancerfertilityandme-logo-header-young-women-r4vfcv1ro149or8nkxzol3x986uodd6lq6no4gpb6w.png 100w\" sizes=\"(max-width: 200px) 100vw, 200px\" \/>\t\t\t\t\t\t\t\t<\/a>\n\t\t\t\t\t\t\t\t\t\t\t\t\t\t\t<\/div>\n\t\t\t\t<\/div>\n\t\t\t\t<\/div>\n\t\t<div class=\"elementor-element elementor-element-439b1874 e-con-full e-flex e-con e-child\" data-id=\"439b1874\" data-element_type=\"container\" data-e-type=\"container\">\n\t\t\t\t<div class=\"elementor-element elementor-element-4cb143 elementor-widget elementor-widget-heading\" data-id=\"4cb143\" data-element_type=\"widget\" data-e-type=\"widget\" data-widget_type=\"heading.default\">\n\t\t\t\t<div class=\"elementor-widget-container\">\n\t\t\t\t\t<h3 class=\"elementor-heading-title elementor-size-default\">Za ve\u010d informacij sledite tem povezavam<\/h3>\t\t\t\t<\/div>\n\t\t\t\t<\/div>\n\t\t\t\t<div class=\"elementor-element elementor-element-1d9006c8 elementor-nav-menu--dropdown-none elementor-widget elementor-widget-nav-menu\" data-id=\"1d9006c8\" data-element_type=\"widget\" data-e-type=\"widget\" data-settings=\"{&quot;layout&quot;:&quot;vertical&quot;,&quot;submenu_icon&quot;:{&quot;value&quot;:&quot;&lt;svg aria-hidden=\\&quot;true\\&quot; class=\\&quot;e-font-icon-svg e-fas-caret-down\\&quot; viewBox=\\&quot;0 0 320 512\\&quot; xmlns=\\&quot;http:\\\/\\\/www.w3.org\\\/2000\\\/svg\\&quot;&gt;&lt;path d=\\&quot;M31.3 192h257.3c17.8 0 26.7 21.5 14.1 34.1L174.1 354.8c-7.8 7.8-20.5 7.8-28.3 0L17.2 226.1C4.6 213.5 13.5 192 31.3 192z\\&quot;&gt;&lt;\\\/path&gt;&lt;\\\/svg&gt;&quot;,&quot;library&quot;:&quot;fa-solid&quot;}}\" data-widget_type=\"nav-menu.default\">\n\t\t\t\t<div class=\"elementor-widget-container\">\n\t\t\t\t\t\t\t\t<nav aria-label=\"Menu\" class=\"elementor-nav-menu--main elementor-nav-menu__container elementor-nav-menu--layout-vertical e--pointer-none\">\n\t\t\t\t<ul id=\"menu-1-1d9006c8\" class=\"elementor-nav-menu sm-vertical\"><li class=\"menu-item menu-item-type-post_type menu-item-object-page menu-item-8511\"><a href=\"https:\/\/cancerfertilityandme.org.uk\/young-women\/fertility-preservation\/\" class=\"elementor-item\">O ohranjanju plodnosti<\/a><\/li>\n<li class=\"menu-item menu-item-type-post_type menu-item-object-page menu-item-8514\"><a href=\"https:\/\/cancerfertilityandme.org.uk\/young-women\/fertility-preservation\/no-fertility-preservation\/\" class=\"elementor-item\">Brez ohranjanja plodnosti<\/a><\/li>\n<li class=\"menu-item menu-item-type-post_type menu-item-object-page menu-item-8512\"><a href=\"https:\/\/cancerfertilityandme.org.uk\/young-women\/fertility-preservation\/egg-freezing\/\" class=\"elementor-item\">Zamrzovanje jaj\u010dec<\/a><\/li>\n<li class=\"menu-item menu-item-type-post_type menu-item-object-page menu-item-8513\"><a href=\"https:\/\/cancerfertilityandme.org.uk\/young-women\/fertility-preservation\/embryo-freezing\/\" class=\"elementor-item\">Zamrzovanje zarodkov<\/a><\/li>\n<li class=\"menu-item menu-item-type-post_type menu-item-object-page menu-item-8518\"><a href=\"https:\/\/cancerfertilityandme.org.uk\/young-women\/fertility-preservation\/ovarian-tissue-freezing\/\" class=\"elementor-item\">Zamrzovanje tkiva jaj\u010dnikov<\/a><\/li>\n<li class=\"menu-item menu-item-type-post_type menu-item-object-page menu-item-8515\"><a href=\"https:\/\/cancerfertilityandme.org.uk\/young-women\/fertility-preservation\/ovarian-suppression\/\" class=\"elementor-item\">Zatiranje jaj\u010dnikov<\/a><\/li>\n<li class=\"menu-item menu-item-type-post_type menu-item-object-page menu-item-8519\"><a href=\"https:\/\/cancerfertilityandme.org.uk\/young-women\/fertility-preservation\/fertility-sparing-procedures\/\" class=\"elementor-item\">Postopki za ohranitev plodnosti, zna\u010dilni za nekatere vrste raka<\/a><\/li>\n<li class=\"menu-item menu-item-type-post_type menu-item-object-page menu-item-8520\"><a href=\"https:\/\/cancerfertilityandme.org.uk\/young-women\/fertility-preservation\/financial-costs\/\" class=\"elementor-item\">Finan\u010dni stro\u0161ki<\/a><\/li>\n<li class=\"menu-item menu-item-type-post_type menu-item-object-page menu-item-8521\"><a href=\"https:\/\/cancerfertilityandme.org.uk\/young-women\/fertility-preservation\/summary-of-options\/\" class=\"elementor-item\">Povzetek mo\u017enosti<\/a><\/li>\n<li class=\"menu-item menu-item-type-post_type menu-item-object-page menu-item-8522\"><a href=\"https:\/\/cancerfertilityandme.org.uk\/young-women\/fertility-preservation\/questions-to-ask-about-fertility-preservation\/\" class=\"elementor-item\">Vpra\u0161anja, ki jih zastavite svoji ekipi za zdravljenje raka in za ohranjanje plodnosti<\/a><\/li>\n<\/ul>\t\t\t<\/nav>\n\t\t\t\t\t\t<nav class=\"elementor-nav-menu--dropdown elementor-nav-menu__container\" aria-hidden=\"true\">\n\t\t\t\t<ul id=\"menu-2-1d9006c8\" class=\"elementor-nav-menu sm-vertical\"><li class=\"menu-item menu-item-type-post_type menu-item-object-page menu-item-8511\"><a href=\"https:\/\/cancerfertilityandme.org.uk\/young-women\/fertility-preservation\/\" class=\"elementor-item\" tabindex=\"-1\">O ohranjanju plodnosti<\/a><\/li>\n<li class=\"menu-item menu-item-type-post_type menu-item-object-page menu-item-8514\"><a href=\"https:\/\/cancerfertilityandme.org.uk\/young-women\/fertility-preservation\/no-fertility-preservation\/\" class=\"elementor-item\" tabindex=\"-1\">Brez ohranjanja plodnosti<\/a><\/li>\n<li class=\"menu-item menu-item-type-post_type menu-item-object-page menu-item-8512\"><a href=\"https:\/\/cancerfertilityandme.org.uk\/young-women\/fertility-preservation\/egg-freezing\/\" class=\"elementor-item\" tabindex=\"-1\">Zamrzovanje jaj\u010dec<\/a><\/li>\n<li class=\"menu-item menu-item-type-post_type menu-item-object-page menu-item-8513\"><a href=\"https:\/\/cancerfertilityandme.org.uk\/young-women\/fertility-preservation\/embryo-freezing\/\" class=\"elementor-item\" tabindex=\"-1\">Zamrzovanje zarodkov<\/a><\/li>\n<li class=\"menu-item menu-item-type-post_type menu-item-object-page menu-item-8518\"><a href=\"https:\/\/cancerfertilityandme.org.uk\/young-women\/fertility-preservation\/ovarian-tissue-freezing\/\" class=\"elementor-item\" tabindex=\"-1\">Zamrzovanje tkiva jaj\u010dnikov<\/a><\/li>\n<li class=\"menu-item menu-item-type-post_type menu-item-object-page menu-item-8515\"><a href=\"https:\/\/cancerfertilityandme.org.uk\/young-women\/fertility-preservation\/ovarian-suppression\/\" class=\"elementor-item\" tabindex=\"-1\">Zatiranje jaj\u010dnikov<\/a><\/li>\n<li class=\"menu-item menu-item-type-post_type menu-item-object-page menu-item-8519\"><a href=\"https:\/\/cancerfertilityandme.org.uk\/young-women\/fertility-preservation\/fertility-sparing-procedures\/\" class=\"elementor-item\" tabindex=\"-1\">Postopki za ohranitev plodnosti, zna\u010dilni za nekatere vrste raka<\/a><\/li>\n<li class=\"menu-item menu-item-type-post_type menu-item-object-page menu-item-8520\"><a href=\"https:\/\/cancerfertilityandme.org.uk\/young-women\/fertility-preservation\/financial-costs\/\" class=\"elementor-item\" tabindex=\"-1\">Finan\u010dni stro\u0161ki<\/a><\/li>\n<li class=\"menu-item menu-item-type-post_type menu-item-object-page menu-item-8521\"><a href=\"https:\/\/cancerfertilityandme.org.uk\/young-women\/fertility-preservation\/summary-of-options\/\" class=\"elementor-item\" tabindex=\"-1\">Povzetek mo\u017enosti<\/a><\/li>\n<li class=\"menu-item menu-item-type-post_type menu-item-object-page menu-item-8522\"><a href=\"https:\/\/cancerfertilityandme.org.uk\/young-women\/fertility-preservation\/questions-to-ask-about-fertility-preservation\/\" class=\"elementor-item\" tabindex=\"-1\">Vpra\u0161anja, ki jih zastavite svoji ekipi za zdravljenje raka in za ohranjanje plodnosti<\/a><\/li>\n<\/ul>\t\t\t<\/nav>\n\t\t\t\t\t\t<\/div>\n\t\t\t\t<\/div>\n\t\t\t\t<\/div>\n\t\t\t\t<\/div>\n\t\t\t\t\t<\/div>\n\t\t\t\t<\/main>\n\t\t\t\t<\/div>\n\t\t","protected":false},"excerpt":{"rendered":"<p>Zamrzovanje jaj\u010dec Pri tej mo\u017enosti se zrela jaj\u010deca odstranijo iz jaj\u010dnikov in zamrznejo. Ta postopek se v\u010dasih imenuje \u201cshranjevanje jaj\u010dec\u201d. Ko je \u017eenska pripravljena zanositi, se shranjena jaj\u010deca oplodijo s spermiji in vrnejo v maternico. Komu je namenjeno? \u017denskam, ki \u017eelijo ohraniti svojo plodnost, so \u017ee v puberteti in : Nimajo partnerja ali ne \u017eelijo [&hellip;]<\/p>\n","protected":false},"author":1,"featured_media":0,"parent":8335,"menu_order":0,"comment_status":"open","ping_status":"closed","template":"","meta":{"footnotes":""},"class_list":["post-8336","page","type-page","status-publish","hentry"],"_links":{"self":[{"href":"https:\/\/cancerfertilityandme.org.uk\/sl\/wp-json\/wp\/v2\/pages\/8336","targetHints":{"allow":["GET"]}}],"collection":[{"href":"https:\/\/cancerfertilityandme.org.uk\/sl\/wp-json\/wp\/v2\/pages"}],"about":[{"href":"https:\/\/cancerfertilityandme.org.uk\/sl\/wp-json\/wp\/v2\/types\/page"}],"author":[{"embeddable":true,"href":"https:\/\/cancerfertilityandme.org.uk\/sl\/wp-json\/wp\/v2\/users\/1"}],"replies":[{"embeddable":true,"href":"https:\/\/cancerfertilityandme.org.uk\/sl\/wp-json\/wp\/v2\/comments?post=8336"}],"version-history":[{"count":2,"href":"https:\/\/cancerfertilityandme.org.uk\/sl\/wp-json\/wp\/v2\/pages\/8336\/revisions"}],"predecessor-version":[{"id":10128,"href":"https:\/\/cancerfertilityandme.org.uk\/sl\/wp-json\/wp\/v2\/pages\/8336\/revisions\/10128"}],"up":[{"embeddable":true,"href":"https:\/\/cancerfertilityandme.org.uk\/sl\/wp-json\/wp\/v2\/pages\/8335"}],"wp:attachment":[{"href":"https:\/\/cancerfertilityandme.org.uk\/sl\/wp-json\/wp\/v2\/media?parent=8336"}],"curies":[{"name":"wp","href":"https:\/\/api.w.org\/{rel}","templated":true}]}}