{"id":8335,"date":"2023-04-02T15:22:50","date_gmt":"2023-04-02T15:22:50","guid":{"rendered":"https:\/\/cancerfertilityandme.org.uk\/o-ohranjanju-plodnosti\/"},"modified":"2026-04-27T09:03:06","modified_gmt":"2026-04-27T09:03:06","slug":"o-ohranjanju-plodnosti","status":"publish","type":"page","link":"https:\/\/cancerfertilityandme.org.uk\/sl\/mlade-zenske\/o-ohranjanju-plodnosti\/","title":{"rendered":"O ohranjanju plodnosti"},"content":{"rendered":"\t\t<div data-elementor-type=\"wp-page\" data-elementor-id=\"8335\" class=\"elementor elementor-8335 elementor-7728\" data-elementor-post-type=\"page\">\n\t\t\t\t<main class=\"elementor-element elementor-element-a5a8ad3 e-flex e-con-boxed e-con e-parent\" data-id=\"a5a8ad3\" data-element_type=\"container\" data-e-type=\"container\">\n\t\t\t\t\t<div class=\"e-con-inner\">\n\t\t<div class=\"elementor-element elementor-element-96c5b49 e-con-full e-flex e-con e-child\" data-id=\"96c5b49\" data-element_type=\"container\" data-e-type=\"container\">\n\t\t\t\t<div class=\"elementor-element elementor-element-6692ce8e elementor-widget elementor-widget-text-editor\" data-id=\"6692ce8e\" data-element_type=\"widget\" data-e-type=\"widget\" data-widget_type=\"text-editor.default\">\n\t\t\t\t<div class=\"elementor-widget-container\">\n\t\t\t\t\t\t\t\t\t<h2>O ohranjanju plodnosti. Kak\u0161ne so moje mo\u017enosti?<\/h2><p>V tem razdelku so informacije o mo\u017enostih ohranjanja plodnosti za \u017eenske z rakom pred za\u010detkom zdravljenja raka.<\/p><p>Izberete lahko:<\/p><ul><li><strong>Brez ohranjanja plodnosti<\/strong> \u2013 takoj\u0161en za\u010detek zdravljenja raka.<\/li><li><strong>Zamrzovanje<\/strong> \u2013 metode ohranjanja jaj\u010dec, zarodkov ali tkiva jaj\u010dnikov.<\/li><li><strong>Supresija jaj\u010dnikov<\/strong> \u2013 metoda za\u0161\u010dite jaj\u010dnikov med zdravljenjem raka.<\/li><li><strong>Posebna operacija<\/strong> \u2013 operacija, ki ohranja plodnost, je lahko mo\u017enost za nekatere \u017eenske.<\/li><\/ul><p><strong>Spodnja shema<\/strong> prikazuje odlo\u010ditve o plodnosti, o katerih morajo \u017eenske razmisliti pred za\u010detkom zdravljenja raka. Vsi postopki niso na voljo na vseh klinikah za zdravljenje neplodnosti. Nekatere so novej\u0161e tehnike in \u0161e niso dokazano uspe\u0161ne pri velikem \u0161tevilu \u017eensk.  <\/p><p>Va\u0161a ekipa za zdravljenje raka in zdravljenje neplodnosti vam lahko dodatno svetuje in se z vami pogovori o mo\u017enostih, ki so vam na voljo.<\/p>\t\t\t\t\t\t\t\t<\/div>\n\t\t\t\t<\/div>\n\t\t\t\t<div class=\"elementor-element elementor-element-5154b3b elementor-widget elementor-widget-image\" data-id=\"5154b3b\" data-element_type=\"widget\" data-e-type=\"widget\" data-widget_type=\"image.default\">\n\t\t\t\t<div class=\"elementor-widget-container\">\n\t\t\t\t\t\t\t\t\t\t\t\t\t\t\t<img fetchpriority=\"high\" decoding=\"async\" width=\"800\" height=\"426\" src=\"https:\/\/cancerfertilityandme.org.uk\/wp-content\/uploads\/SL-04-3-1024x545.png\" class=\"attachment-large size-large wp-image-11261\" alt=\"\" srcset=\"https:\/\/cancerfertilityandme.org.uk\/wp-content\/uploads\/SL-04-3-1024x545.png 1024w, https:\/\/cancerfertilityandme.org.uk\/wp-content\/uploads\/SL-04-3-300x160.png 300w, https:\/\/cancerfertilityandme.org.uk\/wp-content\/uploads\/SL-04-3-768x409.png 768w, https:\/\/cancerfertilityandme.org.uk\/wp-content\/uploads\/SL-04-3.png 1046w\" sizes=\"(max-width: 800px) 100vw, 800px\" \/>\t\t\t\t\t\t\t\t\t\t\t\t\t\t\t<\/div>\n\t\t\t\t<\/div>\n\t\t\t\t<div class=\"elementor-element elementor-element-b0376ec elementor-widget elementor-widget-text-editor\" data-id=\"b0376ec\" data-element_type=\"widget\" data-e-type=\"widget\" data-widget_type=\"text-editor.default\">\n\t\t\t\t<div class=\"elementor-widget-container\">\n\t\t\t\t\t\t\t\t\t<p><strong>Poskusite si zapomniti\u2026<\/strong><\/p><p>Vsaka mo\u017enost plodnosti ima razli\u010dne mo\u017enosti za uspeh<\/p><ul><li>Nobena metoda ne deluje 100-odstotno.<\/li><li>Stopnje uspe\u0161nosti vsakega postopka se pri vsaki \u017eenski razlikujejo.<\/li><li>Nobena od njih vam ne more zagotoviti, da boste po zdravljenju raka zanosile in imele otroka.<\/li><\/ul><p>V tem razdelku so zbrane informacije ki obravnavajo vsako mo\u017enost ohranjanja plodnosti.<\/p><p>Ta zbirna <a href=\"https:\/\/cancerfertilityandme.org.uk\/sl\/mlade-zenske\/o-tem-spletnem-mestu\/povezovanje-moznosti-plodnosti\/\">tabela primerja<\/a> razli\u010dne mo\u017enosti ohranjanja plodnosti.<\/p>\t\t\t\t\t\t\t\t<\/div>\n\t\t\t\t<\/div>\n\t\t\t\t<\/div>\n\t\t<div class=\"elementor-element elementor-element-6a19c58a e-con-full e-flex e-con e-child\" data-id=\"6a19c58a\" data-element_type=\"container\" data-e-type=\"container\">\n\t\t<div class=\"elementor-element elementor-element-3d0c81f6 e-con-full e-flex e-con e-child\" data-id=\"3d0c81f6\" data-element_type=\"container\" data-e-type=\"container\">\n\t\t\t\t<div class=\"elementor-element elementor-element-32ff3095 elementor-widget elementor-widget-image\" data-id=\"32ff3095\" data-element_type=\"widget\" data-e-type=\"widget\" data-widget_type=\"image.default\">\n\t\t\t\t<div class=\"elementor-widget-container\">\n\t\t\t\t\t\t\t\t\t\t\t\t\t\t\t\t<a href=\"http:\/\/.\/\">\n\t\t\t\t\t\t\t<img decoding=\"async\" width=\"200\" height=\"200\" src=\"https:\/\/cancerfertilityandme.org.uk\/wp-content\/uploads\/cancerfertilityandme-logo-header-young-women.png\" class=\"attachment-full size-full wp-image-332\" alt=\"\" srcset=\"https:\/\/cancerfertilityandme.org.uk\/wp-content\/uploads\/cancerfertilityandme-logo-header-young-women.png 200w, https:\/\/cancerfertilityandme.org.uk\/wp-content\/uploads\/cancerfertilityandme-logo-header-young-women-150x150.png 150w, https:\/\/cancerfertilityandme.org.uk\/wp-content\/uploads\/elementor\/thumbs\/cancerfertilityandme-logo-header-young-women-r4vfcv1ro149or8nkxzol3x986uodd6lq6no4gpb6w.png 100w\" sizes=\"(max-width: 200px) 100vw, 200px\" \/>\t\t\t\t\t\t\t\t<\/a>\n\t\t\t\t\t\t\t\t\t\t\t\t\t\t\t<\/div>\n\t\t\t\t<\/div>\n\t\t\t\t<\/div>\n\t\t<div class=\"elementor-element elementor-element-5a6c6ae5 e-con-full e-flex e-con e-child\" data-id=\"5a6c6ae5\" data-element_type=\"container\" data-e-type=\"container\">\n\t\t\t\t<div class=\"elementor-element elementor-element-28bb00c0 elementor-widget elementor-widget-heading\" data-id=\"28bb00c0\" data-element_type=\"widget\" data-e-type=\"widget\" data-widget_type=\"heading.default\">\n\t\t\t\t<div class=\"elementor-widget-container\">\n\t\t\t\t\t<h3 class=\"elementor-heading-title elementor-size-default\">Za ve\u010d informacij sledite tem povezavam<\/h3>\t\t\t\t<\/div>\n\t\t\t\t<\/div>\n\t\t\t\t<div class=\"elementor-element elementor-element-2125042a elementor-nav-menu--dropdown-none elementor-widget elementor-widget-nav-menu\" data-id=\"2125042a\" data-element_type=\"widget\" data-e-type=\"widget\" data-settings=\"{&quot;layout&quot;:&quot;vertical&quot;,&quot;submenu_icon&quot;:{&quot;value&quot;:&quot;&lt;svg aria-hidden=\\&quot;true\\&quot; class=\\&quot;e-font-icon-svg e-fas-caret-down\\&quot; viewBox=\\&quot;0 0 320 512\\&quot; xmlns=\\&quot;http:\\\/\\\/www.w3.org\\\/2000\\\/svg\\&quot;&gt;&lt;path d=\\&quot;M31.3 192h257.3c17.8 0 26.7 21.5 14.1 34.1L174.1 354.8c-7.8 7.8-20.5 7.8-28.3 0L17.2 226.1C4.6 213.5 13.5 192 31.3 192z\\&quot;&gt;&lt;\\\/path&gt;&lt;\\\/svg&gt;&quot;,&quot;library&quot;:&quot;fa-solid&quot;}}\" data-widget_type=\"nav-menu.default\">\n\t\t\t\t<div class=\"elementor-widget-container\">\n\t\t\t\t\t\t\t\t<nav aria-label=\"Menu\" class=\"elementor-nav-menu--main elementor-nav-menu__container elementor-nav-menu--layout-vertical e--pointer-none\">\n\t\t\t\t<ul id=\"menu-1-2125042a\" class=\"elementor-nav-menu sm-vertical\"><li class=\"menu-item menu-item-type-post_type menu-item-object-page menu-item-8511\"><a href=\"https:\/\/cancerfertilityandme.org.uk\/young-women\/fertility-preservation\/\" class=\"elementor-item\">O ohranjanju plodnosti<\/a><\/li>\n<li class=\"menu-item menu-item-type-post_type menu-item-object-page menu-item-8514\"><a href=\"https:\/\/cancerfertilityandme.org.uk\/young-women\/fertility-preservation\/no-fertility-preservation\/\" class=\"elementor-item\">Brez ohranjanja plodnosti<\/a><\/li>\n<li class=\"menu-item menu-item-type-post_type menu-item-object-page menu-item-8512\"><a href=\"https:\/\/cancerfertilityandme.org.uk\/young-women\/fertility-preservation\/egg-freezing\/\" class=\"elementor-item\">Zamrzovanje jaj\u010dec<\/a><\/li>\n<li class=\"menu-item menu-item-type-post_type menu-item-object-page menu-item-8513\"><a href=\"https:\/\/cancerfertilityandme.org.uk\/young-women\/fertility-preservation\/embryo-freezing\/\" class=\"elementor-item\">Zamrzovanje zarodkov<\/a><\/li>\n<li class=\"menu-item menu-item-type-post_type menu-item-object-page menu-item-8518\"><a href=\"https:\/\/cancerfertilityandme.org.uk\/young-women\/fertility-preservation\/ovarian-tissue-freezing\/\" class=\"elementor-item\">Zamrzovanje tkiva jaj\u010dnikov<\/a><\/li>\n<li class=\"menu-item menu-item-type-post_type menu-item-object-page menu-item-8515\"><a href=\"https:\/\/cancerfertilityandme.org.uk\/young-women\/fertility-preservation\/ovarian-suppression\/\" class=\"elementor-item\">Zatiranje jaj\u010dnikov<\/a><\/li>\n<li class=\"menu-item menu-item-type-post_type menu-item-object-page menu-item-8519\"><a href=\"https:\/\/cancerfertilityandme.org.uk\/young-women\/fertility-preservation\/fertility-sparing-procedures\/\" class=\"elementor-item\">Postopki za ohranitev plodnosti, zna\u010dilni za nekatere vrste raka<\/a><\/li>\n<li class=\"menu-item menu-item-type-post_type menu-item-object-page menu-item-8520\"><a href=\"https:\/\/cancerfertilityandme.org.uk\/young-women\/fertility-preservation\/financial-costs\/\" class=\"elementor-item\">Finan\u010dni stro\u0161ki<\/a><\/li>\n<li class=\"menu-item menu-item-type-post_type menu-item-object-page menu-item-8521\"><a href=\"https:\/\/cancerfertilityandme.org.uk\/young-women\/fertility-preservation\/summary-of-options\/\" class=\"elementor-item\">Povzetek mo\u017enosti<\/a><\/li>\n<li class=\"menu-item menu-item-type-post_type menu-item-object-page menu-item-8522\"><a href=\"https:\/\/cancerfertilityandme.org.uk\/young-women\/fertility-preservation\/questions-to-ask-about-fertility-preservation\/\" class=\"elementor-item\">Vpra\u0161anja, ki jih zastavite svoji ekipi za zdravljenje raka in za ohranjanje plodnosti<\/a><\/li>\n<\/ul>\t\t\t<\/nav>\n\t\t\t\t\t\t<nav class=\"elementor-nav-menu--dropdown elementor-nav-menu__container\" aria-hidden=\"true\">\n\t\t\t\t<ul id=\"menu-2-2125042a\" class=\"elementor-nav-menu sm-vertical\"><li class=\"menu-item menu-item-type-post_type menu-item-object-page menu-item-8511\"><a href=\"https:\/\/cancerfertilityandme.org.uk\/young-women\/fertility-preservation\/\" class=\"elementor-item\" tabindex=\"-1\">O ohranjanju plodnosti<\/a><\/li>\n<li class=\"menu-item menu-item-type-post_type menu-item-object-page menu-item-8514\"><a href=\"https:\/\/cancerfertilityandme.org.uk\/young-women\/fertility-preservation\/no-fertility-preservation\/\" class=\"elementor-item\" tabindex=\"-1\">Brez ohranjanja plodnosti<\/a><\/li>\n<li class=\"menu-item menu-item-type-post_type menu-item-object-page menu-item-8512\"><a href=\"https:\/\/cancerfertilityandme.org.uk\/young-women\/fertility-preservation\/egg-freezing\/\" class=\"elementor-item\" tabindex=\"-1\">Zamrzovanje jaj\u010dec<\/a><\/li>\n<li class=\"menu-item menu-item-type-post_type menu-item-object-page menu-item-8513\"><a href=\"https:\/\/cancerfertilityandme.org.uk\/young-women\/fertility-preservation\/embryo-freezing\/\" class=\"elementor-item\" tabindex=\"-1\">Zamrzovanje zarodkov<\/a><\/li>\n<li class=\"menu-item menu-item-type-post_type menu-item-object-page menu-item-8518\"><a href=\"https:\/\/cancerfertilityandme.org.uk\/young-women\/fertility-preservation\/ovarian-tissue-freezing\/\" class=\"elementor-item\" tabindex=\"-1\">Zamrzovanje tkiva jaj\u010dnikov<\/a><\/li>\n<li class=\"menu-item menu-item-type-post_type menu-item-object-page menu-item-8515\"><a href=\"https:\/\/cancerfertilityandme.org.uk\/young-women\/fertility-preservation\/ovarian-suppression\/\" class=\"elementor-item\" tabindex=\"-1\">Zatiranje jaj\u010dnikov<\/a><\/li>\n<li class=\"menu-item menu-item-type-post_type menu-item-object-page menu-item-8519\"><a href=\"https:\/\/cancerfertilityandme.org.uk\/young-women\/fertility-preservation\/fertility-sparing-procedures\/\" class=\"elementor-item\" tabindex=\"-1\">Postopki za ohranitev plodnosti, zna\u010dilni za nekatere vrste raka<\/a><\/li>\n<li class=\"menu-item menu-item-type-post_type menu-item-object-page menu-item-8520\"><a href=\"https:\/\/cancerfertilityandme.org.uk\/young-women\/fertility-preservation\/financial-costs\/\" class=\"elementor-item\" tabindex=\"-1\">Finan\u010dni stro\u0161ki<\/a><\/li>\n<li class=\"menu-item menu-item-type-post_type menu-item-object-page menu-item-8521\"><a href=\"https:\/\/cancerfertilityandme.org.uk\/young-women\/fertility-preservation\/summary-of-options\/\" class=\"elementor-item\" tabindex=\"-1\">Povzetek mo\u017enosti<\/a><\/li>\n<li class=\"menu-item menu-item-type-post_type menu-item-object-page menu-item-8522\"><a href=\"https:\/\/cancerfertilityandme.org.uk\/young-women\/fertility-preservation\/questions-to-ask-about-fertility-preservation\/\" class=\"elementor-item\" tabindex=\"-1\">Vpra\u0161anja, ki jih zastavite svoji ekipi za zdravljenje raka in za ohranjanje plodnosti<\/a><\/li>\n<\/ul>\t\t\t<\/nav>\n\t\t\t\t\t\t<\/div>\n\t\t\t\t<\/div>\n\t\t\t\t<\/div>\n\t\t\t\t<\/div>\n\t\t\t\t\t<\/div>\n\t\t\t\t<\/main>\n\t\t\t\t<\/div>\n\t\t","protected":false},"excerpt":{"rendered":"<p>O ohranjanju plodnosti. Kak\u0161ne so moje mo\u017enosti? V tem razdelku so informacije o mo\u017enostih ohranjanja plodnosti za \u017eenske z rakom pred za\u010detkom zdravljenja raka. Izberete lahko: Brez ohranjanja plodnosti \u2013 takoj\u0161en za\u010detek zdravljenja raka. Zamrzovanje \u2013 metode ohranjanja jaj\u010dec, zarodkov ali tkiva jaj\u010dnikov. Supresija jaj\u010dnikov \u2013 metoda za\u0161\u010dite jaj\u010dnikov med zdravljenjem raka. Posebna operacija \u2013 [&hellip;]<\/p>\n","protected":false},"author":1,"featured_media":0,"parent":8281,"menu_order":0,"comment_status":"open","ping_status":"closed","template":"","meta":{"footnotes":""},"class_list":["post-8335","page","type-page","status-publish","hentry"],"_links":{"self":[{"href":"https:\/\/cancerfertilityandme.org.uk\/sl\/wp-json\/wp\/v2\/pages\/8335","targetHints":{"allow":["GET"]}}],"collection":[{"href":"https:\/\/cancerfertilityandme.org.uk\/sl\/wp-json\/wp\/v2\/pages"}],"about":[{"href":"https:\/\/cancerfertilityandme.org.uk\/sl\/wp-json\/wp\/v2\/types\/page"}],"author":[{"embeddable":true,"href":"https:\/\/cancerfertilityandme.org.uk\/sl\/wp-json\/wp\/v2\/users\/1"}],"replies":[{"embeddable":true,"href":"https:\/\/cancerfertilityandme.org.uk\/sl\/wp-json\/wp\/v2\/comments?post=8335"}],"version-history":[{"count":6,"href":"https:\/\/cancerfertilityandme.org.uk\/sl\/wp-json\/wp\/v2\/pages\/8335\/revisions"}],"predecessor-version":[{"id":13618,"href":"https:\/\/cancerfertilityandme.org.uk\/sl\/wp-json\/wp\/v2\/pages\/8335\/revisions\/13618"}],"up":[{"embeddable":true,"href":"https:\/\/cancerfertilityandme.org.uk\/sl\/wp-json\/wp\/v2\/pages\/8281"}],"wp:attachment":[{"href":"https:\/\/cancerfertilityandme.org.uk\/sl\/wp-json\/wp\/v2\/media?parent=8335"}],"curies":[{"name":"wp","href":"https:\/\/api.w.org\/{rel}","templated":true}]}}