{"id":8333,"date":"2023-04-06T12:49:44","date_gmt":"2023-04-06T12:49:44","guid":{"rendered":"https:\/\/cancerfertilityandme.org.uk\/kako-se-pogovoriti-z-drugimi-o-svoji-odlocitvi-o-ohranjanju-plodnosti\/"},"modified":"2026-02-06T15:15:34","modified_gmt":"2026-02-06T15:15:34","slug":"kako-se-pogovoriti-z-drugimi-o-svoji-odlocitvi-o-ohranjanju-plodnosti","status":"publish","type":"page","link":"https:\/\/cancerfertilityandme.org.uk\/sl\/mlade-zenske\/sprejem-odlocitve-za-ohranjanje-plodnosti\/kako-se-pogovoriti-z-drugimi-o-svoji-odlocitvi-o-ohranjanju-plodnosti\/","title":{"rendered":"Kako se pogovoriti z drugimi o svoji odlo\u010ditvi o ohranjanju plodnosti"},"content":{"rendered":"\t\t<div data-elementor-type=\"wp-page\" data-elementor-id=\"8333\" class=\"elementor elementor-8333 elementor-7821\" data-elementor-post-type=\"page\">\n\t\t\t\t<main class=\"elementor-element elementor-element-2044ffe5 e-flex e-con-boxed e-con e-parent\" data-id=\"2044ffe5\" data-element_type=\"container\" data-e-type=\"container\">\n\t\t\t\t\t<div class=\"e-con-inner\">\n\t\t<div class=\"elementor-element elementor-element-270d3d2a e-con-full e-flex e-con e-child\" data-id=\"270d3d2a\" data-element_type=\"container\" data-e-type=\"container\">\n\t\t\t\t<div class=\"elementor-element elementor-element-6e19282f elementor-widget elementor-widget-text-editor\" data-id=\"6e19282f\" data-element_type=\"widget\" data-e-type=\"widget\" data-widget_type=\"text-editor.default\">\n\t\t\t\t<div class=\"elementor-widget-container\">\n\t\t\t\t\t\t\t\t\t<h2>Kako se pogovoriti z drugimi o svoji odlo\u010ditvi o ohranjanju plodnosti<\/h2><p><strong>Nekaterim \u017eenskam pomaga, \u010de se o diagnozi raka in ohranjanju plodnosti pogovorijo z drugimi.<\/strong><\/p><p>Morda vam bo v pomo\u010d, \u010de se boste pogovorile o vpra\u0161anjih, kot so:<\/p><ul><li>Sprejemanje te\u017ekih odlo\u010ditev. Izra\u017eanje svojih \u010dustev svojim bli\u017enjim.<\/li><li>Na\u010dini, s katerimi lahko obvladujete svoja \u010dustva.<\/li><li>Vpliv raka in plodnosti na va\u0161e odnose.<\/li><li>Anksioznost in stres.<\/li><li>Spoprijemanje z zdravljenjem raka in terapijami za ohranjanje plodnosti.<\/li><\/ul><p>Iskanje najbolj\u0161e podpore vam bo olaj\u0161alo spoprijemanje s situacijo v kateri ste se zna\u0161li. Ljudje izbirajo razli\u010dne na\u010dine, ki jim pomagajo, da se po\u010dutijo podprte. Ti na\u010dini lahko vklju\u010dujejo:  <\/p><ul><li>Seznanjanje z vsemi razpolo\u017eljivimi mo\u017enostmi.<\/li><li>Pisanje dnevnika ali zapiskov o svojih razmi\u0161ljanjih in razlogih za odlo\u010ditve.<\/li><li>Razmislek o tem, koga boste \u017eeleli vklju\u010diti v odlo\u010danje \u2013 partnerja, dru\u017eino in prijatelje ali medicinsko sestro ali zdravnika. <\/li><li>Iskanje svetovanj. To lahko storite sami, s partnerjem ali z nekom drugim, ki vam je blizu. Na klinikah za zdravljenje plodnosti in raka so lahko na voljo strokovni svetovalci, ki niso neposredno vpleteni v va\u0161e terapije. Navajamo \u0161e druge svetovalne organizacije, ki lahko zagotovijo to posebno svetovalno podporo <a href=\"https:\/\/cancerfertilityandme.org.uk\/sl\/domaca-stran\/koristne-povezave-2\/\">tukaj<\/a>.  <\/li><li>Pogovori z ljudmi, s podobnimi izku\u0161njami. Na voljo so vam organizacije ki nudijo podporo <a href=\"https:\/\/cancerfertilityandme.org.uk\/sl\/domaca-stran\/koristne-povezave-2\/\">tukaj<\/a>. Lahko pride do trenutka , ko se o plodnosti in raku ne boste \u017eeleli pogovarjati V redu je, \u010de o tem ne \u017eelite govoriti, in v redu je, \u010de to poveste ljudem. Morda recite nekaj takega: \u201cVem, da spra\u0161uje\u0161, ker ti ni vseeno, ampak zdaj bi se rad pogovoril o tem, kaj sem sino\u010di gledal na televiziji.\u201d<br>    <\/li><\/ul>\t\t\t\t\t\t\t\t<\/div>\n\t\t\t\t<\/div>\n\t\t\t\t<\/div>\n\t\t<div class=\"elementor-element elementor-element-14deb032 e-con-full e-flex e-con e-child\" data-id=\"14deb032\" data-element_type=\"container\" data-e-type=\"container\">\n\t\t<div class=\"elementor-element elementor-element-6dc0aee2 e-con-full e-flex e-con e-child\" data-id=\"6dc0aee2\" data-element_type=\"container\" data-e-type=\"container\">\n\t\t\t\t<div class=\"elementor-element elementor-element-7d028595 elementor-widget elementor-widget-image\" data-id=\"7d028595\" data-element_type=\"widget\" data-e-type=\"widget\" data-widget_type=\"image.default\">\n\t\t\t\t<div class=\"elementor-widget-container\">\n\t\t\t\t\t\t\t\t\t\t\t\t\t\t\t\t<a href=\"http:\/\/.\/\">\n\t\t\t\t\t\t\t<img decoding=\"async\" width=\"200\" height=\"200\" src=\"https:\/\/cancerfertilityandme.org.uk\/wp-content\/uploads\/cancerfertilityandme-logo-header-young-women.png\" class=\"attachment-full size-full wp-image-332\" alt=\"\" srcset=\"https:\/\/cancerfertilityandme.org.uk\/wp-content\/uploads\/cancerfertilityandme-logo-header-young-women.png 200w, https:\/\/cancerfertilityandme.org.uk\/wp-content\/uploads\/cancerfertilityandme-logo-header-young-women-150x150.png 150w, https:\/\/cancerfertilityandme.org.uk\/wp-content\/uploads\/elementor\/thumbs\/cancerfertilityandme-logo-header-young-women-r4vfcv1ro149or8nkxzol3x986uodd6lq6no4gpb6w.png 100w\" sizes=\"(max-width: 200px) 100vw, 200px\" \/>\t\t\t\t\t\t\t\t<\/a>\n\t\t\t\t\t\t\t\t\t\t\t\t\t\t\t<\/div>\n\t\t\t\t<\/div>\n\t\t\t\t<\/div>\n\t\t<div class=\"elementor-element elementor-element-3976e185 e-con-full e-flex e-con e-child\" data-id=\"3976e185\" data-element_type=\"container\" data-e-type=\"container\">\n\t\t\t\t<div class=\"elementor-element elementor-element-41beb9c6 elementor-widget elementor-widget-heading\" data-id=\"41beb9c6\" data-element_type=\"widget\" data-e-type=\"widget\" data-widget_type=\"heading.default\">\n\t\t\t\t<div class=\"elementor-widget-container\">\n\t\t\t\t\t<h3 class=\"elementor-heading-title elementor-size-default\">Za ve\u010d informacij sledite tem povezavam<\/h3>\t\t\t\t<\/div>\n\t\t\t\t<\/div>\n\t\t\t\t<div class=\"elementor-element elementor-element-1bece2b2 elementor-nav-menu--dropdown-none elementor-widget elementor-widget-nav-menu\" data-id=\"1bece2b2\" data-element_type=\"widget\" data-e-type=\"widget\" data-settings=\"{&quot;layout&quot;:&quot;vertical&quot;,&quot;submenu_icon&quot;:{&quot;value&quot;:&quot;&lt;svg aria-hidden=\\&quot;true\\&quot; class=\\&quot;e-font-icon-svg e-fas-caret-down\\&quot; viewBox=\\&quot;0 0 320 512\\&quot; xmlns=\\&quot;http:\\\/\\\/www.w3.org\\\/2000\\\/svg\\&quot;&gt;&lt;path d=\\&quot;M31.3 192h257.3c17.8 0 26.7 21.5 14.1 34.1L174.1 354.8c-7.8 7.8-20.5 7.8-28.3 0L17.2 226.1C4.6 213.5 13.5 192 31.3 192z\\&quot;&gt;&lt;\\\/path&gt;&lt;\\\/svg&gt;&quot;,&quot;library&quot;:&quot;fa-solid&quot;}}\" data-widget_type=\"nav-menu.default\">\n\t\t\t\t<div class=\"elementor-widget-container\">\n\t\t\t\t\t\t\t\t<nav aria-label=\"Menu\" class=\"elementor-nav-menu--main elementor-nav-menu__container elementor-nav-menu--layout-vertical e--pointer-none\">\n\t\t\t\t<ul id=\"menu-1-1bece2b2\" class=\"elementor-nav-menu sm-vertical\"><li class=\"menu-item menu-item-type-post_type menu-item-object-page menu-item-8524\"><a href=\"https:\/\/cancerfertilityandme.org.uk\/young-women\/making-your-decision\/\" class=\"elementor-item\">Sprejem odlo\u010ditve za ohranjanje plodnosti<\/a><\/li>\n<li class=\"menu-item menu-item-type-post_type menu-item-object-page menu-item-8525\"><a href=\"https:\/\/cancerfertilityandme.org.uk\/young-women\/making-your-decision\/talking-about-fertility-preservation\/\" class=\"elementor-item\">Pogovor o ohranjanju plodnosti z ekipoo za plodnost<\/a><\/li>\n<li class=\"menu-item menu-item-type-post_type menu-item-object-page menu-item-8526\"><a href=\"https:\/\/cancerfertilityandme.org.uk\/young-women\/making-your-decision\/talking-about-fertility-preservation-decision-with-others\/\" class=\"elementor-item\">Kako se pogovoriti z drugimi o svoji odlo\u010ditvi o ohranjanju plodnosti<\/a><\/li>\n<\/ul>\t\t\t<\/nav>\n\t\t\t\t\t\t<nav class=\"elementor-nav-menu--dropdown elementor-nav-menu__container\" aria-hidden=\"true\">\n\t\t\t\t<ul id=\"menu-2-1bece2b2\" class=\"elementor-nav-menu sm-vertical\"><li class=\"menu-item menu-item-type-post_type menu-item-object-page menu-item-8524\"><a href=\"https:\/\/cancerfertilityandme.org.uk\/young-women\/making-your-decision\/\" class=\"elementor-item\" tabindex=\"-1\">Sprejem odlo\u010ditve za ohranjanje plodnosti<\/a><\/li>\n<li class=\"menu-item menu-item-type-post_type menu-item-object-page menu-item-8525\"><a href=\"https:\/\/cancerfertilityandme.org.uk\/young-women\/making-your-decision\/talking-about-fertility-preservation\/\" class=\"elementor-item\" tabindex=\"-1\">Pogovor o ohranjanju plodnosti z ekipoo za plodnost<\/a><\/li>\n<li class=\"menu-item menu-item-type-post_type menu-item-object-page menu-item-8526\"><a href=\"https:\/\/cancerfertilityandme.org.uk\/young-women\/making-your-decision\/talking-about-fertility-preservation-decision-with-others\/\" class=\"elementor-item\" tabindex=\"-1\">Kako se pogovoriti z drugimi o svoji odlo\u010ditvi o ohranjanju plodnosti<\/a><\/li>\n<\/ul>\t\t\t<\/nav>\n\t\t\t\t\t\t<\/div>\n\t\t\t\t<\/div>\n\t\t\t\t<\/div>\n\t\t\t\t<\/div>\n\t\t\t\t\t<\/div>\n\t\t\t\t<\/main>\n\t\t\t\t<\/div>\n\t\t","protected":false},"excerpt":{"rendered":"<p>Kako se pogovoriti z drugimi o svoji odlo\u010ditvi o ohranjanju plodnosti Nekaterim \u017eenskam pomaga, \u010de se o diagnozi raka in ohranjanju plodnosti pogovorijo z drugimi. Morda vam bo v pomo\u010d, \u010de se boste pogovorile o vpra\u0161anjih, kot so: Sprejemanje te\u017ekih odlo\u010ditev. Izra\u017eanje svojih \u010dustev svojim bli\u017enjim. Na\u010dini, s katerimi lahko obvladujete svoja \u010dustva. Vpliv raka [&hellip;]<\/p>\n","protected":false},"author":1,"featured_media":0,"parent":8313,"menu_order":0,"comment_status":"open","ping_status":"closed","template":"","meta":{"footnotes":""},"class_list":["post-8333","page","type-page","status-publish","hentry"],"_links":{"self":[{"href":"https:\/\/cancerfertilityandme.org.uk\/sl\/wp-json\/wp\/v2\/pages\/8333","targetHints":{"allow":["GET"]}}],"collection":[{"href":"https:\/\/cancerfertilityandme.org.uk\/sl\/wp-json\/wp\/v2\/pages"}],"about":[{"href":"https:\/\/cancerfertilityandme.org.uk\/sl\/wp-json\/wp\/v2\/types\/page"}],"author":[{"embeddable":true,"href":"https:\/\/cancerfertilityandme.org.uk\/sl\/wp-json\/wp\/v2\/users\/1"}],"replies":[{"embeddable":true,"href":"https:\/\/cancerfertilityandme.org.uk\/sl\/wp-json\/wp\/v2\/comments?post=8333"}],"version-history":[{"count":2,"href":"https:\/\/cancerfertilityandme.org.uk\/sl\/wp-json\/wp\/v2\/pages\/8333\/revisions"}],"predecessor-version":[{"id":10302,"href":"https:\/\/cancerfertilityandme.org.uk\/sl\/wp-json\/wp\/v2\/pages\/8333\/revisions\/10302"}],"up":[{"embeddable":true,"href":"https:\/\/cancerfertilityandme.org.uk\/sl\/wp-json\/wp\/v2\/pages\/8313"}],"wp:attachment":[{"href":"https:\/\/cancerfertilityandme.org.uk\/sl\/wp-json\/wp\/v2\/media?parent=8333"}],"curies":[{"name":"wp","href":"https:\/\/api.w.org\/{rel}","templated":true}]}}