{"id":8331,"date":"2023-04-02T16:34:20","date_gmt":"2023-04-02T16:34:20","guid":{"rendered":"https:\/\/cancerfertilityandme.org.uk\/pogovor-o-ohranjanju-plodnosti-z-ekipoo-za-plodnost\/"},"modified":"2026-02-06T14:43:16","modified_gmt":"2026-02-06T14:43:16","slug":"pogovor-o-ohranjanju-plodnosti-z-ekipoo-za-plodnost","status":"publish","type":"page","link":"https:\/\/cancerfertilityandme.org.uk\/sl\/mlade-zenske\/sprejem-odlocitve-za-ohranjanje-plodnosti\/pogovor-o-ohranjanju-plodnosti-z-ekipoo-za-plodnost\/","title":{"rendered":"Pogovor o ohranjanju plodnosti z ekipoo za plodnost"},"content":{"rendered":"\t\t<div data-elementor-type=\"wp-page\" data-elementor-id=\"8331\" class=\"elementor elementor-8331 elementor-7761\" data-elementor-post-type=\"page\">\n\t\t\t\t<main class=\"elementor-element elementor-element-33337609 e-flex e-con-boxed e-con e-parent\" data-id=\"33337609\" data-element_type=\"container\" data-e-type=\"container\">\n\t\t\t\t\t<div class=\"e-con-inner\">\n\t\t<div class=\"elementor-element elementor-element-2ec8e3ed e-con-full e-flex e-con e-child\" data-id=\"2ec8e3ed\" data-element_type=\"container\" data-e-type=\"container\">\n\t\t\t\t<div class=\"elementor-element elementor-element-2d95895a elementor-widget elementor-widget-text-editor\" data-id=\"2d95895a\" data-element_type=\"widget\" data-e-type=\"widget\" data-widget_type=\"text-editor.default\">\n\t\t\t\t<div class=\"elementor-widget-container\">\n\t\t\t\t\t\t\t\t\t<h2>Pogovor o ohranjanju plodnosti z ekipo za plodnost<\/h2><p>Ekipa za plodnost izvaja postopke, znane kot ohranjanje plodnosti, za \u017eenske, pri katerih je bil diagnosticiran rak. Ekipa za plodnost se lahko z vami pogovori o va\u0161i odlo\u010ditvi, ali \u017eelite opraviti postopke za ohranjanje plodnosti ali ne. <\/p><p>Posvet o ohranjanju plodnosti je odvisen od klinike, ki jo obiskujete, va\u0161e diagnoze raka in na\u010drtovanega zdravljenja raka. Ekipa za plodnost bo pregledala va\u0161o zdravstveno anamnezo in se prepri\u010dala o ustrezenosti postopka ohranjanja plodnosti. Razlo\u017eili vam bodo, kaj posamezen postopek vklju\u010duje, kak\u0161na je stopnja uspe\u0161nosti in kak\u0161ni so stranski u\u010dinki zdravljenja neplodnosti. \u010ce bodo potrebne dodatne preiskave, se jih opravijo pred za\u010detkom zdravljenja neplodnosti. Prav tako se boste lahko pogovorili o razli\u010dnih mo\u017enostih ohranjanja plodnosti, ki so na voljo na kliniki.    <\/p><p>\u010ce se boste odlo\u010dili za terapijo ohranjanja plodnosti, bodo najprej opravili razli\u010dne preiskave. Sem pri\u0161tevamo krvne preiskave za merjenje ravni hormonov in druge presejalne preiskave. Ekipa za plodnost se bo z vami posvetovala glede vpra\u0161anj o privolitvi v zdravljenje, po priporo\u010dilih HFEA. <\/p><p>\u010clani va\u0161e ekipe za zdravljenje raka vas bodo lahko napotili na kliniko za zdravljenje neplodnosti. Lahko jih prosite, da \u010dim prej za\u010dnejo z va\u0161o terapijo, da se prepre\u010di kakr\u0161nakoli odlo\u017eitev za\u010detka zdravljenja raka<\/p>\t\t\t\t\t\t\t\t<\/div>\n\t\t\t\t<\/div>\n\t\t<div class=\"elementor-element elementor-element-30000985 e-con-full e-flex e-con e-child\" data-id=\"30000985\" data-element_type=\"container\" data-e-type=\"container\" data-settings=\"{&quot;background_background&quot;:&quot;classic&quot;}\">\n\t\t\t\t<div class=\"elementor-element elementor-element-5606b1a3 elementor-widget elementor-widget-text-editor\" data-id=\"5606b1a3\" data-element_type=\"widget\" data-e-type=\"widget\" data-widget_type=\"text-editor.default\">\n\t\t\t\t<div class=\"elementor-widget-container\">\n\t\t\t\t\t\t\t\t\t<h2>\u010ce \u017eelite, da vas napotijo na kliniko za plodnost, morate preveriti nekaj stvari:<\/h2><ul><li>Ali me je \u010dlan moje ekipee za zdravljenje raka napotil na kliniko za plodnost?<\/li><li>Ali sem prejela termin za obisk ekipe za plodnost?<\/li><\/ul><p>\u010ce je va\u0161 odgovor negativen ali niste prepri\u010dani, lahko prosite svojo ekipo za zdravljenje raka, da za vas \u010dim prej stopi v stik s kliniko za zdravljenje neplodnosti.<\/p><p>Na kliniki za zdravljenje neplodnosti boste morda morali postavljati vpra\u0161anja. Tukaj je nekaj vpra\u0161anj, ki so vam lahko v pomo\u010d: <\/p>\t\t\t\t\t\t\t\t<\/div>\n\t\t\t\t<\/div>\n\t\t\t\t<\/div>\n\t\t<div class=\"elementor-element elementor-element-ff8e1ab e-con-full e-flex e-con e-child\" data-id=\"ff8e1ab\" data-element_type=\"container\" data-e-type=\"container\" data-settings=\"{&quot;background_background&quot;:&quot;classic&quot;}\">\n\t\t\t\t<div class=\"elementor-element elementor-element-8eb63b9 elementor-widget elementor-widget-text-editor\" data-id=\"8eb63b9\" data-element_type=\"widget\" data-e-type=\"widget\" data-widget_type=\"text-editor.default\">\n\t\t\t\t<div class=\"elementor-widget-container\">\n\t\t\t\t\t\t\t\t\t<h2>Vpra\u0161anja, ki jih lahko zastavite svoji ekipi za zdravljenje raka in za zdravljenje neplodnosti<\/h2><h3>Tukaj navedena vpra\u0161anja vam lahko pomagajo pri pripravi na posvetovanje o plodnosti.<\/h3><ul><li>Kako dolgo traja ohranjanje plodnosti?<\/li><li>Za koliko \u010dasa se lahko zdravljenje raka zavle\u010de?<\/li><li>Kak\u0161ne so moje mo\u017enosti, da bom imela v prihodnosti lastne otroke?<\/li><li>Ali bo ohranitev plodnosti vplivala na mo\u017enost, da se rak vrne?<\/li><\/ul><ul><li>Ali me je \u010dlan moje ekipee za zdravljenje raka napotil na kliniko za plodnost?<\/li><li>Ali sem prejela termin za obisk ekipe za plodnost?<\/li><\/ul><p>\u010ce je va\u0161 odgovor negativen ali niste prepri\u010dani, lahko prosite svojo ekipo za zdravljenje raka, da za vas \u010dim prej stopi v stik s kliniko za zdravljenje neplodnosti.<\/p><p>Na kliniki za zdravljenje neplodnosti boste morda morali postavljati vpra\u0161anja. Tukaj je nekaj vpra\u0161anj, ki so vam lahko v pomo\u010d: <\/p>\t\t\t\t\t\t\t\t<\/div>\n\t\t\t\t<\/div>\n\t\t\t\t<\/div>\n\t\t\t\t<\/div>\n\t\t<div class=\"elementor-element elementor-element-1de02523 e-con-full e-flex e-con e-child\" data-id=\"1de02523\" data-element_type=\"container\" data-e-type=\"container\">\n\t\t<div class=\"elementor-element elementor-element-22d6fda7 e-con-full e-flex e-con e-child\" data-id=\"22d6fda7\" data-element_type=\"container\" data-e-type=\"container\">\n\t\t\t\t<div class=\"elementor-element elementor-element-21e88bb elementor-widget elementor-widget-image\" data-id=\"21e88bb\" data-element_type=\"widget\" data-e-type=\"widget\" data-widget_type=\"image.default\">\n\t\t\t\t<div class=\"elementor-widget-container\">\n\t\t\t\t\t\t\t\t\t\t\t\t\t\t\t\t<a href=\"http:\/\/.\/\">\n\t\t\t\t\t\t\t<img decoding=\"async\" width=\"200\" height=\"200\" src=\"https:\/\/cancerfertilityandme.org.uk\/wp-content\/uploads\/cancerfertilityandme-logo-header-young-women.png\" class=\"attachment-full size-full wp-image-332\" alt=\"\" srcset=\"https:\/\/cancerfertilityandme.org.uk\/wp-content\/uploads\/cancerfertilityandme-logo-header-young-women.png 200w, https:\/\/cancerfertilityandme.org.uk\/wp-content\/uploads\/cancerfertilityandme-logo-header-young-women-150x150.png 150w, https:\/\/cancerfertilityandme.org.uk\/wp-content\/uploads\/elementor\/thumbs\/cancerfertilityandme-logo-header-young-women-r4vfcv1ro149or8nkxzol3x986uodd6lq6no4gpb6w.png 100w\" sizes=\"(max-width: 200px) 100vw, 200px\" \/>\t\t\t\t\t\t\t\t<\/a>\n\t\t\t\t\t\t\t\t\t\t\t\t\t\t\t<\/div>\n\t\t\t\t<\/div>\n\t\t\t\t<\/div>\n\t\t<div class=\"elementor-element elementor-element-585463e6 e-con-full e-flex e-con e-child\" data-id=\"585463e6\" data-element_type=\"container\" data-e-type=\"container\">\n\t\t\t\t<div class=\"elementor-element elementor-element-1253d3e9 elementor-widget elementor-widget-heading\" data-id=\"1253d3e9\" data-element_type=\"widget\" data-e-type=\"widget\" data-widget_type=\"heading.default\">\n\t\t\t\t<div class=\"elementor-widget-container\">\n\t\t\t\t\t<h3 class=\"elementor-heading-title elementor-size-default\">Za ve\u010d informacij sledite tem povezavam<\/h3>\t\t\t\t<\/div>\n\t\t\t\t<\/div>\n\t\t\t\t<div class=\"elementor-element elementor-element-74a47d0f elementor-nav-menu--dropdown-none elementor-widget elementor-widget-nav-menu\" data-id=\"74a47d0f\" data-element_type=\"widget\" data-e-type=\"widget\" data-settings=\"{&quot;layout&quot;:&quot;vertical&quot;,&quot;submenu_icon&quot;:{&quot;value&quot;:&quot;&lt;svg aria-hidden=\\&quot;true\\&quot; class=\\&quot;e-font-icon-svg e-fas-caret-down\\&quot; viewBox=\\&quot;0 0 320 512\\&quot; xmlns=\\&quot;http:\\\/\\\/www.w3.org\\\/2000\\\/svg\\&quot;&gt;&lt;path d=\\&quot;M31.3 192h257.3c17.8 0 26.7 21.5 14.1 34.1L174.1 354.8c-7.8 7.8-20.5 7.8-28.3 0L17.2 226.1C4.6 213.5 13.5 192 31.3 192z\\&quot;&gt;&lt;\\\/path&gt;&lt;\\\/svg&gt;&quot;,&quot;library&quot;:&quot;fa-solid&quot;}}\" data-widget_type=\"nav-menu.default\">\n\t\t\t\t<div class=\"elementor-widget-container\">\n\t\t\t\t\t\t\t\t<nav aria-label=\"Menu\" class=\"elementor-nav-menu--main elementor-nav-menu__container elementor-nav-menu--layout-vertical e--pointer-none\">\n\t\t\t\t<ul id=\"menu-1-74a47d0f\" class=\"elementor-nav-menu sm-vertical\"><li class=\"menu-item menu-item-type-post_type menu-item-object-page menu-item-8524\"><a href=\"https:\/\/cancerfertilityandme.org.uk\/young-women\/making-your-decision\/\" class=\"elementor-item\">Sprejem odlo\u010ditve za ohranjanje plodnosti<\/a><\/li>\n<li class=\"menu-item menu-item-type-post_type menu-item-object-page menu-item-8525\"><a href=\"https:\/\/cancerfertilityandme.org.uk\/young-women\/making-your-decision\/talking-about-fertility-preservation\/\" class=\"elementor-item\">Pogovor o ohranjanju plodnosti z ekipoo za plodnost<\/a><\/li>\n<li class=\"menu-item menu-item-type-post_type menu-item-object-page menu-item-8526\"><a href=\"https:\/\/cancerfertilityandme.org.uk\/young-women\/making-your-decision\/talking-about-fertility-preservation-decision-with-others\/\" class=\"elementor-item\">Kako se pogovoriti z drugimi o svoji odlo\u010ditvi o ohranjanju plodnosti<\/a><\/li>\n<\/ul>\t\t\t<\/nav>\n\t\t\t\t\t\t<nav class=\"elementor-nav-menu--dropdown elementor-nav-menu__container\" aria-hidden=\"true\">\n\t\t\t\t<ul id=\"menu-2-74a47d0f\" class=\"elementor-nav-menu sm-vertical\"><li class=\"menu-item menu-item-type-post_type menu-item-object-page menu-item-8524\"><a href=\"https:\/\/cancerfertilityandme.org.uk\/young-women\/making-your-decision\/\" class=\"elementor-item\" tabindex=\"-1\">Sprejem odlo\u010ditve za ohranjanje plodnosti<\/a><\/li>\n<li class=\"menu-item menu-item-type-post_type menu-item-object-page menu-item-8525\"><a href=\"https:\/\/cancerfertilityandme.org.uk\/young-women\/making-your-decision\/talking-about-fertility-preservation\/\" class=\"elementor-item\" tabindex=\"-1\">Pogovor o ohranjanju plodnosti z ekipoo za plodnost<\/a><\/li>\n<li class=\"menu-item menu-item-type-post_type menu-item-object-page menu-item-8526\"><a href=\"https:\/\/cancerfertilityandme.org.uk\/young-women\/making-your-decision\/talking-about-fertility-preservation-decision-with-others\/\" class=\"elementor-item\" tabindex=\"-1\">Kako se pogovoriti z drugimi o svoji odlo\u010ditvi o ohranjanju plodnosti<\/a><\/li>\n<\/ul>\t\t\t<\/nav>\n\t\t\t\t\t\t<\/div>\n\t\t\t\t<\/div>\n\t\t\t\t<\/div>\n\t\t\t\t<\/div>\n\t\t\t\t\t<\/div>\n\t\t\t\t<\/main>\n\t\t<div class=\"elementor-element elementor-element-1dfbebc e-flex e-con-boxed e-con e-parent\" data-id=\"1dfbebc\" data-element_type=\"container\" data-e-type=\"container\">\n\t\t\t\t\t<div class=\"e-con-inner\">\n\t\t\t\t\t<\/div>\n\t\t\t\t<\/div>\n\t\t\t\t<\/div>\n\t\t","protected":false},"excerpt":{"rendered":"<p>Pogovor o ohranjanju plodnosti z ekipo za plodnost Ekipa za plodnost izvaja postopke, znane kot ohranjanje plodnosti, za \u017eenske, pri katerih je bil diagnosticiran rak. Ekipa za plodnost se lahko z vami pogovori o va\u0161i odlo\u010ditvi, ali \u017eelite opraviti postopke za ohranjanje plodnosti ali ne. Posvet o ohranjanju plodnosti je odvisen od klinike, ki jo [&hellip;]<\/p>\n","protected":false},"author":1,"featured_media":7769,"parent":8313,"menu_order":0,"comment_status":"open","ping_status":"closed","template":"","meta":{"footnotes":""},"class_list":["post-8331","page","type-page","status-publish","has-post-thumbnail","hentry"],"_links":{"self":[{"href":"https:\/\/cancerfertilityandme.org.uk\/sl\/wp-json\/wp\/v2\/pages\/8331","targetHints":{"allow":["GET"]}}],"collection":[{"href":"https:\/\/cancerfertilityandme.org.uk\/sl\/wp-json\/wp\/v2\/pages"}],"about":[{"href":"https:\/\/cancerfertilityandme.org.uk\/sl\/wp-json\/wp\/v2\/types\/page"}],"author":[{"embeddable":true,"href":"https:\/\/cancerfertilityandme.org.uk\/sl\/wp-json\/wp\/v2\/users\/1"}],"replies":[{"embeddable":true,"href":"https:\/\/cancerfertilityandme.org.uk\/sl\/wp-json\/wp\/v2\/comments?post=8331"}],"version-history":[{"count":2,"href":"https:\/\/cancerfertilityandme.org.uk\/sl\/wp-json\/wp\/v2\/pages\/8331\/revisions"}],"predecessor-version":[{"id":10295,"href":"https:\/\/cancerfertilityandme.org.uk\/sl\/wp-json\/wp\/v2\/pages\/8331\/revisions\/10295"}],"up":[{"embeddable":true,"href":"https:\/\/cancerfertilityandme.org.uk\/sl\/wp-json\/wp\/v2\/pages\/8313"}],"wp:featuredmedia":[{"embeddable":true,"href":"https:\/\/cancerfertilityandme.org.uk\/sl\/wp-json\/wp\/v2\/media\/7769"}],"wp:attachment":[{"href":"https:\/\/cancerfertilityandme.org.uk\/sl\/wp-json\/wp\/v2\/media?parent=8331"}],"curies":[{"name":"wp","href":"https:\/\/api.w.org\/{rel}","templated":true}]}}