{"id":8313,"date":"2023-04-03T09:45:46","date_gmt":"2023-04-03T09:45:46","guid":{"rendered":"https:\/\/cancerfertilityandme.org.uk\/sprejem-odlocitve-za-ohranjanje-plodnosti\/"},"modified":"2026-03-16T15:49:24","modified_gmt":"2026-03-16T15:49:24","slug":"sprejem-odlocitve-za-ohranjanje-plodnosti","status":"publish","type":"page","link":"https:\/\/cancerfertilityandme.org.uk\/sl\/mlade-zenske\/sprejem-odlocitve-za-ohranjanje-plodnosti\/","title":{"rendered":"Sprejem odlo\u010ditve za ohranjanje plodnosti"},"content":{"rendered":"\t\t<div data-elementor-type=\"wp-page\" data-elementor-id=\"8313\" class=\"elementor elementor-8313 elementor-7791\" data-elementor-post-type=\"page\">\n\t\t\t\t<main class=\"elementor-element elementor-element-30930076 e-flex e-con-boxed e-con e-parent\" data-id=\"30930076\" data-element_type=\"container\" data-e-type=\"container\">\n\t\t\t\t\t<div class=\"e-con-inner\">\n\t\t<div class=\"elementor-element elementor-element-18d27f5a e-con-full e-flex e-con e-child\" data-id=\"18d27f5a\" data-element_type=\"container\" data-e-type=\"container\">\n\t\t\t\t<div class=\"elementor-element elementor-element-5f0b992d elementor-widget elementor-widget-text-editor\" data-id=\"5f0b992d\" data-element_type=\"widget\" data-e-type=\"widget\" data-widget_type=\"text-editor.default\">\n\t\t\t\t<div class=\"elementor-widget-container\">\n\t\t\t\t\t\t\t\t\t<h2>Odlo\u010ditev o ohranjanju plodnosti pred za\u010detkom zdravljenja raka.<\/h2>\n<p>Ta stran vam \u017eeli pomagati pri odlo\u010ditvi, ali \u017eelite:<\/p>\n<ul>\n<li>Opraviti terapijo za ohranitev plodnosti pred za\u010detkom zdravljenja raka,<\/li>\n<li>Za\u010deti z zdravljenje raka, ne da bi opravili terapijo za ohranitev plodnosti.<\/li>\n<\/ul>\n<p>Nekatere \u017eenske z gotovostjo vedo, ali \u017eelijo nadaljevati terapijo ohranjanja plodnosti ali ne. Za druge \u017eenske je sprejemanje te odlo\u010ditve te\u017eje. Ne obstaja \u201cpravilna\u201d ali \u201cnapa\u010dna\u201d odlo\u010ditev. Odlo\u010ditev je odvisna od tega, kaj je za vas v danem trenutku najpomembnej\u0161e. Nanje vplivajo na\u010drti, ki jih imate za \u017eivljenje po zdravljenju raka.   <\/p>\n<h2>Odlo\u010ditev o ohranjanju ali neohranjanju plodnosti pred zdravljenjem raka<\/h2>\n<p>Da bi vam pomagali razmisliti o tem, kaj je za vas zdaj pomembno, premislite o trditvah v spodnji tabeli. Morda vam bo v pomo\u010d, \u010de razloge za svoje odgovore zapi\u0161ete v polja pod vsako trditvijo. Morda bi bilo dobro, \u010de se o njih pogovorite skupaj s svojo ekipo za zdravljenje raka in plodnost, partnerjem, dru\u017eino in prijatelji.  <\/p>\n<h2>Kaj je za vas najpomembnej\u0161e?<\/h2>\t\t\t\t\t\t\t\t<\/div>\n\t\t\t\t<\/div>\n\t\t\t\t<div class=\"elementor-element elementor-element-f9c6435 elementor-widget elementor-widget-image\" data-id=\"f9c6435\" data-element_type=\"widget\" data-e-type=\"widget\" data-widget_type=\"image.default\">\n\t\t\t\t<div class=\"elementor-widget-container\">\n\t\t\t\t\t\t\t\t\t\t\t\t\t\t\t<img fetchpriority=\"high\" decoding=\"async\" width=\"800\" height=\"455\" src=\"https:\/\/cancerfertilityandme.org.uk\/wp-content\/uploads\/SL-07-4-1024x583.png\" class=\"attachment-large size-large wp-image-11284\" alt=\"\" srcset=\"https:\/\/cancerfertilityandme.org.uk\/wp-content\/uploads\/SL-07-4-1024x583.png 1024w, https:\/\/cancerfertilityandme.org.uk\/wp-content\/uploads\/SL-07-4-300x171.png 300w, https:\/\/cancerfertilityandme.org.uk\/wp-content\/uploads\/SL-07-4-768x438.png 768w, https:\/\/cancerfertilityandme.org.uk\/wp-content\/uploads\/SL-07-4.png 1039w\" sizes=\"(max-width: 800px) 100vw, 800px\" \/>\t\t\t\t\t\t\t\t\t\t\t\t\t\t\t<\/div>\n\t\t\t\t<\/div>\n\t\t\t\t<div class=\"elementor-element elementor-element-3b4e473 elementor-widget elementor-widget-text-editor\" data-id=\"3b4e473\" data-element_type=\"widget\" data-e-type=\"widget\" data-widget_type=\"text-editor.default\">\n\t\t\t\t<div class=\"elementor-widget-container\">\n\t\t\t\t\t\t\t\t\t<h2>Odlo\u010ditev o tem, katera mo\u017enost ohranjanja plodnosti je najprimernej\u0161a zame<\/h2><p>V prej\u0161njih razdelkih so bile opisane odlo\u010ditve o ohranjanju plodnosti.<\/p><p>Mo\u017enosti ohranjanja plodnosti so:<\/p><ul><li>Brez ohranjanja plodnosti<\/li><li>Zamrzovanje<\/li><li>Zatiranje jaj\u010dnikov<\/li><\/ul><p>V <a href=\"https:\/\/cancerfertilityandme.org.uk\/sl\/domaca-stran\/o-ohranjanju-plodnosti\/povzetek-moznosti\/\">preglednici na tej<\/a> strani so primerjane razli\u010dne mo\u017enosti ohranjanja plodnosti.<\/p><p>Spodaj najdete seznam razli\u010dnih mo\u017enosti ohranjanja plodnosti. Razmislite o svojem odgovoru za vsako od navedenih mo\u017enosti. <\/p><p>Izvedba te naloge vam lahko pomaga pri razmisleku o tem, katera mo\u017enost ohranjanja plodnosti vam in va\u0161emu \u017eivljenjskemu slogu v tem trenutku najbolj ustreza. Koristno bo, \u010de se o svojih odlo\u010ditvah pogovorite s svojo ekipo za zdravljenje raka in za ohranjanje plodnosti, partnerjem, dru\u017eino in prijatelji. <\/p><p>&#8220;Zadovoljen sem z odlo\u010ditvijo, ki sem jo sprejel. O\u010ditno imam &#8216;kaj \u010de&#8217; na zadnji strani glave, \u010de bi izbral drugo mo\u017enost &#8230; to je samo zato, ker pri vsaki odlo\u010ditvi, ki jo sprejme\u0161, ima\u0161 &#8216;kaj \u010de bi &#8216;izbral drugo mo\u017enost?&#8217; 23-letna mlada \u017eenska z rakom jaj\u010dnikov <\/p><h2>Kako verjetno je, da boste razmislili o vsaki od teh mo\u017enosti zdravljenja za ohranitev plodnosti?<\/h2>\t\t\t\t\t\t\t\t<\/div>\n\t\t\t\t<\/div>\n\t\t\t\t<div class=\"elementor-element elementor-element-d3a8d17 elementor-widget elementor-widget-image\" data-id=\"d3a8d17\" data-element_type=\"widget\" data-e-type=\"widget\" data-widget_type=\"image.default\">\n\t\t\t\t<div class=\"elementor-widget-container\">\n\t\t\t\t\t\t\t\t\t\t\t\t\t\t\t<img decoding=\"async\" width=\"800\" height=\"570\" src=\"https:\/\/cancerfertilityandme.org.uk\/wp-content\/uploads\/SL-08-1024x729-2.png\" class=\"attachment-large size-large wp-image-11301\" alt=\"\" srcset=\"https:\/\/cancerfertilityandme.org.uk\/wp-content\/uploads\/SL-08-1024x729-2.png 1024w, https:\/\/cancerfertilityandme.org.uk\/wp-content\/uploads\/SL-08-1024x729-2-300x214.png 300w, https:\/\/cancerfertilityandme.org.uk\/wp-content\/uploads\/SL-08-1024x729-2-768x547.png 768w\" sizes=\"(max-width: 800px) 100vw, 800px\" \/>\t\t\t\t\t\t\t\t\t\t\t\t\t\t\t<\/div>\n\t\t\t\t<\/div>\n\t\t\t\t<\/div>\n\t\t<div class=\"elementor-element elementor-element-7211a6f2 e-con-full e-flex e-con e-child\" data-id=\"7211a6f2\" data-element_type=\"container\" data-e-type=\"container\">\n\t\t<div class=\"elementor-element elementor-element-1f31f5ae e-con-full e-flex e-con e-child\" data-id=\"1f31f5ae\" data-element_type=\"container\" data-e-type=\"container\">\n\t\t\t\t<div class=\"elementor-element elementor-element-16597f95 elementor-widget elementor-widget-image\" data-id=\"16597f95\" data-element_type=\"widget\" data-e-type=\"widget\" data-widget_type=\"image.default\">\n\t\t\t\t<div class=\"elementor-widget-container\">\n\t\t\t\t\t\t\t\t\t\t\t\t\t\t\t\t<a href=\"http:\/\/.\/\">\n\t\t\t\t\t\t\t<img decoding=\"async\" width=\"200\" height=\"200\" src=\"https:\/\/cancerfertilityandme.org.uk\/wp-content\/uploads\/cancerfertilityandme-logo-header-young-women.png\" class=\"attachment-full size-full wp-image-332\" alt=\"\" srcset=\"https:\/\/cancerfertilityandme.org.uk\/wp-content\/uploads\/cancerfertilityandme-logo-header-young-women.png 200w, https:\/\/cancerfertilityandme.org.uk\/wp-content\/uploads\/cancerfertilityandme-logo-header-young-women-150x150.png 150w, https:\/\/cancerfertilityandme.org.uk\/wp-content\/uploads\/elementor\/thumbs\/cancerfertilityandme-logo-header-young-women-r4vfcv1ro149or8nkxzol3x986uodd6lq6no4gpb6w.png 100w\" sizes=\"(max-width: 200px) 100vw, 200px\" \/>\t\t\t\t\t\t\t\t<\/a>\n\t\t\t\t\t\t\t\t\t\t\t\t\t\t\t<\/div>\n\t\t\t\t<\/div>\n\t\t\t\t<\/div>\n\t\t<div class=\"elementor-element elementor-element-56263ecb e-con-full e-flex e-con e-child\" data-id=\"56263ecb\" data-element_type=\"container\" data-e-type=\"container\">\n\t\t\t\t<div class=\"elementor-element elementor-element-67f41f3c elementor-widget elementor-widget-heading\" data-id=\"67f41f3c\" data-element_type=\"widget\" data-e-type=\"widget\" data-widget_type=\"heading.default\">\n\t\t\t\t<div class=\"elementor-widget-container\">\n\t\t\t\t\t<h3 class=\"elementor-heading-title elementor-size-default\">Za ve\u010d informacij sledite tem povezavam<\/h3>\t\t\t\t<\/div>\n\t\t\t\t<\/div>\n\t\t\t\t<div class=\"elementor-element elementor-element-13c3a37b elementor-nav-menu--dropdown-none elementor-widget elementor-widget-nav-menu\" data-id=\"13c3a37b\" data-element_type=\"widget\" data-e-type=\"widget\" data-settings=\"{&quot;layout&quot;:&quot;vertical&quot;,&quot;submenu_icon&quot;:{&quot;value&quot;:&quot;&lt;svg aria-hidden=\\&quot;true\\&quot; class=\\&quot;e-font-icon-svg e-fas-caret-down\\&quot; viewBox=\\&quot;0 0 320 512\\&quot; xmlns=\\&quot;http:\\\/\\\/www.w3.org\\\/2000\\\/svg\\&quot;&gt;&lt;path d=\\&quot;M31.3 192h257.3c17.8 0 26.7 21.5 14.1 34.1L174.1 354.8c-7.8 7.8-20.5 7.8-28.3 0L17.2 226.1C4.6 213.5 13.5 192 31.3 192z\\&quot;&gt;&lt;\\\/path&gt;&lt;\\\/svg&gt;&quot;,&quot;library&quot;:&quot;fa-solid&quot;}}\" data-widget_type=\"nav-menu.default\">\n\t\t\t\t<div class=\"elementor-widget-container\">\n\t\t\t\t\t\t\t\t<nav aria-label=\"Menu\" class=\"elementor-nav-menu--main elementor-nav-menu__container elementor-nav-menu--layout-vertical e--pointer-none\">\n\t\t\t\t<ul id=\"menu-1-13c3a37b\" class=\"elementor-nav-menu sm-vertical\"><li class=\"menu-item menu-item-type-post_type menu-item-object-page menu-item-8524\"><a href=\"https:\/\/cancerfertilityandme.org.uk\/young-women\/making-your-decision\/\" class=\"elementor-item\">Sprejem odlo\u010ditve za ohranjanje plodnosti<\/a><\/li>\n<li class=\"menu-item menu-item-type-post_type menu-item-object-page menu-item-8525\"><a href=\"https:\/\/cancerfertilityandme.org.uk\/young-women\/making-your-decision\/talking-about-fertility-preservation\/\" class=\"elementor-item\">Pogovor o ohranjanju plodnosti z ekipoo za plodnost<\/a><\/li>\n<li class=\"menu-item menu-item-type-post_type menu-item-object-page menu-item-8526\"><a href=\"https:\/\/cancerfertilityandme.org.uk\/young-women\/making-your-decision\/talking-about-fertility-preservation-decision-with-others\/\" class=\"elementor-item\">Kako se pogovoriti z drugimi o svoji odlo\u010ditvi o ohranjanju plodnosti<\/a><\/li>\n<\/ul>\t\t\t<\/nav>\n\t\t\t\t\t\t<nav class=\"elementor-nav-menu--dropdown elementor-nav-menu__container\" aria-hidden=\"true\">\n\t\t\t\t<ul id=\"menu-2-13c3a37b\" class=\"elementor-nav-menu sm-vertical\"><li class=\"menu-item menu-item-type-post_type menu-item-object-page menu-item-8524\"><a href=\"https:\/\/cancerfertilityandme.org.uk\/young-women\/making-your-decision\/\" class=\"elementor-item\" tabindex=\"-1\">Sprejem odlo\u010ditve za ohranjanje plodnosti<\/a><\/li>\n<li class=\"menu-item menu-item-type-post_type menu-item-object-page menu-item-8525\"><a href=\"https:\/\/cancerfertilityandme.org.uk\/young-women\/making-your-decision\/talking-about-fertility-preservation\/\" class=\"elementor-item\" tabindex=\"-1\">Pogovor o ohranjanju plodnosti z ekipoo za plodnost<\/a><\/li>\n<li class=\"menu-item menu-item-type-post_type menu-item-object-page menu-item-8526\"><a href=\"https:\/\/cancerfertilityandme.org.uk\/young-women\/making-your-decision\/talking-about-fertility-preservation-decision-with-others\/\" class=\"elementor-item\" tabindex=\"-1\">Kako se pogovoriti z drugimi o svoji odlo\u010ditvi o ohranjanju plodnosti<\/a><\/li>\n<\/ul>\t\t\t<\/nav>\n\t\t\t\t\t\t<\/div>\n\t\t\t\t<\/div>\n\t\t\t\t<\/div>\n\t\t\t\t<\/div>\n\t\t\t\t\t<\/div>\n\t\t\t\t<\/main>\n\t\t\t\t<\/div>\n\t\t","protected":false},"excerpt":{"rendered":"<p>Odlo\u010ditev o ohranjanju plodnosti pred za\u010detkom zdravljenja raka. Ta stran vam \u017eeli pomagati pri odlo\u010ditvi, ali \u017eelite: Opraviti terapijo za ohranitev plodnosti pred za\u010detkom zdravljenja raka, Za\u010deti z zdravljenje raka, ne da bi opravili terapijo za ohranitev plodnosti. Nekatere \u017eenske z gotovostjo vedo, ali \u017eelijo nadaljevati terapijo ohranjanja plodnosti ali ne. Za druge \u017eenske je [&hellip;]<\/p>\n","protected":false},"author":1,"featured_media":11300,"parent":8281,"menu_order":0,"comment_status":"open","ping_status":"closed","template":"","meta":{"footnotes":""},"class_list":["post-8313","page","type-page","status-publish","has-post-thumbnail","hentry"],"_links":{"self":[{"href":"https:\/\/cancerfertilityandme.org.uk\/sl\/wp-json\/wp\/v2\/pages\/8313","targetHints":{"allow":["GET"]}}],"collection":[{"href":"https:\/\/cancerfertilityandme.org.uk\/sl\/wp-json\/wp\/v2\/pages"}],"about":[{"href":"https:\/\/cancerfertilityandme.org.uk\/sl\/wp-json\/wp\/v2\/types\/page"}],"author":[{"embeddable":true,"href":"https:\/\/cancerfertilityandme.org.uk\/sl\/wp-json\/wp\/v2\/users\/1"}],"replies":[{"embeddable":true,"href":"https:\/\/cancerfertilityandme.org.uk\/sl\/wp-json\/wp\/v2\/comments?post=8313"}],"version-history":[{"count":7,"href":"https:\/\/cancerfertilityandme.org.uk\/sl\/wp-json\/wp\/v2\/pages\/8313\/revisions"}],"predecessor-version":[{"id":11391,"href":"https:\/\/cancerfertilityandme.org.uk\/sl\/wp-json\/wp\/v2\/pages\/8313\/revisions\/11391"}],"up":[{"embeddable":true,"href":"https:\/\/cancerfertilityandme.org.uk\/sl\/wp-json\/wp\/v2\/pages\/8281"}],"wp:featuredmedia":[{"embeddable":true,"href":"https:\/\/cancerfertilityandme.org.uk\/sl\/wp-json\/wp\/v2\/media\/11300"}],"wp:attachment":[{"href":"https:\/\/cancerfertilityandme.org.uk\/sl\/wp-json\/wp\/v2\/media?parent=8313"}],"curies":[{"name":"wp","href":"https:\/\/api.w.org\/{rel}","templated":true}]}}