{"id":8312,"date":"2023-04-03T09:44:15","date_gmt":"2023-04-03T09:44:15","guid":{"rendered":"https:\/\/cancerfertilityandme.org.uk\/odlocitve-za-nacrtovanje-druzine-po-zdravljenju-raka\/"},"modified":"2026-03-10T16:41:33","modified_gmt":"2026-03-10T16:41:33","slug":"odlocitve-za-nacrtovanje-druzine-po-zdravljenju-raka","status":"publish","type":"page","link":"https:\/\/cancerfertilityandme.org.uk\/sl\/mlade-zenske\/kontracepcija-in-nacrtovanje-druzine\/odlocitve-za-nacrtovanje-druzine-po-zdravljenju-raka\/","title":{"rendered":"Odlo\u010ditve za na\u010drtovanje dru\u017eine po zdravljenju raka"},"content":{"rendered":"\t\t<div data-elementor-type=\"wp-page\" data-elementor-id=\"8312\" class=\"elementor elementor-8312 elementor-7790\" data-elementor-post-type=\"page\">\n\t\t\t\t<main class=\"elementor-element elementor-element-23a515be e-flex e-con-boxed e-con e-parent\" data-id=\"23a515be\" data-element_type=\"container\" data-e-type=\"container\">\n\t\t\t\t\t<div class=\"e-con-inner\">\n\t\t<div class=\"elementor-element elementor-element-2324c290 e-con-full e-flex e-con e-child\" data-id=\"2324c290\" data-element_type=\"container\" data-e-type=\"container\">\n\t\t\t\t<div class=\"elementor-element elementor-element-65cf739e elementor-widget elementor-widget-text-editor\" data-id=\"65cf739e\" data-element_type=\"widget\" data-e-type=\"widget\" data-widget_type=\"text-editor.default\">\n\t\t\t\t<div class=\"elementor-widget-container\">\n\t\t\t\t\t\t\t\t\t<h2>Odlo\u010ditve za na\u010drtovanje dru\u017eine po zdravljenju raka<\/h2><p><strong>Mnoge \u017eenske se znajdejo pred te\u017eko odlo\u010ditvijo, ali naj po odkritju raka poskusijo zanositi. V tem \u010dasu \u017eenske sprejemajo odlo\u010ditve o ohranjanju plodnosti, ki najbolj ustrezajo njihovi \u017eivljenjski situaciji. Sem pri\u0161tevamo opravljanje testov za preverjanje plodnosti, izbiro kontracepcijskih metod in na\u010drtovanje dru\u017eine.  <\/strong><\/p><p>Te\u017eko je natan\u010dno predvideti, kako bo zdravljenje raka vplivalo na va\u0161o plodnost. Svetovalci za ohranjanje plodnosti lahko z vrsto testov preverijo va\u0161o plodnost. Med njih spadajo krvne preiskave za preverjanje ravni hormonov ali ultrazvo\u010dna preiskava jaj\u010dnikov. Va\u0161o ekipo za zdravljenje raka ali osebnega zdravnika lahko prosite, da vas napoti na kliniko za zdravljenje neplodnosti.  <\/p><p>Va\u0161a plodnost se lahko po zdravljenju raka vrne po naravni poti. Tudi \u010de se menstruacija \u0161e ni za\u010dela, lahko \u0161e vedno proizvajate jaj\u010deca in lahko zanosite. Svetujemo vam, da se o metodah kontracepcije pogovorite s svojo ekipo za zdravljenje raka ali z osebnim zdravnikom. Svetovali vam bodo o mo\u017enostih in primerni vrsti kontracepcije za vas. Priporo\u010damo vam, da nose\u010dnost odlo\u017eite za vsaj dve leti po zaklju\u010denem zdravljenju raka.   <\/p><p>Ni podatkov, ki bi kazali na to, da nose\u010dnost vpliva na mo\u017enost ponovitve raka . Ni podatkov, ki bi kazali na to, da je zdravje otrok, rojenih po zdravljenju raka, prizadeto. \u010ce razmi\u0161ljate o zanositvi, se posvetujte s svojo ekipo za zdravljenje raka.  <\/p>\t\t\t\t\t\t\t\t<\/div>\n\t\t\t\t<\/div>\n\t\t\t\t<div class=\"elementor-element elementor-element-c5e0094 elementor-widget elementor-widget-image\" data-id=\"c5e0094\" data-element_type=\"widget\" data-e-type=\"widget\" data-widget_type=\"image.default\">\n\t\t\t\t<div class=\"elementor-widget-container\">\n\t\t\t\t\t\t\t\t\t\t\t\t\t\t\t<img fetchpriority=\"high\" decoding=\"async\" width=\"800\" height=\"405\" src=\"https:\/\/cancerfertilityandme.org.uk\/wp-content\/uploads\/SL-06-3-1024x518.png\" class=\"attachment-large size-large wp-image-11350\" alt=\"\" srcset=\"https:\/\/cancerfertilityandme.org.uk\/wp-content\/uploads\/SL-06-3-1024x518.png 1024w, https:\/\/cancerfertilityandme.org.uk\/wp-content\/uploads\/SL-06-3-300x152.png 300w, https:\/\/cancerfertilityandme.org.uk\/wp-content\/uploads\/SL-06-3-768x389.png 768w, https:\/\/cancerfertilityandme.org.uk\/wp-content\/uploads\/SL-06-3.png 1045w\" sizes=\"(max-width: 800px) 100vw, 800px\" \/>\t\t\t\t\t\t\t\t\t\t\t\t\t\t\t<\/div>\n\t\t\t\t<\/div>\n\t\t\t\t<div class=\"elementor-element elementor-element-76b7d0a elementor-widget elementor-widget-text-editor\" data-id=\"76b7d0a\" data-element_type=\"widget\" data-e-type=\"widget\" data-widget_type=\"text-editor.default\">\n\t\t\t\t<div class=\"elementor-widget-container\">\n\t\t\t\t\t\t\t\t\t<p>Vse \u017eenske, ki se zdravijo zaradi raka, nimajo te\u017eav s plodnostjo in ve\u010dina mladih \u017eensk, ki \u017eelijo imeti otroka po zdravljenju raka, to dejansko lahko stori.<\/p><p>Nekatere \u017eenske lahko po zdravljenju raka postanejo za vedno neplodne. To je zelo neprijetna okoli\u0161\u010dina, s katero se je v\u010dasih te\u017eko sprijazniti. \u010ce je to va\u0161 primer, bo morda koristno poiskati strokovno podporo in svetovanje pri svoji ekipi za oskrbo neplodnosti. Poleg \u010dustvene podpore vam bodo lahko ponudili tudi informacije o drugih mo\u017enostih. Te vklju\u010dujejo nadomestno materinstvo, posvojitev in rejni\u0161tvo. Svetujejo lahko o drugih metodah oploditve z biomedicinsko pomo\u010djo, kot so donatorska jaj\u010deca in zarodki ali uporaba lastnih shranjenih jaj\u010dec, zarodkov in tkiva jaj\u010dnikov.    <\/p><blockquote><p>Na spletni strani HFEA <a href=\"http:\/\/www.hfea.gov.uk\" target=\"_blank\" rel=\"noopener\">www.hfea.gov.uk<\/a> je na voljo ve\u010d informacij o darovanju jaj\u010dec ali zarodkov in nadomestnem materinstvu. Tu so navedene organizacije, ki nudijo informacije in podporo osebam, ki se zanimajo za rejni\u0161tvo in posvojitev. <a href=\"https:\/\/cancerfertilityandme.org.uk\/sl\/domaca-stran\/koristne-povezave-2\/\">Tu so<\/a> navedene organizacije, ki nudijo informacije in podporo osebam, ki se zanimajo za rejni\u0161tvo in posvojitev.<\/p><\/blockquote><p><strong>Naslednja vpra\u0161anja vam bodo v pomo\u010d pri pogovoru o na\u010drtovanju dru\u017eine po zdravljenju raka z ekipo za zdravljenje raka ali zdravnikom:<\/strong><\/p><ul><li>Kako lahko po zdravljenju raka prepoznam da sem plodna?<\/li><li>V kolik\u0161nem \u010dasu bom izvedela ali sem plodna?<\/li><li>Ali obstajajo testi s katerimi lahko preverim ali sem po zdravljenju raka \u0161e vedno plodna?<\/li><li>Ali bi prihodnja nose\u010dnost vplivala na mo\u017enost ponovitve raka<\/li><li>Ob predpostavki, da sem \u0161e vedno plodna, koliko \u010dasa po zdravljenju naj po\u010dakam z nose\u010dnostjo?<\/li><li>\u010ce zanosim po zdravljenju raka, ali bo imel moj otrok ve\u010dje mo\u017enosti, da zboli za rakom?<\/li><li>\u010ce pred zdravljenjem nisem odlo\u010dila za terapijo ohranjanja svoje plodnosti, ali imam \u0161e vedno mo\u017enosti to storiti zdaj?<\/li><\/ul>\t\t\t\t\t\t\t\t<\/div>\n\t\t\t\t<\/div>\n\t\t\t\t<\/div>\n\t\t<div class=\"elementor-element elementor-element-4d93295f e-con-full e-flex e-con e-child\" data-id=\"4d93295f\" data-element_type=\"container\" data-e-type=\"container\">\n\t\t<div class=\"elementor-element elementor-element-46ea5028 e-con-full e-flex e-con e-child\" data-id=\"46ea5028\" data-element_type=\"container\" data-e-type=\"container\">\n\t\t\t\t<div class=\"elementor-element elementor-element-194397a8 elementor-widget elementor-widget-image\" data-id=\"194397a8\" data-element_type=\"widget\" data-e-type=\"widget\" data-widget_type=\"image.default\">\n\t\t\t\t<div class=\"elementor-widget-container\">\n\t\t\t\t\t\t\t\t\t\t\t\t\t\t\t\t<a href=\"http:\/\/.\/\">\n\t\t\t\t\t\t\t<img decoding=\"async\" width=\"200\" height=\"200\" src=\"https:\/\/cancerfertilityandme.org.uk\/wp-content\/uploads\/cancerfertilityandme-logo-header-young-women.png\" class=\"attachment-full size-full wp-image-332\" alt=\"\" srcset=\"https:\/\/cancerfertilityandme.org.uk\/wp-content\/uploads\/cancerfertilityandme-logo-header-young-women.png 200w, https:\/\/cancerfertilityandme.org.uk\/wp-content\/uploads\/cancerfertilityandme-logo-header-young-women-150x150.png 150w, https:\/\/cancerfertilityandme.org.uk\/wp-content\/uploads\/elementor\/thumbs\/cancerfertilityandme-logo-header-young-women-r4vfcv1ro149or8nkxzol3x986uodd6lq6no4gpb6w.png 100w\" sizes=\"(max-width: 200px) 100vw, 200px\" \/>\t\t\t\t\t\t\t\t<\/a>\n\t\t\t\t\t\t\t\t\t\t\t\t\t\t\t<\/div>\n\t\t\t\t<\/div>\n\t\t\t\t<\/div>\n\t\t<div class=\"elementor-element elementor-element-4dd0c88d e-con-full e-flex e-con e-child\" data-id=\"4dd0c88d\" data-element_type=\"container\" data-e-type=\"container\">\n\t\t\t\t<div class=\"elementor-element elementor-element-6cb4eb49 elementor-widget elementor-widget-heading\" data-id=\"6cb4eb49\" data-element_type=\"widget\" data-e-type=\"widget\" data-widget_type=\"heading.default\">\n\t\t\t\t<div class=\"elementor-widget-container\">\n\t\t\t\t\t<h3 class=\"elementor-heading-title elementor-size-default\">Za ve\u010d informacij sledite tem povezavam<\/h3>\t\t\t\t<\/div>\n\t\t\t\t<\/div>\n\t\t\t\t<div class=\"elementor-element elementor-element-738cc706 elementor-nav-menu--dropdown-none elementor-widget elementor-widget-nav-menu\" data-id=\"738cc706\" data-element_type=\"widget\" data-e-type=\"widget\" data-settings=\"{&quot;layout&quot;:&quot;vertical&quot;,&quot;submenu_icon&quot;:{&quot;value&quot;:&quot;&lt;svg aria-hidden=\\&quot;true\\&quot; class=\\&quot;e-font-icon-svg e-fas-caret-down\\&quot; viewBox=\\&quot;0 0 320 512\\&quot; xmlns=\\&quot;http:\\\/\\\/www.w3.org\\\/2000\\\/svg\\&quot;&gt;&lt;path d=\\&quot;M31.3 192h257.3c17.8 0 26.7 21.5 14.1 34.1L174.1 354.8c-7.8 7.8-20.5 7.8-28.3 0L17.2 226.1C4.6 213.5 13.5 192 31.3 192z\\&quot;&gt;&lt;\\\/path&gt;&lt;\\\/svg&gt;&quot;,&quot;library&quot;:&quot;fa-solid&quot;}}\" data-widget_type=\"nav-menu.default\">\n\t\t\t\t<div class=\"elementor-widget-container\">\n\t\t\t\t\t\t\t\t<nav aria-label=\"Menu\" class=\"elementor-nav-menu--main elementor-nav-menu__container elementor-nav-menu--layout-vertical e--pointer-none\">\n\t\t\t\t<ul id=\"menu-1-738cc706\" class=\"elementor-nav-menu sm-vertical\"><li class=\"menu-item menu-item-type-post_type menu-item-object-page menu-item-8508\"><a href=\"https:\/\/cancerfertilityandme.org.uk\/young-women\/contraception-and-family-planning\/\" class=\"elementor-item\">Kontracepcija in na\u010drtovanje dru\u017eine<\/a><\/li>\n<li class=\"menu-item menu-item-type-post_type menu-item-object-page menu-item-8509\"><a href=\"https:\/\/cancerfertilityandme.org.uk\/young-women\/contraception-and-family-planning\/contraception-during-cancer-treatment\/\" class=\"elementor-item\">Kontracepcija med zdravljenjem raka<\/a><\/li>\n<li class=\"menu-item menu-item-type-post_type menu-item-object-page menu-item-8510\"><a href=\"https:\/\/cancerfertilityandme.org.uk\/young-women\/contraception-and-family-planning\/family-planning-decisions-after-cancer-treatment\/\" class=\"elementor-item\">Odlo\u010ditve za na\u010drtovanje dru\u017eine po zdravljenju raka<\/a><\/li>\n<\/ul>\t\t\t<\/nav>\n\t\t\t\t\t\t<nav class=\"elementor-nav-menu--dropdown elementor-nav-menu__container\" aria-hidden=\"true\">\n\t\t\t\t<ul id=\"menu-2-738cc706\" class=\"elementor-nav-menu sm-vertical\"><li class=\"menu-item menu-item-type-post_type menu-item-object-page menu-item-8508\"><a href=\"https:\/\/cancerfertilityandme.org.uk\/young-women\/contraception-and-family-planning\/\" class=\"elementor-item\" tabindex=\"-1\">Kontracepcija in na\u010drtovanje dru\u017eine<\/a><\/li>\n<li class=\"menu-item menu-item-type-post_type menu-item-object-page menu-item-8509\"><a href=\"https:\/\/cancerfertilityandme.org.uk\/young-women\/contraception-and-family-planning\/contraception-during-cancer-treatment\/\" class=\"elementor-item\" tabindex=\"-1\">Kontracepcija med zdravljenjem raka<\/a><\/li>\n<li class=\"menu-item menu-item-type-post_type menu-item-object-page menu-item-8510\"><a href=\"https:\/\/cancerfertilityandme.org.uk\/young-women\/contraception-and-family-planning\/family-planning-decisions-after-cancer-treatment\/\" class=\"elementor-item\" tabindex=\"-1\">Odlo\u010ditve za na\u010drtovanje dru\u017eine po zdravljenju raka<\/a><\/li>\n<\/ul>\t\t\t<\/nav>\n\t\t\t\t\t\t<\/div>\n\t\t\t\t<\/div>\n\t\t\t\t<\/div>\n\t\t\t\t<\/div>\n\t\t\t\t\t<\/div>\n\t\t\t\t<\/main>\n\t\t\t\t<\/div>\n\t\t","protected":false},"excerpt":{"rendered":"<p>Odlo\u010ditve za na\u010drtovanje dru\u017eine po zdravljenju raka Mnoge \u017eenske se znajdejo pred te\u017eko odlo\u010ditvijo, ali naj po odkritju raka poskusijo zanositi. V tem \u010dasu \u017eenske sprejemajo odlo\u010ditve o ohranjanju plodnosti, ki najbolj ustrezajo njihovi \u017eivljenjski situaciji. Sem pri\u0161tevamo opravljanje testov za preverjanje plodnosti, izbiro kontracepcijskih metod in na\u010drtovanje dru\u017eine. Te\u017eko je natan\u010dno predvideti, kako bo [&hellip;]<\/p>\n","protected":false},"author":1,"featured_media":0,"parent":8310,"menu_order":0,"comment_status":"open","ping_status":"closed","template":"","meta":{"footnotes":""},"class_list":["post-8312","page","type-page","status-publish","hentry"],"_links":{"self":[{"href":"https:\/\/cancerfertilityandme.org.uk\/sl\/wp-json\/wp\/v2\/pages\/8312","targetHints":{"allow":["GET"]}}],"collection":[{"href":"https:\/\/cancerfertilityandme.org.uk\/sl\/wp-json\/wp\/v2\/pages"}],"about":[{"href":"https:\/\/cancerfertilityandme.org.uk\/sl\/wp-json\/wp\/v2\/types\/page"}],"author":[{"embeddable":true,"href":"https:\/\/cancerfertilityandme.org.uk\/sl\/wp-json\/wp\/v2\/users\/1"}],"replies":[{"embeddable":true,"href":"https:\/\/cancerfertilityandme.org.uk\/sl\/wp-json\/wp\/v2\/comments?post=8312"}],"version-history":[{"count":4,"href":"https:\/\/cancerfertilityandme.org.uk\/sl\/wp-json\/wp\/v2\/pages\/8312\/revisions"}],"predecessor-version":[{"id":11366,"href":"https:\/\/cancerfertilityandme.org.uk\/sl\/wp-json\/wp\/v2\/pages\/8312\/revisions\/11366"}],"up":[{"embeddable":true,"href":"https:\/\/cancerfertilityandme.org.uk\/sl\/wp-json\/wp\/v2\/pages\/8310"}],"wp:attachment":[{"href":"https:\/\/cancerfertilityandme.org.uk\/sl\/wp-json\/wp\/v2\/media?parent=8312"}],"curies":[{"name":"wp","href":"https:\/\/api.w.org\/{rel}","templated":true}]}}