{"id":8311,"date":"2023-04-03T09:43:08","date_gmt":"2023-04-03T09:43:08","guid":{"rendered":"https:\/\/cancerfertilityandme.org.uk\/kontracepcija-med-zdravljenjem-raka\/"},"modified":"2026-03-26T15:33:49","modified_gmt":"2026-03-26T15:33:49","slug":"kontracepcija-med-zdravljenjem-raka","status":"publish","type":"page","link":"https:\/\/cancerfertilityandme.org.uk\/sl\/mlade-zenske\/kontracepcija-in-nacrtovanje-druzine\/kontracepcija-med-zdravljenjem-raka\/","title":{"rendered":"Kontracepcija med zdravljenjem raka"},"content":{"rendered":"\t\t<div data-elementor-type=\"wp-page\" data-elementor-id=\"8311\" class=\"elementor elementor-8311 elementor-7789\" data-elementor-post-type=\"page\">\n\t\t\t\t<main class=\"elementor-element elementor-element-b042ccd e-flex e-con-boxed e-con e-parent\" data-id=\"b042ccd\" data-element_type=\"container\" data-e-type=\"container\">\n\t\t\t\t\t<div class=\"e-con-inner\">\n\t\t<div class=\"elementor-element elementor-element-198b410d e-con-full e-flex e-con e-child\" data-id=\"198b410d\" data-element_type=\"container\" data-e-type=\"container\">\n\t\t\t\t<div class=\"elementor-element elementor-element-469d4c3c elementor-widget elementor-widget-text-editor\" data-id=\"469d4c3c\" data-element_type=\"widget\" data-e-type=\"widget\" data-widget_type=\"text-editor.default\">\n\t\t\t\t<div class=\"elementor-widget-container\">\n\t\t\t\t\t\t\t\t\t<h2>Kontracepcija med zdravljenjem raka<\/h2><p>\u017denskam mo\u010dno odsvetujemo zanositev med zdravljenjem raka. Zdravljenje raka lahko po\u0161koduje nerojenega otroka v zgodnjih fazah razvoja. Tudi \u010de vam med zdravljenjem menstruacija preneha, to \u0161e ne pomeni, da ne morete zanositi.  <\/p><p>\u010ce ste spolno aktivni, morate ves \u010das zdravljenja raka uporabljati zanesljiva kontracepcijska sredstva.<\/p><p>Spodnja shema prikazuje razli\u010dne vrste kontracepcije, ki jih je treba upo\u0161tevati.<\/p><p>Priporo\u010dljivo je, da \u017eenske, ki se zdravijo s hormonsko terapijo, uporabljajo nehormonske metode kontracepcije. Sem pri\u0161tevamo kondome, \u017eenske kondome , in diafragme. \u017denskam z rakom, ob\u010dutljivim na hormone, se odsvetuje uporaba kontracepcijskih tablet. Obstaja namre\u010d mo\u017enost, da bi hormoni v kontracepcijski tableti lahko spodbudili rast preostalih rakavih celic.  <\/p><p>Priporo\u010damo, da se o teh razli\u010dnih metodah kontracepcije pogovorite s svojo ekipo za zdravljenje raka. Za nadaljnje svetovanje vas lahko napotijo na kliniko za na\u010drtovanje dru\u017eine ali k va\u0161emu osebnemu zdravniku.<\/p>\t\t\t\t\t\t\t\t<\/div>\n\t\t\t\t<\/div>\n\t\t\t\t<div class=\"elementor-element elementor-element-adec29e elementor-widget elementor-widget-image\" data-id=\"adec29e\" data-element_type=\"widget\" data-e-type=\"widget\" data-widget_type=\"image.default\">\n\t\t\t\t<div class=\"elementor-widget-container\">\n\t\t\t\t\t\t\t\t\t\t\t\t\t\t\t<img fetchpriority=\"high\" decoding=\"async\" width=\"800\" height=\"323\" src=\"https:\/\/cancerfertilityandme.org.uk\/wp-content\/uploads\/SL-05-3-1024x413.png\" class=\"attachment-large size-large wp-image-11327\" alt=\"\" srcset=\"https:\/\/cancerfertilityandme.org.uk\/wp-content\/uploads\/SL-05-3-1024x413.png 1024w, https:\/\/cancerfertilityandme.org.uk\/wp-content\/uploads\/SL-05-3-300x121.png 300w, https:\/\/cancerfertilityandme.org.uk\/wp-content\/uploads\/SL-05-3-768x310.png 768w, https:\/\/cancerfertilityandme.org.uk\/wp-content\/uploads\/SL-05-3.png 1028w\" sizes=\"(max-width: 800px) 100vw, 800px\" \/>\t\t\t\t\t\t\t\t\t\t\t\t\t\t\t<\/div>\n\t\t\t\t<\/div>\n\t\t\t\t<div class=\"elementor-element elementor-element-19b142b elementor-widget elementor-widget-text-editor\" data-id=\"19b142b\" data-element_type=\"widget\" data-e-type=\"widget\" data-widget_type=\"text-editor.default\">\n\t\t\t\t<div class=\"elementor-widget-container\">\n\t\t\t\t\t\t\t\t\t<p><strong>Z naslednjimi vpra\u0161anji si lahko pomagate pri pogovoru o kontracepciji z ekipo za zdravljenje raka, ali osebnim zdravnikom:<\/strong><\/p><ul><li>Katera vrsta kontracepcije bi bila med zdravljenjem raka zame najbolj\u0161a izbira?<\/li><li>Kako dolgo bom morala uporabljati to kontracepcijsko sredstvo?<\/li><li>Ali pri moji vrsti raka lahko uporabljam nehormonske metode kontracepcije?<\/li><li>\u010ce med zdravljenjem raka nimam menstruacije, ali naj \u0161e vedno uporabljam kontracepcijska sredstva?<\/li><li>Bo odlo\u010ditev za neuporabo kontracepcije in zanositev med zdravljenjem raka, vplivalo name ali na mojega \u0161e nerojenega otroka?<\/li><\/ul>\t\t\t\t\t\t\t\t<\/div>\n\t\t\t\t<\/div>\n\t\t\t\t<\/div>\n\t\t<div class=\"elementor-element elementor-element-131e76f e-con-full e-flex e-con e-child\" data-id=\"131e76f\" data-element_type=\"container\" data-e-type=\"container\">\n\t\t<div class=\"elementor-element elementor-element-d518d99 e-con-full e-flex e-con e-child\" data-id=\"d518d99\" data-element_type=\"container\" data-e-type=\"container\">\n\t\t\t\t<div class=\"elementor-element elementor-element-7955a705 elementor-widget elementor-widget-image\" data-id=\"7955a705\" data-element_type=\"widget\" data-e-type=\"widget\" data-widget_type=\"image.default\">\n\t\t\t\t<div class=\"elementor-widget-container\">\n\t\t\t\t\t\t\t\t\t\t\t\t\t\t\t\t<a href=\"http:\/\/.\/\">\n\t\t\t\t\t\t\t<img decoding=\"async\" width=\"200\" height=\"200\" src=\"https:\/\/cancerfertilityandme.org.uk\/wp-content\/uploads\/cancerfertilityandme-logo-header-young-women.png\" class=\"attachment-full size-full wp-image-332\" alt=\"\" srcset=\"https:\/\/cancerfertilityandme.org.uk\/wp-content\/uploads\/cancerfertilityandme-logo-header-young-women.png 200w, https:\/\/cancerfertilityandme.org.uk\/wp-content\/uploads\/cancerfertilityandme-logo-header-young-women-150x150.png 150w, https:\/\/cancerfertilityandme.org.uk\/wp-content\/uploads\/elementor\/thumbs\/cancerfertilityandme-logo-header-young-women-r4vfcv1ro149or8nkxzol3x986uodd6lq6no4gpb6w.png 100w\" sizes=\"(max-width: 200px) 100vw, 200px\" \/>\t\t\t\t\t\t\t\t<\/a>\n\t\t\t\t\t\t\t\t\t\t\t\t\t\t\t<\/div>\n\t\t\t\t<\/div>\n\t\t\t\t<\/div>\n\t\t<div class=\"elementor-element elementor-element-4bd55399 e-con-full e-flex e-con e-child\" data-id=\"4bd55399\" data-element_type=\"container\" data-e-type=\"container\">\n\t\t\t\t<div class=\"elementor-element elementor-element-48e9316a elementor-widget elementor-widget-heading\" data-id=\"48e9316a\" data-element_type=\"widget\" data-e-type=\"widget\" data-widget_type=\"heading.default\">\n\t\t\t\t<div class=\"elementor-widget-container\">\n\t\t\t\t\t<h3 class=\"elementor-heading-title elementor-size-default\">Za ve\u010d informacij sledite tem povezavam<\/h3>\t\t\t\t<\/div>\n\t\t\t\t<\/div>\n\t\t\t\t<div class=\"elementor-element elementor-element-53401bde elementor-nav-menu--dropdown-none elementor-widget elementor-widget-nav-menu\" data-id=\"53401bde\" data-element_type=\"widget\" data-e-type=\"widget\" data-settings=\"{&quot;layout&quot;:&quot;vertical&quot;,&quot;submenu_icon&quot;:{&quot;value&quot;:&quot;&lt;svg aria-hidden=\\&quot;true\\&quot; class=\\&quot;e-font-icon-svg e-fas-caret-down\\&quot; viewBox=\\&quot;0 0 320 512\\&quot; xmlns=\\&quot;http:\\\/\\\/www.w3.org\\\/2000\\\/svg\\&quot;&gt;&lt;path d=\\&quot;M31.3 192h257.3c17.8 0 26.7 21.5 14.1 34.1L174.1 354.8c-7.8 7.8-20.5 7.8-28.3 0L17.2 226.1C4.6 213.5 13.5 192 31.3 192z\\&quot;&gt;&lt;\\\/path&gt;&lt;\\\/svg&gt;&quot;,&quot;library&quot;:&quot;fa-solid&quot;}}\" data-widget_type=\"nav-menu.default\">\n\t\t\t\t<div class=\"elementor-widget-container\">\n\t\t\t\t\t\t\t\t<nav aria-label=\"Menu\" class=\"elementor-nav-menu--main elementor-nav-menu__container elementor-nav-menu--layout-vertical e--pointer-none\">\n\t\t\t\t<ul id=\"menu-1-53401bde\" class=\"elementor-nav-menu sm-vertical\"><li class=\"menu-item menu-item-type-post_type menu-item-object-page menu-item-8508\"><a href=\"https:\/\/cancerfertilityandme.org.uk\/young-women\/contraception-and-family-planning\/\" class=\"elementor-item\">Kontracepcija in na\u010drtovanje dru\u017eine<\/a><\/li>\n<li class=\"menu-item menu-item-type-post_type menu-item-object-page menu-item-8509\"><a href=\"https:\/\/cancerfertilityandme.org.uk\/young-women\/contraception-and-family-planning\/contraception-during-cancer-treatment\/\" class=\"elementor-item\">Kontracepcija med zdravljenjem raka<\/a><\/li>\n<li class=\"menu-item menu-item-type-post_type menu-item-object-page menu-item-8510\"><a href=\"https:\/\/cancerfertilityandme.org.uk\/young-women\/contraception-and-family-planning\/family-planning-decisions-after-cancer-treatment\/\" class=\"elementor-item\">Odlo\u010ditve za na\u010drtovanje dru\u017eine po zdravljenju raka<\/a><\/li>\n<\/ul>\t\t\t<\/nav>\n\t\t\t\t\t\t<nav class=\"elementor-nav-menu--dropdown elementor-nav-menu__container\" aria-hidden=\"true\">\n\t\t\t\t<ul id=\"menu-2-53401bde\" class=\"elementor-nav-menu sm-vertical\"><li class=\"menu-item menu-item-type-post_type menu-item-object-page menu-item-8508\"><a href=\"https:\/\/cancerfertilityandme.org.uk\/young-women\/contraception-and-family-planning\/\" class=\"elementor-item\" tabindex=\"-1\">Kontracepcija in na\u010drtovanje dru\u017eine<\/a><\/li>\n<li class=\"menu-item menu-item-type-post_type menu-item-object-page menu-item-8509\"><a href=\"https:\/\/cancerfertilityandme.org.uk\/young-women\/contraception-and-family-planning\/contraception-during-cancer-treatment\/\" class=\"elementor-item\" tabindex=\"-1\">Kontracepcija med zdravljenjem raka<\/a><\/li>\n<li class=\"menu-item menu-item-type-post_type menu-item-object-page menu-item-8510\"><a href=\"https:\/\/cancerfertilityandme.org.uk\/young-women\/contraception-and-family-planning\/family-planning-decisions-after-cancer-treatment\/\" class=\"elementor-item\" tabindex=\"-1\">Odlo\u010ditve za na\u010drtovanje dru\u017eine po zdravljenju raka<\/a><\/li>\n<\/ul>\t\t\t<\/nav>\n\t\t\t\t\t\t<\/div>\n\t\t\t\t<\/div>\n\t\t\t\t<\/div>\n\t\t\t\t<\/div>\n\t\t\t\t\t<\/div>\n\t\t\t\t<\/main>\n\t\t\t\t<\/div>\n\t\t","protected":false},"excerpt":{"rendered":"<p>Kontracepcija med zdravljenjem raka \u017denskam mo\u010dno odsvetujemo zanositev med zdravljenjem raka. Zdravljenje raka lahko po\u0161koduje nerojenega otroka v zgodnjih fazah razvoja. Tudi \u010de vam med zdravljenjem menstruacija preneha, to \u0161e ne pomeni, da ne morete zanositi. \u010ce ste spolno aktivni, morate ves \u010das zdravljenja raka uporabljati zanesljiva kontracepcijska sredstva. Spodnja shema prikazuje razli\u010dne vrste kontracepcije, [&hellip;]<\/p>\n","protected":false},"author":1,"featured_media":0,"parent":8310,"menu_order":0,"comment_status":"open","ping_status":"closed","template":"","meta":{"footnotes":""},"class_list":["post-8311","page","type-page","status-publish","hentry"],"_links":{"self":[{"href":"https:\/\/cancerfertilityandme.org.uk\/sl\/wp-json\/wp\/v2\/pages\/8311","targetHints":{"allow":["GET"]}}],"collection":[{"href":"https:\/\/cancerfertilityandme.org.uk\/sl\/wp-json\/wp\/v2\/pages"}],"about":[{"href":"https:\/\/cancerfertilityandme.org.uk\/sl\/wp-json\/wp\/v2\/types\/page"}],"author":[{"embeddable":true,"href":"https:\/\/cancerfertilityandme.org.uk\/sl\/wp-json\/wp\/v2\/users\/1"}],"replies":[{"embeddable":true,"href":"https:\/\/cancerfertilityandme.org.uk\/sl\/wp-json\/wp\/v2\/comments?post=8311"}],"version-history":[{"count":4,"href":"https:\/\/cancerfertilityandme.org.uk\/sl\/wp-json\/wp\/v2\/pages\/8311\/revisions"}],"predecessor-version":[{"id":11343,"href":"https:\/\/cancerfertilityandme.org.uk\/sl\/wp-json\/wp\/v2\/pages\/8311\/revisions\/11343"}],"up":[{"embeddable":true,"href":"https:\/\/cancerfertilityandme.org.uk\/sl\/wp-json\/wp\/v2\/pages\/8310"}],"wp:attachment":[{"href":"https:\/\/cancerfertilityandme.org.uk\/sl\/wp-json\/wp\/v2\/media?parent=8311"}],"curies":[{"name":"wp","href":"https:\/\/api.w.org\/{rel}","templated":true}]}}