{"id":8307,"date":"2023-04-02T15:36:14","date_gmt":"2023-04-02T15:36:14","guid":{"rendered":"https:\/\/cancerfertilityandme.org.uk\/rak-in-plodnost\/"},"modified":"2026-03-10T13:21:34","modified_gmt":"2026-03-10T13:21:34","slug":"rak-in-plodnost","status":"publish","type":"page","link":"https:\/\/cancerfertilityandme.org.uk\/sl\/mlade-zenske\/rak-in-plodnost\/","title":{"rendered":"Rak in plodnost"},"content":{"rendered":"\t\t<div data-elementor-type=\"wp-page\" data-elementor-id=\"8307\" class=\"elementor elementor-8307 elementor-7729\" data-elementor-post-type=\"page\">\n\t\t\t\t<main class=\"elementor-element elementor-element-44a9b619 e-flex e-con-boxed e-con e-parent\" data-id=\"44a9b619\" data-element_type=\"container\" data-e-type=\"container\">\n\t\t\t\t\t<div class=\"e-con-inner\">\n\t\t<div class=\"elementor-element elementor-element-15b1e5fa e-con-full e-flex e-con e-child\" data-id=\"15b1e5fa\" data-element_type=\"container\" data-e-type=\"container\">\n\t\t\t\t<div class=\"elementor-element elementor-element-4fe71deb elementor-widget elementor-widget-text-editor\" data-id=\"4fe71deb\" data-element_type=\"widget\" data-e-type=\"widget\" data-widget_type=\"text-editor.default\">\n\t\t\t\t<div class=\"elementor-widget-container\">\n\t\t\t\t\t\t\t\t\t<h2>Kako zdravljenje raka vpliva na plodnost<\/h2><p><strong>Rak je ime za bolezen, ki jo povzro\u010da neprekinjeno deljenje telesnih celic.<\/strong><\/p><p>Kadar se to zgodi, celice tvorijo skupek nenormalnih celic, ki rastejo in se lahko pogosto preselijo v dele telesa, kjer niso potrebne.<\/p><p>Cilj zdravljenja raka je odstranitev raka in prepre\u010devanje, da bi se bolezen ponovila Najbolj pogosti na\u010dini zdravljenja raka so kemoterapija, radioterapija, kirur\u0161ko zdravljenje ali hormonsko zdravljenje in ciljno zdravljenje z zdravili. <\/p><p>Ve\u010dina na\u010dinov zdravljenja raka ima neza\u017eelene u\u010dinke ki nastanejo zaradi vpliva zdravljenja na zdravo tkivo. Nekateri neza\u017eeljeni u\u010dinki trajajo dlje in lahko vplivajo na zdravje osebe do konca njenega \u017eivljenja. Pri \u017eenskah je lahko eden od teh ne\u017eelenih u\u010dinkov zmanj\u0161ana plodnost, kar pomeni, da \u017eenska v prihodnosti morda ne bo mogla zanositi.  <\/p><p>Deli \u017eenskega telesa, ki sodelujejo pri plodnosti, se imenujejo \u201creproduktivni sistem\u201d.<\/p>\t\t\t\t\t\t\t\t<\/div>\n\t\t\t\t<\/div>\n\t\t\t\t<div class=\"elementor-element elementor-element-c591403 elementor-widget elementor-widget-image\" data-id=\"c591403\" data-element_type=\"widget\" data-e-type=\"widget\" data-widget_type=\"image.default\">\n\t\t\t\t<div class=\"elementor-widget-container\">\n\t\t\t\t\t\t\t\t\t\t\t\t\t\t\t<img fetchpriority=\"high\" decoding=\"async\" width=\"736\" height=\"585\" src=\"https:\/\/cancerfertilityandme.org.uk\/wp-content\/uploads\/diagram-femaile-reproductive-system@2x.png\" class=\"attachment-large size-large wp-image-11227\" alt=\"\u017denski reproduktivni sistem\" srcset=\"https:\/\/cancerfertilityandme.org.uk\/wp-content\/uploads\/diagram-femaile-reproductive-system@2x.png 736w, https:\/\/cancerfertilityandme.org.uk\/wp-content\/uploads\/diagram-femaile-reproductive-system@2x-300x238.png 300w\" sizes=\"(max-width: 736px) 100vw, 736px\" \/>\t\t\t\t\t\t\t\t\t\t\t\t\t\t\t<\/div>\n\t\t\t\t<\/div>\n\t\t\t\t<div class=\"elementor-element elementor-element-c503139 elementor-widget elementor-widget-text-editor\" data-id=\"c503139\" data-element_type=\"widget\" data-e-type=\"widget\" data-widget_type=\"text-editor.default\">\n\t\t\t\t<div class=\"elementor-widget-container\">\n\t\t\t\t\t\t\t\t\t<p>Klju\u010dni deli reproduktivnega sistema so:<\/p><ol><li><strong>Jaj\u010dnika <\/strong>\u2013 ta dva organa se nahajata na obeh straneh maternice v \u017eenskem telesu med kolki (medenico). V jaj\u010dnikih nastajajo jaj\u010deca in hormoni, ki so potrebni za rojstvo otroka. Ta jaj\u010deca potujejo po jajcevodih v maternico.  <\/li><li><strong>Jaj\u010dece<\/strong> (oocit) \u2013 \u017eenska reproduktivna celica, ki se po oploditvi s spermiji lahko razvije v otroka.<\/li><li><strong>Jajcevodi<\/strong> \u2013 dve cevi, ki povezujeta vsak jaj\u010dnik z maternico (uterusom) in kjer se jaj\u010dece oplodi z mo\u0161kimi spermiji.<\/li><li><strong>Maternica <\/strong>(uterus)- nahaja se v medenici in je mesto, kjer se razvije nose\u010dnost.<\/li><li><strong>Materni\u010dni vrat<\/strong> \u2013 odprtina maternice, ki omogo\u010da, da menstrualna kri zapusti telo (menstruacija) in da \u017eenska rodi.<\/li><li><strong>Vagina <\/strong>(porodni kanal) \u2013 odprtina med spodnjim delom materni\u010dnega vratu in zunanjostjo telesa.<\/li><li><strong>Vulva<\/strong>\u2013 zunanji del no\u017enice.<\/li><\/ol><p><strong>Zdravljenje raka lahko vpliva na plodnost s:<\/strong><\/p><ul><li>Po\u0161kodbami ali zmanj\u0161anjem \u0161tevila jaj\u010dec, shranjenih v jaj\u010dnikih.<\/li><li>Po\u0161kodbami dela telesa, ki nadzoruje hormone plodnosti.<\/li><li>Odstranitvijo ali po\u0161kodbo katerega od \u010dlenov \u017eenskega reproduktivnega sistema.<\/li><\/ul><p>Vpliv zdravljenja raka na plodnost, je odvisen od vrste raka in predpisane terapije.<\/p><p>Vse \u017eenske, ki se zdravijo zaradi raka, ne bodo imele te\u017eav s plodnostjo v prihodnosti.<\/p>\t\t\t\t\t\t\t\t<\/div>\n\t\t\t\t<\/div>\n\t\t\t\t<\/div>\n\t\t<div class=\"elementor-element elementor-element-39c9f397 e-con-full e-flex e-con e-child\" data-id=\"39c9f397\" data-element_type=\"container\" data-e-type=\"container\">\n\t\t<div class=\"elementor-element elementor-element-59edae77 e-con-full e-flex e-con e-child\" data-id=\"59edae77\" data-element_type=\"container\" data-e-type=\"container\">\n\t\t\t\t<div class=\"elementor-element elementor-element-6cd8fdd9 elementor-widget elementor-widget-image\" data-id=\"6cd8fdd9\" data-element_type=\"widget\" data-e-type=\"widget\" data-widget_type=\"image.default\">\n\t\t\t\t<div class=\"elementor-widget-container\">\n\t\t\t\t\t\t\t\t\t\t\t\t\t\t\t\t<a href=\"http:\/\/.\/\">\n\t\t\t\t\t\t\t<img decoding=\"async\" width=\"200\" height=\"200\" src=\"https:\/\/cancerfertilityandme.org.uk\/wp-content\/uploads\/cancerfertilityandme-logo-header-young-women.png\" class=\"attachment-full size-full wp-image-332\" alt=\"\" srcset=\"https:\/\/cancerfertilityandme.org.uk\/wp-content\/uploads\/cancerfertilityandme-logo-header-young-women.png 200w, https:\/\/cancerfertilityandme.org.uk\/wp-content\/uploads\/cancerfertilityandme-logo-header-young-women-150x150.png 150w, https:\/\/cancerfertilityandme.org.uk\/wp-content\/uploads\/elementor\/thumbs\/cancerfertilityandme-logo-header-young-women-r4vfcv1ro149or8nkxzol3x986uodd6lq6no4gpb6w.png 100w\" sizes=\"(max-width: 200px) 100vw, 200px\" \/>\t\t\t\t\t\t\t\t<\/a>\n\t\t\t\t\t\t\t\t\t\t\t\t\t\t\t<\/div>\n\t\t\t\t<\/div>\n\t\t\t\t<\/div>\n\t\t<div class=\"elementor-element elementor-element-6089d09b e-con-full e-flex e-con e-child\" data-id=\"6089d09b\" data-element_type=\"container\" data-e-type=\"container\">\n\t\t\t\t<div class=\"elementor-element elementor-element-7a4826aa elementor-widget elementor-widget-heading\" data-id=\"7a4826aa\" data-element_type=\"widget\" data-e-type=\"widget\" data-widget_type=\"heading.default\">\n\t\t\t\t<div class=\"elementor-widget-container\">\n\t\t\t\t\t<h3 class=\"elementor-heading-title elementor-size-default\">Za ve\u010d informacij sledite tem povezavam<\/h3>\t\t\t\t<\/div>\n\t\t\t\t<\/div>\n\t\t\t\t<div class=\"elementor-element elementor-element-79ec685c elementor-nav-menu--dropdown-none elementor-widget elementor-widget-nav-menu\" data-id=\"79ec685c\" data-element_type=\"widget\" data-e-type=\"widget\" data-settings=\"{&quot;layout&quot;:&quot;vertical&quot;,&quot;submenu_icon&quot;:{&quot;value&quot;:&quot;&lt;svg aria-hidden=\\&quot;true\\&quot; class=\\&quot;e-font-icon-svg e-fas-caret-down\\&quot; viewBox=\\&quot;0 0 320 512\\&quot; xmlns=\\&quot;http:\\\/\\\/www.w3.org\\\/2000\\\/svg\\&quot;&gt;&lt;path d=\\&quot;M31.3 192h257.3c17.8 0 26.7 21.5 14.1 34.1L174.1 354.8c-7.8 7.8-20.5 7.8-28.3 0L17.2 226.1C4.6 213.5 13.5 192 31.3 192z\\&quot;&gt;&lt;\\\/path&gt;&lt;\\\/svg&gt;&quot;,&quot;library&quot;:&quot;fa-solid&quot;}}\" data-widget_type=\"nav-menu.default\">\n\t\t\t\t<div class=\"elementor-widget-container\">\n\t\t\t\t\t\t\t\t<nav aria-label=\"Menu\" class=\"elementor-nav-menu--main elementor-nav-menu__container elementor-nav-menu--layout-vertical e--pointer-none\">\n\t\t\t\t<ul id=\"menu-1-79ec685c\" class=\"elementor-nav-menu sm-vertical\"><li class=\"menu-item menu-item-type-post_type menu-item-object-page menu-item-8491\"><a href=\"https:\/\/cancerfertilityandme.org.uk\/young-women\/cancer-and-fertility\/\" class=\"elementor-item\">Rak in plodnost<\/a><\/li>\n<li class=\"menu-item menu-item-type-post_type menu-item-object-page menu-item-8494\"><a href=\"https:\/\/cancerfertilityandme.org.uk\/young-women\/cancer-and-fertility\/introduction\/\" class=\"elementor-item\">Uvod<\/a><\/li>\n<li class=\"menu-item menu-item-type-post_type menu-item-object-page menu-item-8492\"><a href=\"https:\/\/cancerfertilityandme.org.uk\/young-women\/cancer-and-fertility\/chemotherapy\/\" class=\"elementor-item\">Chemotherapy<\/a><\/li>\n<li class=\"menu-item menu-item-type-post_type menu-item-object-page menu-item-8495\"><a href=\"https:\/\/cancerfertilityandme.org.uk\/young-women\/cancer-and-fertility\/radiotherapy\/\" class=\"elementor-item\">Radioterapija<\/a><\/li>\n<li class=\"menu-item menu-item-type-post_type menu-item-object-page menu-item-8496\"><a href=\"https:\/\/cancerfertilityandme.org.uk\/young-women\/cancer-and-fertility\/surgery\/\" class=\"elementor-item\">Kirurgija<\/a><\/li>\n<li class=\"menu-item menu-item-type-post_type menu-item-object-page menu-item-8493\"><a href=\"https:\/\/cancerfertilityandme.org.uk\/young-women\/cancer-and-fertility\/hormone-therapy\/\" class=\"elementor-item\">Hormonsko zdravljenje<\/a><\/li>\n<li class=\"menu-item menu-item-type-post_type menu-item-object-page menu-item-8497\"><a href=\"https:\/\/cancerfertilityandme.org.uk\/young-women\/cancer-and-fertility\/targeted-drug-therapies\/\" class=\"elementor-item\">Ciljne terapije z zdravili<\/a><\/li>\n<li class=\"menu-item menu-item-type-post_type menu-item-object-page menu-item-8499\"><a href=\"https:\/\/cancerfertilityandme.org.uk\/young-women\/cancer-and-fertility\/other-cancer-treatments\/\" class=\"elementor-item\">Druge metode zdravljenja raka<\/a><\/li>\n<li class=\"menu-item menu-item-type-post_type menu-item-object-page menu-item-8498\"><a href=\"https:\/\/cancerfertilityandme.org.uk\/young-women\/cancer-and-fertility\/questions-to-ask-about-cancer-and-fertility\/\" class=\"elementor-item\">Vpra\u0161anja o raku in plodnosti<\/a><\/li>\n<\/ul>\t\t\t<\/nav>\n\t\t\t\t\t\t<nav class=\"elementor-nav-menu--dropdown elementor-nav-menu__container\" aria-hidden=\"true\">\n\t\t\t\t<ul id=\"menu-2-79ec685c\" class=\"elementor-nav-menu sm-vertical\"><li class=\"menu-item menu-item-type-post_type menu-item-object-page menu-item-8491\"><a href=\"https:\/\/cancerfertilityandme.org.uk\/young-women\/cancer-and-fertility\/\" class=\"elementor-item\" tabindex=\"-1\">Rak in plodnost<\/a><\/li>\n<li class=\"menu-item menu-item-type-post_type menu-item-object-page menu-item-8494\"><a href=\"https:\/\/cancerfertilityandme.org.uk\/young-women\/cancer-and-fertility\/introduction\/\" class=\"elementor-item\" tabindex=\"-1\">Uvod<\/a><\/li>\n<li class=\"menu-item menu-item-type-post_type menu-item-object-page menu-item-8492\"><a href=\"https:\/\/cancerfertilityandme.org.uk\/young-women\/cancer-and-fertility\/chemotherapy\/\" class=\"elementor-item\" tabindex=\"-1\">Chemotherapy<\/a><\/li>\n<li class=\"menu-item menu-item-type-post_type menu-item-object-page menu-item-8495\"><a href=\"https:\/\/cancerfertilityandme.org.uk\/young-women\/cancer-and-fertility\/radiotherapy\/\" class=\"elementor-item\" tabindex=\"-1\">Radioterapija<\/a><\/li>\n<li class=\"menu-item menu-item-type-post_type menu-item-object-page menu-item-8496\"><a href=\"https:\/\/cancerfertilityandme.org.uk\/young-women\/cancer-and-fertility\/surgery\/\" class=\"elementor-item\" tabindex=\"-1\">Kirurgija<\/a><\/li>\n<li class=\"menu-item menu-item-type-post_type menu-item-object-page menu-item-8493\"><a href=\"https:\/\/cancerfertilityandme.org.uk\/young-women\/cancer-and-fertility\/hormone-therapy\/\" class=\"elementor-item\" tabindex=\"-1\">Hormonsko zdravljenje<\/a><\/li>\n<li class=\"menu-item menu-item-type-post_type menu-item-object-page menu-item-8497\"><a href=\"https:\/\/cancerfertilityandme.org.uk\/young-women\/cancer-and-fertility\/targeted-drug-therapies\/\" class=\"elementor-item\" tabindex=\"-1\">Ciljne terapije z zdravili<\/a><\/li>\n<li class=\"menu-item menu-item-type-post_type menu-item-object-page menu-item-8499\"><a href=\"https:\/\/cancerfertilityandme.org.uk\/young-women\/cancer-and-fertility\/other-cancer-treatments\/\" class=\"elementor-item\" tabindex=\"-1\">Druge metode zdravljenja raka<\/a><\/li>\n<li class=\"menu-item menu-item-type-post_type menu-item-object-page menu-item-8498\"><a href=\"https:\/\/cancerfertilityandme.org.uk\/young-women\/cancer-and-fertility\/questions-to-ask-about-cancer-and-fertility\/\" class=\"elementor-item\" tabindex=\"-1\">Vpra\u0161anja o raku in plodnosti<\/a><\/li>\n<\/ul>\t\t\t<\/nav>\n\t\t\t\t\t\t<\/div>\n\t\t\t\t<\/div>\n\t\t\t\t<\/div>\n\t\t\t\t<\/div>\n\t\t\t\t\t<\/div>\n\t\t\t\t<\/main>\n\t\t\t\t<\/div>\n\t\t","protected":false},"excerpt":{"rendered":"<p>Kako zdravljenje raka vpliva na plodnost Rak je ime za bolezen, ki jo povzro\u010da neprekinjeno deljenje telesnih celic. Kadar se to zgodi, celice tvorijo skupek nenormalnih celic, ki rastejo in se lahko pogosto preselijo v dele telesa, kjer niso potrebne. Cilj zdravljenja raka je odstranitev raka in prepre\u010devanje, da bi se bolezen ponovila Najbolj pogosti [&hellip;]<\/p>\n","protected":false},"author":1,"featured_media":11227,"parent":8281,"menu_order":0,"comment_status":"open","ping_status":"closed","template":"","meta":{"footnotes":""},"class_list":["post-8307","page","type-page","status-publish","has-post-thumbnail","hentry"],"_links":{"self":[{"href":"https:\/\/cancerfertilityandme.org.uk\/sl\/wp-json\/wp\/v2\/pages\/8307","targetHints":{"allow":["GET"]}}],"collection":[{"href":"https:\/\/cancerfertilityandme.org.uk\/sl\/wp-json\/wp\/v2\/pages"}],"about":[{"href":"https:\/\/cancerfertilityandme.org.uk\/sl\/wp-json\/wp\/v2\/types\/page"}],"author":[{"embeddable":true,"href":"https:\/\/cancerfertilityandme.org.uk\/sl\/wp-json\/wp\/v2\/users\/1"}],"replies":[{"embeddable":true,"href":"https:\/\/cancerfertilityandme.org.uk\/sl\/wp-json\/wp\/v2\/comments?post=8307"}],"version-history":[{"count":3,"href":"https:\/\/cancerfertilityandme.org.uk\/sl\/wp-json\/wp\/v2\/pages\/8307\/revisions"}],"predecessor-version":[{"id":11237,"href":"https:\/\/cancerfertilityandme.org.uk\/sl\/wp-json\/wp\/v2\/pages\/8307\/revisions\/11237"}],"up":[{"embeddable":true,"href":"https:\/\/cancerfertilityandme.org.uk\/sl\/wp-json\/wp\/v2\/pages\/8281"}],"wp:featuredmedia":[{"embeddable":true,"href":"https:\/\/cancerfertilityandme.org.uk\/sl\/wp-json\/wp\/v2\/media\/11227"}],"wp:attachment":[{"href":"https:\/\/cancerfertilityandme.org.uk\/sl\/wp-json\/wp\/v2\/media?parent=8307"}],"curies":[{"name":"wp","href":"https:\/\/api.w.org\/{rel}","templated":true}]}}