{"id":8292,"date":"2023-04-03T09:24:33","date_gmt":"2023-04-03T09:24:33","guid":{"rendered":"https:\/\/cancerfertilityandme.org.uk\/uporaba-tega-spletisca\/"},"modified":"2025-11-17T11:04:52","modified_gmt":"2025-11-17T11:04:52","slug":"uporaba-tega-spletisca","status":"publish","type":"page","link":"https:\/\/cancerfertilityandme.org.uk\/sl\/mlade-zenske\/o-tem-spletnem-mestu\/uporaba-tega-spletisca\/","title":{"rendered":"Uporaba tega spleti\u0161\u010da"},"content":{"rendered":"\t\t<div data-elementor-type=\"wp-page\" data-elementor-id=\"8292\" class=\"elementor elementor-8292 elementor-7775\" data-elementor-post-type=\"page\">\n\t\t\t\t<main class=\"elementor-element elementor-element-30e26b6c e-flex e-con-boxed e-con e-parent\" data-id=\"30e26b6c\" data-element_type=\"container\" data-e-type=\"container\">\n\t\t\t\t\t<div class=\"e-con-inner\">\n\t\t<div class=\"elementor-element elementor-element-65df7344 e-con-full e-flex e-con e-child\" data-id=\"65df7344\" data-element_type=\"container\" data-e-type=\"container\">\n\t\t\t\t<div class=\"elementor-element elementor-element-1f35ebad elementor-widget elementor-widget-text-editor\" data-id=\"1f35ebad\" data-element_type=\"widget\" data-e-type=\"widget\" data-widget_type=\"text-editor.default\">\n\t\t\t\t<div class=\"elementor-widget-container\">\n\t\t\t\t\t\t\t\t\t<h2>Uporaba tega spletnega mesta za pomo\u010d pri odlo\u010danju<\/h2><p>\u201cRazmi\u0161ljam o tem, kaj bo \u010dez pet let, kaj pa \u010dez deset let? Kaj pa v prihodnosti?\u201d<br>25-letna mlada \u017eenska z rakom na jaj\u010dnikih<\/p><p><strong>Da bi vam pomagali pri sprejemanju te odlo\u010ditve, so na tem spletnem mestu na voljo informacije, ki vam bodo v pomo\u010d:<\/strong><\/p><ul><li><strong>Seznanite <\/strong>se z razli\u010dnimi mo\u017enostmi ohranjanja plodnosti.<\/li><li><strong>Razmislite <\/strong>o tem, ali je ohranjanje plodnosti morda mo\u017enost za vas.<\/li><li><strong>Razmislite <\/strong>o tem, kaj je pomembno za va\u0161e \u017eivljenje zdaj in v prihodnosti.<\/li><li><strong>Medtem <\/strong>ko se odlo\u010date, se pogovorite s svojo ekipo za zdravljenje raka in ekipo za ohranjanje plodnosti.<\/li><li>Z va\u0161imi strokovnjaki za zdravljenje raka in ohranjanje plodnosti se <strong>pogovorite <\/strong>o posledicah in koristih vsake odlo\u010ditve, ki jo boste morda sprejeli.<\/li><\/ul><p>\u201cIVeliko mojih vpra\u0161anj je bilo odgovorjenih. Tako sem bolje razumela svoje zdravljenje in mo\u017enosti, ki jih imam. Odgovarjala je na vpra\u0161anja, ki jih ne bi nujno zastavil, dala mi je informacije, za katere nisem mislil, da jih moram vedeti\u201d \u2026 Ni me silila v nobeno smer. Bila je zelo objektivna, jasno je izrazila svoje mnenje in ni trdila, da je katera od mo\u017enosti bolj\u0161a od druge. Navedel je le dejstva in pojasnil, kaj pomenijo, ter mi omogo\u010dil, da se odlo\u010dim, ali mi je v\u0161e\u010d ali ne.\u201d<br>20-letna mlada \u017eenska z limfomom<\/p><p><strong>Spletno mesto je zasnovano tako, da zagotavlja jasne informacije in ponuja naslednje:<\/strong><\/p><ul><li>Jasno \u010dlenitev, ki vodi do razdelkov o zdravljenju raka, te\u017eavah s plodnostjo, odlo\u010ditvah za ohranitev plodnosti in na\u010drtovanje dru\u017eine.<\/li><li>Grafi\u010dni prikaz jasno poka\u017ee katere odlo\u010ditve o plodnosti so namenjene \u017eenskam pred, med in po zdravljenju.<\/li><li>V tabelah so opisane zna\u010dilnosti mo\u017enosti ohranjanja plodnosti druga ob drugi, da bi la\u017eje primerjali, kaj je pri vsaki od njih enako ali razli\u010dno.<\/li><li>Vpra\u0161anja, ki jih boste morda \u017eeleli zastaviti svoji ekipi za zdravljenje raka in za ohranjanje plodnosti.<\/li><li>Navedite ideje o tem, o \u010dem boste morda \u017eeleli povpra\u0161ati svojo ekipo za zdravljenje raka in\/ali ekipo za zdravljenje neplodnosti.<\/li><li>Vpra\u0161anja, ki vam bodo pomagala razmisliti o tem, katera mo\u017enost ohranjanja plodnosti je v tem trenutku najbolj primerna za va\u0161e \u017eivljenje.<\/li><li>Slovar\u010dek, ki pojasnjuje pomen izrazov, ki se uporabljajo v zvezi z rakom in njegovim zdravljenjem, plodnostjo in ohranjanjem plodnosti.<\/li><\/ul><p><strong>Prosimo, upo\u0161tevajte<\/strong><\/p><ol><li>Vse \u017eenske, ki se zdravijo zaradi raka, ne bodo nujno imele te\u017eav s plodnostjo v prihodnosti.<\/li><li>Vsi postopki za ohranitev plodnosti, opisani na tem spletnem mestu, niso primerni za vse \u017eenske.<\/li><li>Vsi postopki ohranjanja plodnosti, ki so opisani na tej spletni strani morda niso na voljo pri vseh klinikah za plodnost.<\/li><\/ol>\t\t\t\t\t\t\t\t<\/div>\n\t\t\t\t<\/div>\n\t\t\t\t<\/div>\n\t\t<div class=\"elementor-element elementor-element-b1afa93 e-con-full e-flex e-con e-child\" data-id=\"b1afa93\" data-element_type=\"container\" data-e-type=\"container\">\n\t\t<div class=\"elementor-element elementor-element-6a4613ad e-con-full e-flex e-con e-child\" data-id=\"6a4613ad\" data-element_type=\"container\" data-e-type=\"container\">\n\t\t\t\t<div class=\"elementor-element elementor-element-14f5e2a8 elementor-widget elementor-widget-image\" data-id=\"14f5e2a8\" data-element_type=\"widget\" data-e-type=\"widget\" data-widget_type=\"image.default\">\n\t\t\t\t<div class=\"elementor-widget-container\">\n\t\t\t\t\t\t\t\t\t\t\t\t\t\t\t\t<a href=\"http:\/\/.\/\">\n\t\t\t\t\t\t\t<img decoding=\"async\" width=\"200\" height=\"200\" src=\"https:\/\/cancerfertilityandme.org.uk\/wp-content\/uploads\/cancerfertilityandme-logo-header-young-women.png\" class=\"attachment-full size-full wp-image-332\" alt=\"\" srcset=\"https:\/\/cancerfertilityandme.org.uk\/wp-content\/uploads\/cancerfertilityandme-logo-header-young-women.png 200w, https:\/\/cancerfertilityandme.org.uk\/wp-content\/uploads\/cancerfertilityandme-logo-header-young-women-150x150.png 150w, https:\/\/cancerfertilityandme.org.uk\/wp-content\/uploads\/elementor\/thumbs\/cancerfertilityandme-logo-header-young-women-r4vfcv1ro149or8nkxzol3x986uodd6lq6no4gpb6w.png 100w\" sizes=\"(max-width: 200px) 100vw, 200px\" \/>\t\t\t\t\t\t\t\t<\/a>\n\t\t\t\t\t\t\t\t\t\t\t\t\t\t\t<\/div>\n\t\t\t\t<\/div>\n\t\t\t\t<\/div>\n\t\t<div class=\"elementor-element elementor-element-55791adf e-con-full e-flex e-con e-child\" data-id=\"55791adf\" data-element_type=\"container\" data-e-type=\"container\">\n\t\t\t\t<div class=\"elementor-element elementor-element-6a885291 elementor-widget elementor-widget-heading\" data-id=\"6a885291\" data-element_type=\"widget\" data-e-type=\"widget\" data-widget_type=\"heading.default\">\n\t\t\t\t<div class=\"elementor-widget-container\">\n\t\t\t\t\t<h3 class=\"elementor-heading-title elementor-size-default\">Za ve\u010d informacij sledite tem povezavam<\/h3>\t\t\t\t<\/div>\n\t\t\t\t<\/div>\n\t\t\t\t<div class=\"elementor-element elementor-element-17ab66f5 elementor-nav-menu--dropdown-none elementor-widget elementor-widget-nav-menu\" data-id=\"17ab66f5\" data-element_type=\"widget\" data-e-type=\"widget\" data-settings=\"{&quot;layout&quot;:&quot;vertical&quot;,&quot;submenu_icon&quot;:{&quot;value&quot;:&quot;&lt;svg aria-hidden=\\&quot;true\\&quot; class=\\&quot;e-font-icon-svg e-fas-caret-down\\&quot; viewBox=\\&quot;0 0 320 512\\&quot; xmlns=\\&quot;http:\\\/\\\/www.w3.org\\\/2000\\\/svg\\&quot;&gt;&lt;path d=\\&quot;M31.3 192h257.3c17.8 0 26.7 21.5 14.1 34.1L174.1 354.8c-7.8 7.8-20.5 7.8-28.3 0L17.2 226.1C4.6 213.5 13.5 192 31.3 192z\\&quot;&gt;&lt;\\\/path&gt;&lt;\\\/svg&gt;&quot;,&quot;library&quot;:&quot;fa-solid&quot;}}\" data-widget_type=\"nav-menu.default\">\n\t\t\t\t<div class=\"elementor-widget-container\">\n\t\t\t\t\t\t\t\t<nav aria-label=\"Menu\" class=\"elementor-nav-menu--main elementor-nav-menu__container elementor-nav-menu--layout-vertical e--pointer-none\">\n\t\t\t\t<ul id=\"menu-1-17ab66f5\" class=\"elementor-nav-menu sm-vertical\"><li class=\"menu-item menu-item-type-post_type menu-item-object-page menu-item-8474\"><a href=\"https:\/\/cancerfertilityandme.org.uk\/young-women\/about-this-project\/\" class=\"elementor-item\">O tem projektu<\/a><\/li>\n<li class=\"menu-item menu-item-type-post_type menu-item-object-page menu-item-8477\"><a href=\"https:\/\/cancerfertilityandme.org.uk\/young-women\/about-this-project\/using-this-website\/\" class=\"elementor-item\">Uporaba tega spleti\u0161\u010da<\/a><\/li>\n<li class=\"menu-item menu-item-type-post_type menu-item-object-page menu-item-8476\"><a href=\"https:\/\/cancerfertilityandme.org.uk\/young-women\/about-this-project\/linking-fertility-options\/\" class=\"elementor-item\">Povezovanje mo\u017enosti plodnosti<\/a><\/li>\n<li class=\"menu-item menu-item-type-post_type menu-item-object-page menu-item-10564\"><a href=\"https:\/\/cancerfertilityandme.org.uk\/glossary\/\" class=\"elementor-item\">Glosar<\/a><\/li>\n<\/ul>\t\t\t<\/nav>\n\t\t\t\t\t\t<nav class=\"elementor-nav-menu--dropdown elementor-nav-menu__container\" aria-hidden=\"true\">\n\t\t\t\t<ul id=\"menu-2-17ab66f5\" class=\"elementor-nav-menu sm-vertical\"><li class=\"menu-item menu-item-type-post_type menu-item-object-page menu-item-8474\"><a href=\"https:\/\/cancerfertilityandme.org.uk\/young-women\/about-this-project\/\" class=\"elementor-item\" tabindex=\"-1\">O tem projektu<\/a><\/li>\n<li class=\"menu-item menu-item-type-post_type menu-item-object-page menu-item-8477\"><a href=\"https:\/\/cancerfertilityandme.org.uk\/young-women\/about-this-project\/using-this-website\/\" class=\"elementor-item\" tabindex=\"-1\">Uporaba tega spleti\u0161\u010da<\/a><\/li>\n<li class=\"menu-item menu-item-type-post_type menu-item-object-page menu-item-8476\"><a href=\"https:\/\/cancerfertilityandme.org.uk\/young-women\/about-this-project\/linking-fertility-options\/\" class=\"elementor-item\" tabindex=\"-1\">Povezovanje mo\u017enosti plodnosti<\/a><\/li>\n<li class=\"menu-item menu-item-type-post_type menu-item-object-page menu-item-10564\"><a href=\"https:\/\/cancerfertilityandme.org.uk\/glossary\/\" class=\"elementor-item\" tabindex=\"-1\">Glosar<\/a><\/li>\n<\/ul>\t\t\t<\/nav>\n\t\t\t\t\t\t<\/div>\n\t\t\t\t<\/div>\n\t\t\t\t<\/div>\n\t\t\t\t<\/div>\n\t\t\t\t\t<\/div>\n\t\t\t\t<\/main>\n\t\t\t\t<\/div>\n\t\t","protected":false},"excerpt":{"rendered":"<p>Uporaba tega spletnega mesta za pomo\u010d pri odlo\u010danju \u201cRazmi\u0161ljam o tem, kaj bo \u010dez pet let, kaj pa \u010dez deset let? Kaj pa v prihodnosti?\u201d25-letna mlada \u017eenska z rakom na jaj\u010dnikih Da bi vam pomagali pri sprejemanju te odlo\u010ditve, so na tem spletnem mestu na voljo informacije, ki vam bodo v pomo\u010d: Seznanite se z [&hellip;]<\/p>\n","protected":false},"author":1,"featured_media":0,"parent":8353,"menu_order":0,"comment_status":"open","ping_status":"closed","template":"","meta":{"footnotes":""},"class_list":["post-8292","page","type-page","status-publish","hentry"],"_links":{"self":[{"href":"https:\/\/cancerfertilityandme.org.uk\/sl\/wp-json\/wp\/v2\/pages\/8292","targetHints":{"allow":["GET"]}}],"collection":[{"href":"https:\/\/cancerfertilityandme.org.uk\/sl\/wp-json\/wp\/v2\/pages"}],"about":[{"href":"https:\/\/cancerfertilityandme.org.uk\/sl\/wp-json\/wp\/v2\/types\/page"}],"author":[{"embeddable":true,"href":"https:\/\/cancerfertilityandme.org.uk\/sl\/wp-json\/wp\/v2\/users\/1"}],"replies":[{"embeddable":true,"href":"https:\/\/cancerfertilityandme.org.uk\/sl\/wp-json\/wp\/v2\/comments?post=8292"}],"version-history":[{"count":3,"href":"https:\/\/cancerfertilityandme.org.uk\/sl\/wp-json\/wp\/v2\/pages\/8292\/revisions"}],"predecessor-version":[{"id":9676,"href":"https:\/\/cancerfertilityandme.org.uk\/sl\/wp-json\/wp\/v2\/pages\/8292\/revisions\/9676"}],"up":[{"embeddable":true,"href":"https:\/\/cancerfertilityandme.org.uk\/sl\/wp-json\/wp\/v2\/pages\/8353"}],"wp:attachment":[{"href":"https:\/\/cancerfertilityandme.org.uk\/sl\/wp-json\/wp\/v2\/media?parent=8292"}],"curies":[{"name":"wp","href":"https:\/\/api.w.org\/{rel}","templated":true}]}}