{"id":7433,"date":"2025-06-27T10:39:47","date_gmt":"2025-06-27T10:39:47","guid":{"rendered":"https:\/\/cancerfertilityandme.org.uk\/odrasle-zenske\/sprejem-odlocitve-za-ohranjanje-plodnosti\/vprasanja-ki-jih-lahko-zastavite-vasi-ekipi-za-zdravljenje-raka-ali-druzinskemu-zdravniku\/"},"modified":"2025-11-17T11:00:56","modified_gmt":"2025-11-17T11:00:56","slug":"vprasanja-ki-jih-lahko-zastavite-vasi-ekipi-za-zdravljenje-raka-ali-druzinskemu-zdravniku","status":"publish","type":"page","link":"https:\/\/cancerfertilityandme.org.uk\/sl\/odrasle-zenske\/sprejem-odlocitve-za-ohranjanje-plodnosti\/vprasanja-ki-jih-lahko-zastavite-vasi-ekipi-za-zdravljenje-raka-ali-druzinskemu-zdravniku\/","title":{"rendered":"Vpra\u0161anja, ki jih lahko zastavite va\u0161i ekipi za zdravljenje raka ali dru\u017einskemu zdravniku"},"content":{"rendered":"\t\t<div data-elementor-type=\"wp-page\" data-elementor-id=\"7433\" class=\"elementor elementor-7433 elementor-6756\" data-elementor-post-type=\"page\">\n\t\t\t\t<main class=\"elementor-element elementor-element-25ab11ed e-flex e-con-boxed e-con e-parent\" data-id=\"25ab11ed\" data-element_type=\"container\" data-e-type=\"container\">\n\t\t\t\t\t<div class=\"e-con-inner\">\n\t\t<div class=\"elementor-element elementor-element-34fcf3da e-con-full e-flex e-con e-child\" data-id=\"34fcf3da\" data-element_type=\"container\" data-e-type=\"container\">\n\t\t\t\t<div class=\"elementor-element elementor-element-6cc13a83 elementor-widget elementor-widget-text-editor\" data-id=\"6cc13a83\" data-element_type=\"widget\" data-e-type=\"widget\" data-widget_type=\"text-editor.default\">\n\t\t\t\t<div class=\"elementor-widget-container\">\n\t\t\t\t\t\t\t\t\t<h2>Vpra\u0161anja, ki jih lahko zastavite va\u0161i ekipi za zdravljenje raka ali dru\u017einskemu zdravniku<\/h2>\n<p><\/p>\n<h3>Naslednja vpra\u0161anja vam bodo v pomo\u010d pri pogovoru o na\u010drtovanju dru\u017eine po zdravljenju raka s skupino za zdravljenje raka ali zdravnikom:<\/h3>\n<p><\/p>\n<ul>\n<li>Katera kontracepcijska sredstva bi bila zame najbolj primerna med zdravljenjem raka?<\/li>\n\n<li>Kako dolgo bom morala uporabljati ta kontracepcijska sredstva<\/li>\n\n<li>Ali pri moji vrsti raka lahko uporabljam nehormonske metode kontracepcije?<\/li>\n\n<li>\u010ce med zdravljenjem raka nimam menstruacije, ali naj \u0161e vedno uporabljam kontracepcijska sredstva?<\/li>\n\n<li>Ali bo vplivalo name ali na mojega nerojenega otroka, \u010de se odlo\u010dim, da ne bom uporabljala kontracepcije, in zanosim med zdravljenjem raka?<\/li>\n<\/ul>\n<p><\/p>\n<h3>Naslednja vpra\u0161anja vam bodo v pomo\u010d pri pogovoru o na\u010drtovanju dru\u017eine po zdravljenju raka z ekipo za zdravljenje raka ali zdravnikom:<\/h3>\n<p><\/p>\n<ul>\n<li>Kako lahko po zdravljenju raka prepoznam da sem plodna?<\/li>\n\n<li>V kolik\u0161nem \u010dasu bom izvedela ali sem plodna?<\/li>\n\n<li>Ali obstajajo testi s katerimi lahko preverim ali sem po zdravljenju raka \u0161e vedno plodna?<\/li>\n\n<li>Ali bi prihodnja nose\u010dnost vplivala na mo\u017enost ponovitve raka<\/li>\n\n<li>Ob predpostavki, da sem \u0161e vedno plodna, koliko \u010dasa po zdravljenju naj po\u010dakam z nose\u010dnostjo?<\/li>\n\n<li>\u010ce zanosim po zdravljenju raka, ali bo imel moj otrok ve\u010dje mo\u017enosti, da zboli za rakom?<\/li>\n\n<li>\u010ce se pred zdravljenjem nisem odlo\u010dila za terapijo ohranjanja plodnosti, ali imam \u0161e vedno mo\u017enosti to storiti zdaj?<\/li>\n<\/ul>\n<p><\/p>\t\t\t\t\t\t\t\t<\/div>\n\t\t\t\t<\/div>\n\t\t\t\t<\/div>\n\t\t<div class=\"elementor-element elementor-element-6a1bb7bc e-con-full e-flex e-con e-child\" data-id=\"6a1bb7bc\" data-element_type=\"container\" data-e-type=\"container\">\n\t\t<div class=\"elementor-element elementor-element-1bd82185 e-con-full e-flex e-con e-child\" data-id=\"1bd82185\" data-element_type=\"container\" data-e-type=\"container\">\n\t\t\t\t<div class=\"elementor-element elementor-element-2d9f0ca8 elementor-widget elementor-widget-image\" data-id=\"2d9f0ca8\" data-element_type=\"widget\" data-e-type=\"widget\" data-widget_type=\"image.default\">\n\t\t\t\t<div class=\"elementor-widget-container\">\n\t\t\t\t\t\t\t\t\t\t\t\t\t\t\t\t<a href=\"http:\/\/.\/\">\n\t\t\t\t\t\t\t<img fetchpriority=\"high\" decoding=\"async\" width=\"400\" height=\"440\" src=\"https:\/\/cancerfertilityandme.org.uk\/wp-content\/uploads\/cancerfertilityandme-logo-column-adult-women.png\" class=\"attachment-full size-full wp-image-2285\" alt=\"\" srcset=\"https:\/\/cancerfertilityandme.org.uk\/wp-content\/uploads\/cancerfertilityandme-logo-column-adult-women.png 400w, https:\/\/cancerfertilityandme.org.uk\/wp-content\/uploads\/cancerfertilityandme-logo-column-adult-women-273x300.png 273w\" sizes=\"(max-width: 400px) 100vw, 400px\" \/>\t\t\t\t\t\t\t\t<\/a>\n\t\t\t\t\t\t\t\t\t\t\t\t\t\t\t<\/div>\n\t\t\t\t<\/div>\n\t\t\t\t<\/div>\n\t\t<div class=\"elementor-element elementor-element-574c7552 e-con-full e-flex e-con e-child\" data-id=\"574c7552\" data-element_type=\"container\" data-e-type=\"container\">\n\t\t\t\t<div class=\"elementor-element elementor-element-2a012a0e elementor-widget elementor-widget-heading\" data-id=\"2a012a0e\" data-element_type=\"widget\" data-e-type=\"widget\" data-widget_type=\"heading.default\">\n\t\t\t\t<div class=\"elementor-widget-container\">\n\t\t\t\t\t<h3 class=\"elementor-heading-title elementor-size-default\">Za ve\u010d informacij sledite tem povezavam<\/h3>\t\t\t\t<\/div>\n\t\t\t\t<\/div>\n\t\t\t\t<div class=\"elementor-element elementor-element-36effc62 elementor-nav-menu--dropdown-none elementor-widget elementor-widget-nav-menu\" data-id=\"36effc62\" data-element_type=\"widget\" data-e-type=\"widget\" data-settings=\"{&quot;layout&quot;:&quot;vertical&quot;,&quot;submenu_icon&quot;:{&quot;value&quot;:&quot;&lt;svg aria-hidden=\\&quot;true\\&quot; class=\\&quot;e-font-icon-svg e-fas-caret-down\\&quot; viewBox=\\&quot;0 0 320 512\\&quot; xmlns=\\&quot;http:\\\/\\\/www.w3.org\\\/2000\\\/svg\\&quot;&gt;&lt;path d=\\&quot;M31.3 192h257.3c17.8 0 26.7 21.5 14.1 34.1L174.1 354.8c-7.8 7.8-20.5 7.8-28.3 0L17.2 226.1C4.6 213.5 13.5 192 31.3 192z\\&quot;&gt;&lt;\\\/path&gt;&lt;\\\/svg&gt;&quot;,&quot;library&quot;:&quot;fa-solid&quot;}}\" data-widget_type=\"nav-menu.default\">\n\t\t\t\t<div class=\"elementor-widget-container\">\n\t\t\t\t\t\t\t\t<nav aria-label=\"Menu\" class=\"elementor-nav-menu--main elementor-nav-menu__container elementor-nav-menu--layout-vertical e--pointer-none\">\n\t\t\t\t<ul id=\"menu-1-36effc62\" class=\"elementor-nav-menu sm-vertical\"><li class=\"menu-item menu-item-type-post_type menu-item-object-page menu-item-6971\"><a href=\"https:\/\/cancerfertilityandme.org.uk\/adult-women\/contraception-family-planning\/\" class=\"elementor-item\">Kontracepcija in na\u010drtovanje dru\u017eine<\/a><\/li>\n<li class=\"menu-item menu-item-type-post_type menu-item-object-page menu-item-6972\"><a href=\"https:\/\/cancerfertilityandme.org.uk\/adult-women\/contraception-family-planning\/contraception-during-cancer-treatment\/\" class=\"elementor-item\">Kontracepcija med zdravljenjem raka<\/a><\/li>\n<li class=\"menu-item menu-item-type-post_type menu-item-object-page menu-item-6973\"><a href=\"https:\/\/cancerfertilityandme.org.uk\/adult-women\/contraception-family-planning\/family-planning-decisions-after-cancer-treatment\/\" class=\"elementor-item\">Odlo\u010ditve za na\u010drtovanje dru\u017eine po zdravljenju raka<\/a><\/li>\n<li class=\"menu-item menu-item-type-post_type menu-item-object-page menu-item-8692\"><a href=\"https:\/\/cancerfertilityandme.org.uk\/adult-women\/making-your-fertility-preservation-decision\/questions-to-ask-your-cancer-care-team-or-gp\/\" class=\"elementor-item\">Vpra\u0161anja, ki jih lahko zastavite va\u0161i ekipi za zdravljenje raka ali dru\u017einskemu zdravniku<\/a><\/li>\n<\/ul>\t\t\t<\/nav>\n\t\t\t\t\t\t<nav class=\"elementor-nav-menu--dropdown elementor-nav-menu__container\" aria-hidden=\"true\">\n\t\t\t\t<ul id=\"menu-2-36effc62\" class=\"elementor-nav-menu sm-vertical\"><li class=\"menu-item menu-item-type-post_type menu-item-object-page menu-item-6971\"><a href=\"https:\/\/cancerfertilityandme.org.uk\/adult-women\/contraception-family-planning\/\" class=\"elementor-item\" tabindex=\"-1\">Kontracepcija in na\u010drtovanje dru\u017eine<\/a><\/li>\n<li class=\"menu-item menu-item-type-post_type menu-item-object-page menu-item-6972\"><a href=\"https:\/\/cancerfertilityandme.org.uk\/adult-women\/contraception-family-planning\/contraception-during-cancer-treatment\/\" class=\"elementor-item\" tabindex=\"-1\">Kontracepcija med zdravljenjem raka<\/a><\/li>\n<li class=\"menu-item menu-item-type-post_type menu-item-object-page menu-item-6973\"><a href=\"https:\/\/cancerfertilityandme.org.uk\/adult-women\/contraception-family-planning\/family-planning-decisions-after-cancer-treatment\/\" class=\"elementor-item\" tabindex=\"-1\">Odlo\u010ditve za na\u010drtovanje dru\u017eine po zdravljenju raka<\/a><\/li>\n<li class=\"menu-item menu-item-type-post_type menu-item-object-page menu-item-8692\"><a href=\"https:\/\/cancerfertilityandme.org.uk\/adult-women\/making-your-fertility-preservation-decision\/questions-to-ask-your-cancer-care-team-or-gp\/\" class=\"elementor-item\" tabindex=\"-1\">Vpra\u0161anja, ki jih lahko zastavite va\u0161i ekipi za zdravljenje raka ali dru\u017einskemu zdravniku<\/a><\/li>\n<\/ul>\t\t\t<\/nav>\n\t\t\t\t\t\t<\/div>\n\t\t\t\t<\/div>\n\t\t\t\t<\/div>\n\t\t\t\t<\/div>\n\t\t\t\t\t<\/div>\n\t\t\t\t<\/main>\n\t\t\t\t<\/div>\n\t\t","protected":false},"excerpt":{"rendered":"<p>Vpra\u0161anja, ki jih lahko zastavite va\u0161i ekipi za zdravljenje raka ali dru\u017einskemu zdravniku Naslednja vpra\u0161anja vam bodo v pomo\u010d pri pogovoru o na\u010drtovanju dru\u017eine po zdravljenju raka s skupino za zdravljenje raka ali zdravnikom: Katera kontracepcijska sredstva bi bila zame najbolj primerna med zdravljenjem raka? Kako dolgo bom morala uporabljati ta kontracepcijska sredstva Ali pri [&hellip;]<\/p>\n","protected":false},"author":1,"featured_media":0,"parent":6602,"menu_order":0,"comment_status":"closed","ping_status":"closed","template":"","meta":{"footnotes":""},"class_list":["post-7433","page","type-page","status-publish","hentry"],"_links":{"self":[{"href":"https:\/\/cancerfertilityandme.org.uk\/sl\/wp-json\/wp\/v2\/pages\/7433","targetHints":{"allow":["GET"]}}],"collection":[{"href":"https:\/\/cancerfertilityandme.org.uk\/sl\/wp-json\/wp\/v2\/pages"}],"about":[{"href":"https:\/\/cancerfertilityandme.org.uk\/sl\/wp-json\/wp\/v2\/types\/page"}],"author":[{"embeddable":true,"href":"https:\/\/cancerfertilityandme.org.uk\/sl\/wp-json\/wp\/v2\/users\/1"}],"replies":[{"embeddable":true,"href":"https:\/\/cancerfertilityandme.org.uk\/sl\/wp-json\/wp\/v2\/comments?post=7433"}],"version-history":[{"count":3,"href":"https:\/\/cancerfertilityandme.org.uk\/sl\/wp-json\/wp\/v2\/pages\/7433\/revisions"}],"predecessor-version":[{"id":9557,"href":"https:\/\/cancerfertilityandme.org.uk\/sl\/wp-json\/wp\/v2\/pages\/7433\/revisions\/9557"}],"up":[{"embeddable":true,"href":"https:\/\/cancerfertilityandme.org.uk\/sl\/wp-json\/wp\/v2\/pages\/6602"}],"wp:attachment":[{"href":"https:\/\/cancerfertilityandme.org.uk\/sl\/wp-json\/wp\/v2\/media?parent=7433"}],"curies":[{"name":"wp","href":"https:\/\/api.w.org\/{rel}","templated":true}]}}