{"id":6630,"date":"2019-04-17T18:40:28","date_gmt":"2019-04-17T18:40:28","guid":{"rendered":"https:\/\/cancerfertilityandme.org.uk\/prenesite-knjizico-cfm-v-anglescini\/"},"modified":"2026-03-18T12:40:10","modified_gmt":"2026-03-18T12:40:10","slug":"prenesite-knjizico-cfm-v-anglescini","status":"publish","type":"page","link":"https:\/\/cancerfertilityandme.org.uk\/sl\/odrasle-zenske\/koristne-povezave\/prenesite-knjizico-cfm-v-anglescini\/","title":{"rendered":"Prenesite knji\u017eico CFM (v angle\u0161\u010dini)"},"content":{"rendered":"\t\t<div data-elementor-type=\"wp-page\" data-elementor-id=\"6630\" class=\"elementor elementor-6630 elementor-5699\" data-elementor-post-type=\"page\">\n\t\t\t\t<div class=\"elementor-element elementor-element-6087e4b2 e-flex e-con-boxed e-con e-parent\" data-id=\"6087e4b2\" data-element_type=\"container\" data-e-type=\"container\">\n\t\t\t\t\t<div class=\"e-con-inner\">\n\t\t<div class=\"elementor-element elementor-element-463a6647 e-con-full e-flex e-con e-child\" data-id=\"463a6647\" data-element_type=\"container\" data-e-type=\"container\">\n\t\t\t\t<div class=\"elementor-element elementor-element-495761cb elementor-widget elementor-widget-text-editor\" data-id=\"495761cb\" data-element_type=\"widget\" data-e-type=\"widget\" data-widget_type=\"text-editor.default\">\n\t\t\t\t<div class=\"elementor-widget-container\">\n\t\t\t\t\t\t\t\t\t<h2>Prenesite knji\u017eico CFM kot PDF (v angle\u0161\u010dini)<\/h2><p>Ta spletna stran temelji na na\u0161i tiskani knji\u017eici, z naslovom &#8220;Cancer, Fertility &amp; Me&#8221; (Rak, plodnost in jaz).<\/p><p><a href=\"\/wp-content\/uploads\/CFM-Decision-Aid-9Aug2020-WEB.pdf\" target=\"_blank\" rel=\"noopener noreferrer\">Razli\u010dico knji\u017eice v obliki PDF lahko prenesete tukaj (v angle\u0161\u010dini)<\/a><\/p><p><a href=\"\/wp-content\/uploads\/CFM-Decision-Aid-9Aug2020-WEB.pdf\" target=\"_blank\" rel=\"noopener noreferrer\"><img fetchpriority=\"high\" decoding=\"async\" src=\"\/wp-content\/uploads\/CFM-cover.jpg\" alt=\"Prenos knji\u017eice CFM\" width=\"371\" height=\"519\"><\/a><\/p>\t\t\t\t\t\t\t\t<\/div>\n\t\t\t\t<\/div>\n\t\t\t\t<\/div>\n\t\t<div class=\"elementor-element elementor-element-175557c0 e-con-full e-flex e-con e-child\" data-id=\"175557c0\" data-element_type=\"container\" data-e-type=\"container\">\n\t\t<div class=\"elementor-element elementor-element-5bb5c87a e-con-full e-flex e-con e-child\" data-id=\"5bb5c87a\" data-element_type=\"container\" data-e-type=\"container\">\n\t\t\t\t<div class=\"elementor-element elementor-element-38b29ac7 elementor-widget elementor-widget-image\" data-id=\"38b29ac7\" data-element_type=\"widget\" data-e-type=\"widget\" data-widget_type=\"image.default\">\n\t\t\t\t<div class=\"elementor-widget-container\">\n\t\t\t\t\t\t\t\t\t\t\t\t\t\t\t\t<a href=\"http:\/\/.\/\">\n\t\t\t\t\t\t\t<img decoding=\"async\" width=\"400\" height=\"440\" src=\"https:\/\/cancerfertilityandme.org.uk\/wp-content\/uploads\/cancerfertilityandme-logo-column-adult-women.png\" class=\"attachment-full size-full wp-image-2285\" alt=\"\" srcset=\"https:\/\/cancerfertilityandme.org.uk\/wp-content\/uploads\/cancerfertilityandme-logo-column-adult-women.png 400w, https:\/\/cancerfertilityandme.org.uk\/wp-content\/uploads\/cancerfertilityandme-logo-column-adult-women-273x300.png 273w\" sizes=\"(max-width: 400px) 100vw, 400px\" \/>\t\t\t\t\t\t\t\t<\/a>\n\t\t\t\t\t\t\t\t\t\t\t\t\t\t\t<\/div>\n\t\t\t\t<\/div>\n\t\t\t\t<\/div>\n\t\t<div class=\"elementor-element elementor-element-3b76431c e-con-full e-flex e-con e-child\" data-id=\"3b76431c\" data-element_type=\"container\" data-e-type=\"container\">\n\t\t\t\t<div class=\"elementor-element elementor-element-34563445 elementor-widget elementor-widget-heading\" data-id=\"34563445\" data-element_type=\"widget\" data-e-type=\"widget\" data-widget_type=\"heading.default\">\n\t\t\t\t<div class=\"elementor-widget-container\">\n\t\t\t\t\t<h3 class=\"elementor-heading-title elementor-size-default\">Za ve\u010d informacij sledite tem povezavam<\/h3>\t\t\t\t<\/div>\n\t\t\t\t<\/div>\n\t\t\t\t<div class=\"elementor-element elementor-element-1707fc8c elementor-nav-menu--dropdown-none elementor-widget elementor-widget-nav-menu\" data-id=\"1707fc8c\" data-element_type=\"widget\" data-e-type=\"widget\" data-settings=\"{&quot;layout&quot;:&quot;vertical&quot;,&quot;submenu_icon&quot;:{&quot;value&quot;:&quot;&lt;svg aria-hidden=\\&quot;true\\&quot; class=\\&quot;e-font-icon-svg e-fas-caret-down\\&quot; viewBox=\\&quot;0 0 320 512\\&quot; xmlns=\\&quot;http:\\\/\\\/www.w3.org\\\/2000\\\/svg\\&quot;&gt;&lt;path d=\\&quot;M31.3 192h257.3c17.8 0 26.7 21.5 14.1 34.1L174.1 354.8c-7.8 7.8-20.5 7.8-28.3 0L17.2 226.1C4.6 213.5 13.5 192 31.3 192z\\&quot;&gt;&lt;\\\/path&gt;&lt;\\\/svg&gt;&quot;,&quot;library&quot;:&quot;fa-solid&quot;}}\" data-widget_type=\"nav-menu.default\">\n\t\t\t\t<div class=\"elementor-widget-container\">\n\t\t\t\t\t\t\t\t<nav aria-label=\"Menu\" class=\"elementor-nav-menu--main elementor-nav-menu__container elementor-nav-menu--layout-vertical e--pointer-none\">\n\t\t\t\t<ul id=\"menu-1-1707fc8c\" class=\"elementor-nav-menu sm-vertical\"><li class=\"menu-item menu-item-type-post_type menu-item-object-page menu-item-11519\"><a href=\"https:\/\/cancerfertilityandme.org.uk\/adult-women\/other-information-and-contacts\/\" class=\"elementor-item\">Koristne povezave<\/a><\/li>\n<li class=\"menu-item menu-item-type-post_type menu-item-object-page menu-item-7181\"><a href=\"https:\/\/cancerfertilityandme.org.uk\/adult-women\/the-cfm-team\/\" class=\"elementor-item\">Ekipa<\/a><\/li>\n<li class=\"menu-item menu-item-type-post_type menu-item-object-page menu-item-7180\"><a href=\"https:\/\/cancerfertilityandme.org.uk\/adult-women\/other-information-and-contacts\/our-external-partners\/\" class=\"elementor-item\">Na\u0161i zunanji partnerji<\/a><\/li>\n<li class=\"menu-item menu-item-type-post_type menu-item-object-page menu-item-7179\"><a href=\"https:\/\/cancerfertilityandme.org.uk\/adult-women\/other-information-and-contacts\/download-the-cfm-booklet\/\" class=\"elementor-item\">Prenesite knji\u017eico CFM (v angle\u0161\u010dini)<\/a><\/li>\n<li class=\"menu-item menu-item-type-post_type menu-item-object-page menu-item-7455\"><a href=\"https:\/\/cancerfertilityandme.org.uk\/contact-us\/\" class=\"elementor-item\">Kontaktiraj nas<\/a><\/li>\n<\/ul>\t\t\t<\/nav>\n\t\t\t\t\t\t<nav class=\"elementor-nav-menu--dropdown elementor-nav-menu__container\" aria-hidden=\"true\">\n\t\t\t\t<ul id=\"menu-2-1707fc8c\" class=\"elementor-nav-menu sm-vertical\"><li class=\"menu-item menu-item-type-post_type menu-item-object-page menu-item-11519\"><a href=\"https:\/\/cancerfertilityandme.org.uk\/adult-women\/other-information-and-contacts\/\" class=\"elementor-item\" tabindex=\"-1\">Koristne povezave<\/a><\/li>\n<li class=\"menu-item menu-item-type-post_type menu-item-object-page menu-item-7181\"><a href=\"https:\/\/cancerfertilityandme.org.uk\/adult-women\/the-cfm-team\/\" class=\"elementor-item\" tabindex=\"-1\">Ekipa<\/a><\/li>\n<li class=\"menu-item menu-item-type-post_type menu-item-object-page menu-item-7180\"><a href=\"https:\/\/cancerfertilityandme.org.uk\/adult-women\/other-information-and-contacts\/our-external-partners\/\" class=\"elementor-item\" tabindex=\"-1\">Na\u0161i zunanji partnerji<\/a><\/li>\n<li class=\"menu-item menu-item-type-post_type menu-item-object-page menu-item-7179\"><a href=\"https:\/\/cancerfertilityandme.org.uk\/adult-women\/other-information-and-contacts\/download-the-cfm-booklet\/\" class=\"elementor-item\" tabindex=\"-1\">Prenesite knji\u017eico CFM (v angle\u0161\u010dini)<\/a><\/li>\n<li class=\"menu-item menu-item-type-post_type menu-item-object-page menu-item-7455\"><a href=\"https:\/\/cancerfertilityandme.org.uk\/contact-us\/\" class=\"elementor-item\" tabindex=\"-1\">Kontaktiraj nas<\/a><\/li>\n<\/ul>\t\t\t<\/nav>\n\t\t\t\t\t\t<\/div>\n\t\t\t\t<\/div>\n\t\t\t\t<\/div>\n\t\t\t\t<\/div>\n\t\t\t\t\t<\/div>\n\t\t\t\t<\/div>\n\t\t\t\t<\/div>\n\t\t","protected":false},"excerpt":{"rendered":"<p>Prenesite knji\u017eico CFM kot PDF (v angle\u0161\u010dini) Ta spletna stran temelji na na\u0161i tiskani knji\u017eici, z naslovom &#8220;Cancer, Fertility &amp; Me&#8221; (Rak, plodnost in jaz). Razli\u010dico knji\u017eice v obliki PDF lahko prenesete tukaj (v angle\u0161\u010dini) Za ve\u010d informacij sledite tem povezavam<\/p>\n","protected":false},"author":1,"featured_media":5707,"parent":6500,"menu_order":0,"comment_status":"closed","ping_status":"closed","template":"","meta":{"footnotes":""},"class_list":["post-6630","page","type-page","status-publish","has-post-thumbnail","hentry"],"_links":{"self":[{"href":"https:\/\/cancerfertilityandme.org.uk\/sl\/wp-json\/wp\/v2\/pages\/6630","targetHints":{"allow":["GET"]}}],"collection":[{"href":"https:\/\/cancerfertilityandme.org.uk\/sl\/wp-json\/wp\/v2\/pages"}],"about":[{"href":"https:\/\/cancerfertilityandme.org.uk\/sl\/wp-json\/wp\/v2\/types\/page"}],"author":[{"embeddable":true,"href":"https:\/\/cancerfertilityandme.org.uk\/sl\/wp-json\/wp\/v2\/users\/1"}],"replies":[{"embeddable":true,"href":"https:\/\/cancerfertilityandme.org.uk\/sl\/wp-json\/wp\/v2\/comments?post=6630"}],"version-history":[{"count":4,"href":"https:\/\/cancerfertilityandme.org.uk\/sl\/wp-json\/wp\/v2\/pages\/6630\/revisions"}],"predecessor-version":[{"id":10992,"href":"https:\/\/cancerfertilityandme.org.uk\/sl\/wp-json\/wp\/v2\/pages\/6630\/revisions\/10992"}],"up":[{"embeddable":true,"href":"https:\/\/cancerfertilityandme.org.uk\/sl\/wp-json\/wp\/v2\/pages\/6500"}],"wp:featuredmedia":[{"embeddable":true,"href":"https:\/\/cancerfertilityandme.org.uk\/sl\/wp-json\/wp\/v2\/media\/5707"}],"wp:attachment":[{"href":"https:\/\/cancerfertilityandme.org.uk\/sl\/wp-json\/wp\/v2\/media?parent=6630"}],"curies":[{"name":"wp","href":"https:\/\/api.w.org\/{rel}","templated":true}]}}