{"id":6626,"date":"2018-12-10T07:26:29","date_gmt":"2018-12-10T07:26:29","guid":{"rendered":"https:\/\/cancerfertilityandme.org.uk\/ekipa\/"},"modified":"2026-03-27T15:12:03","modified_gmt":"2026-03-27T15:12:03","slug":"ekipa","status":"publish","type":"page","link":"https:\/\/cancerfertilityandme.org.uk\/sl\/odrasle-zenske\/ekipa\/","title":{"rendered":"Ekipa"},"content":{"rendered":"\t\t<div data-elementor-type=\"wp-page\" data-elementor-id=\"6626\" class=\"elementor elementor-6626 elementor-5601\" data-elementor-post-type=\"page\">\n\t\t\t\t<main class=\"elementor-element elementor-element-358bef46 e-flex e-con-boxed e-con e-parent\" data-id=\"358bef46\" data-element_type=\"container\" data-e-type=\"container\">\n\t\t\t\t\t<div class=\"e-con-inner\">\n\t\t<div class=\"elementor-element elementor-element-34571c01 e-con-full e-flex e-con e-child\" data-id=\"34571c01\" data-element_type=\"container\" data-e-type=\"container\">\n\t\t\t\t<div class=\"elementor-element elementor-element-eb4d3a6 elementor-widget elementor-widget-text-editor\" data-id=\"eb4d3a6\" data-element_type=\"widget\" data-e-type=\"widget\" data-widget_type=\"text-editor.default\">\n\t\t\t\t<div class=\"elementor-widget-container\">\n\t\t\t\t\t\t\t\t\t<h2>O ekipii Rak, plodnost in jaz<\/h2><p>\u017denske z rakom so prosile za informacije, ki bi jim pomagale razmisliti o zdravljenju, ki jim lahko pomaga pri ohranjanju njihove plodnosti, in jih pripravi na pogovor z ekipo za zdravljenje raka in skupino za ohranjanje plodnosti, partnerjem, dru\u017eino in prijatelji, pred za\u010detkom zdravljenje raka.<\/p><p>To spletno mesto je ustvarila skupina Cancer, Fertility and Me (CFM) , da bi \u017eenskam z rakom pomagala pri odlo\u010danju o vrsti ohranjanja plodnosti pred za\u010detkom zdravljenja raka.<\/p><p>Ekipo CFM sestavljajo psihologi, svetovalci za odlo\u010danje, raziskovalci, zdravniki, ki se ukvarjajo z rakom pri otrocih in odraslih ter plodnostjo, specializirane medicinske sestre, partnerji bolnic ter lokalni in nacionalni sodelavci dobrodelnih organizacij.<\/p><p>Upamo, da vam bo ta spletna stran v pomo\u010d pri seznanjanju z mo\u017enostmi, ki so vam na voljo pri sprejetju najbolj\u0161e odlo\u010ditve za vas.<\/p><p>Raziskovalna skupina CFM se zahvaljuje vsem bolnicam, skupinam uporabnikov in zdravstvenim delavcem, ki so namenili svoj \u010das in strokovno znanje za podporo pri razvoju tega spletnega mesta.<\/p><h3>\u010clani raziskovalne skupine CFM so:<\/h3><p><strong>Professor Georgina Jones,<\/strong> Professor of Health Psychology (Leeds Beckett University)<\/p><p><strong>Professor Richard Anderson,<\/strong> Professor of Clinical Reproductive Science (University of Edinburgh)<\/p><p><strong>Dr Ellissa Baskind,<\/strong> Sub-Specialty Trainee Registrar in Reproductive Medicine (Leeds Teaching Hospitals)<\/p><p><strong>Professor Hilary Bekker,<\/strong> Professor of Medical Decision Making (University of Leeds)<\/p><p><strong>Grete Brauten-Smith,<\/strong> Clinical Nurse Specialist Younger Women (Breast Cancer Care)<\/p><p><strong>Tonia Campbell,<\/strong> Cancer Patient and Lay Advocate<\/p><p><strong>Professor Karen Collins<\/strong>, Professor of Health Services Research (Sheffield Hallam University)<\/p><p><strong>Dr Frances Darby &#8211;<\/strong> Registered Nurse and Research Assistant, Leeds Beckett University<\/p><p><strong>Jacqui Gath,<\/strong> Cancer Patient and Lay Advocate<\/p><p><strong>Professor Diana Greenfield,<\/strong> Macmillan Consultant Nurse in Late Effects (Sheffield Teaching Hospitals) and Professor in Cancer Survivorship (University of Sheffield)<\/p><p><strong>Jane Hughes,<\/strong> Research Associate (Leeds Beckett University)<\/p><p><strong>Dr Richard Jacques<\/strong>, Post-Doctoral Research Associate in Medical Statistics (University of Sheffield)<\/p><p><strong>Samantha Kennedy<\/strong> (Director of Weston Park Charity)<\/p><p><strong>Dr Sheila Lane,<\/strong> Consultant Paediatric Oncologist (University of Oxford)<\/p><p><strong>Dr Neda Mahmoodi,<\/strong> Senior Lecturer in Psychology and Research Fellow (Leeds Beckett University)<\/p><p><strong>Dr Mariano Mascarenhas,<\/strong> Clinical Fellow, Leeds Fertility, Seacroft Hospital, Leeds Teaching Hospitals NHS Trust<\/p><p><strong>Dr Rachael Moss \u2013<\/strong> Research Assistant, Leeds Beckett University<\/p><p><strong>Dr Bob Phillips,<\/strong> Senior Clinical Academic and Honorary Consultant Paediatric Oncologist (University of York and Leeds Children\u2019s Hospital)<\/p><p><strong>Dr Jonathan Skull,<\/strong> Consultant in Reproductive Medicine and Surgery (Sheffield Teaching Hospitals)<\/p><p><strong>Professor John Snowden,<\/strong> Consultant Haematologist (Sheffield Teaching Hospitals)<\/p><p><strong>Dr Dan Stark,<\/strong> Senior Lecturer in Cancer Medicine (University of Leeds) and Honorary Consultant in Medical Oncology (Leeds Teaching Hospitals)<\/p><p><strong>Professor Galina Velikova,<\/strong> Consultant Medical Oncologist (Leeds Teaching Hospitals, University of Leeds)<\/p><p><strong>Katharina Vogt &#8211;<\/strong> Research Assistant, Leeds Beckett University<\/p><p><strong>Ali Walker<\/strong> (Independent Cancer Patient Voices)<\/p><p><strong>Dr Dan Yeomanson,<\/strong> Consultant Paediatric Oncologist (Sheffield Children\u2019s Hospital)<\/p><hr><p>Celoten seznam dokazov, ki smo jih uporabili pri raziskovanju in razvoju tega spletnega mesta ter ravni berljivosti, najdete na:<\/p><p><a href=\"https:\/\/www.leedsbeckett.ac.uk\/cancerfertilityandme\" target=\"_blank\" rel=\"noopener noreferrer\">www.leedsbeckett.ac.uk\/cancerfertilityandme<\/a><\/p>\t\t\t\t\t\t\t\t<\/div>\n\t\t\t\t<\/div>\n\t\t<div class=\"elementor-element elementor-element-3954ff0a e-con-full e-flex e-con e-child\" data-id=\"3954ff0a\" data-element_type=\"container\" data-e-type=\"container\" data-settings=\"{&quot;background_background&quot;:&quot;classic&quot;}\">\n\t\t\t\t<div class=\"elementor-element elementor-element-269c8d0e elementor-widget elementor-widget-text-editor\" data-id=\"269c8d0e\" data-element_type=\"widget\" data-e-type=\"widget\" data-widget_type=\"text-editor.default\">\n\t\t\t\t<div class=\"elementor-widget-container\">\n\t\t\t\t\t\t\t\t\t<p><strong>Politika posodobitev<\/strong><\/p>\n<p>Razvoj tega vira je financirala organizacija Yorkshire Cancer Research. \u010clani raziskovalne skupine CFM nimajo nobene koristi ali izgube glede uporabe tega vira. <\/p>\n<p>Po najbolj\u0161ih mo\u010deh si prizadevamo , da ima gradivo od dneva objave (julij 2020) zagotovljene posodobljene in to\u010dne informacije Skupina CFM bo nenehno pregledovala nastajajo\u010de dokaze, da bi zagotovil predstavitev natan\u010dnih informacij. Skupina CFM bo vsako leto posodabljala gradivo, razen v primeru novih dokazov, ki bi upravi\u010devali zgodnej\u0161o posodobitev.   <\/p>\t\t\t\t\t\t\t\t<\/div>\n\t\t\t\t<\/div>\n\t\t\t\t<\/div>\n\t\t\t\t<\/div>\n\t\t<div class=\"elementor-element elementor-element-73455dcf e-con-full e-flex e-con e-child\" data-id=\"73455dcf\" data-element_type=\"container\" data-e-type=\"container\">\n\t\t<div class=\"elementor-element elementor-element-129fc67 e-con-full e-flex e-con e-child\" data-id=\"129fc67\" data-element_type=\"container\" data-e-type=\"container\">\n\t\t\t\t<div class=\"elementor-element elementor-element-2d3ec6e2 elementor-widget elementor-widget-heading\" data-id=\"2d3ec6e2\" data-element_type=\"widget\" data-e-type=\"widget\" data-widget_type=\"heading.default\">\n\t\t\t\t<div class=\"elementor-widget-container\">\n\t\t\t\t\t<h3 class=\"elementor-heading-title elementor-size-default\">Za ve\u010d informacij sledite tem povezavam<\/h3>\t\t\t\t<\/div>\n\t\t\t\t<\/div>\n\t\t\t\t<\/div>\n\t\t<div class=\"elementor-element elementor-element-f965c40 e-con-full e-flex e-con e-child\" data-id=\"f965c40\" data-element_type=\"container\" data-e-type=\"container\">\n\t\t<a class=\"elementor-element elementor-element-5be469b2 e-con-full e-transform e-flex elementor-invisible e-con e-child\" data-id=\"5be469b2\" data-element_type=\"container\" data-e-type=\"container\" data-settings=\"{&quot;background_background&quot;:&quot;classic&quot;,&quot;animation&quot;:&quot;slideInRight&quot;,&quot;animation_delay&quot;:400,&quot;_transform_translateY_effect_hover&quot;:{&quot;unit&quot;:&quot;px&quot;,&quot;size&quot;:0,&quot;sizes&quot;:[]},&quot;_transform_translateX_effect_hover&quot;:{&quot;unit&quot;:&quot;px&quot;,&quot;size&quot;:10,&quot;sizes&quot;:[]},&quot;_transform_translateX_effect_hover_tablet&quot;:{&quot;unit&quot;:&quot;px&quot;,&quot;size&quot;:&quot;&quot;,&quot;sizes&quot;:[]},&quot;_transform_translateX_effect_hover_mobile&quot;:{&quot;unit&quot;:&quot;px&quot;,&quot;size&quot;:&quot;&quot;,&quot;sizes&quot;:[]},&quot;_transform_translateY_effect_hover_tablet&quot;:{&quot;unit&quot;:&quot;px&quot;,&quot;size&quot;:&quot;&quot;,&quot;sizes&quot;:[]},&quot;_transform_translateY_effect_hover_mobile&quot;:{&quot;unit&quot;:&quot;px&quot;,&quot;size&quot;:&quot;&quot;,&quot;sizes&quot;:[]}}\" href=\"https:\/\/cancerfertilityandme.org.uk\/sl\/odrasle-zenske\/\">\n\t\t<div class=\"elementor-element elementor-element-5ea5bb46 e-con-full e-flex e-con e-child\" data-id=\"5ea5bb46\" data-element_type=\"container\" data-e-type=\"container\">\n\t\t\t\t<div class=\"elementor-element elementor-element-69889765 elementor-widget elementor-widget-image\" data-id=\"69889765\" data-element_type=\"widget\" data-e-type=\"widget\" data-widget_type=\"image.default\">\n\t\t\t\t<div class=\"elementor-widget-container\">\n\t\t\t\t\t\t\t\t\t\t\t\t\t\t\t<img fetchpriority=\"high\" decoding=\"async\" width=\"400\" height=\"440\" src=\"https:\/\/cancerfertilityandme.org.uk\/wp-content\/uploads\/cancerfertilityandme-logo-column-adult-women.png\" class=\"attachment-full size-full wp-image-2285\" alt=\"\" srcset=\"https:\/\/cancerfertilityandme.org.uk\/wp-content\/uploads\/cancerfertilityandme-logo-column-adult-women.png 400w, https:\/\/cancerfertilityandme.org.uk\/wp-content\/uploads\/cancerfertilityandme-logo-column-adult-women-273x300.png 273w\" sizes=\"(max-width: 400px) 100vw, 400px\" \/>\t\t\t\t\t\t\t\t\t\t\t\t\t\t\t<\/div>\n\t\t\t\t<\/div>\n\t\t\t\t<\/div>\n\t\t<div class=\"elementor-element elementor-element-1c9d5361 e-con-full e-flex e-con e-child\" data-id=\"1c9d5361\" data-element_type=\"container\" data-e-type=\"container\">\n\t\t\t\t<div class=\"elementor-element elementor-element-11c641dd elementor-widget elementor-widget-heading\" data-id=\"11c641dd\" data-element_type=\"widget\" data-e-type=\"widget\" data-widget_type=\"heading.default\">\n\t\t\t\t<div class=\"elementor-widget-container\">\n\t\t\t\t\t<h2 class=\"elementor-heading-title elementor-size-default\">Odrasle \u017eenske<\/h2>\t\t\t\t<\/div>\n\t\t\t\t<\/div>\n\t\t\t\t<\/div>\n\t\t\t\t<\/a>\n\t\t<a class=\"elementor-element elementor-element-133c5471 e-con-full e-transform e-flex elementor-invisible e-con e-child\" data-id=\"133c5471\" data-element_type=\"container\" data-e-type=\"container\" data-settings=\"{&quot;background_background&quot;:&quot;classic&quot;,&quot;animation&quot;:&quot;slideInRight&quot;,&quot;animation_delay&quot;:600,&quot;_transform_translateY_effect_hover&quot;:{&quot;unit&quot;:&quot;px&quot;,&quot;size&quot;:0,&quot;sizes&quot;:[]},&quot;_transform_translateX_effect_hover&quot;:{&quot;unit&quot;:&quot;px&quot;,&quot;size&quot;:20,&quot;sizes&quot;:[]},&quot;_transform_translateX_effect_hover_tablet&quot;:{&quot;unit&quot;:&quot;px&quot;,&quot;size&quot;:&quot;&quot;,&quot;sizes&quot;:[]},&quot;_transform_translateX_effect_hover_mobile&quot;:{&quot;unit&quot;:&quot;px&quot;,&quot;size&quot;:&quot;&quot;,&quot;sizes&quot;:[]},&quot;_transform_translateY_effect_hover_tablet&quot;:{&quot;unit&quot;:&quot;px&quot;,&quot;size&quot;:&quot;&quot;,&quot;sizes&quot;:[]},&quot;_transform_translateY_effect_hover_mobile&quot;:{&quot;unit&quot;:&quot;px&quot;,&quot;size&quot;:&quot;&quot;,&quot;sizes&quot;:[]}}\" href=\"https:\/\/cancerfertilityandme.org.uk\/sl\/domaca-stran\/\">\n\t\t<div class=\"elementor-element elementor-element-555cde79 e-con-full e-flex e-con e-child\" data-id=\"555cde79\" data-element_type=\"container\" data-e-type=\"container\">\n\t\t\t\t<div class=\"elementor-element elementor-element-4ac3249f elementor-widget elementor-widget-image\" data-id=\"4ac3249f\" data-element_type=\"widget\" data-e-type=\"widget\" data-widget_type=\"image.default\">\n\t\t\t\t<div class=\"elementor-widget-container\">\n\t\t\t\t\t\t\t\t\t\t\t\t\t\t\t<img decoding=\"async\" width=\"400\" height=\"440\" src=\"https:\/\/cancerfertilityandme.org.uk\/wp-content\/uploads\/cancerfertilityandme-logo-column-young-women.png\" class=\"attachment-full size-full wp-image-2293\" alt=\"\" srcset=\"https:\/\/cancerfertilityandme.org.uk\/wp-content\/uploads\/cancerfertilityandme-logo-column-young-women.png 400w, https:\/\/cancerfertilityandme.org.uk\/wp-content\/uploads\/cancerfertilityandme-logo-column-young-women-273x300.png 273w\" sizes=\"(max-width: 400px) 100vw, 400px\" \/>\t\t\t\t\t\t\t\t\t\t\t\t\t\t\t<\/div>\n\t\t\t\t<\/div>\n\t\t\t\t<\/div>\n\t\t<div class=\"elementor-element elementor-element-631503b7 e-con-full e-flex e-con e-child\" data-id=\"631503b7\" data-element_type=\"container\" data-e-type=\"container\">\n\t\t\t\t<div class=\"elementor-element elementor-element-4a5e3a2f elementor-widget elementor-widget-heading\" data-id=\"4a5e3a2f\" data-element_type=\"widget\" data-e-type=\"widget\" data-widget_type=\"heading.default\">\n\t\t\t\t<div class=\"elementor-widget-container\">\n\t\t\t\t\t<h2 class=\"elementor-heading-title elementor-size-default\">Mlade \u017eenske<\/h2>\t\t\t\t<\/div>\n\t\t\t\t<\/div>\n\t\t\t\t<\/div>\n\t\t\t\t<\/a>\n\t\t<a class=\"elementor-element elementor-element-5fff7879 e-con-full e-transform e-flex elementor-invisible e-con e-child\" data-id=\"5fff7879\" data-element_type=\"container\" data-e-type=\"container\" data-settings=\"{&quot;background_background&quot;:&quot;classic&quot;,&quot;animation&quot;:&quot;slideInRight&quot;,&quot;animation_delay&quot;:800,&quot;_transform_translateY_effect_hover&quot;:{&quot;unit&quot;:&quot;px&quot;,&quot;size&quot;:0,&quot;sizes&quot;:[]},&quot;_transform_translateX_effect_hover&quot;:{&quot;unit&quot;:&quot;px&quot;,&quot;size&quot;:20,&quot;sizes&quot;:[]},&quot;_transform_translateX_effect_hover_tablet&quot;:{&quot;unit&quot;:&quot;px&quot;,&quot;size&quot;:&quot;&quot;,&quot;sizes&quot;:[]},&quot;_transform_translateX_effect_hover_mobile&quot;:{&quot;unit&quot;:&quot;px&quot;,&quot;size&quot;:&quot;&quot;,&quot;sizes&quot;:[]},&quot;_transform_translateY_effect_hover_tablet&quot;:{&quot;unit&quot;:&quot;px&quot;,&quot;size&quot;:&quot;&quot;,&quot;sizes&quot;:[]},&quot;_transform_translateY_effect_hover_mobile&quot;:{&quot;unit&quot;:&quot;px&quot;,&quot;size&quot;:&quot;&quot;,&quot;sizes&quot;:[]}}\" href=\"https:\/\/cancerfertilityandme.org.uk\/sl\/cfm-za-mlade-moske\/\">\n\t\t<div class=\"elementor-element elementor-element-404027be e-con-full e-flex e-con e-child\" data-id=\"404027be\" data-element_type=\"container\" data-e-type=\"container\">\n\t\t\t\t<div class=\"elementor-element elementor-element-60a0b36a elementor-widget elementor-widget-image\" data-id=\"60a0b36a\" data-element_type=\"widget\" data-e-type=\"widget\" data-widget_type=\"image.default\">\n\t\t\t\t<div class=\"elementor-widget-container\">\n\t\t\t\t\t\t\t\t\t\t\t\t\t\t\t<img decoding=\"async\" width=\"400\" height=\"440\" src=\"https:\/\/cancerfertilityandme.org.uk\/wp-content\/uploads\/cancerfertilityandme-logo-column-young-men.png\" class=\"attachment-full size-full wp-image-2301\" alt=\"\" srcset=\"https:\/\/cancerfertilityandme.org.uk\/wp-content\/uploads\/cancerfertilityandme-logo-column-young-men.png 400w, https:\/\/cancerfertilityandme.org.uk\/wp-content\/uploads\/cancerfertilityandme-logo-column-young-men-273x300.png 273w\" sizes=\"(max-width: 400px) 100vw, 400px\" \/>\t\t\t\t\t\t\t\t\t\t\t\t\t\t\t<\/div>\n\t\t\t\t<\/div>\n\t\t\t\t<\/div>\n\t\t<div class=\"elementor-element elementor-element-1c007725 e-con-full e-flex e-con e-child\" data-id=\"1c007725\" data-element_type=\"container\" data-e-type=\"container\">\n\t\t\t\t<div class=\"elementor-element elementor-element-42875cdc elementor-widget elementor-widget-heading\" data-id=\"42875cdc\" data-element_type=\"widget\" data-e-type=\"widget\" data-widget_type=\"heading.default\">\n\t\t\t\t<div class=\"elementor-widget-container\">\n\t\t\t\t\t<h2 class=\"elementor-heading-title elementor-size-default\">Mlade mo\u0161ke<\/h2>\t\t\t\t<\/div>\n\t\t\t\t<\/div>\n\t\t\t\t<\/div>\n\t\t\t\t<\/a>\n\t\t\t\t<\/div>\n\t\t\t\t<\/div>\n\t\t\t\t\t<\/div>\n\t\t\t\t<\/main>\n\t\t\t\t<\/div>\n\t\t","protected":false},"excerpt":{"rendered":"<p>O ekipii Rak, plodnost in jaz \u017denske z rakom so prosile za informacije, ki bi jim pomagale razmisliti o zdravljenju, ki jim lahko pomaga pri ohranjanju njihove plodnosti, in jih pripravi na pogovor z ekipo za zdravljenje raka in skupino za ohranjanje plodnosti, partnerjem, dru\u017eino in prijatelji, pred za\u010detkom zdravljenje raka. To spletno mesto je [&hellip;]<\/p>\n","protected":false},"author":1,"featured_media":0,"parent":6768,"menu_order":0,"comment_status":"closed","ping_status":"closed","template":"","meta":{"footnotes":""},"class_list":["post-6626","page","type-page","status-publish","hentry"],"_links":{"self":[{"href":"https:\/\/cancerfertilityandme.org.uk\/sl\/wp-json\/wp\/v2\/pages\/6626","targetHints":{"allow":["GET"]}}],"collection":[{"href":"https:\/\/cancerfertilityandme.org.uk\/sl\/wp-json\/wp\/v2\/pages"}],"about":[{"href":"https:\/\/cancerfertilityandme.org.uk\/sl\/wp-json\/wp\/v2\/types\/page"}],"author":[{"embeddable":true,"href":"https:\/\/cancerfertilityandme.org.uk\/sl\/wp-json\/wp\/v2\/users\/1"}],"replies":[{"embeddable":true,"href":"https:\/\/cancerfertilityandme.org.uk\/sl\/wp-json\/wp\/v2\/comments?post=6626"}],"version-history":[{"count":8,"href":"https:\/\/cancerfertilityandme.org.uk\/sl\/wp-json\/wp\/v2\/pages\/6626\/revisions"}],"predecessor-version":[{"id":12603,"href":"https:\/\/cancerfertilityandme.org.uk\/sl\/wp-json\/wp\/v2\/pages\/6626\/revisions\/12603"}],"up":[{"embeddable":true,"href":"https:\/\/cancerfertilityandme.org.uk\/sl\/wp-json\/wp\/v2\/pages\/6768"}],"wp:attachment":[{"href":"https:\/\/cancerfertilityandme.org.uk\/sl\/wp-json\/wp\/v2\/media?parent=6626"}],"curies":[{"name":"wp","href":"https:\/\/api.w.org\/{rel}","templated":true}]}}