{"id":6622,"date":"2018-11-07T09:42:59","date_gmt":"2018-11-07T09:42:59","guid":{"rendered":"https:\/\/cancerfertilityandme.org.uk\/pogovori-o-odlocitvi-o-ohranitvi-plodnosti\/"},"modified":"2025-11-17T11:01:05","modified_gmt":"2025-11-17T11:01:05","slug":"pogovori-o-odlocitvi-o-ohranitvi-plodnosti","status":"publish","type":"page","link":"https:\/\/cancerfertilityandme.org.uk\/sl\/odrasle-zenske\/sprejem-odlocitve-za-ohranjanje-plodnosti\/pogovori-o-odlocitvi-o-ohranitvi-plodnosti\/","title":{"rendered":"Pogovori o odlo\u010ditvi o ohranitvi plodnosti"},"content":{"rendered":"\t\t<div data-elementor-type=\"wp-page\" data-elementor-id=\"6622\" class=\"elementor elementor-6622 elementor-5463\" data-elementor-post-type=\"page\">\n\t\t\t\t<main class=\"elementor-element elementor-element-37eaef39 e-flex e-con-boxed e-con e-parent\" data-id=\"37eaef39\" data-element_type=\"container\" data-e-type=\"container\">\n\t\t\t\t\t<div class=\"e-con-inner\">\n\t\t<div class=\"elementor-element elementor-element-66976cb0 e-con-full e-flex e-con e-child\" data-id=\"66976cb0\" data-element_type=\"container\" data-e-type=\"container\">\n\t\t\t\t<div class=\"elementor-element elementor-element-2607e22d elementor-widget elementor-widget-text-editor\" data-id=\"2607e22d\" data-element_type=\"widget\" data-e-type=\"widget\" data-widget_type=\"text-editor.default\">\n\t\t\t\t<div class=\"elementor-widget-container\">\n\t\t\t\t\t\t\t\t\t<h2>Kako se pogovoriti z drugimi o svoji odlo\u010ditvi o ohranjanju plodnosti<\/h2><p>Nekaterim \u017eenskam pomaga, \u010de se o diagnozi raka in ohranjanju plodnosti pogovorijo z drugimi.<\/p><p>Morda vam bo v pomo\u010d, \u010de se boste pogovorile o vpra\u0161anjih, kot so:<\/p><ul><li>Sprejemanje te\u017ekih odlo\u010ditev.<\/li><li>Izra\u017eanje svojih \u010dustev svojim bli\u017enjim.<\/li><li>Vpliv raka in plodnosti na va\u0161e odnose.<\/li><li>Anksioznost in stres.<\/li><li>Moralni, verski ali eti\u010dni pomisleki.<\/li><li>Spoprijemanje z zdravljenjem raka in terapijami za ohranjanje plodnosti.<\/li><li>Na\u010dini, s katerimi lahko obvladujete svoja \u010dustva.<\/li><\/ul><p>Iskanje najbolj\u0161e podpore vam bo olaj\u0161alo spoprijemanjes situacijo v kateri ste se zna\u0161li. To lahko pomaga pri obvladovanju nekaterih \u010dustvenih izzivov. Ljudje izbirajo razli\u010dne na\u010dine, ki jim pomagajo, da se po\u010dutijo podprte. Ti na\u010dini lahko vklju\u010dujejo:   <\/p><ul><li>Seznanjanje z vsemi razpolo\u017eljivimi mo\u017enostmi.<\/li><li>Pisanje dnevnika ali zapiskov o svojih razmi\u0161ljanjih in razlogih za odlo\u010ditve.<\/li><li>Razmislek o tem, koga bi \u017eeleli vklju\u010diti v odlo\u010danje \u2013 partnerja, dru\u017eino in prijatelje ali medicinsko sestro ali zdravnika.<\/li><li>Iskanje svetovanj. To lahko storite sami, s partnerjem ali z nekom drugim, ki vam je blizu. Na klinikah za zdravljenje plodnosti in raka so lahko na voljo strokovni svetovalci, ki niso neposredno vpleteni v va\u0161e terapije. Navajamo \u0161e druge svetovalne organizacije, ki lahko zagotovijo to posebno svetovalno podporo <a href=\"\/more-information\/useful-contacts\">tukaj<\/a>.   <\/li><li>Pogovori z ljudmi, s podobnimi izku\u0161njami. Na voljo so vam organizacije ki nudijo podporo. Nekatere od njih so navedene <a href=\"\/more-information\/useful-contacts\">tukaj<\/a>. Lahko se odlo\u010dite tudi za pogovor s \u010dlanom skupine za zdravljenje raka in skupine za ohranjanje plodnosti.  <\/li><li>Lahko pride do trenutka , ko se o plodnosti in raku ne boste \u017eeleli pogovarjati. \u010ce ste vase zaprta oseba, vam je lahko v pomo\u010d pisanje dnevnika ali ustvarjalno izra\u017eanje. <\/li><\/ul>\t\t\t\t\t\t\t\t<\/div>\n\t\t\t\t<\/div>\n\t\t<div class=\"elementor-element elementor-element-d051220 e-con-full e-flex e-con e-child\" data-id=\"d051220\" data-element_type=\"container\" data-e-type=\"container\" data-settings=\"{&quot;background_background&quot;:&quot;classic&quot;}\">\n\t\t\t\t<div class=\"elementor-element elementor-element-70473906 elementor-widget elementor-widget-text-editor\" data-id=\"70473906\" data-element_type=\"widget\" data-e-type=\"widget\" data-widget_type=\"text-editor.default\">\n\t\t\t\t<div class=\"elementor-widget-container\">\n\t\t\t\t\t\t\t\t\t<h3>Priporo\u010deni viri informacij<\/h3><p>Agencija HFEA je neodvisni britanski regulator, ki nadzira uporabo gamet (jaj\u010dec in sperme) ter zarodkov pri zdravljenju in raziskavah neplodnosti. Na njihovi spletni strani so na voljo nasveti o tem, kako lahko kar najbolje izkoristite posvetovanja o plodnosti. To lahko storite tako, da:  <\/p><ul><li>Postavljate vpra\u0161anja.<\/li><li>Si vzamete \u010das za premislek \u2013 v\u010dasih je treba razmisliti o mnogih te\u017ekih vpra\u0161anjih<\/li><li>Ne pozabite, da je ekipa za ohranjanje plodnosti tu zato, da vam pomaga sprejeti pravo odlo\u010ditev za vas. Na spletni strani HFEA <a href=\"http:\/\/www.hfea.gov.uk\" target=\"_blank\" rel=\"noopener noreferrer\">www.hfea.gov.uk<\/a> je na voljo ve\u010d informacij o klinikah za ohranjanjeplodnosti in stopnjah uspe\u0161nosti zdravljenja neplodnosti v va\u0161em bli\u017eini. <\/li><\/ul>\t\t\t\t\t\t\t\t<\/div>\n\t\t\t\t<\/div>\n\t\t\t\t<\/div>\n\t\t\t\t<\/div>\n\t\t<div class=\"elementor-element elementor-element-6e94314e e-con-full e-flex e-con e-child\" data-id=\"6e94314e\" data-element_type=\"container\" data-e-type=\"container\">\n\t\t<div class=\"elementor-element elementor-element-63a54493 e-con-full e-flex e-con e-child\" data-id=\"63a54493\" data-element_type=\"container\" data-e-type=\"container\">\n\t\t\t\t<div class=\"elementor-element elementor-element-59decdf0 elementor-widget elementor-widget-image\" data-id=\"59decdf0\" data-element_type=\"widget\" data-e-type=\"widget\" data-widget_type=\"image.default\">\n\t\t\t\t<div class=\"elementor-widget-container\">\n\t\t\t\t\t\t\t\t\t\t\t\t\t\t\t\t<a href=\"http:\/\/.\/\">\n\t\t\t\t\t\t\t<img fetchpriority=\"high\" decoding=\"async\" width=\"400\" height=\"440\" src=\"https:\/\/cancerfertilityandme.org.uk\/wp-content\/uploads\/cancerfertilityandme-logo-column-adult-women.png\" class=\"attachment-full size-full wp-image-2285\" alt=\"\" srcset=\"https:\/\/cancerfertilityandme.org.uk\/wp-content\/uploads\/cancerfertilityandme-logo-column-adult-women.png 400w, https:\/\/cancerfertilityandme.org.uk\/wp-content\/uploads\/cancerfertilityandme-logo-column-adult-women-273x300.png 273w\" sizes=\"(max-width: 400px) 100vw, 400px\" \/>\t\t\t\t\t\t\t\t<\/a>\n\t\t\t\t\t\t\t\t\t\t\t\t\t\t\t<\/div>\n\t\t\t\t<\/div>\n\t\t\t\t<\/div>\n\t\t<div class=\"elementor-element elementor-element-1858e519 e-con-full e-flex e-con e-child\" data-id=\"1858e519\" data-element_type=\"container\" data-e-type=\"container\">\n\t\t\t\t<div class=\"elementor-element elementor-element-38e24f3c elementor-widget elementor-widget-heading\" data-id=\"38e24f3c\" data-element_type=\"widget\" data-e-type=\"widget\" data-widget_type=\"heading.default\">\n\t\t\t\t<div class=\"elementor-widget-container\">\n\t\t\t\t\t<h3 class=\"elementor-heading-title elementor-size-default\">Za ve\u010d informacij sledite tem povezavam<\/h3>\t\t\t\t<\/div>\n\t\t\t\t<\/div>\n\t\t\t\t<div class=\"elementor-element elementor-element-74328f39 elementor-nav-menu--dropdown-none elementor-widget elementor-widget-nav-menu\" data-id=\"74328f39\" data-element_type=\"widget\" data-e-type=\"widget\" data-settings=\"{&quot;layout&quot;:&quot;vertical&quot;,&quot;submenu_icon&quot;:{&quot;value&quot;:&quot;&lt;svg aria-hidden=\\&quot;true\\&quot; class=\\&quot;e-font-icon-svg e-fas-caret-down\\&quot; viewBox=\\&quot;0 0 320 512\\&quot; xmlns=\\&quot;http:\\\/\\\/www.w3.org\\\/2000\\\/svg\\&quot;&gt;&lt;path d=\\&quot;M31.3 192h257.3c17.8 0 26.7 21.5 14.1 34.1L174.1 354.8c-7.8 7.8-20.5 7.8-28.3 0L17.2 226.1C4.6 213.5 13.5 192 31.3 192z\\&quot;&gt;&lt;\\\/path&gt;&lt;\\\/svg&gt;&quot;,&quot;library&quot;:&quot;fa-solid&quot;}}\" data-widget_type=\"nav-menu.default\">\n\t\t\t\t<div class=\"elementor-widget-container\">\n\t\t\t\t\t\t\t\t<nav aria-label=\"Menu\" class=\"elementor-nav-menu--main elementor-nav-menu__container elementor-nav-menu--layout-vertical e--pointer-none\">\n\t\t\t\t<ul id=\"menu-1-74328f39\" class=\"elementor-nav-menu sm-vertical\"><li class=\"menu-item menu-item-type-post_type menu-item-object-page menu-item-7141\"><a href=\"https:\/\/cancerfertilityandme.org.uk\/adult-women\/making-your-fertility-preservation-decision\/\" class=\"elementor-item\">Sprejem odlo\u010ditve za ohranjanje plodnosti<\/a><\/li>\n<li class=\"menu-item menu-item-type-post_type menu-item-object-page menu-item-7144\"><a href=\"https:\/\/cancerfertilityandme.org.uk\/adult-women\/making-your-fertility-preservation-decision\/talking-with-your-fertility-care-team-about-fertility-preservation\/\" class=\"elementor-item\">Pogovor o ohranjanju plodnosti z ekipo za plodnost<\/a><\/li>\n<li class=\"menu-item menu-item-type-post_type menu-item-object-page menu-item-7143\"><a href=\"https:\/\/cancerfertilityandme.org.uk\/adult-women\/making-your-fertility-preservation-decision\/talking-about-the-fertility-preservation-decision\/\" class=\"elementor-item\">Pogovori o odlo\u010ditvi o ohranitvi plodnosti<\/a><\/li>\n<li class=\"menu-item menu-item-type-post_type menu-item-object-page menu-item-2133\"><a href=\"https:\/\/cancerfertilityandme.org.uk\/adult-women\/contraception-family-planning\/questions-to-ask-your-cancer-care-team-or-gp\/\" class=\"elementor-item\">Vpra\u0161anja, ki jih lahko zastavite va\u0161i ekipi za zdravljenje raka ali dru\u017einskemu zdravniku<\/a><\/li>\n<li class=\"menu-item menu-item-type-post_type menu-item-object-page menu-item-7142\"><a href=\"https:\/\/cancerfertilityandme.org.uk\/adult-women\/making-your-fertility-preservation-decision\/financial-costs-associated-with-undergoing-fertility-preservation\/\" class=\"elementor-item\">Finan\u010dni stro\u0161ki, povezani z ohranjanjem plodnosti<\/a><\/li>\n<li class=\"menu-item menu-item-type-post_type menu-item-object-page menu-item-7145\"><a href=\"https:\/\/cancerfertilityandme.org.uk\/adult-women\/fertility-preservation-options\/summary-of-fertility-preservation-options\/\" class=\"elementor-item\">Povzetek mo\u017enosti ohranjanja plodnosti<\/a><\/li>\n<\/ul>\t\t\t<\/nav>\n\t\t\t\t\t\t<nav class=\"elementor-nav-menu--dropdown elementor-nav-menu__container\" aria-hidden=\"true\">\n\t\t\t\t<ul id=\"menu-2-74328f39\" class=\"elementor-nav-menu sm-vertical\"><li class=\"menu-item menu-item-type-post_type menu-item-object-page menu-item-7141\"><a href=\"https:\/\/cancerfertilityandme.org.uk\/adult-women\/making-your-fertility-preservation-decision\/\" class=\"elementor-item\" tabindex=\"-1\">Sprejem odlo\u010ditve za ohranjanje plodnosti<\/a><\/li>\n<li class=\"menu-item menu-item-type-post_type menu-item-object-page menu-item-7144\"><a href=\"https:\/\/cancerfertilityandme.org.uk\/adult-women\/making-your-fertility-preservation-decision\/talking-with-your-fertility-care-team-about-fertility-preservation\/\" class=\"elementor-item\" tabindex=\"-1\">Pogovor o ohranjanju plodnosti z ekipo za plodnost<\/a><\/li>\n<li class=\"menu-item menu-item-type-post_type menu-item-object-page menu-item-7143\"><a href=\"https:\/\/cancerfertilityandme.org.uk\/adult-women\/making-your-fertility-preservation-decision\/talking-about-the-fertility-preservation-decision\/\" class=\"elementor-item\" tabindex=\"-1\">Pogovori o odlo\u010ditvi o ohranitvi plodnosti<\/a><\/li>\n<li class=\"menu-item menu-item-type-post_type menu-item-object-page menu-item-2133\"><a href=\"https:\/\/cancerfertilityandme.org.uk\/adult-women\/contraception-family-planning\/questions-to-ask-your-cancer-care-team-or-gp\/\" class=\"elementor-item\" tabindex=\"-1\">Vpra\u0161anja, ki jih lahko zastavite va\u0161i ekipi za zdravljenje raka ali dru\u017einskemu zdravniku<\/a><\/li>\n<li class=\"menu-item menu-item-type-post_type menu-item-object-page menu-item-7142\"><a href=\"https:\/\/cancerfertilityandme.org.uk\/adult-women\/making-your-fertility-preservation-decision\/financial-costs-associated-with-undergoing-fertility-preservation\/\" class=\"elementor-item\" tabindex=\"-1\">Finan\u010dni stro\u0161ki, povezani z ohranjanjem plodnosti<\/a><\/li>\n<li class=\"menu-item menu-item-type-post_type menu-item-object-page menu-item-7145\"><a href=\"https:\/\/cancerfertilityandme.org.uk\/adult-women\/fertility-preservation-options\/summary-of-fertility-preservation-options\/\" class=\"elementor-item\" tabindex=\"-1\">Povzetek mo\u017enosti ohranjanja plodnosti<\/a><\/li>\n<\/ul>\t\t\t<\/nav>\n\t\t\t\t\t\t<\/div>\n\t\t\t\t<\/div>\n\t\t\t\t<\/div>\n\t\t\t\t<\/div>\n\t\t\t\t\t<\/div>\n\t\t\t\t<\/main>\n\t\t\t\t<\/div>\n\t\t","protected":false},"excerpt":{"rendered":"<p>Kako se pogovoriti z drugimi o svoji odlo\u010ditvi o ohranjanju plodnosti Nekaterim \u017eenskam pomaga, \u010de se o diagnozi raka in ohranjanju plodnosti pogovorijo z drugimi. Morda vam bo v pomo\u010d, \u010de se boste pogovorile o vpra\u0161anjih, kot so: Sprejemanje te\u017ekih odlo\u010ditev. Izra\u017eanje svojih \u010dustev svojim bli\u017enjim. Vpliv raka in plodnosti na va\u0161e odnose. Anksioznost in [&hellip;]<\/p>\n","protected":false},"author":1,"featured_media":0,"parent":6602,"menu_order":0,"comment_status":"closed","ping_status":"open","template":"","meta":{"footnotes":""},"class_list":["post-6622","page","type-page","status-publish","hentry"],"_links":{"self":[{"href":"https:\/\/cancerfertilityandme.org.uk\/sl\/wp-json\/wp\/v2\/pages\/6622","targetHints":{"allow":["GET"]}}],"collection":[{"href":"https:\/\/cancerfertilityandme.org.uk\/sl\/wp-json\/wp\/v2\/pages"}],"about":[{"href":"https:\/\/cancerfertilityandme.org.uk\/sl\/wp-json\/wp\/v2\/types\/page"}],"author":[{"embeddable":true,"href":"https:\/\/cancerfertilityandme.org.uk\/sl\/wp-json\/wp\/v2\/users\/1"}],"replies":[{"embeddable":true,"href":"https:\/\/cancerfertilityandme.org.uk\/sl\/wp-json\/wp\/v2\/comments?post=6622"}],"version-history":[{"count":3,"href":"https:\/\/cancerfertilityandme.org.uk\/sl\/wp-json\/wp\/v2\/pages\/6622\/revisions"}],"predecessor-version":[{"id":9568,"href":"https:\/\/cancerfertilityandme.org.uk\/sl\/wp-json\/wp\/v2\/pages\/6622\/revisions\/9568"}],"up":[{"embeddable":true,"href":"https:\/\/cancerfertilityandme.org.uk\/sl\/wp-json\/wp\/v2\/pages\/6602"}],"wp:attachment":[{"href":"https:\/\/cancerfertilityandme.org.uk\/sl\/wp-json\/wp\/v2\/media?parent=6622"}],"curies":[{"name":"wp","href":"https:\/\/api.w.org\/{rel}","templated":true}]}}