{"id":6620,"date":"2018-11-07T09:42:21","date_gmt":"2018-11-07T09:42:21","guid":{"rendered":"https:\/\/cancerfertilityandme.org.uk\/pogovor-o-ohranjanju-plodnosti-z-ekipo-za-plodnost\/"},"modified":"2025-11-17T11:01:26","modified_gmt":"2025-11-17T11:01:26","slug":"pogovor-o-ohranjanju-plodnosti-z-ekipo-za-plodnost","status":"publish","type":"page","link":"https:\/\/cancerfertilityandme.org.uk\/sl\/odrasle-zenske\/sprejem-odlocitve-za-ohranjanje-plodnosti\/pogovor-o-ohranjanju-plodnosti-z-ekipo-za-plodnost\/","title":{"rendered":"Pogovor o ohranjanju plodnosti z ekipo za plodnost"},"content":{"rendered":"\t\t<div data-elementor-type=\"wp-page\" data-elementor-id=\"6620\" class=\"elementor elementor-6620 elementor-5461\" data-elementor-post-type=\"page\">\n\t\t\t\t<main class=\"elementor-element elementor-element-2d2b26be e-flex e-con-boxed e-con e-parent\" data-id=\"2d2b26be\" data-element_type=\"container\" data-e-type=\"container\">\n\t\t\t\t\t<div class=\"e-con-inner\">\n\t\t<div class=\"elementor-element elementor-element-25c07501 e-con-full e-flex e-con e-child\" data-id=\"25c07501\" data-element_type=\"container\" data-e-type=\"container\">\n\t\t\t\t<div class=\"elementor-element elementor-element-28545ea8 elementor-widget elementor-widget-text-editor\" data-id=\"28545ea8\" data-element_type=\"widget\" data-e-type=\"widget\" data-widget_type=\"text-editor.default\">\n\t\t\t\t<div class=\"elementor-widget-container\">\n\t\t\t\t\t\t\t\t\t<h2>Pogovor o ohranjanju plodnosti s skupino za plodnost<\/h2><p>Ekipa za plodnost izvaja postopke, znane kot ohranjanje plodnosti, za \u017eenske, pri katerih je bil diagnosticiran rak. Ekipa za plodnost se lahko z vami pogovori o va\u0161i odlo\u010ditvi, ali \u017eelite opraviti postopke za ohranjanje plodnosti ali ne. <\/p><p>Posvet o ohranjanju plodnosti je odvisen od klinike, ki jo obiskujete, va\u0161e diagnoze raka in na\u010drtovanega zdravljenja raka. Ekipa za plodnost bo pregledala va\u0161o zdravstveno anamnezo in se prepri\u010dala o ustrezenosti postopka ohranjanja plodnosti. Razlo\u017eili vam bodo, kaj posamezen postopek vklju\u010duje, kak\u0161na je stopnja uspe\u0161nosti in kak\u0161ni so stranski u\u010dinki zdravljenja neplodnosti. \u010ce bodo potrebne dodatne preiskave, se jih bo opravilo pred za\u010detkom zdravljenja neplodnosti. Prav tako se boste lahko pogovorili o razli\u010dnih mo\u017enostih ohranjanja plodnosti, ki so na voljo na kliniki.    <\/p><p>\u010ce se boste odlo\u010dili za terapijo ohranjanja plodnosti, bodo najprej opravili razli\u010dne preiskave. Sem pri\u0161tevamo krvne preiskave za merjenje ravni hormonov in druge presejalne preiskave. Skupina za plodnost se bo z vami posvetovala glede vpra\u0161anj o privolitvi v zdravljenje, po priporo\u010dilih HFEA.  <\/p><h3>Napotitev na kliniko za zdravljenje neplodnosti<\/h3><p>\u010clani va\u0161e ekipe za zdravljenje raka vas bodo lahko napotili na kliniko za zdravljenje neplodnosti. Lahko jih prosite, da \u010dim prej za\u010dnejo z va\u0161o terapijo, da se prepre\u010di kakr\u0161nakoli odlo\u017eitev za\u010detka zdravljenja raka <\/p><p>\u010ce \u017eelite, da vas napotijo na kliniko za plodnost, morate preveriti nekaj stvari:<\/p><ul><li>Ali me je \u010dlan moje ekipe za zdravljenje raka napotil na kliniko za plodnost?<\/li><li>Ali sem prejela termin za obisk ekipe za plodnost?<\/li><\/ul><p>\u010ce je va\u0161 odgovor negativen ali niste prepri\u010dani, lahko prosite svojo ekipo za zdravljenje raka, da za vas \u010dim prej stopi v stik s kliniko za zdravljenje neplodnosti. <a href=\"\/making-my-fertility-preservation-decision\/questions-to-ask-your-cancer-care-team-or-gp\">Tukaj <\/a>navedena vpra\u0161anja vam lahko pomagajo pri pripravi na posvetovanje o plodnosti. <\/p><h2>Vpra\u0161anja, ki jih zastavite svoji ekipi za zdravljenje raka in za ohranjanje plodnosti<\/h2><p>Naslednja vpra\u0161anja vam lahko pomagajo pri razmisleku o tem, kaj je za vas pomembno pri mo\u017enostih ohranjanja plodnosti.<br>Zapisovanje va\u0161ih misli vam bo pomagalo pri pogovoru z va\u0161o ekipo za zdravljenje raka in plodnost ter pri na\u010drtovanju va\u0161e terapije pred za\u010detkom zdravljenja raka.<\/p><ul><li>Ali moj tip raka ali na\u010din zdravljenja vplivata na izbiro metod ohranjanja plodnosti, ki so mi na voljo?<\/li><li>Ali lahko pred za\u010detkom zdravljenja raka preverim, ali sem plodna?<\/li><li>Zakaj naj se za ohranitev plodnosti odlo\u010dim prav zdaj?<\/li><li>Ali imam \u010das za postopke ohranjanja plodnosti pred za\u010detkom zdravljenja raka?<\/li><li>Kaj lahko storim med zdravljenjem raka za za\u0161\u010dito svoje plodnosti?<\/li><li>Za koliko lahko varno odlo\u017eim za\u010detek zdravljenja raka?<\/li><li>Ali bodo postopki za ohranjanje plodnosti odlo\u017eili za\u010detek zdravljenja raka? \u010ce da, kak\u0161en vpliv bi to lahko imelo na moje mo\u017enosti za ozdravitev ? <\/li><li>Ali bom morala pla\u010dati postopke za ohranitev plodnosti? Ali bom morala pla\u010dati za shranjevanje in uporabo svojih jaj\u010dec, zarodkov ali tkiva v prihodnosti? <\/li><\/ul>\t\t\t\t\t\t\t\t<\/div>\n\t\t\t\t<\/div>\n\t\t<div class=\"elementor-element elementor-element-5107acc0 e-con-full e-flex e-con e-child\" data-id=\"5107acc0\" data-element_type=\"container\" data-e-type=\"container\" data-settings=\"{&quot;background_background&quot;:&quot;classic&quot;}\">\n\t\t\t\t<div class=\"elementor-element elementor-element-5c36640b elementor-widget elementor-widget-text-editor\" data-id=\"5c36640b\" data-element_type=\"widget\" data-e-type=\"widget\" data-widget_type=\"text-editor.default\">\n\t\t\t\t<div class=\"elementor-widget-container\">\n\t\t\t\t\t\t\t\t\t<h3>Priporo\u010deni viri informacij<\/h3><p>Agencija HFEA je neodvisni britanski regulator, ki nadzira uporabo gamet (jaj\u010dec in sperme) ter zarodkov pri zdravljenju in raziskavah neplodnosti. Na njihovi spletni strani so na voljo nasveti o tem, kako lahko kar najbolje izkoristite posvetovanja o plodnosti. To lahko storite tako, da:  <\/p><ul><li>Postavljate vpra\u0161anja.<\/li><li>Si vzamete \u010das za premislek \u2013 v\u010dasih je treba razmisliti o mnogih te\u017ekih vpra\u0161anjih<\/li><li>Ne pozabite, da je ekipa za ohranjanje plodnosti tu zato, da vam pomaga sprejeti pravo odlo\u010ditev za vas. Na spletni strani HFEA <a href=\"http:\/\/www.hfea.gov.uk\" target=\"_blank\" rel=\"noopener noreferrer\">www.hfea.gov.uk<\/a> je na voljo ve\u010d informacij o klinikah za ohranjanjeplodnosti in stopnjah uspe\u0161nosti zdravljenja neplodnosti v va\u0161em bli\u017eini. <\/li><\/ul>\t\t\t\t\t\t\t\t<\/div>\n\t\t\t\t<\/div>\n\t\t\t\t<\/div>\n\t\t\t\t<\/div>\n\t\t<div class=\"elementor-element elementor-element-c41ec26 e-con-full e-flex e-con e-child\" data-id=\"c41ec26\" data-element_type=\"container\" data-e-type=\"container\">\n\t\t<div class=\"elementor-element elementor-element-5e999f3e e-con-full e-flex e-con e-child\" data-id=\"5e999f3e\" data-element_type=\"container\" data-e-type=\"container\">\n\t\t\t\t<div class=\"elementor-element elementor-element-796ca63b elementor-widget elementor-widget-image\" data-id=\"796ca63b\" data-element_type=\"widget\" data-e-type=\"widget\" data-widget_type=\"image.default\">\n\t\t\t\t<div class=\"elementor-widget-container\">\n\t\t\t\t\t\t\t\t\t\t\t\t\t\t\t\t<a href=\"http:\/\/.\/\">\n\t\t\t\t\t\t\t<img fetchpriority=\"high\" decoding=\"async\" width=\"400\" height=\"440\" src=\"https:\/\/cancerfertilityandme.org.uk\/wp-content\/uploads\/cancerfertilityandme-logo-column-adult-women.png\" class=\"attachment-full size-full wp-image-2285\" alt=\"\" srcset=\"https:\/\/cancerfertilityandme.org.uk\/wp-content\/uploads\/cancerfertilityandme-logo-column-adult-women.png 400w, https:\/\/cancerfertilityandme.org.uk\/wp-content\/uploads\/cancerfertilityandme-logo-column-adult-women-273x300.png 273w\" sizes=\"(max-width: 400px) 100vw, 400px\" \/>\t\t\t\t\t\t\t\t<\/a>\n\t\t\t\t\t\t\t\t\t\t\t\t\t\t\t<\/div>\n\t\t\t\t<\/div>\n\t\t\t\t<\/div>\n\t\t<div class=\"elementor-element elementor-element-6e0e960c e-con-full e-flex e-con e-child\" data-id=\"6e0e960c\" data-element_type=\"container\" data-e-type=\"container\">\n\t\t\t\t<div class=\"elementor-element elementor-element-20aecb7a elementor-widget elementor-widget-heading\" data-id=\"20aecb7a\" data-element_type=\"widget\" data-e-type=\"widget\" data-widget_type=\"heading.default\">\n\t\t\t\t<div class=\"elementor-widget-container\">\n\t\t\t\t\t<h3 class=\"elementor-heading-title elementor-size-default\">Za ve\u010d informacij sledite tem povezavam<\/h3>\t\t\t\t<\/div>\n\t\t\t\t<\/div>\n\t\t\t\t<div class=\"elementor-element elementor-element-60f85b6b elementor-nav-menu--dropdown-none elementor-widget elementor-widget-nav-menu\" data-id=\"60f85b6b\" data-element_type=\"widget\" data-e-type=\"widget\" data-settings=\"{&quot;layout&quot;:&quot;vertical&quot;,&quot;submenu_icon&quot;:{&quot;value&quot;:&quot;&lt;svg aria-hidden=\\&quot;true\\&quot; class=\\&quot;e-font-icon-svg e-fas-caret-down\\&quot; viewBox=\\&quot;0 0 320 512\\&quot; xmlns=\\&quot;http:\\\/\\\/www.w3.org\\\/2000\\\/svg\\&quot;&gt;&lt;path d=\\&quot;M31.3 192h257.3c17.8 0 26.7 21.5 14.1 34.1L174.1 354.8c-7.8 7.8-20.5 7.8-28.3 0L17.2 226.1C4.6 213.5 13.5 192 31.3 192z\\&quot;&gt;&lt;\\\/path&gt;&lt;\\\/svg&gt;&quot;,&quot;library&quot;:&quot;fa-solid&quot;}}\" data-widget_type=\"nav-menu.default\">\n\t\t\t\t<div class=\"elementor-widget-container\">\n\t\t\t\t\t\t\t\t<nav aria-label=\"Menu\" class=\"elementor-nav-menu--main elementor-nav-menu__container elementor-nav-menu--layout-vertical e--pointer-none\">\n\t\t\t\t<ul id=\"menu-1-60f85b6b\" class=\"elementor-nav-menu sm-vertical\"><li class=\"menu-item menu-item-type-post_type menu-item-object-page menu-item-7141\"><a href=\"https:\/\/cancerfertilityandme.org.uk\/adult-women\/making-your-fertility-preservation-decision\/\" class=\"elementor-item\">Sprejem odlo\u010ditve za ohranjanje plodnosti<\/a><\/li>\n<li class=\"menu-item menu-item-type-post_type menu-item-object-page menu-item-7144\"><a href=\"https:\/\/cancerfertilityandme.org.uk\/adult-women\/making-your-fertility-preservation-decision\/talking-with-your-fertility-care-team-about-fertility-preservation\/\" class=\"elementor-item\">Pogovor o ohranjanju plodnosti z ekipo za plodnost<\/a><\/li>\n<li class=\"menu-item menu-item-type-post_type menu-item-object-page menu-item-7143\"><a href=\"https:\/\/cancerfertilityandme.org.uk\/adult-women\/making-your-fertility-preservation-decision\/talking-about-the-fertility-preservation-decision\/\" class=\"elementor-item\">Pogovori o odlo\u010ditvi o ohranitvi plodnosti<\/a><\/li>\n<li class=\"menu-item menu-item-type-post_type menu-item-object-page menu-item-2133\"><a href=\"https:\/\/cancerfertilityandme.org.uk\/adult-women\/contraception-family-planning\/questions-to-ask-your-cancer-care-team-or-gp\/\" class=\"elementor-item\">Vpra\u0161anja, ki jih lahko zastavite va\u0161i ekipi za zdravljenje raka ali dru\u017einskemu zdravniku<\/a><\/li>\n<li class=\"menu-item menu-item-type-post_type menu-item-object-page menu-item-7142\"><a href=\"https:\/\/cancerfertilityandme.org.uk\/adult-women\/making-your-fertility-preservation-decision\/financial-costs-associated-with-undergoing-fertility-preservation\/\" class=\"elementor-item\">Finan\u010dni stro\u0161ki, povezani z ohranjanjem plodnosti<\/a><\/li>\n<li class=\"menu-item menu-item-type-post_type menu-item-object-page menu-item-7145\"><a href=\"https:\/\/cancerfertilityandme.org.uk\/adult-women\/fertility-preservation-options\/summary-of-fertility-preservation-options\/\" class=\"elementor-item\">Povzetek mo\u017enosti ohranjanja plodnosti<\/a><\/li>\n<\/ul>\t\t\t<\/nav>\n\t\t\t\t\t\t<nav class=\"elementor-nav-menu--dropdown elementor-nav-menu__container\" aria-hidden=\"true\">\n\t\t\t\t<ul id=\"menu-2-60f85b6b\" class=\"elementor-nav-menu sm-vertical\"><li class=\"menu-item menu-item-type-post_type menu-item-object-page menu-item-7141\"><a href=\"https:\/\/cancerfertilityandme.org.uk\/adult-women\/making-your-fertility-preservation-decision\/\" class=\"elementor-item\" tabindex=\"-1\">Sprejem odlo\u010ditve za ohranjanje plodnosti<\/a><\/li>\n<li class=\"menu-item menu-item-type-post_type menu-item-object-page menu-item-7144\"><a href=\"https:\/\/cancerfertilityandme.org.uk\/adult-women\/making-your-fertility-preservation-decision\/talking-with-your-fertility-care-team-about-fertility-preservation\/\" class=\"elementor-item\" tabindex=\"-1\">Pogovor o ohranjanju plodnosti z ekipo za plodnost<\/a><\/li>\n<li class=\"menu-item menu-item-type-post_type menu-item-object-page menu-item-7143\"><a href=\"https:\/\/cancerfertilityandme.org.uk\/adult-women\/making-your-fertility-preservation-decision\/talking-about-the-fertility-preservation-decision\/\" class=\"elementor-item\" tabindex=\"-1\">Pogovori o odlo\u010ditvi o ohranitvi plodnosti<\/a><\/li>\n<li class=\"menu-item menu-item-type-post_type menu-item-object-page menu-item-2133\"><a href=\"https:\/\/cancerfertilityandme.org.uk\/adult-women\/contraception-family-planning\/questions-to-ask-your-cancer-care-team-or-gp\/\" class=\"elementor-item\" tabindex=\"-1\">Vpra\u0161anja, ki jih lahko zastavite va\u0161i ekipi za zdravljenje raka ali dru\u017einskemu zdravniku<\/a><\/li>\n<li class=\"menu-item menu-item-type-post_type menu-item-object-page menu-item-7142\"><a href=\"https:\/\/cancerfertilityandme.org.uk\/adult-women\/making-your-fertility-preservation-decision\/financial-costs-associated-with-undergoing-fertility-preservation\/\" class=\"elementor-item\" tabindex=\"-1\">Finan\u010dni stro\u0161ki, povezani z ohranjanjem plodnosti<\/a><\/li>\n<li class=\"menu-item menu-item-type-post_type menu-item-object-page menu-item-7145\"><a href=\"https:\/\/cancerfertilityandme.org.uk\/adult-women\/fertility-preservation-options\/summary-of-fertility-preservation-options\/\" class=\"elementor-item\" tabindex=\"-1\">Povzetek mo\u017enosti ohranjanja plodnosti<\/a><\/li>\n<\/ul>\t\t\t<\/nav>\n\t\t\t\t\t\t<\/div>\n\t\t\t\t<\/div>\n\t\t\t\t<\/div>\n\t\t\t\t<\/div>\n\t\t\t\t\t<\/div>\n\t\t\t\t<\/main>\n\t\t\t\t<\/div>\n\t\t","protected":false},"excerpt":{"rendered":"<p>Pogovor o ohranjanju plodnosti s skupino za plodnost Ekipa za plodnost izvaja postopke, znane kot ohranjanje plodnosti, za \u017eenske, pri katerih je bil diagnosticiran rak. Ekipa za plodnost se lahko z vami pogovori o va\u0161i odlo\u010ditvi, ali \u017eelite opraviti postopke za ohranjanje plodnosti ali ne. Posvet o ohranjanju plodnosti je odvisen od klinike, ki jo [&hellip;]<\/p>\n","protected":false},"author":1,"featured_media":0,"parent":6602,"menu_order":0,"comment_status":"closed","ping_status":"open","template":"","meta":{"footnotes":""},"class_list":["post-6620","page","type-page","status-publish","hentry"],"_links":{"self":[{"href":"https:\/\/cancerfertilityandme.org.uk\/sl\/wp-json\/wp\/v2\/pages\/6620","targetHints":{"allow":["GET"]}}],"collection":[{"href":"https:\/\/cancerfertilityandme.org.uk\/sl\/wp-json\/wp\/v2\/pages"}],"about":[{"href":"https:\/\/cancerfertilityandme.org.uk\/sl\/wp-json\/wp\/v2\/types\/page"}],"author":[{"embeddable":true,"href":"https:\/\/cancerfertilityandme.org.uk\/sl\/wp-json\/wp\/v2\/users\/1"}],"replies":[{"embeddable":true,"href":"https:\/\/cancerfertilityandme.org.uk\/sl\/wp-json\/wp\/v2\/comments?post=6620"}],"version-history":[{"count":3,"href":"https:\/\/cancerfertilityandme.org.uk\/sl\/wp-json\/wp\/v2\/pages\/6620\/revisions"}],"predecessor-version":[{"id":9578,"href":"https:\/\/cancerfertilityandme.org.uk\/sl\/wp-json\/wp\/v2\/pages\/6620\/revisions\/9578"}],"up":[{"embeddable":true,"href":"https:\/\/cancerfertilityandme.org.uk\/sl\/wp-json\/wp\/v2\/pages\/6602"}],"wp:attachment":[{"href":"https:\/\/cancerfertilityandme.org.uk\/sl\/wp-json\/wp\/v2\/media?parent=6620"}],"curies":[{"name":"wp","href":"https:\/\/api.w.org\/{rel}","templated":true}]}}