{"id":6590,"date":"2018-11-07T09:45:43","date_gmt":"2018-11-07T09:45:43","guid":{"rendered":"https:\/\/cancerfertilityandme.org.uk\/odlocitev-za-nacrtovanje-druzine-po-zdravljenju-raka\/"},"modified":"2026-03-06T14:22:43","modified_gmt":"2026-03-06T14:22:43","slug":"odlocitev-za-nacrtovanje-druzine-po-zdravljenju-raka","status":"publish","type":"page","link":"https:\/\/cancerfertilityandme.org.uk\/sl\/odrasle-zenske\/kontracepcija-in-nacrtovanje-druzine\/odlocitev-za-nacrtovanje-druzine-po-zdravljenju-raka\/","title":{"rendered":"Odlo\u010ditve za na\u010drtovanje dru\u017eine po zdravljenju raka"},"content":{"rendered":"\t\t<div data-elementor-type=\"wp-page\" data-elementor-id=\"6590\" class=\"elementor elementor-6590 elementor-5547\" data-elementor-post-type=\"page\">\n\t\t\t\t<main class=\"elementor-element elementor-element-1b5f8afe e-flex e-con-boxed e-con e-parent\" data-id=\"1b5f8afe\" data-element_type=\"container\" data-e-type=\"container\">\n\t\t\t\t\t<div class=\"e-con-inner\">\n\t\t<div class=\"elementor-element elementor-element-66cad302 e-con-full e-flex e-con e-child\" data-id=\"66cad302\" data-element_type=\"container\" data-e-type=\"container\">\n\t\t\t\t<div class=\"elementor-element elementor-element-6fc219e elementor-widget elementor-widget-text-editor\" data-id=\"6fc219e\" data-element_type=\"widget\" data-e-type=\"widget\" data-widget_type=\"text-editor.default\">\n\t\t\t\t<div class=\"elementor-widget-container\">\n\t\t\t\t\t\t\t\t\t<h2>Odlo\u010ditve za na\u010drtovanje dru\u017eine po zdravljenju raka<\/h2><p>Mnoge \u017eenske se znajdejo pred te\u017eko odlo\u010ditvijo, ali naj po odkritju raka poskusijo zanositi. V tem \u010dasu \u017eenske sprejemajo odlo\u010ditve o ohranjanju plodnosti, ki najbolj ustrezajo njihovi \u017eivljenski situaciji. Sem pri\u0161tevamo opravljanje testov za preverjanje plodnosti, izbiro kontracepcijskih metod in na\u010drtovanje dru\u017eine. To je prikazano v spodnjem diagramu.   <\/p><p>Te\u017eko je natan\u010dno predvideti, kako bo zdravljenje raka vplivalo na va\u0161o plodnost. Va\u0161o ekipo za zdravljenje raka ali osebnega zdravnika lahko prosite, da vas napoti na kliniko za zdravljenje neplodnosti. Svetovalci za ohranjanje plodnosti lahko z vrsto testov preverijo va\u0161o plodnost. Med njih spadajo krvne preiskave za preverjanje ravni hormonov ali ultrazvo\u010dna preiskava jaj\u010dnikov.   <\/p><p>Nekatere \u017eenske se lahko po zaklju\u010denem zdravljenju raka odlo\u010dijo, da ne bodo \u0161irile dru\u017eine, ali pa se odlo\u010dijo, da ne bodo imele otrok. Va\u0161a plodnost se lahko po kon\u010danem zdravljenju vrne po naravni poti. Vse \u017eenske, ki se zdravijo zaradi raka, ne bodo imele te\u017eav s plodnostjo v prihodnosti. Tudi \u010de se menstruacija \u0161e ni za\u010dela, lahko \u0161e vedno proizvajate jaj\u010deca in lahko zanosite. Svetujemo vam, da se o metodah kontracepcije pogovorite s svojo ekipo za zdravljenje raka ali z osebnim zdravnikom. Svetovali vam bodo o mo\u017enostih in primerni vrsti kontracepcije za vas. Priporo\u010damo vam, da nose\u010dnost odlo\u017eite za vsaj dve leti po zaklju\u010denem zdravljenju raka.      <\/p><p>Ni podatkov, ki bi kazali na to, da nose\u010dnost vpliva na mo\u017enost ponovitve raka . Ni podatkov, ki bi kazali na to, da je zdravje otrok, rojenih po zdravljenju raka, prizadeto. \u010ce razmi\u0161ljate o zanositvi, se posvetujte s svojo ekipo za zdravljenje raka.  <\/p>\t\t\t\t\t\t\t\t<\/div>\n\t\t\t\t<\/div>\n\t\t\t\t<div class=\"elementor-element elementor-element-6f05f21 elementor-widget elementor-widget-image\" data-id=\"6f05f21\" data-element_type=\"widget\" data-e-type=\"widget\" data-widget_type=\"image.default\">\n\t\t\t\t<div class=\"elementor-widget-container\">\n\t\t\t\t\t\t\t\t\t\t\t\t\t\t\t<img fetchpriority=\"high\" decoding=\"async\" width=\"800\" height=\"405\" src=\"https:\/\/cancerfertilityandme.org.uk\/wp-content\/uploads\/SL-06-2-1024x518.png\" class=\"attachment-large size-large wp-image-5587\" alt=\"Odlo\u010ditve za na\u010drtovanje dru\u017eine po zdravljenju raka\" srcset=\"https:\/\/cancerfertilityandme.org.uk\/wp-content\/uploads\/SL-06-2-1024x518.png 1024w, https:\/\/cancerfertilityandme.org.uk\/wp-content\/uploads\/SL-06-2-300x152.png 300w, https:\/\/cancerfertilityandme.org.uk\/wp-content\/uploads\/SL-06-2-768x389.png 768w, https:\/\/cancerfertilityandme.org.uk\/wp-content\/uploads\/SL-06-2.png 1045w\" sizes=\"(max-width: 800px) 100vw, 800px\" \/>\t\t\t\t\t\t\t\t\t\t\t\t\t\t\t<\/div>\n\t\t\t\t<\/div>\n\t\t<div class=\"elementor-element elementor-element-2a6a4012 e-con-full e-flex e-con e-child\" data-id=\"2a6a4012\" data-element_type=\"container\" data-e-type=\"container\" data-settings=\"{&quot;background_background&quot;:&quot;classic&quot;}\">\n\t\t\t\t<div class=\"elementor-element elementor-element-1e7ea23e elementor-widget elementor-widget-text-editor\" data-id=\"1e7ea23e\" data-element_type=\"widget\" data-e-type=\"widget\" data-widget_type=\"text-editor.default\">\n\t\t\t\t<div class=\"elementor-widget-container\">\n\t\t\t\t\t\t\t\t\t<p>Vse \u017eenske, ki se zdravijo zaradi raka, nimajo te\u017eav s plodnostjo in ve\u010dina mladih \u017eensk, ki \u017eelijo imeti otroka po zdravljenju raka, to dejansko lahko stori. Nekatere \u017eenske lahko po zdravljenju raka postanejo za vedno neplodne To je zelo neprijetna okoli\u0161\u010dina, s katero se je v\u010dasih te\u017eko sprijazniti. To se lahko zgodi v \u010dasu, ko ima \u017eenska v na\u010drtu, da si ustvari dru\u017eino, ali si jo \u017eeli pove\u010dati   <\/p><p>\u010ce je to va\u0161 primer, bo morda koristno poiskati strokovno podporo in svetovanje pri svoji ekipi za oskrbo neplodnosti. Poleg \u010dustvene podpore vam bodo lahko ponudile tudi informacije o drugih mo\u017enostih. Te vklju\u010dujejo nadomestno materinstvo, posvojitev in rejni\u0161tvo. Svetujejo lahko o drugih metodah oploditve z biomedicinsko pomo\u010djo, kot so donatorska jaj\u010deca in zarodki ali uporaba lastnih shranjenih jaj\u010dec, zarodkov in tkiva jaj\u010dnikov.   <\/p><p>Na spletni strani HFEA <a href=\"http:\/\/www.hfea.gov.uk\" target=\"_blank\" rel=\"noopener\">www.hfea.gov.uk<\/a> je na voljo ve\u010d informacij o darovanju jaj\u010dec ali zarodkov in nadomestnem materinstvu.<\/p><p><a href=\"\/more-information\/useful-contacts\">Tu so<\/a> navedene organizacije, ki nudijo informacije in podporo osebam, ki se zanimajo za rejni\u0161tvo in posvojitev.<\/p>\t\t\t\t\t\t\t\t<\/div>\n\t\t\t\t<\/div>\n\t\t\t\t<\/div>\n\t\t\t\t<\/div>\n\t\t<div class=\"elementor-element elementor-element-1e61a2ee e-con-full e-flex e-con e-child\" data-id=\"1e61a2ee\" data-element_type=\"container\" data-e-type=\"container\">\n\t\t<div class=\"elementor-element elementor-element-b3d86be e-con-full e-flex e-con e-child\" data-id=\"b3d86be\" data-element_type=\"container\" data-e-type=\"container\">\n\t\t\t\t<div class=\"elementor-element elementor-element-55e6f149 elementor-widget elementor-widget-image\" data-id=\"55e6f149\" data-element_type=\"widget\" data-e-type=\"widget\" data-widget_type=\"image.default\">\n\t\t\t\t<div class=\"elementor-widget-container\">\n\t\t\t\t\t\t\t\t\t\t\t\t\t\t\t\t<a href=\"http:\/\/.\/\">\n\t\t\t\t\t\t\t<img decoding=\"async\" width=\"400\" height=\"440\" src=\"https:\/\/cancerfertilityandme.org.uk\/wp-content\/uploads\/cancerfertilityandme-logo-column-adult-women.png\" class=\"attachment-full size-full wp-image-2285\" alt=\"\" srcset=\"https:\/\/cancerfertilityandme.org.uk\/wp-content\/uploads\/cancerfertilityandme-logo-column-adult-women.png 400w, https:\/\/cancerfertilityandme.org.uk\/wp-content\/uploads\/cancerfertilityandme-logo-column-adult-women-273x300.png 273w\" sizes=\"(max-width: 400px) 100vw, 400px\" \/>\t\t\t\t\t\t\t\t<\/a>\n\t\t\t\t\t\t\t\t\t\t\t\t\t\t\t<\/div>\n\t\t\t\t<\/div>\n\t\t\t\t<\/div>\n\t\t<div class=\"elementor-element elementor-element-6a74b93f e-con-full e-flex e-con e-child\" data-id=\"6a74b93f\" data-element_type=\"container\" data-e-type=\"container\">\n\t\t\t\t<div class=\"elementor-element elementor-element-35d6e3bd elementor-widget elementor-widget-heading\" data-id=\"35d6e3bd\" data-element_type=\"widget\" data-e-type=\"widget\" data-widget_type=\"heading.default\">\n\t\t\t\t<div class=\"elementor-widget-container\">\n\t\t\t\t\t<h3 class=\"elementor-heading-title elementor-size-default\">Za ve\u010d informacij sledite tem povezavam<\/h3>\t\t\t\t<\/div>\n\t\t\t\t<\/div>\n\t\t\t\t<div class=\"elementor-element elementor-element-40d6bd8b elementor-nav-menu--dropdown-none elementor-widget elementor-widget-nav-menu\" data-id=\"40d6bd8b\" data-element_type=\"widget\" data-e-type=\"widget\" data-settings=\"{&quot;layout&quot;:&quot;vertical&quot;,&quot;submenu_icon&quot;:{&quot;value&quot;:&quot;&lt;svg aria-hidden=\\&quot;true\\&quot; class=\\&quot;e-font-icon-svg e-fas-caret-down\\&quot; viewBox=\\&quot;0 0 320 512\\&quot; xmlns=\\&quot;http:\\\/\\\/www.w3.org\\\/2000\\\/svg\\&quot;&gt;&lt;path d=\\&quot;M31.3 192h257.3c17.8 0 26.7 21.5 14.1 34.1L174.1 354.8c-7.8 7.8-20.5 7.8-28.3 0L17.2 226.1C4.6 213.5 13.5 192 31.3 192z\\&quot;&gt;&lt;\\\/path&gt;&lt;\\\/svg&gt;&quot;,&quot;library&quot;:&quot;fa-solid&quot;}}\" data-widget_type=\"nav-menu.default\">\n\t\t\t\t<div class=\"elementor-widget-container\">\n\t\t\t\t\t\t\t\t<nav aria-label=\"Menu\" class=\"elementor-nav-menu--main elementor-nav-menu__container elementor-nav-menu--layout-vertical e--pointer-none\">\n\t\t\t\t<ul id=\"menu-1-40d6bd8b\" class=\"elementor-nav-menu sm-vertical\"><li class=\"menu-item menu-item-type-post_type menu-item-object-page menu-item-6971\"><a href=\"https:\/\/cancerfertilityandme.org.uk\/adult-women\/contraception-family-planning\/\" class=\"elementor-item\">Kontracepcija in na\u010drtovanje dru\u017eine<\/a><\/li>\n<li class=\"menu-item menu-item-type-post_type menu-item-object-page menu-item-6972\"><a href=\"https:\/\/cancerfertilityandme.org.uk\/adult-women\/contraception-family-planning\/contraception-during-cancer-treatment\/\" class=\"elementor-item\">Kontracepcija med zdravljenjem raka<\/a><\/li>\n<li class=\"menu-item menu-item-type-post_type menu-item-object-page menu-item-6973\"><a href=\"https:\/\/cancerfertilityandme.org.uk\/adult-women\/contraception-family-planning\/family-planning-decisions-after-cancer-treatment\/\" class=\"elementor-item\">Odlo\u010ditve za na\u010drtovanje dru\u017eine po zdravljenju raka<\/a><\/li>\n<li class=\"menu-item menu-item-type-post_type menu-item-object-page menu-item-8692\"><a href=\"https:\/\/cancerfertilityandme.org.uk\/adult-women\/making-your-fertility-preservation-decision\/questions-to-ask-your-cancer-care-team-or-gp\/\" class=\"elementor-item\">Vpra\u0161anja, ki jih lahko zastavite va\u0161i ekipi za zdravljenje raka ali dru\u017einskemu zdravniku<\/a><\/li>\n<\/ul>\t\t\t<\/nav>\n\t\t\t\t\t\t<nav class=\"elementor-nav-menu--dropdown elementor-nav-menu__container\" aria-hidden=\"true\">\n\t\t\t\t<ul id=\"menu-2-40d6bd8b\" class=\"elementor-nav-menu sm-vertical\"><li class=\"menu-item menu-item-type-post_type menu-item-object-page menu-item-6971\"><a href=\"https:\/\/cancerfertilityandme.org.uk\/adult-women\/contraception-family-planning\/\" class=\"elementor-item\" tabindex=\"-1\">Kontracepcija in na\u010drtovanje dru\u017eine<\/a><\/li>\n<li class=\"menu-item menu-item-type-post_type menu-item-object-page menu-item-6972\"><a href=\"https:\/\/cancerfertilityandme.org.uk\/adult-women\/contraception-family-planning\/contraception-during-cancer-treatment\/\" class=\"elementor-item\" tabindex=\"-1\">Kontracepcija med zdravljenjem raka<\/a><\/li>\n<li class=\"menu-item menu-item-type-post_type menu-item-object-page menu-item-6973\"><a href=\"https:\/\/cancerfertilityandme.org.uk\/adult-women\/contraception-family-planning\/family-planning-decisions-after-cancer-treatment\/\" class=\"elementor-item\" tabindex=\"-1\">Odlo\u010ditve za na\u010drtovanje dru\u017eine po zdravljenju raka<\/a><\/li>\n<li class=\"menu-item menu-item-type-post_type menu-item-object-page menu-item-8692\"><a href=\"https:\/\/cancerfertilityandme.org.uk\/adult-women\/making-your-fertility-preservation-decision\/questions-to-ask-your-cancer-care-team-or-gp\/\" class=\"elementor-item\" tabindex=\"-1\">Vpra\u0161anja, ki jih lahko zastavite va\u0161i ekipi za zdravljenje raka ali dru\u017einskemu zdravniku<\/a><\/li>\n<\/ul>\t\t\t<\/nav>\n\t\t\t\t\t\t<\/div>\n\t\t\t\t<\/div>\n\t\t\t\t<\/div>\n\t\t\t\t<\/div>\n\t\t\t\t\t<\/div>\n\t\t\t\t<\/main>\n\t\t\t\t<\/div>\n\t\t","protected":false},"excerpt":{"rendered":"<p>Odlo\u010ditve za na\u010drtovanje dru\u017eine po zdravljenju raka Mnoge \u017eenske se znajdejo pred te\u017eko odlo\u010ditvijo, ali naj po odkritju raka poskusijo zanositi. V tem \u010dasu \u017eenske sprejemajo odlo\u010ditve o ohranjanju plodnosti, ki najbolj ustrezajo njihovi \u017eivljenski situaciji. Sem pri\u0161tevamo opravljanje testov za preverjanje plodnosti, izbiro kontracepcijskih metod in na\u010drtovanje dru\u017eine. To je prikazano v spodnjem diagramu. [&hellip;]<\/p>\n","protected":false},"author":1,"featured_media":5555,"parent":6578,"menu_order":0,"comment_status":"closed","ping_status":"open","template":"","meta":{"footnotes":""},"class_list":["post-6590","page","type-page","status-publish","has-post-thumbnail","hentry"],"_links":{"self":[{"href":"https:\/\/cancerfertilityandme.org.uk\/sl\/wp-json\/wp\/v2\/pages\/6590","targetHints":{"allow":["GET"]}}],"collection":[{"href":"https:\/\/cancerfertilityandme.org.uk\/sl\/wp-json\/wp\/v2\/pages"}],"about":[{"href":"https:\/\/cancerfertilityandme.org.uk\/sl\/wp-json\/wp\/v2\/types\/page"}],"author":[{"embeddable":true,"href":"https:\/\/cancerfertilityandme.org.uk\/sl\/wp-json\/wp\/v2\/users\/1"}],"replies":[{"embeddable":true,"href":"https:\/\/cancerfertilityandme.org.uk\/sl\/wp-json\/wp\/v2\/comments?post=6590"}],"version-history":[{"count":7,"href":"https:\/\/cancerfertilityandme.org.uk\/sl\/wp-json\/wp\/v2\/pages\/6590\/revisions"}],"predecessor-version":[{"id":11097,"href":"https:\/\/cancerfertilityandme.org.uk\/sl\/wp-json\/wp\/v2\/pages\/6590\/revisions\/11097"}],"up":[{"embeddable":true,"href":"https:\/\/cancerfertilityandme.org.uk\/sl\/wp-json\/wp\/v2\/pages\/6578"}],"wp:featuredmedia":[{"embeddable":true,"href":"https:\/\/cancerfertilityandme.org.uk\/sl\/wp-json\/wp\/v2\/media\/5555"}],"wp:attachment":[{"href":"https:\/\/cancerfertilityandme.org.uk\/sl\/wp-json\/wp\/v2\/media?parent=6590"}],"curies":[{"name":"wp","href":"https:\/\/api.w.org\/{rel}","templated":true}]}}