{"id":6574,"date":"2019-08-20T14:52:27","date_gmt":"2019-08-20T14:52:27","guid":{"rendered":"https:\/\/cancerfertilityandme.org.uk\/druge-metode-zdravljenja-raka\/"},"modified":"2026-03-11T16:22:02","modified_gmt":"2026-03-11T16:22:02","slug":"druge-metode-zdravljenja-raka","status":"publish","type":"page","link":"https:\/\/cancerfertilityandme.org.uk\/sl\/odrasle-zenske\/moznosti-ohranjanja-plodnosti-2\/druge-metode-zdravljenja-raka\/","title":{"rendered":"Druge metode zdravljenja raka"},"content":{"rendered":"\t\t<div data-elementor-type=\"wp-page\" data-elementor-id=\"6574\" class=\"elementor elementor-6574 elementor-5777\" data-elementor-post-type=\"page\">\n\t\t\t\t<main class=\"elementor-element elementor-element-1e71a784 e-flex e-con-boxed e-con e-parent\" data-id=\"1e71a784\" data-element_type=\"container\" data-e-type=\"container\">\n\t\t\t\t\t<div class=\"e-con-inner\">\n\t\t<div class=\"elementor-element elementor-element-644df550 e-con-full e-flex e-con e-child\" data-id=\"644df550\" data-element_type=\"container\" data-e-type=\"container\">\n\t\t\t\t<div class=\"elementor-element elementor-element-7bf30820 elementor-widget elementor-widget-text-editor\" data-id=\"7bf30820\" data-element_type=\"widget\" data-e-type=\"widget\" data-widget_type=\"text-editor.default\">\n\t\t\t\t<div class=\"elementor-widget-container\">\n\t\t\t\t\t\t\t\t\t<h2>Druge metode zdravljenja raka<\/h2><p>V\u010dasih lahko zdravljenje raka vklju\u010duje tudi druga zdravljenja.<\/p><p><strong>Presaditev krvi in kostnega mozga (BMT)<\/strong> lahko vklju\u010duje uporabo kemoterapije, radioterapije in zdravljenja s protitelesi, ki jim sledijo infuzije mati\u010dnih celic krvi in kostnega mozga.<\/p><p><strong>Celi\u010dne terapije (kot so CAR T-celice)<\/strong> se pogosto kombinirajo s kemoterapijo.<\/p><p>Ve\u010dina bolnic, ki bodo prejele BMT, je v preteklosti \u017ee prejela kemoterapijo in druga zdravljenja, zato se je \u017ee takrat upo\u0161tevali vpliv zdravljenja na plodnost. Nekatere bolnice pa bodo prejele BMT kot svoje prvo intenzivno zdravljenje raka.<\/p><p>Kombinacija teh zdravljenj lahko vpliva na plodnost \u017eenske. \u010ce ta zdravljenja vplivajo na plodnost, je to pogosto trajno in pomeni, da v prihodnosti ne boste mogli zanositi. <\/p><p>Pred za\u010detkom teh zdravljenj boste morale opraviti test nose\u010dnosti. Prav tako vam bodo odsvetovali da med zdravljenjem zanosite.<\/p><p><strong>Naslednja vpra\u0161anja vam lahko pomagajo pri pogovoru z va\u0161imi strokovnjaki za zdravljenje raka o vplivu na\u010drtovanega zdravljenja na va\u0161o prihodnjo plodnost.<\/strong><\/p><ul><li>Kako bo na\u010drtovano zdravljenje raka vplivalo na mojo plodnost v prihodnosti?<\/li><li>Kak\u0161na je mo\u017enost, da bo moje zdravljenje raka vplivalo na kateri koli del mojega reproduktivnega sistema (na primer maternico, jaj\u010dnike, jajcevode, materni\u010dni vrat)?<\/li><li>Ali bodo u\u010dinki zdravljenja raka na mojo plodnost zgolj za\u010dasni ali trajni?<\/li><li>Kako lahko moja starost ali drugi z menoj povezani dejavniki, vplivajo na plodnost, med zdravljenjem raka?<\/li><li>Kdaj in s kom naj se pogovorim o ohranjanju plodnosti?<\/li><\/ul>\t\t\t\t\t\t\t\t<\/div>\n\t\t\t\t<\/div>\n\t\t<div class=\"elementor-element elementor-element-360288b e-con-full e-flex e-con e-child\" data-id=\"360288b\" data-element_type=\"container\" data-e-type=\"container\" data-settings=\"{&quot;background_background&quot;:&quot;classic&quot;}\">\n\t\t\t\t<div class=\"elementor-element elementor-element-5ef5badd elementor-widget elementor-widget-text-editor\" data-id=\"5ef5badd\" data-element_type=\"widget\" data-e-type=\"widget\" data-widget_type=\"text-editor.default\">\n\t\t\t\t<div class=\"elementor-widget-container\">\n\t\t\t\t\t\t\t\t\t<h3>Zdravljenje raka lahko vpliva na plodnost s:<\/h3><ul><li>Po\u0161kodbami ali zmanj\u0161anjem \u0161tevila jaj\u010dec, shranjenih v jaj\u010dnikih.<\/li><li>Po\u0161kodbami dela telesa, ki nadzoruje hormone plodnosti.<\/li><li>Odstranitvijo ali po\u0161kodbo katerega od \u010dlenov \u017eenskega reproduktivnega sistema.<\/li><\/ul><p>Vpliv zdravljenja raka na plodnost, je odvisen od vrste raka in predpisane terapije.<\/p><p>Vse \u017eenske, ki se zdravijo zaradi raka, ne bodo imele te\u017eav s plodnostjo v prihodnosti.<\/p>\t\t\t\t\t\t\t\t<\/div>\n\t\t\t\t<\/div>\n\t\t\t\t<\/div>\n\t\t\t\t<\/div>\n\t\t<div class=\"elementor-element elementor-element-28790190 e-con-full e-flex e-con e-child\" data-id=\"28790190\" data-element_type=\"container\" data-e-type=\"container\">\n\t\t<div class=\"elementor-element elementor-element-95087b6 e-con-full e-flex e-con e-child\" data-id=\"95087b6\" data-element_type=\"container\" data-e-type=\"container\">\n\t\t\t\t<div class=\"elementor-element elementor-element-20bce565 elementor-widget elementor-widget-image\" data-id=\"20bce565\" data-element_type=\"widget\" data-e-type=\"widget\" data-widget_type=\"image.default\">\n\t\t\t\t<div class=\"elementor-widget-container\">\n\t\t\t\t\t\t\t\t\t\t\t\t\t\t\t\t<a href=\"http:\/\/.\/\">\n\t\t\t\t\t\t\t<img fetchpriority=\"high\" decoding=\"async\" width=\"400\" height=\"440\" src=\"https:\/\/cancerfertilityandme.org.uk\/wp-content\/uploads\/cancerfertilityandme-logo-column-adult-women.png\" class=\"attachment-full size-full wp-image-2285\" alt=\"\" srcset=\"https:\/\/cancerfertilityandme.org.uk\/wp-content\/uploads\/cancerfertilityandme-logo-column-adult-women.png 400w, https:\/\/cancerfertilityandme.org.uk\/wp-content\/uploads\/cancerfertilityandme-logo-column-adult-women-273x300.png 273w\" sizes=\"(max-width: 400px) 100vw, 400px\" \/>\t\t\t\t\t\t\t\t<\/a>\n\t\t\t\t\t\t\t\t\t\t\t\t\t\t\t<\/div>\n\t\t\t\t<\/div>\n\t\t\t\t<\/div>\n\t\t<div class=\"elementor-element elementor-element-3d66a7c2 e-con-full e-flex e-con e-child\" data-id=\"3d66a7c2\" data-element_type=\"container\" data-e-type=\"container\">\n\t\t\t\t<div class=\"elementor-element elementor-element-751eaedd elementor-widget elementor-widget-heading\" data-id=\"751eaedd\" data-element_type=\"widget\" data-e-type=\"widget\" data-widget_type=\"heading.default\">\n\t\t\t\t<div class=\"elementor-widget-container\">\n\t\t\t\t\t<h3 class=\"elementor-heading-title elementor-size-default\">Za ve\u010d informacij sledite tem povezavam<\/h3>\t\t\t\t<\/div>\n\t\t\t\t<\/div>\n\t\t\t\t<div class=\"elementor-element elementor-element-572cad35 elementor-nav-menu--dropdown-none elementor-widget elementor-widget-nav-menu\" data-id=\"572cad35\" data-element_type=\"widget\" data-e-type=\"widget\" data-settings=\"{&quot;layout&quot;:&quot;vertical&quot;,&quot;submenu_icon&quot;:{&quot;value&quot;:&quot;&lt;svg aria-hidden=\\&quot;true\\&quot; class=\\&quot;e-font-icon-svg e-fas-caret-down\\&quot; viewBox=\\&quot;0 0 320 512\\&quot; xmlns=\\&quot;http:\\\/\\\/www.w3.org\\\/2000\\\/svg\\&quot;&gt;&lt;path d=\\&quot;M31.3 192h257.3c17.8 0 26.7 21.5 14.1 34.1L174.1 354.8c-7.8 7.8-20.5 7.8-28.3 0L17.2 226.1C4.6 213.5 13.5 192 31.3 192z\\&quot;&gt;&lt;\\\/path&gt;&lt;\\\/svg&gt;&quot;,&quot;library&quot;:&quot;fa-solid&quot;}}\" data-widget_type=\"nav-menu.default\">\n\t\t\t\t<div class=\"elementor-widget-container\">\n\t\t\t\t\t\t\t\t<nav aria-label=\"Menu\" class=\"elementor-nav-menu--main elementor-nav-menu__container elementor-nav-menu--layout-vertical e--pointer-none\">\n\t\t\t\t<ul id=\"menu-1-572cad35\" class=\"elementor-nav-menu sm-vertical\"><li class=\"menu-item menu-item-type-post_type menu-item-object-page menu-item-6859\"><a href=\"https:\/\/cancerfertilityandme.org.uk\/adult-women\/cancer-fertility-and-the-reproductive-system\/\" class=\"elementor-item\">Rak, plodnost in reproduktivni sistem<\/a><\/li>\n<li class=\"menu-item menu-item-type-post_type menu-item-object-page menu-item-6853\"><a href=\"https:\/\/cancerfertilityandme.org.uk\/adult-women\/cancer-fertility-and-the-reproductive-system\/how-cancer-treatments-affect-fertility\/\" class=\"elementor-item\">Kako zdravljenje raka vpliva na plodnost<\/a><\/li>\n<li class=\"menu-item menu-item-type-post_type menu-item-object-page menu-item-6851\"><a href=\"https:\/\/cancerfertilityandme.org.uk\/adult-women\/cancer-fertility-and-the-reproductive-system\/chemotherapy\/\" class=\"elementor-item\">Chemotherapy<\/a><\/li>\n<li class=\"menu-item menu-item-type-post_type menu-item-object-page menu-item-6856\"><a href=\"https:\/\/cancerfertilityandme.org.uk\/adult-women\/cancer-fertility-and-the-reproductive-system\/radiotherapy\/\" class=\"elementor-item\">Radioterapija<\/a><\/li>\n<li class=\"menu-item menu-item-type-post_type menu-item-object-page menu-item-6857\"><a href=\"https:\/\/cancerfertilityandme.org.uk\/adult-women\/cancer-fertility-and-the-reproductive-system\/surgery\/\" class=\"elementor-item\">Kirurgija<\/a><\/li>\n<li class=\"menu-item menu-item-type-post_type menu-item-object-page menu-item-6852\"><a href=\"https:\/\/cancerfertilityandme.org.uk\/adult-women\/cancer-fertility-and-the-reproductive-system\/hormone-therapy\/\" class=\"elementor-item\">Hormonsko zdravljenje<\/a><\/li>\n<li class=\"menu-item menu-item-type-post_type menu-item-object-page menu-item-6858\"><a href=\"https:\/\/cancerfertilityandme.org.uk\/adult-women\/cancer-fertility-and-the-reproductive-system\/targeted-drug-therapies\/\" class=\"elementor-item\">Ciljne terapije z zdravili<\/a><\/li>\n<li class=\"menu-item menu-item-type-post_type menu-item-object-page menu-item-6855\"><a href=\"https:\/\/cancerfertilityandme.org.uk\/adult-women\/cancer-fertility-and-the-reproductive-system\/questions-to-ask\/\" class=\"elementor-item\">Vpra\u0161anja, ki jih je treba zastaviti<\/a><\/li>\n<\/ul>\t\t\t<\/nav>\n\t\t\t\t\t\t<nav class=\"elementor-nav-menu--dropdown elementor-nav-menu__container\" aria-hidden=\"true\">\n\t\t\t\t<ul id=\"menu-2-572cad35\" class=\"elementor-nav-menu sm-vertical\"><li class=\"menu-item menu-item-type-post_type menu-item-object-page menu-item-6859\"><a href=\"https:\/\/cancerfertilityandme.org.uk\/adult-women\/cancer-fertility-and-the-reproductive-system\/\" class=\"elementor-item\" tabindex=\"-1\">Rak, plodnost in reproduktivni sistem<\/a><\/li>\n<li class=\"menu-item menu-item-type-post_type menu-item-object-page menu-item-6853\"><a href=\"https:\/\/cancerfertilityandme.org.uk\/adult-women\/cancer-fertility-and-the-reproductive-system\/how-cancer-treatments-affect-fertility\/\" class=\"elementor-item\" tabindex=\"-1\">Kako zdravljenje raka vpliva na plodnost<\/a><\/li>\n<li class=\"menu-item menu-item-type-post_type menu-item-object-page menu-item-6851\"><a href=\"https:\/\/cancerfertilityandme.org.uk\/adult-women\/cancer-fertility-and-the-reproductive-system\/chemotherapy\/\" class=\"elementor-item\" tabindex=\"-1\">Chemotherapy<\/a><\/li>\n<li class=\"menu-item menu-item-type-post_type menu-item-object-page menu-item-6856\"><a href=\"https:\/\/cancerfertilityandme.org.uk\/adult-women\/cancer-fertility-and-the-reproductive-system\/radiotherapy\/\" class=\"elementor-item\" tabindex=\"-1\">Radioterapija<\/a><\/li>\n<li class=\"menu-item menu-item-type-post_type menu-item-object-page menu-item-6857\"><a href=\"https:\/\/cancerfertilityandme.org.uk\/adult-women\/cancer-fertility-and-the-reproductive-system\/surgery\/\" class=\"elementor-item\" tabindex=\"-1\">Kirurgija<\/a><\/li>\n<li class=\"menu-item menu-item-type-post_type menu-item-object-page menu-item-6852\"><a href=\"https:\/\/cancerfertilityandme.org.uk\/adult-women\/cancer-fertility-and-the-reproductive-system\/hormone-therapy\/\" class=\"elementor-item\" tabindex=\"-1\">Hormonsko zdravljenje<\/a><\/li>\n<li class=\"menu-item menu-item-type-post_type menu-item-object-page menu-item-6858\"><a href=\"https:\/\/cancerfertilityandme.org.uk\/adult-women\/cancer-fertility-and-the-reproductive-system\/targeted-drug-therapies\/\" class=\"elementor-item\" tabindex=\"-1\">Ciljne terapije z zdravili<\/a><\/li>\n<li class=\"menu-item menu-item-type-post_type menu-item-object-page menu-item-6855\"><a href=\"https:\/\/cancerfertilityandme.org.uk\/adult-women\/cancer-fertility-and-the-reproductive-system\/questions-to-ask\/\" class=\"elementor-item\" tabindex=\"-1\">Vpra\u0161anja, ki jih je treba zastaviti<\/a><\/li>\n<\/ul>\t\t\t<\/nav>\n\t\t\t\t\t\t<\/div>\n\t\t\t\t<\/div>\n\t\t\t\t<\/div>\n\t\t\t\t<\/div>\n\t\t\t\t\t<\/div>\n\t\t\t\t<\/main>\n\t\t\t\t<\/div>\n\t\t","protected":false},"excerpt":{"rendered":"<p>Druge metode zdravljenja raka V\u010dasih lahko zdravljenje raka vklju\u010duje tudi druga zdravljenja. Presaditev krvi in kostnega mozga (BMT) lahko vklju\u010duje uporabo kemoterapije, radioterapije in zdravljenja s protitelesi, ki jim sledijo infuzije mati\u010dnih celic krvi in kostnega mozga. Celi\u010dne terapije (kot so CAR T-celice) se pogosto kombinirajo s kemoterapijo. Ve\u010dina bolnic, ki bodo prejele BMT, je [&hellip;]<\/p>\n","protected":false},"author":1,"featured_media":0,"parent":6550,"menu_order":0,"comment_status":"closed","ping_status":"closed","template":"","meta":{"footnotes":""},"class_list":["post-6574","page","type-page","status-publish","hentry"],"_links":{"self":[{"href":"https:\/\/cancerfertilityandme.org.uk\/sl\/wp-json\/wp\/v2\/pages\/6574","targetHints":{"allow":["GET"]}}],"collection":[{"href":"https:\/\/cancerfertilityandme.org.uk\/sl\/wp-json\/wp\/v2\/pages"}],"about":[{"href":"https:\/\/cancerfertilityandme.org.uk\/sl\/wp-json\/wp\/v2\/types\/page"}],"author":[{"embeddable":true,"href":"https:\/\/cancerfertilityandme.org.uk\/sl\/wp-json\/wp\/v2\/users\/1"}],"replies":[{"embeddable":true,"href":"https:\/\/cancerfertilityandme.org.uk\/sl\/wp-json\/wp\/v2\/comments?post=6574"}],"version-history":[{"count":3,"href":"https:\/\/cancerfertilityandme.org.uk\/sl\/wp-json\/wp\/v2\/pages\/6574\/revisions"}],"predecessor-version":[{"id":9383,"href":"https:\/\/cancerfertilityandme.org.uk\/sl\/wp-json\/wp\/v2\/pages\/6574\/revisions\/9383"}],"up":[{"embeddable":true,"href":"https:\/\/cancerfertilityandme.org.uk\/sl\/wp-json\/wp\/v2\/pages\/6550"}],"wp:attachment":[{"href":"https:\/\/cancerfertilityandme.org.uk\/sl\/wp-json\/wp\/v2\/media?parent=6574"}],"curies":[{"name":"wp","href":"https:\/\/api.w.org\/{rel}","templated":true}]}}