{"id":6572,"date":"2018-11-07T09:40:51","date_gmt":"2018-11-07T09:40:51","guid":{"rendered":"https:\/\/cancerfertilityandme.org.uk\/postopki-za-ohranitev-plodnosti-znacilni-za-nekatere-vrste-raka\/"},"modified":"2025-11-17T10:58:12","modified_gmt":"2025-11-17T10:58:12","slug":"postopki-za-ohranitev-plodnosti-znacilni-za-nekatere-vrste-raka","status":"publish","type":"page","link":"https:\/\/cancerfertilityandme.org.uk\/sl\/odrasle-zenske\/moznosti-ohranjanja-plodnosti-2\/postopki-za-ohranitev-plodnosti-znacilni-za-nekatere-vrste-raka\/","title":{"rendered":"Postopki za ohranitev plodnosti, zna\u010dilni za nekatere vrste raka"},"content":{"rendered":"\t\t<div data-elementor-type=\"wp-page\" data-elementor-id=\"6572\" class=\"elementor elementor-6572 elementor-5459\" data-elementor-post-type=\"page\">\n\t\t\t\t<main class=\"elementor-element elementor-element-3ef24d e-flex e-con-boxed e-con e-parent\" data-id=\"3ef24d\" data-element_type=\"container\" data-e-type=\"container\">\n\t\t\t\t\t<div class=\"e-con-inner\">\n\t\t<div class=\"elementor-element elementor-element-2ea7d24c e-con-full e-flex e-con e-child\" data-id=\"2ea7d24c\" data-element_type=\"container\" data-e-type=\"container\">\n\t\t\t\t<div class=\"elementor-element elementor-element-38fe551c elementor-widget elementor-widget-text-editor\" data-id=\"38fe551c\" data-element_type=\"widget\" data-e-type=\"widget\" data-widget_type=\"text-editor.default\">\n\t\t\t\t<div class=\"elementor-widget-container\">\n\t\t\t\t\t\t\t\t\t<h2>Postopki za ohranitev plodnosti, zna\u010dilni za nekatere vrste raka<\/h2><p>\u010ce so vam odkrili rak materni\u010dnega vratu ali se zdravite z radioterapijo v predelu medenice, so poleg mo\u017enosti ohranjanja plodnosti, opisanih na prej\u0161njih straneh, morda na voljo tudi posebni postopki za ohranjanja plodnosti. Ta zdravljenja vam zagotavlja va\u0161a ekipa za zdravljenje raka in prav tako lahko pomaga ohraniti va\u0161o plodnost. Ekipa za zdravljenje raka se z \u017eenskami pogovori o teh postopkih za ohranitev plodnosti, ki postanejo del zdravljenja raka.  <\/p><h3>Trachelectomy<\/h3><p>Trahelektomija je kirur\u0161ki poseg s katerim se odstranit rak na materni\u010dnem vratu. Odstranijo se materni\u010dni vrat, zgornji del no\u017enice in limfne \u017eleze v medenici. Maternica ostane na mestu. Ta postopek se lahko uporabi, \u010de vam ste bili diagnosticirani z rakom materni\u010dnega vratu v zgodnjem stadiju. Neza\u017eeleni u\u010dinki lahko vklju\u010dujejo krvavitve in oku\u017ebe, ter krvne strdke v \u017eilah (tromboza). Mo\u017eni neza\u017eeleni u\u010dinki kirur\u0161kega posega so lahko rez v \u010drevesje ali mehur, ki povzro\u010di nadaljnje te\u017eave z mehurjem, in z menstruacijo. Kirur\u0161ki poseg vzame zgolj en dan in tako ne povzro\u010di odlaganj pri zdravljenja raka. Trahelektomija \u017eenskam z zgodnjim rakom materni\u010dnega vratu omogo\u010da, da po zdravljenju raka dobijo otroka. Pri \u017eenskah, ki zanosijo po operaciji, obstaja mo\u017enost spontanega splava in prezgodnjega poroda. Pri porodu bo treba uporabiti carski rez . \u0160tudije so pokazale, da trahelektomija ne vpliva na mo\u017enost ponovnega pojava raka.          <\/p><h3>Transpozicija jaj\u010dnikov<\/h3><p>Transpozicija jaj\u010dnikov je kirur\u0161ki poseg, pri katerem se jaj\u010dniki premaknejo stran od polja radioterapevtskega zdravljenja. To je lahko mo\u017enost, \u010de prejemate radioterapevtsko zdravljenje medenice. Neza\u017eeleni u\u010dinki lahko vklju\u010dujejo po\u0161kodbe notranjih organov. Kirur\u0161ki poseg vzame zgolj en dan in tako ne povzro\u010di odlaganj pri zdravljenja raka. Verjetnost, da bo transpozicija jaj\u010dnikov pomagala \u017eenski imeti otroka, po zaklju\u010denem zdravljenju raka, ni znana. \u0160tudije so pokazale, da presaditev jaj\u010dnikov ne vpliva na mo\u017enost ponovnega pojava raka. Ne \u0161\u010diti jaj\u010dnikov pred u\u010dinki kemoterapije.      <\/p><h3>Za\u0161\u010dita jaj\u010dnikov<\/h3><p>Za\u0161\u010dita jaj\u010dnikov deluje tako, da \u0161\u010diti jaj\u010dnike med zdravljenjem z radioterapijo. To je lahko mo\u017enost, \u010de prejemate radioterapijo v predelu medenice. Med zdravljenjem z obsevanjem vam na zunanjo stran telesa, nad obmo\u010dje jaj\u010dnikov, namestijo za\u0161\u010ditni pokrov. Takoj po obsevanju boste lahko od\u0161le domov.   <\/p><p>Za\u0161\u010dita ne zadr\u017ei zdravljenja raka. \u010ceprav vam bo to morda ponujeno, podatki ka\u017eejo, da za\u0161\u010dita jaj\u010dnikov med radioterapevtskim zdravljenjem slabo \u0161\u010diti jaj\u010dnike. Ni znano ali boste po zdravljenju raka lahko imele otroka. Ni \u0161e znano, ali za\u0161\u010dita jaj\u010dnikov vpliva na mo\u017enost rasti ali ponovnega pojava raka. Ne \u0161\u010diti jaj\u010dnikov pred u\u010dinki kemoterapije.    <\/p><p>Morda bo koristno, \u010de si zapi\u0161ete, kaj vam je pri tej mo\u017enosti v\u0161e\u010d in kaj vas pri njej skrbi.<\/p><p>Ti zapiski vam lahko pomagajo, da se z ekipo za zdravljenje raka, ekipo za plodnost, partnerjem, dru\u017eino in prijatelji pogovorite o tem, ali je ta mo\u017enost za vas najbolj\u0161a ali ne.<\/p>\t\t\t\t\t\t\t\t<\/div>\n\t\t\t\t<\/div>\n\t\t<div class=\"elementor-element elementor-element-2ca0357c e-con-full e-flex e-con e-child\" data-id=\"2ca0357c\" data-element_type=\"container\" data-e-type=\"container\" data-settings=\"{&quot;background_background&quot;:&quot;classic&quot;}\">\n\t\t\t\t<div class=\"elementor-element elementor-element-2fcc4574 elementor-widget elementor-widget-text-editor\" data-id=\"2fcc4574\" data-element_type=\"widget\" data-e-type=\"widget\" data-widget_type=\"text-editor.default\">\n\t\t\t\t<div class=\"elementor-widget-container\">\n\t\t\t\t\t\t\t\t\t<p><strong>Morda bo koristno, \u010de si zapi\u0161ete, kaj vam je pri tej mo\u017enosti v\u0161e\u010d in kaj vas pri njej skrbi.<\/strong><\/p><p>Ti zapiski vam lahko pomagajo, da se z ekipo za zdravljenje raka, ekipo za plodnost, partnerjem, dru\u017eino in prijatelji pogovorite o tem, ali je ta mo\u017enost za vas najbolj\u0161a ali ne.<\/p>\t\t\t\t\t\t\t\t<\/div>\n\t\t\t\t<\/div>\n\t\t\t\t<\/div>\n\t\t\t\t<\/div>\n\t\t<div class=\"elementor-element elementor-element-273f5b94 e-con-full e-flex e-con e-child\" data-id=\"273f5b94\" data-element_type=\"container\" data-e-type=\"container\">\n\t\t<div class=\"elementor-element elementor-element-abd1727 e-con-full e-flex e-con e-child\" data-id=\"abd1727\" data-element_type=\"container\" data-e-type=\"container\">\n\t\t\t\t<div class=\"elementor-element elementor-element-e5e2951 elementor-widget elementor-widget-image\" data-id=\"e5e2951\" data-element_type=\"widget\" data-e-type=\"widget\" data-widget_type=\"image.default\">\n\t\t\t\t<div class=\"elementor-widget-container\">\n\t\t\t\t\t\t\t\t\t\t\t\t\t\t\t\t<a href=\"http:\/\/.\/\">\n\t\t\t\t\t\t\t<img fetchpriority=\"high\" decoding=\"async\" width=\"400\" height=\"440\" src=\"https:\/\/cancerfertilityandme.org.uk\/wp-content\/uploads\/cancerfertilityandme-logo-column-adult-women.png\" class=\"attachment-full size-full wp-image-2285\" alt=\"\" srcset=\"https:\/\/cancerfertilityandme.org.uk\/wp-content\/uploads\/cancerfertilityandme-logo-column-adult-women.png 400w, https:\/\/cancerfertilityandme.org.uk\/wp-content\/uploads\/cancerfertilityandme-logo-column-adult-women-273x300.png 273w\" sizes=\"(max-width: 400px) 100vw, 400px\" \/>\t\t\t\t\t\t\t\t<\/a>\n\t\t\t\t\t\t\t\t\t\t\t\t\t\t\t<\/div>\n\t\t\t\t<\/div>\n\t\t\t\t<\/div>\n\t\t<div class=\"elementor-element elementor-element-717e5239 e-con-full e-flex e-con e-child\" data-id=\"717e5239\" data-element_type=\"container\" data-e-type=\"container\">\n\t\t\t\t<div class=\"elementor-element elementor-element-7e5ce8d6 elementor-widget elementor-widget-heading\" data-id=\"7e5ce8d6\" data-element_type=\"widget\" data-e-type=\"widget\" data-widget_type=\"heading.default\">\n\t\t\t\t<div class=\"elementor-widget-container\">\n\t\t\t\t\t<h3 class=\"elementor-heading-title elementor-size-default\">Za ve\u010d informacij sledite tem povezavam<\/h3>\t\t\t\t<\/div>\n\t\t\t\t<\/div>\n\t\t\t\t<div class=\"elementor-element elementor-element-506af5cf elementor-nav-menu--dropdown-none elementor-widget elementor-widget-nav-menu\" data-id=\"506af5cf\" data-element_type=\"widget\" data-e-type=\"widget\" data-settings=\"{&quot;layout&quot;:&quot;vertical&quot;,&quot;submenu_icon&quot;:{&quot;value&quot;:&quot;&lt;svg aria-hidden=\\&quot;true\\&quot; class=\\&quot;e-font-icon-svg e-fas-caret-down\\&quot; viewBox=\\&quot;0 0 320 512\\&quot; xmlns=\\&quot;http:\\\/\\\/www.w3.org\\\/2000\\\/svg\\&quot;&gt;&lt;path d=\\&quot;M31.3 192h257.3c17.8 0 26.7 21.5 14.1 34.1L174.1 354.8c-7.8 7.8-20.5 7.8-28.3 0L17.2 226.1C4.6 213.5 13.5 192 31.3 192z\\&quot;&gt;&lt;\\\/path&gt;&lt;\\\/svg&gt;&quot;,&quot;library&quot;:&quot;fa-solid&quot;}}\" data-widget_type=\"nav-menu.default\">\n\t\t\t\t<div class=\"elementor-widget-container\">\n\t\t\t\t\t\t\t\t<nav aria-label=\"Menu\" class=\"elementor-nav-menu--main elementor-nav-menu__container elementor-nav-menu--layout-vertical e--pointer-none\">\n\t\t\t\t<ul id=\"menu-1-506af5cf\" class=\"elementor-nav-menu sm-vertical\"><li class=\"menu-item menu-item-type-post_type menu-item-object-page menu-item-6985\"><a href=\"https:\/\/cancerfertilityandme.org.uk\/adult-women\/fertility-preservation-options\/\" class=\"elementor-item\">Mo\u017enosti ohranjanja plodnosti<\/a><\/li>\n<li class=\"menu-item menu-item-type-post_type menu-item-object-page menu-item-6994\"><a href=\"https:\/\/cancerfertilityandme.org.uk\/adult-women\/fertility-preservation-options\/summary-of-fertility-preservation-options\/\" class=\"elementor-item\">Povzetek mo\u017enosti ohranjanja plodnosti<\/a><\/li>\n<li class=\"menu-item menu-item-type-post_type menu-item-object-page menu-item-6990\"><a href=\"https:\/\/cancerfertilityandme.org.uk\/adult-women\/fertility-preservation-options\/no-fertility-preservation\/\" class=\"elementor-item\">Brez ohranjanja plodnosti<\/a><\/li>\n<li class=\"menu-item menu-item-type-post_type menu-item-object-page menu-item-6987\"><a href=\"https:\/\/cancerfertilityandme.org.uk\/adult-women\/fertility-preservation-options\/egg-freezing\/\" class=\"elementor-item\">Zamrzovanje jaj\u010dec<\/a><\/li>\n<li class=\"menu-item menu-item-type-post_type menu-item-object-page menu-item-6988\"><a href=\"https:\/\/cancerfertilityandme.org.uk\/adult-women\/fertility-preservation-options\/embryo-freezing\/\" class=\"elementor-item\">Zamrzovanje zarodkov<\/a><\/li>\n<li class=\"menu-item menu-item-type-post_type menu-item-object-page menu-item-6992\"><a href=\"https:\/\/cancerfertilityandme.org.uk\/adult-women\/fertility-preservation-options\/ovarian-tissue-freezing\/\" class=\"elementor-item\">Zamrzovanje tkiva jaj\u010dnikov<\/a><\/li>\n<li class=\"menu-item menu-item-type-post_type menu-item-object-page menu-item-6991\"><a href=\"https:\/\/cancerfertilityandme.org.uk\/adult-women\/fertility-preservation-options\/ovarian-suppression\/\" class=\"elementor-item\">Zatiranje jaj\u010dnikov<\/a><\/li>\n<li class=\"menu-item menu-item-type-post_type menu-item-object-page menu-item-6986\"><a href=\"https:\/\/cancerfertilityandme.org.uk\/adult-women\/fertility-preservation-options\/cancer-specific-fertility-sparing-options\/\" class=\"elementor-item\">Postopki za ohranitev plodnosti, zna\u010dilni za nekatere vrste raka<\/a><\/li>\n<li class=\"menu-item menu-item-type-post_type menu-item-object-page menu-item-11368\"><a href=\"https:\/\/cancerfertilityandme.org.uk\/adult-women\/fertility-preservation-options\/other-cancer-treatments\/\" class=\"elementor-item\">Druge metode zdravljenja raka<\/a><\/li>\n<li class=\"menu-item menu-item-type-post_type menu-item-object-page menu-item-6993\"><a href=\"https:\/\/cancerfertilityandme.org.uk\/adult-women\/fertility-preservation-options\/questions-to-ask-your-cancer-fertility-care-teams\/\" class=\"elementor-item\">Vpra\u0161anja, ki jih lahko zastavite svoji ekipi za zdravljenje raka in ekipi za zdravljenje neplodnosti<\/a><\/li>\n<\/ul>\t\t\t<\/nav>\n\t\t\t\t\t\t<nav class=\"elementor-nav-menu--dropdown elementor-nav-menu__container\" aria-hidden=\"true\">\n\t\t\t\t<ul id=\"menu-2-506af5cf\" class=\"elementor-nav-menu sm-vertical\"><li class=\"menu-item menu-item-type-post_type menu-item-object-page menu-item-6985\"><a href=\"https:\/\/cancerfertilityandme.org.uk\/adult-women\/fertility-preservation-options\/\" class=\"elementor-item\" tabindex=\"-1\">Mo\u017enosti ohranjanja plodnosti<\/a><\/li>\n<li class=\"menu-item menu-item-type-post_type menu-item-object-page menu-item-6994\"><a href=\"https:\/\/cancerfertilityandme.org.uk\/adult-women\/fertility-preservation-options\/summary-of-fertility-preservation-options\/\" class=\"elementor-item\" tabindex=\"-1\">Povzetek mo\u017enosti ohranjanja plodnosti<\/a><\/li>\n<li class=\"menu-item menu-item-type-post_type menu-item-object-page menu-item-6990\"><a href=\"https:\/\/cancerfertilityandme.org.uk\/adult-women\/fertility-preservation-options\/no-fertility-preservation\/\" class=\"elementor-item\" tabindex=\"-1\">Brez ohranjanja plodnosti<\/a><\/li>\n<li class=\"menu-item menu-item-type-post_type menu-item-object-page menu-item-6987\"><a href=\"https:\/\/cancerfertilityandme.org.uk\/adult-women\/fertility-preservation-options\/egg-freezing\/\" class=\"elementor-item\" tabindex=\"-1\">Zamrzovanje jaj\u010dec<\/a><\/li>\n<li class=\"menu-item menu-item-type-post_type menu-item-object-page menu-item-6988\"><a href=\"https:\/\/cancerfertilityandme.org.uk\/adult-women\/fertility-preservation-options\/embryo-freezing\/\" class=\"elementor-item\" tabindex=\"-1\">Zamrzovanje zarodkov<\/a><\/li>\n<li class=\"menu-item menu-item-type-post_type menu-item-object-page menu-item-6992\"><a href=\"https:\/\/cancerfertilityandme.org.uk\/adult-women\/fertility-preservation-options\/ovarian-tissue-freezing\/\" class=\"elementor-item\" tabindex=\"-1\">Zamrzovanje tkiva jaj\u010dnikov<\/a><\/li>\n<li class=\"menu-item menu-item-type-post_type menu-item-object-page menu-item-6991\"><a href=\"https:\/\/cancerfertilityandme.org.uk\/adult-women\/fertility-preservation-options\/ovarian-suppression\/\" class=\"elementor-item\" tabindex=\"-1\">Zatiranje jaj\u010dnikov<\/a><\/li>\n<li class=\"menu-item menu-item-type-post_type menu-item-object-page menu-item-6986\"><a href=\"https:\/\/cancerfertilityandme.org.uk\/adult-women\/fertility-preservation-options\/cancer-specific-fertility-sparing-options\/\" class=\"elementor-item\" tabindex=\"-1\">Postopki za ohranitev plodnosti, zna\u010dilni za nekatere vrste raka<\/a><\/li>\n<li class=\"menu-item menu-item-type-post_type menu-item-object-page menu-item-11368\"><a href=\"https:\/\/cancerfertilityandme.org.uk\/adult-women\/fertility-preservation-options\/other-cancer-treatments\/\" class=\"elementor-item\" tabindex=\"-1\">Druge metode zdravljenja raka<\/a><\/li>\n<li class=\"menu-item menu-item-type-post_type menu-item-object-page menu-item-6993\"><a href=\"https:\/\/cancerfertilityandme.org.uk\/adult-women\/fertility-preservation-options\/questions-to-ask-your-cancer-fertility-care-teams\/\" class=\"elementor-item\" tabindex=\"-1\">Vpra\u0161anja, ki jih lahko zastavite svoji ekipi za zdravljenje raka in ekipi za zdravljenje neplodnosti<\/a><\/li>\n<\/ul>\t\t\t<\/nav>\n\t\t\t\t\t\t<\/div>\n\t\t\t\t<\/div>\n\t\t\t\t<\/div>\n\t\t\t\t<\/div>\n\t\t\t\t\t<\/div>\n\t\t\t\t<\/main>\n\t\t\t\t<\/div>\n\t\t","protected":false},"excerpt":{"rendered":"<p>Postopki za ohranitev plodnosti, zna\u010dilni za nekatere vrste raka \u010ce so vam odkrili rak materni\u010dnega vratu ali se zdravite z radioterapijo v predelu medenice, so poleg mo\u017enosti ohranjanja plodnosti, opisanih na prej\u0161njih straneh, morda na voljo tudi posebni postopki za ohranjanja plodnosti. Ta zdravljenja vam zagotavlja va\u0161a ekipa za zdravljenje raka in prav tako lahko [&hellip;]<\/p>\n","protected":false},"author":1,"featured_media":0,"parent":6550,"menu_order":0,"comment_status":"closed","ping_status":"open","template":"","meta":{"footnotes":""},"class_list":["post-6572","page","type-page","status-publish","hentry"],"_links":{"self":[{"href":"https:\/\/cancerfertilityandme.org.uk\/sl\/wp-json\/wp\/v2\/pages\/6572","targetHints":{"allow":["GET"]}}],"collection":[{"href":"https:\/\/cancerfertilityandme.org.uk\/sl\/wp-json\/wp\/v2\/pages"}],"about":[{"href":"https:\/\/cancerfertilityandme.org.uk\/sl\/wp-json\/wp\/v2\/types\/page"}],"author":[{"embeddable":true,"href":"https:\/\/cancerfertilityandme.org.uk\/sl\/wp-json\/wp\/v2\/users\/1"}],"replies":[{"embeddable":true,"href":"https:\/\/cancerfertilityandme.org.uk\/sl\/wp-json\/wp\/v2\/comments?post=6572"}],"version-history":[{"count":3,"href":"https:\/\/cancerfertilityandme.org.uk\/sl\/wp-json\/wp\/v2\/pages\/6572\/revisions"}],"predecessor-version":[{"id":9476,"href":"https:\/\/cancerfertilityandme.org.uk\/sl\/wp-json\/wp\/v2\/pages\/6572\/revisions\/9476"}],"up":[{"embeddable":true,"href":"https:\/\/cancerfertilityandme.org.uk\/sl\/wp-json\/wp\/v2\/pages\/6550"}],"wp:attachment":[{"href":"https:\/\/cancerfertilityandme.org.uk\/sl\/wp-json\/wp\/v2\/media?parent=6572"}],"curies":[{"name":"wp","href":"https:\/\/api.w.org\/{rel}","templated":true}]}}