{"id":6568,"date":"2018-11-21T10:17:15","date_gmt":"2018-11-21T10:17:15","guid":{"rendered":"https:\/\/cancerfertilityandme.org.uk\/zamrzovanje-tkiva-jajcnikov\/"},"modified":"2025-11-17T10:59:58","modified_gmt":"2025-11-17T10:59:58","slug":"zamrzovanje-tkiva-jajcnikov","status":"publish","type":"page","link":"https:\/\/cancerfertilityandme.org.uk\/sl\/odrasle-zenske\/moznosti-ohranjanja-plodnosti-2\/zamrzovanje-tkiva-jajcnikov\/","title":{"rendered":"Zamrzovanje tkiva jaj\u010dnikov"},"content":{"rendered":"\t\t<div data-elementor-type=\"wp-page\" data-elementor-id=\"6568\" class=\"elementor elementor-6568 elementor-5597\" data-elementor-post-type=\"page\">\n\t\t\t\t<main class=\"elementor-element elementor-element-2bc4a5f6 e-flex e-con-boxed e-con e-parent\" data-id=\"2bc4a5f6\" data-element_type=\"container\" data-e-type=\"container\">\n\t\t\t\t\t<div class=\"e-con-inner\">\n\t\t<div class=\"elementor-element elementor-element-70269460 e-con-full e-flex e-con e-child\" data-id=\"70269460\" data-element_type=\"container\" data-e-type=\"container\">\n\t\t\t\t<div class=\"elementor-element elementor-element-6af669fd elementor-widget elementor-widget-n-accordion\" data-id=\"6af669fd\" data-element_type=\"widget\" data-e-type=\"widget\" data-settings=\"{&quot;default_state&quot;:&quot;all_collapsed&quot;,&quot;max_items_expended&quot;:&quot;one&quot;,&quot;n_accordion_animation_duration&quot;:{&quot;unit&quot;:&quot;ms&quot;,&quot;size&quot;:400,&quot;sizes&quot;:[]}}\" data-widget_type=\"nested-accordion.default\">\n\t\t\t\t<div class=\"elementor-widget-container\">\n\t\t\t\t\t\t\t<div class=\"e-n-accordion\" aria-label=\"Accordion. Open links with Enter or Space, close with Escape, and navigate with Arrow Keys\">\n\t\t\t\t\t\t<details id=\"e-n-accordion-item-1790\" class=\"e-n-accordion-item\" >\n\t\t\t\t<summary class=\"e-n-accordion-item-title\" data-accordion-index=\"1\" tabindex=\"0\" aria-expanded=\"false\" aria-controls=\"e-n-accordion-item-1790\" >\n\t\t\t\t\t<span class='e-n-accordion-item-title-header'><div class=\"e-n-accordion-item-title-text\"> Zamrzovanje - uvod <\/div><\/span>\n\t\t\t\t\t\t\t<span class='e-n-accordion-item-title-icon'>\n\t\t\t<span class='e-opened' ><svg aria-hidden=\"true\" class=\"e-font-icon-svg e-fas-minus\" viewBox=\"0 0 448 512\" xmlns=\"http:\/\/www.w3.org\/2000\/svg\"><path d=\"M416 208H32c-17.67 0-32 14.33-32 32v32c0 17.67 14.33 32 32 32h384c17.67 0 32-14.33 32-32v-32c0-17.67-14.33-32-32-32z\"><\/path><\/svg><\/span>\n\t\t\t<span class='e-closed'><svg aria-hidden=\"true\" class=\"e-font-icon-svg e-fas-plus\" viewBox=\"0 0 448 512\" xmlns=\"http:\/\/www.w3.org\/2000\/svg\"><path d=\"M416 208H272V64c0-17.67-14.33-32-32-32h-32c-17.67 0-32 14.33-32 32v144H32c-17.67 0-32 14.33-32 32v32c0 17.67 14.33 32 32 32h144v144c0 17.67 14.33 32 32 32h32c17.67 0 32-14.33 32-32V304h144c17.67 0 32-14.33 32-32v-32c0-17.67-14.33-32-32-32z\"><\/path><\/svg><\/span>\n\t\t<\/span>\n\n\t\t\t\t\t\t<\/summary>\n\t\t\t\t<div role=\"region\" aria-labelledby=\"e-n-accordion-item-1790\" class=\"elementor-element elementor-element-2d16a357 e-con-full e-flex e-con e-child\" data-id=\"2d16a357\" data-element_type=\"container\" data-e-type=\"container\" data-settings=\"{&quot;background_background&quot;:&quot;classic&quot;}\">\n\t\t\t\t<div class=\"elementor-element elementor-element-344071ab elementor-widget elementor-widget-text-editor\" data-id=\"344071ab\" data-element_type=\"widget\" data-e-type=\"widget\" data-widget_type=\"text-editor.default\">\n\t\t\t\t<div class=\"elementor-widget-container\">\n\t\t\t\t\t\t\t\t\t<h3>Zamrzovanje<\/h3><p><strong>Obstajajo tri mo\u017enosti zamrzovanja, ki lahko pomagajo ohraniti plodnost \u017eenske:<\/strong><\/p><ul><li>Zamrzovanje jaj\u010dec<\/li><li>Zamrzovanje zarodkov<\/li><li>Zamrzovanje tkiva jaj\u010dnikov<\/li><\/ul><p>Jaj\u010deca, zarodke in tkiva jaj\u010dnikov lahko zamrznemo in shranimo za ve\u010d let. Ob pravem \u010dasu, jih lahko odtalimo in uporabimo za zanositev po kon\u010danem zdravljenju raka. <\/p><p>Za shranjevanje jaj\u010dec, zarodkov in tkiva jaj\u010dnikov so na voljo razli\u010dne metode zamrzovanja. Krioprezervacija je metoda \u201cpo\u010dasnega zamrzovanja\u201d. Vitrifikacija je novej\u0161a metoda \u201chitrega ali bliskovitega zamrzovanja\u201d. Pokazalo se je, da ta metoda pove\u010da mo\u017enost, da jaj\u010deca in zarodki pre\u017eivijo postopek odmrzovanja, in pove\u010da uspe\u0161nost zanositve.   <\/p><p>\u017denske ki imajo mo\u0161kega partnerja, lahko zamrznejo tako jaj\u010deca kot zarodke. Po zdravljenju raka bodo morda imele v prihodnosti na voljo ve\u010d mo\u017enosti za plodnost. <\/p><p>Zamrzovanje tkiva jaj\u010dnikov je nova metoda ohranjanja plodnosti. To je lahko \u0161e dodatna mo\u017enost za \u017eenske, ki nimajo mo\u0161kega partnerja. <\/p>\t\t\t\t\t\t\t\t<\/div>\n\t\t\t\t<\/div>\n\t\t\t\t<\/div>\n\t\t\t\t\t<\/details>\n\t\t\t\t\t<\/div>\n\t\t\t\t\t\t<\/div>\n\t\t\t\t<\/div>\n\t\t\t\t<div class=\"elementor-element elementor-element-1bc37fc6 elementor-widget elementor-widget-text-editor\" data-id=\"1bc37fc6\" data-element_type=\"widget\" data-e-type=\"widget\" data-widget_type=\"text-editor.default\">\n\t\t\t\t<div class=\"elementor-widget-container\">\n\t\t\t\t\t\t\t\t\t<h2>Zamrzovanje tkiva jaj\u010dnikov<\/h2><p><strong>Tkivo jaj\u010dnika, ki vsebuje veliko \u0161tevilo nezrelih jaj\u010dec, se odstrani in zamrzne. Po zdravljenju raka se lahko tkivo vrne v telo, da se jaj\u010deca lahko razvijejo. Gre za novej\u0161o metodo ohranjanja plodnosti, ki \u0161e ni na voljo na vseh klinikah za zdravljenje neplodnosti. Uporablja se lahko neposredno pred kemoterapijo in med njo.   <\/strong><\/p><h3>Komu je namenjeno?<\/h3><p>\u017denskam, ki \u017eelijo ohraniti svojo plodnost in:<\/p><ul><li>nimajo \u010dasa za zamrznitev zarodkov ali jaj\u010dec.<\/li><li>ki ne morejo uporabljati zdravil za zdravljenje neplodnosti.<\/li><\/ul><p>Po zamenjavi tkiva jaj\u010dnikov se lahko ponovno vzpostavi va\u0161a normalna proizvodnja hormonov in cikli, kar lahko omogo\u010di mo\u017enost zanositve po naravni poti. Primeren je tudi za dekleta, ki \u0161e niso dosegla pubertete. <\/p><p>Pri \u017eenskah s krvnim rakom, kot je levkemija, je potreben skrben premislek. Obstaja namre\u010d mo\u017enost, da se rakave celice z zamrznjenim tkivom jaj\u010dnika vrnejo v telo. <\/p><h3>Kaj vklju\u010duje?<\/h3><p>V splo\u0161ni anesteziji boste morali opraviti operacijo klju\u010dne luknje. En jaj\u010dnik ali del jaj\u010dnika se odstrani, da se lahko zamrzne zunanja plast (skorja), ki vsebuje nezrela jaj\u010deca. \u017denske lahko gredo domov \u0161e isti dan po posegu.  <\/p><p>Ker zamrznitev tkiva jaj\u010dnikov vklju\u010duje le \u017eensko, za uporabo shranjenega tkiva v prihodnosti ni potrebno soglasje va\u0161ega partnerja ali star\u0161ev. Ni zgornje meje, koliko \u010dasa je mo\u017eno shranjevati zamrznjeno tkivo jaj\u010dnikov. <\/p><h3>Kak\u0161na je mo\u017enost, da boste imeli otroka po zamrznitvi tkiva jaj\u010dnikov?<\/h3><p>Te\u017eko je dolo\u010diti, kolik\u0161na je verjetnost, da se bo po zamrznitvi tkiva jaj\u010dnikov rodil \u017eiv otrok. Ker gre za novej\u0161e zdravljenje, je \u0161tevilo bolnic z rakom, ki so zamrznjeno tkivo uporabile za rojstvo otroka, majhno. Ti podatki ka\u017eejo, da je verjetnost, da bo zamrznitev tkiva jaj\u010dnikov pomagala \u017eenski imeti otroka, pribli\u017eno 30 %. Ve\u010d informacij o povpre\u010dnih nacionalnih stopnjah uspe\u0161nosti in \u0161tevilu uspe\u0161nih \u017eivorojenih otrok za vsako kliniko za zdravljenje neplodnosti z licenco najdete na spletni strani agencije HFEA www.hfea.gov.uk.   Ve\u010d informacij o povpre\u010dnih nacionalnih stopnjah uspe\u0161nosti in \u0161tevilu uspe\u0161no \u017eivorojenih otrok za vsako kliniko za zdravljenje neplodnosti z licenco najdete na spletni strani agencije HFEA <a href=\"http:\/\/www.hfea.gov.uk\" target=\"_blank\" rel=\"noopener\">www.hfea.gov.uk.<\/a><\/p><h3>Ali bo ta mo\u017enost vplivala na zdravje otroka?<\/h3><p>Ne, podatki ka\u017eejo, da to ne bo vplivalo na zdravje otroka, rojenega z uporabo zamrznjenega tkiva jaj\u010dnikov.<\/p><h3>Ali obstajajo kak\u0161ni ne\u017eeleni u\u010dinki zdravljenja, ki se uporablja pri zamrzovanju tkiva jaj\u010dnikov?<\/h3><p>Med operacijo za odstranitev tkiva jaj\u010dnika lahko pride do krvavitve in oku\u017ebe ter po\u0161kodbe mehurja in \u010drevesja.<\/p><h3>Ali bo potrebno odlo\u017eiti za\u010detek mojega zdravljenja raka?<\/h3><p>Postopek se ve\u010dinoma izvede v enem dnevu (brez no\u010ditve v bolni\u0161nici) in ne povzro\u010di nobene odlo\u017eitve pri zdravljenju raka.<\/p><h3>Ali bo ta izbira vplivala na mo\u017enost ponovitve raka ?<\/h3><p>Pri nekaterih vrstah raka, kot je levkemija, lahko pride do oku\u017ebe tkiva jaj\u010dnikov z rakavimi celicami. Ni primerov, da bi se zaradi uporabe tkiva jaj\u010dnikov, ki je bilo vstavljeno nazaj v telo, rak vrnil. <\/p>\t\t\t\t\t\t\t\t<\/div>\n\t\t\t\t<\/div>\n\t\t<div class=\"elementor-element elementor-element-1c6a33d8 e-con-full e-flex e-con e-child\" data-id=\"1c6a33d8\" data-element_type=\"container\" data-e-type=\"container\" data-settings=\"{&quot;background_background&quot;:&quot;classic&quot;}\">\n\t\t\t\t<div class=\"elementor-element elementor-element-6e5269c7 elementor-widget elementor-widget-text-editor\" data-id=\"6e5269c7\" data-element_type=\"widget\" data-e-type=\"widget\" data-widget_type=\"text-editor.default\">\n\t\t\t\t<div class=\"elementor-widget-container\">\n\t\t\t\t\t\t\t\t\t<p><strong>Morda bo koristno, \u010de si zapi\u0161ete, kaj vam je pri tej mo\u017enosti v\u0161e\u010d in kaj vas pri njej skrbi.<\/strong><\/p><p>Ti zapiski vam lahko pomagajo, da se z ekipo za zdravljenje raka, ekipo za plodnost, partnerjem, dru\u017eino in prijatelji pogovorite o tem, ali je ta mo\u017enost za vas najbolj\u0161a ali ne.<\/p>\t\t\t\t\t\t\t\t<\/div>\n\t\t\t\t<\/div>\n\t\t\t\t<\/div>\n\t\t\t\t<\/div>\n\t\t<div class=\"elementor-element elementor-element-239af225 e-con-full e-flex e-con e-child\" data-id=\"239af225\" data-element_type=\"container\" data-e-type=\"container\">\n\t\t<div class=\"elementor-element elementor-element-323b58e4 e-con-full e-flex e-con e-child\" data-id=\"323b58e4\" data-element_type=\"container\" data-e-type=\"container\">\n\t\t\t\t<div class=\"elementor-element elementor-element-360f2909 elementor-widget elementor-widget-image\" data-id=\"360f2909\" data-element_type=\"widget\" data-e-type=\"widget\" data-widget_type=\"image.default\">\n\t\t\t\t<div class=\"elementor-widget-container\">\n\t\t\t\t\t\t\t\t\t\t\t\t\t\t\t\t<a href=\"http:\/\/.\/\">\n\t\t\t\t\t\t\t<img fetchpriority=\"high\" decoding=\"async\" width=\"400\" height=\"440\" src=\"https:\/\/cancerfertilityandme.org.uk\/wp-content\/uploads\/cancerfertilityandme-logo-column-adult-women.png\" class=\"attachment-full size-full wp-image-2285\" alt=\"\" srcset=\"https:\/\/cancerfertilityandme.org.uk\/wp-content\/uploads\/cancerfertilityandme-logo-column-adult-women.png 400w, https:\/\/cancerfertilityandme.org.uk\/wp-content\/uploads\/cancerfertilityandme-logo-column-adult-women-273x300.png 273w\" sizes=\"(max-width: 400px) 100vw, 400px\" \/>\t\t\t\t\t\t\t\t<\/a>\n\t\t\t\t\t\t\t\t\t\t\t\t\t\t\t<\/div>\n\t\t\t\t<\/div>\n\t\t\t\t<\/div>\n\t\t<div class=\"elementor-element elementor-element-6fa8bec9 e-con-full e-flex e-con e-child\" data-id=\"6fa8bec9\" data-element_type=\"container\" data-e-type=\"container\">\n\t\t\t\t<div class=\"elementor-element elementor-element-7bf99ddd elementor-widget elementor-widget-heading\" data-id=\"7bf99ddd\" data-element_type=\"widget\" data-e-type=\"widget\" data-widget_type=\"heading.default\">\n\t\t\t\t<div class=\"elementor-widget-container\">\n\t\t\t\t\t<h3 class=\"elementor-heading-title elementor-size-default\">Za ve\u010d informacij sledite tem povezavam<\/h3>\t\t\t\t<\/div>\n\t\t\t\t<\/div>\n\t\t\t\t<div class=\"elementor-element elementor-element-1c7090a2 elementor-nav-menu--dropdown-none elementor-widget elementor-widget-nav-menu\" data-id=\"1c7090a2\" data-element_type=\"widget\" data-e-type=\"widget\" data-settings=\"{&quot;layout&quot;:&quot;vertical&quot;,&quot;submenu_icon&quot;:{&quot;value&quot;:&quot;&lt;svg aria-hidden=\\&quot;true\\&quot; class=\\&quot;e-font-icon-svg e-fas-caret-down\\&quot; viewBox=\\&quot;0 0 320 512\\&quot; xmlns=\\&quot;http:\\\/\\\/www.w3.org\\\/2000\\\/svg\\&quot;&gt;&lt;path d=\\&quot;M31.3 192h257.3c17.8 0 26.7 21.5 14.1 34.1L174.1 354.8c-7.8 7.8-20.5 7.8-28.3 0L17.2 226.1C4.6 213.5 13.5 192 31.3 192z\\&quot;&gt;&lt;\\\/path&gt;&lt;\\\/svg&gt;&quot;,&quot;library&quot;:&quot;fa-solid&quot;}}\" data-widget_type=\"nav-menu.default\">\n\t\t\t\t<div class=\"elementor-widget-container\">\n\t\t\t\t\t\t\t\t<nav aria-label=\"Menu\" class=\"elementor-nav-menu--main elementor-nav-menu__container elementor-nav-menu--layout-vertical e--pointer-none\">\n\t\t\t\t<ul id=\"menu-1-1c7090a2\" class=\"elementor-nav-menu sm-vertical\"><li class=\"menu-item menu-item-type-post_type menu-item-object-page menu-item-6985\"><a href=\"https:\/\/cancerfertilityandme.org.uk\/adult-women\/fertility-preservation-options\/\" class=\"elementor-item\">Mo\u017enosti ohranjanja plodnosti<\/a><\/li>\n<li class=\"menu-item menu-item-type-post_type menu-item-object-page menu-item-6994\"><a href=\"https:\/\/cancerfertilityandme.org.uk\/adult-women\/fertility-preservation-options\/summary-of-fertility-preservation-options\/\" class=\"elementor-item\">Povzetek mo\u017enosti ohranjanja plodnosti<\/a><\/li>\n<li class=\"menu-item menu-item-type-post_type menu-item-object-page menu-item-6990\"><a href=\"https:\/\/cancerfertilityandme.org.uk\/adult-women\/fertility-preservation-options\/no-fertility-preservation\/\" class=\"elementor-item\">Brez ohranjanja plodnosti<\/a><\/li>\n<li class=\"menu-item menu-item-type-post_type menu-item-object-page menu-item-6987\"><a href=\"https:\/\/cancerfertilityandme.org.uk\/adult-women\/fertility-preservation-options\/egg-freezing\/\" class=\"elementor-item\">Zamrzovanje jaj\u010dec<\/a><\/li>\n<li class=\"menu-item menu-item-type-post_type menu-item-object-page menu-item-6988\"><a href=\"https:\/\/cancerfertilityandme.org.uk\/adult-women\/fertility-preservation-options\/embryo-freezing\/\" class=\"elementor-item\">Zamrzovanje zarodkov<\/a><\/li>\n<li class=\"menu-item menu-item-type-post_type menu-item-object-page menu-item-6992\"><a href=\"https:\/\/cancerfertilityandme.org.uk\/adult-women\/fertility-preservation-options\/ovarian-tissue-freezing\/\" class=\"elementor-item\">Zamrzovanje tkiva jaj\u010dnikov<\/a><\/li>\n<li class=\"menu-item menu-item-type-post_type menu-item-object-page menu-item-6991\"><a href=\"https:\/\/cancerfertilityandme.org.uk\/adult-women\/fertility-preservation-options\/ovarian-suppression\/\" class=\"elementor-item\">Zatiranje jaj\u010dnikov<\/a><\/li>\n<li class=\"menu-item menu-item-type-post_type menu-item-object-page menu-item-6986\"><a href=\"https:\/\/cancerfertilityandme.org.uk\/adult-women\/fertility-preservation-options\/cancer-specific-fertility-sparing-options\/\" class=\"elementor-item\">Postopki za ohranitev plodnosti, zna\u010dilni za nekatere vrste raka<\/a><\/li>\n<li class=\"menu-item menu-item-type-post_type menu-item-object-page menu-item-11368\"><a href=\"https:\/\/cancerfertilityandme.org.uk\/adult-women\/fertility-preservation-options\/other-cancer-treatments\/\" class=\"elementor-item\">Druge metode zdravljenja raka<\/a><\/li>\n<li class=\"menu-item menu-item-type-post_type menu-item-object-page menu-item-6993\"><a href=\"https:\/\/cancerfertilityandme.org.uk\/adult-women\/fertility-preservation-options\/questions-to-ask-your-cancer-fertility-care-teams\/\" class=\"elementor-item\">Vpra\u0161anja, ki jih lahko zastavite svoji ekipi za zdravljenje raka in ekipi za zdravljenje neplodnosti<\/a><\/li>\n<\/ul>\t\t\t<\/nav>\n\t\t\t\t\t\t<nav class=\"elementor-nav-menu--dropdown elementor-nav-menu__container\" aria-hidden=\"true\">\n\t\t\t\t<ul id=\"menu-2-1c7090a2\" class=\"elementor-nav-menu sm-vertical\"><li class=\"menu-item menu-item-type-post_type menu-item-object-page menu-item-6985\"><a href=\"https:\/\/cancerfertilityandme.org.uk\/adult-women\/fertility-preservation-options\/\" class=\"elementor-item\" tabindex=\"-1\">Mo\u017enosti ohranjanja plodnosti<\/a><\/li>\n<li class=\"menu-item menu-item-type-post_type menu-item-object-page menu-item-6994\"><a href=\"https:\/\/cancerfertilityandme.org.uk\/adult-women\/fertility-preservation-options\/summary-of-fertility-preservation-options\/\" class=\"elementor-item\" tabindex=\"-1\">Povzetek mo\u017enosti ohranjanja plodnosti<\/a><\/li>\n<li class=\"menu-item menu-item-type-post_type menu-item-object-page menu-item-6990\"><a href=\"https:\/\/cancerfertilityandme.org.uk\/adult-women\/fertility-preservation-options\/no-fertility-preservation\/\" class=\"elementor-item\" tabindex=\"-1\">Brez ohranjanja plodnosti<\/a><\/li>\n<li class=\"menu-item menu-item-type-post_type menu-item-object-page menu-item-6987\"><a href=\"https:\/\/cancerfertilityandme.org.uk\/adult-women\/fertility-preservation-options\/egg-freezing\/\" class=\"elementor-item\" tabindex=\"-1\">Zamrzovanje jaj\u010dec<\/a><\/li>\n<li class=\"menu-item menu-item-type-post_type menu-item-object-page menu-item-6988\"><a href=\"https:\/\/cancerfertilityandme.org.uk\/adult-women\/fertility-preservation-options\/embryo-freezing\/\" class=\"elementor-item\" tabindex=\"-1\">Zamrzovanje zarodkov<\/a><\/li>\n<li class=\"menu-item menu-item-type-post_type menu-item-object-page menu-item-6992\"><a href=\"https:\/\/cancerfertilityandme.org.uk\/adult-women\/fertility-preservation-options\/ovarian-tissue-freezing\/\" class=\"elementor-item\" tabindex=\"-1\">Zamrzovanje tkiva jaj\u010dnikov<\/a><\/li>\n<li class=\"menu-item menu-item-type-post_type menu-item-object-page menu-item-6991\"><a href=\"https:\/\/cancerfertilityandme.org.uk\/adult-women\/fertility-preservation-options\/ovarian-suppression\/\" class=\"elementor-item\" tabindex=\"-1\">Zatiranje jaj\u010dnikov<\/a><\/li>\n<li class=\"menu-item menu-item-type-post_type menu-item-object-page menu-item-6986\"><a href=\"https:\/\/cancerfertilityandme.org.uk\/adult-women\/fertility-preservation-options\/cancer-specific-fertility-sparing-options\/\" class=\"elementor-item\" tabindex=\"-1\">Postopki za ohranitev plodnosti, zna\u010dilni za nekatere vrste raka<\/a><\/li>\n<li class=\"menu-item menu-item-type-post_type menu-item-object-page menu-item-11368\"><a href=\"https:\/\/cancerfertilityandme.org.uk\/adult-women\/fertility-preservation-options\/other-cancer-treatments\/\" class=\"elementor-item\" tabindex=\"-1\">Druge metode zdravljenja raka<\/a><\/li>\n<li class=\"menu-item menu-item-type-post_type menu-item-object-page menu-item-6993\"><a href=\"https:\/\/cancerfertilityandme.org.uk\/adult-women\/fertility-preservation-options\/questions-to-ask-your-cancer-fertility-care-teams\/\" class=\"elementor-item\" tabindex=\"-1\">Vpra\u0161anja, ki jih lahko zastavite svoji ekipi za zdravljenje raka in ekipi za zdravljenje neplodnosti<\/a><\/li>\n<\/ul>\t\t\t<\/nav>\n\t\t\t\t\t\t<\/div>\n\t\t\t\t<\/div>\n\t\t\t\t<\/div>\n\t\t\t\t<\/div>\n\t\t\t\t\t<\/div>\n\t\t\t\t<\/main>\n\t\t\t\t<\/div>\n\t\t","protected":false},"excerpt":{"rendered":"<p>Zamrzovanje &#8211; uvod Zamrzovanje Obstajajo tri mo\u017enosti zamrzovanja, ki lahko pomagajo ohraniti plodnost \u017eenske: Zamrzovanje jaj\u010dec Zamrzovanje zarodkov Zamrzovanje tkiva jaj\u010dnikov Jaj\u010deca, zarodke in tkiva jaj\u010dnikov lahko zamrznemo in shranimo za ve\u010d let. Ob pravem \u010dasu, jih lahko odtalimo in uporabimo za zanositev po kon\u010danem zdravljenju raka. Za shranjevanje jaj\u010dec, zarodkov in tkiva jaj\u010dnikov so [&hellip;]<\/p>\n","protected":false},"author":1,"featured_media":0,"parent":6550,"menu_order":0,"comment_status":"closed","ping_status":"open","template":"","meta":{"footnotes":""},"class_list":["post-6568","page","type-page","status-publish","hentry"],"_links":{"self":[{"href":"https:\/\/cancerfertilityandme.org.uk\/sl\/wp-json\/wp\/v2\/pages\/6568","targetHints":{"allow":["GET"]}}],"collection":[{"href":"https:\/\/cancerfertilityandme.org.uk\/sl\/wp-json\/wp\/v2\/pages"}],"about":[{"href":"https:\/\/cancerfertilityandme.org.uk\/sl\/wp-json\/wp\/v2\/types\/page"}],"author":[{"embeddable":true,"href":"https:\/\/cancerfertilityandme.org.uk\/sl\/wp-json\/wp\/v2\/users\/1"}],"replies":[{"embeddable":true,"href":"https:\/\/cancerfertilityandme.org.uk\/sl\/wp-json\/wp\/v2\/comments?post=6568"}],"version-history":[{"count":3,"href":"https:\/\/cancerfertilityandme.org.uk\/sl\/wp-json\/wp\/v2\/pages\/6568\/revisions"}],"predecessor-version":[{"id":9522,"href":"https:\/\/cancerfertilityandme.org.uk\/sl\/wp-json\/wp\/v2\/pages\/6568\/revisions\/9522"}],"up":[{"embeddable":true,"href":"https:\/\/cancerfertilityandme.org.uk\/sl\/wp-json\/wp\/v2\/pages\/6550"}],"wp:attachment":[{"href":"https:\/\/cancerfertilityandme.org.uk\/sl\/wp-json\/wp\/v2\/media?parent=6568"}],"curies":[{"name":"wp","href":"https:\/\/api.w.org\/{rel}","templated":true}]}}