{"id":6566,"date":"2018-11-21T09:23:31","date_gmt":"2018-11-21T09:23:31","guid":{"rendered":"https:\/\/cancerfertilityandme.org.uk\/zamrzovanje-zarodkov\/"},"modified":"2025-11-17T10:58:28","modified_gmt":"2025-11-17T10:58:28","slug":"zamrzovanje-zarodkov","status":"publish","type":"page","link":"https:\/\/cancerfertilityandme.org.uk\/sl\/odrasle-zenske\/moznosti-ohranjanja-plodnosti-2\/zamrzovanje-zarodkov\/","title":{"rendered":"Zamrzovanje zarodkov"},"content":{"rendered":"\t\t<div data-elementor-type=\"wp-page\" data-elementor-id=\"6566\" class=\"elementor elementor-6566 elementor-5595\" data-elementor-post-type=\"page\">\n\t\t\t\t<main class=\"elementor-element elementor-element-7efa637e e-flex e-con-boxed e-con e-parent\" data-id=\"7efa637e\" data-element_type=\"container\" data-e-type=\"container\">\n\t\t\t\t\t<div class=\"e-con-inner\">\n\t\t<div class=\"elementor-element elementor-element-378bc36a e-con-full e-flex e-con e-child\" data-id=\"378bc36a\" data-element_type=\"container\" data-e-type=\"container\">\n\t\t\t\t<div class=\"elementor-element elementor-element-795788c4 elementor-widget elementor-widget-n-accordion\" data-id=\"795788c4\" data-element_type=\"widget\" data-e-type=\"widget\" data-settings=\"{&quot;default_state&quot;:&quot;all_collapsed&quot;,&quot;max_items_expended&quot;:&quot;one&quot;,&quot;n_accordion_animation_duration&quot;:{&quot;unit&quot;:&quot;ms&quot;,&quot;size&quot;:400,&quot;sizes&quot;:[]}}\" data-widget_type=\"nested-accordion.default\">\n\t\t\t\t<div class=\"elementor-widget-container\">\n\t\t\t\t\t\t\t<div class=\"e-n-accordion\" aria-label=\"Accordion. Open links with Enter or Space, close with Escape, and navigate with Arrow Keys\">\n\t\t\t\t\t\t<details id=\"e-n-accordion-item-2030\" class=\"e-n-accordion-item\" >\n\t\t\t\t<summary class=\"e-n-accordion-item-title\" data-accordion-index=\"1\" tabindex=\"0\" aria-expanded=\"false\" aria-controls=\"e-n-accordion-item-2030\" >\n\t\t\t\t\t<span class='e-n-accordion-item-title-header'><div class=\"e-n-accordion-item-title-text\"> Zamrzovanje - uvod <\/div><\/span>\n\t\t\t\t\t\t\t<span class='e-n-accordion-item-title-icon'>\n\t\t\t<span class='e-opened' ><svg aria-hidden=\"true\" class=\"e-font-icon-svg e-fas-minus\" viewBox=\"0 0 448 512\" xmlns=\"http:\/\/www.w3.org\/2000\/svg\"><path d=\"M416 208H32c-17.67 0-32 14.33-32 32v32c0 17.67 14.33 32 32 32h384c17.67 0 32-14.33 32-32v-32c0-17.67-14.33-32-32-32z\"><\/path><\/svg><\/span>\n\t\t\t<span class='e-closed'><svg aria-hidden=\"true\" class=\"e-font-icon-svg e-fas-plus\" viewBox=\"0 0 448 512\" xmlns=\"http:\/\/www.w3.org\/2000\/svg\"><path d=\"M416 208H272V64c0-17.67-14.33-32-32-32h-32c-17.67 0-32 14.33-32 32v144H32c-17.67 0-32 14.33-32 32v32c0 17.67 14.33 32 32 32h144v144c0 17.67 14.33 32 32 32h32c17.67 0 32-14.33 32-32V304h144c17.67 0 32-14.33 32-32v-32c0-17.67-14.33-32-32-32z\"><\/path><\/svg><\/span>\n\t\t<\/span>\n\n\t\t\t\t\t\t<\/summary>\n\t\t\t\t<div role=\"region\" aria-labelledby=\"e-n-accordion-item-2030\" class=\"elementor-element elementor-element-5516ae83 e-con-full e-flex e-con e-child\" data-id=\"5516ae83\" data-element_type=\"container\" data-e-type=\"container\" data-settings=\"{&quot;background_background&quot;:&quot;classic&quot;}\">\n\t\t\t\t<div class=\"elementor-element elementor-element-527e22d4 elementor-widget elementor-widget-text-editor\" data-id=\"527e22d4\" data-element_type=\"widget\" data-e-type=\"widget\" data-widget_type=\"text-editor.default\">\n\t\t\t\t<div class=\"elementor-widget-container\">\n\t\t\t\t\t\t\t\t\t<h3>Zamrzovanje<\/h3><p><strong>Obstajajo tri mo\u017enosti zamrzovanja, ki lahko pomagajo ohraniti plodnost \u017eenske:<\/strong><\/p><ul><li>Zamrzovanje jaj\u010dec<\/li><li>Zamrzovanje zarodkov<\/li><li>Zamrzovanje tkiva jaj\u010dnikov<\/li><\/ul><p>Jaj\u010deca, zarodke in tkiva jaj\u010dnikov lahko zamrznemo in shranimo za ve\u010d let. Ob pravem \u010dasu, jih lahko odtalimo in uporabimo za zanositev po kon\u010danem zdravljenju raka. <\/p><p>Za shranjevanje jaj\u010dec, zarodkov in tkiva jaj\u010dnikov so na voljo razli\u010dne metode zamrzovanja. Krioprezervacija je metoda \u201cpo\u010dasnega zamrzovanja\u201d. Vitrifikacija je novej\u0161a metoda \u201chitrega ali bliskovitega zamrzovanja\u201d. Pokazalo se je, da ta metoda pove\u010da mo\u017enost, da jaj\u010deca in zarodki pre\u017eivijo postopek odmrzovanja, in pove\u010da uspe\u0161nost zanositve.   <\/p><p>\u017denske ki imajo mo\u0161kega partnerja, lahko zamrznejo tako jaj\u010deca kot zarodke. Po zdravljenju raka bodo morda imele v prihodnosti na voljo ve\u010d mo\u017enosti za plodnost. <\/p><p>Zamrzovanje tkiva jaj\u010dnikov je nova metoda ohranjanja plodnosti. To je lahko \u0161e dodatna mo\u017enost za \u017eenske, ki nimajo mo\u0161kega partnerja. <\/p>\t\t\t\t\t\t\t\t<\/div>\n\t\t\t\t<\/div>\n\t\t\t\t<\/div>\n\t\t\t\t\t<\/details>\n\t\t\t\t\t<\/div>\n\t\t\t\t\t\t<\/div>\n\t\t\t\t<\/div>\n\t\t\t\t<div class=\"elementor-element elementor-element-7fab3355 elementor-widget elementor-widget-text-editor\" data-id=\"7fab3355\" data-element_type=\"widget\" data-e-type=\"widget\" data-widget_type=\"text-editor.default\">\n\t\t\t\t<div class=\"elementor-widget-container\">\n\t\t\t\t\t\t\t\t\t<h2>Zamrznitev zarodka<\/h2><p><strong>Ta mo\u017enost pomeni, da se zrela jaj\u010deca odvzamejo iz \u017eenskega jaj\u010dnika in oplodijo s spermiji z oploditvijo v epruveti (IVF). To se opravi v laboratoriju. Oplojena jaj\u010deca (zarodki) se nato zamrznejo in shranijo za prihodnjo uporabo. Ko je \u017eenska pripravljena zanositi, se shranjeni zarodki vrnejo v maternico.   <\/strong><\/p><h3>Komu je namenjeno?<\/h3><p>\u017denskam, ki so zaklju\u010dile puberteto, in:<\/p><ul><li>Ki imajo \u010das, da se pred za\u010detkom zdravljenja raka udele\u017eijo cikla zdravljenja neplodnosti.<\/li><li>Ki imajo mo\u0161kega partnerja, saj sta za oploditev jaj\u010deca potrebna tako jaj\u010deca kot spermiji<\/li><\/ul><h3>Kaj vklju\u010duje?<\/h3><p>Predvidoma 2 tedna boste morale prejemati hormonske injekcije za stimulacijo jaj\u010dnikov (stimulacija jaj\u010dnikov). Jaj\u010deca se nato odvzamejo s tanko iglo, ki se skozi steno no\u017enice prenese do jaj\u010dnikov. To se opravi pod vplivom pomirjeval. Po nekaj urah boste lahko od\u0161li domov.   <\/p><p>\u010ce ste v razmerju in ustvarjate ter shranjujete zarodke s svojim partnerjem, boste pred uporabo zarodkov potrebovali soglasje va\u0161ega partnerja. To je pomembno, ker \u010de se pozneje razideta, morda ne bo \u017eelel, da uporabite shranjene zarodke. <\/p><p> \u010ce nimate partnerja mo\u0161kega spola, lahko uporabite spermo darovalca. \u010ce se odlo\u010dite za to mo\u017enost, morate vedeti, da si lahko darovalec premisli in ne dovoli uporabe zarodkov, ustvarjenih z njegovo spermo. <\/p><p>Zamrznjeni zarodki se lahko hranijo 10 let. V nekaterih primerih se lahko ta rok podalj\u0161a za desetletna obdobja (skupaj do 55 let). <\/p><h3>Kak\u0161na je mo\u017enost, da boste imeli otroka po zamrznitvi zarodkov?<\/h3><p>Te\u017eko je dolo\u010diti, kolik\u0161na je verjetnost, da bo zamrznitev zarodka privedla do rojstva \u017eivega otroka. \u0160tevilo bolnic z rakom, ki so uporabile zamrznjene zarodke, je majhno. Ve\u010dina podatkov prihaja od \u017eensk brez raka, ki so za rojstvo otroka uporabile zamrznjene zarodke.  <\/p><p>Ti podatki ka\u017eejo, da je mo\u017enost, da bo zamrznitev zarodka pomagala \u017eenski imeti otroka po zaklju\u010denem zdravljenju raka, pribli\u017eno 30 %.<\/p><p>Mo\u017enost, da boste imeli otroka po zamrznitvi zarodkov, je odvisna od \u0161tevilnih dejavnikov. Ti so: <\/p><ul><li>va\u0161a starost ob odvzemu jaj\u010dec. \u017denske ki so mlaj\u0161e od 35 let, imajo ve\u010djo mo\u017enost. Ta je pribli\u017eno 40 %. Mo\u017enosti \u017eensk, starej\u0161ih od 35 let so slab\u0161e Ta je pribli\u017eno 20 %.    <\/li><li>\u0160tevilo zbranih jaj\u010dec.<\/li><li>\u0160tevilo in kakovost zamrznjenih zarodkov.<\/li><li>Zdravje spermijev va\u0161ega partnerja.<\/li><li>Klinika za zdravljenje neplodnosti, na kateri je bilo opravljeno zamrzovanje zarodkov.<\/li><\/ul><p>Ve\u010d informacij o povpre\u010dnih nacionalnih stopnjah uspe\u0161nosti in \u0161tevilu uspe\u0161no \u017eivorojenih otrok za vsako kliniko za zdravljenje neplodnosti z licenco najdete na spletni strani agencije HFEA <a href=\"http:\/\/www.hfea.gov.uk\" target=\"_blank\" rel=\"noopener\">www.hfea.gov.uk.<\/a><\/p><h3>Ali bo ta mo\u017enost vplivala na zdravje otroka?<\/h3><p>Ne, podatki ka\u017eejo, da to ne vpliva na zdravje otroka, rojenega z uporabo zamrznjenih zarodkov.<\/p><h3>Ali obstajajo kak\u0161ni stranski u\u010dinki zdravljenja neplodnosti, ki se uporablja pri zamrzovanju zarodkov?<\/h3><p>Zdravila za spodbujanje plodnosti, ki se uporabljajo za spodbujanje proizvodnje jaj\u010dec, lahko povzro\u010dijo neza\u017eelene u\u010dinke, kot so glavoboli, spremembe razpolo\u017eenja, vro\u010dinski oblivi in dra\u017eenje ko\u017ee. Zdravila za plodnost lahko povzro\u010dijo tudi prevelik odziv jaj\u010dnikov, kar lahko privede do stanja imenovanega OHSS. Ko za\u010dnete z zdravljenjem, je priporo\u010dljivo, da svojo ekipo za zdravljenje neplodnosti povpra\u0161ate o simptomih tega stanja in o tem, kako se lahko po potrebi obrnete na njih.  <\/p><p>Ko so jaj\u010dniki stimulirani, da proizvajajo veliko jaj\u010dec, se raven hormona estrogena pove\u010da. To je lahko zaskrbljujo\u010de pri \u017eenskah z rakom dojk, ob\u010dutljivim na estrogen. Te \u017eenske lahko dobijo zdravilo, imenovano letrozol (Femara). To zmanj\u0161a raven estrogena v krvnem obtoku.   <\/p><p>Pri poskusu pridobivanja jaj\u010dnih celic obstaja mo\u017enost krvavitve, oku\u017ebe in reza v \u010drevesje, vendar je to redko.<\/p><p>Pri \u017eenskah z rakom na medenici lahko obstaja skrb, da bi se po odvzemu jaj\u010dnih celic iz jaj\u010dnika v trebuh razlile rakave celice.<\/p><p>\u010ce se zamenja ve\u010d kot en zarodek, obstaja mo\u017enost ve\u010d\u0161tevil\u010dnega rojstva (dvoj\u010dki, troj\u010dki). Pri vseh nose\u010dnostih obstaja tveganje za spontani splav in zunajmaterni\u010dno nose\u010dnost (nose\u010dnost zunaj maternice). <\/p><p>IVF je lahko fizi\u010dno in \u010dustveno iz\u010drpavajo\u010de, do nose\u010dnosti pa morda ne bo pri\u0161lo.<\/p><h3>Ali bo potrebno odlo\u017eiti za\u010detek mojega zdravljenja raka?<\/h3><p>Od za\u010detka stimulacije jaj\u010dnikov do odvzema jaj\u010dec prete\u010deta pribli\u017eno dva tedna. \u010cas pred za\u010detkom stimulacije je lahko razli\u010den. Odvisno je od dejavnikov, kot na primer od tega v kateri fazi menstruacijskega cikla se \u017eenska nahaja. Ta mo\u017enost morda ni primerna za \u017eenske z rakom, kot so levkemija, nekateri limfomi in sarkomi, saj bodo morda potrebovale takoj\u0161nje zdravljenje. \u010ce se pri vas pojavi OHSS, lahko to povzro\u010di dalj\u0161o odlo\u017eitev za\u010detka zdravljenja raka.    <\/p><h3>Ali bo ta izbira vplivala na mo\u017enost ponovitve raka ?<\/h3><p>Ni podatkov, ki bi kazali na to, da zamrznitev zarodkov vpliva na mo\u017enost rasti ali ponovnega pojava raka.<\/p>\t\t\t\t\t\t\t\t<\/div>\n\t\t\t\t<\/div>\n\t\t<div class=\"elementor-element elementor-element-43614ce8 e-con-full e-flex e-con e-child\" data-id=\"43614ce8\" data-element_type=\"container\" data-e-type=\"container\" data-settings=\"{&quot;background_background&quot;:&quot;classic&quot;}\">\n\t\t\t\t<div class=\"elementor-element elementor-element-70da4ea4 elementor-widget elementor-widget-text-editor\" data-id=\"70da4ea4\" data-element_type=\"widget\" data-e-type=\"widget\" data-widget_type=\"text-editor.default\">\n\t\t\t\t<div class=\"elementor-widget-container\">\n\t\t\t\t\t\t\t\t\t<p><strong>Morda bo koristno, \u010de si zapi\u0161ete, kaj vam je pri tej mo\u017enosti v\u0161e\u010d in kaj vas pri njej skrbi.<\/strong><\/p><p>Ti zapiski vam lahko pomagajo, da se z ekipo za zdravljenje raka, ekipo za plodnost, partnerjem, dru\u017eino in prijatelji pogovorite o tem, ali je ta mo\u017enost za vas najbolj\u0161a ali ne.<\/p>\t\t\t\t\t\t\t\t<\/div>\n\t\t\t\t<\/div>\n\t\t\t\t<\/div>\n\t\t\t\t<\/div>\n\t\t<div class=\"elementor-element elementor-element-3afc403 e-con-full e-flex e-con e-child\" data-id=\"3afc403\" data-element_type=\"container\" data-e-type=\"container\">\n\t\t<div class=\"elementor-element elementor-element-48d7c580 e-con-full e-flex e-con e-child\" data-id=\"48d7c580\" data-element_type=\"container\" data-e-type=\"container\">\n\t\t\t\t<div class=\"elementor-element elementor-element-1873bc03 elementor-widget elementor-widget-image\" data-id=\"1873bc03\" data-element_type=\"widget\" data-e-type=\"widget\" data-widget_type=\"image.default\">\n\t\t\t\t<div class=\"elementor-widget-container\">\n\t\t\t\t\t\t\t\t\t\t\t\t\t\t\t\t<a href=\"http:\/\/.\/\">\n\t\t\t\t\t\t\t<img fetchpriority=\"high\" decoding=\"async\" width=\"400\" height=\"440\" src=\"https:\/\/cancerfertilityandme.org.uk\/wp-content\/uploads\/cancerfertilityandme-logo-column-adult-women.png\" class=\"attachment-full size-full wp-image-2285\" alt=\"\" srcset=\"https:\/\/cancerfertilityandme.org.uk\/wp-content\/uploads\/cancerfertilityandme-logo-column-adult-women.png 400w, https:\/\/cancerfertilityandme.org.uk\/wp-content\/uploads\/cancerfertilityandme-logo-column-adult-women-273x300.png 273w\" sizes=\"(max-width: 400px) 100vw, 400px\" \/>\t\t\t\t\t\t\t\t<\/a>\n\t\t\t\t\t\t\t\t\t\t\t\t\t\t\t<\/div>\n\t\t\t\t<\/div>\n\t\t\t\t<\/div>\n\t\t<div class=\"elementor-element elementor-element-14059c76 e-con-full e-flex e-con e-child\" data-id=\"14059c76\" data-element_type=\"container\" data-e-type=\"container\">\n\t\t\t\t<div class=\"elementor-element elementor-element-122ede8b elementor-widget elementor-widget-heading\" data-id=\"122ede8b\" data-element_type=\"widget\" data-e-type=\"widget\" data-widget_type=\"heading.default\">\n\t\t\t\t<div class=\"elementor-widget-container\">\n\t\t\t\t\t<h3 class=\"elementor-heading-title elementor-size-default\">Za ve\u010d informacij sledite tem povezavam<\/h3>\t\t\t\t<\/div>\n\t\t\t\t<\/div>\n\t\t\t\t<div class=\"elementor-element elementor-element-4ebc2425 elementor-nav-menu--dropdown-none elementor-widget elementor-widget-nav-menu\" data-id=\"4ebc2425\" data-element_type=\"widget\" data-e-type=\"widget\" data-settings=\"{&quot;layout&quot;:&quot;vertical&quot;,&quot;submenu_icon&quot;:{&quot;value&quot;:&quot;&lt;svg aria-hidden=\\&quot;true\\&quot; class=\\&quot;e-font-icon-svg e-fas-caret-down\\&quot; viewBox=\\&quot;0 0 320 512\\&quot; xmlns=\\&quot;http:\\\/\\\/www.w3.org\\\/2000\\\/svg\\&quot;&gt;&lt;path d=\\&quot;M31.3 192h257.3c17.8 0 26.7 21.5 14.1 34.1L174.1 354.8c-7.8 7.8-20.5 7.8-28.3 0L17.2 226.1C4.6 213.5 13.5 192 31.3 192z\\&quot;&gt;&lt;\\\/path&gt;&lt;\\\/svg&gt;&quot;,&quot;library&quot;:&quot;fa-solid&quot;}}\" data-widget_type=\"nav-menu.default\">\n\t\t\t\t<div class=\"elementor-widget-container\">\n\t\t\t\t\t\t\t\t<nav aria-label=\"Menu\" class=\"elementor-nav-menu--main elementor-nav-menu__container elementor-nav-menu--layout-vertical e--pointer-none\">\n\t\t\t\t<ul id=\"menu-1-4ebc2425\" class=\"elementor-nav-menu sm-vertical\"><li class=\"menu-item menu-item-type-post_type menu-item-object-page menu-item-6985\"><a href=\"https:\/\/cancerfertilityandme.org.uk\/adult-women\/fertility-preservation-options\/\" class=\"elementor-item\">Mo\u017enosti ohranjanja plodnosti<\/a><\/li>\n<li class=\"menu-item menu-item-type-post_type menu-item-object-page menu-item-6994\"><a href=\"https:\/\/cancerfertilityandme.org.uk\/adult-women\/fertility-preservation-options\/summary-of-fertility-preservation-options\/\" class=\"elementor-item\">Povzetek mo\u017enosti ohranjanja plodnosti<\/a><\/li>\n<li class=\"menu-item menu-item-type-post_type menu-item-object-page menu-item-6990\"><a href=\"https:\/\/cancerfertilityandme.org.uk\/adult-women\/fertility-preservation-options\/no-fertility-preservation\/\" class=\"elementor-item\">Brez ohranjanja plodnosti<\/a><\/li>\n<li class=\"menu-item menu-item-type-post_type menu-item-object-page menu-item-6987\"><a href=\"https:\/\/cancerfertilityandme.org.uk\/adult-women\/fertility-preservation-options\/egg-freezing\/\" class=\"elementor-item\">Zamrzovanje jaj\u010dec<\/a><\/li>\n<li class=\"menu-item menu-item-type-post_type menu-item-object-page menu-item-6988\"><a href=\"https:\/\/cancerfertilityandme.org.uk\/adult-women\/fertility-preservation-options\/embryo-freezing\/\" class=\"elementor-item\">Zamrzovanje zarodkov<\/a><\/li>\n<li class=\"menu-item menu-item-type-post_type menu-item-object-page menu-item-6992\"><a href=\"https:\/\/cancerfertilityandme.org.uk\/adult-women\/fertility-preservation-options\/ovarian-tissue-freezing\/\" class=\"elementor-item\">Zamrzovanje tkiva jaj\u010dnikov<\/a><\/li>\n<li class=\"menu-item menu-item-type-post_type menu-item-object-page menu-item-6991\"><a href=\"https:\/\/cancerfertilityandme.org.uk\/adult-women\/fertility-preservation-options\/ovarian-suppression\/\" class=\"elementor-item\">Zatiranje jaj\u010dnikov<\/a><\/li>\n<li class=\"menu-item menu-item-type-post_type menu-item-object-page menu-item-6986\"><a href=\"https:\/\/cancerfertilityandme.org.uk\/adult-women\/fertility-preservation-options\/cancer-specific-fertility-sparing-options\/\" class=\"elementor-item\">Postopki za ohranitev plodnosti, zna\u010dilni za nekatere vrste raka<\/a><\/li>\n<li class=\"menu-item menu-item-type-post_type menu-item-object-page menu-item-11368\"><a href=\"https:\/\/cancerfertilityandme.org.uk\/adult-women\/fertility-preservation-options\/other-cancer-treatments\/\" class=\"elementor-item\">Druge metode zdravljenja raka<\/a><\/li>\n<li class=\"menu-item menu-item-type-post_type menu-item-object-page menu-item-6993\"><a href=\"https:\/\/cancerfertilityandme.org.uk\/adult-women\/fertility-preservation-options\/questions-to-ask-your-cancer-fertility-care-teams\/\" class=\"elementor-item\">Vpra\u0161anja, ki jih lahko zastavite svoji ekipi za zdravljenje raka in ekipi za zdravljenje neplodnosti<\/a><\/li>\n<\/ul>\t\t\t<\/nav>\n\t\t\t\t\t\t<nav class=\"elementor-nav-menu--dropdown elementor-nav-menu__container\" aria-hidden=\"true\">\n\t\t\t\t<ul id=\"menu-2-4ebc2425\" class=\"elementor-nav-menu sm-vertical\"><li class=\"menu-item menu-item-type-post_type menu-item-object-page menu-item-6985\"><a href=\"https:\/\/cancerfertilityandme.org.uk\/adult-women\/fertility-preservation-options\/\" class=\"elementor-item\" tabindex=\"-1\">Mo\u017enosti ohranjanja plodnosti<\/a><\/li>\n<li class=\"menu-item menu-item-type-post_type menu-item-object-page menu-item-6994\"><a href=\"https:\/\/cancerfertilityandme.org.uk\/adult-women\/fertility-preservation-options\/summary-of-fertility-preservation-options\/\" class=\"elementor-item\" tabindex=\"-1\">Povzetek mo\u017enosti ohranjanja plodnosti<\/a><\/li>\n<li class=\"menu-item menu-item-type-post_type menu-item-object-page menu-item-6990\"><a href=\"https:\/\/cancerfertilityandme.org.uk\/adult-women\/fertility-preservation-options\/no-fertility-preservation\/\" class=\"elementor-item\" tabindex=\"-1\">Brez ohranjanja plodnosti<\/a><\/li>\n<li class=\"menu-item menu-item-type-post_type menu-item-object-page menu-item-6987\"><a href=\"https:\/\/cancerfertilityandme.org.uk\/adult-women\/fertility-preservation-options\/egg-freezing\/\" class=\"elementor-item\" tabindex=\"-1\">Zamrzovanje jaj\u010dec<\/a><\/li>\n<li class=\"menu-item menu-item-type-post_type menu-item-object-page menu-item-6988\"><a href=\"https:\/\/cancerfertilityandme.org.uk\/adult-women\/fertility-preservation-options\/embryo-freezing\/\" class=\"elementor-item\" tabindex=\"-1\">Zamrzovanje zarodkov<\/a><\/li>\n<li class=\"menu-item menu-item-type-post_type menu-item-object-page menu-item-6992\"><a href=\"https:\/\/cancerfertilityandme.org.uk\/adult-women\/fertility-preservation-options\/ovarian-tissue-freezing\/\" class=\"elementor-item\" tabindex=\"-1\">Zamrzovanje tkiva jaj\u010dnikov<\/a><\/li>\n<li class=\"menu-item menu-item-type-post_type menu-item-object-page menu-item-6991\"><a href=\"https:\/\/cancerfertilityandme.org.uk\/adult-women\/fertility-preservation-options\/ovarian-suppression\/\" class=\"elementor-item\" tabindex=\"-1\">Zatiranje jaj\u010dnikov<\/a><\/li>\n<li class=\"menu-item menu-item-type-post_type menu-item-object-page menu-item-6986\"><a href=\"https:\/\/cancerfertilityandme.org.uk\/adult-women\/fertility-preservation-options\/cancer-specific-fertility-sparing-options\/\" class=\"elementor-item\" tabindex=\"-1\">Postopki za ohranitev plodnosti, zna\u010dilni za nekatere vrste raka<\/a><\/li>\n<li class=\"menu-item menu-item-type-post_type menu-item-object-page menu-item-11368\"><a href=\"https:\/\/cancerfertilityandme.org.uk\/adult-women\/fertility-preservation-options\/other-cancer-treatments\/\" class=\"elementor-item\" tabindex=\"-1\">Druge metode zdravljenja raka<\/a><\/li>\n<li class=\"menu-item menu-item-type-post_type menu-item-object-page menu-item-6993\"><a href=\"https:\/\/cancerfertilityandme.org.uk\/adult-women\/fertility-preservation-options\/questions-to-ask-your-cancer-fertility-care-teams\/\" class=\"elementor-item\" tabindex=\"-1\">Vpra\u0161anja, ki jih lahko zastavite svoji ekipi za zdravljenje raka in ekipi za zdravljenje neplodnosti<\/a><\/li>\n<\/ul>\t\t\t<\/nav>\n\t\t\t\t\t\t<\/div>\n\t\t\t\t<\/div>\n\t\t\t\t<\/div>\n\t\t\t\t<\/div>\n\t\t\t\t\t<\/div>\n\t\t\t\t<\/main>\n\t\t\t\t<\/div>\n\t\t","protected":false},"excerpt":{"rendered":"<p>Zamrzovanje &#8211; uvod Zamrzovanje Obstajajo tri mo\u017enosti zamrzovanja, ki lahko pomagajo ohraniti plodnost \u017eenske: Zamrzovanje jaj\u010dec Zamrzovanje zarodkov Zamrzovanje tkiva jaj\u010dnikov Jaj\u010deca, zarodke in tkiva jaj\u010dnikov lahko zamrznemo in shranimo za ve\u010d let. Ob pravem \u010dasu, jih lahko odtalimo in uporabimo za zanositev po kon\u010danem zdravljenju raka. Za shranjevanje jaj\u010dec, zarodkov in tkiva jaj\u010dnikov so [&hellip;]<\/p>\n","protected":false},"author":1,"featured_media":0,"parent":6550,"menu_order":0,"comment_status":"closed","ping_status":"open","template":"","meta":{"footnotes":""},"class_list":["post-6566","page","type-page","status-publish","hentry"],"_links":{"self":[{"href":"https:\/\/cancerfertilityandme.org.uk\/sl\/wp-json\/wp\/v2\/pages\/6566","targetHints":{"allow":["GET"]}}],"collection":[{"href":"https:\/\/cancerfertilityandme.org.uk\/sl\/wp-json\/wp\/v2\/pages"}],"about":[{"href":"https:\/\/cancerfertilityandme.org.uk\/sl\/wp-json\/wp\/v2\/types\/page"}],"author":[{"embeddable":true,"href":"https:\/\/cancerfertilityandme.org.uk\/sl\/wp-json\/wp\/v2\/users\/1"}],"replies":[{"embeddable":true,"href":"https:\/\/cancerfertilityandme.org.uk\/sl\/wp-json\/wp\/v2\/comments?post=6566"}],"version-history":[{"count":3,"href":"https:\/\/cancerfertilityandme.org.uk\/sl\/wp-json\/wp\/v2\/pages\/6566\/revisions"}],"predecessor-version":[{"id":9496,"href":"https:\/\/cancerfertilityandme.org.uk\/sl\/wp-json\/wp\/v2\/pages\/6566\/revisions\/9496"}],"up":[{"embeddable":true,"href":"https:\/\/cancerfertilityandme.org.uk\/sl\/wp-json\/wp\/v2\/pages\/6550"}],"wp:attachment":[{"href":"https:\/\/cancerfertilityandme.org.uk\/sl\/wp-json\/wp\/v2\/media?parent=6566"}],"curies":[{"name":"wp","href":"https:\/\/api.w.org\/{rel}","templated":true}]}}