{"id":6564,"date":"2019-04-14T19:52:34","date_gmt":"2019-04-14T19:52:34","guid":{"rendered":"https:\/\/cancerfertilityandme.org.uk\/zamrzovanje-jajcec\/"},"modified":"2025-11-17T10:58:20","modified_gmt":"2025-11-17T10:58:20","slug":"zamrzovanje-jajcec","status":"publish","type":"page","link":"https:\/\/cancerfertilityandme.org.uk\/sl\/odrasle-zenske\/moznosti-ohranjanja-plodnosti-2\/zamrzovanje-jajcec\/","title":{"rendered":"Zamrzovanje jaj\u010dec"},"content":{"rendered":"\t\t<div data-elementor-type=\"wp-page\" data-elementor-id=\"6564\" class=\"elementor elementor-6564 elementor-5609\" data-elementor-post-type=\"page\">\n\t\t\t\t<main class=\"elementor-element elementor-element-3dc64483 e-flex e-con-boxed e-con e-parent\" data-id=\"3dc64483\" data-element_type=\"container\" data-e-type=\"container\">\n\t\t\t\t\t<div class=\"e-con-inner\">\n\t\t<div class=\"elementor-element elementor-element-1aabffd3 e-con-full e-flex e-con e-child\" data-id=\"1aabffd3\" data-element_type=\"container\" data-e-type=\"container\">\n\t\t\t\t<div class=\"elementor-element elementor-element-2a7083a elementor-widget elementor-widget-n-accordion\" data-id=\"2a7083a\" data-element_type=\"widget\" data-e-type=\"widget\" data-settings=\"{&quot;default_state&quot;:&quot;all_collapsed&quot;,&quot;max_items_expended&quot;:&quot;one&quot;,&quot;n_accordion_animation_duration&quot;:{&quot;unit&quot;:&quot;ms&quot;,&quot;size&quot;:400,&quot;sizes&quot;:[]}}\" data-widget_type=\"nested-accordion.default\">\n\t\t\t\t<div class=\"elementor-widget-container\">\n\t\t\t\t\t\t\t<div class=\"e-n-accordion\" aria-label=\"Accordion. Open links with Enter or Space, close with Escape, and navigate with Arrow Keys\">\n\t\t\t\t\t\t<details id=\"e-n-accordion-item-4450\" class=\"e-n-accordion-item\" >\n\t\t\t\t<summary class=\"e-n-accordion-item-title\" data-accordion-index=\"1\" tabindex=\"0\" aria-expanded=\"false\" aria-controls=\"e-n-accordion-item-4450\" >\n\t\t\t\t\t<span class='e-n-accordion-item-title-header'><div class=\"e-n-accordion-item-title-text\"> Zamrzovanje - uvod <\/div><\/span>\n\t\t\t\t\t\t\t<span class='e-n-accordion-item-title-icon'>\n\t\t\t<span class='e-opened' ><svg aria-hidden=\"true\" class=\"e-font-icon-svg e-fas-minus\" viewBox=\"0 0 448 512\" xmlns=\"http:\/\/www.w3.org\/2000\/svg\"><path d=\"M416 208H32c-17.67 0-32 14.33-32 32v32c0 17.67 14.33 32 32 32h384c17.67 0 32-14.33 32-32v-32c0-17.67-14.33-32-32-32z\"><\/path><\/svg><\/span>\n\t\t\t<span class='e-closed'><svg aria-hidden=\"true\" class=\"e-font-icon-svg e-fas-plus\" viewBox=\"0 0 448 512\" xmlns=\"http:\/\/www.w3.org\/2000\/svg\"><path d=\"M416 208H272V64c0-17.67-14.33-32-32-32h-32c-17.67 0-32 14.33-32 32v144H32c-17.67 0-32 14.33-32 32v32c0 17.67 14.33 32 32 32h144v144c0 17.67 14.33 32 32 32h32c17.67 0 32-14.33 32-32V304h144c17.67 0 32-14.33 32-32v-32c0-17.67-14.33-32-32-32z\"><\/path><\/svg><\/span>\n\t\t<\/span>\n\n\t\t\t\t\t\t<\/summary>\n\t\t\t\t<div role=\"region\" aria-labelledby=\"e-n-accordion-item-4450\" class=\"elementor-element elementor-element-b39fc21 e-con-full e-flex e-con e-child\" data-id=\"b39fc21\" data-element_type=\"container\" data-e-type=\"container\" data-settings=\"{&quot;background_background&quot;:&quot;classic&quot;}\">\n\t\t\t\t<div class=\"elementor-element elementor-element-58b9bee elementor-widget elementor-widget-text-editor\" data-id=\"58b9bee\" data-element_type=\"widget\" data-e-type=\"widget\" data-widget_type=\"text-editor.default\">\n\t\t\t\t<div class=\"elementor-widget-container\">\n\t\t\t\t\t\t\t\t\t<h3>Zamrzovanje<\/h3><p><strong>Obstajajo tri mo\u017enosti zamrzovanja, ki lahko pomagajo ohraniti plodnost \u017eenske:<\/strong><\/p><ul><li>Zamrzovanje jaj\u010dec<\/li><li>Zamrzovanje zarodkov<\/li><li>Zamrzovanje tkiva jaj\u010dnikov<\/li><\/ul><p>Jaj\u010deca, zarodke in tkiva jaj\u010dnikov lahko zamrznemo in shranimo za ve\u010d let. Ob pravem \u010dasu, jih lahko odtalimo in uporabimo za zanositev po kon\u010danem zdravljenju raka. <\/p><p>Za shranjevanje jaj\u010dec, zarodkov in tkiva jaj\u010dnikov so na voljo razli\u010dne metode zamrzovanja. Krioprezervacija je metoda \u201cpo\u010dasnega zamrzovanja\u201d. Vitrifikacija je novej\u0161a metoda \u201chitrega ali bliskovitega zamrzovanja\u201d. Pokazalo se je, da ta metoda pove\u010da mo\u017enost, da jaj\u010deca in zarodki pre\u017eivijo postopek odmrzovanja, in pove\u010da uspe\u0161nost zanositve.   <\/p><p>\u017denske ki imajo mo\u0161kega partnerja, lahko zamrznejo tako jaj\u010deca kot zarodke. Po zdravljenju raka bodo morda imele v prihodnosti na voljo ve\u010d mo\u017enosti za plodnost. <\/p><p>Zamrzovanje tkiva jaj\u010dnikov je nova metoda ohranjanja plodnosti. To je lahko \u0161e dodatna mo\u017enost za \u017eenske, ki nimajo mo\u0161kega partnerja. <\/p>\t\t\t\t\t\t\t\t<\/div>\n\t\t\t\t<\/div>\n\t\t\t\t<\/div>\n\t\t\t\t\t<\/details>\n\t\t\t\t\t<\/div>\n\t\t\t\t\t\t<\/div>\n\t\t\t\t<\/div>\n\t\t\t\t<div class=\"elementor-element elementor-element-49c539df elementor-widget elementor-widget-text-editor\" data-id=\"49c539df\" data-element_type=\"widget\" data-e-type=\"widget\" data-widget_type=\"text-editor.default\">\n\t\t\t\t<div class=\"elementor-widget-container\">\n\t\t\t\t\t\t\t\t\t<h2>Zamrzovanje jaj\u010dec<\/h2><p><strong>Pri tej mo\u017enosti se zrela jaj\u010deca odstranijo iz jaj\u010dnikov in zamrznejo. Ta postopek se v\u010dasih imenuje \u201cshranjevanje jaj\u010dec\u201d. Ko je \u017eenska pripravljena zanositi, se shranjena jaj\u010deca oplodijo s spermiji in vrnejo v maternico.  <\/strong><\/p><h3>Komu je namenjeno?<\/h3><p>\u017denskam, ki \u017eelijo ohraniti svojo plodnost, so \u017ee v puberteti in :<\/p><ul><li>nimajo partnerja.<\/li><li>ne \u017eelijo uporabiti sperme darovalca.<\/li><li>Zaradi svojih prepri\u010danj ne \u017eelijo zamrzovanja zarodkov.<\/li><li>Ki imajo \u010das, da se pred za\u010detkom zdravljenja raka udele\u017eijo cikla zdravljenja neplodnosti.<\/li><\/ul><p>Za zenske, ki imajo rak na medenici, zamrznitev jaj\u010dec morda ni varna zaradi mo\u017enosti \u0161irjenja raka.<\/p><h3>Kaj vklju\u010duje?<\/h3><p>Predvidoma 2 tedna boste morale prejemati hormonske injekcije za stimulacijo jaj\u010dnikov (stimulacija jaj\u010dnikov). Jaj\u010deca se nato odvzamejo s tanko iglo, ki se skozi steno no\u017enice prenese do jaj\u010dnikov. To se opravi pod vplivom pomirjeval. Po nekaj urah boste lahko od\u0161li domov.   <\/p><p>Ker zamrznitev jaj\u010dec vklju\u010duje le \u017eensko, ni potrebno soglasje partnerja za uporabo shranjenih jaj\u010dec v prihodnosti. Zamrznjene jaj\u010dne celice je mogo\u010de hraniti do 10 let. V nekaterih primerih se lahko ta rok podalj\u0161a za 10 let (skupaj do 55 let).  <\/p><h3>Kak\u0161na je mo\u017enost, da boste imeli otroka po zamrznitvi jaj\u010dec?<\/h3><p>Te\u017eko je dolo\u010diti, kolik\u0161na je verjetnost, da se bo po zamrznitvi jaj\u010dec rodil \u017eiv otrok. Le malo \u0161tevilo bolnic z rakom, je do sedaj uporabilo zamrznjena jaj\u010deca. Ve\u010dina podatkov prihaja od \u017eensk ki niso zbolele za rakom, so pa za rojstvo otroka uporabile lastna zamrznjena jaj\u010deca ali zamrznjena jaj\u010deca darovalk. V te podatke so vklju\u010dene tudi jaj\u010dne celice, ki so bile po\u010dasi zamrznjene ali vitrificirane.   <\/p><p>Ti podatki ka\u017eejo, da je mo\u017enost, da bo zamrzovanje jaj\u010dec pomagalo \u017eenski roditi otroka, 40-odstotna za \u017eenske, ki kriokonzervirajo 10 jaj\u010dec, mlaj\u0161ih od 35 let, in manj\u0161a za starej\u0161e \u017eenske.<\/p><p>Mo\u017enost, da bo \u017eenska po zamrznitvi jaj\u010dec imela otroka, je odvisna od \u0161tevilnih dejavnikov. Ti so: <\/p><ul><li>va\u0161a starost ob odvzemu jaj\u010dec. Ve\u010djo mo\u017enost zanositve imajo \u017eenske mlaj\u0161e od 35 let. Mo\u017enosti \u017eensk, starej\u0161ih od 35 let so slab\u0161e  <\/li><li>\u0160tevilo zbranih jaj\u010dec. \u017denske, ki jim je bilo odvzetih ve\u010d jaj\u010dec, imajo ve\u010djo mo\u017enost.<\/li><li>Klinika za zdravljenje neplodnosti, kjer je bilo opravljeno zamrzovanje jaj\u010dec.<\/li><li>Uporaba po\u010dasnega zamrzovanja ali vitrifikacije za zamrznitev in shranjevanje jaj\u010dec. Vitrifikacija ima vi\u0161jo stopnjo uspe\u0161nosti. <\/li><\/ul><p>Ve\u010d informacij o povpre\u010dni nacionalni uspe\u0161nosti in \u0161tevilu uspe\u0161nih \u017eivorojenih otrok za vsako kliniko z licenco za zdravljenje neplodnosti najdete na spletni strani Human Fertilisation and Embryology Authority \u2013 HFEA) <a href=\"http:\/\/www.hfea.gov.uk.%20\">www.hfea.gov.uk<\/a>. <\/p><h3>Ali bo ta mo\u017enost vplivala na zdravje otroka?<\/h3><p>Po zbranih podatkih ni dokazov o vplivu uporabe zamrznjenih jaj\u010dec na zdravje otroka.<\/p><h3>Ali obstajajo kak\u0161ni neza\u017eeleni u\u010dinki zdravljenja neplodnosti, z uporabo metode zamrzovanja jaj\u010dec?<\/h3><p>Zdravila za spodbujanje plodnosti, ki se uporabljajo za stimulacijo jaj\u010dnikov, lahko povzro\u010dijo neza\u017eelene u\u010dinke, kot so glavoboli, spremembe razpolo\u017eenja, vro\u010dinski oblivi in dra\u017eenje ko\u017ee. Zdravila za plodnost lahko povzro\u010dijo tudi prevelik odziv jaj\u010dnikov, kar lahko privede do stanja, imenovanega sindrom hiperstimulacije jaj\u010dnikov (OHSS). Ko za\u010dnete z zdravljenjem, povpra\u0161ajte va\u0161o ekipo za zdravljenje neplodnosti o simptomih tega stanja in o tem, kako se lahko po potrebi obrnete na njih  <\/p><p>Ko so jaj\u010dniki stimulirani, da proizvajajo veliko jaj\u010dec, se raven hormona estrogena pove\u010da. To lahko predstavlja tveganje pri \u017eenskah, ki so zbolele za rakom dojk, ob\u010dutljivim na estrogen. Te \u017eenske lahko dobijo zdravilo, imenovano Letrozol (Femara). To zmanj\u0161a raven estrogena v krvnem obtoku.   <\/p><p>Ob odvzemu jaj\u010dec v redkih primerih lahko pride do krvavitve, oku\u017eb in reza v \u010drevesje. Obstaja tveganje za \u017eenske z rakom na medenici, pri katerih lahko po odvzemu jaj\u010dec pride do izlitja rakavih celic iz jaj\u010dnika v trebuh. <\/p><h3>Ali bo potrebno odlo\u017eiti za\u010detek mojega zdravljenja raka?<\/h3><p>Od za\u010detka stimulacije jaj\u010dnikov do odvzema jaj\u010dec prete\u010deta pribli\u017eno dva tedna. \u010cas pred za\u010detkom stimulacije je lahko razli\u010den, odvisno od tega, kje je \u017eenska v svojem menstrualnem ciklu. Zamrzovanje jaj\u010dec morda ni primerno za \u017eenske z rakom, kot so levkemija, nekateri limfomi in sarkomi, saj bodo morda potrebovale takoj\u0161nje zdravljenje. \u010ce se pri vas pojavi OHSS, lahko to povzro\u010di dalj\u0161o zamudo pri za\u010detku zdravljenja raka.   <\/p><h3>Ali bo ta izbira vplivala na mo\u017enost ponovitve raka ?<\/h3><p>Ni podatkov, ki bi kazali na to, da zamrznitev jaj\u010dec vpliva na mo\u017enost, da se rak pove\u010da ali vrne.<\/p>\t\t\t\t\t\t\t\t<\/div>\n\t\t\t\t<\/div>\n\t\t<div class=\"elementor-element elementor-element-4f2be5b2 e-con-full e-flex e-con e-child\" data-id=\"4f2be5b2\" data-element_type=\"container\" data-e-type=\"container\" data-settings=\"{&quot;background_background&quot;:&quot;classic&quot;}\">\n\t\t\t\t<div class=\"elementor-element elementor-element-2e3ac40 elementor-widget elementor-widget-text-editor\" data-id=\"2e3ac40\" data-element_type=\"widget\" data-e-type=\"widget\" data-widget_type=\"text-editor.default\">\n\t\t\t\t<div class=\"elementor-widget-container\">\n\t\t\t\t\t\t\t\t\t<p><strong>Morda bo koristno, \u010de si zapi\u0161ete, kaj vam je pri tej mo\u017enosti v\u0161e\u010d in kaj vas pri njej skrbi.<\/strong><\/p><p>Ti zapiski vam lahko pomagajo, da se z ekipo za zdravljenje raka, ekipo za plodnost, partnerjem, dru\u017eino in prijatelji pogovorite o tem, ali je ta mo\u017enost za vas najbolj\u0161a ali ne.<\/p>\t\t\t\t\t\t\t\t<\/div>\n\t\t\t\t<\/div>\n\t\t\t\t<\/div>\n\t\t\t\t<\/div>\n\t\t<div class=\"elementor-element elementor-element-27330682 e-con-full e-flex e-con e-child\" data-id=\"27330682\" data-element_type=\"container\" data-e-type=\"container\">\n\t\t<div class=\"elementor-element elementor-element-35930863 e-con-full e-flex e-con e-child\" data-id=\"35930863\" data-element_type=\"container\" data-e-type=\"container\">\n\t\t\t\t<div class=\"elementor-element elementor-element-38de4fb0 elementor-widget elementor-widget-image\" data-id=\"38de4fb0\" data-element_type=\"widget\" data-e-type=\"widget\" data-widget_type=\"image.default\">\n\t\t\t\t<div class=\"elementor-widget-container\">\n\t\t\t\t\t\t\t\t\t\t\t\t\t\t\t\t<a href=\"http:\/\/.\/\">\n\t\t\t\t\t\t\t<img fetchpriority=\"high\" decoding=\"async\" width=\"400\" height=\"440\" src=\"https:\/\/cancerfertilityandme.org.uk\/wp-content\/uploads\/cancerfertilityandme-logo-column-adult-women.png\" class=\"attachment-full size-full wp-image-2285\" alt=\"\" srcset=\"https:\/\/cancerfertilityandme.org.uk\/wp-content\/uploads\/cancerfertilityandme-logo-column-adult-women.png 400w, https:\/\/cancerfertilityandme.org.uk\/wp-content\/uploads\/cancerfertilityandme-logo-column-adult-women-273x300.png 273w\" sizes=\"(max-width: 400px) 100vw, 400px\" \/>\t\t\t\t\t\t\t\t<\/a>\n\t\t\t\t\t\t\t\t\t\t\t\t\t\t\t<\/div>\n\t\t\t\t<\/div>\n\t\t\t\t<\/div>\n\t\t<div class=\"elementor-element elementor-element-56163aae e-con-full e-flex e-con e-child\" data-id=\"56163aae\" data-element_type=\"container\" data-e-type=\"container\">\n\t\t\t\t<div class=\"elementor-element elementor-element-14085e43 elementor-widget elementor-widget-heading\" data-id=\"14085e43\" data-element_type=\"widget\" data-e-type=\"widget\" data-widget_type=\"heading.default\">\n\t\t\t\t<div class=\"elementor-widget-container\">\n\t\t\t\t\t<h3 class=\"elementor-heading-title elementor-size-default\">Za ve\u010d informacij sledite tem povezavam<\/h3>\t\t\t\t<\/div>\n\t\t\t\t<\/div>\n\t\t\t\t<div class=\"elementor-element elementor-element-14af12bb elementor-nav-menu--dropdown-none elementor-widget elementor-widget-nav-menu\" data-id=\"14af12bb\" data-element_type=\"widget\" data-e-type=\"widget\" data-settings=\"{&quot;layout&quot;:&quot;vertical&quot;,&quot;submenu_icon&quot;:{&quot;value&quot;:&quot;&lt;svg aria-hidden=\\&quot;true\\&quot; class=\\&quot;e-font-icon-svg e-fas-caret-down\\&quot; viewBox=\\&quot;0 0 320 512\\&quot; xmlns=\\&quot;http:\\\/\\\/www.w3.org\\\/2000\\\/svg\\&quot;&gt;&lt;path d=\\&quot;M31.3 192h257.3c17.8 0 26.7 21.5 14.1 34.1L174.1 354.8c-7.8 7.8-20.5 7.8-28.3 0L17.2 226.1C4.6 213.5 13.5 192 31.3 192z\\&quot;&gt;&lt;\\\/path&gt;&lt;\\\/svg&gt;&quot;,&quot;library&quot;:&quot;fa-solid&quot;}}\" data-widget_type=\"nav-menu.default\">\n\t\t\t\t<div class=\"elementor-widget-container\">\n\t\t\t\t\t\t\t\t<nav aria-label=\"Menu\" class=\"elementor-nav-menu--main elementor-nav-menu__container elementor-nav-menu--layout-vertical e--pointer-none\">\n\t\t\t\t<ul id=\"menu-1-14af12bb\" class=\"elementor-nav-menu sm-vertical\"><li class=\"menu-item menu-item-type-post_type menu-item-object-page menu-item-6985\"><a href=\"https:\/\/cancerfertilityandme.org.uk\/adult-women\/fertility-preservation-options\/\" class=\"elementor-item\">Mo\u017enosti ohranjanja plodnosti<\/a><\/li>\n<li class=\"menu-item menu-item-type-post_type menu-item-object-page menu-item-6994\"><a href=\"https:\/\/cancerfertilityandme.org.uk\/adult-women\/fertility-preservation-options\/summary-of-fertility-preservation-options\/\" class=\"elementor-item\">Povzetek mo\u017enosti ohranjanja plodnosti<\/a><\/li>\n<li class=\"menu-item menu-item-type-post_type menu-item-object-page menu-item-6990\"><a href=\"https:\/\/cancerfertilityandme.org.uk\/adult-women\/fertility-preservation-options\/no-fertility-preservation\/\" class=\"elementor-item\">Brez ohranjanja plodnosti<\/a><\/li>\n<li class=\"menu-item menu-item-type-post_type menu-item-object-page menu-item-6987\"><a href=\"https:\/\/cancerfertilityandme.org.uk\/adult-women\/fertility-preservation-options\/egg-freezing\/\" class=\"elementor-item\">Zamrzovanje jaj\u010dec<\/a><\/li>\n<li class=\"menu-item menu-item-type-post_type menu-item-object-page menu-item-6988\"><a href=\"https:\/\/cancerfertilityandme.org.uk\/adult-women\/fertility-preservation-options\/embryo-freezing\/\" class=\"elementor-item\">Zamrzovanje zarodkov<\/a><\/li>\n<li class=\"menu-item menu-item-type-post_type menu-item-object-page menu-item-6992\"><a href=\"https:\/\/cancerfertilityandme.org.uk\/adult-women\/fertility-preservation-options\/ovarian-tissue-freezing\/\" class=\"elementor-item\">Zamrzovanje tkiva jaj\u010dnikov<\/a><\/li>\n<li class=\"menu-item menu-item-type-post_type menu-item-object-page menu-item-6991\"><a href=\"https:\/\/cancerfertilityandme.org.uk\/adult-women\/fertility-preservation-options\/ovarian-suppression\/\" class=\"elementor-item\">Zatiranje jaj\u010dnikov<\/a><\/li>\n<li class=\"menu-item menu-item-type-post_type menu-item-object-page menu-item-6986\"><a href=\"https:\/\/cancerfertilityandme.org.uk\/adult-women\/fertility-preservation-options\/cancer-specific-fertility-sparing-options\/\" class=\"elementor-item\">Postopki za ohranitev plodnosti, zna\u010dilni za nekatere vrste raka<\/a><\/li>\n<li class=\"menu-item menu-item-type-post_type menu-item-object-page menu-item-11368\"><a href=\"https:\/\/cancerfertilityandme.org.uk\/adult-women\/fertility-preservation-options\/other-cancer-treatments\/\" class=\"elementor-item\">Druge metode zdravljenja raka<\/a><\/li>\n<li class=\"menu-item menu-item-type-post_type menu-item-object-page menu-item-6993\"><a href=\"https:\/\/cancerfertilityandme.org.uk\/adult-women\/fertility-preservation-options\/questions-to-ask-your-cancer-fertility-care-teams\/\" class=\"elementor-item\">Vpra\u0161anja, ki jih lahko zastavite svoji ekipi za zdravljenje raka in ekipi za zdravljenje neplodnosti<\/a><\/li>\n<\/ul>\t\t\t<\/nav>\n\t\t\t\t\t\t<nav class=\"elementor-nav-menu--dropdown elementor-nav-menu__container\" aria-hidden=\"true\">\n\t\t\t\t<ul id=\"menu-2-14af12bb\" class=\"elementor-nav-menu sm-vertical\"><li class=\"menu-item menu-item-type-post_type menu-item-object-page menu-item-6985\"><a href=\"https:\/\/cancerfertilityandme.org.uk\/adult-women\/fertility-preservation-options\/\" class=\"elementor-item\" tabindex=\"-1\">Mo\u017enosti ohranjanja plodnosti<\/a><\/li>\n<li class=\"menu-item menu-item-type-post_type menu-item-object-page menu-item-6994\"><a href=\"https:\/\/cancerfertilityandme.org.uk\/adult-women\/fertility-preservation-options\/summary-of-fertility-preservation-options\/\" class=\"elementor-item\" tabindex=\"-1\">Povzetek mo\u017enosti ohranjanja plodnosti<\/a><\/li>\n<li class=\"menu-item menu-item-type-post_type menu-item-object-page menu-item-6990\"><a href=\"https:\/\/cancerfertilityandme.org.uk\/adult-women\/fertility-preservation-options\/no-fertility-preservation\/\" class=\"elementor-item\" tabindex=\"-1\">Brez ohranjanja plodnosti<\/a><\/li>\n<li class=\"menu-item menu-item-type-post_type menu-item-object-page menu-item-6987\"><a href=\"https:\/\/cancerfertilityandme.org.uk\/adult-women\/fertility-preservation-options\/egg-freezing\/\" class=\"elementor-item\" tabindex=\"-1\">Zamrzovanje jaj\u010dec<\/a><\/li>\n<li class=\"menu-item menu-item-type-post_type menu-item-object-page menu-item-6988\"><a href=\"https:\/\/cancerfertilityandme.org.uk\/adult-women\/fertility-preservation-options\/embryo-freezing\/\" class=\"elementor-item\" tabindex=\"-1\">Zamrzovanje zarodkov<\/a><\/li>\n<li class=\"menu-item menu-item-type-post_type menu-item-object-page menu-item-6992\"><a href=\"https:\/\/cancerfertilityandme.org.uk\/adult-women\/fertility-preservation-options\/ovarian-tissue-freezing\/\" class=\"elementor-item\" tabindex=\"-1\">Zamrzovanje tkiva jaj\u010dnikov<\/a><\/li>\n<li class=\"menu-item menu-item-type-post_type menu-item-object-page menu-item-6991\"><a href=\"https:\/\/cancerfertilityandme.org.uk\/adult-women\/fertility-preservation-options\/ovarian-suppression\/\" class=\"elementor-item\" tabindex=\"-1\">Zatiranje jaj\u010dnikov<\/a><\/li>\n<li class=\"menu-item menu-item-type-post_type menu-item-object-page menu-item-6986\"><a href=\"https:\/\/cancerfertilityandme.org.uk\/adult-women\/fertility-preservation-options\/cancer-specific-fertility-sparing-options\/\" class=\"elementor-item\" tabindex=\"-1\">Postopki za ohranitev plodnosti, zna\u010dilni za nekatere vrste raka<\/a><\/li>\n<li class=\"menu-item menu-item-type-post_type menu-item-object-page menu-item-11368\"><a href=\"https:\/\/cancerfertilityandme.org.uk\/adult-women\/fertility-preservation-options\/other-cancer-treatments\/\" class=\"elementor-item\" tabindex=\"-1\">Druge metode zdravljenja raka<\/a><\/li>\n<li class=\"menu-item menu-item-type-post_type menu-item-object-page menu-item-6993\"><a href=\"https:\/\/cancerfertilityandme.org.uk\/adult-women\/fertility-preservation-options\/questions-to-ask-your-cancer-fertility-care-teams\/\" class=\"elementor-item\" tabindex=\"-1\">Vpra\u0161anja, ki jih lahko zastavite svoji ekipi za zdravljenje raka in ekipi za zdravljenje neplodnosti<\/a><\/li>\n<\/ul>\t\t\t<\/nav>\n\t\t\t\t\t\t<\/div>\n\t\t\t\t<\/div>\n\t\t\t\t<\/div>\n\t\t\t\t<\/div>\n\t\t\t\t\t<\/div>\n\t\t\t\t<\/main>\n\t\t\t\t<\/div>\n\t\t","protected":false},"excerpt":{"rendered":"<p>Zamrzovanje &#8211; uvod Zamrzovanje Obstajajo tri mo\u017enosti zamrzovanja, ki lahko pomagajo ohraniti plodnost \u017eenske: Zamrzovanje jaj\u010dec Zamrzovanje zarodkov Zamrzovanje tkiva jaj\u010dnikov Jaj\u010deca, zarodke in tkiva jaj\u010dnikov lahko zamrznemo in shranimo za ve\u010d let. Ob pravem \u010dasu, jih lahko odtalimo in uporabimo za zanositev po kon\u010danem zdravljenju raka. Za shranjevanje jaj\u010dec, zarodkov in tkiva jaj\u010dnikov so [&hellip;]<\/p>\n","protected":false},"author":1,"featured_media":0,"parent":6550,"menu_order":0,"comment_status":"closed","ping_status":"open","template":"","meta":{"footnotes":""},"class_list":["post-6564","page","type-page","status-publish","hentry"],"_links":{"self":[{"href":"https:\/\/cancerfertilityandme.org.uk\/sl\/wp-json\/wp\/v2\/pages\/6564","targetHints":{"allow":["GET"]}}],"collection":[{"href":"https:\/\/cancerfertilityandme.org.uk\/sl\/wp-json\/wp\/v2\/pages"}],"about":[{"href":"https:\/\/cancerfertilityandme.org.uk\/sl\/wp-json\/wp\/v2\/types\/page"}],"author":[{"embeddable":true,"href":"https:\/\/cancerfertilityandme.org.uk\/sl\/wp-json\/wp\/v2\/users\/1"}],"replies":[{"embeddable":true,"href":"https:\/\/cancerfertilityandme.org.uk\/sl\/wp-json\/wp\/v2\/comments?post=6564"}],"version-history":[{"count":3,"href":"https:\/\/cancerfertilityandme.org.uk\/sl\/wp-json\/wp\/v2\/pages\/6564\/revisions"}],"predecessor-version":[{"id":9486,"href":"https:\/\/cancerfertilityandme.org.uk\/sl\/wp-json\/wp\/v2\/pages\/6564\/revisions\/9486"}],"up":[{"embeddable":true,"href":"https:\/\/cancerfertilityandme.org.uk\/sl\/wp-json\/wp\/v2\/pages\/6550"}],"wp:attachment":[{"href":"https:\/\/cancerfertilityandme.org.uk\/sl\/wp-json\/wp\/v2\/media?parent=6564"}],"curies":[{"name":"wp","href":"https:\/\/api.w.org\/{rel}","templated":true}]}}