{"id":6560,"date":"2018-11-07T09:47:04","date_gmt":"2018-11-07T09:47:04","guid":{"rendered":"https:\/\/cancerfertilityandme.org.uk\/povzetek-moznosti-ohranjanja-plodnosti\/"},"modified":"2025-11-17T11:00:16","modified_gmt":"2025-11-17T11:00:16","slug":"povzetek-moznosti-ohranjanja-plodnosti","status":"publish","type":"page","link":"https:\/\/cancerfertilityandme.org.uk\/sl\/odrasle-zenske\/moznosti-ohranjanja-plodnosti-2\/povzetek-moznosti-ohranjanja-plodnosti\/","title":{"rendered":"Povzetek mo\u017enosti ohranjanja plodnosti"},"content":{"rendered":"\t\t<div data-elementor-type=\"wp-page\" data-elementor-id=\"6560\" class=\"elementor elementor-6560 elementor-5589\" data-elementor-post-type=\"page\">\n\t\t\t\t<main class=\"elementor-element elementor-element-25a182d e-flex e-con-boxed e-con e-parent\" data-id=\"25a182d\" data-element_type=\"container\" data-e-type=\"container\">\n\t\t\t\t\t<div class=\"e-con-inner\">\n\t\t<div class=\"elementor-element elementor-element-3204df80 e-con-full e-flex e-con e-child\" data-id=\"3204df80\" data-element_type=\"container\" data-e-type=\"container\">\n\t\t\t\t<div class=\"elementor-element elementor-element-370f079b elementor-widget elementor-widget-text-editor\" data-id=\"370f079b\" data-element_type=\"widget\" data-e-type=\"widget\" data-widget_type=\"text-editor.default\">\n\t\t\t\t<div class=\"elementor-widget-container\">\n\t\t\t\t\t\t\t\t\t<h2>Povzetek mo\u017enosti ohranjanja plodnosti<\/h2>\t\t\t\t\t\t\t\t<\/div>\n\t\t\t\t<\/div>\n\t\t<div class=\"elementor-element elementor-element-781f8b5e e-con-full e-flex e-con e-child\" data-id=\"781f8b5e\" data-element_type=\"container\" data-e-type=\"container\" data-settings=\"{&quot;background_background&quot;:&quot;classic&quot;}\">\n\t\t\t\t<div class=\"elementor-element elementor-element-7f12b723 elementor-widget elementor-widget-text-editor\" data-id=\"7f12b723\" data-element_type=\"widget\" data-e-type=\"widget\" data-widget_type=\"text-editor.default\">\n\t\t\t\t<div class=\"elementor-widget-container\">\n\t\t\t\t\t\t\t\t\t<h3 style=\"text-align: center;\">Brez ohranjanja plodnosti<\/h3><hr><h3>Komu je namenjeno?<\/h3><p>\u017denskam, ki \u017eelijo \u0161e po\u010dakati z odlo\u010ditvijo; ki so si \u017ee ustvarile dru\u017eino; morajo nemudoma za\u010deti z zdravljenjem raka; nimajo \u017eelje po zanositvi po zaklju\u010dku zdravljenja ; nimajo na voljo mo\u017enosti za ohranjanje plodnosti.<\/p><h3>Mo\u017enost, da boste imeli otroka<\/h3><p>Spremenljiva. Odvisno od tega, kako je zdravljenje raka vplivalo na va\u0161e jaj\u010dnike. <\/p><h3>Neza\u017eeleni u\u010dinki zdravljenja neplodnosti<\/h3><p>Pri zdravljenju neplodnosti ni stranskih u\u010dinkov.<\/p><h3>Zamuda pri za\u010detku zdravljenja raka<\/h3><p>Brez zamude.<\/p><h3>Vpliv na ponovno pojavitev raka<\/h3><p>Ni vpliva.<\/p>\t\t\t\t\t\t\t\t<\/div>\n\t\t\t\t<\/div>\n\t\t\t\t<\/div>\n\t\t<div class=\"elementor-element elementor-element-a6abaa5 e-con-full e-flex e-con e-child\" data-id=\"a6abaa5\" data-element_type=\"container\" data-e-type=\"container\" data-settings=\"{&quot;background_background&quot;:&quot;classic&quot;}\">\n\t\t\t\t<div class=\"elementor-element elementor-element-babb161 elementor-widget elementor-widget-text-editor\" data-id=\"babb161\" data-element_type=\"widget\" data-e-type=\"widget\" data-widget_type=\"text-editor.default\">\n\t\t\t\t<div class=\"elementor-widget-container\">\n\t\t\t\t\t\t\t\t\t<h3 style=\"text-align: center;\">Zamrzovanje jaj\u010dec<\/h3><hr><h3>Komu je namenjeno?<\/h3><p>\u017denskam, ki nimajo partnerja; ne \u017eelijo uporabiti donirane sperme; se zaradi svojih prepri\u010danj ne odlo\u010dijo za zamrznitev zarodkov; imajo \u010das, da pred za\u010detkom zdravljenja raka opravijo cikel zdravljenja neplodnosti.<\/p><h3>Mo\u017enost, da boste imeli otroka<\/h3><p>So razli\u010dne. \u017denske, mlaj\u0161e od 35 let, ki shranijo 10 jaj\u010dec, imajo pribli\u017eno 40-odstotno mo\u017enost, da bodo imele otroka. Mo\u017enosti \u017eensk, starej\u0161ih od 35 let so slab\u0161e. \u017denske, mlaj\u0161e od 35 let, imajo lahko dobre mo\u017enosti, \u010de je mogo\u010de shraniti dovolj jaj\u010dec.   <\/p><h3>Neza\u017eeleni u\u010dinki zdravljenja neplodnosti<\/h3><p>Glavoboli, spremembe razpolo\u017eenja, vro\u010dinski oblivi in dra\u017eenje ko\u017ee; povi\u0161anje ravni hormona estrogena (ni varno za \u017eenske, ki imajo na estrogen ob\u010dutljivega raka dojk); mo\u017enost oku\u017ebe ali krvavitve; po\u0161kodbe drugih medeni\u010dnih struktur (ni varno za \u017eenske z rakom medenici).<\/p><h3>Zamuda pri za\u010detku zdravljenja raka<\/h3><p>Dva tedna.<\/p><h3>Vpliv na ponovno pojavitev raka<\/h3><p>Ni podatkov, ki bi kazali, da to vpliva na mo\u017enost, da se rak vrne.<\/p>\t\t\t\t\t\t\t\t<\/div>\n\t\t\t\t<\/div>\n\t\t\t\t<\/div>\n\t\t<div class=\"elementor-element elementor-element-79c9e2a e-con-full e-flex e-con e-child\" data-id=\"79c9e2a\" data-element_type=\"container\" data-e-type=\"container\" data-settings=\"{&quot;background_background&quot;:&quot;classic&quot;}\">\n\t\t\t\t<div class=\"elementor-element elementor-element-f8413c2 elementor-widget elementor-widget-text-editor\" data-id=\"f8413c2\" data-element_type=\"widget\" data-e-type=\"widget\" data-widget_type=\"text-editor.default\">\n\t\t\t\t<div class=\"elementor-widget-container\">\n\t\t\t\t\t\t\t\t\t<h3 style=\"text-align: center;\">Zamrznitev zarodka<\/h3><hr><h3>Komu je namenjeno?<\/h3><p>\u017denskam, ki imajo \u010das, da pred za\u010detkom zdravljenja raka opravijo cikel zdravljenja neplodnosti; \u017eenske z mo\u0161kim partnerjem, saj sta za oploditev potrebna tako jaj\u010dece kot sperma.<\/p><h3>Mo\u017enost, da boste imeli otroka<\/h3><p>So razli\u010dne. Mo\u017enost, da bo zamrznitev zarodkov pomagala \u017eenski zanositi po zaklju\u010denem zdravljenju raka, je pribli\u017eno 30 %. Ve\u010djo mo\u017enost zanositve imajo \u017eenske mlaj\u0161e od 35 let. \u017denske, starej\u0161e od 35 let, bodo imele manj\u0161o mo\u017enost.   <\/p><h3>Neza\u017eeleni u\u010dinki zdravljenja neplodnosti<\/h3><p>Glavoboli, spremembe razpolo\u017eenja, vro\u010dinski oblivi in dra\u017eenje ko\u017ee; povi\u0161anje ravni hormona estrogena (ni varno za \u017eenske, ki imajo na estrogen ob\u010dutljivega raka dojk); mo\u017enost oku\u017ebe ali krvavitve; po\u0161kodbe drugih medeni\u010dnih struktur (ni varno za \u017eenske z rakom medenici).<\/p><h3>Zamuda pri za\u010detku zdravljenja raka<\/h3><p>Dva tedna.<\/p><h3>Vpliv na ponovno pojavitev raka<\/h3><p>Ni podatkov, ki bi kazali, da to vpliva na mo\u017enost, da se rak vrne.<\/p>\t\t\t\t\t\t\t\t<\/div>\n\t\t\t\t<\/div>\n\t\t\t\t<\/div>\n\t\t<div class=\"elementor-element elementor-element-d2e018f e-con-full e-flex e-con e-child\" data-id=\"d2e018f\" data-element_type=\"container\" data-e-type=\"container\" data-settings=\"{&quot;background_background&quot;:&quot;classic&quot;}\">\n\t\t\t\t<div class=\"elementor-element elementor-element-9a7f7c3 elementor-widget elementor-widget-text-editor\" data-id=\"9a7f7c3\" data-element_type=\"widget\" data-e-type=\"widget\" data-widget_type=\"text-editor.default\">\n\t\t\t\t<div class=\"elementor-widget-container\">\n\t\t\t\t\t\t\t\t\t<h3 style=\"text-align: center;\">Zamrzovanje tkiva jaj\u010dnikov<\/h3><hr><h3>Komu je namenjeno?<\/h3><p>\u017denskam, ki nimajo \u010dasa za zamrznitev zarodkov ali jaj\u010dec; ki ne morejo uporabljati zdravil za neplodnost; ki imajo raje mo\u017enost poznej\u0161e naravne zanositve; dekleta, ki \u0161e niso dosegla pubertete<\/p><h3>Mo\u017enost, da boste imeli otroka<\/h3><p>Novej\u0161a metoda ohranjanja plodnosti. \u0160tevilo \u017eivorojenih otrok je po vsem svetu pribli\u017eno 30 od 100 (30 %). <\/p><h3>Neza\u017eeleni u\u010dinki zdravljenja neplodnosti<\/h3><p>Vklju\u010duje operacijo, zato obstaja mo\u017enost po\u0161kodbe mehurja ali \u010drevesja; mo\u017enost oku\u017ebe ali krvavitve. Mo\u017enost, da se rakave celice z zamrznjenim tkivom jaj\u010dnika vrnejo v telo (ni varno za \u017eenske s krvnim rakom, kot je levkemija). <\/p><h3>Zamuda pri za\u010detku zdravljenja raka<\/h3><p>Verjetno ga ni ali pa je le nekaj dni.<\/p><h3>Vpliv na ponovno pojavitev raka<\/h3><p>Ni podatkov, ki bi kazali, da to vpliva na mo\u017enost, da se rak vrne.<\/p>\t\t\t\t\t\t\t\t<\/div>\n\t\t\t\t<\/div>\n\t\t\t\t<\/div>\n\t\t<div class=\"elementor-element elementor-element-5013e21 e-con-full e-flex e-con e-child\" data-id=\"5013e21\" data-element_type=\"container\" data-e-type=\"container\" data-settings=\"{&quot;background_background&quot;:&quot;classic&quot;}\">\n\t\t\t\t<div class=\"elementor-element elementor-element-c3b7da8 elementor-widget elementor-widget-text-editor\" data-id=\"c3b7da8\" data-element_type=\"widget\" data-e-type=\"widget\" data-widget_type=\"text-editor.default\">\n\t\t\t\t<div class=\"elementor-widget-container\">\n\t\t\t\t\t\t\t\t\t<h3 style=\"text-align: center;\">Zatiranje jaj\u010dnikov<\/h3><hr><h3>Komu je namenjeno?<\/h3><p>\u017denskam, ki se zdravijo s kemoterapijo; dekletom, ki so dosegla puberteto.<\/p><h3>Mo\u017enost, da boste imeli otroka<\/h3><p>Ni jasno, ali ta metoda pove\u010duje verjetnost, da boste po zdravljenju lahko imeli otroka.<\/p><h3>Neza\u017eeleni u\u010dinki zdravljenja neplodnosti<\/h3><p>Vro\u010dinski oblivi; spremembe razpolo\u017eenja; te\u017eave s spanjem; suhost no\u017enice.<\/p><h3>Zamuda pri za\u010detku zdravljenja raka<\/h3><p>Verjetno ni.<\/p><h3>Vpliv na ponovno pojavitev raka<\/h3><p>Ni vpliva.<\/p>\t\t\t\t\t\t\t\t<\/div>\n\t\t\t\t<\/div>\n\t\t\t\t<\/div>\n\t\t\t\t<\/div>\n\t\t<div class=\"elementor-element elementor-element-78fd630d e-con-full e-flex e-con e-child\" data-id=\"78fd630d\" data-element_type=\"container\" data-e-type=\"container\">\n\t\t<div class=\"elementor-element elementor-element-1ec77f10 e-con-full e-flex e-con e-child\" data-id=\"1ec77f10\" data-element_type=\"container\" data-e-type=\"container\">\n\t\t\t\t<div class=\"elementor-element elementor-element-76a85363 elementor-widget elementor-widget-image\" data-id=\"76a85363\" data-element_type=\"widget\" data-e-type=\"widget\" data-widget_type=\"image.default\">\n\t\t\t\t<div class=\"elementor-widget-container\">\n\t\t\t\t\t\t\t\t\t\t\t\t\t\t\t\t<a href=\"http:\/\/.\/\">\n\t\t\t\t\t\t\t<img fetchpriority=\"high\" decoding=\"async\" width=\"400\" height=\"440\" src=\"https:\/\/cancerfertilityandme.org.uk\/wp-content\/uploads\/cancerfertilityandme-logo-column-adult-women.png\" class=\"attachment-full size-full wp-image-2285\" alt=\"\" srcset=\"https:\/\/cancerfertilityandme.org.uk\/wp-content\/uploads\/cancerfertilityandme-logo-column-adult-women.png 400w, https:\/\/cancerfertilityandme.org.uk\/wp-content\/uploads\/cancerfertilityandme-logo-column-adult-women-273x300.png 273w\" sizes=\"(max-width: 400px) 100vw, 400px\" \/>\t\t\t\t\t\t\t\t<\/a>\n\t\t\t\t\t\t\t\t\t\t\t\t\t\t\t<\/div>\n\t\t\t\t<\/div>\n\t\t\t\t<\/div>\n\t\t<div class=\"elementor-element elementor-element-643b0697 e-con-full e-flex e-con e-child\" data-id=\"643b0697\" data-element_type=\"container\" data-e-type=\"container\">\n\t\t\t\t<div class=\"elementor-element elementor-element-773233c4 elementor-widget elementor-widget-heading\" data-id=\"773233c4\" data-element_type=\"widget\" data-e-type=\"widget\" data-widget_type=\"heading.default\">\n\t\t\t\t<div class=\"elementor-widget-container\">\n\t\t\t\t\t<h3 class=\"elementor-heading-title elementor-size-default\">Za ve\u010d informacij sledite tem povezavam<\/h3>\t\t\t\t<\/div>\n\t\t\t\t<\/div>\n\t\t\t\t<div class=\"elementor-element elementor-element-30636de4 elementor-nav-menu--dropdown-none elementor-widget elementor-widget-nav-menu\" data-id=\"30636de4\" data-element_type=\"widget\" data-e-type=\"widget\" data-settings=\"{&quot;layout&quot;:&quot;vertical&quot;,&quot;submenu_icon&quot;:{&quot;value&quot;:&quot;&lt;svg aria-hidden=\\&quot;true\\&quot; class=\\&quot;e-font-icon-svg e-fas-caret-down\\&quot; viewBox=\\&quot;0 0 320 512\\&quot; xmlns=\\&quot;http:\\\/\\\/www.w3.org\\\/2000\\\/svg\\&quot;&gt;&lt;path d=\\&quot;M31.3 192h257.3c17.8 0 26.7 21.5 14.1 34.1L174.1 354.8c-7.8 7.8-20.5 7.8-28.3 0L17.2 226.1C4.6 213.5 13.5 192 31.3 192z\\&quot;&gt;&lt;\\\/path&gt;&lt;\\\/svg&gt;&quot;,&quot;library&quot;:&quot;fa-solid&quot;}}\" data-widget_type=\"nav-menu.default\">\n\t\t\t\t<div class=\"elementor-widget-container\">\n\t\t\t\t\t\t\t\t<nav aria-label=\"Menu\" class=\"elementor-nav-menu--main elementor-nav-menu__container elementor-nav-menu--layout-vertical e--pointer-none\">\n\t\t\t\t<ul id=\"menu-1-30636de4\" class=\"elementor-nav-menu sm-vertical\"><li class=\"menu-item menu-item-type-post_type menu-item-object-page menu-item-6985\"><a href=\"https:\/\/cancerfertilityandme.org.uk\/adult-women\/fertility-preservation-options\/\" class=\"elementor-item\">Mo\u017enosti ohranjanja plodnosti<\/a><\/li>\n<li class=\"menu-item menu-item-type-post_type menu-item-object-page menu-item-6994\"><a href=\"https:\/\/cancerfertilityandme.org.uk\/adult-women\/fertility-preservation-options\/summary-of-fertility-preservation-options\/\" class=\"elementor-item\">Povzetek mo\u017enosti ohranjanja plodnosti<\/a><\/li>\n<li class=\"menu-item menu-item-type-post_type menu-item-object-page menu-item-6990\"><a href=\"https:\/\/cancerfertilityandme.org.uk\/adult-women\/fertility-preservation-options\/no-fertility-preservation\/\" class=\"elementor-item\">Brez ohranjanja plodnosti<\/a><\/li>\n<li class=\"menu-item menu-item-type-post_type menu-item-object-page menu-item-6987\"><a href=\"https:\/\/cancerfertilityandme.org.uk\/adult-women\/fertility-preservation-options\/egg-freezing\/\" class=\"elementor-item\">Zamrzovanje jaj\u010dec<\/a><\/li>\n<li class=\"menu-item menu-item-type-post_type menu-item-object-page menu-item-6988\"><a href=\"https:\/\/cancerfertilityandme.org.uk\/adult-women\/fertility-preservation-options\/embryo-freezing\/\" class=\"elementor-item\">Zamrzovanje zarodkov<\/a><\/li>\n<li class=\"menu-item menu-item-type-post_type menu-item-object-page menu-item-6992\"><a href=\"https:\/\/cancerfertilityandme.org.uk\/adult-women\/fertility-preservation-options\/ovarian-tissue-freezing\/\" class=\"elementor-item\">Zamrzovanje tkiva jaj\u010dnikov<\/a><\/li>\n<li class=\"menu-item menu-item-type-post_type menu-item-object-page menu-item-6991\"><a href=\"https:\/\/cancerfertilityandme.org.uk\/adult-women\/fertility-preservation-options\/ovarian-suppression\/\" class=\"elementor-item\">Zatiranje jaj\u010dnikov<\/a><\/li>\n<li class=\"menu-item menu-item-type-post_type menu-item-object-page menu-item-6986\"><a href=\"https:\/\/cancerfertilityandme.org.uk\/adult-women\/fertility-preservation-options\/cancer-specific-fertility-sparing-options\/\" class=\"elementor-item\">Postopki za ohranitev plodnosti, zna\u010dilni za nekatere vrste raka<\/a><\/li>\n<li class=\"menu-item menu-item-type-post_type menu-item-object-page menu-item-11368\"><a href=\"https:\/\/cancerfertilityandme.org.uk\/adult-women\/fertility-preservation-options\/other-cancer-treatments\/\" class=\"elementor-item\">Druge metode zdravljenja raka<\/a><\/li>\n<li class=\"menu-item menu-item-type-post_type menu-item-object-page menu-item-6993\"><a href=\"https:\/\/cancerfertilityandme.org.uk\/adult-women\/fertility-preservation-options\/questions-to-ask-your-cancer-fertility-care-teams\/\" class=\"elementor-item\">Vpra\u0161anja, ki jih lahko zastavite svoji ekipi za zdravljenje raka in ekipi za zdravljenje neplodnosti<\/a><\/li>\n<\/ul>\t\t\t<\/nav>\n\t\t\t\t\t\t<nav class=\"elementor-nav-menu--dropdown elementor-nav-menu__container\" aria-hidden=\"true\">\n\t\t\t\t<ul id=\"menu-2-30636de4\" class=\"elementor-nav-menu sm-vertical\"><li class=\"menu-item menu-item-type-post_type menu-item-object-page menu-item-6985\"><a href=\"https:\/\/cancerfertilityandme.org.uk\/adult-women\/fertility-preservation-options\/\" class=\"elementor-item\" tabindex=\"-1\">Mo\u017enosti ohranjanja plodnosti<\/a><\/li>\n<li class=\"menu-item menu-item-type-post_type menu-item-object-page menu-item-6994\"><a href=\"https:\/\/cancerfertilityandme.org.uk\/adult-women\/fertility-preservation-options\/summary-of-fertility-preservation-options\/\" class=\"elementor-item\" tabindex=\"-1\">Povzetek mo\u017enosti ohranjanja plodnosti<\/a><\/li>\n<li class=\"menu-item menu-item-type-post_type menu-item-object-page menu-item-6990\"><a href=\"https:\/\/cancerfertilityandme.org.uk\/adult-women\/fertility-preservation-options\/no-fertility-preservation\/\" class=\"elementor-item\" tabindex=\"-1\">Brez ohranjanja plodnosti<\/a><\/li>\n<li class=\"menu-item menu-item-type-post_type menu-item-object-page menu-item-6987\"><a href=\"https:\/\/cancerfertilityandme.org.uk\/adult-women\/fertility-preservation-options\/egg-freezing\/\" class=\"elementor-item\" tabindex=\"-1\">Zamrzovanje jaj\u010dec<\/a><\/li>\n<li class=\"menu-item menu-item-type-post_type menu-item-object-page menu-item-6988\"><a href=\"https:\/\/cancerfertilityandme.org.uk\/adult-women\/fertility-preservation-options\/embryo-freezing\/\" class=\"elementor-item\" tabindex=\"-1\">Zamrzovanje zarodkov<\/a><\/li>\n<li class=\"menu-item menu-item-type-post_type menu-item-object-page menu-item-6992\"><a href=\"https:\/\/cancerfertilityandme.org.uk\/adult-women\/fertility-preservation-options\/ovarian-tissue-freezing\/\" class=\"elementor-item\" tabindex=\"-1\">Zamrzovanje tkiva jaj\u010dnikov<\/a><\/li>\n<li class=\"menu-item menu-item-type-post_type menu-item-object-page menu-item-6991\"><a href=\"https:\/\/cancerfertilityandme.org.uk\/adult-women\/fertility-preservation-options\/ovarian-suppression\/\" class=\"elementor-item\" tabindex=\"-1\">Zatiranje jaj\u010dnikov<\/a><\/li>\n<li class=\"menu-item menu-item-type-post_type menu-item-object-page menu-item-6986\"><a href=\"https:\/\/cancerfertilityandme.org.uk\/adult-women\/fertility-preservation-options\/cancer-specific-fertility-sparing-options\/\" class=\"elementor-item\" tabindex=\"-1\">Postopki za ohranitev plodnosti, zna\u010dilni za nekatere vrste raka<\/a><\/li>\n<li class=\"menu-item menu-item-type-post_type menu-item-object-page menu-item-11368\"><a href=\"https:\/\/cancerfertilityandme.org.uk\/adult-women\/fertility-preservation-options\/other-cancer-treatments\/\" class=\"elementor-item\" tabindex=\"-1\">Druge metode zdravljenja raka<\/a><\/li>\n<li class=\"menu-item menu-item-type-post_type menu-item-object-page menu-item-6993\"><a href=\"https:\/\/cancerfertilityandme.org.uk\/adult-women\/fertility-preservation-options\/questions-to-ask-your-cancer-fertility-care-teams\/\" class=\"elementor-item\" tabindex=\"-1\">Vpra\u0161anja, ki jih lahko zastavite svoji ekipi za zdravljenje raka in ekipi za zdravljenje neplodnosti<\/a><\/li>\n<\/ul>\t\t\t<\/nav>\n\t\t\t\t\t\t<\/div>\n\t\t\t\t<\/div>\n\t\t\t\t<\/div>\n\t\t\t\t<\/div>\n\t\t\t\t\t<\/div>\n\t\t\t\t<\/main>\n\t\t\t\t<\/div>\n\t\t","protected":false},"excerpt":{"rendered":"<p>Povzetek mo\u017enosti ohranjanja plodnosti Brez ohranjanja plodnosti Komu je namenjeno? \u017denskam, ki \u017eelijo \u0161e po\u010dakati z odlo\u010ditvijo; ki so si \u017ee ustvarile dru\u017eino; morajo nemudoma za\u010deti z zdravljenjem raka; nimajo \u017eelje po zanositvi po zaklju\u010dku zdravljenja ; nimajo na voljo mo\u017enosti za ohranjanje plodnosti. Mo\u017enost, da boste imeli otroka Spremenljiva. Odvisno od tega, kako je [&hellip;]<\/p>\n","protected":false},"author":1,"featured_media":0,"parent":6550,"menu_order":0,"comment_status":"closed","ping_status":"open","template":"","meta":{"footnotes":""},"class_list":["post-6560","page","type-page","status-publish","hentry"],"_links":{"self":[{"href":"https:\/\/cancerfertilityandme.org.uk\/sl\/wp-json\/wp\/v2\/pages\/6560","targetHints":{"allow":["GET"]}}],"collection":[{"href":"https:\/\/cancerfertilityandme.org.uk\/sl\/wp-json\/wp\/v2\/pages"}],"about":[{"href":"https:\/\/cancerfertilityandme.org.uk\/sl\/wp-json\/wp\/v2\/types\/page"}],"author":[{"embeddable":true,"href":"https:\/\/cancerfertilityandme.org.uk\/sl\/wp-json\/wp\/v2\/users\/1"}],"replies":[{"embeddable":true,"href":"https:\/\/cancerfertilityandme.org.uk\/sl\/wp-json\/wp\/v2\/comments?post=6560"}],"version-history":[{"count":3,"href":"https:\/\/cancerfertilityandme.org.uk\/sl\/wp-json\/wp\/v2\/pages\/6560\/revisions"}],"predecessor-version":[{"id":9542,"href":"https:\/\/cancerfertilityandme.org.uk\/sl\/wp-json\/wp\/v2\/pages\/6560\/revisions\/9542"}],"up":[{"embeddable":true,"href":"https:\/\/cancerfertilityandme.org.uk\/sl\/wp-json\/wp\/v2\/pages\/6550"}],"wp:attachment":[{"href":"https:\/\/cancerfertilityandme.org.uk\/sl\/wp-json\/wp\/v2\/media?parent=6560"}],"curies":[{"name":"wp","href":"https:\/\/api.w.org\/{rel}","templated":true}]}}