{"id":6538,"date":"2018-11-07T09:37:24","date_gmt":"2018-11-07T09:37:24","guid":{"rendered":"https:\/\/cancerfertilityandme.org.uk\/kemoterapija\/"},"modified":"2025-11-17T10:55:03","modified_gmt":"2025-11-17T10:55:03","slug":"kemoterapija","status":"publish","type":"page","link":"https:\/\/cancerfertilityandme.org.uk\/sl\/odrasle-zenske\/rak-plodnost-in-reproduktivni-sistem\/kemoterapija\/","title":{"rendered":"Chemotherapy"},"content":{"rendered":"\t\t<div data-elementor-type=\"wp-page\" data-elementor-id=\"6538\" class=\"elementor elementor-6538 elementor-5403\" data-elementor-post-type=\"page\">\n\t\t\t\t<main class=\"elementor-element elementor-element-4fa56e44 e-flex e-con-boxed e-con e-parent\" data-id=\"4fa56e44\" data-element_type=\"container\" data-e-type=\"container\">\n\t\t\t\t\t<div class=\"e-con-inner\">\n\t\t<div class=\"elementor-element elementor-element-5efa7440 e-con-full e-flex e-con e-child\" data-id=\"5efa7440\" data-element_type=\"container\" data-e-type=\"container\">\n\t\t\t\t<div class=\"elementor-element elementor-element-10cf322b elementor-widget elementor-widget-text-editor\" data-id=\"10cf322b\" data-element_type=\"widget\" data-e-type=\"widget\" data-widget_type=\"text-editor.default\">\n\t\t\t\t<div class=\"elementor-widget-container\">\n\t\t\t\t\t\t\t\t\t<h2>Chemotherapy<\/h2><p>Kemoterapija je uporaba zdravil za uni\u010denje ali upo\u010dasnitev rasti rakavih celic. Pogosto povzro\u010da ne\u017eelene u\u010dinke na zdrave celice v telesu in lahko vpliva na plodnost \u017eenske. To lahko po\u0161koduje jaj\u010dnike in zmanj\u0161a \u0161tevilo jaj\u010dec (rezervo jaj\u010dnikov).  <\/p><p>Vpliv kemoterapije na plodnost je odvisen od:<\/p><ul><li>Vrste zdravil, ki jih boste prejeli.<\/li><li>Odmerka in trajanja terapije z zdravili.<\/li><li>Kombinacije zdravil, ki jih boste prejeli.<\/li><li>Va\u0161e starosti in prej\u0161njega stanja plodnosti.<\/li><\/ul><p>Kemoterapija lahko po\u0161koduje \u017eenske jaj\u010dnike in jaj\u010deca. To lahko pomeni, da se \u017eenski med kemoterapijo menstrualni cikel pogosto ustavi (amenoreja) ali postane nereden (oligomenoreja). Ta je lahko za\u010dasna ali trajna.  <\/p>\t\t\t\t\t\t\t\t<\/div>\n\t\t\t\t<\/div>\n\t\t<div class=\"elementor-element elementor-element-2dd22c26 e-con-full e-flex e-con e-child\" data-id=\"2dd22c26\" data-element_type=\"container\" data-e-type=\"container\" data-settings=\"{&quot;background_background&quot;:&quot;classic&quot;}\">\n\t\t\t\t<div class=\"elementor-element elementor-element-1c449ffa elementor-widget elementor-widget-text-editor\" data-id=\"1c449ffa\" data-element_type=\"widget\" data-e-type=\"widget\" data-widget_type=\"text-editor.default\">\n\t\t\t\t<div class=\"elementor-widget-container\">\n\t\t\t\t\t\t\t\t\t<h3>Spremembe menstrualnega cikla<\/h3><h4>Temporary<\/h4><p>\u010ce so spremembe menstrualnega cikla za\u010dasne, se bodo menstruacije po zdravljenju raka vrnile. To se lahko zgodi v nekaj mesecih, lahko pa traja tudi leto dni ali ve\u010d. \u010cim mlaj\u0161e ste med zdravljenjem s kemoterapijo in \u010de ste mlaj\u0161e od 35 let, tem ve\u010dja je verjetnost, da se vam bo menstruacija vrnila. \u0160tevilo plodnih let je lahko manj\u0161e. Tudi \u010de se menstruacija povrne, to \u0161e ne zagotavlja, da boste lahko zanosili.    <\/p><h4>Trajno<\/h4><p>\u010ce so spremembe menstrualnega cikla trajne, to pomeni, da se menstruacija po zdravljenju raka ne bo ve\u010d vrnila in da se za\u010dne menopavza. Pri \u017eenskah, starej\u0161ih od 35 let, je ve\u010dja verjetnost, da bodo po zdravljenju raka neplodne. <\/p>\t\t\t\t\t\t\t\t<\/div>\n\t\t\t\t<\/div>\n\t\t\t\t<\/div>\n\t\t\t\t<\/div>\n\t\t<div class=\"elementor-element elementor-element-5110ee42 e-con-full e-flex e-con e-child\" data-id=\"5110ee42\" data-element_type=\"container\" data-e-type=\"container\">\n\t\t<div class=\"elementor-element elementor-element-4ea5cb71 e-con-full e-flex e-con e-child\" data-id=\"4ea5cb71\" data-element_type=\"container\" data-e-type=\"container\">\n\t\t\t\t<div class=\"elementor-element elementor-element-68742dde elementor-widget elementor-widget-image\" data-id=\"68742dde\" data-element_type=\"widget\" data-e-type=\"widget\" data-widget_type=\"image.default\">\n\t\t\t\t<div class=\"elementor-widget-container\">\n\t\t\t\t\t\t\t\t\t\t\t\t\t\t\t\t<a href=\"http:\/\/.\/\">\n\t\t\t\t\t\t\t<img fetchpriority=\"high\" decoding=\"async\" width=\"400\" height=\"440\" src=\"https:\/\/cancerfertilityandme.org.uk\/wp-content\/uploads\/cancerfertilityandme-logo-column-adult-women.png\" class=\"attachment-full size-full wp-image-2285\" alt=\"\" srcset=\"https:\/\/cancerfertilityandme.org.uk\/wp-content\/uploads\/cancerfertilityandme-logo-column-adult-women.png 400w, https:\/\/cancerfertilityandme.org.uk\/wp-content\/uploads\/cancerfertilityandme-logo-column-adult-women-273x300.png 273w\" sizes=\"(max-width: 400px) 100vw, 400px\" \/>\t\t\t\t\t\t\t\t<\/a>\n\t\t\t\t\t\t\t\t\t\t\t\t\t\t\t<\/div>\n\t\t\t\t<\/div>\n\t\t\t\t<\/div>\n\t\t<div class=\"elementor-element elementor-element-8cd3d9a e-con-full e-flex e-con e-child\" data-id=\"8cd3d9a\" data-element_type=\"container\" data-e-type=\"container\">\n\t\t\t\t<div class=\"elementor-element elementor-element-135bacb0 elementor-widget elementor-widget-heading\" data-id=\"135bacb0\" data-element_type=\"widget\" data-e-type=\"widget\" data-widget_type=\"heading.default\">\n\t\t\t\t<div class=\"elementor-widget-container\">\n\t\t\t\t\t<h3 class=\"elementor-heading-title elementor-size-default\">Za ve\u010d informacij sledite tem povezavam<\/h3>\t\t\t\t<\/div>\n\t\t\t\t<\/div>\n\t\t\t\t<div class=\"elementor-element elementor-element-eae2777 elementor-nav-menu--dropdown-none elementor-widget elementor-widget-nav-menu\" data-id=\"eae2777\" data-element_type=\"widget\" data-e-type=\"widget\" data-settings=\"{&quot;layout&quot;:&quot;vertical&quot;,&quot;submenu_icon&quot;:{&quot;value&quot;:&quot;&lt;svg aria-hidden=\\&quot;true\\&quot; class=\\&quot;e-font-icon-svg e-fas-caret-down\\&quot; viewBox=\\&quot;0 0 320 512\\&quot; xmlns=\\&quot;http:\\\/\\\/www.w3.org\\\/2000\\\/svg\\&quot;&gt;&lt;path d=\\&quot;M31.3 192h257.3c17.8 0 26.7 21.5 14.1 34.1L174.1 354.8c-7.8 7.8-20.5 7.8-28.3 0L17.2 226.1C4.6 213.5 13.5 192 31.3 192z\\&quot;&gt;&lt;\\\/path&gt;&lt;\\\/svg&gt;&quot;,&quot;library&quot;:&quot;fa-solid&quot;}}\" data-widget_type=\"nav-menu.default\">\n\t\t\t\t<div class=\"elementor-widget-container\">\n\t\t\t\t\t\t\t\t<nav aria-label=\"Menu\" class=\"elementor-nav-menu--main elementor-nav-menu__container elementor-nav-menu--layout-vertical e--pointer-none\">\n\t\t\t\t<ul id=\"menu-1-eae2777\" class=\"elementor-nav-menu sm-vertical\"><li class=\"menu-item menu-item-type-post_type menu-item-object-page menu-item-6859\"><a href=\"https:\/\/cancerfertilityandme.org.uk\/adult-women\/cancer-fertility-and-the-reproductive-system\/\" class=\"elementor-item\">Rak, plodnost in reproduktivni sistem<\/a><\/li>\n<li class=\"menu-item menu-item-type-post_type menu-item-object-page menu-item-6853\"><a href=\"https:\/\/cancerfertilityandme.org.uk\/adult-women\/cancer-fertility-and-the-reproductive-system\/how-cancer-treatments-affect-fertility\/\" class=\"elementor-item\">Kako zdravljenje raka vpliva na plodnost<\/a><\/li>\n<li class=\"menu-item menu-item-type-post_type menu-item-object-page menu-item-6851\"><a href=\"https:\/\/cancerfertilityandme.org.uk\/adult-women\/cancer-fertility-and-the-reproductive-system\/chemotherapy\/\" class=\"elementor-item\">Chemotherapy<\/a><\/li>\n<li class=\"menu-item menu-item-type-post_type menu-item-object-page menu-item-6856\"><a href=\"https:\/\/cancerfertilityandme.org.uk\/adult-women\/cancer-fertility-and-the-reproductive-system\/radiotherapy\/\" class=\"elementor-item\">Radioterapija<\/a><\/li>\n<li class=\"menu-item menu-item-type-post_type menu-item-object-page menu-item-6857\"><a href=\"https:\/\/cancerfertilityandme.org.uk\/adult-women\/cancer-fertility-and-the-reproductive-system\/surgery\/\" class=\"elementor-item\">Kirurgija<\/a><\/li>\n<li class=\"menu-item menu-item-type-post_type menu-item-object-page menu-item-6852\"><a href=\"https:\/\/cancerfertilityandme.org.uk\/adult-women\/cancer-fertility-and-the-reproductive-system\/hormone-therapy\/\" class=\"elementor-item\">Hormonsko zdravljenje<\/a><\/li>\n<li class=\"menu-item menu-item-type-post_type menu-item-object-page menu-item-6858\"><a href=\"https:\/\/cancerfertilityandme.org.uk\/adult-women\/cancer-fertility-and-the-reproductive-system\/targeted-drug-therapies\/\" class=\"elementor-item\">Ciljne terapije z zdravili<\/a><\/li>\n<li class=\"menu-item menu-item-type-post_type menu-item-object-page menu-item-6855\"><a href=\"https:\/\/cancerfertilityandme.org.uk\/adult-women\/cancer-fertility-and-the-reproductive-system\/questions-to-ask\/\" class=\"elementor-item\">Vpra\u0161anja, ki jih je treba zastaviti<\/a><\/li>\n<\/ul>\t\t\t<\/nav>\n\t\t\t\t\t\t<nav class=\"elementor-nav-menu--dropdown elementor-nav-menu__container\" aria-hidden=\"true\">\n\t\t\t\t<ul id=\"menu-2-eae2777\" class=\"elementor-nav-menu sm-vertical\"><li class=\"menu-item menu-item-type-post_type menu-item-object-page menu-item-6859\"><a href=\"https:\/\/cancerfertilityandme.org.uk\/adult-women\/cancer-fertility-and-the-reproductive-system\/\" class=\"elementor-item\" tabindex=\"-1\">Rak, plodnost in reproduktivni sistem<\/a><\/li>\n<li class=\"menu-item menu-item-type-post_type menu-item-object-page menu-item-6853\"><a href=\"https:\/\/cancerfertilityandme.org.uk\/adult-women\/cancer-fertility-and-the-reproductive-system\/how-cancer-treatments-affect-fertility\/\" class=\"elementor-item\" tabindex=\"-1\">Kako zdravljenje raka vpliva na plodnost<\/a><\/li>\n<li class=\"menu-item menu-item-type-post_type menu-item-object-page menu-item-6851\"><a href=\"https:\/\/cancerfertilityandme.org.uk\/adult-women\/cancer-fertility-and-the-reproductive-system\/chemotherapy\/\" class=\"elementor-item\" tabindex=\"-1\">Chemotherapy<\/a><\/li>\n<li class=\"menu-item menu-item-type-post_type menu-item-object-page menu-item-6856\"><a href=\"https:\/\/cancerfertilityandme.org.uk\/adult-women\/cancer-fertility-and-the-reproductive-system\/radiotherapy\/\" class=\"elementor-item\" tabindex=\"-1\">Radioterapija<\/a><\/li>\n<li class=\"menu-item menu-item-type-post_type menu-item-object-page menu-item-6857\"><a href=\"https:\/\/cancerfertilityandme.org.uk\/adult-women\/cancer-fertility-and-the-reproductive-system\/surgery\/\" class=\"elementor-item\" tabindex=\"-1\">Kirurgija<\/a><\/li>\n<li class=\"menu-item menu-item-type-post_type menu-item-object-page menu-item-6852\"><a href=\"https:\/\/cancerfertilityandme.org.uk\/adult-women\/cancer-fertility-and-the-reproductive-system\/hormone-therapy\/\" class=\"elementor-item\" tabindex=\"-1\">Hormonsko zdravljenje<\/a><\/li>\n<li class=\"menu-item menu-item-type-post_type menu-item-object-page menu-item-6858\"><a href=\"https:\/\/cancerfertilityandme.org.uk\/adult-women\/cancer-fertility-and-the-reproductive-system\/targeted-drug-therapies\/\" class=\"elementor-item\" tabindex=\"-1\">Ciljne terapije z zdravili<\/a><\/li>\n<li class=\"menu-item menu-item-type-post_type menu-item-object-page menu-item-6855\"><a href=\"https:\/\/cancerfertilityandme.org.uk\/adult-women\/cancer-fertility-and-the-reproductive-system\/questions-to-ask\/\" class=\"elementor-item\" tabindex=\"-1\">Vpra\u0161anja, ki jih je treba zastaviti<\/a><\/li>\n<\/ul>\t\t\t<\/nav>\n\t\t\t\t\t\t<\/div>\n\t\t\t\t<\/div>\n\t\t\t\t<\/div>\n\t\t\t\t<\/div>\n\t\t\t\t\t<\/div>\n\t\t\t\t<\/main>\n\t\t\t\t<\/div>\n\t\t","protected":false},"excerpt":{"rendered":"<p>Chemotherapy Kemoterapija je uporaba zdravil za uni\u010denje ali upo\u010dasnitev rasti rakavih celic. Pogosto povzro\u010da ne\u017eelene u\u010dinke na zdrave celice v telesu in lahko vpliva na plodnost \u017eenske. To lahko po\u0161koduje jaj\u010dnike in zmanj\u0161a \u0161tevilo jaj\u010dec (rezervo jaj\u010dnikov). Vpliv kemoterapije na plodnost je odvisen od: Vrste zdravil, ki jih boste prejeli. Odmerka in trajanja terapije z [&hellip;]<\/p>\n","protected":false},"author":1,"featured_media":0,"parent":6518,"menu_order":0,"comment_status":"closed","ping_status":"open","template":"","meta":{"footnotes":""},"class_list":["post-6538","page","type-page","status-publish","hentry"],"_links":{"self":[{"href":"https:\/\/cancerfertilityandme.org.uk\/sl\/wp-json\/wp\/v2\/pages\/6538","targetHints":{"allow":["GET"]}}],"collection":[{"href":"https:\/\/cancerfertilityandme.org.uk\/sl\/wp-json\/wp\/v2\/pages"}],"about":[{"href":"https:\/\/cancerfertilityandme.org.uk\/sl\/wp-json\/wp\/v2\/types\/page"}],"author":[{"embeddable":true,"href":"https:\/\/cancerfertilityandme.org.uk\/sl\/wp-json\/wp\/v2\/users\/1"}],"replies":[{"embeddable":true,"href":"https:\/\/cancerfertilityandme.org.uk\/sl\/wp-json\/wp\/v2\/comments?post=6538"}],"version-history":[{"count":4,"href":"https:\/\/cancerfertilityandme.org.uk\/sl\/wp-json\/wp\/v2\/pages\/6538\/revisions"}],"predecessor-version":[{"id":9353,"href":"https:\/\/cancerfertilityandme.org.uk\/sl\/wp-json\/wp\/v2\/pages\/6538\/revisions\/9353"}],"up":[{"embeddable":true,"href":"https:\/\/cancerfertilityandme.org.uk\/sl\/wp-json\/wp\/v2\/pages\/6518"}],"wp:attachment":[{"href":"https:\/\/cancerfertilityandme.org.uk\/sl\/wp-json\/wp\/v2\/media?parent=6538"}],"curies":[{"name":"wp","href":"https:\/\/api.w.org\/{rel}","templated":true}]}}