{"id":6528,"date":"2018-11-07T09:36:40","date_gmt":"2018-11-07T09:36:40","guid":{"rendered":"https:\/\/cancerfertilityandme.org.uk\/kako-zdravljenje-raka-vpliva-na-plodnost\/"},"modified":"2026-03-03T16:09:44","modified_gmt":"2026-03-03T16:09:44","slug":"kako-zdravljenje-raka-vpliva-na-plodnost","status":"publish","type":"page","link":"https:\/\/cancerfertilityandme.org.uk\/sl\/odrasle-zenske\/rak-plodnost-in-reproduktivni-sistem\/kako-zdravljenje-raka-vpliva-na-plodnost\/","title":{"rendered":"Kako zdravljenje raka vpliva na plodnost"},"content":{"rendered":"\t\t<div data-elementor-type=\"wp-page\" data-elementor-id=\"6528\" class=\"elementor elementor-6528 elementor-5393\" data-elementor-post-type=\"page\">\n\t\t\t\t<main class=\"elementor-element elementor-element-78156deb e-flex e-con-boxed e-con e-parent\" data-id=\"78156deb\" data-element_type=\"container\" data-e-type=\"container\">\n\t\t\t\t\t<div class=\"e-con-inner\">\n\t\t<div class=\"elementor-element elementor-element-4290a5d9 e-con-full e-flex e-con e-child\" data-id=\"4290a5d9\" data-element_type=\"container\" data-e-type=\"container\">\n\t\t\t\t<div class=\"elementor-element elementor-element-62c0ba8d elementor-widget elementor-widget-text-editor\" data-id=\"62c0ba8d\" data-element_type=\"widget\" data-e-type=\"widget\" data-widget_type=\"text-editor.default\">\n\t\t\t\t<div class=\"elementor-widget-container\">\n\t\t\t\t\t\t\t\t\t<h2>Kako zdravljenje raka vpliva na plodnost<\/h2><p>Mo\u017enost, da bo imela \u017eenska zaradi zdravljenja raka te\u017eave s plodnostjo, je odvisna od \u0161tevilnih stvari.<\/p><p>Ti vklju\u010dujejo njeno starost, plodnost in zdravstveno stanje pred rakom, vrsto raka in vrsto zdravljenja raka.<\/p><p>Zaradi \u0161tevilnih dejavnikov, ki lahko vplivajo na plodnost, je te\u017eko z gotovostjo trditi, kako bo to vplivalo na plodnost \u017eenske. Vse \u017eenske, ki se zdravijo zaradi raka, ne bodo imele te\u017eav s plodnostjo v prihodnosti. Do zaklju\u010dka zdravljenja raka je te\u017eko ugotoviti, ali bodo te\u017eave s plodnostjo dolgotrajne.  Prav tako ne moremo zanesljivo vedeti, kako dolgo bo \u017eenska po zdravljenju raka plodna. <\/p><p>Zaradi teh razlogov se boste morda \u017eeleli pred za\u010detkom zdravljenja raka pogovoriti o mo\u017enosti prihodnjih te\u017eav s plodnostjo s svojo ekipo za zdravljenje raka in za plodnost.<\/p><p>Ekipa za zdravljenje raka in za plodnost se z \u017eenskami pogovori o vrsti raka, njegovem zdravljenju in osebni anamnezi. Skupaj posku\u0161ajo ugotoviti, kak\u0161en vpliv bo zdravljenje raka imelo na plodnost bolnice. <\/p><p>Glavne vrste zdravljenja raka so kemoterapija, radioterapija, kirurgija, hormonsko zdravljenje in ciljno zdravljenje, ki delujejo na razli\u010dne na\u010dine. O mo\u017enosti neplodnosti pri vsaki ponujeni mo\u017enosti zdravljenja raka, se boste morali posebej posvetovati s svojo ekipo za zdravljenje raka. <\/p><p><b>Spodnji graf<\/b> prikazuje, kako lahko zdravljenje raka vpliva na plodnost. Poka\u017ee, kako se lahko \u0161tevilo jaj\u010dec, ki jih ima \u017eenska (rezerva jaj\u010dnikov), zmanj\u0161a po zdravljenju raka. Osen\u010deno obmo\u010dje na grafu prikazuje, da lahko na plodnost \u017eenske vplivata njena starost in zdravljenje raka, ki ga je opravila.  <\/p><p>Plodnost pri \u017eenskah je lahko kjer koli znotraj osen\u010denega obmo\u010dja. Posvetujte se s svojo ekipo za zdravljenje raka za ve\u010d informacij o tem, kako lahko zdravljenje raka in va\u0161a starost vplivata na plodnost. <\/p>\t\t\t\t\t\t\t\t<\/div>\n\t\t\t\t<\/div>\n\t\t\t\t<div class=\"elementor-element elementor-element-0be0d05 elementor-widget elementor-widget-image\" data-id=\"0be0d05\" data-element_type=\"widget\" data-e-type=\"widget\" data-widget_type=\"image.default\">\n\t\t\t\t<div class=\"elementor-widget-container\">\n\t\t\t\t\t\t\t\t\t\t\t\t\t\t\t<img fetchpriority=\"high\" decoding=\"async\" width=\"800\" height=\"319\" src=\"https:\/\/cancerfertilityandme.org.uk\/wp-content\/uploads\/SL-01-2-1024x408.png\" class=\"attachment-large size-large wp-image-10889\" alt=\"u\u010dinki zdravljenja raka na plodnost\" srcset=\"https:\/\/cancerfertilityandme.org.uk\/wp-content\/uploads\/SL-01-2-1024x408.png 1024w, https:\/\/cancerfertilityandme.org.uk\/wp-content\/uploads\/SL-01-2-300x120.png 300w, https:\/\/cancerfertilityandme.org.uk\/wp-content\/uploads\/SL-01-2-768x306.png 768w, https:\/\/cancerfertilityandme.org.uk\/wp-content\/uploads\/SL-01-2.png 1301w\" sizes=\"(max-width: 800px) 100vw, 800px\" \/>\t\t\t\t\t\t\t\t\t\t\t\t\t\t\t<\/div>\n\t\t\t\t<\/div>\n\t\t\t\t<div class=\"elementor-element elementor-element-aaf87e5 elementor-widget elementor-widget-text-editor\" data-id=\"aaf87e5\" data-element_type=\"widget\" data-e-type=\"widget\" data-widget_type=\"text-editor.default\">\n\t\t\t\t<div class=\"elementor-widget-container\">\n\t\t\t\t\t\t\t\t\t<p>Med zdravljenjem raka lahko menstruacija izostane ali postane neredna. Te spremembe so lahko za\u010dasne ali trajne. <\/p><p><strong>Za\u010dasno<\/strong>: \u010ce so spremembe menstrualnega cikla le za\u010dasne, se bo menstruacija po zdravljenju raka vrnila v normalne okvire. To se lahko zgodi v nekaj mesecih, lahko pa traja tudi leto dni ali ve\u010d. \u010cim mlaj\u0161e ste med zdravljenjem s kemoterapijo in \u010de ste mlaj\u0161e od 35 let, tem ve\u010dja je verjetnost, da se vam bo menstruacija vrnila. \u0160tevilo plodnih let je lahko manj\u0161e. Tudi \u010de se menstruacija povrne, to \u0161e ne zagotavlja, da boste lahko zanosili.    <\/p><p><strong>Stalno<\/strong>: \u010ce so spremembe menstrualnega cikla trajne, to pomeni, da se menstruacija po zdravljenju raka ne bo ve\u010d vrnila in da se bo za\u010dela menopavza. Pri \u017eenskah, starej\u0161ih od 35 let, je ve\u010dja verjetnost, da bodo po zdravljenju raka neplodne. <\/p><p>\u010ce menstruacija med zdravljenjem raka preneha, lahko \u0161e vedno zanosite. Vendar vam svetujemo, da ne zanosite. <\/p>\t\t\t\t\t\t\t\t<\/div>\n\t\t\t\t<\/div>\n\t\t\t\t<\/div>\n\t\t<div class=\"elementor-element elementor-element-1eca450f e-con-full e-flex e-con e-child\" data-id=\"1eca450f\" data-element_type=\"container\" data-e-type=\"container\">\n\t\t<div class=\"elementor-element elementor-element-48025207 e-con-full e-flex e-con e-child\" data-id=\"48025207\" data-element_type=\"container\" data-e-type=\"container\">\n\t\t\t\t<div class=\"elementor-element elementor-element-214191e5 elementor-widget elementor-widget-image\" data-id=\"214191e5\" data-element_type=\"widget\" data-e-type=\"widget\" data-widget_type=\"image.default\">\n\t\t\t\t<div class=\"elementor-widget-container\">\n\t\t\t\t\t\t\t\t\t\t\t\t\t\t\t\t<a href=\"http:\/\/.\/\">\n\t\t\t\t\t\t\t<img decoding=\"async\" width=\"400\" height=\"440\" src=\"https:\/\/cancerfertilityandme.org.uk\/wp-content\/uploads\/cancerfertilityandme-logo-column-adult-women.png\" class=\"attachment-full size-full wp-image-2285\" alt=\"\" srcset=\"https:\/\/cancerfertilityandme.org.uk\/wp-content\/uploads\/cancerfertilityandme-logo-column-adult-women.png 400w, https:\/\/cancerfertilityandme.org.uk\/wp-content\/uploads\/cancerfertilityandme-logo-column-adult-women-273x300.png 273w\" sizes=\"(max-width: 400px) 100vw, 400px\" \/>\t\t\t\t\t\t\t\t<\/a>\n\t\t\t\t\t\t\t\t\t\t\t\t\t\t\t<\/div>\n\t\t\t\t<\/div>\n\t\t\t\t<\/div>\n\t\t<div class=\"elementor-element elementor-element-214bcecf e-con-full e-flex e-con e-child\" data-id=\"214bcecf\" data-element_type=\"container\" data-e-type=\"container\">\n\t\t\t\t<div class=\"elementor-element elementor-element-43339a39 elementor-widget elementor-widget-heading\" data-id=\"43339a39\" data-element_type=\"widget\" data-e-type=\"widget\" data-widget_type=\"heading.default\">\n\t\t\t\t<div class=\"elementor-widget-container\">\n\t\t\t\t\t<h3 class=\"elementor-heading-title elementor-size-default\">Za ve\u010d informacij sledite tem povezavam<\/h3>\t\t\t\t<\/div>\n\t\t\t\t<\/div>\n\t\t\t\t<div class=\"elementor-element elementor-element-6ae8ee76 elementor-nav-menu--dropdown-none elementor-widget elementor-widget-nav-menu\" data-id=\"6ae8ee76\" data-element_type=\"widget\" data-e-type=\"widget\" data-settings=\"{&quot;layout&quot;:&quot;vertical&quot;,&quot;submenu_icon&quot;:{&quot;value&quot;:&quot;&lt;svg aria-hidden=\\&quot;true\\&quot; class=\\&quot;e-font-icon-svg e-fas-caret-down\\&quot; viewBox=\\&quot;0 0 320 512\\&quot; xmlns=\\&quot;http:\\\/\\\/www.w3.org\\\/2000\\\/svg\\&quot;&gt;&lt;path d=\\&quot;M31.3 192h257.3c17.8 0 26.7 21.5 14.1 34.1L174.1 354.8c-7.8 7.8-20.5 7.8-28.3 0L17.2 226.1C4.6 213.5 13.5 192 31.3 192z\\&quot;&gt;&lt;\\\/path&gt;&lt;\\\/svg&gt;&quot;,&quot;library&quot;:&quot;fa-solid&quot;}}\" data-widget_type=\"nav-menu.default\">\n\t\t\t\t<div class=\"elementor-widget-container\">\n\t\t\t\t\t\t\t\t<nav aria-label=\"Menu\" class=\"elementor-nav-menu--main elementor-nav-menu__container elementor-nav-menu--layout-vertical e--pointer-none\">\n\t\t\t\t<ul id=\"menu-1-6ae8ee76\" class=\"elementor-nav-menu sm-vertical\"><li class=\"menu-item menu-item-type-post_type menu-item-object-page menu-item-6859\"><a href=\"https:\/\/cancerfertilityandme.org.uk\/adult-women\/cancer-fertility-and-the-reproductive-system\/\" class=\"elementor-item\">Rak, plodnost in reproduktivni sistem<\/a><\/li>\n<li class=\"menu-item menu-item-type-post_type menu-item-object-page menu-item-6853\"><a href=\"https:\/\/cancerfertilityandme.org.uk\/adult-women\/cancer-fertility-and-the-reproductive-system\/how-cancer-treatments-affect-fertility\/\" class=\"elementor-item\">Kako zdravljenje raka vpliva na plodnost<\/a><\/li>\n<li class=\"menu-item menu-item-type-post_type menu-item-object-page menu-item-6851\"><a href=\"https:\/\/cancerfertilityandme.org.uk\/adult-women\/cancer-fertility-and-the-reproductive-system\/chemotherapy\/\" class=\"elementor-item\">Chemotherapy<\/a><\/li>\n<li class=\"menu-item menu-item-type-post_type menu-item-object-page menu-item-6856\"><a href=\"https:\/\/cancerfertilityandme.org.uk\/adult-women\/cancer-fertility-and-the-reproductive-system\/radiotherapy\/\" class=\"elementor-item\">Radioterapija<\/a><\/li>\n<li class=\"menu-item menu-item-type-post_type menu-item-object-page menu-item-6857\"><a href=\"https:\/\/cancerfertilityandme.org.uk\/adult-women\/cancer-fertility-and-the-reproductive-system\/surgery\/\" class=\"elementor-item\">Kirurgija<\/a><\/li>\n<li class=\"menu-item menu-item-type-post_type menu-item-object-page menu-item-6852\"><a href=\"https:\/\/cancerfertilityandme.org.uk\/adult-women\/cancer-fertility-and-the-reproductive-system\/hormone-therapy\/\" class=\"elementor-item\">Hormonsko zdravljenje<\/a><\/li>\n<li class=\"menu-item menu-item-type-post_type menu-item-object-page menu-item-6858\"><a href=\"https:\/\/cancerfertilityandme.org.uk\/adult-women\/cancer-fertility-and-the-reproductive-system\/targeted-drug-therapies\/\" class=\"elementor-item\">Ciljne terapije z zdravili<\/a><\/li>\n<li class=\"menu-item menu-item-type-post_type menu-item-object-page menu-item-6855\"><a href=\"https:\/\/cancerfertilityandme.org.uk\/adult-women\/cancer-fertility-and-the-reproductive-system\/questions-to-ask\/\" class=\"elementor-item\">Vpra\u0161anja, ki jih je treba zastaviti<\/a><\/li>\n<\/ul>\t\t\t<\/nav>\n\t\t\t\t\t\t<nav class=\"elementor-nav-menu--dropdown elementor-nav-menu__container\" aria-hidden=\"true\">\n\t\t\t\t<ul id=\"menu-2-6ae8ee76\" class=\"elementor-nav-menu sm-vertical\"><li class=\"menu-item menu-item-type-post_type menu-item-object-page menu-item-6859\"><a href=\"https:\/\/cancerfertilityandme.org.uk\/adult-women\/cancer-fertility-and-the-reproductive-system\/\" class=\"elementor-item\" tabindex=\"-1\">Rak, plodnost in reproduktivni sistem<\/a><\/li>\n<li class=\"menu-item menu-item-type-post_type menu-item-object-page menu-item-6853\"><a href=\"https:\/\/cancerfertilityandme.org.uk\/adult-women\/cancer-fertility-and-the-reproductive-system\/how-cancer-treatments-affect-fertility\/\" class=\"elementor-item\" tabindex=\"-1\">Kako zdravljenje raka vpliva na plodnost<\/a><\/li>\n<li class=\"menu-item menu-item-type-post_type menu-item-object-page menu-item-6851\"><a href=\"https:\/\/cancerfertilityandme.org.uk\/adult-women\/cancer-fertility-and-the-reproductive-system\/chemotherapy\/\" class=\"elementor-item\" tabindex=\"-1\">Chemotherapy<\/a><\/li>\n<li class=\"menu-item menu-item-type-post_type menu-item-object-page menu-item-6856\"><a href=\"https:\/\/cancerfertilityandme.org.uk\/adult-women\/cancer-fertility-and-the-reproductive-system\/radiotherapy\/\" class=\"elementor-item\" tabindex=\"-1\">Radioterapija<\/a><\/li>\n<li class=\"menu-item menu-item-type-post_type menu-item-object-page menu-item-6857\"><a href=\"https:\/\/cancerfertilityandme.org.uk\/adult-women\/cancer-fertility-and-the-reproductive-system\/surgery\/\" class=\"elementor-item\" tabindex=\"-1\">Kirurgija<\/a><\/li>\n<li class=\"menu-item menu-item-type-post_type menu-item-object-page menu-item-6852\"><a href=\"https:\/\/cancerfertilityandme.org.uk\/adult-women\/cancer-fertility-and-the-reproductive-system\/hormone-therapy\/\" class=\"elementor-item\" tabindex=\"-1\">Hormonsko zdravljenje<\/a><\/li>\n<li class=\"menu-item menu-item-type-post_type menu-item-object-page menu-item-6858\"><a href=\"https:\/\/cancerfertilityandme.org.uk\/adult-women\/cancer-fertility-and-the-reproductive-system\/targeted-drug-therapies\/\" class=\"elementor-item\" tabindex=\"-1\">Ciljne terapije z zdravili<\/a><\/li>\n<li class=\"menu-item menu-item-type-post_type menu-item-object-page menu-item-6855\"><a href=\"https:\/\/cancerfertilityandme.org.uk\/adult-women\/cancer-fertility-and-the-reproductive-system\/questions-to-ask\/\" class=\"elementor-item\" tabindex=\"-1\">Vpra\u0161anja, ki jih je treba zastaviti<\/a><\/li>\n<\/ul>\t\t\t<\/nav>\n\t\t\t\t\t\t<\/div>\n\t\t\t\t<\/div>\n\t\t\t\t<\/div>\n\t\t\t\t<\/div>\n\t\t\t\t\t<\/div>\n\t\t\t\t<\/main>\n\t\t\t\t<\/div>\n\t\t","protected":false},"excerpt":{"rendered":"<p>Kako zdravljenje raka vpliva na plodnost Mo\u017enost, da bo imela \u017eenska zaradi zdravljenja raka te\u017eave s plodnostjo, je odvisna od \u0161tevilnih stvari. Ti vklju\u010dujejo njeno starost, plodnost in zdravstveno stanje pred rakom, vrsto raka in vrsto zdravljenja raka. Zaradi \u0161tevilnih dejavnikov, ki lahko vplivajo na plodnost, je te\u017eko z gotovostjo trditi, kako bo to vplivalo [&hellip;]<\/p>\n","protected":false},"author":1,"featured_media":10889,"parent":6518,"menu_order":0,"comment_status":"closed","ping_status":"open","template":"","meta":{"footnotes":""},"class_list":["post-6528","page","type-page","status-publish","has-post-thumbnail","hentry"],"_links":{"self":[{"href":"https:\/\/cancerfertilityandme.org.uk\/sl\/wp-json\/wp\/v2\/pages\/6528","targetHints":{"allow":["GET"]}}],"collection":[{"href":"https:\/\/cancerfertilityandme.org.uk\/sl\/wp-json\/wp\/v2\/pages"}],"about":[{"href":"https:\/\/cancerfertilityandme.org.uk\/sl\/wp-json\/wp\/v2\/types\/page"}],"author":[{"embeddable":true,"href":"https:\/\/cancerfertilityandme.org.uk\/sl\/wp-json\/wp\/v2\/users\/1"}],"replies":[{"embeddable":true,"href":"https:\/\/cancerfertilityandme.org.uk\/sl\/wp-json\/wp\/v2\/comments?post=6528"}],"version-history":[{"count":5,"href":"https:\/\/cancerfertilityandme.org.uk\/sl\/wp-json\/wp\/v2\/pages\/6528\/revisions"}],"predecessor-version":[{"id":10899,"href":"https:\/\/cancerfertilityandme.org.uk\/sl\/wp-json\/wp\/v2\/pages\/6528\/revisions\/10899"}],"up":[{"embeddable":true,"href":"https:\/\/cancerfertilityandme.org.uk\/sl\/wp-json\/wp\/v2\/pages\/6518"}],"wp:featuredmedia":[{"embeddable":true,"href":"https:\/\/cancerfertilityandme.org.uk\/sl\/wp-json\/wp\/v2\/media\/10889"}],"wp:attachment":[{"href":"https:\/\/cancerfertilityandme.org.uk\/sl\/wp-json\/wp\/v2\/media?parent=6528"}],"curies":[{"name":"wp","href":"https:\/\/api.w.org\/{rel}","templated":true}]}}