{"id":6518,"date":"2018-11-06T11:08:33","date_gmt":"2018-11-06T11:08:33","guid":{"rendered":"https:\/\/cancerfertilityandme.org.uk\/rak-plodnost-in-reproduktivni-sistem\/"},"modified":"2026-03-03T14:24:12","modified_gmt":"2026-03-03T14:24:12","slug":"rak-plodnost-in-reproduktivni-sistem","status":"publish","type":"page","link":"https:\/\/cancerfertilityandme.org.uk\/sl\/odrasle-zenske\/rak-plodnost-in-reproduktivni-sistem\/","title":{"rendered":"Rak, plodnost in reproduktivni sistem"},"content":{"rendered":"\t\t<div data-elementor-type=\"wp-page\" data-elementor-id=\"6518\" class=\"elementor elementor-6518 elementor-5367\" data-elementor-post-type=\"page\">\n\t\t\t\t<main class=\"elementor-element elementor-element-694ba709 e-flex e-con-boxed e-con e-parent\" data-id=\"694ba709\" data-element_type=\"container\" data-e-type=\"container\">\n\t\t\t\t\t<div class=\"e-con-inner\">\n\t\t<div class=\"elementor-element elementor-element-5d579206 e-con-full e-flex e-con e-child\" data-id=\"5d579206\" data-element_type=\"container\" data-e-type=\"container\">\n\t\t\t\t<div class=\"elementor-element elementor-element-2420152 elementor-widget elementor-widget-text-editor\" data-id=\"2420152\" data-element_type=\"widget\" data-e-type=\"widget\" data-widget_type=\"text-editor.default\">\n\t\t\t\t<div class=\"elementor-widget-container\">\n\t\t\t\t\t\t\t\t\t<h2>Uvodna pojasnila o raku, plodnosti in reproduktivnemu sistemu<\/h2><h3>V tem razdelku najdete informacije, ki vam bodo pomagale razumeti, kako lahko zdravljenje raka vpliva na plodnost.<\/h3><p><b>Rak <\/b>je skupno ime za bolezni, ki jih povzro\u010da neprekinjeno deljenje telesnih celic ki nato tvorijo izrastke in se selijo v dele telesa, kjer niso potrebne. Zaradi tega potrebujejo ljudje z diagnozo raka zdravljenje. <\/p><p><b>Cilj zdravljenja raka<\/b> je odstranitev raka in prepre\u010devanje, da bi se bolezen ponovila Najbolj pogosti na\u010dini zdravljenja raka so kemoterapija, radioterapija, kirur\u0161ko zdravljenje ali hormonsko zdravljenje in ciljno zdravljenje z zdravili. Veliko ljudi bo imelo v okviru zdravljenja dve ali ve\u010d teh mo\u017enosti zdravljenja.  <\/p><p>Ve\u010dina na\u010dinov zdravljenja raka ima <b>neza\u017eelene u\u010dinke<\/b> ki nastanejo zaradi vpliva zdravljenja na zdravo tkivo. \u0160tevilni neza\u017eeleni u\u010dinki trajajo zgolj kratek \u010das med zdravljenjem in po njem. Nekateri neza\u017eeleni u\u010dinki trajajo dlje in lahko vplivajo na zdravje osebe do konca njenega \u017eivljenja. Pri \u017eenskah je lahko eden od teh ne\u017eelenih u\u010dinkov zmanj\u0161ana plodnost, kar pomeni, da \u017eenska v prihodnosti morda ne bo mogla zanositi.   <\/p><p><b>Plodnost <\/b>pomeni, da lahko zanosite po naravni poti. Deli \u017eenskega telesa, ki sodelujejo pri plodnosti, se imenujejo \u201creproduktivni sistem\u201d. <\/p><h3>\u017denski reproduktivni sistem<\/h3>\t\t\t\t\t\t\t\t<\/div>\n\t\t\t\t<\/div>\n\t\t\t\t<div class=\"elementor-element elementor-element-c79fd79 elementor-widget elementor-widget-image\" data-id=\"c79fd79\" data-element_type=\"widget\" data-e-type=\"widget\" data-widget_type=\"image.default\">\n\t\t\t\t<div class=\"elementor-widget-container\">\n\t\t\t\t\t\t\t\t\t\t\t\t\t\t\t<img fetchpriority=\"high\" decoding=\"async\" width=\"500\" height=\"400\" src=\"https:\/\/cancerfertilityandme.org.uk\/wp-content\/uploads\/female-reproductive-system-1.jpg\" class=\"attachment-large size-large wp-image-5375\" alt=\"\u017denski reproduktivni sistem\" srcset=\"https:\/\/cancerfertilityandme.org.uk\/wp-content\/uploads\/female-reproductive-system-1.jpg 500w, https:\/\/cancerfertilityandme.org.uk\/wp-content\/uploads\/female-reproductive-system-1-300x240.jpg 300w\" sizes=\"(max-width: 500px) 100vw, 500px\" \/>\t\t\t\t\t\t\t\t\t\t\t\t\t\t\t<\/div>\n\t\t\t\t<\/div>\n\t\t\t\t<div class=\"elementor-element elementor-element-16c622d elementor-widget elementor-widget-text-editor\" data-id=\"16c622d\" data-element_type=\"widget\" data-e-type=\"widget\" data-widget_type=\"text-editor.default\">\n\t\t\t\t<div class=\"elementor-widget-container\">\n\t\t\t\t\t\t\t\t\t<p><b>Klju\u010dni deli reproduktivnega sistema so:<\/b><\/p><ol><li><strong>Jaj\u010dnika <\/strong>\u2013 ta dva organa se nahajata na obeh straneh maternice v \u017eenskem telesu med kolki (medenico). V jaj\u010dnikih nastajajo jaj\u010deca in hormoni, ki so potrebni za rojstvo otroka. Ta jaj\u010deca potujejo po jajcevodih v maternico.  <\/li><li><strong>Jaj\u010dece<\/strong> (oocit) \u2013 \u017eenska reproduktivna celica, ki se po oploditvi s spermiji lahko razvije v otroka.<\/li><li><strong>Jajcevodi<\/strong> \u2013 dve cevi, ki povezujeta vsak jaj\u010dnik z maternico (uterusom) in kjer se jaj\u010dece oplodi z mo\u0161kimi spermiji.<\/li><li><strong>Maternica <\/strong>(uterus)\u2013 nahaja se v medenici in je mesto, kjer se razvije nose\u010dnost.<\/li><li><strong>Materni\u010dni vrat<\/strong> \u2013 odprtina maternice, ki omogo\u010da, da menstrualna kri zapusti telo (menstruacija) in da \u017eenska rodi.<\/li><li><strong>Vagina <\/strong>(porodni kanal) \u2013 odprtina med spodnjim delom materni\u010dnega vratu in zunanjostjo telesa.<\/li><li><strong>Vulva <\/strong>\u2013 zunanji del no\u017enice.<\/li><\/ol><p>\u017denske se rodijo z velikim \u0161tevilom jaj\u010dec v jaj\u010dnikih. \u017denske ne morejo gojiti ali ustvarjati novih jaj\u010dec. \u0160tevilo jaj\u010dec, ki jih ima \u017eenska v dolo\u010denem trenutku, je znano kot rezerva jaj\u010dnikov.  <\/p><p>Ko \u017eenska dose\u017ee puberteto, \u0161tevilo jaj\u010dec, ki jih ima, ves \u010das upada. Pred puberteto je to zato, ker veliko jaj\u010dec propade in jih telo absorbira. <\/p><p>Ko \u017eenska dose\u017ee puberteto, se vsak mesec iz jaj\u010dnika sprosti eno jaj\u010dece (kar imenujemo ovulacija) in potuje v maternico. Druga jaj\u010deca, ki so za\u010dela zoreti v tem ciklu, se razgradijo in jih telo prav tako absorbira. <\/p><p>Nose\u010dnost nastopi, \u010de jaj\u010dece oplodi spermij in se nato vsadi v maternico. \u010ce se oplojeno jaj\u010dece ne ugnezdi v maternici, se sluznica maternice izlo\u010di in zapusti telo. Posledica tega je krvavitev, znana kot menstruacija.  <\/p><p>Starost je ena od najve\u010djih stvari, ki vplivajo na mo\u017enost zanositve. \u0160tevilo in kakovost jaj\u010dec se s starostjo \u017eensk zmanj\u0161ujeta. <\/p><p>Zmanj\u0161anje \u0161tevila in kakovosti jaj\u010dec zmanj\u0161a tudi plodnost in lahko ote\u017ei zanositev. S\u010dasoma je jaj\u010dec tako malo, da \u017eenske postanejo neplodne (ne morejo zanositi), mese\u010dne menstruacije prenehajo in nastopi obdobje menopavze. Menopavza ozna\u010duje naravni konec reproduktivnega obdobja \u017eenske.  <\/p><p>\u017denska plodnost se razlikuje od osebe do osebe. Natan\u010dna starost pri kateri \u017eenska ne bo ve\u010d mogla imeti otrok, je lahko pri vsaki posameznici druga\u010dna. <\/p><p>Kot ka\u017ee spodnji diagram, ima 22-letna \u017eenska pribli\u017eno 30 proti 100 (30 %) mo\u017enosti, da zanosi vsak mesec, ko posku\u0161a spo\u010deti otroka; medtem ko ima 43-letna \u017eenska pribli\u017eno 3 proti 100 (3 %) mo\u017enosti, da zanosi na mesec.<\/p><p>Ve\u010dina \u017eensk dose\u017ee menopavzo sredi petdesetih let; prenehajo imeti menstruacijo in ne morejo imeti otrok po naravni poti.<\/p>\t\t\t\t\t\t\t\t<\/div>\n\t\t\t\t<\/div>\n\t\t\t\t<div class=\"elementor-element elementor-element-9cb3412 elementor-widget elementor-widget-image\" data-id=\"9cb3412\" data-element_type=\"widget\" data-e-type=\"widget\" data-widget_type=\"image.default\">\n\t\t\t\t<div class=\"elementor-widget-container\">\n\t\t\t\t\t\t\t\t\t\t\t\t\t\t\t<img decoding=\"async\" width=\"800\" height=\"536\" src=\"https:\/\/cancerfertilityandme.org.uk\/wp-content\/uploads\/SL-02-2-1024x686.png\" class=\"attachment-large size-large wp-image-5383\" alt=\"female fertility vs age graph\" srcset=\"https:\/\/cancerfertilityandme.org.uk\/wp-content\/uploads\/SL-02-2-1024x686.png 1024w, https:\/\/cancerfertilityandme.org.uk\/wp-content\/uploads\/SL-02-2-300x201.png 300w, https:\/\/cancerfertilityandme.org.uk\/wp-content\/uploads\/SL-02-2-768x514.png 768w, https:\/\/cancerfertilityandme.org.uk\/wp-content\/uploads\/SL-02-2.png 1084w\" sizes=\"(max-width: 800px) 100vw, 800px\" \/>\t\t\t\t\t\t\t\t\t\t\t\t\t\t\t<\/div>\n\t\t\t\t<\/div>\n\t\t\t\t<div class=\"elementor-element elementor-element-475aee3 elementor-widget elementor-widget-text-editor\" data-id=\"475aee3\" data-element_type=\"widget\" data-e-type=\"widget\" data-widget_type=\"text-editor.default\">\n\t\t\t\t<div class=\"elementor-widget-container\">\n\t\t\t\t\t\t\t\t\t<p>Poleg starosti lahko na plodnost pri \u017eenskah vplivajo tudi:<\/p><ul><li>Te\u017eave z maternico. Na primer fibroidi. <\/li><li>Bolezni, ki povzro\u010dajo brazgotine v medeni\u010dnem predelu. Na primer medeni\u010dna vnetna bolezen, endometrioza. <\/li><li>Bolezni, ki vplivajo na ovulacijo. Na primer sindrom policisti\u010dnih jaj\u010dnikov. <\/li><li>Nizko \u0161tevilo spermijev pri mo\u0161kem partnerju.<\/li><li>Zdravila in zdravljenje. Na primer kemoterapija, radioterapija ali operacija zaradi raka, nekatera zdravila za zdravljenje du\u0161evnih bolezni ter redna in dolgotrajna uporaba nesteroidnih protivnetnih zdravil. <\/li><li>\u017divljenjski slog. Na primer prekomerna ali prenizka telesna te\u017ea, rekreativne droge, alkohol in kajenje. <\/li><\/ul><p>V povpre\u010dju ima te\u017eave s plodnostjo pribli\u017eno 16 od 100 (16 %) parov ki jih ni prizadel rak. \u010ce vam je pomembno, da bi imeli v prihodnosti otroke, se pred za\u010detkom zdravljenja raka pogovorite s svojim timom za zdravljenje raka in timom za skrb za plodnost. <\/p>\t\t\t\t\t\t\t\t<\/div>\n\t\t\t\t<\/div>\n\t\t<div class=\"elementor-element elementor-element-2a3976f3 e-con-full e-flex e-con e-child\" data-id=\"2a3976f3\" data-element_type=\"container\" data-e-type=\"container\" data-settings=\"{&quot;background_background&quot;:&quot;classic&quot;}\">\n\t\t\t\t<div class=\"elementor-element elementor-element-2252f12a elementor-widget elementor-widget-text-editor\" data-id=\"2252f12a\" data-element_type=\"widget\" data-e-type=\"widget\" data-widget_type=\"text-editor.default\">\n\t\t\t\t<div class=\"elementor-widget-container\">\n\t\t\t\t\t\t\t\t\t<h3> Priporo\u010deni vir informacij<\/h3><p>NICE (National Institute for Health and Care Excellence) je od NHS lo\u010dena organizacij Oblikujejo smernice na podlagi opravljenih za zdravljenje bolezni in zagotavljanje nege. Te raziskave so v prvi vrsti namenjene zdravstvenim delavcem v Angliji in Walesu. <\/p><p>Pripravili so smernice o ohranjanju plodnosti pri \u017eenskah z diagnozo raka (CG156- Te\u017eave s plodnostjo: ocena in zdravljenje) ter smernice o ohranjanju plodnosti pri najstnikih in mladih odraslih (QS55- Onkolo\u0161ke terapije za otroke in mlade odrasle: podpora plodnosti).<\/p><p>Za ve\u010d informacij obi\u0161\u010dite spletno mesto NICE: <a href=\"https:\/\/www.nice.org.uk\/\" target=\"_blank\" rel=\"noopener noreferrer\">www.nice.org.uk<\/a><\/p>\t\t\t\t\t\t\t\t<\/div>\n\t\t\t\t<\/div>\n\t\t\t\t<\/div>\n\t\t\t\t<\/div>\n\t\t<div class=\"elementor-element elementor-element-48ac27a3 e-con-full e-flex e-con e-child\" data-id=\"48ac27a3\" data-element_type=\"container\" data-e-type=\"container\">\n\t\t<div class=\"elementor-element elementor-element-15df5156 e-con-full e-flex e-con e-child\" data-id=\"15df5156\" data-element_type=\"container\" data-e-type=\"container\">\n\t\t\t\t<div class=\"elementor-element elementor-element-2b6718ca elementor-widget elementor-widget-image\" data-id=\"2b6718ca\" data-element_type=\"widget\" data-e-type=\"widget\" data-widget_type=\"image.default\">\n\t\t\t\t<div class=\"elementor-widget-container\">\n\t\t\t\t\t\t\t\t\t\t\t\t\t\t\t\t<a href=\"http:\/\/.\/\">\n\t\t\t\t\t\t\t<img decoding=\"async\" width=\"400\" height=\"440\" src=\"https:\/\/cancerfertilityandme.org.uk\/wp-content\/uploads\/cancerfertilityandme-logo-column-adult-women.png\" class=\"attachment-full size-full wp-image-2285\" alt=\"\" srcset=\"https:\/\/cancerfertilityandme.org.uk\/wp-content\/uploads\/cancerfertilityandme-logo-column-adult-women.png 400w, https:\/\/cancerfertilityandme.org.uk\/wp-content\/uploads\/cancerfertilityandme-logo-column-adult-women-273x300.png 273w\" sizes=\"(max-width: 400px) 100vw, 400px\" \/>\t\t\t\t\t\t\t\t<\/a>\n\t\t\t\t\t\t\t\t\t\t\t\t\t\t\t<\/div>\n\t\t\t\t<\/div>\n\t\t\t\t<\/div>\n\t\t<div class=\"elementor-element elementor-element-7f8c3660 e-con-full e-flex e-con e-child\" data-id=\"7f8c3660\" data-element_type=\"container\" data-e-type=\"container\">\n\t\t\t\t<div class=\"elementor-element elementor-element-4b69ee29 elementor-widget elementor-widget-heading\" data-id=\"4b69ee29\" data-element_type=\"widget\" data-e-type=\"widget\" data-widget_type=\"heading.default\">\n\t\t\t\t<div class=\"elementor-widget-container\">\n\t\t\t\t\t<h3 class=\"elementor-heading-title elementor-size-default\">Za ve\u010d informacij sledite tem povezavam<\/h3>\t\t\t\t<\/div>\n\t\t\t\t<\/div>\n\t\t\t\t<div class=\"elementor-element elementor-element-37188788 elementor-nav-menu--dropdown-none elementor-widget elementor-widget-nav-menu\" data-id=\"37188788\" data-element_type=\"widget\" data-e-type=\"widget\" data-settings=\"{&quot;layout&quot;:&quot;vertical&quot;,&quot;submenu_icon&quot;:{&quot;value&quot;:&quot;&lt;svg aria-hidden=\\&quot;true\\&quot; class=\\&quot;e-font-icon-svg e-fas-caret-down\\&quot; viewBox=\\&quot;0 0 320 512\\&quot; xmlns=\\&quot;http:\\\/\\\/www.w3.org\\\/2000\\\/svg\\&quot;&gt;&lt;path d=\\&quot;M31.3 192h257.3c17.8 0 26.7 21.5 14.1 34.1L174.1 354.8c-7.8 7.8-20.5 7.8-28.3 0L17.2 226.1C4.6 213.5 13.5 192 31.3 192z\\&quot;&gt;&lt;\\\/path&gt;&lt;\\\/svg&gt;&quot;,&quot;library&quot;:&quot;fa-solid&quot;}}\" data-widget_type=\"nav-menu.default\">\n\t\t\t\t<div class=\"elementor-widget-container\">\n\t\t\t\t\t\t\t\t<nav aria-label=\"Menu\" class=\"elementor-nav-menu--main elementor-nav-menu__container elementor-nav-menu--layout-vertical e--pointer-none\">\n\t\t\t\t<ul id=\"menu-1-37188788\" class=\"elementor-nav-menu sm-vertical\"><li class=\"menu-item menu-item-type-post_type menu-item-object-page menu-item-6859\"><a href=\"https:\/\/cancerfertilityandme.org.uk\/adult-women\/cancer-fertility-and-the-reproductive-system\/\" class=\"elementor-item\">Rak, plodnost in reproduktivni sistem<\/a><\/li>\n<li class=\"menu-item menu-item-type-post_type menu-item-object-page menu-item-6853\"><a href=\"https:\/\/cancerfertilityandme.org.uk\/adult-women\/cancer-fertility-and-the-reproductive-system\/how-cancer-treatments-affect-fertility\/\" class=\"elementor-item\">Kako zdravljenje raka vpliva na plodnost<\/a><\/li>\n<li class=\"menu-item menu-item-type-post_type menu-item-object-page menu-item-6851\"><a href=\"https:\/\/cancerfertilityandme.org.uk\/adult-women\/cancer-fertility-and-the-reproductive-system\/chemotherapy\/\" class=\"elementor-item\">Chemotherapy<\/a><\/li>\n<li class=\"menu-item menu-item-type-post_type menu-item-object-page menu-item-6856\"><a href=\"https:\/\/cancerfertilityandme.org.uk\/adult-women\/cancer-fertility-and-the-reproductive-system\/radiotherapy\/\" class=\"elementor-item\">Radioterapija<\/a><\/li>\n<li class=\"menu-item menu-item-type-post_type menu-item-object-page menu-item-6857\"><a href=\"https:\/\/cancerfertilityandme.org.uk\/adult-women\/cancer-fertility-and-the-reproductive-system\/surgery\/\" class=\"elementor-item\">Kirurgija<\/a><\/li>\n<li class=\"menu-item menu-item-type-post_type menu-item-object-page menu-item-6852\"><a href=\"https:\/\/cancerfertilityandme.org.uk\/adult-women\/cancer-fertility-and-the-reproductive-system\/hormone-therapy\/\" class=\"elementor-item\">Hormonsko zdravljenje<\/a><\/li>\n<li class=\"menu-item menu-item-type-post_type menu-item-object-page menu-item-6858\"><a href=\"https:\/\/cancerfertilityandme.org.uk\/adult-women\/cancer-fertility-and-the-reproductive-system\/targeted-drug-therapies\/\" class=\"elementor-item\">Ciljne terapije z zdravili<\/a><\/li>\n<li class=\"menu-item menu-item-type-post_type menu-item-object-page menu-item-6855\"><a href=\"https:\/\/cancerfertilityandme.org.uk\/adult-women\/cancer-fertility-and-the-reproductive-system\/questions-to-ask\/\" class=\"elementor-item\">Vpra\u0161anja, ki jih je treba zastaviti<\/a><\/li>\n<\/ul>\t\t\t<\/nav>\n\t\t\t\t\t\t<nav class=\"elementor-nav-menu--dropdown elementor-nav-menu__container\" aria-hidden=\"true\">\n\t\t\t\t<ul id=\"menu-2-37188788\" class=\"elementor-nav-menu sm-vertical\"><li class=\"menu-item menu-item-type-post_type menu-item-object-page menu-item-6859\"><a href=\"https:\/\/cancerfertilityandme.org.uk\/adult-women\/cancer-fertility-and-the-reproductive-system\/\" class=\"elementor-item\" tabindex=\"-1\">Rak, plodnost in reproduktivni sistem<\/a><\/li>\n<li class=\"menu-item menu-item-type-post_type menu-item-object-page menu-item-6853\"><a href=\"https:\/\/cancerfertilityandme.org.uk\/adult-women\/cancer-fertility-and-the-reproductive-system\/how-cancer-treatments-affect-fertility\/\" class=\"elementor-item\" tabindex=\"-1\">Kako zdravljenje raka vpliva na plodnost<\/a><\/li>\n<li class=\"menu-item menu-item-type-post_type menu-item-object-page menu-item-6851\"><a href=\"https:\/\/cancerfertilityandme.org.uk\/adult-women\/cancer-fertility-and-the-reproductive-system\/chemotherapy\/\" class=\"elementor-item\" tabindex=\"-1\">Chemotherapy<\/a><\/li>\n<li class=\"menu-item menu-item-type-post_type menu-item-object-page menu-item-6856\"><a href=\"https:\/\/cancerfertilityandme.org.uk\/adult-women\/cancer-fertility-and-the-reproductive-system\/radiotherapy\/\" class=\"elementor-item\" tabindex=\"-1\">Radioterapija<\/a><\/li>\n<li class=\"menu-item menu-item-type-post_type menu-item-object-page menu-item-6857\"><a href=\"https:\/\/cancerfertilityandme.org.uk\/adult-women\/cancer-fertility-and-the-reproductive-system\/surgery\/\" class=\"elementor-item\" tabindex=\"-1\">Kirurgija<\/a><\/li>\n<li class=\"menu-item menu-item-type-post_type menu-item-object-page menu-item-6852\"><a href=\"https:\/\/cancerfertilityandme.org.uk\/adult-women\/cancer-fertility-and-the-reproductive-system\/hormone-therapy\/\" class=\"elementor-item\" tabindex=\"-1\">Hormonsko zdravljenje<\/a><\/li>\n<li class=\"menu-item menu-item-type-post_type menu-item-object-page menu-item-6858\"><a href=\"https:\/\/cancerfertilityandme.org.uk\/adult-women\/cancer-fertility-and-the-reproductive-system\/targeted-drug-therapies\/\" class=\"elementor-item\" tabindex=\"-1\">Ciljne terapije z zdravili<\/a><\/li>\n<li class=\"menu-item menu-item-type-post_type menu-item-object-page menu-item-6855\"><a href=\"https:\/\/cancerfertilityandme.org.uk\/adult-women\/cancer-fertility-and-the-reproductive-system\/questions-to-ask\/\" class=\"elementor-item\" tabindex=\"-1\">Vpra\u0161anja, ki jih je treba zastaviti<\/a><\/li>\n<\/ul>\t\t\t<\/nav>\n\t\t\t\t\t\t<\/div>\n\t\t\t\t<\/div>\n\t\t\t\t<\/div>\n\t\t\t\t<\/div>\n\t\t\t\t\t<\/div>\n\t\t\t\t<\/main>\n\t\t\t\t<\/div>\n\t\t","protected":false},"excerpt":{"rendered":"<p>Uvodna pojasnila o raku, plodnosti in reproduktivnemu sistemu V tem razdelku najdete informacije, ki vam bodo pomagale razumeti, kako lahko zdravljenje raka vpliva na plodnost. Rak je skupno ime za bolezni, ki jih povzro\u010da neprekinjeno deljenje telesnih celic ki nato tvorijo izrastke in se selijo v dele telesa, kjer niso potrebne. Zaradi tega potrebujejo ljudje [&hellip;]<\/p>\n","protected":false},"author":1,"featured_media":5375,"parent":6768,"menu_order":0,"comment_status":"closed","ping_status":"open","template":"","meta":{"footnotes":""},"class_list":["post-6518","page","type-page","status-publish","has-post-thumbnail","hentry"],"_links":{"self":[{"href":"https:\/\/cancerfertilityandme.org.uk\/sl\/wp-json\/wp\/v2\/pages\/6518","targetHints":{"allow":["GET"]}}],"collection":[{"href":"https:\/\/cancerfertilityandme.org.uk\/sl\/wp-json\/wp\/v2\/pages"}],"about":[{"href":"https:\/\/cancerfertilityandme.org.uk\/sl\/wp-json\/wp\/v2\/types\/page"}],"author":[{"embeddable":true,"href":"https:\/\/cancerfertilityandme.org.uk\/sl\/wp-json\/wp\/v2\/users\/1"}],"replies":[{"embeddable":true,"href":"https:\/\/cancerfertilityandme.org.uk\/sl\/wp-json\/wp\/v2\/comments?post=6518"}],"version-history":[{"count":6,"href":"https:\/\/cancerfertilityandme.org.uk\/sl\/wp-json\/wp\/v2\/pages\/6518\/revisions"}],"predecessor-version":[{"id":10877,"href":"https:\/\/cancerfertilityandme.org.uk\/sl\/wp-json\/wp\/v2\/pages\/6518\/revisions\/10877"}],"up":[{"embeddable":true,"href":"https:\/\/cancerfertilityandme.org.uk\/sl\/wp-json\/wp\/v2\/pages\/6768"}],"wp:featuredmedia":[{"embeddable":true,"href":"https:\/\/cancerfertilityandme.org.uk\/sl\/wp-json\/wp\/v2\/media\/5375"}],"wp:attachment":[{"href":"https:\/\/cancerfertilityandme.org.uk\/sl\/wp-json\/wp\/v2\/media?parent=6518"}],"curies":[{"name":"wp","href":"https:\/\/api.w.org\/{rel}","templated":true}]}}