{"id":6516,"date":"2019-02-07T16:57:21","date_gmt":"2019-02-07T16:57:21","guid":{"rendered":"https:\/\/cancerfertilityandme.org.uk\/uporaba-tega-spletisca\/"},"modified":"2025-11-17T10:53:50","modified_gmt":"2025-11-17T10:53:50","slug":"uporaba-tega-spletisca","status":"publish","type":"page","link":"https:\/\/cancerfertilityandme.org.uk\/sl\/odrasle-zenske\/o-tem-spletnem-mestu\/uporaba-tega-spletisca\/","title":{"rendered":"Uporaba tega spleti\u0161\u010da"},"content":{"rendered":"\t\t<div data-elementor-type=\"wp-page\" data-elementor-id=\"6516\" class=\"elementor elementor-6516 elementor-5603\" data-elementor-post-type=\"page\">\n\t\t\t\t<main class=\"elementor-element elementor-element-2122ebfc e-flex e-con-boxed e-con e-parent\" data-id=\"2122ebfc\" data-element_type=\"container\" data-e-type=\"container\">\n\t\t\t\t\t<div class=\"e-con-inner\">\n\t\t<div class=\"elementor-element elementor-element-70263d2a e-con-full e-flex e-con e-child\" data-id=\"70263d2a\" data-element_type=\"container\" data-e-type=\"container\">\n\t\t\t\t<div class=\"elementor-element elementor-element-4e959baf elementor-widget elementor-widget-text-editor\" data-id=\"4e959baf\" data-element_type=\"widget\" data-e-type=\"widget\" data-widget_type=\"text-editor.default\">\n\t\t\t\t<div class=\"elementor-widget-container\">\n\t\t\t\t\t\t\t\t\t<h2>Uporaba tega spletnega mesta za pomo\u010d pri odlo\u010danju<\/h2><p>Algumas mulheres que iniciam o tratamento do cancro saber\u00e3o, com certeza, se querem ou n\u00e3o considerar a preserva\u00e7\u00e3o da fertilidade. Algumas mulheres t\u00eam d\u00favidas sobre a decis\u00e3o de preserva\u00e7\u00e3o da fertilidade e qual a melhor op\u00e7\u00e3o para elas. <\/p><p>Da bi vam pomagali pri sprejemanju te odlo\u010ditve, so na tem spletnem mestu na voljo informacije, ki vam bodo v pomo\u010d:<\/p><ul><li>Seznanite se z razli\u010dnimi mo\u017enostmi ohranjanja plodnosti.<\/li><li>Razmislite o tem, ali je ohranjanje plodnosti morda mo\u017enost za vas.<\/li><li>Razmislite o tem, kaj je pomembno za va\u0161e \u017eivljenje zdaj in v prihodnosti.<\/li><li>Medtem ko se odlo\u010date, se pogovorite s svojo ekipo za zdravljenje raka in ekipo za ohranjanje plodnosti.<\/li><li>Z va\u0161imi strokovnjaki za zdravljenje raka in ohranjanje plodnosti se pogovorite o posledicah in koristih vsake odlo\u010ditve, ki jo boste morda sprejeli.<\/li><\/ul><p>To spletno mesto lahko uporabljate na razli\u010dne na\u010dine. Morda vam bo koristilo, da jo nekajkrat preletite ali pa se boste poglobili v posamezne dele. Morda jo boste \u017eeleli prebrati sami ali pa boste vsebino strani \u017eeleli deliti s svojo ekipo za zdravljenje raka in plodnost, partnerjem, dru\u017eino in prijatelji, preden sprejmete va\u0161o odlo\u010ditev  <\/p><p>Spletno mesto je zasnovano tako, da zagotavlja jasne informacije in ponuja naslednje:<\/p><ul><li>Jasno \u010dlenitev, ki vodi do razdelkov o zdravljenju raka, te\u017eavah s plodnostjo, odlo\u010ditvah za ohranitev plodnosti in na\u010drtovanje dru\u017eine.<\/li><li>Grafi\u010dni prikaz jasno poka\u017ee katere odlo\u010ditve o plodnosti so namenjene \u017eenskam <u>pred<\/u>, <u>med<\/u> in<u> po<\/u> zdravljenju.<\/li><li>V tabelah so opisane zna\u010dilnosti mo\u017enosti ohranjanja plodnosti druga ob drugi, da bi la\u017eje primerjali, kaj je pri vsaki od njih enako ali razli\u010dno.<\/li><li>Vpra\u0161anja, ki jih boste morda \u017eeleli zastaviti svoji ekipi za zdravljenje raka in za ohranjanje plodnosti.<\/li><li>Spodbude za zapisovanje opomb ali vpra\u0161anj, ki so za vas pomembna v zvezi z va\u0161im \u017eivljenjem, diagnozo raka in prihodnjo plodnostjo.<\/li><li>Slovar izrazov ki podaja razlago pojmov ki se pojavljajo pri razpravah o raku in njegovem zdravljenju, plodnosti in njenem ohranjanju.<\/li><\/ul>\t\t\t\t\t\t\t\t<\/div>\n\t\t\t\t<\/div>\n\t\t<div class=\"elementor-element elementor-element-338bd4e9 e-con-full e-flex e-con e-child\" data-id=\"338bd4e9\" data-element_type=\"container\" data-e-type=\"container\" data-settings=\"{&quot;background_background&quot;:&quot;classic&quot;}\">\n\t\t\t\t<div class=\"elementor-element elementor-element-15254727 elementor-widget elementor-widget-text-editor\" data-id=\"15254727\" data-element_type=\"widget\" data-e-type=\"widget\" data-widget_type=\"text-editor.default\">\n\t\t\t\t<div class=\"elementor-widget-container\">\n\t\t\t\t\t\t\t\t\t<h3>Prosimo, upo\u0161tevajte<\/h3>\n<p>Na tem spletnem mestu je poudarjen pomen pogovora z ekipo za zdravljenje raka in ekipo za ohranjanje plodnosti <b>pred<\/b> za\u010detkom zdravljenja raka. Pomagalo vam bo razmisliti, katera vpra\u0161anja postaviti, in usmerjalo pogovore, ki jih boste morda \u017eeleli imeti z njimi. <\/p>\n<ul>\n<li>Vsi postopki za ohranitev plodnosti, opisani na tem spletnem mestu, niso primerni za vse \u017eenske.<\/li>\n<li>V tem trenutku vse \u017eenske ne bodo mogle opraviti postopkov ohranjanja plodnosti, opisanih na tem spletnem mestu.<\/li>\n<li>Vse \u017eenske, ki se zdravijo zaradi raka, ne bodo nujno imele te\u017eav s plodnostjo v prihodnosti.<\/li>\n<li>Vsi postopki ohranjanja plodnosti, ki so opisani na tej spletni strani morda niso na voljo pri vseh klinikah za plodnost.<\/li>\n<\/ul>\t\t\t\t\t\t\t\t<\/div>\n\t\t\t\t<\/div>\n\t\t\t\t<\/div>\n\t\t\t\t<\/div>\n\t\t<div class=\"elementor-element elementor-element-4c45813a e-con-full e-flex e-con e-child\" data-id=\"4c45813a\" data-element_type=\"container\" data-e-type=\"container\">\n\t\t<div class=\"elementor-element elementor-element-74317676 e-con-full e-flex e-con e-child\" data-id=\"74317676\" data-element_type=\"container\" data-e-type=\"container\">\n\t\t\t\t<div class=\"elementor-element elementor-element-13a82141 elementor-widget elementor-widget-image\" data-id=\"13a82141\" data-element_type=\"widget\" data-e-type=\"widget\" data-widget_type=\"image.default\">\n\t\t\t\t<div class=\"elementor-widget-container\">\n\t\t\t\t\t\t\t\t\t\t\t\t\t\t\t\t<a href=\"http:\/\/.\/\">\n\t\t\t\t\t\t\t<img fetchpriority=\"high\" decoding=\"async\" width=\"400\" height=\"440\" src=\"https:\/\/cancerfertilityandme.org.uk\/wp-content\/uploads\/cancerfertilityandme-logo-column-adult-women.png\" class=\"attachment-full size-full wp-image-2285\" alt=\"\" srcset=\"https:\/\/cancerfertilityandme.org.uk\/wp-content\/uploads\/cancerfertilityandme-logo-column-adult-women.png 400w, https:\/\/cancerfertilityandme.org.uk\/wp-content\/uploads\/cancerfertilityandme-logo-column-adult-women-273x300.png 273w\" sizes=\"(max-width: 400px) 100vw, 400px\" \/>\t\t\t\t\t\t\t\t<\/a>\n\t\t\t\t\t\t\t\t\t\t\t\t\t\t\t<\/div>\n\t\t\t\t<\/div>\n\t\t\t\t<\/div>\n\t\t<div class=\"elementor-element elementor-element-49f00865 e-con-full e-flex e-con e-child\" data-id=\"49f00865\" data-element_type=\"container\" data-e-type=\"container\">\n\t\t\t\t<div class=\"elementor-element elementor-element-3815a980 elementor-widget elementor-widget-heading\" data-id=\"3815a980\" data-element_type=\"widget\" data-e-type=\"widget\" data-widget_type=\"heading.default\">\n\t\t\t\t<div class=\"elementor-widget-container\">\n\t\t\t\t\t<h3 class=\"elementor-heading-title elementor-size-default\">Za ve\u010d informacij sledite tem povezavam<\/h3>\t\t\t\t<\/div>\n\t\t\t\t<\/div>\n\t\t\t\t<div class=\"elementor-element elementor-element-6332b58a elementor-nav-menu--dropdown-none elementor-widget elementor-widget-nav-menu\" data-id=\"6332b58a\" data-element_type=\"widget\" data-e-type=\"widget\" data-settings=\"{&quot;layout&quot;:&quot;vertical&quot;,&quot;submenu_icon&quot;:{&quot;value&quot;:&quot;&lt;svg aria-hidden=\\&quot;true\\&quot; class=\\&quot;e-font-icon-svg e-fas-caret-down\\&quot; viewBox=\\&quot;0 0 320 512\\&quot; xmlns=\\&quot;http:\\\/\\\/www.w3.org\\\/2000\\\/svg\\&quot;&gt;&lt;path d=\\&quot;M31.3 192h257.3c17.8 0 26.7 21.5 14.1 34.1L174.1 354.8c-7.8 7.8-20.5 7.8-28.3 0L17.2 226.1C4.6 213.5 13.5 192 31.3 192z\\&quot;&gt;&lt;\\\/path&gt;&lt;\\\/svg&gt;&quot;,&quot;library&quot;:&quot;fa-solid&quot;}}\" data-widget_type=\"nav-menu.default\">\n\t\t\t\t<div class=\"elementor-widget-container\">\n\t\t\t\t\t\t\t\t<nav aria-label=\"Menu\" class=\"elementor-nav-menu--main elementor-nav-menu__container elementor-nav-menu--layout-vertical e--pointer-none\">\n\t\t\t\t<ul id=\"menu-1-6332b58a\" class=\"elementor-nav-menu sm-vertical\"><li class=\"menu-item menu-item-type-post_type menu-item-object-page menu-item-6817\"><a href=\"https:\/\/cancerfertilityandme.org.uk\/adult-women\/about-this-project\/\" class=\"elementor-item\">O tem projektu<\/a><\/li>\n<li class=\"menu-item menu-item-type-post_type menu-item-object-page menu-item-6818\"><a href=\"https:\/\/cancerfertilityandme.org.uk\/adult-women\/about-this-project\/decisions-before-during-and-after-treatment\/\" class=\"elementor-item\">Odlo\u010ditve pred zdravljenjem, med njim in po njem<\/a><\/li>\n<li class=\"menu-item menu-item-type-post_type menu-item-object-page menu-item-6820\"><a href=\"https:\/\/cancerfertilityandme.org.uk\/adult-women\/about-this-project\/using-this-website\/\" class=\"elementor-item\">Uporaba tega spleti\u0161\u010da<\/a><\/li>\n<li class=\"menu-item menu-item-type-post_type menu-item-object-page menu-item-6819\"><a href=\"https:\/\/cancerfertilityandme.org.uk\/glossary\/\" class=\"elementor-item\">Glosar<\/a><\/li>\n<\/ul>\t\t\t<\/nav>\n\t\t\t\t\t\t<nav class=\"elementor-nav-menu--dropdown elementor-nav-menu__container\" aria-hidden=\"true\">\n\t\t\t\t<ul id=\"menu-2-6332b58a\" class=\"elementor-nav-menu sm-vertical\"><li class=\"menu-item menu-item-type-post_type menu-item-object-page menu-item-6817\"><a href=\"https:\/\/cancerfertilityandme.org.uk\/adult-women\/about-this-project\/\" class=\"elementor-item\" tabindex=\"-1\">O tem projektu<\/a><\/li>\n<li class=\"menu-item menu-item-type-post_type menu-item-object-page menu-item-6818\"><a href=\"https:\/\/cancerfertilityandme.org.uk\/adult-women\/about-this-project\/decisions-before-during-and-after-treatment\/\" class=\"elementor-item\" tabindex=\"-1\">Odlo\u010ditve pred zdravljenjem, med njim in po njem<\/a><\/li>\n<li class=\"menu-item menu-item-type-post_type menu-item-object-page menu-item-6820\"><a href=\"https:\/\/cancerfertilityandme.org.uk\/adult-women\/about-this-project\/using-this-website\/\" class=\"elementor-item\" tabindex=\"-1\">Uporaba tega spleti\u0161\u010da<\/a><\/li>\n<li class=\"menu-item menu-item-type-post_type menu-item-object-page menu-item-6819\"><a href=\"https:\/\/cancerfertilityandme.org.uk\/glossary\/\" class=\"elementor-item\" tabindex=\"-1\">Glosar<\/a><\/li>\n<\/ul>\t\t\t<\/nav>\n\t\t\t\t\t\t<\/div>\n\t\t\t\t<\/div>\n\t\t\t\t<\/div>\n\t\t\t\t<\/div>\n\t\t\t\t\t<\/div>\n\t\t\t\t<\/main>\n\t\t\t\t<\/div>\n\t\t","protected":false},"excerpt":{"rendered":"<p>Uporaba tega spletnega mesta za pomo\u010d pri odlo\u010danju Algumas mulheres que iniciam o tratamento do cancro saber\u00e3o, com certeza, se querem ou n\u00e3o considerar a preserva\u00e7\u00e3o da fertilidade. Algumas mulheres t\u00eam d\u00favidas sobre a decis\u00e3o de preserva\u00e7\u00e3o da fertilidade e qual a melhor op\u00e7\u00e3o para elas. Da bi vam pomagali pri sprejemanju te odlo\u010ditve, so [&hellip;]<\/p>\n","protected":false},"author":1,"featured_media":0,"parent":6504,"menu_order":0,"comment_status":"closed","ping_status":"open","template":"","meta":{"footnotes":""},"class_list":["post-6516","page","type-page","status-publish","hentry"],"_links":{"self":[{"href":"https:\/\/cancerfertilityandme.org.uk\/sl\/wp-json\/wp\/v2\/pages\/6516","targetHints":{"allow":["GET"]}}],"collection":[{"href":"https:\/\/cancerfertilityandme.org.uk\/sl\/wp-json\/wp\/v2\/pages"}],"about":[{"href":"https:\/\/cancerfertilityandme.org.uk\/sl\/wp-json\/wp\/v2\/types\/page"}],"author":[{"embeddable":true,"href":"https:\/\/cancerfertilityandme.org.uk\/sl\/wp-json\/wp\/v2\/users\/1"}],"replies":[{"embeddable":true,"href":"https:\/\/cancerfertilityandme.org.uk\/sl\/wp-json\/wp\/v2\/comments?post=6516"}],"version-history":[{"count":3,"href":"https:\/\/cancerfertilityandme.org.uk\/sl\/wp-json\/wp\/v2\/pages\/6516\/revisions"}],"predecessor-version":[{"id":9337,"href":"https:\/\/cancerfertilityandme.org.uk\/sl\/wp-json\/wp\/v2\/pages\/6516\/revisions\/9337"}],"up":[{"embeddable":true,"href":"https:\/\/cancerfertilityandme.org.uk\/sl\/wp-json\/wp\/v2\/pages\/6504"}],"wp:attachment":[{"href":"https:\/\/cancerfertilityandme.org.uk\/sl\/wp-json\/wp\/v2\/media?parent=6516"}],"curies":[{"name":"wp","href":"https:\/\/api.w.org\/{rel}","templated":true}]}}