{"id":6506,"date":"2019-04-17T17:52:53","date_gmt":"2019-04-17T17:52:53","guid":{"rendered":"https:\/\/cancerfertilityandme.org.uk\/odlocitve-pred-zdravljenjem-med-njim-in-po-njem\/"},"modified":"2026-03-03T13:58:55","modified_gmt":"2026-03-03T13:58:55","slug":"odlocitve-pred-zdravljenjem-med-njim-in-po-njem","status":"publish","type":"page","link":"https:\/\/cancerfertilityandme.org.uk\/sl\/odrasle-zenske\/o-tem-spletnem-mestu\/odlocitve-pred-zdravljenjem-med-njim-in-po-njem\/","title":{"rendered":"Odlo\u010ditve pred zdravljenjem, med njim in po njem"},"content":{"rendered":"\t\t<div data-elementor-type=\"wp-page\" data-elementor-id=\"6506\" class=\"elementor elementor-6506 elementor-5633\" data-elementor-post-type=\"page\">\n\t\t\t\t<main class=\"elementor-element elementor-element-19254594 e-flex e-con-boxed e-con e-parent\" data-id=\"19254594\" data-element_type=\"container\" data-e-type=\"container\">\n\t\t\t\t\t<div class=\"e-con-inner\">\n\t\t<div class=\"elementor-element elementor-element-633f2ab3 e-con-full e-flex e-con e-child\" data-id=\"633f2ab3\" data-element_type=\"container\" data-e-type=\"container\">\n\t\t\t\t<div class=\"elementor-element elementor-element-3934d836 elementor-widget elementor-widget-text-editor\" data-id=\"3934d836\" data-element_type=\"widget\" data-e-type=\"widget\" data-widget_type=\"text-editor.default\">\n\t\t\t\t<div class=\"elementor-widget-container\">\n\t\t\t\t\t\t\t\t\t<h2>Plodnost in na\u010drtovanje dru\u017eine za \u017eenske pred, med in po zdravljenju raka:<\/h2><p>\u017denske z diagnozo raka se bodo <b>pred<\/b>, <b>med <\/b>in <b>po <\/b>zdravljenju raka, soo\u010dile z odlo\u010ditvami o svoji plodnosti.<\/p><p>Spodnji diagram prikazuje te odlo\u010ditve o plodnosti in jih povezuje z vsako fazo zdravljenja raka. Na vsaki stopnji se pogovorite s svojim timom za zdravljenje raka in timom za skrb za plodnost, partnerjem, dru\u017eino in prijatelji. To vam bo pomagalo, da boste informirani in da boste sprejeli pravo odlo\u010ditev za vas.  <\/p><p>V <a href=\"\/fertility-preservation-options\/summary\">preglednici na tej<\/a> strani so primerjane razli\u010dne mo\u017enosti ohranjanja plodnosti. Ta povzetek vam lahko pomaga pri razmisleku o najbolj\u0161i odlo\u010ditvi za vas. <\/p><p>Nazadnje lahko obstajajo \u0161e drugi novi in nastajajo\u010di na\u010dini zdravljenja neplodnosti, ki so v zgodnjih fazah raziskav in razvoja. Na primer presaditev maternice. O njih se pogovorite s svojo ekipo za skrb za plodnost.  <\/p><p><b>Spodnji diagram: <\/b>Povezovanje mo\u017enosti za plodnost za \u017eenske <b>pred <\/b>zdravljenjem raka, <b>med <\/b>njim in <b>po <\/b>njem:<\/p><p> <\/p>\t\t\t\t\t\t\t\t<\/div>\n\t\t\t\t<\/div>\n\t\t\t\t<div class=\"elementor-element elementor-element-822ad53 elementor-widget elementor-widget-image\" data-id=\"822ad53\" data-element_type=\"widget\" data-e-type=\"widget\" data-widget_type=\"image.default\">\n\t\t\t\t<div class=\"elementor-widget-container\">\n\t\t\t\t\t\t\t\t\t\t\t\t\t\t\t<img fetchpriority=\"high\" decoding=\"async\" width=\"800\" height=\"1008\" src=\"https:\/\/cancerfertilityandme.org.uk\/wp-content\/uploads\/SL-03-2-813x1024.png\" class=\"attachment-large size-large wp-image-5697\" alt=\"Povezovanje mo\u017enosti za plodnost pri \u017eenskah pred zdravljenjem raka, med njim in po njem\" srcset=\"https:\/\/cancerfertilityandme.org.uk\/wp-content\/uploads\/SL-03-2-813x1024.png 813w, https:\/\/cancerfertilityandme.org.uk\/wp-content\/uploads\/SL-03-2-238x300.png 238w, https:\/\/cancerfertilityandme.org.uk\/wp-content\/uploads\/SL-03-2-768x968.png 768w, https:\/\/cancerfertilityandme.org.uk\/wp-content\/uploads\/SL-03-2-1219x1536.png 1219w, https:\/\/cancerfertilityandme.org.uk\/wp-content\/uploads\/SL-03-2.png 1296w\" sizes=\"(max-width: 800px) 100vw, 800px\" \/>\t\t\t\t\t\t\t\t\t\t\t\t\t\t\t<\/div>\n\t\t\t\t<\/div>\n\t\t\t\t<\/div>\n\t\t<div class=\"elementor-element elementor-element-21f10086 e-con-full e-flex e-con e-child\" data-id=\"21f10086\" data-element_type=\"container\" data-e-type=\"container\">\n\t\t<div class=\"elementor-element elementor-element-640667fb e-con-full e-flex e-con e-child\" data-id=\"640667fb\" data-element_type=\"container\" data-e-type=\"container\">\n\t\t\t\t<div class=\"elementor-element elementor-element-e606fb elementor-widget elementor-widget-image\" data-id=\"e606fb\" data-element_type=\"widget\" data-e-type=\"widget\" data-widget_type=\"image.default\">\n\t\t\t\t<div class=\"elementor-widget-container\">\n\t\t\t\t\t\t\t\t\t\t\t\t\t\t\t\t<a href=\"http:\/\/.\/\">\n\t\t\t\t\t\t\t<img decoding=\"async\" width=\"400\" height=\"440\" src=\"https:\/\/cancerfertilityandme.org.uk\/wp-content\/uploads\/cancerfertilityandme-logo-column-adult-women.png\" class=\"attachment-full size-full wp-image-2285\" alt=\"\" srcset=\"https:\/\/cancerfertilityandme.org.uk\/wp-content\/uploads\/cancerfertilityandme-logo-column-adult-women.png 400w, https:\/\/cancerfertilityandme.org.uk\/wp-content\/uploads\/cancerfertilityandme-logo-column-adult-women-273x300.png 273w\" sizes=\"(max-width: 400px) 100vw, 400px\" \/>\t\t\t\t\t\t\t\t<\/a>\n\t\t\t\t\t\t\t\t\t\t\t\t\t\t\t<\/div>\n\t\t\t\t<\/div>\n\t\t\t\t<\/div>\n\t\t<div class=\"elementor-element elementor-element-51a24fbc e-con-full e-flex e-con e-child\" data-id=\"51a24fbc\" data-element_type=\"container\" data-e-type=\"container\">\n\t\t\t\t<div class=\"elementor-element elementor-element-14d06784 elementor-widget elementor-widget-heading\" data-id=\"14d06784\" data-element_type=\"widget\" data-e-type=\"widget\" data-widget_type=\"heading.default\">\n\t\t\t\t<div class=\"elementor-widget-container\">\n\t\t\t\t\t<h3 class=\"elementor-heading-title elementor-size-default\">Za ve\u010d informacij sledite tem povezavam<\/h3>\t\t\t\t<\/div>\n\t\t\t\t<\/div>\n\t\t\t\t<div class=\"elementor-element elementor-element-4a3154e9 elementor-nav-menu--dropdown-none elementor-widget elementor-widget-nav-menu\" data-id=\"4a3154e9\" data-element_type=\"widget\" data-e-type=\"widget\" data-settings=\"{&quot;layout&quot;:&quot;vertical&quot;,&quot;submenu_icon&quot;:{&quot;value&quot;:&quot;&lt;svg aria-hidden=\\&quot;true\\&quot; class=\\&quot;e-font-icon-svg e-fas-caret-down\\&quot; viewBox=\\&quot;0 0 320 512\\&quot; xmlns=\\&quot;http:\\\/\\\/www.w3.org\\\/2000\\\/svg\\&quot;&gt;&lt;path d=\\&quot;M31.3 192h257.3c17.8 0 26.7 21.5 14.1 34.1L174.1 354.8c-7.8 7.8-20.5 7.8-28.3 0L17.2 226.1C4.6 213.5 13.5 192 31.3 192z\\&quot;&gt;&lt;\\\/path&gt;&lt;\\\/svg&gt;&quot;,&quot;library&quot;:&quot;fa-solid&quot;}}\" data-widget_type=\"nav-menu.default\">\n\t\t\t\t<div class=\"elementor-widget-container\">\n\t\t\t\t\t\t\t\t<nav aria-label=\"Menu\" class=\"elementor-nav-menu--main elementor-nav-menu__container elementor-nav-menu--layout-vertical e--pointer-none\">\n\t\t\t\t<ul id=\"menu-1-4a3154e9\" class=\"elementor-nav-menu sm-vertical\"><li class=\"menu-item menu-item-type-post_type menu-item-object-page menu-item-6817\"><a href=\"https:\/\/cancerfertilityandme.org.uk\/adult-women\/about-this-project\/\" class=\"elementor-item\">O tem projektu<\/a><\/li>\n<li class=\"menu-item menu-item-type-post_type menu-item-object-page menu-item-6818\"><a href=\"https:\/\/cancerfertilityandme.org.uk\/adult-women\/about-this-project\/decisions-before-during-and-after-treatment\/\" class=\"elementor-item\">Odlo\u010ditve pred zdravljenjem, med njim in po njem<\/a><\/li>\n<li class=\"menu-item menu-item-type-post_type menu-item-object-page menu-item-6820\"><a href=\"https:\/\/cancerfertilityandme.org.uk\/adult-women\/about-this-project\/using-this-website\/\" class=\"elementor-item\">Uporaba tega spleti\u0161\u010da<\/a><\/li>\n<li class=\"menu-item menu-item-type-post_type menu-item-object-page menu-item-6819\"><a href=\"https:\/\/cancerfertilityandme.org.uk\/glossary\/\" class=\"elementor-item\">Glosar<\/a><\/li>\n<\/ul>\t\t\t<\/nav>\n\t\t\t\t\t\t<nav class=\"elementor-nav-menu--dropdown elementor-nav-menu__container\" aria-hidden=\"true\">\n\t\t\t\t<ul id=\"menu-2-4a3154e9\" class=\"elementor-nav-menu sm-vertical\"><li class=\"menu-item menu-item-type-post_type menu-item-object-page menu-item-6817\"><a href=\"https:\/\/cancerfertilityandme.org.uk\/adult-women\/about-this-project\/\" class=\"elementor-item\" tabindex=\"-1\">O tem projektu<\/a><\/li>\n<li class=\"menu-item menu-item-type-post_type menu-item-object-page menu-item-6818\"><a href=\"https:\/\/cancerfertilityandme.org.uk\/adult-women\/about-this-project\/decisions-before-during-and-after-treatment\/\" class=\"elementor-item\" tabindex=\"-1\">Odlo\u010ditve pred zdravljenjem, med njim in po njem<\/a><\/li>\n<li class=\"menu-item menu-item-type-post_type menu-item-object-page menu-item-6820\"><a href=\"https:\/\/cancerfertilityandme.org.uk\/adult-women\/about-this-project\/using-this-website\/\" class=\"elementor-item\" tabindex=\"-1\">Uporaba tega spleti\u0161\u010da<\/a><\/li>\n<li class=\"menu-item menu-item-type-post_type menu-item-object-page menu-item-6819\"><a href=\"https:\/\/cancerfertilityandme.org.uk\/glossary\/\" class=\"elementor-item\" tabindex=\"-1\">Glosar<\/a><\/li>\n<\/ul>\t\t\t<\/nav>\n\t\t\t\t\t\t<\/div>\n\t\t\t\t<\/div>\n\t\t\t\t<\/div>\n\t\t\t\t<\/div>\n\t\t\t\t\t<\/div>\n\t\t\t\t<\/main>\n\t\t\t\t<\/div>\n\t\t","protected":false},"excerpt":{"rendered":"<p>Plodnost in na\u010drtovanje dru\u017eine za \u017eenske pred, med in po zdravljenju raka: \u017denske z diagnozo raka se bodo pred, med in po zdravljenju raka, soo\u010dile z odlo\u010ditvami o svoji plodnosti. Spodnji diagram prikazuje te odlo\u010ditve o plodnosti in jih povezuje z vsako fazo zdravljenja raka. Na vsaki stopnji se pogovorite s svojim timom za zdravljenje [&hellip;]<\/p>\n","protected":false},"author":1,"featured_media":5641,"parent":6504,"menu_order":0,"comment_status":"closed","ping_status":"open","template":"","meta":{"footnotes":""},"class_list":["post-6506","page","type-page","status-publish","has-post-thumbnail","hentry"],"_links":{"self":[{"href":"https:\/\/cancerfertilityandme.org.uk\/sl\/wp-json\/wp\/v2\/pages\/6506","targetHints":{"allow":["GET"]}}],"collection":[{"href":"https:\/\/cancerfertilityandme.org.uk\/sl\/wp-json\/wp\/v2\/pages"}],"about":[{"href":"https:\/\/cancerfertilityandme.org.uk\/sl\/wp-json\/wp\/v2\/types\/page"}],"author":[{"embeddable":true,"href":"https:\/\/cancerfertilityandme.org.uk\/sl\/wp-json\/wp\/v2\/users\/1"}],"replies":[{"embeddable":true,"href":"https:\/\/cancerfertilityandme.org.uk\/sl\/wp-json\/wp\/v2\/comments?post=6506"}],"version-history":[{"count":10,"href":"https:\/\/cancerfertilityandme.org.uk\/sl\/wp-json\/wp\/v2\/pages\/6506\/revisions"}],"predecessor-version":[{"id":10849,"href":"https:\/\/cancerfertilityandme.org.uk\/sl\/wp-json\/wp\/v2\/pages\/6506\/revisions\/10849"}],"up":[{"embeddable":true,"href":"https:\/\/cancerfertilityandme.org.uk\/sl\/wp-json\/wp\/v2\/pages\/6504"}],"wp:featuredmedia":[{"embeddable":true,"href":"https:\/\/cancerfertilityandme.org.uk\/sl\/wp-json\/wp\/v2\/media\/5641"}],"wp:attachment":[{"href":"https:\/\/cancerfertilityandme.org.uk\/sl\/wp-json\/wp\/v2\/media?parent=6506"}],"curies":[{"name":"wp","href":"https:\/\/api.w.org\/{rel}","templated":true}]}}