{"id":6504,"date":"2019-04-15T13:13:44","date_gmt":"2019-04-15T13:13:44","guid":{"rendered":"https:\/\/cancerfertilityandme.org.uk\/o-tem-spletnem-mestu\/"},"modified":"2026-03-09T11:45:23","modified_gmt":"2026-03-09T11:45:23","slug":"o-tem-spletnem-mestu","status":"publish","type":"page","link":"https:\/\/cancerfertilityandme.org.uk\/sl\/odrasle-zenske\/o-tem-spletnem-mestu\/","title":{"rendered":"O tem projektu"},"content":{"rendered":"\t\t<div data-elementor-type=\"wp-page\" data-elementor-id=\"6504\" class=\"elementor elementor-6504 elementor-5611\" data-elementor-post-type=\"page\">\n\t\t\t\t<main class=\"elementor-element elementor-element-6e75e9de e-flex e-con-boxed e-con e-parent\" data-id=\"6e75e9de\" data-element_type=\"container\" data-e-type=\"container\">\n\t\t\t\t\t<div class=\"e-con-inner\">\n\t\t<div class=\"elementor-element elementor-element-1dcd69a9 e-con-full e-flex e-con e-child\" data-id=\"1dcd69a9\" data-element_type=\"container\" data-e-type=\"container\">\n\t\t\t\t<div class=\"elementor-element elementor-element-2a773a53 elementor-widget elementor-widget-text-editor\" data-id=\"2a773a53\" data-element_type=\"widget\" data-e-type=\"widget\" data-widget_type=\"text-editor.default\">\n\t\t\t\t<div class=\"elementor-widget-container\">\n\t\t\t\t\t\t\t\t\t<h4>Namen tega spletnega mesta je pomagati \u017eenskam z rakom pri odlo\u010danju o ohranjanju plodnosti pred za\u010detkom zdravljenja raka.<\/h4><p>Pri nekaterih \u017eenskah lahko zdravljenje raka s pomo\u010djo kemoterapije, radioterapije, hormonskega in kirur\u0161kega zdravljenja, povzro\u010di dolgotrajne te\u017eave s plodnostjo in lahko zmanj\u0161a mo\u017enosti za zanositev v prihodnosti. Na\u010din, kako zdravljenje raka vpliva na plodnost, je odvisen od vrste raka in izbranega na\u010dina zdravljenja. Vpliv zdravljenja raka na plodnost, je odvisen od vrste raka in predpisane terapije. Vpliv zdravljenja raka na plodnost, je odvisen od vrste raka in predpisane terapije.<\/p><h4>Na tem spletnem mestu so na voljo informacije, ki so vam v pomo\u010d:<\/h4><ul><li>Ve\u010d o tem, kako lahko zdravljenje raka pri \u017eenskah povzro\u010di te\u017eave s plodnostjo.<\/li><li>Razumeti ve\u010d o tem, kako lahko \u017eenske z rakom pred za\u010detkom zdravljenja raka ohranijo svojo plodnost.<\/li><li>Spoznajte, katere mo\u017enosti za ohranjanje plodnosti najbolje ustrezajo va\u0161emu \u017eivljenskemu slogu.<\/li><li>Razumite odlo\u010ditve o na\u010drtovanju dru\u017eine med zdravljenjem raka in po njem.<\/li><\/ul><p>Terapije za ohranjanje plodnosti so na\u010dini, ki \u017eenskam z rakavimi oboljenji pomagajo, da imajo po zaklju\u010dku zdravljenja raka ve\u010d mo\u017enosti za zanositev in porod. Ni nujno da bodo vse \u017eenske, ki se zdravijo zaradi raka, imele v prihodnosti te\u017eave s plodnostjo. Vse \u017eenske, ki se zdravijo zaradi raka, ne bodo imele te\u017eav s plodnostjo v prihodnosti. <\/p><h4>To spletno mesto vam bo morda v pomo\u010d, \u010de:<\/h4><ul><li>so vam pred kratkim diagnosticirali raka.<\/li><li>boste morda \u017eeleli zanositi in posku\u0161ati imeti otroka v prihodnosti po kon\u010danem zdravljenju raka.<\/li><li>Si \u017eelite ve\u010d informacij, ki bi vam pomagale pri odlo\u010ditvi o ohranjanju plodnosti.<\/li><\/ul>\t\t\t\t\t\t\t\t<\/div>\n\t\t\t\t<\/div>\n\t\t\t\t<\/div>\n\t\t<div class=\"elementor-element elementor-element-7c9fa8b6 e-con-full e-flex e-con e-child\" data-id=\"7c9fa8b6\" data-element_type=\"container\" data-e-type=\"container\">\n\t\t<div class=\"elementor-element elementor-element-54755db2 e-con-full e-flex e-con e-child\" data-id=\"54755db2\" data-element_type=\"container\" data-e-type=\"container\">\n\t\t\t\t<div class=\"elementor-element elementor-element-762eb1be elementor-widget elementor-widget-image\" data-id=\"762eb1be\" data-element_type=\"widget\" data-e-type=\"widget\" data-widget_type=\"image.default\">\n\t\t\t\t<div class=\"elementor-widget-container\">\n\t\t\t\t\t\t\t\t\t\t\t\t\t\t\t\t<a href=\"http:\/\/.\/\">\n\t\t\t\t\t\t\t<img fetchpriority=\"high\" decoding=\"async\" width=\"400\" height=\"440\" src=\"https:\/\/cancerfertilityandme.org.uk\/wp-content\/uploads\/cancerfertilityandme-logo-column-adult-women.png\" class=\"attachment-full size-full wp-image-2285\" alt=\"\" srcset=\"https:\/\/cancerfertilityandme.org.uk\/wp-content\/uploads\/cancerfertilityandme-logo-column-adult-women.png 400w, https:\/\/cancerfertilityandme.org.uk\/wp-content\/uploads\/cancerfertilityandme-logo-column-adult-women-273x300.png 273w\" sizes=\"(max-width: 400px) 100vw, 400px\" \/>\t\t\t\t\t\t\t\t<\/a>\n\t\t\t\t\t\t\t\t\t\t\t\t\t\t\t<\/div>\n\t\t\t\t<\/div>\n\t\t\t\t<\/div>\n\t\t<div class=\"elementor-element elementor-element-7daf8974 e-con-full e-flex e-con e-child\" data-id=\"7daf8974\" data-element_type=\"container\" data-e-type=\"container\">\n\t\t\t\t<div class=\"elementor-element elementor-element-1281da elementor-widget elementor-widget-heading\" data-id=\"1281da\" data-element_type=\"widget\" data-e-type=\"widget\" data-widget_type=\"heading.default\">\n\t\t\t\t<div class=\"elementor-widget-container\">\n\t\t\t\t\t<h3 class=\"elementor-heading-title elementor-size-default\">Za ve\u010d informacij sledite tem povezavam<\/h3>\t\t\t\t<\/div>\n\t\t\t\t<\/div>\n\t\t\t\t<div class=\"elementor-element elementor-element-5d7b452e elementor-nav-menu--dropdown-none elementor-widget elementor-widget-nav-menu\" data-id=\"5d7b452e\" data-element_type=\"widget\" data-e-type=\"widget\" data-settings=\"{&quot;layout&quot;:&quot;vertical&quot;,&quot;submenu_icon&quot;:{&quot;value&quot;:&quot;&lt;svg aria-hidden=\\&quot;true\\&quot; class=\\&quot;e-font-icon-svg e-fas-caret-down\\&quot; viewBox=\\&quot;0 0 320 512\\&quot; xmlns=\\&quot;http:\\\/\\\/www.w3.org\\\/2000\\\/svg\\&quot;&gt;&lt;path d=\\&quot;M31.3 192h257.3c17.8 0 26.7 21.5 14.1 34.1L174.1 354.8c-7.8 7.8-20.5 7.8-28.3 0L17.2 226.1C4.6 213.5 13.5 192 31.3 192z\\&quot;&gt;&lt;\\\/path&gt;&lt;\\\/svg&gt;&quot;,&quot;library&quot;:&quot;fa-solid&quot;}}\" data-widget_type=\"nav-menu.default\">\n\t\t\t\t<div class=\"elementor-widget-container\">\n\t\t\t\t\t\t\t\t<nav aria-label=\"Menu\" class=\"elementor-nav-menu--main elementor-nav-menu__container elementor-nav-menu--layout-vertical e--pointer-none\">\n\t\t\t\t<ul id=\"menu-1-5d7b452e\" class=\"elementor-nav-menu sm-vertical\"><li class=\"menu-item menu-item-type-post_type menu-item-object-page menu-item-6817\"><a href=\"https:\/\/cancerfertilityandme.org.uk\/adult-women\/about-this-project\/\" class=\"elementor-item\">O tem projektu<\/a><\/li>\n<li class=\"menu-item menu-item-type-post_type menu-item-object-page menu-item-6818\"><a href=\"https:\/\/cancerfertilityandme.org.uk\/adult-women\/about-this-project\/decisions-before-during-and-after-treatment\/\" class=\"elementor-item\">Odlo\u010ditve pred zdravljenjem, med njim in po njem<\/a><\/li>\n<li class=\"menu-item menu-item-type-post_type menu-item-object-page menu-item-6820\"><a href=\"https:\/\/cancerfertilityandme.org.uk\/adult-women\/about-this-project\/using-this-website\/\" class=\"elementor-item\">Uporaba tega spleti\u0161\u010da<\/a><\/li>\n<li class=\"menu-item menu-item-type-post_type menu-item-object-page menu-item-6819\"><a href=\"https:\/\/cancerfertilityandme.org.uk\/glossary\/\" class=\"elementor-item\">Glosar<\/a><\/li>\n<\/ul>\t\t\t<\/nav>\n\t\t\t\t\t\t<nav class=\"elementor-nav-menu--dropdown elementor-nav-menu__container\" aria-hidden=\"true\">\n\t\t\t\t<ul id=\"menu-2-5d7b452e\" class=\"elementor-nav-menu sm-vertical\"><li class=\"menu-item menu-item-type-post_type menu-item-object-page menu-item-6817\"><a href=\"https:\/\/cancerfertilityandme.org.uk\/adult-women\/about-this-project\/\" class=\"elementor-item\" tabindex=\"-1\">O tem projektu<\/a><\/li>\n<li class=\"menu-item menu-item-type-post_type menu-item-object-page menu-item-6818\"><a href=\"https:\/\/cancerfertilityandme.org.uk\/adult-women\/about-this-project\/decisions-before-during-and-after-treatment\/\" class=\"elementor-item\" tabindex=\"-1\">Odlo\u010ditve pred zdravljenjem, med njim in po njem<\/a><\/li>\n<li class=\"menu-item menu-item-type-post_type menu-item-object-page menu-item-6820\"><a href=\"https:\/\/cancerfertilityandme.org.uk\/adult-women\/about-this-project\/using-this-website\/\" class=\"elementor-item\" tabindex=\"-1\">Uporaba tega spleti\u0161\u010da<\/a><\/li>\n<li class=\"menu-item menu-item-type-post_type menu-item-object-page menu-item-6819\"><a href=\"https:\/\/cancerfertilityandme.org.uk\/glossary\/\" class=\"elementor-item\" tabindex=\"-1\">Glosar<\/a><\/li>\n<\/ul>\t\t\t<\/nav>\n\t\t\t\t\t\t<\/div>\n\t\t\t\t<\/div>\n\t\t\t\t<\/div>\n\t\t\t\t<\/div>\n\t\t\t\t\t<\/div>\n\t\t\t\t<\/main>\n\t\t\t\t<\/div>\n\t\t","protected":false},"excerpt":{"rendered":"<p>Namen tega spletnega mesta je pomagati \u017eenskam z rakom pri odlo\u010danju o ohranjanju plodnosti pred za\u010detkom zdravljenja raka. Pri nekaterih \u017eenskah lahko zdravljenje raka s pomo\u010djo kemoterapije, radioterapije, hormonskega in kirur\u0161kega zdravljenja, povzro\u010di dolgotrajne te\u017eave s plodnostjo in lahko zmanj\u0161a mo\u017enosti za zanositev v prihodnosti. Na\u010din, kako zdravljenje raka vpliva na plodnost, je odvisen od [&hellip;]<\/p>\n","protected":false},"author":1,"featured_media":5619,"parent":6768,"menu_order":0,"comment_status":"closed","ping_status":"closed","template":"","meta":{"footnotes":""},"class_list":["post-6504","page","type-page","status-publish","has-post-thumbnail","hentry"],"_links":{"self":[{"href":"https:\/\/cancerfertilityandme.org.uk\/sl\/wp-json\/wp\/v2\/pages\/6504","targetHints":{"allow":["GET"]}}],"collection":[{"href":"https:\/\/cancerfertilityandme.org.uk\/sl\/wp-json\/wp\/v2\/pages"}],"about":[{"href":"https:\/\/cancerfertilityandme.org.uk\/sl\/wp-json\/wp\/v2\/types\/page"}],"author":[{"embeddable":true,"href":"https:\/\/cancerfertilityandme.org.uk\/sl\/wp-json\/wp\/v2\/users\/1"}],"replies":[{"embeddable":true,"href":"https:\/\/cancerfertilityandme.org.uk\/sl\/wp-json\/wp\/v2\/comments?post=6504"}],"version-history":[{"count":5,"href":"https:\/\/cancerfertilityandme.org.uk\/sl\/wp-json\/wp\/v2\/pages\/6504\/revisions"}],"predecessor-version":[{"id":11127,"href":"https:\/\/cancerfertilityandme.org.uk\/sl\/wp-json\/wp\/v2\/pages\/6504\/revisions\/11127"}],"up":[{"embeddable":true,"href":"https:\/\/cancerfertilityandme.org.uk\/sl\/wp-json\/wp\/v2\/pages\/6768"}],"wp:featuredmedia":[{"embeddable":true,"href":"https:\/\/cancerfertilityandme.org.uk\/sl\/wp-json\/wp\/v2\/media\/5619"}],"wp:attachment":[{"href":"https:\/\/cancerfertilityandme.org.uk\/sl\/wp-json\/wp\/v2\/media?parent=6504"}],"curies":[{"name":"wp","href":"https:\/\/api.w.org\/{rel}","templated":true}]}}