{"id":3415,"date":"2023-08-07T09:35:20","date_gmt":"2023-08-07T09:35:20","guid":{"rendered":"https:\/\/cancerfertilityandme.org.uk\/mladi-moski\/"},"modified":"2023-08-07T09:35:20","modified_gmt":"2023-08-07T09:35:20","slug":"mladi-moski","status":"publish","type":"page","link":"https:\/\/cancerfertilityandme.org.uk\/sl\/mladi-moski\/","title":{"rendered":"Mladi mo\u0161ki"},"content":{"rendered":"<h2>Rak, plodnost in jaz za mlade mo\u0161ke<\/h2>\n<p>Ta vodnik je \u0161e v izdelavi.<\/p>\n<p>\u010ce \u017eelite biti obve\u0161\u010deni, ko bo na voljo, <a href=\"\/contact\">nas kontaktirajte.<\/a><\/p>\n<p>\u203a Vrnitev na <a href=\"\/\">portal CFM<\/a><\/p>\n<p><img decoding=\"async\" class=\"alignleft size-full wp-image-4437\" src=\"\/wp-content\/uploads\/2019\/04\/cfm-sumbenu-leaves.png\" alt=\"section menu\" width=\"126\" height=\"127\"><\/p>\n","protected":false},"excerpt":{"rendered":"<p>Rak, plodnost in jaz za mlade mo\u0161ke Ta vodnik je \u0161e v izdelavi. \u010ce \u017eelite biti obve\u0161\u010deni, ko bo na voljo, nas kontaktirajte. \u203a Vrnitev na portal CFM<\/p>\n","protected":false},"author":1,"featured_media":0,"parent":0,"menu_order":0,"comment_status":"closed","ping_status":"closed","template":"","meta":{"footnotes":""},"class_list":["post-3415","page","type-page","status-publish","hentry"],"_links":{"self":[{"href":"https:\/\/cancerfertilityandme.org.uk\/sl\/wp-json\/wp\/v2\/pages\/3415","targetHints":{"allow":["GET"]}}],"collection":[{"href":"https:\/\/cancerfertilityandme.org.uk\/sl\/wp-json\/wp\/v2\/pages"}],"about":[{"href":"https:\/\/cancerfertilityandme.org.uk\/sl\/wp-json\/wp\/v2\/types\/page"}],"author":[{"embeddable":true,"href":"https:\/\/cancerfertilityandme.org.uk\/sl\/wp-json\/wp\/v2\/users\/1"}],"replies":[{"embeddable":true,"href":"https:\/\/cancerfertilityandme.org.uk\/sl\/wp-json\/wp\/v2\/comments?post=3415"}],"version-history":[{"count":0,"href":"https:\/\/cancerfertilityandme.org.uk\/sl\/wp-json\/wp\/v2\/pages\/3415\/revisions"}],"wp:attachment":[{"href":"https:\/\/cancerfertilityandme.org.uk\/sl\/wp-json\/wp\/v2\/media?parent=3415"}],"curies":[{"name":"wp","href":"https:\/\/api.w.org\/{rel}","templated":true}]}}