{"id":11685,"date":"2023-04-06T13:56:01","date_gmt":"2023-04-06T13:56:01","guid":{"rendered":"https:\/\/cancerfertilityandme.org.uk\/domaca-stran\/sprejem-odlocitve-za-ohranjanje-plodnosti\/druge-odlocitve-glede-plodnosti-ki-jih-je-treba-upostevati\/"},"modified":"2026-03-27T14:34:22","modified_gmt":"2026-03-27T14:34:22","slug":"druge-odlocitve-glede-plodnosti-ki-jih-je-treba-upostevati","status":"publish","type":"page","link":"https:\/\/cancerfertilityandme.org.uk\/sl\/mlade-zenske\/sprejem-odlocitve-za-ohranjanje-plodnosti\/druge-odlocitve-glede-plodnosti-ki-jih-je-treba-upostevati\/","title":{"rendered":"Druge odlo\u010ditve glede plodnosti, ki jih je treba upo\u0161tevati"},"content":{"rendered":"\t\t<div data-elementor-type=\"wp-page\" data-elementor-id=\"11685\" class=\"elementor elementor-11685\" data-elementor-post-type=\"page\">\n\t\t\t\t<main class=\"elementor-element elementor-element-3ff4da75 e-flex e-con-boxed e-con e-parent\" data-id=\"3ff4da75\" data-element_type=\"container\" data-e-type=\"container\">\n\t\t\t\t\t<div class=\"e-con-inner\">\n\t\t<div class=\"elementor-element elementor-element-2ab9ba32 e-con-full e-flex e-con e-child\" data-id=\"2ab9ba32\" data-element_type=\"container\" data-e-type=\"container\">\n\t\t\t\t<div class=\"elementor-element elementor-element-5bac70ef elementor-widget elementor-widget-text-editor\" data-id=\"5bac70ef\" data-element_type=\"widget\" data-e-type=\"widget\" data-widget_type=\"text-editor.default\">\n\t\t\t\t<div class=\"elementor-widget-container\">\n\t\t\t\t\t\t\t\t\t<h2>Druge odlo\u010ditve glede plodnosti, ki jih je treba upo\u0161tevati<\/h2><p>Do sedaj se je ta spletna stran osredoto\u010dala na to, da vam pomaga pri sprejemanju pravih odlo\u010ditev o ohranitvi plodnosti, preden za\u010dnete z zdravljenjem raka. V razdelku \u201cNa\u010dini ohranjanja plodnosti\u201d tega spletnega mesta smo se osredoto\u010dili na pomo\u010d pri izbiri prave metode za vas osebno, preden za\u010dnete z zdravljenjem raka. Ta razdelek pa podaja informacije o kontracepcij in na\u010drtovanju dru\u017eine med in po zdravljenju raka.<\/p><p><strong>\u2022 Med zdravljenjem raka:<\/strong><\/p><p>Te odlo\u010ditve lahko vklju\u010dujejo tudi to, katero vrsto kontracepcije boste uporabili.<\/p><p><strong>\u2022 Po zdravljenju raka in spremljanju:<\/strong><\/p><p>Odlo\u010ditve lahko vklju\u010dujejo, katero vrsto kontracepcije boste uporabili, katere metode testiranja plodnosti boste opravili in kako na\u010drtovati dru\u017eino.<\/p><p><strong>Kontracepcija med zdravljenjem raka<\/strong><\/p><p>\u017denskam mo\u010dno odsvetujemo zanositev med zdravljenjem raka. Zdravljenje raka lahko po\u0161koduje nerojenega otroka v zgodnjih fazah razvoja. Tudi \u010de vam med zdravljenjem menstruacija preneha, to \u0161e ne pomeni, da ne morete zanositi.  <\/p><p>\u010ce ste spolno aktivni, morate ves \u010das zdravljenja raka uporabljati zanesljiva kontracepcijska sredstva.<\/p><p>Spodnja shema prikazuje razli\u010dne vrste kontracepcije, ki jih je treba upo\u0161tevati.<\/p>\t\t\t\t\t\t\t\t<\/div>\n\t\t\t\t<\/div>\n\t\t\t\t<div class=\"elementor-element elementor-element-5c3347f elementor-widget elementor-widget-image\" data-id=\"5c3347f\" data-element_type=\"widget\" data-e-type=\"widget\" data-widget_type=\"image.default\">\n\t\t\t\t<div class=\"elementor-widget-container\">\n\t\t\t\t\t\t\t\t\t\t\t\t\t\t\t<img fetchpriority=\"high\" decoding=\"async\" width=\"800\" height=\"323\" src=\"https:\/\/cancerfertilityandme.org.uk\/wp-content\/uploads\/SL-05-4-1024x413.png\" class=\"attachment-large size-large wp-image-11698\" alt=\"\" srcset=\"https:\/\/cancerfertilityandme.org.uk\/wp-content\/uploads\/SL-05-4-1024x413.png 1024w, https:\/\/cancerfertilityandme.org.uk\/wp-content\/uploads\/SL-05-4-300x121.png 300w, https:\/\/cancerfertilityandme.org.uk\/wp-content\/uploads\/SL-05-4-768x310.png 768w, https:\/\/cancerfertilityandme.org.uk\/wp-content\/uploads\/SL-05-4.png 1028w\" sizes=\"(max-width: 800px) 100vw, 800px\" \/>\t\t\t\t\t\t\t\t\t\t\t\t\t\t\t<\/div>\n\t\t\t\t<\/div>\n\t\t\t\t<div class=\"elementor-element elementor-element-f4cf6e9 elementor-widget elementor-widget-text-editor\" data-id=\"f4cf6e9\" data-element_type=\"widget\" data-e-type=\"widget\" data-widget_type=\"text-editor.default\">\n\t\t\t\t<div class=\"elementor-widget-container\">\n\t\t\t\t\t\t\t\t\t<p>Priporo\u010dljivo je, da \u017eenske, ki se zdravijo s hormonsko terapijo, uporabljajo nehormonske metode kontracepcije. Sem pri\u0161tevamo kondome, \u017eenske kondome , in diafragme. \u017denskam z rakom, ob\u010dutljivim na hormone, se odsvetuje uporaba kontracepcijskih tablet. Obstaja namre\u010d mo\u017enost, da bi hormoni v kontracepcijski tableti lahko spodbudili rast preostalih rakavih celic.   Priporo\u010damo, da se o teh razli\u010dnih metodah kontracepcije pogovorite s svojo ekipo za zdravljenje raka. Za nadaljnje svetovanje vas lahko napotijo na kliniko za na\u010drtovanje dru\u017eine ali k va\u0161emu osebnemu zdravniku.<\/p><p><strong>Z naslednjimi vpra\u0161anji si lahko pomagate pri pogovoru o kontracepciji z ekipo za zdravljenje raka, ali osebnim zdravnikom:<\/strong><\/p><p>Naslednja vpra\u0161anja vam lahko pomagajo pri pogovoru z va\u0161o ekipo za zdravljenje raka ali osebnim zdravnikom o kontracepciji.<\/p><ul><li>Katera vrsta kontracepcije bi bila med zdravljenjem raka zame najbolj\u0161a izbira?<\/li><li>Kako dolgo bom morala uporabljati to kontracepcijsko sredstvo?<\/li><li>Ali pri moji vrsti raka lahko uporabljam nehormonske metode kontracepcije?<\/li><li>\u010ce med zdravljenjem raka nimam menstruacije, ali naj \u0161e vedno uporabljam kontracepcijska sredstva?<\/li><li>Bo odlo\u010ditev za neuporabo kontracepcije in zanositev med zdravljenjem raka, vplivalo name ali na mojega \u0161e nerojenega otroka?<\/li><\/ul><h2>Odlo\u010ditve za na\u010drtovanje dru\u017eine po zdravljenju raka<\/h2><p>Mnoge \u017eenske se znajdejo pred te\u017eko odlo\u010ditvijo, ali naj po odkritju raka poskusijo zanositi. V tem \u010dasu \u017eenske sprejemajo odlo\u010ditve o ohranjanju plodnosti, ki najbolj ustrezajo njihovi \u017eivljenjski situaciji. Sem pri\u0161tevamo opravljanje testov za preverjanje plodnosti, izbiro kontracepcijskih metod in na\u010drtovanje dru\u017eine.   To je prikazano na sliki 3 spodaj.<\/p>\t\t\t\t\t\t\t\t<\/div>\n\t\t\t\t<\/div>\n\t\t\t\t<div class=\"elementor-element elementor-element-53f8b8f elementor-widget elementor-widget-image\" data-id=\"53f8b8f\" data-element_type=\"widget\" data-e-type=\"widget\" data-widget_type=\"image.default\">\n\t\t\t\t<div class=\"elementor-widget-container\">\n\t\t\t\t\t\t\t\t\t\t\t\t\t\t\t<img decoding=\"async\" width=\"800\" height=\"405\" src=\"https:\/\/cancerfertilityandme.org.uk\/wp-content\/uploads\/SL-06-4-1024x518.png\" class=\"attachment-large size-large wp-image-11711\" alt=\"\" srcset=\"https:\/\/cancerfertilityandme.org.uk\/wp-content\/uploads\/SL-06-4-1024x518.png 1024w, https:\/\/cancerfertilityandme.org.uk\/wp-content\/uploads\/SL-06-4-300x152.png 300w, https:\/\/cancerfertilityandme.org.uk\/wp-content\/uploads\/SL-06-4-768x389.png 768w, https:\/\/cancerfertilityandme.org.uk\/wp-content\/uploads\/SL-06-4.png 1045w\" sizes=\"(max-width: 800px) 100vw, 800px\" \/>\t\t\t\t\t\t\t\t\t\t\t\t\t\t\t<\/div>\n\t\t\t\t<\/div>\n\t\t\t\t<div class=\"elementor-element elementor-element-e5aac46 elementor-widget elementor-widget-text-editor\" data-id=\"e5aac46\" data-element_type=\"widget\" data-e-type=\"widget\" data-widget_type=\"text-editor.default\">\n\t\t\t\t<div class=\"elementor-widget-container\">\n\t\t\t\t\t\t\t\t\t<p>Te\u017eko je natan\u010dno predvideti, kako bo zdravljenje raka vplivalo na va\u0161o plodnost. Svetovalci za ohranjanje plodnosti lahko z vrsto testov preverijo va\u0161o plodnost. Med njih spadajo krvne preiskave za preverjanje ravni hormonov ali ultrazvo\u010dna preiskava jaj\u010dnikov. Va\u0161o ekipo za zdravljenje raka ali osebnega zdravnika lahko prosite, da vas napoti na kliniko za zdravljenje neplodnosti.  <\/p><p>Va\u0161a plodnost se lahko po zdravljenju raka vrne po naravni poti. Tudi \u010de se menstruacija \u0161e ni za\u010dela, lahko \u0161e vedno proizvajate jaj\u010deca in lahko zanosite. Svetujemo vam, da se o metodah kontracepcije pogovorite s svojo ekipo za zdravljenje raka ali z osebnim zdravnikom. Svetovali vam bodo o mo\u017enostih in primerni vrsti kontracepcije za vas. Priporo\u010damo vam, da nose\u010dnost odlo\u017eite za vsaj dve leti po zaklju\u010denem zdravljenju raka.   <\/p><p>Ni podatkov, ki bi kazali na to, da nose\u010dnost vpliva na mo\u017enost ponovitve raka . Ni podatkov, ki bi kazali na to, da je zdravje otrok, rojenih po zdravljenju raka, prizadeto. \u010ce razmi\u0161ljate o zanositvi, se posvetujte s svojo ekipo za zdravljenje raka.  <\/p><p>Vse \u017eenske, ki se zdravijo zaradi raka, nimajo te\u017eav s plodnostjo in v<strong>e\u010dina mladih \u017eensk, ki \u017eelijo imeti otroka po zdravljenju raka, to dejansko lahko stori.<\/strong><\/p><p>Nekatere \u017eenske lahko po zdravljenju raka postanejo za vedno neplodne. To je zelo neprijetna okoli\u0161\u010dina, s katero se je v\u010dasih te\u017eko sprijazniti. \u010ce je to va\u0161 primer, bo morda koristno poiskati strokovno podporo in svetovanje pri svoji ekipi za oskrbo neplodnosti. Poleg \u010dustvene podpore vam bodo lahko ponudili tudi informacije o drugih mo\u017enostih. Te vklju\u010dujejo nadomestno materinstvo, posvojitev in rejni\u0161tvo. Svetujejo lahko o drugih metodah oploditve z biomedicinsko pomo\u010djo, kot so donatorska jaj\u010deca in zarodki ali uporaba lastnih shranjenih jaj\u010dec, zarodkov in tkiva jaj\u010dnikov.    <\/p><p>Na spletni strani HFEA <a href=\"https:\/\/www.hfea.gov.uk\/\" target=\"_blank\" rel=\"noopener\">www.hfea.gov.uk<\/a> je na voljo ve\u010d informacij o darovanju jaj\u010dec ali zarodkov in nadomestnem materinstvu.<\/p><p><a href=\"https:\/\/cancerfertilityandme.org.uk\/sl\/domaca-stran\/koristne-povezave-2\/\"> Tu so<\/a> navedene organizacije, ki nudijo informacije in podporo osebam, ki se zanimajo za rejni\u0161tvo in posvojitev.<\/p><p><strong>Naslednja vpra\u0161anja vam bodo v pomo\u010d pri pogovoru o na\u010drtovanju dru\u017eine po zdravljenju raka z ekipo za zdravljenje raka ali zdravnikom:<\/strong><\/p><ul><li>Kako lahko po zdravljenju raka prepoznam da sem plodna?<\/li><li>V kolik\u0161nem \u010dasu bom izvedela ali sem plodna?<\/li><li>Ali obstajajo testi s katerimi lahko preverim ali sem po zdravljenju raka \u0161e vedno plodna?<\/li><li>Ali bi prihodnja nose\u010dnost vplivala na mo\u017enost ponovitve raka<\/li><li>Ob predpostavki, da sem \u0161e vedno plodna, koliko \u010dasa po zdravljenju naj po\u010dakam z nose\u010dnostjo?<\/li><li>\u010ce zanosim po zdravljenju raka, ali bo imel moj otrok ve\u010dje mo\u017enosti, da zboli za rakom?<\/li><li>\u010ce pred zdravljenjem nisem odlo\u010dila za terapijo ohranjanja svoje plodnosti, ali imam \u0161e vedno mo\u017enosti to storiti zdaj?<\/li><\/ul>\t\t\t\t\t\t\t\t<\/div>\n\t\t\t\t<\/div>\n\t\t\t\t<\/div>\n\t\t<div class=\"elementor-element elementor-element-70a0f153 e-con-full e-flex e-con e-child\" data-id=\"70a0f153\" data-element_type=\"container\" data-e-type=\"container\">\n\t\t<div class=\"elementor-element elementor-element-2958a1d3 e-con-full e-flex e-con e-child\" data-id=\"2958a1d3\" data-element_type=\"container\" data-e-type=\"container\">\n\t\t\t\t<div class=\"elementor-element elementor-element-591329c4 elementor-widget elementor-widget-image\" data-id=\"591329c4\" data-element_type=\"widget\" data-e-type=\"widget\" data-widget_type=\"image.default\">\n\t\t\t\t<div class=\"elementor-widget-container\">\n\t\t\t\t\t\t\t\t\t\t\t\t\t\t\t\t<a href=\"http:\/\/.\/\">\n\t\t\t\t\t\t\t<img decoding=\"async\" width=\"200\" height=\"200\" src=\"https:\/\/cancerfertilityandme.org.uk\/wp-content\/uploads\/cancerfertilityandme-logo-header-young-women.png\" class=\"attachment-full size-full wp-image-332\" alt=\"\" srcset=\"https:\/\/cancerfertilityandme.org.uk\/wp-content\/uploads\/cancerfertilityandme-logo-header-young-women.png 200w, https:\/\/cancerfertilityandme.org.uk\/wp-content\/uploads\/cancerfertilityandme-logo-header-young-women-150x150.png 150w, https:\/\/cancerfertilityandme.org.uk\/wp-content\/uploads\/elementor\/thumbs\/cancerfertilityandme-logo-header-young-women-r4vfcv1ro149or8nkxzol3x986uodd6lq6no4gpb6w.png 100w\" sizes=\"(max-width: 200px) 100vw, 200px\" \/>\t\t\t\t\t\t\t\t<\/a>\n\t\t\t\t\t\t\t\t\t\t\t\t\t\t\t<\/div>\n\t\t\t\t<\/div>\n\t\t\t\t<\/div>\n\t\t<div class=\"elementor-element elementor-element-817e9ca e-con-full e-flex e-con e-child\" data-id=\"817e9ca\" data-element_type=\"container\" data-e-type=\"container\">\n\t\t\t\t<div class=\"elementor-element elementor-element-562636c3 elementor-widget elementor-widget-heading\" data-id=\"562636c3\" data-element_type=\"widget\" data-e-type=\"widget\" data-widget_type=\"heading.default\">\n\t\t\t\t<div class=\"elementor-widget-container\">\n\t\t\t\t\t<h3 class=\"elementor-heading-title elementor-size-default\">Za ve\u010d informacij sledite tem povezavam<\/h3>\t\t\t\t<\/div>\n\t\t\t\t<\/div>\n\t\t\t\t<div class=\"elementor-element elementor-element-44a325b5 elementor-nav-menu--dropdown-none elementor-widget elementor-widget-nav-menu\" data-id=\"44a325b5\" data-element_type=\"widget\" data-e-type=\"widget\" data-settings=\"{&quot;layout&quot;:&quot;vertical&quot;,&quot;submenu_icon&quot;:{&quot;value&quot;:&quot;&lt;svg aria-hidden=\\&quot;true\\&quot; class=\\&quot;e-font-icon-svg e-fas-caret-down\\&quot; viewBox=\\&quot;0 0 320 512\\&quot; xmlns=\\&quot;http:\\\/\\\/www.w3.org\\\/2000\\\/svg\\&quot;&gt;&lt;path d=\\&quot;M31.3 192h257.3c17.8 0 26.7 21.5 14.1 34.1L174.1 354.8c-7.8 7.8-20.5 7.8-28.3 0L17.2 226.1C4.6 213.5 13.5 192 31.3 192z\\&quot;&gt;&lt;\\\/path&gt;&lt;\\\/svg&gt;&quot;,&quot;library&quot;:&quot;fa-solid&quot;}}\" data-widget_type=\"nav-menu.default\">\n\t\t\t\t<div class=\"elementor-widget-container\">\n\t\t\t\t\t\t\t\t<nav aria-label=\"Menu\" class=\"elementor-nav-menu--main elementor-nav-menu__container elementor-nav-menu--layout-vertical e--pointer-none\">\n\t\t\t\t<ul id=\"menu-1-44a325b5\" class=\"elementor-nav-menu sm-vertical\"><li class=\"menu-item menu-item-type-post_type menu-item-object-page menu-item-8524\"><a href=\"https:\/\/cancerfertilityandme.org.uk\/young-women\/making-your-decision\/\" class=\"elementor-item\">Sprejem odlo\u010ditve za ohranjanje plodnosti<\/a><\/li>\n<li class=\"menu-item menu-item-type-post_type menu-item-object-page menu-item-8525\"><a href=\"https:\/\/cancerfertilityandme.org.uk\/young-women\/making-your-decision\/talking-about-fertility-preservation\/\" class=\"elementor-item\">Pogovor o ohranjanju plodnosti z ekipoo za plodnost<\/a><\/li>\n<li class=\"menu-item menu-item-type-post_type menu-item-object-page menu-item-8526\"><a href=\"https:\/\/cancerfertilityandme.org.uk\/young-women\/making-your-decision\/talking-about-fertility-preservation-decision-with-others\/\" class=\"elementor-item\">Kako se pogovoriti z drugimi o svoji odlo\u010ditvi o ohranjanju plodnosti<\/a><\/li>\n<\/ul>\t\t\t<\/nav>\n\t\t\t\t\t\t<nav class=\"elementor-nav-menu--dropdown elementor-nav-menu__container\" aria-hidden=\"true\">\n\t\t\t\t<ul id=\"menu-2-44a325b5\" class=\"elementor-nav-menu sm-vertical\"><li class=\"menu-item menu-item-type-post_type menu-item-object-page menu-item-8524\"><a href=\"https:\/\/cancerfertilityandme.org.uk\/young-women\/making-your-decision\/\" class=\"elementor-item\" tabindex=\"-1\">Sprejem odlo\u010ditve za ohranjanje plodnosti<\/a><\/li>\n<li class=\"menu-item menu-item-type-post_type menu-item-object-page menu-item-8525\"><a href=\"https:\/\/cancerfertilityandme.org.uk\/young-women\/making-your-decision\/talking-about-fertility-preservation\/\" class=\"elementor-item\" tabindex=\"-1\">Pogovor o ohranjanju plodnosti z ekipoo za plodnost<\/a><\/li>\n<li class=\"menu-item menu-item-type-post_type menu-item-object-page menu-item-8526\"><a href=\"https:\/\/cancerfertilityandme.org.uk\/young-women\/making-your-decision\/talking-about-fertility-preservation-decision-with-others\/\" class=\"elementor-item\" tabindex=\"-1\">Kako se pogovoriti z drugimi o svoji odlo\u010ditvi o ohranjanju plodnosti<\/a><\/li>\n<\/ul>\t\t\t<\/nav>\n\t\t\t\t\t\t<\/div>\n\t\t\t\t<\/div>\n\t\t\t\t<\/div>\n\t\t\t\t<\/div>\n\t\t\t\t\t<\/div>\n\t\t\t\t<\/main>\n\t\t\t\t<\/div>\n\t\t","protected":false},"excerpt":{"rendered":"<p>Druge odlo\u010ditve glede plodnosti, ki jih je treba upo\u0161tevati Do sedaj se je ta spletna stran osredoto\u010dala na to, da vam pomaga pri sprejemanju pravih odlo\u010ditev o ohranitvi plodnosti, preden za\u010dnete z zdravljenjem raka. V razdelku \u201cNa\u010dini ohranjanja plodnosti\u201d tega spletnega mesta smo se osredoto\u010dili na pomo\u010d pri izbiri prave metode za vas osebno, preden [&hellip;]<\/p>\n","protected":false},"author":1,"featured_media":0,"parent":8313,"menu_order":0,"comment_status":"open","ping_status":"closed","template":"","meta":{"footnotes":""},"class_list":["post-11685","page","type-page","status-publish","hentry"],"_links":{"self":[{"href":"https:\/\/cancerfertilityandme.org.uk\/sl\/wp-json\/wp\/v2\/pages\/11685","targetHints":{"allow":["GET"]}}],"collection":[{"href":"https:\/\/cancerfertilityandme.org.uk\/sl\/wp-json\/wp\/v2\/pages"}],"about":[{"href":"https:\/\/cancerfertilityandme.org.uk\/sl\/wp-json\/wp\/v2\/types\/page"}],"author":[{"embeddable":true,"href":"https:\/\/cancerfertilityandme.org.uk\/sl\/wp-json\/wp\/v2\/users\/1"}],"replies":[{"embeddable":true,"href":"https:\/\/cancerfertilityandme.org.uk\/sl\/wp-json\/wp\/v2\/comments?post=11685"}],"version-history":[{"count":5,"href":"https:\/\/cancerfertilityandme.org.uk\/sl\/wp-json\/wp\/v2\/pages\/11685\/revisions"}],"predecessor-version":[{"id":11795,"href":"https:\/\/cancerfertilityandme.org.uk\/sl\/wp-json\/wp\/v2\/pages\/11685\/revisions\/11795"}],"up":[{"embeddable":true,"href":"https:\/\/cancerfertilityandme.org.uk\/sl\/wp-json\/wp\/v2\/pages\/8313"}],"wp:attachment":[{"href":"https:\/\/cancerfertilityandme.org.uk\/sl\/wp-json\/wp\/v2\/media?parent=11685"}],"curies":[{"name":"wp","href":"https:\/\/api.w.org\/{rel}","templated":true}]}}