{"id":8276,"date":"2023-04-06T13:56:01","date_gmt":"2023-04-06T13:56:01","guid":{"rendered":"https:\/\/cancerfertilityandme.org.uk\/outras-decisoes-de-fertilidade-a-serem-consideradas\/"},"modified":"2026-03-27T14:34:20","modified_gmt":"2026-03-27T14:34:20","slug":"outras-decisoes-de-fertilidade-a-serem-consideradas","status":"publish","type":"page","link":"https:\/\/cancerfertilityandme.org.uk\/pt-pt\/mulheres-jovens\/tomar-a-sua-decisao-sobre-a-preservacao-da-fertilidade\/outras-decisoes-de-fertilidade-a-serem-consideradas\/","title":{"rendered":"Outras decis\u00f5es de fertilidade a serem consideradas"},"content":{"rendered":"\t\t<div data-elementor-type=\"wp-page\" data-elementor-id=\"8276\" class=\"elementor elementor-8276\" data-elementor-post-type=\"page\">\n\t\t\t\t<main class=\"elementor-element elementor-element-3ff4da75 e-flex e-con-boxed e-con e-parent\" data-id=\"3ff4da75\" data-element_type=\"container\" data-e-type=\"container\">\n\t\t\t\t\t<div class=\"e-con-inner\">\n\t\t<div class=\"elementor-element elementor-element-2ab9ba32 e-con-full e-flex e-con e-child\" data-id=\"2ab9ba32\" data-element_type=\"container\" data-e-type=\"container\">\n\t\t\t\t<div class=\"elementor-element elementor-element-5bac70ef elementor-widget elementor-widget-text-editor\" data-id=\"5bac70ef\" data-element_type=\"widget\" data-e-type=\"widget\" data-widget_type=\"text-editor.default\">\n\t\t\t\t<div class=\"elementor-widget-container\">\n\t\t\t\t\t\t\t\t\t<h2>Outras decis\u00f5es de fertilidade a serem consideradas<\/h2><p>At\u00e9 agora, o foco deste site tem sido ajud\u00e1-la a tomar as decis\u00f5es corretas de preserva\u00e7\u00e3o da fertilidade, antes de iniciar o tratamento do c\u00e2ncer. Esta sec\u00e7\u00e3o fornece informa\u00e7\u00f5es sobre as decis\u00f5es de contracep\u00e7\u00e3o e planeamento familiar que poder\u00e1 querer tomar, durante e ap\u00f3s o tratamento do cancro.<\/p><p><strong>\u2022 Durante o tratamento do cancro:<\/strong><\/p><p>Estas decis\u00f5es podem incluir o tipo de op\u00e7\u00e3o contraceptiva a utilizar.<\/p><p><strong>\u2022 Ap\u00f3s o tratamento e acompanhamento do c\u00e2ncer:<\/strong><\/p><p>Estas decis\u00f5es podem incluir o tipo de contraceptivo a utilizar, os m\u00e9todos de teste de fertilidade a realizar e o planeamento de uma futura fam\u00edlia.<\/p><p><strong>Contracep\u00e7\u00e3o durante o tratamento do cancro<\/strong><\/p><p>As mulheres s\u00e3o fortemente aconselhadas a n\u00e3o engravidar durante o tratamento do cancro. Isto porque os tratamentos contra o cancro podem danificar o feto nas primeiras fases de desenvolvimento. Mesmo que a sua menstrua\u00e7\u00e3o pare durante o tratamento, isso n\u00e3o significa que n\u00e3o possa engravidar.  <\/p><p>Se for sexualmente activa, deve utilizar um m\u00e9todo contraceptivo confi\u00e1vel durante o tratamento do cancro.<\/p><p>O diagrama abaixo, mostra-lhe os diferentes tipos de contracep\u00e7\u00e3o a considerar.<\/p>\t\t\t\t\t\t\t\t<\/div>\n\t\t\t\t<\/div>\n\t\t\t\t<div class=\"elementor-element elementor-element-5c3347f elementor-widget elementor-widget-image\" data-id=\"5c3347f\" data-element_type=\"widget\" data-e-type=\"widget\" data-widget_type=\"image.default\">\n\t\t\t\t<div class=\"elementor-widget-container\">\n\t\t\t\t\t\t\t\t\t\t\t\t\t\t\t<img fetchpriority=\"high\" decoding=\"async\" width=\"800\" height=\"323\" src=\"https:\/\/cancerfertilityandme.org.uk\/wp-content\/uploads\/PT-05-4-1024x413.png\" class=\"attachment-large size-large wp-image-11697\" alt=\"\" srcset=\"https:\/\/cancerfertilityandme.org.uk\/wp-content\/uploads\/PT-05-4-1024x413.png 1024w, https:\/\/cancerfertilityandme.org.uk\/wp-content\/uploads\/PT-05-4-300x121.png 300w, https:\/\/cancerfertilityandme.org.uk\/wp-content\/uploads\/PT-05-4-768x310.png 768w, https:\/\/cancerfertilityandme.org.uk\/wp-content\/uploads\/PT-05-4.png 1028w\" sizes=\"(max-width: 800px) 100vw, 800px\" \/>\t\t\t\t\t\t\t\t\t\t\t\t\t\t\t<\/div>\n\t\t\t\t<\/div>\n\t\t\t\t<div class=\"elementor-element elementor-element-f4cf6e9 elementor-widget elementor-widget-text-editor\" data-id=\"f4cf6e9\" data-element_type=\"widget\" data-e-type=\"widget\" data-widget_type=\"text-editor.default\">\n\t\t\t\t<div class=\"elementor-widget-container\">\n\t\t\t\t\t\t\t\t\t<p>Recomenda-se que as mulheres que est\u00e3o a fazer tratamentos hormonais utilizem m\u00e9todos contraceptivos n\u00e3o hormonais. Estes incluem os preservativos, os preservativos femininos e os diafragmas. A p\u00edlula contraceptiva \u00e9 menos frequentemente aconselhada a mulheres com cancros sens\u00edveis aos horm\u00f4nios. Isto porque existe a possibilidade dos horm\u00f4nios da p\u00edlula contraceptiva estimularem as c\u00e9lulas cancer\u00edgenas remanescentes.   \u00c9 aconselh\u00e1vel que discuta estes diferentes m\u00e9todos de contracep\u00e7\u00e3o com a sua equipa de tratamento do cancro. A equipa pode encaminh\u00e1-la para uma cl\u00ednica de planeamento familiar ou para o seu m\u00e9dico de fam\u00edlia, que a poder\u00e1 aconselhar melhor.<\/p><p><strong>As perguntas seguintes podem ajud\u00e1-la a discutir sobre contracep\u00e7\u00e3o com a sua equipa oncol\u00f3gica ou com o seu m\u00e9dico de fam\u00edlia:<\/strong><\/p><p>As perguntas a seguir podem ajud\u00e1-la a conversar com sua equipe de tratamento oncol\u00f3gico ou cl\u00ednico geral sobre contracep\u00e7\u00e3o.<\/p><ul><li>Qual \u00e9 o melhor contraceptivo para mim durante o meu tratamento oncol\u00f3gico?<\/li><li>Durante quanto tempo terei de utilizar este contraceptivo?<\/li><li>Preciso de utilizar m\u00e9todos contraceptivos n\u00e3o hormonais para o meu tipo de cancro?<\/li><li>Se n\u00e3o tiver menstrua\u00e7\u00e3o durante o tratamento do cancro, devo continuar a usar contraceptivos?<\/li><li>Se eu optar por n\u00e3o usar contraceptivos e engravidar durante o tratamento do cancro, isso afectar\u00e1 a mim ou ao meu feto?<\/li><\/ul><h2>Decis\u00f5es de planeamento familiar ap\u00f3s o tratamento do cancro<\/h2><p>Para muitas mulheres, \u00e9 dif\u00edcil decidir se devem tentar engravidar, ap\u00f3s um diagn\u00f3stico de cancro. Durante este per\u00edodo, as mulheres tomam decis\u00f5es sobre a gest\u00e3o da fertilidade que melhor se adequam \u00e0s suas vidas. Estas incluem a realiza\u00e7\u00e3o de testes para verificar a fertilidade, a escolha de um m\u00e9todo contraceptivo e o planeamento de uma futura fam\u00edlia.   Isso \u00e9 mostrado na figura 3 abaixo.<\/p>\t\t\t\t\t\t\t\t<\/div>\n\t\t\t\t<\/div>\n\t\t\t\t<div class=\"elementor-element elementor-element-53f8b8f elementor-widget elementor-widget-image\" data-id=\"53f8b8f\" data-element_type=\"widget\" data-e-type=\"widget\" data-widget_type=\"image.default\">\n\t\t\t\t<div class=\"elementor-widget-container\">\n\t\t\t\t\t\t\t\t\t\t\t\t\t\t\t<img decoding=\"async\" width=\"800\" height=\"405\" src=\"https:\/\/cancerfertilityandme.org.uk\/wp-content\/uploads\/PT-06-4-1024x518.png\" class=\"attachment-large size-large wp-image-11710\" alt=\"\" srcset=\"https:\/\/cancerfertilityandme.org.uk\/wp-content\/uploads\/PT-06-4-1024x518.png 1024w, https:\/\/cancerfertilityandme.org.uk\/wp-content\/uploads\/PT-06-4-300x152.png 300w, https:\/\/cancerfertilityandme.org.uk\/wp-content\/uploads\/PT-06-4-768x389.png 768w, https:\/\/cancerfertilityandme.org.uk\/wp-content\/uploads\/PT-06-4.png 1045w\" sizes=\"(max-width: 800px) 100vw, 800px\" \/>\t\t\t\t\t\t\t\t\t\t\t\t\t\t\t<\/div>\n\t\t\t\t<\/div>\n\t\t\t\t<div class=\"elementor-element elementor-element-e5aac46 elementor-widget elementor-widget-text-editor\" data-id=\"e5aac46\" data-element_type=\"widget\" data-e-type=\"widget\" data-widget_type=\"text-editor.default\">\n\t\t\t\t<div class=\"elementor-widget-container\">\n\t\t\t\t\t\t\t\t\t<p>\u00c9 dif\u00edcil prever exactamente como a sua fertilidade ser\u00e1 afectada pelo tratamento do cancro. A equipa de cuidado de fertilidade pode verificar a sua fertilidade, atrav\u00e9s de uma s\u00e9rie de testes. Estes incluem an\u00e1lises de sangue para verificar os seus n\u00edveis de uma hormona ou uma ecografia dos ov\u00e1rios. Pode pedir \u00e0 sua equipa de tratamento do cancro ou ao seu m\u00e9dico de fam\u00edlia que a encaminhe para uma cl\u00ednica de fertilidade.  <\/p><p>A sua fertilidade pode voltar naturalmente depois do tratamento. Mesmo que a sua menstrua\u00e7\u00e3o n\u00e3o tenha recome\u00e7ado, \u00e9 poss\u00edvel que ainda esteja a produzir \u00f3vulos e possa engravidar. \u00c9 aconselh\u00e1vel que discuta os m\u00e9todos de contracep\u00e7\u00e3o com a sua equipa oncol\u00f3gica ou com o seu m\u00e9dico de fam\u00edlia. Eles podem aconselh\u00e1-la sobre as op\u00e7\u00f5es e o tipo de contracep\u00e7\u00e3o adequado para si. \u00c9 aconselh\u00e1vel esperar dois anos ap\u00f3s, o fim do seu tratamento oncol\u00f3gico para tentar ter um beb\u00e9.   <\/p><p>N\u00e3o existem dados que sugiram que a gravidez afecte as probabilidades de um cancro voltar. N\u00e3o existem dados que sugiram que a sa\u00fade das crian\u00e7as nascidas ap\u00f3s o tratamento do cancro seja afectada. Se est\u00e1 a pensar engravidar, fale com a sua equipa de cuidado oncol\u00f3gico.  <\/p><p>Nem todas as mulheres que fazem tratamento contra o cancro t\u00eam problemas de fertilidade e, na verdade, <strong>a maioria das mulheres jovens que querem ter um beb\u00e9 depois do tratamento contra o cancro conseguem faz\u00ea-lo<\/strong>.<\/p><p>Algumas mulheres podem sofrer uma perda permanente de fertilidade, ap\u00f3s o tratamento do cancro. Este facto pode ser perturbador e dif\u00edcil de aceitar. Se for este o seu caso, pode ser \u00fatil procurar apoio e aconselhamento profissional junto da sua equipa de cuidados de fertilidade. Para al\u00e9m de lhe darem apoio emocional, poder\u00e3o fornecer-lhe informa\u00e7\u00f5es sobre outras op\u00e7\u00f5es. Estas incluem a maternidade de substitui\u00e7\u00e3o, a adop\u00e7\u00e3o e o acolhimento. Pode aconselhar sobre outros m\u00e9todos de gravidez assistida, como os \u00f3vulos e embri\u00f5es de doadores ou a utiliza\u00e7\u00e3o dos seus pr\u00f3prios \u00f3vulos, embri\u00f5es e tecido ovariano guardados.    <\/p><p>O site da HEFA <a href=\"https:\/\/www.hfea.gov.uk\/\" target=\"_blank\" rel=\"noopener\">www.hfea.gov.uk<\/a> tem mais informa\u00e7\u00f5es sobre doa\u00e7\u00e3o de \u00f3vulos ou embri\u00f5es e barriga de aluguel.<\/p><p>As organiza\u00e7\u00f5es listadas em nossa <a href=\"https:\/\/cancerfertilityandme.org.uk\/pt-pt\/home\/outras-informacoes-e-contactos\/\">se\u00e7\u00e3o de informa\u00e7\u00f5es<\/a> incluem informa\u00e7\u00f5es e suporte para pessoas interessadas em ado\u00e7\u00e3o e ado\u00e7\u00e3o.<\/p><p><strong>As perguntas seguintes podem ajud\u00e1-la a falar com a sua equipa de cuidado oncol\u00f3gico ou com o seu m\u00e9dico de fam\u00edlia sobre o planejamento familiar, ap\u00f3s o tratamento do cancro:<\/strong><\/p><ul><li>Como saberei se estou f\u00e9rtil ap\u00f3s o tratamento do cancro?<\/li><li>Quanto tempo levar\u00e1 para saber se estou f\u00e9rtil?<\/li><li>H\u00e1 alguns testes que possa fazer para verificar se ainda sou f\u00e9rtil ap\u00f3s o tratamento do cancro?<\/li><li>Uma futura gravidez afectaria as chances do cancro voltar?<\/li><li>Partindo do princ\u00edpio de que ainda posso ter filhos, quanto tempo devo esperar ap\u00f3s o tratamento?<\/li><li>Se engravidar ap\u00f3s o tratamento do cancro, o meu filho ter\u00e1 mais probabilidades de ter cancro?<\/li><li>Se n\u00e3o tiver preservado a minha fertilidade antes do tratamento, ainda tenho op\u00e7\u00f5es?<\/li><\/ul>\t\t\t\t\t\t\t\t<\/div>\n\t\t\t\t<\/div>\n\t\t\t\t<\/div>\n\t\t<div class=\"elementor-element elementor-element-70a0f153 e-con-full e-flex e-con e-child\" data-id=\"70a0f153\" data-element_type=\"container\" data-e-type=\"container\">\n\t\t<div class=\"elementor-element elementor-element-2958a1d3 e-con-full e-flex e-con e-child\" data-id=\"2958a1d3\" data-element_type=\"container\" data-e-type=\"container\">\n\t\t\t\t<div class=\"elementor-element elementor-element-591329c4 elementor-widget elementor-widget-image\" data-id=\"591329c4\" data-element_type=\"widget\" data-e-type=\"widget\" data-widget_type=\"image.default\">\n\t\t\t\t<div class=\"elementor-widget-container\">\n\t\t\t\t\t\t\t\t\t\t\t\t\t\t\t\t<a href=\"http:\/\/.\/\">\n\t\t\t\t\t\t\t<img decoding=\"async\" width=\"200\" height=\"200\" src=\"https:\/\/cancerfertilityandme.org.uk\/wp-content\/uploads\/cancerfertilityandme-logo-header-young-women.png\" class=\"attachment-full size-full wp-image-331\" alt=\"\" srcset=\"https:\/\/cancerfertilityandme.org.uk\/wp-content\/uploads\/cancerfertilityandme-logo-header-young-women.png 200w, https:\/\/cancerfertilityandme.org.uk\/wp-content\/uploads\/cancerfertilityandme-logo-header-young-women-150x150.png 150w, https:\/\/cancerfertilityandme.org.uk\/wp-content\/uploads\/elementor\/thumbs\/cancerfertilityandme-logo-header-young-women-r4vfcv1ro149or8nkxzol3x986uodd6lq6no4gpb6w.png 100w\" sizes=\"(max-width: 200px) 100vw, 200px\" \/>\t\t\t\t\t\t\t\t<\/a>\n\t\t\t\t\t\t\t\t\t\t\t\t\t\t\t<\/div>\n\t\t\t\t<\/div>\n\t\t\t\t<\/div>\n\t\t<div class=\"elementor-element elementor-element-817e9ca e-con-full e-flex e-con e-child\" data-id=\"817e9ca\" data-element_type=\"container\" data-e-type=\"container\">\n\t\t\t\t<div class=\"elementor-element elementor-element-562636c3 elementor-widget elementor-widget-heading\" data-id=\"562636c3\" data-element_type=\"widget\" data-e-type=\"widget\" data-widget_type=\"heading.default\">\n\t\t\t\t<div class=\"elementor-widget-container\">\n\t\t\t\t\t<h3 class=\"elementor-heading-title elementor-size-default\">Para mais informa\u00e7\u00f5es, siga estes links<\/h3>\t\t\t\t<\/div>\n\t\t\t\t<\/div>\n\t\t\t\t<div class=\"elementor-element elementor-element-44a325b5 elementor-nav-menu--dropdown-none elementor-widget elementor-widget-nav-menu\" data-id=\"44a325b5\" data-element_type=\"widget\" data-e-type=\"widget\" data-settings=\"{&quot;layout&quot;:&quot;vertical&quot;,&quot;submenu_icon&quot;:{&quot;value&quot;:&quot;&lt;svg aria-hidden=\\&quot;true\\&quot; class=\\&quot;e-font-icon-svg e-fas-caret-down\\&quot; viewBox=\\&quot;0 0 320 512\\&quot; xmlns=\\&quot;http:\\\/\\\/www.w3.org\\\/2000\\\/svg\\&quot;&gt;&lt;path d=\\&quot;M31.3 192h257.3c17.8 0 26.7 21.5 14.1 34.1L174.1 354.8c-7.8 7.8-20.5 7.8-28.3 0L17.2 226.1C4.6 213.5 13.5 192 31.3 192z\\&quot;&gt;&lt;\\\/path&gt;&lt;\\\/svg&gt;&quot;,&quot;library&quot;:&quot;fa-solid&quot;}}\" data-widget_type=\"nav-menu.default\">\n\t\t\t\t<div class=\"elementor-widget-container\">\n\t\t\t\t\t\t\t\t<nav aria-label=\"Menu\" class=\"elementor-nav-menu--main elementor-nav-menu__container elementor-nav-menu--layout-vertical e--pointer-none\">\n\t\t\t\t<ul id=\"menu-1-44a325b5\" class=\"elementor-nav-menu sm-vertical\"><li class=\"menu-item menu-item-type-post_type menu-item-object-page menu-item-8524\"><a href=\"https:\/\/cancerfertilityandme.org.uk\/young-women\/making-your-decision\/\" class=\"elementor-item\">Tomar a sua decis\u00e3o sobre a preserva\u00e7\u00e3o da fertilidade<\/a><\/li>\n<li class=\"menu-item menu-item-type-post_type menu-item-object-page menu-item-8525\"><a href=\"https:\/\/cancerfertilityandme.org.uk\/young-women\/making-your-decision\/talking-about-fertility-preservation\/\" class=\"elementor-item\">Falar com a sua equipa de cuidado de fertilidade sobre a preserva\u00e7\u00e3o da fertilidade<\/a><\/li>\n<li class=\"menu-item menu-item-type-post_type menu-item-object-page menu-item-8526\"><a href=\"https:\/\/cancerfertilityandme.org.uk\/young-women\/making-your-decision\/talking-about-fertility-preservation-decision-with-others\/\" class=\"elementor-item\">Falar sobre a decis\u00e3o de preserva\u00e7\u00e3o da fertilidade com outras pessoas<\/a><\/li>\n<\/ul>\t\t\t<\/nav>\n\t\t\t\t\t\t<nav class=\"elementor-nav-menu--dropdown elementor-nav-menu__container\" aria-hidden=\"true\">\n\t\t\t\t<ul id=\"menu-2-44a325b5\" class=\"elementor-nav-menu sm-vertical\"><li class=\"menu-item menu-item-type-post_type menu-item-object-page menu-item-8524\"><a href=\"https:\/\/cancerfertilityandme.org.uk\/young-women\/making-your-decision\/\" class=\"elementor-item\" tabindex=\"-1\">Tomar a sua decis\u00e3o sobre a preserva\u00e7\u00e3o da fertilidade<\/a><\/li>\n<li class=\"menu-item menu-item-type-post_type menu-item-object-page menu-item-8525\"><a href=\"https:\/\/cancerfertilityandme.org.uk\/young-women\/making-your-decision\/talking-about-fertility-preservation\/\" class=\"elementor-item\" tabindex=\"-1\">Falar com a sua equipa de cuidado de fertilidade sobre a preserva\u00e7\u00e3o da fertilidade<\/a><\/li>\n<li class=\"menu-item menu-item-type-post_type menu-item-object-page menu-item-8526\"><a href=\"https:\/\/cancerfertilityandme.org.uk\/young-women\/making-your-decision\/talking-about-fertility-preservation-decision-with-others\/\" class=\"elementor-item\" tabindex=\"-1\">Falar sobre a decis\u00e3o de preserva\u00e7\u00e3o da fertilidade com outras pessoas<\/a><\/li>\n<\/ul>\t\t\t<\/nav>\n\t\t\t\t\t\t<\/div>\n\t\t\t\t<\/div>\n\t\t\t\t<\/div>\n\t\t\t\t<\/div>\n\t\t\t\t\t<\/div>\n\t\t\t\t<\/main>\n\t\t\t\t<\/div>\n\t\t","protected":false},"excerpt":{"rendered":"<p>Outras decis\u00f5es de fertilidade a serem consideradas At\u00e9 agora, o foco deste site tem sido ajud\u00e1-la a tomar as decis\u00f5es corretas de preserva\u00e7\u00e3o da fertilidade, antes de iniciar o tratamento do c\u00e2ncer. Esta sec\u00e7\u00e3o fornece informa\u00e7\u00f5es sobre as decis\u00f5es de contracep\u00e7\u00e3o e planeamento familiar que poder\u00e1 querer tomar, durante e ap\u00f3s o tratamento do cancro. [&hellip;]<\/p>\n","protected":false},"author":1,"featured_media":0,"parent":8250,"menu_order":0,"comment_status":"open","ping_status":"closed","template":"","meta":{"footnotes":""},"class_list":["post-8276","page","type-page","status-publish","hentry"],"_links":{"self":[{"href":"https:\/\/cancerfertilityandme.org.uk\/pt-pt\/wp-json\/wp\/v2\/pages\/8276","targetHints":{"allow":["GET"]}}],"collection":[{"href":"https:\/\/cancerfertilityandme.org.uk\/pt-pt\/wp-json\/wp\/v2\/pages"}],"about":[{"href":"https:\/\/cancerfertilityandme.org.uk\/pt-pt\/wp-json\/wp\/v2\/types\/page"}],"author":[{"embeddable":true,"href":"https:\/\/cancerfertilityandme.org.uk\/pt-pt\/wp-json\/wp\/v2\/users\/1"}],"replies":[{"embeddable":true,"href":"https:\/\/cancerfertilityandme.org.uk\/pt-pt\/wp-json\/wp\/v2\/comments?post=8276"}],"version-history":[{"count":5,"href":"https:\/\/cancerfertilityandme.org.uk\/pt-pt\/wp-json\/wp\/v2\/pages\/8276\/revisions"}],"predecessor-version":[{"id":11794,"href":"https:\/\/cancerfertilityandme.org.uk\/pt-pt\/wp-json\/wp\/v2\/pages\/8276\/revisions\/11794"}],"up":[{"embeddable":true,"href":"https:\/\/cancerfertilityandme.org.uk\/pt-pt\/wp-json\/wp\/v2\/pages\/8250"}],"wp:attachment":[{"href":"https:\/\/cancerfertilityandme.org.uk\/pt-pt\/wp-json\/wp\/v2\/media?parent=8276"}],"curies":[{"name":"wp","href":"https:\/\/api.w.org\/{rel}","templated":true}]}}