{"id":8275,"date":"2023-04-06T17:07:14","date_gmt":"2023-04-06T17:07:14","guid":{"rendered":"https:\/\/cancerfertilityandme.org.uk\/a-equipe-cfm\/"},"modified":"2026-03-27T15:22:08","modified_gmt":"2026-03-27T15:22:08","slug":"a-equipe-cfm","status":"publish","type":"page","link":"https:\/\/cancerfertilityandme.org.uk\/pt-pt\/mulheres-jovens\/outras-informacoes-e-contactos\/a-equipe-cfm\/","title":{"rendered":"A Equipe CFM"},"content":{"rendered":"\t\t<div data-elementor-type=\"wp-page\" data-elementor-id=\"8275\" class=\"elementor elementor-8275 elementor-7825\" data-elementor-post-type=\"page\">\n\t\t\t\t<main class=\"elementor-element elementor-element-6e4df8a5 e-flex e-con-boxed e-con e-parent\" data-id=\"6e4df8a5\" data-element_type=\"container\" data-e-type=\"container\">\n\t\t\t\t\t<div class=\"e-con-inner\">\n\t\t<div class=\"elementor-element elementor-element-3796184 e-con-full e-flex e-con e-child\" data-id=\"3796184\" data-element_type=\"container\" data-e-type=\"container\">\n\t\t\t\t<div class=\"elementor-element elementor-element-681d3514 elementor-widget elementor-widget-text-editor\" data-id=\"681d3514\" data-element_type=\"widget\" data-e-type=\"widget\" data-widget_type=\"text-editor.default\">\n\t\t\t\t<div class=\"elementor-widget-container\">\n\t\t\t\t\t\t\t\t\t<h2>A Equipe CFM<\/h2><p>As mulheres com cancro pediram informa\u00e7\u00f5es que as ajudassem a reflectir sobre os tratamentos que podem ajudar a preservar a sua fertilidade e as preparassem para falar com a sua equipa de cuidados oncol\u00f3gicos e com a equipa de cuidados de fertilidade, com o seu parceiro, fam\u00edlia e amigos sobre a preserva\u00e7\u00e3o da fertilidade, antes do in\u00edcio do tratamento oncol\u00f3gico.<\/p><p>Este s\u00edtio Web foi escrito pela equipa Cancer, Fertility and Me (CFM) para ajudar as mulheres com cancro a tomar decis\u00f5es sobre a preserva\u00e7\u00e3o da fertilidade antes de iniciarem o tratamento do cancro.<\/p><p>A equipa CFM inclui psic\u00f3logos, cientistas de decis\u00e3o, pesquisadores, m\u00e9dicos de fertilidade, especializados em cancro infantis e adultos, enfermeiros especializados, parceiros dos pacientes e colaboradores de institui\u00e7\u00f5es de solidariedade social locais e nacionais.<\/p><p>Esperamos que este s\u00edtio Web o ajude a conhecer as op\u00e7\u00f5es dispon\u00edveis e a tomar a melhor decis\u00e3o para si.<\/p><p>A equipa de investiga\u00e7\u00e3o do CFM agradece a todos os pacientes, grupos de utilizadores e profissionais de sa\u00fade que disponibilizaram o seu tempo e experi\u00eancia para apoiar o desenvolvimento deste s\u00edtio Web.<\/p>\t\t\t\t\t\t\t\t<\/div>\n\t\t\t\t<\/div>\n\t\t<div class=\"elementor-element elementor-element-7c70424 e-con-full e-flex e-con e-child\" data-id=\"7c70424\" data-element_type=\"container\" data-e-type=\"container\" data-settings=\"{&quot;background_background&quot;:&quot;classic&quot;}\">\n\t\t\t\t<div class=\"elementor-element elementor-element-c1ba87a elementor-widget elementor-widget-text-editor\" data-id=\"c1ba87a\" data-element_type=\"widget\" data-e-type=\"widget\" data-widget_type=\"text-editor.default\">\n\t\t\t\t<div class=\"elementor-widget-container\">\n\t\t\t\t\t\t\t\t\t<p><strong>Pol\u00edtica de actualiza\u00e7\u00e3o<\/strong><\/p>\n<p>O desenvolvimento deste recurso foi financiado pela Leeds Beckett University e pela Yorkshire Cancer Research. Os membros da equipa de investiga\u00e7\u00e3o do CFM n\u00e3o t\u00eam nada a ganhar nem a perder relativamente ao uso deste recurso. <\/p>\n<p>Foram envidados todos os esfor\u00e7os para garantir que este recurso forne\u00e7a informa\u00e7\u00f5es atualizadas e precisas na data de publica\u00e7\u00e3o (outubro de 2021). A equipa do CFM ir\u00e1 rever continuamente as evid\u00eancias emergentes para garantir que as informa\u00e7\u00f5es apresentadas sejam precisas. A equipa do CFM esfor\u00e7ar-se-\u00e1 por atualizar o recurso anualmente, salvo se novas evid\u00eancias justificarem uma atualiza\u00e7\u00e3o mais precoce. A pr\u00f3xima atualiza\u00e7\u00e3o prevista est\u00e1 programada para dezembro de 2026.   <\/p>\t\t\t\t\t\t\t\t<\/div>\n\t\t\t\t<\/div>\n\t\t\t\t<\/div>\n\t\t\t\t<\/div>\n\t\t<div class=\"elementor-element elementor-element-313f5f1e e-con-full e-flex e-con e-child\" data-id=\"313f5f1e\" data-element_type=\"container\" data-e-type=\"container\">\n\t\t<div class=\"elementor-element elementor-element-424316e e-con-full e-flex e-con e-child\" data-id=\"424316e\" data-element_type=\"container\" data-e-type=\"container\">\n\t\t\t\t<div class=\"elementor-element elementor-element-28f6ca7b elementor-widget elementor-widget-image\" data-id=\"28f6ca7b\" data-element_type=\"widget\" data-e-type=\"widget\" data-widget_type=\"image.default\">\n\t\t\t\t<div class=\"elementor-widget-container\">\n\t\t\t\t\t\t\t\t\t\t\t\t\t\t\t\t<a href=\"http:\/\/.\/\">\n\t\t\t\t\t\t\t<img decoding=\"async\" width=\"200\" height=\"200\" src=\"https:\/\/cancerfertilityandme.org.uk\/wp-content\/uploads\/cancerfertilityandme-logo-header-young-women.png\" class=\"attachment-full size-full wp-image-331\" alt=\"\" srcset=\"https:\/\/cancerfertilityandme.org.uk\/wp-content\/uploads\/cancerfertilityandme-logo-header-young-women.png 200w, https:\/\/cancerfertilityandme.org.uk\/wp-content\/uploads\/cancerfertilityandme-logo-header-young-women-150x150.png 150w, https:\/\/cancerfertilityandme.org.uk\/wp-content\/uploads\/elementor\/thumbs\/cancerfertilityandme-logo-header-young-women-r4vfcv1ro149or8nkxzol3x986uodd6lq6no4gpb6w.png 100w\" sizes=\"(max-width: 200px) 100vw, 200px\" \/>\t\t\t\t\t\t\t\t<\/a>\n\t\t\t\t\t\t\t\t\t\t\t\t\t\t\t<\/div>\n\t\t\t\t<\/div>\n\t\t\t\t<\/div>\n\t\t<div class=\"elementor-element elementor-element-1ab6d1d9 e-con-full e-flex e-con e-child\" data-id=\"1ab6d1d9\" data-element_type=\"container\" data-e-type=\"container\">\n\t\t\t\t<div class=\"elementor-element elementor-element-18f86fa4 elementor-widget elementor-widget-heading\" data-id=\"18f86fa4\" data-element_type=\"widget\" data-e-type=\"widget\" data-widget_type=\"heading.default\">\n\t\t\t\t<div class=\"elementor-widget-container\">\n\t\t\t\t\t<h3 class=\"elementor-heading-title elementor-size-default\">Para mais informa\u00e7\u00f5es, siga estes links<\/h3>\t\t\t\t<\/div>\n\t\t\t\t<\/div>\n\t\t\t\t<div class=\"elementor-element elementor-element-744a813f elementor-nav-menu--dropdown-none elementor-widget elementor-widget-nav-menu\" data-id=\"744a813f\" data-element_type=\"widget\" data-e-type=\"widget\" data-settings=\"{&quot;layout&quot;:&quot;vertical&quot;,&quot;submenu_icon&quot;:{&quot;value&quot;:&quot;&lt;svg aria-hidden=\\&quot;true\\&quot; class=\\&quot;e-font-icon-svg e-fas-caret-down\\&quot; viewBox=\\&quot;0 0 320 512\\&quot; xmlns=\\&quot;http:\\\/\\\/www.w3.org\\\/2000\\\/svg\\&quot;&gt;&lt;path d=\\&quot;M31.3 192h257.3c17.8 0 26.7 21.5 14.1 34.1L174.1 354.8c-7.8 7.8-20.5 7.8-28.3 0L17.2 226.1C4.6 213.5 13.5 192 31.3 192z\\&quot;&gt;&lt;\\\/path&gt;&lt;\\\/svg&gt;&quot;,&quot;library&quot;:&quot;fa-solid&quot;}}\" data-widget_type=\"nav-menu.default\">\n\t\t\t\t<div class=\"elementor-widget-container\">\n\t\t\t\t\t\t\t\t<nav aria-label=\"Menu\" class=\"elementor-nav-menu--main elementor-nav-menu__container elementor-nav-menu--layout-vertical e--pointer-none\">\n\t\t\t\t<ul id=\"menu-1-744a813f\" class=\"elementor-nav-menu sm-vertical\"><li class=\"menu-item menu-item-type-post_type menu-item-object-page menu-item-8527\"><a href=\"https:\/\/cancerfertilityandme.org.uk\/young-women\/other-information-and-contacts\/\" class=\"elementor-item\">Outras informa\u00e7\u00f5es e contactos<\/a><\/li>\n<li class=\"menu-item menu-item-type-post_type menu-item-object-page menu-item-8528\"><a href=\"https:\/\/cancerfertilityandme.org.uk\/young-women\/other-information-and-contacts\/the-cfm-team\/\" class=\"elementor-item\">A Equipe CFM<\/a><\/li>\n<li class=\"menu-item menu-item-type-post_type menu-item-object-page menu-item-8529\"><a href=\"https:\/\/cancerfertilityandme.org.uk\/young-women\/other-information-and-contacts\/download-the-booklet\/\" class=\"elementor-item\">Descarregue a brochura CFM (em ingl\u00eas)<\/a><\/li>\n<li class=\"menu-item menu-item-type-post_type menu-item-object-page menu-item-10566\"><a href=\"https:\/\/cancerfertilityandme.org.uk\/contact-us\/\" class=\"elementor-item\">Contate-nos<\/a><\/li>\n<\/ul>\t\t\t<\/nav>\n\t\t\t\t\t\t<nav class=\"elementor-nav-menu--dropdown elementor-nav-menu__container\" aria-hidden=\"true\">\n\t\t\t\t<ul id=\"menu-2-744a813f\" class=\"elementor-nav-menu sm-vertical\"><li class=\"menu-item menu-item-type-post_type menu-item-object-page menu-item-8527\"><a href=\"https:\/\/cancerfertilityandme.org.uk\/young-women\/other-information-and-contacts\/\" class=\"elementor-item\" tabindex=\"-1\">Outras informa\u00e7\u00f5es e contactos<\/a><\/li>\n<li class=\"menu-item menu-item-type-post_type menu-item-object-page menu-item-8528\"><a href=\"https:\/\/cancerfertilityandme.org.uk\/young-women\/other-information-and-contacts\/the-cfm-team\/\" class=\"elementor-item\" tabindex=\"-1\">A Equipe CFM<\/a><\/li>\n<li class=\"menu-item menu-item-type-post_type menu-item-object-page menu-item-8529\"><a href=\"https:\/\/cancerfertilityandme.org.uk\/young-women\/other-information-and-contacts\/download-the-booklet\/\" class=\"elementor-item\" tabindex=\"-1\">Descarregue a brochura CFM (em ingl\u00eas)<\/a><\/li>\n<li class=\"menu-item menu-item-type-post_type menu-item-object-page menu-item-10566\"><a href=\"https:\/\/cancerfertilityandme.org.uk\/contact-us\/\" class=\"elementor-item\" tabindex=\"-1\">Contate-nos<\/a><\/li>\n<\/ul>\t\t\t<\/nav>\n\t\t\t\t\t\t<\/div>\n\t\t\t\t<\/div>\n\t\t\t\t<\/div>\n\t\t\t\t<\/div>\n\t\t\t\t\t<\/div>\n\t\t\t\t<\/main>\n\t\t\t\t<\/div>\n\t\t","protected":false},"excerpt":{"rendered":"<p>A Equipe CFM As mulheres com cancro pediram informa\u00e7\u00f5es que as ajudassem a reflectir sobre os tratamentos que podem ajudar a preservar a sua fertilidade e as preparassem para falar com a sua equipa de cuidados oncol\u00f3gicos e com a equipa de cuidados de fertilidade, com o seu parceiro, fam\u00edlia e amigos sobre a preserva\u00e7\u00e3o [&hellip;]<\/p>\n","protected":false},"author":1,"featured_media":0,"parent":8272,"menu_order":0,"comment_status":"open","ping_status":"closed","template":"","meta":{"footnotes":""},"class_list":["post-8275","page","type-page","status-publish","hentry"],"_links":{"self":[{"href":"https:\/\/cancerfertilityandme.org.uk\/pt-pt\/wp-json\/wp\/v2\/pages\/8275","targetHints":{"allow":["GET"]}}],"collection":[{"href":"https:\/\/cancerfertilityandme.org.uk\/pt-pt\/wp-json\/wp\/v2\/pages"}],"about":[{"href":"https:\/\/cancerfertilityandme.org.uk\/pt-pt\/wp-json\/wp\/v2\/types\/page"}],"author":[{"embeddable":true,"href":"https:\/\/cancerfertilityandme.org.uk\/pt-pt\/wp-json\/wp\/v2\/users\/1"}],"replies":[{"embeddable":true,"href":"https:\/\/cancerfertilityandme.org.uk\/pt-pt\/wp-json\/wp\/v2\/comments?post=8275"}],"version-history":[{"count":3,"href":"https:\/\/cancerfertilityandme.org.uk\/pt-pt\/wp-json\/wp\/v2\/pages\/8275\/revisions"}],"predecessor-version":[{"id":12620,"href":"https:\/\/cancerfertilityandme.org.uk\/pt-pt\/wp-json\/wp\/v2\/pages\/8275\/revisions\/12620"}],"up":[{"embeddable":true,"href":"https:\/\/cancerfertilityandme.org.uk\/pt-pt\/wp-json\/wp\/v2\/pages\/8272"}],"wp:attachment":[{"href":"https:\/\/cancerfertilityandme.org.uk\/pt-pt\/wp-json\/wp\/v2\/media?parent=8275"}],"curies":[{"name":"wp","href":"https:\/\/api.w.org\/{rel}","templated":true}]}}