{"id":8270,"date":"2023-04-06T12:49:44","date_gmt":"2023-04-06T12:49:44","guid":{"rendered":"https:\/\/cancerfertilityandme.org.uk\/falar-sobre-a-decisao-de-preservacao-da-fertilidade-com-outras-pessoas\/"},"modified":"2026-02-06T15:13:33","modified_gmt":"2026-02-06T15:13:33","slug":"falar-sobre-a-decisao-de-preservacao-da-fertilidade-com-outras-pessoas","status":"publish","type":"page","link":"https:\/\/cancerfertilityandme.org.uk\/pt-pt\/mulheres-jovens\/tomar-a-sua-decisao-sobre-a-preservacao-da-fertilidade\/falar-sobre-a-decisao-de-preservacao-da-fertilidade-com-outras-pessoas\/","title":{"rendered":"Falar sobre a decis\u00e3o de preserva\u00e7\u00e3o da fertilidade com outras pessoas"},"content":{"rendered":"\t\t<div data-elementor-type=\"wp-page\" data-elementor-id=\"8270\" class=\"elementor elementor-8270 elementor-7821\" data-elementor-post-type=\"page\">\n\t\t\t\t<main class=\"elementor-element elementor-element-2044ffe5 e-flex e-con-boxed e-con e-parent\" data-id=\"2044ffe5\" data-element_type=\"container\" data-e-type=\"container\">\n\t\t\t\t\t<div class=\"e-con-inner\">\n\t\t<div class=\"elementor-element elementor-element-270d3d2a e-con-full e-flex e-con e-child\" data-id=\"270d3d2a\" data-element_type=\"container\" data-e-type=\"container\">\n\t\t\t\t<div class=\"elementor-element elementor-element-6e19282f elementor-widget elementor-widget-text-editor\" data-id=\"6e19282f\" data-element_type=\"widget\" data-e-type=\"widget\" data-widget_type=\"text-editor.default\">\n\t\t\t\t<div class=\"elementor-widget-container\">\n\t\t\t\t\t\t\t\t\t<h2>Falar sobre a decis\u00e3o de preserva\u00e7\u00e3o da fertilidade com outras pessoas<\/h2><p><strong>Algumas mulheres consideram que \u00e9 \u00fatil conversar sobre o seu diagn\u00f3stico de cancro e sobre a preserva\u00e7\u00e3o da fertilidade com outras pessoas.<\/strong><\/p><p>Poder\u00e1 achar \u00fatil falar sobre quest\u00f5es como:<\/p><ul><li>Tomar decis\u00f5es dif\u00edceis. Expresar os seus sentimentos aos seus entes queridos.<\/li><li>Formas de gerir os seus pr\u00f3prios sentimentos.<\/li><li>O impacto do cancro e da fertilidade nas suas rela\u00e7\u00f5es.<\/li><li>A ansiedade e o stress.<\/li><li>Enfrentar o seu cancro e o tratamento de fertilidade.<\/li><\/ul><p>Encontrar o melhor apoio para si pode significar que \u00e9 capaz de lidar melhor com a sua situa\u00e7\u00e3o. As pessoas escolhem diferentes formas de ajud\u00e1-las a sentirem-se apoiadas. Estes podem incluir:  <\/p><ul><li>Informar-se sobre todas as op\u00e7\u00f5es dispon\u00edveis.<\/li><li>Manter um di\u00e1rio ou tomar notas sobre as suas d\u00favidas e as raz\u00f5es das suas decis\u00f5es.<\/li><li>Pensar em quem pode querer envolver na sua tomada de decis\u00f5es. Um parceiro, familiares e amigos ou um enfermeiro ou m\u00e9dico. <\/li><li>Procurar aconselhamento. Pode faz\u00ea-la sozinha, com o seu parceiro ou com outra pessoa que lhe seja pr\u00f3xima. Os conselheiros profissionais, que n\u00e3o est\u00e3o directamente envolvidos nos seus cuidados de fertilidade ou de cancro, podem estar dispon\u00edveis nas cl\u00ednicas de fertilidade e de cancro. Outras organiza\u00e7\u00f5es de aconselhamento que podem fornecer esse suporte de aconselhamento dedicado foram listadas <a href=\"https:\/\/cancerfertilityandme.org.uk\/pt-pt\/home\/outras-informacoes-e-contactos\/\">aqui<\/a>.  <\/li><li>Falar com pessoas que passaram por experi\u00eancias semelhantes. Existem organiza\u00e7\u00f5es de apoio dispon\u00edveis e est\u00e3o listadas na nossa <a href=\"https:\/\/cancerfertilityandme.org.uk\/pt-pt\/home\/outras-informacoes-e-contactos\/\">sec\u00e7\u00e3o de informa\u00e7\u00f5es<\/a>. Pode haver momentos em que n\u00e3o queira falar sobre fertilidade e cancro. N\u00e3o h\u00e1 problema em n\u00e3o querer falar sobre isso e n\u00e3o h\u00e1 problema em contar \u00e0s pessoas. Talvez diga algo como \u201cEu sei que voc\u00ea s\u00f3 est\u00e1 perguntando porque se importa, mas, agora, eu realmente gostaria de falar sobre o que assisti na TV ontem \u00e0 noite.\u201d<br>    <\/li><\/ul>\t\t\t\t\t\t\t\t<\/div>\n\t\t\t\t<\/div>\n\t\t\t\t<\/div>\n\t\t<div class=\"elementor-element elementor-element-14deb032 e-con-full e-flex e-con e-child\" data-id=\"14deb032\" data-element_type=\"container\" data-e-type=\"container\">\n\t\t<div class=\"elementor-element elementor-element-6dc0aee2 e-con-full e-flex e-con e-child\" data-id=\"6dc0aee2\" data-element_type=\"container\" data-e-type=\"container\">\n\t\t\t\t<div class=\"elementor-element elementor-element-7d028595 elementor-widget elementor-widget-image\" data-id=\"7d028595\" data-element_type=\"widget\" data-e-type=\"widget\" data-widget_type=\"image.default\">\n\t\t\t\t<div class=\"elementor-widget-container\">\n\t\t\t\t\t\t\t\t\t\t\t\t\t\t\t\t<a href=\"http:\/\/.\/\">\n\t\t\t\t\t\t\t<img decoding=\"async\" width=\"200\" height=\"200\" src=\"https:\/\/cancerfertilityandme.org.uk\/wp-content\/uploads\/cancerfertilityandme-logo-header-young-women.png\" class=\"attachment-full size-full wp-image-331\" alt=\"\" srcset=\"https:\/\/cancerfertilityandme.org.uk\/wp-content\/uploads\/cancerfertilityandme-logo-header-young-women.png 200w, https:\/\/cancerfertilityandme.org.uk\/wp-content\/uploads\/cancerfertilityandme-logo-header-young-women-150x150.png 150w, https:\/\/cancerfertilityandme.org.uk\/wp-content\/uploads\/elementor\/thumbs\/cancerfertilityandme-logo-header-young-women-r4vfcv1ro149or8nkxzol3x986uodd6lq6no4gpb6w.png 100w\" sizes=\"(max-width: 200px) 100vw, 200px\" \/>\t\t\t\t\t\t\t\t<\/a>\n\t\t\t\t\t\t\t\t\t\t\t\t\t\t\t<\/div>\n\t\t\t\t<\/div>\n\t\t\t\t<\/div>\n\t\t<div class=\"elementor-element elementor-element-3976e185 e-con-full e-flex e-con e-child\" data-id=\"3976e185\" data-element_type=\"container\" data-e-type=\"container\">\n\t\t\t\t<div class=\"elementor-element elementor-element-41beb9c6 elementor-widget elementor-widget-heading\" data-id=\"41beb9c6\" data-element_type=\"widget\" data-e-type=\"widget\" data-widget_type=\"heading.default\">\n\t\t\t\t<div class=\"elementor-widget-container\">\n\t\t\t\t\t<h3 class=\"elementor-heading-title elementor-size-default\">Para mais informa\u00e7\u00f5es, siga estes links<\/h3>\t\t\t\t<\/div>\n\t\t\t\t<\/div>\n\t\t\t\t<div class=\"elementor-element elementor-element-1bece2b2 elementor-nav-menu--dropdown-none elementor-widget elementor-widget-nav-menu\" data-id=\"1bece2b2\" data-element_type=\"widget\" data-e-type=\"widget\" data-settings=\"{&quot;layout&quot;:&quot;vertical&quot;,&quot;submenu_icon&quot;:{&quot;value&quot;:&quot;&lt;svg aria-hidden=\\&quot;true\\&quot; class=\\&quot;e-font-icon-svg e-fas-caret-down\\&quot; viewBox=\\&quot;0 0 320 512\\&quot; xmlns=\\&quot;http:\\\/\\\/www.w3.org\\\/2000\\\/svg\\&quot;&gt;&lt;path d=\\&quot;M31.3 192h257.3c17.8 0 26.7 21.5 14.1 34.1L174.1 354.8c-7.8 7.8-20.5 7.8-28.3 0L17.2 226.1C4.6 213.5 13.5 192 31.3 192z\\&quot;&gt;&lt;\\\/path&gt;&lt;\\\/svg&gt;&quot;,&quot;library&quot;:&quot;fa-solid&quot;}}\" data-widget_type=\"nav-menu.default\">\n\t\t\t\t<div class=\"elementor-widget-container\">\n\t\t\t\t\t\t\t\t<nav aria-label=\"Menu\" class=\"elementor-nav-menu--main elementor-nav-menu__container elementor-nav-menu--layout-vertical e--pointer-none\">\n\t\t\t\t<ul id=\"menu-1-1bece2b2\" class=\"elementor-nav-menu sm-vertical\"><li class=\"menu-item menu-item-type-post_type menu-item-object-page menu-item-8524\"><a href=\"https:\/\/cancerfertilityandme.org.uk\/young-women\/making-your-decision\/\" class=\"elementor-item\">Tomar a sua decis\u00e3o sobre a preserva\u00e7\u00e3o da fertilidade<\/a><\/li>\n<li class=\"menu-item menu-item-type-post_type menu-item-object-page menu-item-8525\"><a href=\"https:\/\/cancerfertilityandme.org.uk\/young-women\/making-your-decision\/talking-about-fertility-preservation\/\" class=\"elementor-item\">Falar com a sua equipa de cuidado de fertilidade sobre a preserva\u00e7\u00e3o da fertilidade<\/a><\/li>\n<li class=\"menu-item menu-item-type-post_type menu-item-object-page menu-item-8526\"><a href=\"https:\/\/cancerfertilityandme.org.uk\/young-women\/making-your-decision\/talking-about-fertility-preservation-decision-with-others\/\" class=\"elementor-item\">Falar sobre a decis\u00e3o de preserva\u00e7\u00e3o da fertilidade com outras pessoas<\/a><\/li>\n<\/ul>\t\t\t<\/nav>\n\t\t\t\t\t\t<nav class=\"elementor-nav-menu--dropdown elementor-nav-menu__container\" aria-hidden=\"true\">\n\t\t\t\t<ul id=\"menu-2-1bece2b2\" class=\"elementor-nav-menu sm-vertical\"><li class=\"menu-item menu-item-type-post_type menu-item-object-page menu-item-8524\"><a href=\"https:\/\/cancerfertilityandme.org.uk\/young-women\/making-your-decision\/\" class=\"elementor-item\" tabindex=\"-1\">Tomar a sua decis\u00e3o sobre a preserva\u00e7\u00e3o da fertilidade<\/a><\/li>\n<li class=\"menu-item menu-item-type-post_type menu-item-object-page menu-item-8525\"><a href=\"https:\/\/cancerfertilityandme.org.uk\/young-women\/making-your-decision\/talking-about-fertility-preservation\/\" class=\"elementor-item\" tabindex=\"-1\">Falar com a sua equipa de cuidado de fertilidade sobre a preserva\u00e7\u00e3o da fertilidade<\/a><\/li>\n<li class=\"menu-item menu-item-type-post_type menu-item-object-page menu-item-8526\"><a href=\"https:\/\/cancerfertilityandme.org.uk\/young-women\/making-your-decision\/talking-about-fertility-preservation-decision-with-others\/\" class=\"elementor-item\" tabindex=\"-1\">Falar sobre a decis\u00e3o de preserva\u00e7\u00e3o da fertilidade com outras pessoas<\/a><\/li>\n<\/ul>\t\t\t<\/nav>\n\t\t\t\t\t\t<\/div>\n\t\t\t\t<\/div>\n\t\t\t\t<\/div>\n\t\t\t\t<\/div>\n\t\t\t\t\t<\/div>\n\t\t\t\t<\/main>\n\t\t\t\t<\/div>\n\t\t","protected":false},"excerpt":{"rendered":"<p>Falar sobre a decis\u00e3o de preserva\u00e7\u00e3o da fertilidade com outras pessoas Algumas mulheres consideram que \u00e9 \u00fatil conversar sobre o seu diagn\u00f3stico de cancro e sobre a preserva\u00e7\u00e3o da fertilidade com outras pessoas. Poder\u00e1 achar \u00fatil falar sobre quest\u00f5es como: Tomar decis\u00f5es dif\u00edceis. Expresar os seus sentimentos aos seus entes queridos. Formas de gerir os [&hellip;]<\/p>\n","protected":false},"author":1,"featured_media":0,"parent":8250,"menu_order":0,"comment_status":"open","ping_status":"closed","template":"","meta":{"footnotes":""},"class_list":["post-8270","page","type-page","status-publish","hentry"],"_links":{"self":[{"href":"https:\/\/cancerfertilityandme.org.uk\/pt-pt\/wp-json\/wp\/v2\/pages\/8270","targetHints":{"allow":["GET"]}}],"collection":[{"href":"https:\/\/cancerfertilityandme.org.uk\/pt-pt\/wp-json\/wp\/v2\/pages"}],"about":[{"href":"https:\/\/cancerfertilityandme.org.uk\/pt-pt\/wp-json\/wp\/v2\/types\/page"}],"author":[{"embeddable":true,"href":"https:\/\/cancerfertilityandme.org.uk\/pt-pt\/wp-json\/wp\/v2\/users\/1"}],"replies":[{"embeddable":true,"href":"https:\/\/cancerfertilityandme.org.uk\/pt-pt\/wp-json\/wp\/v2\/comments?post=8270"}],"version-history":[{"count":2,"href":"https:\/\/cancerfertilityandme.org.uk\/pt-pt\/wp-json\/wp\/v2\/pages\/8270\/revisions"}],"predecessor-version":[{"id":10301,"href":"https:\/\/cancerfertilityandme.org.uk\/pt-pt\/wp-json\/wp\/v2\/pages\/8270\/revisions\/10301"}],"up":[{"embeddable":true,"href":"https:\/\/cancerfertilityandme.org.uk\/pt-pt\/wp-json\/wp\/v2\/pages\/8250"}],"wp:attachment":[{"href":"https:\/\/cancerfertilityandme.org.uk\/pt-pt\/wp-json\/wp\/v2\/media?parent=8270"}],"curies":[{"name":"wp","href":"https:\/\/api.w.org\/{rel}","templated":true}]}}