{"id":8268,"date":"2023-04-02T16:34:20","date_gmt":"2023-04-02T16:34:20","guid":{"rendered":"https:\/\/cancerfertilityandme.org.uk\/falar-com-a-sua-equipa-de-cuidado-de-fertilidade-sobre-a-preservacao-da-fertilidade\/"},"modified":"2026-02-06T08:58:50","modified_gmt":"2026-02-06T08:58:50","slug":"falar-com-a-sua-equipa-de-cuidado-de-fertilidade-sobre-a-preservacao-da-fertilidade","status":"publish","type":"page","link":"https:\/\/cancerfertilityandme.org.uk\/pt-pt\/mulheres-jovens\/tomar-a-sua-decisao-sobre-a-preservacao-da-fertilidade\/falar-com-a-sua-equipa-de-cuidado-de-fertilidade-sobre-a-preservacao-da-fertilidade\/","title":{"rendered":"Falar com a sua equipa de cuidado de fertilidade sobre a preserva\u00e7\u00e3o da fertilidade"},"content":{"rendered":"\t\t<div data-elementor-type=\"wp-page\" data-elementor-id=\"8268\" class=\"elementor elementor-8268 elementor-7761\" data-elementor-post-type=\"page\">\n\t\t\t\t<main class=\"elementor-element elementor-element-33337609 e-flex e-con-boxed e-con e-parent\" data-id=\"33337609\" data-element_type=\"container\" data-e-type=\"container\">\n\t\t\t\t\t<div class=\"e-con-inner\">\n\t\t<div class=\"elementor-element elementor-element-2ec8e3ed e-con-full e-flex e-con e-child\" data-id=\"2ec8e3ed\" data-element_type=\"container\" data-e-type=\"container\">\n\t\t\t\t<div class=\"elementor-element elementor-element-2d95895a elementor-widget elementor-widget-text-editor\" data-id=\"2d95895a\" data-element_type=\"widget\" data-e-type=\"widget\" data-widget_type=\"text-editor.default\">\n\t\t\t\t<div class=\"elementor-widget-container\">\n\t\t\t\t\t\t\t\t\t<h2>Falar com a sua equipa de cuidados de fertilidade sobre a preserva\u00e7\u00e3o da fertilidade<\/h2><p>A equipa de cuidado de fertilidade realiza procedimentos conhecidos como preserva\u00e7\u00e3o da fertilidade para mulheres a quem foi diagnosticado cancro. A equipa de cuidado de fertilidade pode falar consigo sobre a sua decis\u00e3o de ter ou n\u00e3o ter procedimentos de preserva\u00e7\u00e3o da fertilidade. <\/p><p>A consulta de fertilidade depende da cl\u00ednica que frequenta, do seu diagn\u00f3stico de cancro e do tratamento oncol\u00f3gico planejado. A equipa de cuidado de fertilidade analisar\u00e1 o seu hist\u00f3rico m\u00e9dico para se certificar de que o tratamento de preserva\u00e7\u00e3o da fertilidade \u00e9 adequado. Explicar-lhe-\u00e3o o que est\u00e1 envolvido, as taxas de sucesso e os efeitos colaterais do tratamento de fertilidade. Se precisar de mais exames, estes ser\u00e3o efectuados, antes do in\u00edcio do tratamento de fertilidade. Ter\u00e1, tamb\u00e9m a oportunidade de discutir as diferentes op\u00e7\u00f5es de preserva\u00e7\u00e3o da fertilidade dispon\u00edveis na cl\u00ednica.    <\/p><p>Se optar por um tratamento de preserva\u00e7\u00e3o da fertilidade, ser\u00e3o efectuados diferentes testes. Estes incluir\u00e3o an\u00e1lises ao sangue para medir os n\u00edveis hormonais e outros testes de triagem. A equipa de cuidado de fertilidade tamb\u00e9m discutir\u00e1 quest\u00f5es sobre o consentimento para o tratamento, tal como recomendado pela HFEA. <\/p><p>Um membro da sua equipa de tratamento do cancro poder\u00e1 encaminh\u00e1-la para uma cl\u00ednica de fertilidade. Eles podem pedir que a encaminhe o mais r\u00e1pido poss\u00edvel para evitar atrasos no tratamento oncol\u00f3gico.<\/p>\t\t\t\t\t\t\t\t<\/div>\n\t\t\t\t<\/div>\n\t\t<div class=\"elementor-element elementor-element-30000985 e-con-full e-flex e-con e-child\" data-id=\"30000985\" data-element_type=\"container\" data-e-type=\"container\" data-settings=\"{&quot;background_background&quot;:&quot;classic&quot;}\">\n\t\t\t\t<div class=\"elementor-element elementor-element-5606b1a3 elementor-widget elementor-widget-text-editor\" data-id=\"5606b1a3\" data-element_type=\"widget\" data-e-type=\"widget\" data-widget_type=\"text-editor.default\">\n\t\t\t\t<div class=\"elementor-widget-container\">\n\t\t\t\t\t\t\t\t\t<h2>Se quiser ser encaminhada para uma cl\u00ednica de fertilidade, h\u00e1 alguns aspectos a verificar:<\/h2><ul><li>Um membro da minha equipa oncol\u00f3gica tem feito uma refer\u00eancia para mim para uma cl\u00ednica de fertilidade?<\/li><li>Foi-me agendada uma consulta com a equipa de cuidado de fertilidade?<\/li><\/ul><p>Se a sua resposta for negativa ou se n\u00e3o tiver a certeza, pode pedir \u00e0 sua equipa oncol\u00f3gica que contacte a cl\u00ednica de fertilidade em seu nome o mais rapidamente poss\u00edvel.<\/p><p>Poder\u00e1 ter de fazer perguntas na cl\u00ednica de fertilidade. Aqui h\u00e1 algumas perguntas que poder\u00e1 ajud\u00e1-la:<br> <\/p>\t\t\t\t\t\t\t\t<\/div>\n\t\t\t\t<\/div>\n\t\t\t\t<\/div>\n\t\t<div class=\"elementor-element elementor-element-ff8e1ab e-con-full e-flex e-con e-child\" data-id=\"ff8e1ab\" data-element_type=\"container\" data-e-type=\"container\" data-settings=\"{&quot;background_background&quot;:&quot;classic&quot;}\">\n\t\t\t\t<div class=\"elementor-element elementor-element-8eb63b9 elementor-widget elementor-widget-text-editor\" data-id=\"8eb63b9\" data-element_type=\"widget\" data-e-type=\"widget\" data-widget_type=\"text-editor.default\">\n\t\t\t\t<div class=\"elementor-widget-container\">\n\t\t\t\t\t\t\t\t\t<h2>Perguntas para fazer \u00e0 sua equipe de cuidado com a fertilidade<\/h2><h3>Aqui est\u00e3o algumas perguntas que podem ajud\u00e1-la a se preparar para sua consulta:<\/h3><ul><li>Quanto tempo levar\u00e1 a preserva\u00e7\u00e3o da fertilidade?<\/li><li>Por quanto tempo meu tratamento do cancro pode ser adiado?<\/li><li>Quais s\u00e3o minhas chances de poder ter meus pr\u00f3prios filhos no futuro?<\/li><li>Qualquer preserva\u00e7\u00e3o da fertilidade afetaria as chances do cancro voltar?<\/li><\/ul><ul><li>Um membro da minha equipa oncol\u00f3gica tem feito uma refer\u00eancia para mim para uma cl\u00ednica de fertilidade?<\/li><li>Foi-me agendada uma consulta com a equipa de cuidado de fertilidade?<\/li><\/ul><p>Se a sua resposta for negativa ou se n\u00e3o tiver a certeza, pode pedir \u00e0 sua equipa oncol\u00f3gica que contacte a cl\u00ednica de fertilidade em seu nome o mais rapidamente poss\u00edvel.<\/p><p>Poder\u00e1 ter de fazer perguntas na cl\u00ednica de fertilidade. Aqui h\u00e1 algumas perguntas que poder\u00e1 ajud\u00e1-la: <\/p>\t\t\t\t\t\t\t\t<\/div>\n\t\t\t\t<\/div>\n\t\t\t\t<\/div>\n\t\t\t\t<\/div>\n\t\t<div class=\"elementor-element elementor-element-1de02523 e-con-full e-flex e-con e-child\" data-id=\"1de02523\" data-element_type=\"container\" data-e-type=\"container\">\n\t\t<div class=\"elementor-element elementor-element-22d6fda7 e-con-full e-flex e-con e-child\" data-id=\"22d6fda7\" data-element_type=\"container\" data-e-type=\"container\">\n\t\t\t\t<div class=\"elementor-element elementor-element-21e88bb elementor-widget elementor-widget-image\" data-id=\"21e88bb\" data-element_type=\"widget\" data-e-type=\"widget\" data-widget_type=\"image.default\">\n\t\t\t\t<div class=\"elementor-widget-container\">\n\t\t\t\t\t\t\t\t\t\t\t\t\t\t\t\t<a href=\"http:\/\/.\/\">\n\t\t\t\t\t\t\t<img decoding=\"async\" width=\"200\" height=\"200\" src=\"https:\/\/cancerfertilityandme.org.uk\/wp-content\/uploads\/cancerfertilityandme-logo-header-young-women.png\" class=\"attachment-full size-full wp-image-331\" alt=\"\" srcset=\"https:\/\/cancerfertilityandme.org.uk\/wp-content\/uploads\/cancerfertilityandme-logo-header-young-women.png 200w, https:\/\/cancerfertilityandme.org.uk\/wp-content\/uploads\/cancerfertilityandme-logo-header-young-women-150x150.png 150w, https:\/\/cancerfertilityandme.org.uk\/wp-content\/uploads\/elementor\/thumbs\/cancerfertilityandme-logo-header-young-women-r4vfcv1ro149or8nkxzol3x986uodd6lq6no4gpb6w.png 100w\" sizes=\"(max-width: 200px) 100vw, 200px\" \/>\t\t\t\t\t\t\t\t<\/a>\n\t\t\t\t\t\t\t\t\t\t\t\t\t\t\t<\/div>\n\t\t\t\t<\/div>\n\t\t\t\t<\/div>\n\t\t<div class=\"elementor-element elementor-element-585463e6 e-con-full e-flex e-con e-child\" data-id=\"585463e6\" data-element_type=\"container\" data-e-type=\"container\">\n\t\t\t\t<div class=\"elementor-element elementor-element-1253d3e9 elementor-widget elementor-widget-heading\" data-id=\"1253d3e9\" data-element_type=\"widget\" data-e-type=\"widget\" data-widget_type=\"heading.default\">\n\t\t\t\t<div class=\"elementor-widget-container\">\n\t\t\t\t\t<h3 class=\"elementor-heading-title elementor-size-default\">Para mais informa\u00e7\u00f5es, siga estes links<\/h3>\t\t\t\t<\/div>\n\t\t\t\t<\/div>\n\t\t\t\t<div class=\"elementor-element elementor-element-74a47d0f elementor-nav-menu--dropdown-none elementor-widget elementor-widget-nav-menu\" data-id=\"74a47d0f\" data-element_type=\"widget\" data-e-type=\"widget\" data-settings=\"{&quot;layout&quot;:&quot;vertical&quot;,&quot;submenu_icon&quot;:{&quot;value&quot;:&quot;&lt;svg aria-hidden=\\&quot;true\\&quot; class=\\&quot;e-font-icon-svg e-fas-caret-down\\&quot; viewBox=\\&quot;0 0 320 512\\&quot; xmlns=\\&quot;http:\\\/\\\/www.w3.org\\\/2000\\\/svg\\&quot;&gt;&lt;path d=\\&quot;M31.3 192h257.3c17.8 0 26.7 21.5 14.1 34.1L174.1 354.8c-7.8 7.8-20.5 7.8-28.3 0L17.2 226.1C4.6 213.5 13.5 192 31.3 192z\\&quot;&gt;&lt;\\\/path&gt;&lt;\\\/svg&gt;&quot;,&quot;library&quot;:&quot;fa-solid&quot;}}\" data-widget_type=\"nav-menu.default\">\n\t\t\t\t<div class=\"elementor-widget-container\">\n\t\t\t\t\t\t\t\t<nav aria-label=\"Menu\" class=\"elementor-nav-menu--main elementor-nav-menu__container elementor-nav-menu--layout-vertical e--pointer-none\">\n\t\t\t\t<ul id=\"menu-1-74a47d0f\" class=\"elementor-nav-menu sm-vertical\"><li class=\"menu-item menu-item-type-post_type menu-item-object-page menu-item-8524\"><a href=\"https:\/\/cancerfertilityandme.org.uk\/young-women\/making-your-decision\/\" class=\"elementor-item\">Tomar a sua decis\u00e3o sobre a preserva\u00e7\u00e3o da fertilidade<\/a><\/li>\n<li class=\"menu-item menu-item-type-post_type menu-item-object-page menu-item-8525\"><a href=\"https:\/\/cancerfertilityandme.org.uk\/young-women\/making-your-decision\/talking-about-fertility-preservation\/\" class=\"elementor-item\">Falar com a sua equipa de cuidado de fertilidade sobre a preserva\u00e7\u00e3o da fertilidade<\/a><\/li>\n<li class=\"menu-item menu-item-type-post_type menu-item-object-page menu-item-8526\"><a href=\"https:\/\/cancerfertilityandme.org.uk\/young-women\/making-your-decision\/talking-about-fertility-preservation-decision-with-others\/\" class=\"elementor-item\">Falar sobre a decis\u00e3o de preserva\u00e7\u00e3o da fertilidade com outras pessoas<\/a><\/li>\n<\/ul>\t\t\t<\/nav>\n\t\t\t\t\t\t<nav class=\"elementor-nav-menu--dropdown elementor-nav-menu__container\" aria-hidden=\"true\">\n\t\t\t\t<ul id=\"menu-2-74a47d0f\" class=\"elementor-nav-menu sm-vertical\"><li class=\"menu-item menu-item-type-post_type menu-item-object-page menu-item-8524\"><a href=\"https:\/\/cancerfertilityandme.org.uk\/young-women\/making-your-decision\/\" class=\"elementor-item\" tabindex=\"-1\">Tomar a sua decis\u00e3o sobre a preserva\u00e7\u00e3o da fertilidade<\/a><\/li>\n<li class=\"menu-item menu-item-type-post_type menu-item-object-page menu-item-8525\"><a href=\"https:\/\/cancerfertilityandme.org.uk\/young-women\/making-your-decision\/talking-about-fertility-preservation\/\" class=\"elementor-item\" tabindex=\"-1\">Falar com a sua equipa de cuidado de fertilidade sobre a preserva\u00e7\u00e3o da fertilidade<\/a><\/li>\n<li class=\"menu-item menu-item-type-post_type menu-item-object-page menu-item-8526\"><a href=\"https:\/\/cancerfertilityandme.org.uk\/young-women\/making-your-decision\/talking-about-fertility-preservation-decision-with-others\/\" class=\"elementor-item\" tabindex=\"-1\">Falar sobre a decis\u00e3o de preserva\u00e7\u00e3o da fertilidade com outras pessoas<\/a><\/li>\n<\/ul>\t\t\t<\/nav>\n\t\t\t\t\t\t<\/div>\n\t\t\t\t<\/div>\n\t\t\t\t<\/div>\n\t\t\t\t<\/div>\n\t\t\t\t\t<\/div>\n\t\t\t\t<\/main>\n\t\t<div class=\"elementor-element elementor-element-1dfbebc e-flex e-con-boxed e-con e-parent\" data-id=\"1dfbebc\" data-element_type=\"container\" data-e-type=\"container\">\n\t\t\t\t\t<div class=\"e-con-inner\">\n\t\t\t\t\t<\/div>\n\t\t\t\t<\/div>\n\t\t\t\t<\/div>\n\t\t","protected":false},"excerpt":{"rendered":"<p>Falar com a sua equipa de cuidados de fertilidade sobre a preserva\u00e7\u00e3o da fertilidade A equipa de cuidado de fertilidade realiza procedimentos conhecidos como preserva\u00e7\u00e3o da fertilidade para mulheres a quem foi diagnosticado cancro. A equipa de cuidado de fertilidade pode falar consigo sobre a sua decis\u00e3o de ter ou n\u00e3o ter procedimentos de preserva\u00e7\u00e3o [&hellip;]<\/p>\n","protected":false},"author":1,"featured_media":7768,"parent":8250,"menu_order":0,"comment_status":"open","ping_status":"closed","template":"","meta":{"footnotes":""},"class_list":["post-8268","page","type-page","status-publish","has-post-thumbnail","hentry"],"_links":{"self":[{"href":"https:\/\/cancerfertilityandme.org.uk\/pt-pt\/wp-json\/wp\/v2\/pages\/8268","targetHints":{"allow":["GET"]}}],"collection":[{"href":"https:\/\/cancerfertilityandme.org.uk\/pt-pt\/wp-json\/wp\/v2\/pages"}],"about":[{"href":"https:\/\/cancerfertilityandme.org.uk\/pt-pt\/wp-json\/wp\/v2\/types\/page"}],"author":[{"embeddable":true,"href":"https:\/\/cancerfertilityandme.org.uk\/pt-pt\/wp-json\/wp\/v2\/users\/1"}],"replies":[{"embeddable":true,"href":"https:\/\/cancerfertilityandme.org.uk\/pt-pt\/wp-json\/wp\/v2\/comments?post=8268"}],"version-history":[{"count":2,"href":"https:\/\/cancerfertilityandme.org.uk\/pt-pt\/wp-json\/wp\/v2\/pages\/8268\/revisions"}],"predecessor-version":[{"id":10278,"href":"https:\/\/cancerfertilityandme.org.uk\/pt-pt\/wp-json\/wp\/v2\/pages\/8268\/revisions\/10278"}],"up":[{"embeddable":true,"href":"https:\/\/cancerfertilityandme.org.uk\/pt-pt\/wp-json\/wp\/v2\/pages\/8250"}],"wp:featuredmedia":[{"embeddable":true,"href":"https:\/\/cancerfertilityandme.org.uk\/pt-pt\/wp-json\/wp\/v2\/media\/7768"}],"wp:attachment":[{"href":"https:\/\/cancerfertilityandme.org.uk\/pt-pt\/wp-json\/wp\/v2\/media?parent=8268"}],"curies":[{"name":"wp","href":"https:\/\/api.w.org\/{rel}","templated":true}]}}