{"id":8250,"date":"2023-04-03T09:45:46","date_gmt":"2023-04-03T09:45:46","guid":{"rendered":"https:\/\/cancerfertilityandme.org.uk\/tomar-a-sua-decisao-sobre-a-preservacao-da-fertilidade\/"},"modified":"2026-03-16T16:58:49","modified_gmt":"2026-03-16T16:58:49","slug":"tomar-a-sua-decisao-sobre-a-preservacao-da-fertilidade","status":"publish","type":"page","link":"https:\/\/cancerfertilityandme.org.uk\/pt-pt\/mulheres-jovens\/tomar-a-sua-decisao-sobre-a-preservacao-da-fertilidade\/","title":{"rendered":"Tomar a sua decis\u00e3o sobre a preserva\u00e7\u00e3o da fertilidade"},"content":{"rendered":"\t\t<div data-elementor-type=\"wp-page\" data-elementor-id=\"8250\" class=\"elementor elementor-8250 elementor-7791\" data-elementor-post-type=\"page\">\n\t\t\t\t<main class=\"elementor-element elementor-element-30930076 e-flex e-con-boxed e-con e-parent\" data-id=\"30930076\" data-element_type=\"container\" data-e-type=\"container\">\n\t\t\t\t\t<div class=\"e-con-inner\">\n\t\t<div class=\"elementor-element elementor-element-18d27f5a e-con-full e-flex e-con e-child\" data-id=\"18d27f5a\" data-element_type=\"container\" data-e-type=\"container\">\n\t\t\t\t<div class=\"elementor-element elementor-element-5f0b992d elementor-widget elementor-widget-text-editor\" data-id=\"5f0b992d\" data-element_type=\"widget\" data-e-type=\"widget\" data-widget_type=\"text-editor.default\">\n\t\t\t\t<div class=\"elementor-widget-container\">\n\t\t\t\t\t\t\t\t\t<h2>Tomar a sua decis\u00e3o de preserva\u00e7\u00e3o da fertilidade, antes de iniciar o tratamento do cancro.<\/h2>\n<p>Esta p\u00e1gina tem como objectivo ajud\u00e1-la a decidir se quer:<\/p>\n<ul>\n<li>Fazer um tratamento de preserva\u00e7\u00e3o da fertilidade, antes de iniciar o tratamento do cancro<\/li>\n<li>Iniciar um tratamento contra o cancro sem fazer um tratamento de preserva\u00e7\u00e3o da fertilidade.<\/li>\n<\/ul>\n<p>Algumas mulheres sabem com certeza, se querem ou n\u00e3o prosseguir com a preserva\u00e7\u00e3o da fertilidade. Outras mulheres t\u00eam mais dificuldade em tomar esta decis\u00e3o. N\u00e3o existe uma decis\u00e3o \u201ccerta\u201d ou \u201cerrada\u201d. A decis\u00e3o depende do que \u00e9 mais importante para si neste momento e depende dos planos que tem para a sua vida, ap\u00f3s o tratamento do cancro.   <\/p>\n<h2>Decidir preservar ou n\u00e3o a fertilidade antes do tratamento do cancro<\/h2>\n<p>Ao decidir preservar, ou n\u00e3o, preserva\u00e7\u00e3o da fertilidade antes do tratamento do cancro, pode querer ler cada uma das cinco afirma\u00e7\u00f5es abaixo e analisar sobre elas de acordo com o que \u00e9 mais importante para si. Pode ser \u00fatil escrever as raz\u00f5es das suas respostas nos espa\u00e7os abaixo de cada afirma\u00e7\u00e3o. Pode ser \u00fatil preencher este formul\u00e1rio com a sua equipa de cuidado oncol\u00f3gico e de fertilidade, parceiro, fam\u00edlia e amigos.  <\/p>\n<h2>Que \u00e9 mais importante para si?<\/h2>\t\t\t\t\t\t\t\t<\/div>\n\t\t\t\t<\/div>\n\t\t\t\t<div class=\"elementor-element elementor-element-f9c6435 elementor-widget elementor-widget-image\" data-id=\"f9c6435\" data-element_type=\"widget\" data-e-type=\"widget\" data-widget_type=\"image.default\">\n\t\t\t\t<div class=\"elementor-widget-container\">\n\t\t\t\t\t\t\t\t\t\t\t\t\t\t\t<img fetchpriority=\"high\" decoding=\"async\" width=\"800\" height=\"455\" src=\"https:\/\/cancerfertilityandme.org.uk\/wp-content\/uploads\/PT-07-1-1024x583.png\" class=\"attachment-large size-large wp-image-11283\" alt=\"\" srcset=\"https:\/\/cancerfertilityandme.org.uk\/wp-content\/uploads\/PT-07-1-1024x583.png 1024w, https:\/\/cancerfertilityandme.org.uk\/wp-content\/uploads\/PT-07-1-300x171.png 300w, https:\/\/cancerfertilityandme.org.uk\/wp-content\/uploads\/PT-07-1-768x438.png 768w, https:\/\/cancerfertilityandme.org.uk\/wp-content\/uploads\/PT-07-1.png 1039w\" sizes=\"(max-width: 800px) 100vw, 800px\" \/>\t\t\t\t\t\t\t\t\t\t\t\t\t\t\t<\/div>\n\t\t\t\t<\/div>\n\t\t\t\t<div class=\"elementor-element elementor-element-3b4e473 elementor-widget elementor-widget-text-editor\" data-id=\"3b4e473\" data-element_type=\"widget\" data-e-type=\"widget\" data-widget_type=\"text-editor.default\">\n\t\t\t\t<div class=\"elementor-widget-container\">\n\t\t\t\t\t\t\t\t\t<h2>Decidir que op\u00e7\u00e3o de preserva\u00e7\u00e3o da fertilidade \u00e9 a melhor para mim<\/h2><p>Nas sec\u00e7\u00f5es anteriores, foram descritas as decis\u00f5es de preserva\u00e7\u00e3o da fertilidade.<\/p><p>Estes s\u00e3o:<\/p><ul><li>N\u00e3o preserva\u00e7\u00e3o da fertilidade<\/li><li>Congelamento<\/li><li>Supress\u00e3o dos ov\u00e1rios<\/li><\/ul><p>A <a href=\"https:\/\/cancerfertilityandme.org.uk\/pt-pt\/home\/opcoes-de-preservacao-da-fertilidade-2\/resumo-das-opcoes\/\">tabela de resumo nesta p\u00e1gina<\/a> compara as diferentes op\u00e7\u00f5es de preserva\u00e7\u00e3o da fertilidade.<\/p><p>Abaixo encontra uma lista das diferentes op\u00e7\u00f5es de preserva\u00e7\u00e3o da fertilidade. Pense na sua resposta para cada op\u00e7\u00e3o. <\/p><p>A realiza\u00e7\u00e3o desta tarefa pode ajud\u00e1-la a reflectir sobre a op\u00e7\u00e3o de preserva\u00e7\u00e3o da fertilidade que melhor se adapta a si e ao seu estilo de vida neste momento. Pode ser \u00fatil falar sobre as suas escolhas com a sua equipa de cuidados oncol\u00f3gicos e de fertilidade, com o seu parceiro, fam\u00edlia e amigos. <\/p><p>\u201cSinto-me feliz com a decis\u00e3o que tomei. Obviamente, tenho \u2018e se\u2019 na minha cabe\u00e7a se eu escolher uma op\u00e7\u00e3o diferente \u2026 isso \u00e9 apenas porque qualquer decis\u00e3o que voc\u00ea toma, voc\u00ea tem um \u2018e se \u2018 eu escolhi uma op\u00e7\u00e3o diferente?\u201d Uma jovem de 23 anos com cancro de ov\u00e1rio. <\/p><h2>Qual \u00e9 a probabilidade de considerar cada uma destas op\u00e7\u00f5es de tratamento de preserva\u00e7\u00e3o da fertilidade?<\/h2>\t\t\t\t\t\t\t\t<\/div>\n\t\t\t\t<\/div>\n\t\t\t\t<div class=\"elementor-element elementor-element-d3a8d17 elementor-widget elementor-widget-image\" data-id=\"d3a8d17\" data-element_type=\"widget\" data-e-type=\"widget\" data-widget_type=\"image.default\">\n\t\t\t\t<div class=\"elementor-widget-container\">\n\t\t\t\t\t\t\t\t\t\t\t\t\t\t\t<img decoding=\"async\" width=\"800\" height=\"570\" src=\"https:\/\/cancerfertilityandme.org.uk\/wp-content\/uploads\/PT-08-1.png\" class=\"attachment-large size-large wp-image-11298\" alt=\"\" srcset=\"https:\/\/cancerfertilityandme.org.uk\/wp-content\/uploads\/PT-08-1.png 996w, https:\/\/cancerfertilityandme.org.uk\/wp-content\/uploads\/PT-08-1-300x214.png 300w, https:\/\/cancerfertilityandme.org.uk\/wp-content\/uploads\/PT-08-1-768x547.png 768w\" sizes=\"(max-width: 800px) 100vw, 800px\" \/>\t\t\t\t\t\t\t\t\t\t\t\t\t\t\t<\/div>\n\t\t\t\t<\/div>\n\t\t\t\t<\/div>\n\t\t<div class=\"elementor-element elementor-element-7211a6f2 e-con-full e-flex e-con e-child\" data-id=\"7211a6f2\" data-element_type=\"container\" data-e-type=\"container\">\n\t\t<div class=\"elementor-element elementor-element-1f31f5ae e-con-full e-flex e-con e-child\" data-id=\"1f31f5ae\" data-element_type=\"container\" data-e-type=\"container\">\n\t\t\t\t<div class=\"elementor-element elementor-element-16597f95 elementor-widget elementor-widget-image\" data-id=\"16597f95\" data-element_type=\"widget\" data-e-type=\"widget\" data-widget_type=\"image.default\">\n\t\t\t\t<div class=\"elementor-widget-container\">\n\t\t\t\t\t\t\t\t\t\t\t\t\t\t\t\t<a href=\"http:\/\/.\/\">\n\t\t\t\t\t\t\t<img decoding=\"async\" width=\"200\" height=\"200\" src=\"https:\/\/cancerfertilityandme.org.uk\/wp-content\/uploads\/cancerfertilityandme-logo-header-young-women.png\" class=\"attachment-full size-full wp-image-331\" alt=\"\" srcset=\"https:\/\/cancerfertilityandme.org.uk\/wp-content\/uploads\/cancerfertilityandme-logo-header-young-women.png 200w, https:\/\/cancerfertilityandme.org.uk\/wp-content\/uploads\/cancerfertilityandme-logo-header-young-women-150x150.png 150w, https:\/\/cancerfertilityandme.org.uk\/wp-content\/uploads\/elementor\/thumbs\/cancerfertilityandme-logo-header-young-women-r4vfcv1ro149or8nkxzol3x986uodd6lq6no4gpb6w.png 100w\" sizes=\"(max-width: 200px) 100vw, 200px\" \/>\t\t\t\t\t\t\t\t<\/a>\n\t\t\t\t\t\t\t\t\t\t\t\t\t\t\t<\/div>\n\t\t\t\t<\/div>\n\t\t\t\t<\/div>\n\t\t<div class=\"elementor-element elementor-element-56263ecb e-con-full e-flex e-con e-child\" data-id=\"56263ecb\" data-element_type=\"container\" data-e-type=\"container\">\n\t\t\t\t<div class=\"elementor-element elementor-element-67f41f3c elementor-widget elementor-widget-heading\" data-id=\"67f41f3c\" data-element_type=\"widget\" data-e-type=\"widget\" data-widget_type=\"heading.default\">\n\t\t\t\t<div class=\"elementor-widget-container\">\n\t\t\t\t\t<h3 class=\"elementor-heading-title elementor-size-default\">Para mais informa\u00e7\u00f5es, siga estes links<\/h3>\t\t\t\t<\/div>\n\t\t\t\t<\/div>\n\t\t\t\t<div class=\"elementor-element elementor-element-13c3a37b elementor-nav-menu--dropdown-none elementor-widget elementor-widget-nav-menu\" data-id=\"13c3a37b\" data-element_type=\"widget\" data-e-type=\"widget\" data-settings=\"{&quot;layout&quot;:&quot;vertical&quot;,&quot;submenu_icon&quot;:{&quot;value&quot;:&quot;&lt;svg aria-hidden=\\&quot;true\\&quot; class=\\&quot;e-font-icon-svg e-fas-caret-down\\&quot; viewBox=\\&quot;0 0 320 512\\&quot; xmlns=\\&quot;http:\\\/\\\/www.w3.org\\\/2000\\\/svg\\&quot;&gt;&lt;path d=\\&quot;M31.3 192h257.3c17.8 0 26.7 21.5 14.1 34.1L174.1 354.8c-7.8 7.8-20.5 7.8-28.3 0L17.2 226.1C4.6 213.5 13.5 192 31.3 192z\\&quot;&gt;&lt;\\\/path&gt;&lt;\\\/svg&gt;&quot;,&quot;library&quot;:&quot;fa-solid&quot;}}\" data-widget_type=\"nav-menu.default\">\n\t\t\t\t<div class=\"elementor-widget-container\">\n\t\t\t\t\t\t\t\t<nav aria-label=\"Menu\" class=\"elementor-nav-menu--main elementor-nav-menu__container elementor-nav-menu--layout-vertical e--pointer-none\">\n\t\t\t\t<ul id=\"menu-1-13c3a37b\" class=\"elementor-nav-menu sm-vertical\"><li class=\"menu-item menu-item-type-post_type menu-item-object-page menu-item-8524\"><a href=\"https:\/\/cancerfertilityandme.org.uk\/young-women\/making-your-decision\/\" class=\"elementor-item\">Tomar a sua decis\u00e3o sobre a preserva\u00e7\u00e3o da fertilidade<\/a><\/li>\n<li class=\"menu-item menu-item-type-post_type menu-item-object-page menu-item-8525\"><a href=\"https:\/\/cancerfertilityandme.org.uk\/young-women\/making-your-decision\/talking-about-fertility-preservation\/\" class=\"elementor-item\">Falar com a sua equipa de cuidado de fertilidade sobre a preserva\u00e7\u00e3o da fertilidade<\/a><\/li>\n<li class=\"menu-item menu-item-type-post_type menu-item-object-page menu-item-8526\"><a href=\"https:\/\/cancerfertilityandme.org.uk\/young-women\/making-your-decision\/talking-about-fertility-preservation-decision-with-others\/\" class=\"elementor-item\">Falar sobre a decis\u00e3o de preserva\u00e7\u00e3o da fertilidade com outras pessoas<\/a><\/li>\n<\/ul>\t\t\t<\/nav>\n\t\t\t\t\t\t<nav class=\"elementor-nav-menu--dropdown elementor-nav-menu__container\" aria-hidden=\"true\">\n\t\t\t\t<ul id=\"menu-2-13c3a37b\" class=\"elementor-nav-menu sm-vertical\"><li class=\"menu-item menu-item-type-post_type menu-item-object-page menu-item-8524\"><a href=\"https:\/\/cancerfertilityandme.org.uk\/young-women\/making-your-decision\/\" class=\"elementor-item\" tabindex=\"-1\">Tomar a sua decis\u00e3o sobre a preserva\u00e7\u00e3o da fertilidade<\/a><\/li>\n<li class=\"menu-item menu-item-type-post_type menu-item-object-page menu-item-8525\"><a href=\"https:\/\/cancerfertilityandme.org.uk\/young-women\/making-your-decision\/talking-about-fertility-preservation\/\" class=\"elementor-item\" tabindex=\"-1\">Falar com a sua equipa de cuidado de fertilidade sobre a preserva\u00e7\u00e3o da fertilidade<\/a><\/li>\n<li class=\"menu-item menu-item-type-post_type menu-item-object-page menu-item-8526\"><a href=\"https:\/\/cancerfertilityandme.org.uk\/young-women\/making-your-decision\/talking-about-fertility-preservation-decision-with-others\/\" class=\"elementor-item\" tabindex=\"-1\">Falar sobre a decis\u00e3o de preserva\u00e7\u00e3o da fertilidade com outras pessoas<\/a><\/li>\n<\/ul>\t\t\t<\/nav>\n\t\t\t\t\t\t<\/div>\n\t\t\t\t<\/div>\n\t\t\t\t<\/div>\n\t\t\t\t<\/div>\n\t\t\t\t\t<\/div>\n\t\t\t\t<\/main>\n\t\t\t\t<\/div>\n\t\t","protected":false},"excerpt":{"rendered":"<p>Tomar a sua decis\u00e3o de preserva\u00e7\u00e3o da fertilidade, antes de iniciar o tratamento do cancro. Esta p\u00e1gina tem como objectivo ajud\u00e1-la a decidir se quer: Fazer um tratamento de preserva\u00e7\u00e3o da fertilidade, antes de iniciar o tratamento do cancro Iniciar um tratamento contra o cancro sem fazer um tratamento de preserva\u00e7\u00e3o da fertilidade. Algumas mulheres [&hellip;]<\/p>\n","protected":false},"author":1,"featured_media":11297,"parent":8203,"menu_order":0,"comment_status":"open","ping_status":"closed","template":"","meta":{"footnotes":""},"class_list":["post-8250","page","type-page","status-publish","has-post-thumbnail","hentry"],"_links":{"self":[{"href":"https:\/\/cancerfertilityandme.org.uk\/pt-pt\/wp-json\/wp\/v2\/pages\/8250","targetHints":{"allow":["GET"]}}],"collection":[{"href":"https:\/\/cancerfertilityandme.org.uk\/pt-pt\/wp-json\/wp\/v2\/pages"}],"about":[{"href":"https:\/\/cancerfertilityandme.org.uk\/pt-pt\/wp-json\/wp\/v2\/types\/page"}],"author":[{"embeddable":true,"href":"https:\/\/cancerfertilityandme.org.uk\/pt-pt\/wp-json\/wp\/v2\/users\/1"}],"replies":[{"embeddable":true,"href":"https:\/\/cancerfertilityandme.org.uk\/pt-pt\/wp-json\/wp\/v2\/comments?post=8250"}],"version-history":[{"count":8,"href":"https:\/\/cancerfertilityandme.org.uk\/pt-pt\/wp-json\/wp\/v2\/pages\/8250\/revisions"}],"predecessor-version":[{"id":11401,"href":"https:\/\/cancerfertilityandme.org.uk\/pt-pt\/wp-json\/wp\/v2\/pages\/8250\/revisions\/11401"}],"up":[{"embeddable":true,"href":"https:\/\/cancerfertilityandme.org.uk\/pt-pt\/wp-json\/wp\/v2\/pages\/8203"}],"wp:featuredmedia":[{"embeddable":true,"href":"https:\/\/cancerfertilityandme.org.uk\/pt-pt\/wp-json\/wp\/v2\/media\/11297"}],"wp:attachment":[{"href":"https:\/\/cancerfertilityandme.org.uk\/pt-pt\/wp-json\/wp\/v2\/media?parent=8250"}],"curies":[{"name":"wp","href":"https:\/\/api.w.org\/{rel}","templated":true}]}}