{"id":8249,"date":"2023-04-03T09:44:15","date_gmt":"2023-04-03T09:44:15","guid":{"rendered":"https:\/\/cancerfertilityandme.org.uk\/decisoes-de-planejamento-familiar-apos-o-tratamento-do-cancro\/"},"modified":"2026-03-10T16:41:06","modified_gmt":"2026-03-10T16:41:06","slug":"decisoes-de-planejamento-familiar-apos-o-tratamento-do-cancro","status":"publish","type":"page","link":"https:\/\/cancerfertilityandme.org.uk\/pt-pt\/mulheres-jovens\/contracepcao-e-planejamento-familiar\/decisoes-de-planejamento-familiar-apos-o-tratamento-do-cancro\/","title":{"rendered":"Decis\u00f5es de planeamento familiar ap\u00f3s o tratamento do cancro"},"content":{"rendered":"\t\t<div data-elementor-type=\"wp-page\" data-elementor-id=\"8249\" class=\"elementor elementor-8249 elementor-7790\" data-elementor-post-type=\"page\">\n\t\t\t\t<main class=\"elementor-element elementor-element-23a515be e-flex e-con-boxed e-con e-parent\" data-id=\"23a515be\" data-element_type=\"container\" data-e-type=\"container\">\n\t\t\t\t\t<div class=\"e-con-inner\">\n\t\t<div class=\"elementor-element elementor-element-2324c290 e-con-full e-flex e-con e-child\" data-id=\"2324c290\" data-element_type=\"container\" data-e-type=\"container\">\n\t\t\t\t<div class=\"elementor-element elementor-element-65cf739e elementor-widget elementor-widget-text-editor\" data-id=\"65cf739e\" data-element_type=\"widget\" data-e-type=\"widget\" data-widget_type=\"text-editor.default\">\n\t\t\t\t<div class=\"elementor-widget-container\">\n\t\t\t\t\t\t\t\t\t<h2>Decis\u00f5es de planeamento familiar ap\u00f3s o tratamento do cancro<\/h2><p><strong>Para muitas mulheres, \u00e9 dif\u00edcil decidir se devem tentar engravidar, ap\u00f3s um diagn\u00f3stico de cancro. Durante este per\u00edodo, as mulheres tomam decis\u00f5es sobre a gest\u00e3o da fertilidade que melhor se adequam \u00e0s suas vidas. Estas incluem a realiza\u00e7\u00e3o de testes para verificar a fertilidade, a escolha de um m\u00e9todo contraceptivo e o planeamento de uma futura fam\u00edlia.  <\/strong><\/p><p>\u00c9 dif\u00edcil prever exactamente como a sua fertilidade ser\u00e1 afectada pelo tratamento do cancro. A equipa de cuidado de fertilidade pode verificar a sua fertilidade, atrav\u00e9s de uma s\u00e9rie de testes. Estes incluem an\u00e1lises de sangue para verificar os seus n\u00edveis de uma hormona ou uma ecografia dos ov\u00e1rios. Pode pedir \u00e0 sua equipa de tratamento do cancro ou ao seu m\u00e9dico de fam\u00edlia que a encaminhe para uma cl\u00ednica de fertilidade.  <\/p><p>A sua fertilidade pode voltar naturalmente depois do tratamento. Mesmo que a sua menstrua\u00e7\u00e3o n\u00e3o tenha recome\u00e7ado, \u00e9 poss\u00edvel que ainda esteja a produzir \u00f3vulos e possa engravidar. \u00c9 aconselh\u00e1vel que discuta os m\u00e9todos de contracep\u00e7\u00e3o com a sua equipa oncol\u00f3gica ou com o seu m\u00e9dico de fam\u00edlia. Eles podem aconselh\u00e1-la sobre as op\u00e7\u00f5es e o tipo de contracep\u00e7\u00e3o adequado para si. \u00c9 aconselh\u00e1vel esperar dois anos ap\u00f3s, o fim do seu tratamento oncol\u00f3gico para tentar ter um beb\u00e9.   <\/p><p>N\u00e3o existem dados que sugiram que a gravidez afecte as probabilidades de um cancro voltar. N\u00e3o existem dados que sugiram que a sa\u00fade das crian\u00e7as nascidas ap\u00f3s o tratamento do cancro seja afectada. Se est\u00e1 a pensar engravidar, fale com a sua equipa de cuidado oncol\u00f3gico.  <\/p>\t\t\t\t\t\t\t\t<\/div>\n\t\t\t\t<\/div>\n\t\t\t\t<div class=\"elementor-element elementor-element-c5e0094 elementor-widget elementor-widget-image\" data-id=\"c5e0094\" data-element_type=\"widget\" data-e-type=\"widget\" data-widget_type=\"image.default\">\n\t\t\t\t<div class=\"elementor-widget-container\">\n\t\t\t\t\t\t\t\t\t\t\t\t\t\t\t<img fetchpriority=\"high\" decoding=\"async\" width=\"800\" height=\"405\" src=\"https:\/\/cancerfertilityandme.org.uk\/wp-content\/uploads\/PT-06-3-1024x518.png\" class=\"attachment-large size-large wp-image-11349\" alt=\"\" srcset=\"https:\/\/cancerfertilityandme.org.uk\/wp-content\/uploads\/PT-06-3-1024x518.png 1024w, https:\/\/cancerfertilityandme.org.uk\/wp-content\/uploads\/PT-06-3-300x152.png 300w, https:\/\/cancerfertilityandme.org.uk\/wp-content\/uploads\/PT-06-3-768x389.png 768w, https:\/\/cancerfertilityandme.org.uk\/wp-content\/uploads\/PT-06-3.png 1045w\" sizes=\"(max-width: 800px) 100vw, 800px\" \/>\t\t\t\t\t\t\t\t\t\t\t\t\t\t\t<\/div>\n\t\t\t\t<\/div>\n\t\t\t\t<div class=\"elementor-element elementor-element-76b7d0a elementor-widget elementor-widget-text-editor\" data-id=\"76b7d0a\" data-element_type=\"widget\" data-e-type=\"widget\" data-widget_type=\"text-editor.default\">\n\t\t\t\t<div class=\"elementor-widget-container\">\n\t\t\t\t\t\t\t\t\t<p>Nem todas as mulheres jovens que fazem tratamento contra o c\u00e2ncer ter\u00e3o problemas de fertilidade; na verdade, a maioria das mulheres jovens que desejam ter um beb\u00ea ap\u00f3s o tratamento contra o c\u00e2ncer conseguem.<\/p><p>Algumas mulheres podem sofrer uma perda permanente de fertilidade, ap\u00f3s o tratamento do cancro. Este facto pode ser perturbador e dif\u00edcil de aceitar. Se for este o seu caso, pode ser \u00fatil procurar apoio e aconselhamento profissional junto da sua equipa de cuidados de fertilidade. Para al\u00e9m de lhe darem apoio emocional, poder\u00e3o fornecer-lhe informa\u00e7\u00f5es sobre outras op\u00e7\u00f5es. Estas incluem a maternidade de substitui\u00e7\u00e3o, a adop\u00e7\u00e3o e o acolhimento. Pode aconselhar sobre outros m\u00e9todos de gravidez assistida, como os \u00f3vulos e embri\u00f5es de doadores ou a utiliza\u00e7\u00e3o dos seus pr\u00f3prios \u00f3vulos, embri\u00f5es e tecido ovariano guardados.    <\/p><blockquote><p>O s\u00edtio Web <a href=\"http:\/\/www.hfea.gov.uk\" target=\"_blank\" rel=\"noopener\">www.hfea.gov.uk<\/a> cont\u00e9m mais informa\u00e7\u00f5es sobre a doa\u00e7\u00e3o de \u00f3vulos ou embri\u00f5es e a maternidade de substitui\u00e7\u00e3o. As organiza\u00e7\u00f5es aqui listadas incluem informa\u00e7\u00f5es e apoio a pessoas interessadas em acolhimento e adop\u00e7\u00e3o. As organiza\u00e7\u00f5es <a href=\"https:\/\/cancerfertilityandme.org.uk\/pt-pt\/home\/outras-informacoes-e-contactos\/\">aqui <\/a>listadas incluem informa\u00e7\u00f5es e apoio a pessoas interessadas em acolhimento e adop\u00e7\u00e3o.<\/p><\/blockquote><p><strong>As perguntas seguintes podem ajud\u00e1-la a falar com a sua equipa de cuidado oncol\u00f3gico ou com o seu m\u00e9dico de fam\u00edlia sobre o planejamento familiar, ap\u00f3s o tratamento do cancro:<\/strong><\/p><ul><li>Como saberei se estou f\u00e9rtil ap\u00f3s o tratamento do cancro?<\/li><li>Quanto tempo levar\u00e1 para saber se estou f\u00e9rtil?<\/li><li>H\u00e1 alguns testes que possa fazer para verificar se ainda sou f\u00e9rtil ap\u00f3s o tratamento do cancro?<\/li><li>Uma futura gravidez afectaria as chances do cancro voltar?<\/li><li>Partindo do princ\u00edpio de que ainda posso ter filhos, quanto tempo devo esperar ap\u00f3s o tratamento?<\/li><li>Se engravidar ap\u00f3s o tratamento do cancro, o meu filho ter\u00e1 mais probabilidades de ter cancro?<\/li><li>Se n\u00e3o tiver preservado a minha fertilidade antes do tratamento, ainda tenho op\u00e7\u00f5es?<\/li><\/ul>\t\t\t\t\t\t\t\t<\/div>\n\t\t\t\t<\/div>\n\t\t\t\t<\/div>\n\t\t<div class=\"elementor-element elementor-element-4d93295f e-con-full e-flex e-con e-child\" data-id=\"4d93295f\" data-element_type=\"container\" data-e-type=\"container\">\n\t\t<div class=\"elementor-element elementor-element-46ea5028 e-con-full e-flex e-con e-child\" data-id=\"46ea5028\" data-element_type=\"container\" data-e-type=\"container\">\n\t\t\t\t<div class=\"elementor-element elementor-element-194397a8 elementor-widget elementor-widget-image\" data-id=\"194397a8\" data-element_type=\"widget\" data-e-type=\"widget\" data-widget_type=\"image.default\">\n\t\t\t\t<div class=\"elementor-widget-container\">\n\t\t\t\t\t\t\t\t\t\t\t\t\t\t\t\t<a href=\"http:\/\/.\/\">\n\t\t\t\t\t\t\t<img decoding=\"async\" width=\"200\" height=\"200\" src=\"https:\/\/cancerfertilityandme.org.uk\/wp-content\/uploads\/cancerfertilityandme-logo-header-young-women.png\" class=\"attachment-full size-full wp-image-331\" alt=\"\" srcset=\"https:\/\/cancerfertilityandme.org.uk\/wp-content\/uploads\/cancerfertilityandme-logo-header-young-women.png 200w, https:\/\/cancerfertilityandme.org.uk\/wp-content\/uploads\/cancerfertilityandme-logo-header-young-women-150x150.png 150w, https:\/\/cancerfertilityandme.org.uk\/wp-content\/uploads\/elementor\/thumbs\/cancerfertilityandme-logo-header-young-women-r4vfcv1ro149or8nkxzol3x986uodd6lq6no4gpb6w.png 100w\" sizes=\"(max-width: 200px) 100vw, 200px\" \/>\t\t\t\t\t\t\t\t<\/a>\n\t\t\t\t\t\t\t\t\t\t\t\t\t\t\t<\/div>\n\t\t\t\t<\/div>\n\t\t\t\t<\/div>\n\t\t<div class=\"elementor-element elementor-element-4dd0c88d e-con-full e-flex e-con e-child\" data-id=\"4dd0c88d\" data-element_type=\"container\" data-e-type=\"container\">\n\t\t\t\t<div class=\"elementor-element elementor-element-6cb4eb49 elementor-widget elementor-widget-heading\" data-id=\"6cb4eb49\" data-element_type=\"widget\" data-e-type=\"widget\" data-widget_type=\"heading.default\">\n\t\t\t\t<div class=\"elementor-widget-container\">\n\t\t\t\t\t<h3 class=\"elementor-heading-title elementor-size-default\">Para mais informa\u00e7\u00f5es, siga estes links<\/h3>\t\t\t\t<\/div>\n\t\t\t\t<\/div>\n\t\t\t\t<div class=\"elementor-element elementor-element-738cc706 elementor-nav-menu--dropdown-none elementor-widget elementor-widget-nav-menu\" data-id=\"738cc706\" data-element_type=\"widget\" data-e-type=\"widget\" data-settings=\"{&quot;layout&quot;:&quot;vertical&quot;,&quot;submenu_icon&quot;:{&quot;value&quot;:&quot;&lt;svg aria-hidden=\\&quot;true\\&quot; class=\\&quot;e-font-icon-svg e-fas-caret-down\\&quot; viewBox=\\&quot;0 0 320 512\\&quot; xmlns=\\&quot;http:\\\/\\\/www.w3.org\\\/2000\\\/svg\\&quot;&gt;&lt;path d=\\&quot;M31.3 192h257.3c17.8 0 26.7 21.5 14.1 34.1L174.1 354.8c-7.8 7.8-20.5 7.8-28.3 0L17.2 226.1C4.6 213.5 13.5 192 31.3 192z\\&quot;&gt;&lt;\\\/path&gt;&lt;\\\/svg&gt;&quot;,&quot;library&quot;:&quot;fa-solid&quot;}}\" data-widget_type=\"nav-menu.default\">\n\t\t\t\t<div class=\"elementor-widget-container\">\n\t\t\t\t\t\t\t\t<nav aria-label=\"Menu\" class=\"elementor-nav-menu--main elementor-nav-menu__container elementor-nav-menu--layout-vertical e--pointer-none\">\n\t\t\t\t<ul id=\"menu-1-738cc706\" class=\"elementor-nav-menu sm-vertical\"><li class=\"menu-item menu-item-type-post_type menu-item-object-page menu-item-8508\"><a href=\"https:\/\/cancerfertilityandme.org.uk\/young-women\/contraception-and-family-planning\/\" class=\"elementor-item\">Contracep\u00e7\u00e3o e planeamento familiar<\/a><\/li>\n<li class=\"menu-item menu-item-type-post_type menu-item-object-page menu-item-8509\"><a href=\"https:\/\/cancerfertilityandme.org.uk\/young-women\/contraception-and-family-planning\/contraception-during-cancer-treatment\/\" class=\"elementor-item\">Contracep\u00e7\u00e3o durante o tratamento do cancro<\/a><\/li>\n<li class=\"menu-item menu-item-type-post_type menu-item-object-page menu-item-8510\"><a href=\"https:\/\/cancerfertilityandme.org.uk\/young-women\/contraception-and-family-planning\/family-planning-decisions-after-cancer-treatment\/\" class=\"elementor-item\">Decis\u00f5es de planeamento familiar ap\u00f3s o tratamento do cancro<\/a><\/li>\n<\/ul>\t\t\t<\/nav>\n\t\t\t\t\t\t<nav class=\"elementor-nav-menu--dropdown elementor-nav-menu__container\" aria-hidden=\"true\">\n\t\t\t\t<ul id=\"menu-2-738cc706\" class=\"elementor-nav-menu sm-vertical\"><li class=\"menu-item menu-item-type-post_type menu-item-object-page menu-item-8508\"><a href=\"https:\/\/cancerfertilityandme.org.uk\/young-women\/contraception-and-family-planning\/\" class=\"elementor-item\" tabindex=\"-1\">Contracep\u00e7\u00e3o e planeamento familiar<\/a><\/li>\n<li class=\"menu-item menu-item-type-post_type menu-item-object-page menu-item-8509\"><a href=\"https:\/\/cancerfertilityandme.org.uk\/young-women\/contraception-and-family-planning\/contraception-during-cancer-treatment\/\" class=\"elementor-item\" tabindex=\"-1\">Contracep\u00e7\u00e3o durante o tratamento do cancro<\/a><\/li>\n<li class=\"menu-item menu-item-type-post_type menu-item-object-page menu-item-8510\"><a href=\"https:\/\/cancerfertilityandme.org.uk\/young-women\/contraception-and-family-planning\/family-planning-decisions-after-cancer-treatment\/\" class=\"elementor-item\" tabindex=\"-1\">Decis\u00f5es de planeamento familiar ap\u00f3s o tratamento do cancro<\/a><\/li>\n<\/ul>\t\t\t<\/nav>\n\t\t\t\t\t\t<\/div>\n\t\t\t\t<\/div>\n\t\t\t\t<\/div>\n\t\t\t\t<\/div>\n\t\t\t\t\t<\/div>\n\t\t\t\t<\/main>\n\t\t\t\t<\/div>\n\t\t","protected":false},"excerpt":{"rendered":"<p>Decis\u00f5es de planeamento familiar ap\u00f3s o tratamento do cancro Para muitas mulheres, \u00e9 dif\u00edcil decidir se devem tentar engravidar, ap\u00f3s um diagn\u00f3stico de cancro. Durante este per\u00edodo, as mulheres tomam decis\u00f5es sobre a gest\u00e3o da fertilidade que melhor se adequam \u00e0s suas vidas. Estas incluem a realiza\u00e7\u00e3o de testes para verificar a fertilidade, a escolha [&hellip;]<\/p>\n","protected":false},"author":1,"featured_media":0,"parent":8247,"menu_order":0,"comment_status":"open","ping_status":"closed","template":"","meta":{"footnotes":""},"class_list":["post-8249","page","type-page","status-publish","hentry"],"_links":{"self":[{"href":"https:\/\/cancerfertilityandme.org.uk\/pt-pt\/wp-json\/wp\/v2\/pages\/8249","targetHints":{"allow":["GET"]}}],"collection":[{"href":"https:\/\/cancerfertilityandme.org.uk\/pt-pt\/wp-json\/wp\/v2\/pages"}],"about":[{"href":"https:\/\/cancerfertilityandme.org.uk\/pt-pt\/wp-json\/wp\/v2\/types\/page"}],"author":[{"embeddable":true,"href":"https:\/\/cancerfertilityandme.org.uk\/pt-pt\/wp-json\/wp\/v2\/users\/1"}],"replies":[{"embeddable":true,"href":"https:\/\/cancerfertilityandme.org.uk\/pt-pt\/wp-json\/wp\/v2\/comments?post=8249"}],"version-history":[{"count":4,"href":"https:\/\/cancerfertilityandme.org.uk\/pt-pt\/wp-json\/wp\/v2\/pages\/8249\/revisions"}],"predecessor-version":[{"id":11365,"href":"https:\/\/cancerfertilityandme.org.uk\/pt-pt\/wp-json\/wp\/v2\/pages\/8249\/revisions\/11365"}],"up":[{"embeddable":true,"href":"https:\/\/cancerfertilityandme.org.uk\/pt-pt\/wp-json\/wp\/v2\/pages\/8247"}],"wp:attachment":[{"href":"https:\/\/cancerfertilityandme.org.uk\/pt-pt\/wp-json\/wp\/v2\/media?parent=8249"}],"curies":[{"name":"wp","href":"https:\/\/api.w.org\/{rel}","templated":true}]}}