{"id":8248,"date":"2023-04-03T09:43:08","date_gmt":"2023-04-03T09:43:08","guid":{"rendered":"https:\/\/cancerfertilityandme.org.uk\/contracepcao-durante-o-tratamento-do-cancro\/"},"modified":"2026-03-26T15:33:48","modified_gmt":"2026-03-26T15:33:48","slug":"contracepcao-durante-o-tratamento-do-cancro","status":"publish","type":"page","link":"https:\/\/cancerfertilityandme.org.uk\/pt-pt\/mulheres-jovens\/contracepcao-e-planejamento-familiar\/contracepcao-durante-o-tratamento-do-cancro\/","title":{"rendered":"Contracep\u00e7\u00e3o durante o tratamento do cancro"},"content":{"rendered":"\t\t<div data-elementor-type=\"wp-page\" data-elementor-id=\"8248\" class=\"elementor elementor-8248 elementor-7789\" data-elementor-post-type=\"page\">\n\t\t\t\t<main class=\"elementor-element elementor-element-b042ccd e-flex e-con-boxed e-con e-parent\" data-id=\"b042ccd\" data-element_type=\"container\" data-e-type=\"container\">\n\t\t\t\t\t<div class=\"e-con-inner\">\n\t\t<div class=\"elementor-element elementor-element-198b410d e-con-full e-flex e-con e-child\" data-id=\"198b410d\" data-element_type=\"container\" data-e-type=\"container\">\n\t\t\t\t<div class=\"elementor-element elementor-element-469d4c3c elementor-widget elementor-widget-text-editor\" data-id=\"469d4c3c\" data-element_type=\"widget\" data-e-type=\"widget\" data-widget_type=\"text-editor.default\">\n\t\t\t\t<div class=\"elementor-widget-container\">\n\t\t\t\t\t\t\t\t\t<h2>Contracep\u00e7\u00e3o durante o tratamento do cancro<\/h2><p>As mulheres s\u00e3o fortemente aconselhadas a n\u00e3o engravidar durante o tratamento do cancro. Isto porque os tratamentos contra o cancro podem danificar o feto nas primeiras fases de desenvolvimento. Mesmo que a sua menstrua\u00e7\u00e3o pare durante o tratamento, isso n\u00e3o significa que n\u00e3o possa engravidar.  <\/p><p>Se for sexualmente activa, deve utilizar um m\u00e9todo contraceptivo confi\u00e1vel durante o tratamento do cancro.<\/p><p>O diagrama abaixo, mostra-lhe os diferentes tipos de contracep\u00e7\u00e3o a considerar.<\/p><p>Recomenda-se que as mulheres que est\u00e3o a fazer tratamentos hormonais utilizem m\u00e9todos contraceptivos n\u00e3o hormonais. Estes incluem os preservativos, os preservativos femininos e os diafragmas. A p\u00edlula contraceptiva \u00e9 menos frequentemente aconselhada a mulheres com cancros sens\u00edveis aos horm\u00f4nios. Isto porque existe a possibilidade dos horm\u00f4nios da p\u00edlula contraceptiva estimularem as c\u00e9lulas cancer\u00edgenas remanescentes.  <\/p><p>\u00c9 aconselh\u00e1vel que discuta estes diferentes m\u00e9todos de contracep\u00e7\u00e3o com a sua equipa de tratamento do cancro. A equipa pode encaminh\u00e1-la para uma cl\u00ednica de planeamento familiar ou para o seu m\u00e9dico de fam\u00edlia, que a poder\u00e1 aconselhar melhor.<\/p>\t\t\t\t\t\t\t\t<\/div>\n\t\t\t\t<\/div>\n\t\t\t\t<div class=\"elementor-element elementor-element-adec29e elementor-widget elementor-widget-image\" data-id=\"adec29e\" data-element_type=\"widget\" data-e-type=\"widget\" data-widget_type=\"image.default\">\n\t\t\t\t<div class=\"elementor-widget-container\">\n\t\t\t\t\t\t\t\t\t\t\t\t\t\t\t<img fetchpriority=\"high\" decoding=\"async\" width=\"800\" height=\"323\" src=\"https:\/\/cancerfertilityandme.org.uk\/wp-content\/uploads\/PT-05-3-1024x413.png\" class=\"attachment-large size-large wp-image-11326\" alt=\"\" srcset=\"https:\/\/cancerfertilityandme.org.uk\/wp-content\/uploads\/PT-05-3-1024x413.png 1024w, https:\/\/cancerfertilityandme.org.uk\/wp-content\/uploads\/PT-05-3-300x121.png 300w, https:\/\/cancerfertilityandme.org.uk\/wp-content\/uploads\/PT-05-3-768x310.png 768w, https:\/\/cancerfertilityandme.org.uk\/wp-content\/uploads\/PT-05-3.png 1028w\" sizes=\"(max-width: 800px) 100vw, 800px\" \/>\t\t\t\t\t\t\t\t\t\t\t\t\t\t\t<\/div>\n\t\t\t\t<\/div>\n\t\t\t\t<div class=\"elementor-element elementor-element-19b142b elementor-widget elementor-widget-text-editor\" data-id=\"19b142b\" data-element_type=\"widget\" data-e-type=\"widget\" data-widget_type=\"text-editor.default\">\n\t\t\t\t<div class=\"elementor-widget-container\">\n\t\t\t\t\t\t\t\t\t<p><strong>As perguntas seguintes podem ajud\u00e1-la a discutir sobre contracep\u00e7\u00e3o com a sua equipa oncol\u00f3gica ou com o seu m\u00e9dico de fam\u00edlia:<\/strong><\/p><ul><li>Qual \u00e9 o melhor contraceptivo para mim durante o meu tratamento oncol\u00f3gico?<\/li><li>Durante quanto tempo terei de utilizar este contraceptivo?<\/li><li>Preciso de utilizar m\u00e9todos contraceptivos n\u00e3o hormonais para o meu tipo de cancro?<\/li><li>Se n\u00e3o tiver menstrua\u00e7\u00e3o durante o tratamento do cancro, devo continuar a usar contraceptivos?<\/li><li>Se eu optar por n\u00e3o usar contraceptivos e engravidar durante o tratamento do cancro, isso afectar\u00e1 a mim ou ao meu feto?<\/li><\/ul>\t\t\t\t\t\t\t\t<\/div>\n\t\t\t\t<\/div>\n\t\t\t\t<\/div>\n\t\t<div class=\"elementor-element elementor-element-131e76f e-con-full e-flex e-con e-child\" data-id=\"131e76f\" data-element_type=\"container\" data-e-type=\"container\">\n\t\t<div class=\"elementor-element elementor-element-d518d99 e-con-full e-flex e-con e-child\" data-id=\"d518d99\" data-element_type=\"container\" data-e-type=\"container\">\n\t\t\t\t<div class=\"elementor-element elementor-element-7955a705 elementor-widget elementor-widget-image\" data-id=\"7955a705\" data-element_type=\"widget\" data-e-type=\"widget\" data-widget_type=\"image.default\">\n\t\t\t\t<div class=\"elementor-widget-container\">\n\t\t\t\t\t\t\t\t\t\t\t\t\t\t\t\t<a href=\"http:\/\/.\/\">\n\t\t\t\t\t\t\t<img decoding=\"async\" width=\"200\" height=\"200\" src=\"https:\/\/cancerfertilityandme.org.uk\/wp-content\/uploads\/cancerfertilityandme-logo-header-young-women.png\" class=\"attachment-full size-full wp-image-331\" alt=\"\" srcset=\"https:\/\/cancerfertilityandme.org.uk\/wp-content\/uploads\/cancerfertilityandme-logo-header-young-women.png 200w, https:\/\/cancerfertilityandme.org.uk\/wp-content\/uploads\/cancerfertilityandme-logo-header-young-women-150x150.png 150w, https:\/\/cancerfertilityandme.org.uk\/wp-content\/uploads\/elementor\/thumbs\/cancerfertilityandme-logo-header-young-women-r4vfcv1ro149or8nkxzol3x986uodd6lq6no4gpb6w.png 100w\" sizes=\"(max-width: 200px) 100vw, 200px\" \/>\t\t\t\t\t\t\t\t<\/a>\n\t\t\t\t\t\t\t\t\t\t\t\t\t\t\t<\/div>\n\t\t\t\t<\/div>\n\t\t\t\t<\/div>\n\t\t<div class=\"elementor-element elementor-element-4bd55399 e-con-full e-flex e-con e-child\" data-id=\"4bd55399\" data-element_type=\"container\" data-e-type=\"container\">\n\t\t\t\t<div class=\"elementor-element elementor-element-48e9316a elementor-widget elementor-widget-heading\" data-id=\"48e9316a\" data-element_type=\"widget\" data-e-type=\"widget\" data-widget_type=\"heading.default\">\n\t\t\t\t<div class=\"elementor-widget-container\">\n\t\t\t\t\t<h3 class=\"elementor-heading-title elementor-size-default\">Para mais informa\u00e7\u00f5es, siga estes links<\/h3>\t\t\t\t<\/div>\n\t\t\t\t<\/div>\n\t\t\t\t<div class=\"elementor-element elementor-element-53401bde elementor-nav-menu--dropdown-none elementor-widget elementor-widget-nav-menu\" data-id=\"53401bde\" data-element_type=\"widget\" data-e-type=\"widget\" data-settings=\"{&quot;layout&quot;:&quot;vertical&quot;,&quot;submenu_icon&quot;:{&quot;value&quot;:&quot;&lt;svg aria-hidden=\\&quot;true\\&quot; class=\\&quot;e-font-icon-svg e-fas-caret-down\\&quot; viewBox=\\&quot;0 0 320 512\\&quot; xmlns=\\&quot;http:\\\/\\\/www.w3.org\\\/2000\\\/svg\\&quot;&gt;&lt;path d=\\&quot;M31.3 192h257.3c17.8 0 26.7 21.5 14.1 34.1L174.1 354.8c-7.8 7.8-20.5 7.8-28.3 0L17.2 226.1C4.6 213.5 13.5 192 31.3 192z\\&quot;&gt;&lt;\\\/path&gt;&lt;\\\/svg&gt;&quot;,&quot;library&quot;:&quot;fa-solid&quot;}}\" data-widget_type=\"nav-menu.default\">\n\t\t\t\t<div class=\"elementor-widget-container\">\n\t\t\t\t\t\t\t\t<nav aria-label=\"Menu\" class=\"elementor-nav-menu--main elementor-nav-menu__container elementor-nav-menu--layout-vertical e--pointer-none\">\n\t\t\t\t<ul id=\"menu-1-53401bde\" class=\"elementor-nav-menu sm-vertical\"><li class=\"menu-item menu-item-type-post_type menu-item-object-page menu-item-8508\"><a href=\"https:\/\/cancerfertilityandme.org.uk\/young-women\/contraception-and-family-planning\/\" class=\"elementor-item\">Contracep\u00e7\u00e3o e planeamento familiar<\/a><\/li>\n<li class=\"menu-item menu-item-type-post_type menu-item-object-page menu-item-8509\"><a href=\"https:\/\/cancerfertilityandme.org.uk\/young-women\/contraception-and-family-planning\/contraception-during-cancer-treatment\/\" class=\"elementor-item\">Contracep\u00e7\u00e3o durante o tratamento do cancro<\/a><\/li>\n<li class=\"menu-item menu-item-type-post_type menu-item-object-page menu-item-8510\"><a href=\"https:\/\/cancerfertilityandme.org.uk\/young-women\/contraception-and-family-planning\/family-planning-decisions-after-cancer-treatment\/\" class=\"elementor-item\">Decis\u00f5es de planeamento familiar ap\u00f3s o tratamento do cancro<\/a><\/li>\n<\/ul>\t\t\t<\/nav>\n\t\t\t\t\t\t<nav class=\"elementor-nav-menu--dropdown elementor-nav-menu__container\" aria-hidden=\"true\">\n\t\t\t\t<ul id=\"menu-2-53401bde\" class=\"elementor-nav-menu sm-vertical\"><li class=\"menu-item menu-item-type-post_type menu-item-object-page menu-item-8508\"><a href=\"https:\/\/cancerfertilityandme.org.uk\/young-women\/contraception-and-family-planning\/\" class=\"elementor-item\" tabindex=\"-1\">Contracep\u00e7\u00e3o e planeamento familiar<\/a><\/li>\n<li class=\"menu-item menu-item-type-post_type menu-item-object-page menu-item-8509\"><a href=\"https:\/\/cancerfertilityandme.org.uk\/young-women\/contraception-and-family-planning\/contraception-during-cancer-treatment\/\" class=\"elementor-item\" tabindex=\"-1\">Contracep\u00e7\u00e3o durante o tratamento do cancro<\/a><\/li>\n<li class=\"menu-item menu-item-type-post_type menu-item-object-page menu-item-8510\"><a href=\"https:\/\/cancerfertilityandme.org.uk\/young-women\/contraception-and-family-planning\/family-planning-decisions-after-cancer-treatment\/\" class=\"elementor-item\" tabindex=\"-1\">Decis\u00f5es de planeamento familiar ap\u00f3s o tratamento do cancro<\/a><\/li>\n<\/ul>\t\t\t<\/nav>\n\t\t\t\t\t\t<\/div>\n\t\t\t\t<\/div>\n\t\t\t\t<\/div>\n\t\t\t\t<\/div>\n\t\t\t\t\t<\/div>\n\t\t\t\t<\/main>\n\t\t\t\t<\/div>\n\t\t","protected":false},"excerpt":{"rendered":"<p>Contracep\u00e7\u00e3o durante o tratamento do cancro As mulheres s\u00e3o fortemente aconselhadas a n\u00e3o engravidar durante o tratamento do cancro. Isto porque os tratamentos contra o cancro podem danificar o feto nas primeiras fases de desenvolvimento. Mesmo que a sua menstrua\u00e7\u00e3o pare durante o tratamento, isso n\u00e3o significa que n\u00e3o possa engravidar. Se for sexualmente activa, [&hellip;]<\/p>\n","protected":false},"author":1,"featured_media":0,"parent":8247,"menu_order":0,"comment_status":"open","ping_status":"closed","template":"","meta":{"footnotes":""},"class_list":["post-8248","page","type-page","status-publish","hentry"],"_links":{"self":[{"href":"https:\/\/cancerfertilityandme.org.uk\/pt-pt\/wp-json\/wp\/v2\/pages\/8248","targetHints":{"allow":["GET"]}}],"collection":[{"href":"https:\/\/cancerfertilityandme.org.uk\/pt-pt\/wp-json\/wp\/v2\/pages"}],"about":[{"href":"https:\/\/cancerfertilityandme.org.uk\/pt-pt\/wp-json\/wp\/v2\/types\/page"}],"author":[{"embeddable":true,"href":"https:\/\/cancerfertilityandme.org.uk\/pt-pt\/wp-json\/wp\/v2\/users\/1"}],"replies":[{"embeddable":true,"href":"https:\/\/cancerfertilityandme.org.uk\/pt-pt\/wp-json\/wp\/v2\/comments?post=8248"}],"version-history":[{"count":4,"href":"https:\/\/cancerfertilityandme.org.uk\/pt-pt\/wp-json\/wp\/v2\/pages\/8248\/revisions"}],"predecessor-version":[{"id":11342,"href":"https:\/\/cancerfertilityandme.org.uk\/pt-pt\/wp-json\/wp\/v2\/pages\/8248\/revisions\/11342"}],"up":[{"embeddable":true,"href":"https:\/\/cancerfertilityandme.org.uk\/pt-pt\/wp-json\/wp\/v2\/pages\/8247"}],"wp:attachment":[{"href":"https:\/\/cancerfertilityandme.org.uk\/pt-pt\/wp-json\/wp\/v2\/media?parent=8248"}],"curies":[{"name":"wp","href":"https:\/\/api.w.org\/{rel}","templated":true}]}}