{"id":8246,"date":"2023-04-03T09:37:20","date_gmt":"2023-04-03T09:37:20","guid":{"rendered":"https:\/\/cancerfertilityandme.org.uk\/resumo-das-opcoes\/"},"modified":"2026-02-05T17:05:08","modified_gmt":"2026-02-05T17:05:08","slug":"resumo-das-opcoes","status":"publish","type":"page","link":"https:\/\/cancerfertilityandme.org.uk\/pt-pt\/mulheres-jovens\/opcoes-de-preservacao-da-fertilidade-2\/resumo-das-opcoes\/","title":{"rendered":"Resumo das op\u00e7\u00f5es"},"content":{"rendered":"\t\t<div data-elementor-type=\"wp-page\" data-elementor-id=\"8246\" class=\"elementor elementor-8246 elementor-7787\" data-elementor-post-type=\"page\">\n\t\t\t\t<main class=\"elementor-element elementor-element-bb6f8c8 e-flex e-con-boxed e-con e-parent\" data-id=\"bb6f8c8\" data-element_type=\"container\" data-e-type=\"container\">\n\t\t\t\t\t<div class=\"e-con-inner\">\n\t\t<div class=\"elementor-element elementor-element-31d7576f e-con-full e-flex e-con e-child\" data-id=\"31d7576f\" data-element_type=\"container\" data-e-type=\"container\">\n\t\t\t\t<div class=\"elementor-element elementor-element-71be500d elementor-widget elementor-widget-text-editor\" data-id=\"71be500d\" data-element_type=\"widget\" data-e-type=\"widget\" data-widget_type=\"text-editor.default\">\n\t\t\t\t<div class=\"elementor-widget-container\">\n\t\t\t\t\t\t\t\t\t<h2>Resumo das op\u00e7\u00f5es de preserva\u00e7\u00e3o da fertilidade<\/h2>\t\t\t\t\t\t\t\t<\/div>\n\t\t\t\t<\/div>\n\t\t<div class=\"elementor-element elementor-element-17242a8f e-con-full e-flex e-con e-child\" data-id=\"17242a8f\" data-element_type=\"container\" data-e-type=\"container\" data-settings=\"{&quot;background_background&quot;:&quot;classic&quot;}\">\n\t\t\t\t<div class=\"elementor-element elementor-element-7a624f47 elementor-widget elementor-widget-text-editor\" data-id=\"7a624f47\" data-element_type=\"widget\" data-e-type=\"widget\" data-widget_type=\"text-editor.default\">\n\t\t\t\t<div class=\"elementor-widget-container\">\n\t\t\t\t\t\t\t\t\t<h2 style=\"text-align: center;\">Sem preserva\u00e7\u00e3o da fertilidade<\/h2><hr><p><strong>A quem se destina?<\/strong><\/p><p>Mulheres que querem esperar para ver; j\u00e1 constitu\u00edram fam\u00edlia; precisam de come\u00e7ar imediatamente o tratamento do cancro; n\u00e3o desejam ter uma gravidez, ap\u00f3s o tratamento do cancro; n\u00e3o t\u00eam op\u00e7\u00f5es de preserva\u00e7\u00e3o da fertilidade dispon\u00edveis.<\/p><p><strong>Probabilidade de ter um beb\u00e9<\/strong><\/p><p>Vari\u00e1vel. Depende da forma como os seus ov\u00e1rios foram afectados pelo tratamento do cancro. <\/p><p><strong>Efeito na sa\u00fade do beb\u00e9<\/strong><\/p><p>Sem efeito.<\/p><p><strong>Efeitos secund\u00e1rios do tratamento de fertilidade<\/strong><\/p><p>N\u00e3o existem efeitos secund\u00e1rios do tratamento de fertilidade.<\/p><p><strong>Atraso no in\u00edcio do tratamento do cancro<\/strong><\/p><p>N\u00e3o h\u00e1 atraso.<\/p><p><strong>Efeito no retorno do cancro<\/strong><\/p><p>Sem efeito.<\/p>\t\t\t\t\t\t\t\t<\/div>\n\t\t\t\t<\/div>\n\t\t\t\t<\/div>\n\t\t<div class=\"elementor-element elementor-element-1046368 e-con-full e-flex e-con e-child\" data-id=\"1046368\" data-element_type=\"container\" data-e-type=\"container\" data-settings=\"{&quot;background_background&quot;:&quot;classic&quot;}\">\n\t\t\t\t<div class=\"elementor-element elementor-element-8bc7445 elementor-widget elementor-widget-text-editor\" data-id=\"8bc7445\" data-element_type=\"widget\" data-e-type=\"widget\" data-widget_type=\"text-editor.default\">\n\t\t\t\t<div class=\"elementor-widget-container\">\n\t\t\t\t\t\t\t\t\t<h2 style=\"text-align: center;\">Congelamento de \u00f3vulos<\/h2><hr><p><strong>A quem se destina?<\/strong><\/p><p>Mulheres que n\u00e3o t\u00eam um parceiro; n\u00e3o querem usar esperma de doador; n\u00e3o escolhem o congelamento de embri\u00f5es, devido \u00e0s suas cren\u00e7as; t\u00eam tempo para fazer um ciclo de tratamento de fertilidade, antes de iniciar o tratamento do cancro.<\/p><p><strong>Probabilidade de ter um beb\u00e9<\/strong><\/p><p>Vari\u00e1vel. As mulheres com menos de 35 anos que armazenam 10 \u00f3vulos t\u00eam aproximadamente 40% de hip\u00f3teses de ter um beb\u00e9.  As mulheres com mais de 35 anos t\u00eam menos chances.<\/p><p><strong>Efeito na sa\u00fade do beb\u00e9<\/strong><\/p><p>N\u00e3o h\u00e1 dados que indiquem que a sa\u00fade do beb\u00e9 ser\u00e1 afetada.<\/p><p><strong>Efeitos secund\u00e1rios do tratamento de fertilidade<\/strong><\/p><p>Dores de cabe\u00e7a, altera\u00e7\u00f5es de humor, ondas de calor e irrita\u00e7\u00e3o da pele; os n\u00edveis da hormona estrog\u00e9nio aumentam (n\u00e3o \u00e9 seguro para as mulheres que t\u00eam um cancro da mama sens\u00edvel aos estrog\u00e9nios); possibilidade de infec\u00e7\u00e3o ou hemorragia; danos noutras estruturas p\u00e9lvicas (n\u00e3o \u00e9 seguro para as mulheres com cancro p\u00e9lvico).<\/p><p><strong>Atraso no in\u00edcio do tratamento do cancro<\/strong><\/p><p>Cerca de tr\u00eas semanas.<\/p><p><strong>Effect on the cancer coming back<\/strong><\/p><p>N\u00e3o h\u00e1 dados que indiquem que isto afecte as possibilidades do cancro voltar.<\/p>\t\t\t\t\t\t\t\t<\/div>\n\t\t\t\t<\/div>\n\t\t\t\t<\/div>\n\t\t<div class=\"elementor-element elementor-element-ccfa96b e-con-full e-flex e-con e-child\" data-id=\"ccfa96b\" data-element_type=\"container\" data-e-type=\"container\" data-settings=\"{&quot;background_background&quot;:&quot;classic&quot;}\">\n\t\t\t\t<div class=\"elementor-element elementor-element-d839781 elementor-widget elementor-widget-text-editor\" data-id=\"d839781\" data-element_type=\"widget\" data-e-type=\"widget\" data-widget_type=\"text-editor.default\">\n\t\t\t\t<div class=\"elementor-widget-container\">\n\t\t\t\t\t\t\t\t\t<h2 style=\"text-align: center;\">Congelamento de embri\u00f5es<\/h2><hr><p><strong>A quem se destina?<\/strong><\/p><p>Mulheres que t\u00eam tempo para fazer um ciclo de tratamento de fertilidade antes de iniciar o tratamento do cancro; mulheres com um parceiro masculino, uma vez que s\u00e3o necess\u00e1rios \u00f3vulos e esperma para a fertiliza\u00e7\u00e3o.<\/p><p><strong>Probabilidade de ter um beb\u00e9<\/strong><\/p><p>Vari\u00e1vel. Mulheres jovens com menos de 35 anos que armazenam 10 \u00f3vulos t\u00eam aproximadamente 50% de chance de ter um beb\u00ea. As mulheres com mais de 35 anos t\u00eam menos chances.  As mulheres com mais de 35 anos t\u00eam menos chances.<\/p><p><strong>Efeito na sa\u00fade do beb\u00e9<\/strong><\/p><p>N\u00e3o h\u00e1 dados que indiquem que a sa\u00fade do beb\u00e9 ser\u00e1 afetada.<\/p><p><strong>Efeitos secund\u00e1rios do tratamento de fertilidade<\/strong><\/p><p>Dores de cabe\u00e7a, altera\u00e7\u00f5es de humor, ondas de calor e irrita\u00e7\u00e3o da pele; os n\u00edveis da hormona estrog\u00e9nio aumentam (n\u00e3o \u00e9 seguro para as mulheres que t\u00eam um cancro da mama sens\u00edvel aos estrog\u00e9nios); possibilidade de infec\u00e7\u00e3o ou hemorragia; danos noutras estruturas p\u00e9lvicas (n\u00e3o \u00e9 seguro para as mulheres com cancro p\u00e9lvico).<\/p><p><strong>Atraso no in\u00edcio do tratamento do cancro<\/strong><\/p><p>Cerca de tr\u00eas semanas.<\/p><p><strong>Efeito no retorno do cancro<\/strong><\/p><p>N\u00e3o h\u00e1 dados que indiquem que isto afecte as possibilidades do cancro voltar.<\/p>\t\t\t\t\t\t\t\t<\/div>\n\t\t\t\t<\/div>\n\t\t\t\t<\/div>\n\t\t<div class=\"elementor-element elementor-element-334a91e e-con-full e-flex e-con e-child\" data-id=\"334a91e\" data-element_type=\"container\" data-e-type=\"container\" data-settings=\"{&quot;background_background&quot;:&quot;classic&quot;}\">\n\t\t\t\t<div class=\"elementor-element elementor-element-e571999 elementor-widget elementor-widget-text-editor\" data-id=\"e571999\" data-element_type=\"widget\" data-e-type=\"widget\" data-widget_type=\"text-editor.default\">\n\t\t\t\t<div class=\"elementor-widget-container\">\n\t\t\t\t\t\t\t\t\t<h2 style=\"text-align: center;\">Congelamento do tecido do ov\u00e1rio<\/h2><hr><p><strong>A quem se destina?<\/strong><\/p><p>Mulheres que n\u00e3o t\u00eam tempo para congelar embri\u00f5es ou \u00f3vulos; que n\u00e3o podem utilizar medicamentos para a fertilidade; que preferem a possibilidade de concep\u00e7\u00e3o natural mais tarde; raparigas que ainda n\u00e3o atingiram a puberdade.<\/p><p><strong>Probabilidade de ter um beb\u00e9<\/strong><\/p><p>M\u00e9todo mais recente de preserva\u00e7\u00e3o da fertilidade. Taxas de nascidos vivos de cerca de 25 em 100 (25%) em todo o mundo. <\/p><p><strong>Efeito na sa\u00fade do beb\u00e9<\/strong><\/p><p>N\u00e3o h\u00e1 dados que indiquem que a sa\u00fade do beb\u00e9 ser\u00e1 afetada.<\/p><p><strong>Efeitos secund\u00e1rios do tratamento de fertilidade<\/strong><\/p><p>Envolve cirurgia, pelo que existe a possibilidade de danificar a bexiga ou o intestino; possibilidade de infec\u00e7\u00e3o ou sangramento. Risco de o tecido poder conter c\u00e9lulas cancer\u00edgenas. Antes da utiliza\u00e7\u00e3o do tecido, este ser\u00e1 analisado para detectar c\u00e9lulas cancer\u00edgenas, pelo que poder\u00e1 n\u00e3o poder ser auto transplantado.  <\/p><p><strong>Atraso no in\u00edcio do tratamento do cancro<\/strong><\/p><p>Up to a few days.<\/p><p><strong>Efeito no retorno do cancro<\/strong><\/p><p>N\u00e3o h\u00e1 dados que indiquem que isto afecte as possibilidades do cancro voltar.<\/p>\t\t\t\t\t\t\t\t<\/div>\n\t\t\t\t<\/div>\n\t\t\t\t<\/div>\n\t\t<div class=\"elementor-element elementor-element-e4356e6 e-con-full e-flex e-con e-child\" data-id=\"e4356e6\" data-element_type=\"container\" data-e-type=\"container\" data-settings=\"{&quot;background_background&quot;:&quot;classic&quot;}\">\n\t\t\t\t<div class=\"elementor-element elementor-element-1142578 elementor-widget elementor-widget-text-editor\" data-id=\"1142578\" data-element_type=\"widget\" data-e-type=\"widget\" data-widget_type=\"text-editor.default\">\n\t\t\t\t<div class=\"elementor-widget-container\">\n\t\t\t\t\t\t\t\t\t<h2 style=\"text-align: center;\">Supress\u00e3o dos ov\u00e1rios<\/h2><hr><p><strong>A quem se destina?<\/strong><\/p><p>Mulheres submetidas a quimioterapia; raparigas que tenham atingido a puberdade.<\/p><p><strong>Probabilidade de ter um beb\u00e9<\/strong><\/p><p>N\u00e3o \u00e9 claro se este m\u00e9todo torna mais prov\u00e1vel que consiga ter um beb\u00e9 ap\u00f3s o tratamento.<\/p><p><strong>Efeito na sa\u00fade do beb\u00e9<\/strong><\/p><p>No data to suggest health of baby will be affected.<\/p><p><strong>Efeitos secund\u00e1rios do tratamento de fertilidade<\/strong><\/p><p>Afrontamentos; altera\u00e7\u00f5es de humor; dificuldade em dormir; secura vaginal.<\/p><p><strong>Atraso no in\u00edcio do tratamento do cancro<\/strong><\/p><p>N\u00e3o h\u00e1 atraso.<\/p><p><strong>Efeito no retorno do cancro<\/strong><\/p><p>Sem efeito.<\/p>\t\t\t\t\t\t\t\t<\/div>\n\t\t\t\t<\/div>\n\t\t\t\t<\/div>\n\t\t\t\t<\/div>\n\t\t<div class=\"elementor-element elementor-element-c66c18e e-con-full e-flex e-con e-child\" data-id=\"c66c18e\" data-element_type=\"container\" data-e-type=\"container\">\n\t\t<div class=\"elementor-element elementor-element-55ee779d e-con-full e-flex e-con e-child\" data-id=\"55ee779d\" data-element_type=\"container\" data-e-type=\"container\">\n\t\t\t\t<div class=\"elementor-element elementor-element-3513e626 elementor-widget elementor-widget-image\" data-id=\"3513e626\" data-element_type=\"widget\" data-e-type=\"widget\" data-widget_type=\"image.default\">\n\t\t\t\t<div class=\"elementor-widget-container\">\n\t\t\t\t\t\t\t\t\t\t\t\t\t\t\t\t<a href=\"http:\/\/.\/\">\n\t\t\t\t\t\t\t<img decoding=\"async\" width=\"200\" height=\"200\" src=\"https:\/\/cancerfertilityandme.org.uk\/wp-content\/uploads\/cancerfertilityandme-logo-header-young-women.png\" class=\"attachment-full size-full wp-image-331\" alt=\"\" srcset=\"https:\/\/cancerfertilityandme.org.uk\/wp-content\/uploads\/cancerfertilityandme-logo-header-young-women.png 200w, https:\/\/cancerfertilityandme.org.uk\/wp-content\/uploads\/cancerfertilityandme-logo-header-young-women-150x150.png 150w, https:\/\/cancerfertilityandme.org.uk\/wp-content\/uploads\/elementor\/thumbs\/cancerfertilityandme-logo-header-young-women-r4vfcv1ro149or8nkxzol3x986uodd6lq6no4gpb6w.png 100w\" sizes=\"(max-width: 200px) 100vw, 200px\" \/>\t\t\t\t\t\t\t\t<\/a>\n\t\t\t\t\t\t\t\t\t\t\t\t\t\t\t<\/div>\n\t\t\t\t<\/div>\n\t\t\t\t<\/div>\n\t\t<div class=\"elementor-element elementor-element-320573dd e-con-full e-flex e-con e-child\" data-id=\"320573dd\" data-element_type=\"container\" data-e-type=\"container\">\n\t\t\t\t<div class=\"elementor-element elementor-element-26768a1 elementor-widget elementor-widget-heading\" data-id=\"26768a1\" data-element_type=\"widget\" data-e-type=\"widget\" data-widget_type=\"heading.default\">\n\t\t\t\t<div class=\"elementor-widget-container\">\n\t\t\t\t\t<h3 class=\"elementor-heading-title elementor-size-default\">Para mais informa\u00e7\u00f5es, siga estes links<\/h3>\t\t\t\t<\/div>\n\t\t\t\t<\/div>\n\t\t\t\t<div class=\"elementor-element elementor-element-56064d83 elementor-nav-menu--dropdown-none elementor-widget elementor-widget-nav-menu\" data-id=\"56064d83\" data-element_type=\"widget\" data-e-type=\"widget\" data-settings=\"{&quot;layout&quot;:&quot;vertical&quot;,&quot;submenu_icon&quot;:{&quot;value&quot;:&quot;&lt;svg aria-hidden=\\&quot;true\\&quot; class=\\&quot;e-font-icon-svg e-fas-caret-down\\&quot; viewBox=\\&quot;0 0 320 512\\&quot; xmlns=\\&quot;http:\\\/\\\/www.w3.org\\\/2000\\\/svg\\&quot;&gt;&lt;path d=\\&quot;M31.3 192h257.3c17.8 0 26.7 21.5 14.1 34.1L174.1 354.8c-7.8 7.8-20.5 7.8-28.3 0L17.2 226.1C4.6 213.5 13.5 192 31.3 192z\\&quot;&gt;&lt;\\\/path&gt;&lt;\\\/svg&gt;&quot;,&quot;library&quot;:&quot;fa-solid&quot;}}\" data-widget_type=\"nav-menu.default\">\n\t\t\t\t<div class=\"elementor-widget-container\">\n\t\t\t\t\t\t\t\t<nav aria-label=\"Menu\" class=\"elementor-nav-menu--main elementor-nav-menu__container elementor-nav-menu--layout-vertical e--pointer-none\">\n\t\t\t\t<ul id=\"menu-1-56064d83\" class=\"elementor-nav-menu sm-vertical\"><li class=\"menu-item menu-item-type-post_type menu-item-object-page menu-item-8511\"><a href=\"https:\/\/cancerfertilityandme.org.uk\/young-women\/fertility-preservation\/\" class=\"elementor-item\">Preserva\u00e7\u00e3o da fertilidade<\/a><\/li>\n<li class=\"menu-item menu-item-type-post_type menu-item-object-page menu-item-8514\"><a href=\"https:\/\/cancerfertilityandme.org.uk\/young-women\/fertility-preservation\/no-fertility-preservation\/\" class=\"elementor-item\">N\u00e3o preserva\u00e7\u00e3o da fertilidade<\/a><\/li>\n<li class=\"menu-item menu-item-type-post_type menu-item-object-page menu-item-8512\"><a href=\"https:\/\/cancerfertilityandme.org.uk\/young-women\/fertility-preservation\/egg-freezing\/\" class=\"elementor-item\">Congelamento de ovulos<\/a><\/li>\n<li class=\"menu-item menu-item-type-post_type menu-item-object-page menu-item-8513\"><a href=\"https:\/\/cancerfertilityandme.org.uk\/young-women\/fertility-preservation\/embryo-freezing\/\" class=\"elementor-item\">Congelamento de embri\u00f5es<\/a><\/li>\n<li class=\"menu-item menu-item-type-post_type menu-item-object-page menu-item-8518\"><a href=\"https:\/\/cancerfertilityandme.org.uk\/young-women\/fertility-preservation\/ovarian-tissue-freezing\/\" class=\"elementor-item\">Congelamento de tecido ovariano<\/a><\/li>\n<li class=\"menu-item menu-item-type-post_type menu-item-object-page menu-item-8515\"><a href=\"https:\/\/cancerfertilityandme.org.uk\/young-women\/fertility-preservation\/ovarian-suppression\/\" class=\"elementor-item\">Supress\u00e3o dos ov\u00e1rios<\/a><\/li>\n<li class=\"menu-item menu-item-type-post_type menu-item-object-page menu-item-8519\"><a href=\"https:\/\/cancerfertilityandme.org.uk\/young-women\/fertility-preservation\/fertility-sparing-procedures\/\" class=\"elementor-item\">Op\u00e7\u00f5es de preserva\u00e7\u00e3o da fertilidade espec\u00edficas do cancro<\/a><\/li>\n<li class=\"menu-item menu-item-type-post_type menu-item-object-page menu-item-8520\"><a href=\"https:\/\/cancerfertilityandme.org.uk\/young-women\/fertility-preservation\/financial-costs\/\" class=\"elementor-item\">Custos financeiros<\/a><\/li>\n<li class=\"menu-item menu-item-type-post_type menu-item-object-page menu-item-8521\"><a href=\"https:\/\/cancerfertilityandme.org.uk\/young-women\/fertility-preservation\/summary-of-options\/\" class=\"elementor-item\">Resumo das op\u00e7\u00f5es<\/a><\/li>\n<li class=\"menu-item menu-item-type-post_type menu-item-object-page menu-item-8522\"><a href=\"https:\/\/cancerfertilityandme.org.uk\/young-women\/fertility-preservation\/questions-to-ask-about-fertility-preservation\/\" class=\"elementor-item\">Perguntas a fazer sobre a preserva\u00e7\u00e3o da fertilidade<\/a><\/li>\n<\/ul>\t\t\t<\/nav>\n\t\t\t\t\t\t<nav class=\"elementor-nav-menu--dropdown elementor-nav-menu__container\" aria-hidden=\"true\">\n\t\t\t\t<ul id=\"menu-2-56064d83\" class=\"elementor-nav-menu sm-vertical\"><li class=\"menu-item menu-item-type-post_type menu-item-object-page menu-item-8511\"><a href=\"https:\/\/cancerfertilityandme.org.uk\/young-women\/fertility-preservation\/\" class=\"elementor-item\" tabindex=\"-1\">Preserva\u00e7\u00e3o da fertilidade<\/a><\/li>\n<li class=\"menu-item menu-item-type-post_type menu-item-object-page menu-item-8514\"><a href=\"https:\/\/cancerfertilityandme.org.uk\/young-women\/fertility-preservation\/no-fertility-preservation\/\" class=\"elementor-item\" tabindex=\"-1\">N\u00e3o preserva\u00e7\u00e3o da fertilidade<\/a><\/li>\n<li class=\"menu-item menu-item-type-post_type menu-item-object-page menu-item-8512\"><a href=\"https:\/\/cancerfertilityandme.org.uk\/young-women\/fertility-preservation\/egg-freezing\/\" class=\"elementor-item\" tabindex=\"-1\">Congelamento de ovulos<\/a><\/li>\n<li class=\"menu-item menu-item-type-post_type menu-item-object-page menu-item-8513\"><a href=\"https:\/\/cancerfertilityandme.org.uk\/young-women\/fertility-preservation\/embryo-freezing\/\" class=\"elementor-item\" tabindex=\"-1\">Congelamento de embri\u00f5es<\/a><\/li>\n<li class=\"menu-item menu-item-type-post_type menu-item-object-page menu-item-8518\"><a href=\"https:\/\/cancerfertilityandme.org.uk\/young-women\/fertility-preservation\/ovarian-tissue-freezing\/\" class=\"elementor-item\" tabindex=\"-1\">Congelamento de tecido ovariano<\/a><\/li>\n<li class=\"menu-item menu-item-type-post_type menu-item-object-page menu-item-8515\"><a href=\"https:\/\/cancerfertilityandme.org.uk\/young-women\/fertility-preservation\/ovarian-suppression\/\" class=\"elementor-item\" tabindex=\"-1\">Supress\u00e3o dos ov\u00e1rios<\/a><\/li>\n<li class=\"menu-item menu-item-type-post_type menu-item-object-page menu-item-8519\"><a href=\"https:\/\/cancerfertilityandme.org.uk\/young-women\/fertility-preservation\/fertility-sparing-procedures\/\" class=\"elementor-item\" tabindex=\"-1\">Op\u00e7\u00f5es de preserva\u00e7\u00e3o da fertilidade espec\u00edficas do cancro<\/a><\/li>\n<li class=\"menu-item menu-item-type-post_type menu-item-object-page menu-item-8520\"><a href=\"https:\/\/cancerfertilityandme.org.uk\/young-women\/fertility-preservation\/financial-costs\/\" class=\"elementor-item\" tabindex=\"-1\">Custos financeiros<\/a><\/li>\n<li class=\"menu-item menu-item-type-post_type menu-item-object-page menu-item-8521\"><a href=\"https:\/\/cancerfertilityandme.org.uk\/young-women\/fertility-preservation\/summary-of-options\/\" class=\"elementor-item\" tabindex=\"-1\">Resumo das op\u00e7\u00f5es<\/a><\/li>\n<li class=\"menu-item menu-item-type-post_type menu-item-object-page menu-item-8522\"><a href=\"https:\/\/cancerfertilityandme.org.uk\/young-women\/fertility-preservation\/questions-to-ask-about-fertility-preservation\/\" class=\"elementor-item\" tabindex=\"-1\">Perguntas a fazer sobre a preserva\u00e7\u00e3o da fertilidade<\/a><\/li>\n<\/ul>\t\t\t<\/nav>\n\t\t\t\t\t\t<\/div>\n\t\t\t\t<\/div>\n\t\t\t\t<\/div>\n\t\t\t\t<\/div>\n\t\t\t\t\t<\/div>\n\t\t\t\t<\/main>\n\t\t\t\t<\/div>\n\t\t","protected":false},"excerpt":{"rendered":"<p>Resumo das op\u00e7\u00f5es de preserva\u00e7\u00e3o da fertilidade Sem preserva\u00e7\u00e3o da fertilidade A quem se destina? Mulheres que querem esperar para ver; j\u00e1 constitu\u00edram fam\u00edlia; precisam de come\u00e7ar imediatamente o tratamento do cancro; n\u00e3o desejam ter uma gravidez, ap\u00f3s o tratamento do cancro; n\u00e3o t\u00eam op\u00e7\u00f5es de preserva\u00e7\u00e3o da fertilidade dispon\u00edveis. Probabilidade de ter um beb\u00e9 [&hellip;]<\/p>\n","protected":false},"author":1,"featured_media":0,"parent":8232,"menu_order":0,"comment_status":"open","ping_status":"closed","template":"","meta":{"footnotes":""},"class_list":["post-8246","page","type-page","status-publish","hentry"],"_links":{"self":[{"href":"https:\/\/cancerfertilityandme.org.uk\/pt-pt\/wp-json\/wp\/v2\/pages\/8246","targetHints":{"allow":["GET"]}}],"collection":[{"href":"https:\/\/cancerfertilityandme.org.uk\/pt-pt\/wp-json\/wp\/v2\/pages"}],"about":[{"href":"https:\/\/cancerfertilityandme.org.uk\/pt-pt\/wp-json\/wp\/v2\/types\/page"}],"author":[{"embeddable":true,"href":"https:\/\/cancerfertilityandme.org.uk\/pt-pt\/wp-json\/wp\/v2\/users\/1"}],"replies":[{"embeddable":true,"href":"https:\/\/cancerfertilityandme.org.uk\/pt-pt\/wp-json\/wp\/v2\/comments?post=8246"}],"version-history":[{"count":2,"href":"https:\/\/cancerfertilityandme.org.uk\/pt-pt\/wp-json\/wp\/v2\/pages\/8246\/revisions"}],"predecessor-version":[{"id":10220,"href":"https:\/\/cancerfertilityandme.org.uk\/pt-pt\/wp-json\/wp\/v2\/pages\/8246\/revisions\/10220"}],"up":[{"embeddable":true,"href":"https:\/\/cancerfertilityandme.org.uk\/pt-pt\/wp-json\/wp\/v2\/pages\/8232"}],"wp:attachment":[{"href":"https:\/\/cancerfertilityandme.org.uk\/pt-pt\/wp-json\/wp\/v2\/media?parent=8246"}],"curies":[{"name":"wp","href":"https:\/\/api.w.org\/{rel}","templated":true}]}}