{"id":8238,"date":"2023-04-02T16:28:37","date_gmt":"2023-04-02T16:28:37","guid":{"rendered":"https:\/\/cancerfertilityandme.org.uk\/congelamento-do-tecido-do-ovario\/"},"modified":"2026-02-03T15:24:36","modified_gmt":"2026-02-03T15:24:36","slug":"congelamento-do-tecido-do-ovario","status":"publish","type":"page","link":"https:\/\/cancerfertilityandme.org.uk\/pt-pt\/mulheres-jovens\/opcoes-de-preservacao-da-fertilidade-2\/congelamento-do-tecido-do-ovario\/","title":{"rendered":"Congelamento de tecido ovariano"},"content":{"rendered":"\t\t<div data-elementor-type=\"wp-page\" data-elementor-id=\"8238\" class=\"elementor elementor-8238 elementor-7755\" data-elementor-post-type=\"page\">\n\t\t\t\t<main class=\"elementor-element elementor-element-2c043234 e-flex e-con-boxed e-con e-parent\" data-id=\"2c043234\" data-element_type=\"container\" data-e-type=\"container\">\n\t\t\t\t\t<div class=\"e-con-inner\">\n\t\t<div class=\"elementor-element elementor-element-7e729515 e-con-full e-flex e-con e-child\" data-id=\"7e729515\" data-element_type=\"container\" data-e-type=\"container\">\n\t\t\t\t<div class=\"elementor-element elementor-element-74f6a54a elementor-widget elementor-widget-text-editor\" data-id=\"74f6a54a\" data-element_type=\"widget\" data-e-type=\"widget\" data-widget_type=\"text-editor.default\">\n\t\t\t\t<div class=\"elementor-widget-container\">\n\t\t\t\t\t\t\t\t\t<h2>Congelamento de tecido ovariano<\/h2><p><strong>O tecido ovariano, que cont\u00e9m muitos \u00f3vulos imaturos s\u00e3o retirados e congelado. Ap\u00f3s o tratamento do cancro, o tecido pode ent\u00e3o ser reintroduzido no organismo para permitir o desenvolvimento dos \u00f3vulos. O tecido pode ser coletado antes e durante a quimioterapia, mas trata-se de um m\u00e9todo mais recente de preserva\u00e7\u00e3o da fertilidade, pelo que, atualmente, n\u00e3o est\u00e1 dispon\u00edvel em todas as cl\u00ednicas de fertilidade.  <\/strong><\/p><p><strong>A quem se destina?<\/strong><\/p><p>Mulheres jovens que desejam preservar a sua fertilidade e:<\/p><ul><li>N\u00e3o tem tempo para congelar \u00f3vulos ou embri\u00f5es<\/li><li>Que n\u00e3o podem utilizar medicamentos para a fertilidade.<\/li><\/ul><p>Depois de o tecido ovariano ser substitu\u00eddo, pode restabelecer a sua produ\u00e7\u00e3o hormonal e os seus ciclos normais, e pode permitir a possibilidade de engravidar naturalmente.<\/p><p>Tamb\u00e9m \u00e9 adequado para raparigas, que ainda n\u00e3o atingiram a puberdade. \u00c9 necess\u00e1rio um cuidado especial nas mulheres com um cancro do sangue, como a leucemia. Isto porque existe a possibilidade de reintroduzir c\u00e9lulas cancer\u00edgenas no organismo, atrav\u00e9s do tecido ov\u00e1rico congelado. Isto \u00e9 particularmente importante para os doentes que tiveram leucemia e algumas formas de linfoma em que as c\u00e9lulas cancer\u00edgenas circulam no sangue.  <\/p><p><strong>O que \u00e9 que isso implica?<\/strong><\/p><p>Ter\u00e1 de ser submetida a uma cirurgia de \u201ckey hole\u201d sob anestesia geral. Ser-lhe-\u00e1 retirado um ov\u00e1rio ou parte de um ov\u00e1rio para que a camada exterior (o c\u00f3rtex), que cont\u00e9m os \u00f3vulos imaturos, possa ser congelada. As mulheres podem regressar a casa no mesmo dia da interven\u00e7\u00e3o.  <\/p><p>Como o congelamento de tecido ovariano envolve, apenas a mulher, n\u00e3o \u00e9 necess\u00e1rio o consentimento do seu parceiro ou dos seus pais para utilizar o tecido armazenado no futuro. N\u00e3o h\u00e1 limite superior para quanto tempo o tecido ovariano congelado pode ser armazenado. <\/p><p><strong>Qual \u00e9 a probabilidade de ter um beb\u00e9 ap\u00f3s a congelamento de tecido ov\u00e1rico?<\/strong><\/p><p>\u00c9 dif\u00edcil saber ao certo qual \u00e9 a probabilidade do congelamento de tecido ovariano resultar num nascimento com vida.<\/p><p>Como se trata de um tratamento recente, o n\u00famero de pacientes com cancro que utilizaram o seu tecido congelado para ter um beb\u00e9 \u00e9 reduzido. No entanto, os dados mostram que o congelamento de tecido ovariano dar\u00e1 a uma jovem uma chance de 25 em 100 (25%) de ter um beb\u00ea. Para obter mais informa\u00e7\u00f5es sobre as taxas m\u00e9dias nacionais de sucesso e o n\u00famero de nascidos vivos bem-sucedidos para cada cl\u00ednica de fertilidade licenciada, visite o site da HFEA <a href=\"https:\/\/www.hfea.gov.uk\/\" target=\"_blank\" rel=\"noopener\">www.hfea.gov.uk<\/a>. A HFEA n\u00e3o regula o armazenamento de tecidos e n\u00e3o tem informa\u00e7\u00f5es sobre o armazenamento de tecidos no seu s\u00edtio Web   <\/p><p><strong>Esta op\u00e7\u00e3o ir\u00e1 afectar a sa\u00fade do beb\u00e9?<\/strong><\/p><p>N\u00e3o, os dados sugerem que a sa\u00fade de um beb\u00e9 nascido com tecido ov\u00e1rico congelado n\u00e3o ser\u00e1 afectada.<\/p><p><strong>Existem efeitos secund\u00e1rios do tratamento utilizado no congela\u00e7\u00e3o de tecido ov\u00e1rico?<\/strong><\/p><p>Pode haver a possibilidade de sangramento e infec\u00e7\u00e3o e de danos na bexiga e no intestino durante a cirurgia para remover o tecido ovariano.<\/p><p><strong>Esta op\u00e7\u00e3o ir\u00e1 atrasar o in\u00edcio do meu tratamento contra o cancro?<\/strong><\/p><p>O procedimento \u00e9, na sua maioria, realizado durante um dia (sem necessidade de pernoitar no hospital) e n\u00e3o causar\u00e1 nenhum atraso no tratamento do cancro. No entanto, em alguns casos, pode demorar at\u00e9 alguns dias. <\/p><p><strong>Esta op\u00e7\u00e3o afectar\u00e1 as minhas chances do cancro voltar?<\/strong><\/p><p>Em alguns tipos de cancro, como a leucemia, pode haver a possibilidade do tecido ovariano ser contaminado com c\u00e9lulas cancer\u00edgenas. N\u00e3o existem casos de reaparecimento de um cancro, devido \u00e0 utiliza\u00e7\u00e3o de tecido ovariano que tenha sido reintroduzido no organismo. <\/p>\t\t\t\t\t\t\t\t<\/div>\n\t\t\t\t<\/div>\n\t\t\t\t<\/div>\n\t\t<div class=\"elementor-element elementor-element-1a0e4f9d e-con-full e-flex e-con e-child\" data-id=\"1a0e4f9d\" data-element_type=\"container\" data-e-type=\"container\">\n\t\t<div class=\"elementor-element elementor-element-2781ca4d e-con-full e-flex e-con e-child\" data-id=\"2781ca4d\" data-element_type=\"container\" data-e-type=\"container\">\n\t\t\t\t<div class=\"elementor-element elementor-element-4aaae53f elementor-widget elementor-widget-image\" data-id=\"4aaae53f\" data-element_type=\"widget\" data-e-type=\"widget\" data-widget_type=\"image.default\">\n\t\t\t\t<div class=\"elementor-widget-container\">\n\t\t\t\t\t\t\t\t\t\t\t\t\t\t\t\t<a href=\"http:\/\/.\/\">\n\t\t\t\t\t\t\t<img decoding=\"async\" width=\"200\" height=\"200\" src=\"https:\/\/cancerfertilityandme.org.uk\/wp-content\/uploads\/cancerfertilityandme-logo-header-young-women.png\" class=\"attachment-full size-full wp-image-331\" alt=\"\" srcset=\"https:\/\/cancerfertilityandme.org.uk\/wp-content\/uploads\/cancerfertilityandme-logo-header-young-women.png 200w, https:\/\/cancerfertilityandme.org.uk\/wp-content\/uploads\/cancerfertilityandme-logo-header-young-women-150x150.png 150w, https:\/\/cancerfertilityandme.org.uk\/wp-content\/uploads\/elementor\/thumbs\/cancerfertilityandme-logo-header-young-women-r4vfcv1ro149or8nkxzol3x986uodd6lq6no4gpb6w.png 100w\" sizes=\"(max-width: 200px) 100vw, 200px\" \/>\t\t\t\t\t\t\t\t<\/a>\n\t\t\t\t\t\t\t\t\t\t\t\t\t\t\t<\/div>\n\t\t\t\t<\/div>\n\t\t\t\t<\/div>\n\t\t<div class=\"elementor-element elementor-element-3c3efc5 e-con-full e-flex e-con e-child\" data-id=\"3c3efc5\" data-element_type=\"container\" data-e-type=\"container\">\n\t\t\t\t<div class=\"elementor-element elementor-element-3a9941c elementor-widget elementor-widget-heading\" data-id=\"3a9941c\" data-element_type=\"widget\" data-e-type=\"widget\" data-widget_type=\"heading.default\">\n\t\t\t\t<div class=\"elementor-widget-container\">\n\t\t\t\t\t<h3 class=\"elementor-heading-title elementor-size-default\">Para mais informa\u00e7\u00f5es, siga estes links<\/h3>\t\t\t\t<\/div>\n\t\t\t\t<\/div>\n\t\t\t\t<div class=\"elementor-element elementor-element-6812e43a elementor-nav-menu--dropdown-none elementor-widget elementor-widget-nav-menu\" data-id=\"6812e43a\" data-element_type=\"widget\" data-e-type=\"widget\" data-settings=\"{&quot;layout&quot;:&quot;vertical&quot;,&quot;submenu_icon&quot;:{&quot;value&quot;:&quot;&lt;svg aria-hidden=\\&quot;true\\&quot; class=\\&quot;e-font-icon-svg e-fas-caret-down\\&quot; viewBox=\\&quot;0 0 320 512\\&quot; xmlns=\\&quot;http:\\\/\\\/www.w3.org\\\/2000\\\/svg\\&quot;&gt;&lt;path d=\\&quot;M31.3 192h257.3c17.8 0 26.7 21.5 14.1 34.1L174.1 354.8c-7.8 7.8-20.5 7.8-28.3 0L17.2 226.1C4.6 213.5 13.5 192 31.3 192z\\&quot;&gt;&lt;\\\/path&gt;&lt;\\\/svg&gt;&quot;,&quot;library&quot;:&quot;fa-solid&quot;}}\" data-widget_type=\"nav-menu.default\">\n\t\t\t\t<div class=\"elementor-widget-container\">\n\t\t\t\t\t\t\t\t<nav aria-label=\"Menu\" class=\"elementor-nav-menu--main elementor-nav-menu__container elementor-nav-menu--layout-vertical e--pointer-none\">\n\t\t\t\t<ul id=\"menu-1-6812e43a\" class=\"elementor-nav-menu sm-vertical\"><li class=\"menu-item menu-item-type-post_type menu-item-object-page menu-item-8511\"><a href=\"https:\/\/cancerfertilityandme.org.uk\/young-women\/fertility-preservation\/\" class=\"elementor-item\">Preserva\u00e7\u00e3o da fertilidade<\/a><\/li>\n<li class=\"menu-item menu-item-type-post_type menu-item-object-page menu-item-8514\"><a href=\"https:\/\/cancerfertilityandme.org.uk\/young-women\/fertility-preservation\/no-fertility-preservation\/\" class=\"elementor-item\">N\u00e3o preserva\u00e7\u00e3o da fertilidade<\/a><\/li>\n<li class=\"menu-item menu-item-type-post_type menu-item-object-page menu-item-8512\"><a href=\"https:\/\/cancerfertilityandme.org.uk\/young-women\/fertility-preservation\/egg-freezing\/\" class=\"elementor-item\">Congelamento de ovulos<\/a><\/li>\n<li class=\"menu-item menu-item-type-post_type menu-item-object-page menu-item-8513\"><a href=\"https:\/\/cancerfertilityandme.org.uk\/young-women\/fertility-preservation\/embryo-freezing\/\" class=\"elementor-item\">Congelamento de embri\u00f5es<\/a><\/li>\n<li class=\"menu-item menu-item-type-post_type menu-item-object-page menu-item-8518\"><a href=\"https:\/\/cancerfertilityandme.org.uk\/young-women\/fertility-preservation\/ovarian-tissue-freezing\/\" class=\"elementor-item\">Congelamento de tecido ovariano<\/a><\/li>\n<li class=\"menu-item menu-item-type-post_type menu-item-object-page menu-item-8515\"><a href=\"https:\/\/cancerfertilityandme.org.uk\/young-women\/fertility-preservation\/ovarian-suppression\/\" class=\"elementor-item\">Supress\u00e3o dos ov\u00e1rios<\/a><\/li>\n<li class=\"menu-item menu-item-type-post_type menu-item-object-page menu-item-8519\"><a href=\"https:\/\/cancerfertilityandme.org.uk\/young-women\/fertility-preservation\/fertility-sparing-procedures\/\" class=\"elementor-item\">Op\u00e7\u00f5es de preserva\u00e7\u00e3o da fertilidade espec\u00edficas do cancro<\/a><\/li>\n<li class=\"menu-item menu-item-type-post_type menu-item-object-page menu-item-8520\"><a href=\"https:\/\/cancerfertilityandme.org.uk\/young-women\/fertility-preservation\/financial-costs\/\" class=\"elementor-item\">Custos financeiros<\/a><\/li>\n<li class=\"menu-item menu-item-type-post_type menu-item-object-page menu-item-8521\"><a href=\"https:\/\/cancerfertilityandme.org.uk\/young-women\/fertility-preservation\/summary-of-options\/\" class=\"elementor-item\">Resumo das op\u00e7\u00f5es<\/a><\/li>\n<li class=\"menu-item menu-item-type-post_type menu-item-object-page menu-item-8522\"><a href=\"https:\/\/cancerfertilityandme.org.uk\/young-women\/fertility-preservation\/questions-to-ask-about-fertility-preservation\/\" class=\"elementor-item\">Perguntas a fazer sobre a preserva\u00e7\u00e3o da fertilidade<\/a><\/li>\n<\/ul>\t\t\t<\/nav>\n\t\t\t\t\t\t<nav class=\"elementor-nav-menu--dropdown elementor-nav-menu__container\" aria-hidden=\"true\">\n\t\t\t\t<ul id=\"menu-2-6812e43a\" class=\"elementor-nav-menu sm-vertical\"><li class=\"menu-item menu-item-type-post_type menu-item-object-page menu-item-8511\"><a href=\"https:\/\/cancerfertilityandme.org.uk\/young-women\/fertility-preservation\/\" class=\"elementor-item\" tabindex=\"-1\">Preserva\u00e7\u00e3o da fertilidade<\/a><\/li>\n<li class=\"menu-item menu-item-type-post_type menu-item-object-page menu-item-8514\"><a href=\"https:\/\/cancerfertilityandme.org.uk\/young-women\/fertility-preservation\/no-fertility-preservation\/\" class=\"elementor-item\" tabindex=\"-1\">N\u00e3o preserva\u00e7\u00e3o da fertilidade<\/a><\/li>\n<li class=\"menu-item menu-item-type-post_type menu-item-object-page menu-item-8512\"><a href=\"https:\/\/cancerfertilityandme.org.uk\/young-women\/fertility-preservation\/egg-freezing\/\" class=\"elementor-item\" tabindex=\"-1\">Congelamento de ovulos<\/a><\/li>\n<li class=\"menu-item menu-item-type-post_type menu-item-object-page menu-item-8513\"><a href=\"https:\/\/cancerfertilityandme.org.uk\/young-women\/fertility-preservation\/embryo-freezing\/\" class=\"elementor-item\" tabindex=\"-1\">Congelamento de embri\u00f5es<\/a><\/li>\n<li class=\"menu-item menu-item-type-post_type menu-item-object-page menu-item-8518\"><a href=\"https:\/\/cancerfertilityandme.org.uk\/young-women\/fertility-preservation\/ovarian-tissue-freezing\/\" class=\"elementor-item\" tabindex=\"-1\">Congelamento de tecido ovariano<\/a><\/li>\n<li class=\"menu-item menu-item-type-post_type menu-item-object-page menu-item-8515\"><a href=\"https:\/\/cancerfertilityandme.org.uk\/young-women\/fertility-preservation\/ovarian-suppression\/\" class=\"elementor-item\" tabindex=\"-1\">Supress\u00e3o dos ov\u00e1rios<\/a><\/li>\n<li class=\"menu-item menu-item-type-post_type menu-item-object-page menu-item-8519\"><a href=\"https:\/\/cancerfertilityandme.org.uk\/young-women\/fertility-preservation\/fertility-sparing-procedures\/\" class=\"elementor-item\" tabindex=\"-1\">Op\u00e7\u00f5es de preserva\u00e7\u00e3o da fertilidade espec\u00edficas do cancro<\/a><\/li>\n<li class=\"menu-item menu-item-type-post_type menu-item-object-page menu-item-8520\"><a href=\"https:\/\/cancerfertilityandme.org.uk\/young-women\/fertility-preservation\/financial-costs\/\" class=\"elementor-item\" tabindex=\"-1\">Custos financeiros<\/a><\/li>\n<li class=\"menu-item menu-item-type-post_type menu-item-object-page menu-item-8521\"><a href=\"https:\/\/cancerfertilityandme.org.uk\/young-women\/fertility-preservation\/summary-of-options\/\" class=\"elementor-item\" tabindex=\"-1\">Resumo das op\u00e7\u00f5es<\/a><\/li>\n<li class=\"menu-item menu-item-type-post_type menu-item-object-page menu-item-8522\"><a href=\"https:\/\/cancerfertilityandme.org.uk\/young-women\/fertility-preservation\/questions-to-ask-about-fertility-preservation\/\" class=\"elementor-item\" tabindex=\"-1\">Perguntas a fazer sobre a preserva\u00e7\u00e3o da fertilidade<\/a><\/li>\n<\/ul>\t\t\t<\/nav>\n\t\t\t\t\t\t<\/div>\n\t\t\t\t<\/div>\n\t\t\t\t<\/div>\n\t\t\t\t<\/div>\n\t\t\t\t\t<\/div>\n\t\t\t\t<\/main>\n\t\t\t\t<\/div>\n\t\t","protected":false},"excerpt":{"rendered":"<p>Congelamento de tecido ovariano O tecido ovariano, que cont\u00e9m muitos \u00f3vulos imaturos s\u00e3o retirados e congelado. Ap\u00f3s o tratamento do cancro, o tecido pode ent\u00e3o ser reintroduzido no organismo para permitir o desenvolvimento dos \u00f3vulos. O tecido pode ser coletado antes e durante a quimioterapia, mas trata-se de um m\u00e9todo mais recente de preserva\u00e7\u00e3o da [&hellip;]<\/p>\n","protected":false},"author":1,"featured_media":0,"parent":8232,"menu_order":0,"comment_status":"open","ping_status":"closed","template":"","meta":{"footnotes":""},"class_list":["post-8238","page","type-page","status-publish","hentry"],"_links":{"self":[{"href":"https:\/\/cancerfertilityandme.org.uk\/pt-pt\/wp-json\/wp\/v2\/pages\/8238","targetHints":{"allow":["GET"]}}],"collection":[{"href":"https:\/\/cancerfertilityandme.org.uk\/pt-pt\/wp-json\/wp\/v2\/pages"}],"about":[{"href":"https:\/\/cancerfertilityandme.org.uk\/pt-pt\/wp-json\/wp\/v2\/types\/page"}],"author":[{"embeddable":true,"href":"https:\/\/cancerfertilityandme.org.uk\/pt-pt\/wp-json\/wp\/v2\/users\/1"}],"replies":[{"embeddable":true,"href":"https:\/\/cancerfertilityandme.org.uk\/pt-pt\/wp-json\/wp\/v2\/comments?post=8238"}],"version-history":[{"count":3,"href":"https:\/\/cancerfertilityandme.org.uk\/pt-pt\/wp-json\/wp\/v2\/pages\/8238\/revisions"}],"predecessor-version":[{"id":10172,"href":"https:\/\/cancerfertilityandme.org.uk\/pt-pt\/wp-json\/wp\/v2\/pages\/8238\/revisions\/10172"}],"up":[{"embeddable":true,"href":"https:\/\/cancerfertilityandme.org.uk\/pt-pt\/wp-json\/wp\/v2\/pages\/8232"}],"wp:attachment":[{"href":"https:\/\/cancerfertilityandme.org.uk\/pt-pt\/wp-json\/wp\/v2\/media?parent=8238"}],"curies":[{"name":"wp","href":"https:\/\/api.w.org\/{rel}","templated":true}]}}