{"id":8236,"date":"2023-04-02T16:26:55","date_gmt":"2023-04-02T16:26:55","guid":{"rendered":"https:\/\/cancerfertilityandme.org.uk\/congelamento-de-embrioes\/"},"modified":"2026-02-03T12:11:25","modified_gmt":"2026-02-03T12:11:25","slug":"congelamento-de-embrioes","status":"publish","type":"page","link":"https:\/\/cancerfertilityandme.org.uk\/pt-pt\/mulheres-jovens\/opcoes-de-preservacao-da-fertilidade-2\/congelamento-de-embrioes\/","title":{"rendered":"Congelamento de embri\u00f5es"},"content":{"rendered":"\t\t<div data-elementor-type=\"wp-page\" data-elementor-id=\"8236\" class=\"elementor elementor-8236 elementor-7753\" data-elementor-post-type=\"page\">\n\t\t\t\t<main class=\"elementor-element elementor-element-3921228b e-flex e-con-boxed e-con e-parent\" data-id=\"3921228b\" data-element_type=\"container\" data-e-type=\"container\">\n\t\t\t\t\t<div class=\"e-con-inner\">\n\t\t<div class=\"elementor-element elementor-element-64c428c e-con-full e-flex e-con e-child\" data-id=\"64c428c\" data-element_type=\"container\" data-e-type=\"container\">\n\t\t\t\t<div class=\"elementor-element elementor-element-68b74dc8 elementor-widget elementor-widget-text-editor\" data-id=\"68b74dc8\" data-element_type=\"widget\" data-e-type=\"widget\" data-widget_type=\"text-editor.default\">\n\t\t\t\t<div class=\"elementor-widget-container\">\n\t\t\t\t\t\t\t\t\t<h2>Congelamento de embri\u00f5es<\/h2><p>Esta op\u00e7\u00e3o significa que os \u00f3vulos maduros s\u00e3o retirados do ov\u00e1rio da mulher e fertilizados com espermatozoides, atrav\u00e9s da fertiliza\u00e7\u00e3o in vitro (FIV). Esta op\u00e7\u00e3o \u00e9 realizada num laborat\u00f3rio. Os \u00f3vulos fertilizados (embri\u00f5es) s\u00e3o depois congelados e armazenados para utiliza\u00e7\u00e3o futura. Quando a mulher est\u00e1 pronta para engravidar, os embri\u00f5es armazenados s\u00e3o novamente colocados no \u00fatero.   <\/p><p><strong>A quem se destina?<\/strong><\/p><p>Mulheres que j\u00e1 passaram pela puberdade, e:<\/p><ul><li>Ter tempo para fazer um ciclo de tratamento de fertilidade, antes de iniciar o tratamento do cancro.<\/li><li>Tenha um parceiro masculino, uma vez que s\u00e3o necess\u00e1rios ambos os \u00f3vulos e espermatozoides para que o \u00f3vulo seja fertilizado.<\/li><\/ul><p><strong>O que \u00e9 que isso implica?<\/strong><\/p><p>Ter\u00e1 de tomar inje\u00e7\u00f5es de horm\u00f4nios para estimular os ov\u00e1rios (estimula\u00e7\u00e3o ovariana) durante cerca de 2 semanas. Os \u00f3vulos s\u00e3o, ent\u00e3o recolhidos atrav\u00e9s de uma agulha fina que atravessa a parede da sua vagina at\u00e9 aos ov\u00e1rios. Esta opera\u00e7\u00e3o \u00e9 efectuada sob seda\u00e7\u00e3o e poder\u00e1 regressar a casa algumas horas mais tarde.  <\/p><p>Se voc\u00ea estiver em um relacionamento, crie e armazene um embri\u00e3o com seu parceiro, voc\u00ea precisar\u00e1 do consentimento de seu parceiro, antes que os embri\u00f5es possam ser usados. Isto \u00e9 importante, porque se mais tarde se separarem, ele pode n\u00e3o querer que utilize os embri\u00f5es armazenados. <\/p><p>Se n\u00e3o tiver um parceiro masculino, a utiliza\u00e7\u00e3o de esperma de um doador \u00e9 uma op\u00e7\u00e3o. Neste caso, n\u00e3o precisa do consentimento do doador para utilizar o embri\u00e3o no futuro. Os embri\u00f5es congelados podem ser armazenados durante 10 anos. Nalgumas situa\u00e7\u00f5es, este per\u00edodo pode ser aumentado por per\u00edodos de 10 anos (at\u00e9 55 anos no total).  <\/p><p><strong>Qual \u00e9 a probabilidade de ter um beb\u00e9 ap\u00f3s a congela\u00e7\u00e3o de embri\u00f5es?<\/strong><\/p><p>O n\u00famero de pacientes com cancro que utilizaram embri\u00f5es congelados \u00e9 reduzido. \u00c9 dif\u00edcil saber ao certo qual \u00e9 a probabilidade de a congelamento de embri\u00f5es resultar num nascimento com vida.<\/p><p>A maior parte dos dados prov\u00e9m de mulheres sem cancro que utilizaram um embri\u00e3o congelado para ter um beb\u00e9.<\/p><p>A probabilidade de sucesso da congelamento de embri\u00f5es, depende do n\u00famero de \u00f3vulos obtidos, uma vez que estes s\u00e3o fertilizados para dar origem a embri\u00f5es, antes de serem congelados. Se uma jovem com menos de 35 anos tiver dez \u00f3vulos obtidos e fertilizados para formar embri\u00f5es, isso lhe d\u00e1 uma chance de 5 em 10 (50%) de ter um beb\u00ea. A probabilidade de ter um beb\u00e9, ap\u00f3s a congelamento de embri\u00f5es, depende de uma s\u00e9rie de factores.  <\/p><p>A sua idade no momento da coleta dos \u00f3vulos. As mulheres com menos de 35 anos de idade t\u00eam uma maior probabilidade.<\/p><ul><li>O n\u00famero de \u00f3vulos coletados.<\/li><li>O n\u00famero e a qualidade dos embri\u00f5es congelados.<\/li><li>A sa\u00fade dos espermatozoides do seu parceiro.<\/li><li>A cl\u00ednica de fertilidade onde foi efectuada a congelamento de embri\u00f5es.<\/li><\/ul><p>Para obter mais informa\u00e7\u00f5es sobre as taxas de sucesso m\u00e9dias nacionais e o n\u00famero de nados-vivos bem sucedidos para cada cl\u00ednica de fertilidade licenciada, visite o s\u00edtio Web da HFEA <a href=\"https:\/\/www.hfea.gov.uk\/\" target=\"_blank\" rel=\"noopener\">www.hfea.gov.uk<\/a>.<\/p><p><strong>Esta op\u00e7\u00e3o ir\u00e1 afectar a sa\u00fade do beb\u00e9?<\/strong><\/p><p>N\u00e3o, os dados sugerem que a sa\u00fade de um beb\u00e9 nascido com \u00f3vulos congelados n\u00e3o ser\u00e1 afectada.<\/p><p><strong>Existem efeitos secund\u00e1rios do tratamento de fertilidade utilizado no congelamento de embri\u00f5es?<\/strong><\/p><p>Os medicamentos para a fertilidade utilizados para estimular os ov\u00e1rios podem causar efeitos colaterais, como dores de cabe\u00e7a, altera\u00e7\u00f5es de humor, ondas de calor e irrita\u00e7\u00e3o da pele. Os medicamentos para fertilidade, tamb\u00e9m podem fazer com que os ov\u00e1rios respondam excessivamente e isso pode levar a uma condi\u00e7\u00e3o chamada OHSS Uma vez iniciado o tratamento, \u00e9 aconselh\u00e1vel que informe a sua equipa de cuidado de fertilidade sobre os sintomas desta doen\u00e7a e sobre como contact\u00e1-la, em caso de necessidade.  <\/p><p>Quando os ov\u00e1rios s\u00e3o estimulados a produzir muitos \u00f3vulos, os n\u00edveis do horm\u00f4nio estrog\u00e9nio aumentam. Isto pode ser um risco para as mulheres que t\u00eam um cancro da mama sens\u00edvel aos estrog\u00e9nios. A estas mulheres podem ser administrado um medicamento chamado Letrozole (Femara).  <\/p><p>No momento da coleta dos \u00f3vulos, existe a possibilidade de hemorragia, infec\u00e7\u00e3o e perfura\u00e7\u00e3o do intestino, mas isto \u00e9 raro.<\/p><p>Pode haver um risco para as mulheres com cancros p\u00e9lvicos, em que pode haver um derrame de c\u00e9lulas cancer\u00edgenas do ov\u00e1rio para o abd\u00f3men, ap\u00f3s a coleta dos \u00f3vulos.<\/p><p>Se for substitu\u00eddo mais do que um embri\u00e3o, existe a possibilidade de nascimentos m\u00faltiplos (g\u00e9meos, trig\u00e9meos). Todas as gravidezes t\u00eam um risco de aborto espont\u00e2neo e de gravidez ect\u00f3pica (uma gravidez fora do \u00fatero). <\/p><p>A FIV pode ser f\u00edsica e emocionalmente desgastante e a gravidez pode n\u00e3o ocorrer.<\/p><p><strong>Esta op\u00e7\u00e3o ir\u00e1 atrasar o in\u00edcio do meu tratamento contra o cancro?<\/strong><\/p><p>Demora cerca de duas semanas desde o in\u00edcio da estimula\u00e7\u00e3o ovariana, at\u00e9 ao momento da coleta dos \u00f3vulos. O tempo antes do in\u00edcio da estimula\u00e7\u00e3o pode ser diferente, consoante a fase do ciclo menstrual em que a mulher se encontra. <\/p><p>O congelamento de embri\u00f5es pode n\u00e3o ser uma op\u00e7\u00e3o para mulheres jovens com certos tipos de c\u00e2ncer (por exemplo, leucemia), porque elas podem precisar iniciar o tratamento do c\u00e2ncer imediatamente.<br>Se tiver OHSS, isso pode causar um atraso maior no in\u00edcio do tratamento do cancro.<\/p><p><strong>Esta op\u00e7\u00e3o afectar\u00e1 as minhas chances do cancro voltar?<\/strong><\/p><p>N\u00e3o h\u00e1 dados que sugiram que o congelamento de embri\u00f5es afete a chance de c\u00e2ncer crescer ou retornar.<br><\/p>\t\t\t\t\t\t\t\t<\/div>\n\t\t\t\t<\/div>\n\t\t\t\t<\/div>\n\t\t<div class=\"elementor-element elementor-element-1a21ec4f e-con-full e-flex e-con e-child\" data-id=\"1a21ec4f\" data-element_type=\"container\" data-e-type=\"container\">\n\t\t<div class=\"elementor-element elementor-element-1530b0ac e-con-full e-flex e-con e-child\" data-id=\"1530b0ac\" data-element_type=\"container\" data-e-type=\"container\">\n\t\t\t\t<div class=\"elementor-element elementor-element-66dbd65d elementor-widget elementor-widget-image\" data-id=\"66dbd65d\" data-element_type=\"widget\" data-e-type=\"widget\" data-widget_type=\"image.default\">\n\t\t\t\t<div class=\"elementor-widget-container\">\n\t\t\t\t\t\t\t\t\t\t\t\t\t\t\t\t<a href=\"http:\/\/.\/\">\n\t\t\t\t\t\t\t<img decoding=\"async\" width=\"200\" height=\"200\" src=\"https:\/\/cancerfertilityandme.org.uk\/wp-content\/uploads\/cancerfertilityandme-logo-header-young-women.png\" class=\"attachment-full size-full wp-image-331\" alt=\"\" srcset=\"https:\/\/cancerfertilityandme.org.uk\/wp-content\/uploads\/cancerfertilityandme-logo-header-young-women.png 200w, https:\/\/cancerfertilityandme.org.uk\/wp-content\/uploads\/cancerfertilityandme-logo-header-young-women-150x150.png 150w, https:\/\/cancerfertilityandme.org.uk\/wp-content\/uploads\/elementor\/thumbs\/cancerfertilityandme-logo-header-young-women-r4vfcv1ro149or8nkxzol3x986uodd6lq6no4gpb6w.png 100w\" sizes=\"(max-width: 200px) 100vw, 200px\" \/>\t\t\t\t\t\t\t\t<\/a>\n\t\t\t\t\t\t\t\t\t\t\t\t\t\t\t<\/div>\n\t\t\t\t<\/div>\n\t\t\t\t<\/div>\n\t\t<div class=\"elementor-element elementor-element-757e1ba6 e-con-full e-flex e-con e-child\" data-id=\"757e1ba6\" data-element_type=\"container\" data-e-type=\"container\">\n\t\t\t\t<div class=\"elementor-element elementor-element-33e9af33 elementor-widget elementor-widget-heading\" data-id=\"33e9af33\" data-element_type=\"widget\" data-e-type=\"widget\" data-widget_type=\"heading.default\">\n\t\t\t\t<div class=\"elementor-widget-container\">\n\t\t\t\t\t<h3 class=\"elementor-heading-title elementor-size-default\">Para mais informa\u00e7\u00f5es, siga estes links<\/h3>\t\t\t\t<\/div>\n\t\t\t\t<\/div>\n\t\t\t\t<div class=\"elementor-element elementor-element-485aaf1f elementor-nav-menu--dropdown-none elementor-widget elementor-widget-nav-menu\" data-id=\"485aaf1f\" data-element_type=\"widget\" data-e-type=\"widget\" data-settings=\"{&quot;layout&quot;:&quot;vertical&quot;,&quot;submenu_icon&quot;:{&quot;value&quot;:&quot;&lt;svg aria-hidden=\\&quot;true\\&quot; class=\\&quot;e-font-icon-svg e-fas-caret-down\\&quot; viewBox=\\&quot;0 0 320 512\\&quot; xmlns=\\&quot;http:\\\/\\\/www.w3.org\\\/2000\\\/svg\\&quot;&gt;&lt;path d=\\&quot;M31.3 192h257.3c17.8 0 26.7 21.5 14.1 34.1L174.1 354.8c-7.8 7.8-20.5 7.8-28.3 0L17.2 226.1C4.6 213.5 13.5 192 31.3 192z\\&quot;&gt;&lt;\\\/path&gt;&lt;\\\/svg&gt;&quot;,&quot;library&quot;:&quot;fa-solid&quot;}}\" data-widget_type=\"nav-menu.default\">\n\t\t\t\t<div class=\"elementor-widget-container\">\n\t\t\t\t\t\t\t\t<nav aria-label=\"Menu\" class=\"elementor-nav-menu--main elementor-nav-menu__container elementor-nav-menu--layout-vertical e--pointer-none\">\n\t\t\t\t<ul id=\"menu-1-485aaf1f\" class=\"elementor-nav-menu sm-vertical\"><li class=\"menu-item menu-item-type-post_type menu-item-object-page menu-item-8511\"><a href=\"https:\/\/cancerfertilityandme.org.uk\/young-women\/fertility-preservation\/\" class=\"elementor-item\">Preserva\u00e7\u00e3o da fertilidade<\/a><\/li>\n<li class=\"menu-item menu-item-type-post_type menu-item-object-page menu-item-8514\"><a href=\"https:\/\/cancerfertilityandme.org.uk\/young-women\/fertility-preservation\/no-fertility-preservation\/\" class=\"elementor-item\">N\u00e3o preserva\u00e7\u00e3o da fertilidade<\/a><\/li>\n<li class=\"menu-item menu-item-type-post_type menu-item-object-page menu-item-8512\"><a href=\"https:\/\/cancerfertilityandme.org.uk\/young-women\/fertility-preservation\/egg-freezing\/\" class=\"elementor-item\">Congelamento de ovulos<\/a><\/li>\n<li class=\"menu-item menu-item-type-post_type menu-item-object-page menu-item-8513\"><a href=\"https:\/\/cancerfertilityandme.org.uk\/young-women\/fertility-preservation\/embryo-freezing\/\" class=\"elementor-item\">Congelamento de embri\u00f5es<\/a><\/li>\n<li class=\"menu-item menu-item-type-post_type menu-item-object-page menu-item-8518\"><a href=\"https:\/\/cancerfertilityandme.org.uk\/young-women\/fertility-preservation\/ovarian-tissue-freezing\/\" class=\"elementor-item\">Congelamento de tecido ovariano<\/a><\/li>\n<li class=\"menu-item menu-item-type-post_type menu-item-object-page menu-item-8515\"><a href=\"https:\/\/cancerfertilityandme.org.uk\/young-women\/fertility-preservation\/ovarian-suppression\/\" class=\"elementor-item\">Supress\u00e3o dos ov\u00e1rios<\/a><\/li>\n<li class=\"menu-item menu-item-type-post_type menu-item-object-page menu-item-8519\"><a href=\"https:\/\/cancerfertilityandme.org.uk\/young-women\/fertility-preservation\/fertility-sparing-procedures\/\" class=\"elementor-item\">Op\u00e7\u00f5es de preserva\u00e7\u00e3o da fertilidade espec\u00edficas do cancro<\/a><\/li>\n<li class=\"menu-item menu-item-type-post_type menu-item-object-page menu-item-8520\"><a href=\"https:\/\/cancerfertilityandme.org.uk\/young-women\/fertility-preservation\/financial-costs\/\" class=\"elementor-item\">Custos financeiros<\/a><\/li>\n<li class=\"menu-item menu-item-type-post_type menu-item-object-page menu-item-8521\"><a href=\"https:\/\/cancerfertilityandme.org.uk\/young-women\/fertility-preservation\/summary-of-options\/\" class=\"elementor-item\">Resumo das op\u00e7\u00f5es<\/a><\/li>\n<li class=\"menu-item menu-item-type-post_type menu-item-object-page menu-item-8522\"><a href=\"https:\/\/cancerfertilityandme.org.uk\/young-women\/fertility-preservation\/questions-to-ask-about-fertility-preservation\/\" class=\"elementor-item\">Perguntas a fazer sobre a preserva\u00e7\u00e3o da fertilidade<\/a><\/li>\n<\/ul>\t\t\t<\/nav>\n\t\t\t\t\t\t<nav class=\"elementor-nav-menu--dropdown elementor-nav-menu__container\" aria-hidden=\"true\">\n\t\t\t\t<ul id=\"menu-2-485aaf1f\" class=\"elementor-nav-menu sm-vertical\"><li class=\"menu-item menu-item-type-post_type menu-item-object-page menu-item-8511\"><a href=\"https:\/\/cancerfertilityandme.org.uk\/young-women\/fertility-preservation\/\" class=\"elementor-item\" tabindex=\"-1\">Preserva\u00e7\u00e3o da fertilidade<\/a><\/li>\n<li class=\"menu-item menu-item-type-post_type menu-item-object-page menu-item-8514\"><a href=\"https:\/\/cancerfertilityandme.org.uk\/young-women\/fertility-preservation\/no-fertility-preservation\/\" class=\"elementor-item\" tabindex=\"-1\">N\u00e3o preserva\u00e7\u00e3o da fertilidade<\/a><\/li>\n<li class=\"menu-item menu-item-type-post_type menu-item-object-page menu-item-8512\"><a href=\"https:\/\/cancerfertilityandme.org.uk\/young-women\/fertility-preservation\/egg-freezing\/\" class=\"elementor-item\" tabindex=\"-1\">Congelamento de ovulos<\/a><\/li>\n<li class=\"menu-item menu-item-type-post_type menu-item-object-page menu-item-8513\"><a href=\"https:\/\/cancerfertilityandme.org.uk\/young-women\/fertility-preservation\/embryo-freezing\/\" class=\"elementor-item\" tabindex=\"-1\">Congelamento de embri\u00f5es<\/a><\/li>\n<li class=\"menu-item menu-item-type-post_type menu-item-object-page menu-item-8518\"><a href=\"https:\/\/cancerfertilityandme.org.uk\/young-women\/fertility-preservation\/ovarian-tissue-freezing\/\" class=\"elementor-item\" tabindex=\"-1\">Congelamento de tecido ovariano<\/a><\/li>\n<li class=\"menu-item menu-item-type-post_type menu-item-object-page menu-item-8515\"><a href=\"https:\/\/cancerfertilityandme.org.uk\/young-women\/fertility-preservation\/ovarian-suppression\/\" class=\"elementor-item\" tabindex=\"-1\">Supress\u00e3o dos ov\u00e1rios<\/a><\/li>\n<li class=\"menu-item menu-item-type-post_type menu-item-object-page menu-item-8519\"><a href=\"https:\/\/cancerfertilityandme.org.uk\/young-women\/fertility-preservation\/fertility-sparing-procedures\/\" class=\"elementor-item\" tabindex=\"-1\">Op\u00e7\u00f5es de preserva\u00e7\u00e3o da fertilidade espec\u00edficas do cancro<\/a><\/li>\n<li class=\"menu-item menu-item-type-post_type menu-item-object-page menu-item-8520\"><a href=\"https:\/\/cancerfertilityandme.org.uk\/young-women\/fertility-preservation\/financial-costs\/\" class=\"elementor-item\" tabindex=\"-1\">Custos financeiros<\/a><\/li>\n<li class=\"menu-item menu-item-type-post_type menu-item-object-page menu-item-8521\"><a href=\"https:\/\/cancerfertilityandme.org.uk\/young-women\/fertility-preservation\/summary-of-options\/\" class=\"elementor-item\" tabindex=\"-1\">Resumo das op\u00e7\u00f5es<\/a><\/li>\n<li class=\"menu-item menu-item-type-post_type menu-item-object-page menu-item-8522\"><a href=\"https:\/\/cancerfertilityandme.org.uk\/young-women\/fertility-preservation\/questions-to-ask-about-fertility-preservation\/\" class=\"elementor-item\" tabindex=\"-1\">Perguntas a fazer sobre a preserva\u00e7\u00e3o da fertilidade<\/a><\/li>\n<\/ul>\t\t\t<\/nav>\n\t\t\t\t\t\t<\/div>\n\t\t\t\t<\/div>\n\t\t\t\t<\/div>\n\t\t\t\t<\/div>\n\t\t\t\t\t<\/div>\n\t\t\t\t<\/main>\n\t\t\t\t<\/div>\n\t\t","protected":false},"excerpt":{"rendered":"<p>Congelamento de embri\u00f5es Esta op\u00e7\u00e3o significa que os \u00f3vulos maduros s\u00e3o retirados do ov\u00e1rio da mulher e fertilizados com espermatozoides, atrav\u00e9s da fertiliza\u00e7\u00e3o in vitro (FIV). Esta op\u00e7\u00e3o \u00e9 realizada num laborat\u00f3rio. Os \u00f3vulos fertilizados (embri\u00f5es) s\u00e3o depois congelados e armazenados para utiliza\u00e7\u00e3o futura. Quando a mulher est\u00e1 pronta para engravidar, os embri\u00f5es armazenados s\u00e3o [&hellip;]<\/p>\n","protected":false},"author":1,"featured_media":0,"parent":8232,"menu_order":0,"comment_status":"open","ping_status":"closed","template":"","meta":{"footnotes":""},"class_list":["post-8236","page","type-page","status-publish","hentry"],"_links":{"self":[{"href":"https:\/\/cancerfertilityandme.org.uk\/pt-pt\/wp-json\/wp\/v2\/pages\/8236","targetHints":{"allow":["GET"]}}],"collection":[{"href":"https:\/\/cancerfertilityandme.org.uk\/pt-pt\/wp-json\/wp\/v2\/pages"}],"about":[{"href":"https:\/\/cancerfertilityandme.org.uk\/pt-pt\/wp-json\/wp\/v2\/types\/page"}],"author":[{"embeddable":true,"href":"https:\/\/cancerfertilityandme.org.uk\/pt-pt\/wp-json\/wp\/v2\/users\/1"}],"replies":[{"embeddable":true,"href":"https:\/\/cancerfertilityandme.org.uk\/pt-pt\/wp-json\/wp\/v2\/comments?post=8236"}],"version-history":[{"count":2,"href":"https:\/\/cancerfertilityandme.org.uk\/pt-pt\/wp-json\/wp\/v2\/pages\/8236\/revisions"}],"predecessor-version":[{"id":10135,"href":"https:\/\/cancerfertilityandme.org.uk\/pt-pt\/wp-json\/wp\/v2\/pages\/8236\/revisions\/10135"}],"up":[{"embeddable":true,"href":"https:\/\/cancerfertilityandme.org.uk\/pt-pt\/wp-json\/wp\/v2\/pages\/8232"}],"wp:attachment":[{"href":"https:\/\/cancerfertilityandme.org.uk\/pt-pt\/wp-json\/wp\/v2\/media?parent=8236"}],"curies":[{"name":"wp","href":"https:\/\/api.w.org\/{rel}","templated":true}]}}