{"id":8234,"date":"2023-04-02T16:26:01","date_gmt":"2023-04-02T16:26:01","guid":{"rendered":"https:\/\/cancerfertilityandme.org.uk\/congelamento-de-ovulos\/"},"modified":"2026-02-02T12:21:13","modified_gmt":"2026-02-02T12:21:13","slug":"congelamento-de-ovulos","status":"publish","type":"page","link":"https:\/\/cancerfertilityandme.org.uk\/pt-pt\/mulheres-jovens\/opcoes-de-preservacao-da-fertilidade-2\/congelamento-de-ovulos\/","title":{"rendered":"Congelamento de ovulos"},"content":{"rendered":"\t\t<div data-elementor-type=\"wp-page\" data-elementor-id=\"8234\" class=\"elementor elementor-8234 elementor-7751\" data-elementor-post-type=\"page\">\n\t\t\t\t<main class=\"elementor-element elementor-element-5d1c6a0f e-flex e-con-boxed e-con e-parent\" data-id=\"5d1c6a0f\" data-element_type=\"container\" data-e-type=\"container\">\n\t\t\t\t\t<div class=\"e-con-inner\">\n\t\t<div class=\"elementor-element elementor-element-3e5f9a8a e-con-full e-flex e-con e-child\" data-id=\"3e5f9a8a\" data-element_type=\"container\" data-e-type=\"container\">\n\t\t\t\t<div class=\"elementor-element elementor-element-23ff4d9e elementor-widget elementor-widget-text-editor\" data-id=\"23ff4d9e\" data-element_type=\"widget\" data-e-type=\"widget\" data-widget_type=\"text-editor.default\">\n\t\t\t\t<div class=\"elementor-widget-container\">\n\t\t\t\t\t\t\t\t\t<h2>Congelamento de ovulos<\/h2><p><strong>Nesta op\u00e7\u00e3o, os \u00f3vulos maduros s\u00e3o retirados dos ov\u00e1rios e congelados. Este processo \u00e9 por vezes designado por \u201cbanco de \u00f3vulos\u201d. Quando a mulher est\u00e1 pronta para engravidar, os \u00f3vulos armazenados s\u00e3o fecundados com espermatozoides e reintroduzidos no \u00fatero.  <\/strong><\/p><p><strong>A quem se destina?<\/strong><\/p><p>Mulheres que queiram preservar a sua fertilidade e que tenham passado pela puberdade. Pode tamb\u00e9m: <\/p><ul><li>N\u00e3o t\u00eam um parceiro e n\u00e3o quer utilizar esperma de doador.<\/li><li>N\u00e3o quer optar pelo congelamento de embri\u00f5es devido \u00e0s suas cren\u00e7as.<\/li><li>Ter tempo para fazer um ciclo de tratamento de fertilidade, antes de iniciar o tratamento do cancro.<\/li><\/ul><p>Para algumas mulheres que t\u00eam cancro na p\u00e9lvis, pode n\u00e3o ser seguro realizar o congelamento de \u00f3vulos devido a possibilidade de propaga\u00e7\u00e3o do cancro.<\/p><p><strong>O que \u00e9 que isso implica?<\/strong><\/p><p>Ter\u00e1 de tomar inje\u00e7\u00f5es de horm\u00f4nios para estimular os ov\u00e1rios (estimula\u00e7\u00e3o ovariana) durante cerca de 2 semanas. Os \u00f3vulos s\u00e3o, ent\u00e3o recolhidos atrav\u00e9s de uma agulha fina que atravessa a parede da sua vagina at\u00e9 aos ov\u00e1rios. Esta opera\u00e7\u00e3o \u00e9 efectuada sob seda\u00e7\u00e3o e poder\u00e1 regressar a casa algumas horas mais tarde.  <\/p><p>Como o congelamento de \u00f3vulos envolve apenas a mulher, n\u00e3o \u00e9 necess\u00e1rio o consentimento do seu parceiro para utilizar os \u00f3vulos armazenados no futuro. Os \u00f3vulos congelados podem ser armazenados durante 10 anos. Nalgumas situa\u00e7\u00f5es, este per\u00edodo pode ser aumentado por per\u00edodos de 10 anos (at\u00e9 55 anos no total). <\/p><p><strong>Qual \u00e9 a possibilidade de ter um beb\u00e9, ap\u00f3s o congelamento de \u00f3vulos?<\/strong><\/p><p>O n\u00famero de pacientes com cancro que utilizaram \u00f3vulos congelados \u00e9 reduzido. \u00c9 dif\u00edcil saber ao certo qual \u00e9 a probabilidade de a congelamento de \u00f3vulos resultar num nascimento com vida. A maior parte dos dados prov\u00e9m de mulheres sem cancro que utilizaram os seus pr\u00f3prios \u00f3vulos congelados ou \u00f3vulos congelados de doadoras para ter um beb\u00e9. <\/p><p>A probabilidade de ter um beb\u00e9, ap\u00f3s a congelamento de \u00f3vulos, depende de uma s\u00e9rie de factores.<\/p><ul><li>A sua idade no momento da coleta dos \u00f3vulos. As mulheres com menos de 35 anos de idade t\u00eam uma maior probabilidade.<\/li><li>O n\u00famero de \u00f3vulos coletados. As mulheres que t\u00eam mais \u00f3vulos coletados t\u00eam mais hip\u00f3teses.<\/li><li>A cl\u00ednica de fertilidade onde foi efectuada o congelamento de \u00f3vulos.<\/li><li>A utiliza\u00e7\u00e3o do congelamento lento ou vitrifica\u00e7\u00e3o para congelar e armazenar os \u00f3vulos. A vitrifica\u00e7\u00e3o tem uma taxa de sucesso mais elevada.<\/li><\/ul><p>Em geral, se uma mulher jovem com menos de 35 anos tiver 10 \u00f3vulos armazenados, estes dar-lhe-\u00e3o 4 em 10 (40%) hip\u00f3teses de ter um beb\u00e9. Algumas mulheres jovens podem n\u00e3o conseguir congelar at\u00e9 10 \u00f3vulos, o que diminui as chances de ter um beb\u00e9. Tamb\u00e9m, pode ver taxas de sucesso mais baixas noutros locais. Estas taxas de sucesso mais baixas podem ser baseadas num ciclo de tratamento de FIV utilizando menos \u00f3vulos congelados.   <\/p><p>Para obter mais informa\u00e7\u00f5es sobre as taxas m\u00e9dias nacionais de sucesso e o n\u00famero de nascidos vivos bem-sucedidos para cada cl\u00ednica de fertilidade licenciada, visite o site da Autoridade de Fertiliza\u00e7\u00e3o Humana e Embriologia (HFEA) <a href=\"https:\/\/www.hfea.gov.uk\/\" target=\"_blank\" rel=\"noopener\">www.hfea.gov.uk<\/a>.<\/p><p><strong>Esta op\u00e7\u00e3o ir\u00e1 afectar a sa\u00fade do beb\u00e9?<\/strong><\/p><p>N\u00e3o, os dados sugerem que a sa\u00fade de um beb\u00e9 nascido com \u00f3vulos congelados n\u00e3o ser\u00e1 afectada.<\/p><p><strong>Existem efeitos colaterais do tratamento de fertilidade utilizado no congelamento de \u00f3vulos?<\/strong><\/p><p>Os medicamentos para a fertilidade utilizados para estimular os ov\u00e1rios podem causar efeitos colaterais, como dores de cabe\u00e7a, altera\u00e7\u00f5es de humor, ondas de calor e irrita\u00e7\u00e3o da pele. Os medicamentos para a fertilidade, tamb\u00e9m podem provocar uma rea\u00e7\u00e3o excessiva dos ov\u00e1rios, o que pode levar a uma doen\u00e7a chamada S\u00edndrome de Hiper estimula\u00e7\u00e3o Ovariana. Quando come\u00e7ar o tratamento, pergunte \u00e0 sua equipa de cuidado de fertilidade quais os sintomas desta doen\u00e7a e como contact\u00e1-la, se for necess\u00e1rio.  <\/p><p>Quando os ov\u00e1rios s\u00e3o estimulados a produzir muitos \u00f3vulos, os n\u00edveis do horm\u00f4nio estrog\u00e9nio aumentam. Isto pode ser um risco para as mulheres que t\u00eam um cancro da mama sens\u00edvel aos estrog\u00e9nios. A estas mulheres podem ser administrado um medicamento chamado Letrozole (Femara).  <\/p><p>No momento da coleta dos \u00f3vulos, existe a possibilidade de sangramento, infe\u00e7\u00e3o e perfura\u00e7\u00e3o do intestino, mas isto \u00e9 raro.<br>Pode haver um risco para as mulheres com cancros p\u00e9lvicos, em que pode haver um derrame de c\u00e9lulas cancer\u00edgenas do ov\u00e1rio para o abd\u00f3men, ap\u00f3s a coleta dos \u00f3vulos.<\/p><p><strong>Esta op\u00e7\u00e3o ir\u00e1 atrasar o in\u00edcio do meu tratamento contra o cancro?<\/strong><\/p><p>Demora cerca de duas semanas desde o in\u00edcio da estimula\u00e7\u00e3o ovariana, at\u00e9 ao momento da coleta dos \u00f3vulos. O tempo antes do in\u00edcio da estimula\u00e7\u00e3o pode ser diferente, consoante a fase do ciclo menstrual em que a mulher se encontra. <\/p><p>O congelamento de \u00f3vulos pode n\u00e3o ser uma op\u00e7\u00e3o para as mulheres com cancros como a leucemia, alguns linfomas e sarcomas, uma vez que podem necessitar de tratamento imediato. Se tiver OHSS, isso pode causar um atraso maior no in\u00edcio do tratamento do cancro. <\/p><p><strong>Esta op\u00e7\u00e3o afectar\u00e1 as minhas chances do cancro voltar?<\/strong><\/p><p>N\u00e3o existem dados que sugiram que a congelamento de \u00f3vulos afecte as probabilidades do cancro crescer ou voltar.<\/p>\t\t\t\t\t\t\t\t<\/div>\n\t\t\t\t<\/div>\n\t\t\t\t<\/div>\n\t\t<div class=\"elementor-element elementor-element-e43bed7 e-con-full e-flex e-con e-child\" data-id=\"e43bed7\" data-element_type=\"container\" data-e-type=\"container\">\n\t\t<div class=\"elementor-element elementor-element-16240a94 e-con-full e-flex e-con e-child\" data-id=\"16240a94\" data-element_type=\"container\" data-e-type=\"container\">\n\t\t\t\t<div class=\"elementor-element elementor-element-12f97895 elementor-widget elementor-widget-image\" data-id=\"12f97895\" data-element_type=\"widget\" data-e-type=\"widget\" data-widget_type=\"image.default\">\n\t\t\t\t<div class=\"elementor-widget-container\">\n\t\t\t\t\t\t\t\t\t\t\t\t\t\t\t\t<a href=\"http:\/\/.\/\">\n\t\t\t\t\t\t\t<img decoding=\"async\" width=\"200\" height=\"200\" src=\"https:\/\/cancerfertilityandme.org.uk\/wp-content\/uploads\/cancerfertilityandme-logo-header-young-women.png\" class=\"attachment-full size-full wp-image-331\" alt=\"\" srcset=\"https:\/\/cancerfertilityandme.org.uk\/wp-content\/uploads\/cancerfertilityandme-logo-header-young-women.png 200w, https:\/\/cancerfertilityandme.org.uk\/wp-content\/uploads\/cancerfertilityandme-logo-header-young-women-150x150.png 150w, https:\/\/cancerfertilityandme.org.uk\/wp-content\/uploads\/elementor\/thumbs\/cancerfertilityandme-logo-header-young-women-r4vfcv1ro149or8nkxzol3x986uodd6lq6no4gpb6w.png 100w\" sizes=\"(max-width: 200px) 100vw, 200px\" \/>\t\t\t\t\t\t\t\t<\/a>\n\t\t\t\t\t\t\t\t\t\t\t\t\t\t\t<\/div>\n\t\t\t\t<\/div>\n\t\t\t\t<\/div>\n\t\t<div class=\"elementor-element elementor-element-439b1874 e-con-full e-flex e-con e-child\" data-id=\"439b1874\" data-element_type=\"container\" data-e-type=\"container\">\n\t\t\t\t<div class=\"elementor-element elementor-element-4cb143 elementor-widget elementor-widget-heading\" data-id=\"4cb143\" data-element_type=\"widget\" data-e-type=\"widget\" data-widget_type=\"heading.default\">\n\t\t\t\t<div class=\"elementor-widget-container\">\n\t\t\t\t\t<h3 class=\"elementor-heading-title elementor-size-default\">Para mais informa\u00e7\u00f5es, siga estes links<\/h3>\t\t\t\t<\/div>\n\t\t\t\t<\/div>\n\t\t\t\t<div class=\"elementor-element elementor-element-1d9006c8 elementor-nav-menu--dropdown-none elementor-widget elementor-widget-nav-menu\" data-id=\"1d9006c8\" data-element_type=\"widget\" data-e-type=\"widget\" data-settings=\"{&quot;layout&quot;:&quot;vertical&quot;,&quot;submenu_icon&quot;:{&quot;value&quot;:&quot;&lt;svg aria-hidden=\\&quot;true\\&quot; class=\\&quot;e-font-icon-svg e-fas-caret-down\\&quot; viewBox=\\&quot;0 0 320 512\\&quot; xmlns=\\&quot;http:\\\/\\\/www.w3.org\\\/2000\\\/svg\\&quot;&gt;&lt;path d=\\&quot;M31.3 192h257.3c17.8 0 26.7 21.5 14.1 34.1L174.1 354.8c-7.8 7.8-20.5 7.8-28.3 0L17.2 226.1C4.6 213.5 13.5 192 31.3 192z\\&quot;&gt;&lt;\\\/path&gt;&lt;\\\/svg&gt;&quot;,&quot;library&quot;:&quot;fa-solid&quot;}}\" data-widget_type=\"nav-menu.default\">\n\t\t\t\t<div class=\"elementor-widget-container\">\n\t\t\t\t\t\t\t\t<nav aria-label=\"Menu\" class=\"elementor-nav-menu--main elementor-nav-menu__container elementor-nav-menu--layout-vertical e--pointer-none\">\n\t\t\t\t<ul id=\"menu-1-1d9006c8\" class=\"elementor-nav-menu sm-vertical\"><li class=\"menu-item menu-item-type-post_type menu-item-object-page menu-item-8511\"><a href=\"https:\/\/cancerfertilityandme.org.uk\/young-women\/fertility-preservation\/\" class=\"elementor-item\">Preserva\u00e7\u00e3o da fertilidade<\/a><\/li>\n<li class=\"menu-item menu-item-type-post_type menu-item-object-page menu-item-8514\"><a href=\"https:\/\/cancerfertilityandme.org.uk\/young-women\/fertility-preservation\/no-fertility-preservation\/\" class=\"elementor-item\">N\u00e3o preserva\u00e7\u00e3o da fertilidade<\/a><\/li>\n<li class=\"menu-item menu-item-type-post_type menu-item-object-page menu-item-8512\"><a href=\"https:\/\/cancerfertilityandme.org.uk\/young-women\/fertility-preservation\/egg-freezing\/\" class=\"elementor-item\">Congelamento de ovulos<\/a><\/li>\n<li class=\"menu-item menu-item-type-post_type menu-item-object-page menu-item-8513\"><a href=\"https:\/\/cancerfertilityandme.org.uk\/young-women\/fertility-preservation\/embryo-freezing\/\" class=\"elementor-item\">Congelamento de embri\u00f5es<\/a><\/li>\n<li class=\"menu-item menu-item-type-post_type menu-item-object-page menu-item-8518\"><a href=\"https:\/\/cancerfertilityandme.org.uk\/young-women\/fertility-preservation\/ovarian-tissue-freezing\/\" class=\"elementor-item\">Congelamento de tecido ovariano<\/a><\/li>\n<li class=\"menu-item menu-item-type-post_type menu-item-object-page menu-item-8515\"><a href=\"https:\/\/cancerfertilityandme.org.uk\/young-women\/fertility-preservation\/ovarian-suppression\/\" class=\"elementor-item\">Supress\u00e3o dos ov\u00e1rios<\/a><\/li>\n<li class=\"menu-item menu-item-type-post_type menu-item-object-page menu-item-8519\"><a href=\"https:\/\/cancerfertilityandme.org.uk\/young-women\/fertility-preservation\/fertility-sparing-procedures\/\" class=\"elementor-item\">Op\u00e7\u00f5es de preserva\u00e7\u00e3o da fertilidade espec\u00edficas do cancro<\/a><\/li>\n<li class=\"menu-item menu-item-type-post_type menu-item-object-page menu-item-8520\"><a href=\"https:\/\/cancerfertilityandme.org.uk\/young-women\/fertility-preservation\/financial-costs\/\" class=\"elementor-item\">Custos financeiros<\/a><\/li>\n<li class=\"menu-item menu-item-type-post_type menu-item-object-page menu-item-8521\"><a href=\"https:\/\/cancerfertilityandme.org.uk\/young-women\/fertility-preservation\/summary-of-options\/\" class=\"elementor-item\">Resumo das op\u00e7\u00f5es<\/a><\/li>\n<li class=\"menu-item menu-item-type-post_type menu-item-object-page menu-item-8522\"><a href=\"https:\/\/cancerfertilityandme.org.uk\/young-women\/fertility-preservation\/questions-to-ask-about-fertility-preservation\/\" class=\"elementor-item\">Perguntas a fazer sobre a preserva\u00e7\u00e3o da fertilidade<\/a><\/li>\n<\/ul>\t\t\t<\/nav>\n\t\t\t\t\t\t<nav class=\"elementor-nav-menu--dropdown elementor-nav-menu__container\" aria-hidden=\"true\">\n\t\t\t\t<ul id=\"menu-2-1d9006c8\" class=\"elementor-nav-menu sm-vertical\"><li class=\"menu-item menu-item-type-post_type menu-item-object-page menu-item-8511\"><a href=\"https:\/\/cancerfertilityandme.org.uk\/young-women\/fertility-preservation\/\" class=\"elementor-item\" tabindex=\"-1\">Preserva\u00e7\u00e3o da fertilidade<\/a><\/li>\n<li class=\"menu-item menu-item-type-post_type menu-item-object-page menu-item-8514\"><a href=\"https:\/\/cancerfertilityandme.org.uk\/young-women\/fertility-preservation\/no-fertility-preservation\/\" class=\"elementor-item\" tabindex=\"-1\">N\u00e3o preserva\u00e7\u00e3o da fertilidade<\/a><\/li>\n<li class=\"menu-item menu-item-type-post_type menu-item-object-page menu-item-8512\"><a href=\"https:\/\/cancerfertilityandme.org.uk\/young-women\/fertility-preservation\/egg-freezing\/\" class=\"elementor-item\" tabindex=\"-1\">Congelamento de ovulos<\/a><\/li>\n<li class=\"menu-item menu-item-type-post_type menu-item-object-page menu-item-8513\"><a href=\"https:\/\/cancerfertilityandme.org.uk\/young-women\/fertility-preservation\/embryo-freezing\/\" class=\"elementor-item\" tabindex=\"-1\">Congelamento de embri\u00f5es<\/a><\/li>\n<li class=\"menu-item menu-item-type-post_type menu-item-object-page menu-item-8518\"><a href=\"https:\/\/cancerfertilityandme.org.uk\/young-women\/fertility-preservation\/ovarian-tissue-freezing\/\" class=\"elementor-item\" tabindex=\"-1\">Congelamento de tecido ovariano<\/a><\/li>\n<li class=\"menu-item menu-item-type-post_type menu-item-object-page menu-item-8515\"><a href=\"https:\/\/cancerfertilityandme.org.uk\/young-women\/fertility-preservation\/ovarian-suppression\/\" class=\"elementor-item\" tabindex=\"-1\">Supress\u00e3o dos ov\u00e1rios<\/a><\/li>\n<li class=\"menu-item menu-item-type-post_type menu-item-object-page menu-item-8519\"><a href=\"https:\/\/cancerfertilityandme.org.uk\/young-women\/fertility-preservation\/fertility-sparing-procedures\/\" class=\"elementor-item\" tabindex=\"-1\">Op\u00e7\u00f5es de preserva\u00e7\u00e3o da fertilidade espec\u00edficas do cancro<\/a><\/li>\n<li class=\"menu-item menu-item-type-post_type menu-item-object-page menu-item-8520\"><a href=\"https:\/\/cancerfertilityandme.org.uk\/young-women\/fertility-preservation\/financial-costs\/\" class=\"elementor-item\" tabindex=\"-1\">Custos financeiros<\/a><\/li>\n<li class=\"menu-item menu-item-type-post_type menu-item-object-page menu-item-8521\"><a href=\"https:\/\/cancerfertilityandme.org.uk\/young-women\/fertility-preservation\/summary-of-options\/\" class=\"elementor-item\" tabindex=\"-1\">Resumo das op\u00e7\u00f5es<\/a><\/li>\n<li class=\"menu-item menu-item-type-post_type menu-item-object-page menu-item-8522\"><a href=\"https:\/\/cancerfertilityandme.org.uk\/young-women\/fertility-preservation\/questions-to-ask-about-fertility-preservation\/\" class=\"elementor-item\" tabindex=\"-1\">Perguntas a fazer sobre a preserva\u00e7\u00e3o da fertilidade<\/a><\/li>\n<\/ul>\t\t\t<\/nav>\n\t\t\t\t\t\t<\/div>\n\t\t\t\t<\/div>\n\t\t\t\t<\/div>\n\t\t\t\t<\/div>\n\t\t\t\t\t<\/div>\n\t\t\t\t<\/main>\n\t\t\t\t<\/div>\n\t\t","protected":false},"excerpt":{"rendered":"<p>Congelamento de ovulos Nesta op\u00e7\u00e3o, os \u00f3vulos maduros s\u00e3o retirados dos ov\u00e1rios e congelados. Este processo \u00e9 por vezes designado por \u201cbanco de \u00f3vulos\u201d. Quando a mulher est\u00e1 pronta para engravidar, os \u00f3vulos armazenados s\u00e3o fecundados com espermatozoides e reintroduzidos no \u00fatero. A quem se destina? Mulheres que queiram preservar a sua fertilidade e que [&hellip;]<\/p>\n","protected":false},"author":1,"featured_media":0,"parent":8232,"menu_order":0,"comment_status":"open","ping_status":"closed","template":"","meta":{"footnotes":""},"class_list":["post-8234","page","type-page","status-publish","hentry"],"_links":{"self":[{"href":"https:\/\/cancerfertilityandme.org.uk\/pt-pt\/wp-json\/wp\/v2\/pages\/8234","targetHints":{"allow":["GET"]}}],"collection":[{"href":"https:\/\/cancerfertilityandme.org.uk\/pt-pt\/wp-json\/wp\/v2\/pages"}],"about":[{"href":"https:\/\/cancerfertilityandme.org.uk\/pt-pt\/wp-json\/wp\/v2\/types\/page"}],"author":[{"embeddable":true,"href":"https:\/\/cancerfertilityandme.org.uk\/pt-pt\/wp-json\/wp\/v2\/users\/1"}],"replies":[{"embeddable":true,"href":"https:\/\/cancerfertilityandme.org.uk\/pt-pt\/wp-json\/wp\/v2\/comments?post=8234"}],"version-history":[{"count":3,"href":"https:\/\/cancerfertilityandme.org.uk\/pt-pt\/wp-json\/wp\/v2\/pages\/8234\/revisions"}],"predecessor-version":[{"id":10127,"href":"https:\/\/cancerfertilityandme.org.uk\/pt-pt\/wp-json\/wp\/v2\/pages\/8234\/revisions\/10127"}],"up":[{"embeddable":true,"href":"https:\/\/cancerfertilityandme.org.uk\/pt-pt\/wp-json\/wp\/v2\/pages\/8232"}],"wp:attachment":[{"href":"https:\/\/cancerfertilityandme.org.uk\/pt-pt\/wp-json\/wp\/v2\/media?parent=8234"}],"curies":[{"name":"wp","href":"https:\/\/api.w.org\/{rel}","templated":true}]}}