{"id":8232,"date":"2023-04-02T15:22:50","date_gmt":"2023-04-02T15:22:50","guid":{"rendered":"https:\/\/cancerfertilityandme.org.uk\/opcoes-de-preservacao-da-fertilidade-2\/"},"modified":"2026-03-10T13:56:02","modified_gmt":"2026-03-10T13:56:02","slug":"opcoes-de-preservacao-da-fertilidade-2","status":"publish","type":"page","link":"https:\/\/cancerfertilityandme.org.uk\/pt-pt\/mulheres-jovens\/opcoes-de-preservacao-da-fertilidade-2\/","title":{"rendered":"Preserva\u00e7\u00e3o da fertilidade"},"content":{"rendered":"\t\t<div data-elementor-type=\"wp-page\" data-elementor-id=\"8232\" class=\"elementor elementor-8232 elementor-7728\" data-elementor-post-type=\"page\">\n\t\t\t\t<main class=\"elementor-element elementor-element-a5a8ad3 e-flex e-con-boxed e-con e-parent\" data-id=\"a5a8ad3\" data-element_type=\"container\" data-e-type=\"container\">\n\t\t\t\t\t<div class=\"e-con-inner\">\n\t\t<div class=\"elementor-element elementor-element-96c5b49 e-con-full e-flex e-con e-child\" data-id=\"96c5b49\" data-element_type=\"container\" data-e-type=\"container\">\n\t\t\t\t<div class=\"elementor-element elementor-element-6692ce8e elementor-widget elementor-widget-text-editor\" data-id=\"6692ce8e\" data-element_type=\"widget\" data-e-type=\"widget\" data-widget_type=\"text-editor.default\">\n\t\t\t\t<div class=\"elementor-widget-container\">\n\t\t\t\t\t\t\t\t\t<h2>As op\u00e7\u00f5es de preserva\u00e7\u00e3o da fertilidade<\/h2><p>Esta sec\u00e7\u00e3o cont\u00e9m informa\u00e7\u00f5es sobre as op\u00e7\u00f5es de preserva\u00e7\u00e3o da fertilidade para as mulheres com cancro antes de iniciarem o seu tratamento oncol\u00f3gico.<\/p><p>Pode escolher:<\/p><ul><li><strong>Sem preserva\u00e7\u00e3o da fertilidade<\/strong> \u2013 iniciar imediatamente o tratamento do cancro.<\/li><li><strong>Congelamento <\/strong>\u2013 m\u00e9todos de preserva\u00e7\u00e3o de \u00f3vulos, embri\u00f5es ou tecido ovariano.<\/li><li><strong>Supress\u00e3o dos ov\u00e1rios<\/strong> \u2013 um m\u00e9todo de protec\u00e7\u00e3o dos ov\u00e1rios durante o tratamento do cancro.<\/li><li><strong>Cirurgia espec\u00edfica<\/strong> \u2013 a cirurgia de preserva\u00e7\u00e3o da fertilidade pode ser uma op\u00e7\u00e3o para algumas mulheres.<\/li><\/ul><p><strong>O diagrama abaixo<\/strong>, mostra as decis\u00f5es em mat\u00e9ria de fertilidade que as mulheres devem ponderar antes de iniciarem os tratamentos contra o cancro. Nem todos os procedimentos est\u00e3o dispon\u00edveis em todas as cl\u00ednicas de fertilidade. Algumas t\u00e9cnicas s\u00e3o mais recentes e ainda n\u00e3o provaram ser bem-sucedidas num grande n\u00famero de mulheres.  <\/p><p>A sua equipa de cuidado oncol\u00f3gico e a equipa de cuidados de fertilidade podem aconselh\u00e1-la melhor e discutir as op\u00e7\u00f5es dispon\u00edveis.<\/p>\t\t\t\t\t\t\t\t<\/div>\n\t\t\t\t<\/div>\n\t\t\t\t<div class=\"elementor-element elementor-element-5154b3b elementor-widget elementor-widget-image\" data-id=\"5154b3b\" data-element_type=\"widget\" data-e-type=\"widget\" data-widget_type=\"image.default\">\n\t\t\t\t<div class=\"elementor-widget-container\">\n\t\t\t\t\t\t\t\t\t\t\t\t\t\t\t<img fetchpriority=\"high\" decoding=\"async\" width=\"800\" height=\"426\" src=\"https:\/\/cancerfertilityandme.org.uk\/wp-content\/uploads\/PT-04-1-1024x545.png\" class=\"attachment-large size-large wp-image-11260\" alt=\"\" srcset=\"https:\/\/cancerfertilityandme.org.uk\/wp-content\/uploads\/PT-04-1-1024x545.png 1024w, https:\/\/cancerfertilityandme.org.uk\/wp-content\/uploads\/PT-04-1-300x160.png 300w, https:\/\/cancerfertilityandme.org.uk\/wp-content\/uploads\/PT-04-1-768x409.png 768w, https:\/\/cancerfertilityandme.org.uk\/wp-content\/uploads\/PT-04-1.png 1046w\" sizes=\"(max-width: 800px) 100vw, 800px\" \/>\t\t\t\t\t\t\t\t\t\t\t\t\t\t\t<\/div>\n\t\t\t\t<\/div>\n\t\t\t\t<div class=\"elementor-element elementor-element-b0376ec elementor-widget elementor-widget-text-editor\" data-id=\"b0376ec\" data-element_type=\"widget\" data-e-type=\"widget\" data-widget_type=\"text-editor.default\">\n\t\t\t\t<div class=\"elementor-widget-container\">\n\t\t\t\t\t\t\t\t\t<p><strong>Tente lembrar-se\u2026<\/strong><\/p><p>Cada op\u00e7\u00e3o de fertilidade tem uma chance diferente de sucesso.<\/p><ul><li>Nenhum m\u00e9todo funciona 100% das vezes.<\/li><li>As taxas de sucesso de cada procedimento ser\u00e3o diferentes para cada mulher.<\/li><li>Nenhum deles pode garantir que vai engravidar e ter um beb\u00e9 ap\u00f3s o tratamento do cancro.<\/li><\/ul><p>As informa\u00e7\u00f5es contidas nesta sec\u00e7\u00e3o analisam cada uma das op\u00e7\u00f5es de preserva\u00e7\u00e3o da fertilidade com mais detalhe.<\/p><p>Esta tabela de resumo compara as<a href=\"https:\/\/cancerfertilityandme.org.uk\/pt-pt\/home\/sobre-este-site\/vinculando-opcoes-de-fertilidade\/\"> diferentes op\u00e7\u00f5es de preserva\u00e7\u00e3o<\/a> da fertilidade.<br><br><\/p>\t\t\t\t\t\t\t\t<\/div>\n\t\t\t\t<\/div>\n\t\t\t\t<\/div>\n\t\t<div class=\"elementor-element elementor-element-6a19c58a e-con-full e-flex e-con e-child\" data-id=\"6a19c58a\" data-element_type=\"container\" data-e-type=\"container\">\n\t\t<div class=\"elementor-element elementor-element-3d0c81f6 e-con-full e-flex e-con e-child\" data-id=\"3d0c81f6\" data-element_type=\"container\" data-e-type=\"container\">\n\t\t\t\t<div class=\"elementor-element elementor-element-32ff3095 elementor-widget elementor-widget-image\" data-id=\"32ff3095\" data-element_type=\"widget\" data-e-type=\"widget\" data-widget_type=\"image.default\">\n\t\t\t\t<div class=\"elementor-widget-container\">\n\t\t\t\t\t\t\t\t\t\t\t\t\t\t\t\t<a href=\"http:\/\/.\/\">\n\t\t\t\t\t\t\t<img decoding=\"async\" width=\"200\" height=\"200\" src=\"https:\/\/cancerfertilityandme.org.uk\/wp-content\/uploads\/cancerfertilityandme-logo-header-young-women.png\" class=\"attachment-full size-full wp-image-331\" alt=\"\" srcset=\"https:\/\/cancerfertilityandme.org.uk\/wp-content\/uploads\/cancerfertilityandme-logo-header-young-women.png 200w, https:\/\/cancerfertilityandme.org.uk\/wp-content\/uploads\/cancerfertilityandme-logo-header-young-women-150x150.png 150w, https:\/\/cancerfertilityandme.org.uk\/wp-content\/uploads\/elementor\/thumbs\/cancerfertilityandme-logo-header-young-women-r4vfcv1ro149or8nkxzol3x986uodd6lq6no4gpb6w.png 100w\" sizes=\"(max-width: 200px) 100vw, 200px\" \/>\t\t\t\t\t\t\t\t<\/a>\n\t\t\t\t\t\t\t\t\t\t\t\t\t\t\t<\/div>\n\t\t\t\t<\/div>\n\t\t\t\t<\/div>\n\t\t<div class=\"elementor-element elementor-element-5a6c6ae5 e-con-full e-flex e-con e-child\" data-id=\"5a6c6ae5\" data-element_type=\"container\" data-e-type=\"container\">\n\t\t\t\t<div class=\"elementor-element elementor-element-28bb00c0 elementor-widget elementor-widget-heading\" data-id=\"28bb00c0\" data-element_type=\"widget\" data-e-type=\"widget\" data-widget_type=\"heading.default\">\n\t\t\t\t<div class=\"elementor-widget-container\">\n\t\t\t\t\t<h3 class=\"elementor-heading-title elementor-size-default\">Para mais informa\u00e7\u00f5es, siga estes links<\/h3>\t\t\t\t<\/div>\n\t\t\t\t<\/div>\n\t\t\t\t<div class=\"elementor-element elementor-element-2125042a elementor-nav-menu--dropdown-none elementor-widget elementor-widget-nav-menu\" data-id=\"2125042a\" data-element_type=\"widget\" data-e-type=\"widget\" data-settings=\"{&quot;layout&quot;:&quot;vertical&quot;,&quot;submenu_icon&quot;:{&quot;value&quot;:&quot;&lt;svg aria-hidden=\\&quot;true\\&quot; class=\\&quot;e-font-icon-svg e-fas-caret-down\\&quot; viewBox=\\&quot;0 0 320 512\\&quot; xmlns=\\&quot;http:\\\/\\\/www.w3.org\\\/2000\\\/svg\\&quot;&gt;&lt;path d=\\&quot;M31.3 192h257.3c17.8 0 26.7 21.5 14.1 34.1L174.1 354.8c-7.8 7.8-20.5 7.8-28.3 0L17.2 226.1C4.6 213.5 13.5 192 31.3 192z\\&quot;&gt;&lt;\\\/path&gt;&lt;\\\/svg&gt;&quot;,&quot;library&quot;:&quot;fa-solid&quot;}}\" data-widget_type=\"nav-menu.default\">\n\t\t\t\t<div class=\"elementor-widget-container\">\n\t\t\t\t\t\t\t\t<nav aria-label=\"Menu\" class=\"elementor-nav-menu--main elementor-nav-menu__container elementor-nav-menu--layout-vertical e--pointer-none\">\n\t\t\t\t<ul id=\"menu-1-2125042a\" class=\"elementor-nav-menu sm-vertical\"><li class=\"menu-item menu-item-type-post_type menu-item-object-page menu-item-8511\"><a href=\"https:\/\/cancerfertilityandme.org.uk\/young-women\/fertility-preservation\/\" class=\"elementor-item\">Preserva\u00e7\u00e3o da fertilidade<\/a><\/li>\n<li class=\"menu-item menu-item-type-post_type menu-item-object-page menu-item-8514\"><a href=\"https:\/\/cancerfertilityandme.org.uk\/young-women\/fertility-preservation\/no-fertility-preservation\/\" class=\"elementor-item\">N\u00e3o preserva\u00e7\u00e3o da fertilidade<\/a><\/li>\n<li class=\"menu-item menu-item-type-post_type menu-item-object-page menu-item-8512\"><a href=\"https:\/\/cancerfertilityandme.org.uk\/young-women\/fertility-preservation\/egg-freezing\/\" class=\"elementor-item\">Congelamento de ovulos<\/a><\/li>\n<li class=\"menu-item menu-item-type-post_type menu-item-object-page menu-item-8513\"><a href=\"https:\/\/cancerfertilityandme.org.uk\/young-women\/fertility-preservation\/embryo-freezing\/\" class=\"elementor-item\">Congelamento de embri\u00f5es<\/a><\/li>\n<li class=\"menu-item menu-item-type-post_type menu-item-object-page menu-item-8518\"><a href=\"https:\/\/cancerfertilityandme.org.uk\/young-women\/fertility-preservation\/ovarian-tissue-freezing\/\" class=\"elementor-item\">Congelamento de tecido ovariano<\/a><\/li>\n<li class=\"menu-item menu-item-type-post_type menu-item-object-page menu-item-8515\"><a href=\"https:\/\/cancerfertilityandme.org.uk\/young-women\/fertility-preservation\/ovarian-suppression\/\" class=\"elementor-item\">Supress\u00e3o dos ov\u00e1rios<\/a><\/li>\n<li class=\"menu-item menu-item-type-post_type menu-item-object-page menu-item-8519\"><a href=\"https:\/\/cancerfertilityandme.org.uk\/young-women\/fertility-preservation\/fertility-sparing-procedures\/\" class=\"elementor-item\">Op\u00e7\u00f5es de preserva\u00e7\u00e3o da fertilidade espec\u00edficas do cancro<\/a><\/li>\n<li class=\"menu-item menu-item-type-post_type menu-item-object-page menu-item-8520\"><a href=\"https:\/\/cancerfertilityandme.org.uk\/young-women\/fertility-preservation\/financial-costs\/\" class=\"elementor-item\">Custos financeiros<\/a><\/li>\n<li class=\"menu-item menu-item-type-post_type menu-item-object-page menu-item-8521\"><a href=\"https:\/\/cancerfertilityandme.org.uk\/young-women\/fertility-preservation\/summary-of-options\/\" class=\"elementor-item\">Resumo das op\u00e7\u00f5es<\/a><\/li>\n<li class=\"menu-item menu-item-type-post_type menu-item-object-page menu-item-8522\"><a href=\"https:\/\/cancerfertilityandme.org.uk\/young-women\/fertility-preservation\/questions-to-ask-about-fertility-preservation\/\" class=\"elementor-item\">Perguntas a fazer sobre a preserva\u00e7\u00e3o da fertilidade<\/a><\/li>\n<\/ul>\t\t\t<\/nav>\n\t\t\t\t\t\t<nav class=\"elementor-nav-menu--dropdown elementor-nav-menu__container\" aria-hidden=\"true\">\n\t\t\t\t<ul id=\"menu-2-2125042a\" class=\"elementor-nav-menu sm-vertical\"><li class=\"menu-item menu-item-type-post_type menu-item-object-page menu-item-8511\"><a href=\"https:\/\/cancerfertilityandme.org.uk\/young-women\/fertility-preservation\/\" class=\"elementor-item\" tabindex=\"-1\">Preserva\u00e7\u00e3o da fertilidade<\/a><\/li>\n<li class=\"menu-item menu-item-type-post_type menu-item-object-page menu-item-8514\"><a href=\"https:\/\/cancerfertilityandme.org.uk\/young-women\/fertility-preservation\/no-fertility-preservation\/\" class=\"elementor-item\" tabindex=\"-1\">N\u00e3o preserva\u00e7\u00e3o da fertilidade<\/a><\/li>\n<li class=\"menu-item menu-item-type-post_type menu-item-object-page menu-item-8512\"><a href=\"https:\/\/cancerfertilityandme.org.uk\/young-women\/fertility-preservation\/egg-freezing\/\" class=\"elementor-item\" tabindex=\"-1\">Congelamento de ovulos<\/a><\/li>\n<li class=\"menu-item menu-item-type-post_type menu-item-object-page menu-item-8513\"><a href=\"https:\/\/cancerfertilityandme.org.uk\/young-women\/fertility-preservation\/embryo-freezing\/\" class=\"elementor-item\" tabindex=\"-1\">Congelamento de embri\u00f5es<\/a><\/li>\n<li class=\"menu-item menu-item-type-post_type menu-item-object-page menu-item-8518\"><a href=\"https:\/\/cancerfertilityandme.org.uk\/young-women\/fertility-preservation\/ovarian-tissue-freezing\/\" class=\"elementor-item\" tabindex=\"-1\">Congelamento de tecido ovariano<\/a><\/li>\n<li class=\"menu-item menu-item-type-post_type menu-item-object-page menu-item-8515\"><a href=\"https:\/\/cancerfertilityandme.org.uk\/young-women\/fertility-preservation\/ovarian-suppression\/\" class=\"elementor-item\" tabindex=\"-1\">Supress\u00e3o dos ov\u00e1rios<\/a><\/li>\n<li class=\"menu-item menu-item-type-post_type menu-item-object-page menu-item-8519\"><a href=\"https:\/\/cancerfertilityandme.org.uk\/young-women\/fertility-preservation\/fertility-sparing-procedures\/\" class=\"elementor-item\" tabindex=\"-1\">Op\u00e7\u00f5es de preserva\u00e7\u00e3o da fertilidade espec\u00edficas do cancro<\/a><\/li>\n<li class=\"menu-item menu-item-type-post_type menu-item-object-page menu-item-8520\"><a href=\"https:\/\/cancerfertilityandme.org.uk\/young-women\/fertility-preservation\/financial-costs\/\" class=\"elementor-item\" tabindex=\"-1\">Custos financeiros<\/a><\/li>\n<li class=\"menu-item menu-item-type-post_type menu-item-object-page menu-item-8521\"><a href=\"https:\/\/cancerfertilityandme.org.uk\/young-women\/fertility-preservation\/summary-of-options\/\" class=\"elementor-item\" tabindex=\"-1\">Resumo das op\u00e7\u00f5es<\/a><\/li>\n<li class=\"menu-item menu-item-type-post_type menu-item-object-page menu-item-8522\"><a href=\"https:\/\/cancerfertilityandme.org.uk\/young-women\/fertility-preservation\/questions-to-ask-about-fertility-preservation\/\" class=\"elementor-item\" tabindex=\"-1\">Perguntas a fazer sobre a preserva\u00e7\u00e3o da fertilidade<\/a><\/li>\n<\/ul>\t\t\t<\/nav>\n\t\t\t\t\t\t<\/div>\n\t\t\t\t<\/div>\n\t\t\t\t<\/div>\n\t\t\t\t<\/div>\n\t\t\t\t\t<\/div>\n\t\t\t\t<\/main>\n\t\t\t\t<\/div>\n\t\t","protected":false},"excerpt":{"rendered":"<p>As op\u00e7\u00f5es de preserva\u00e7\u00e3o da fertilidade Esta sec\u00e7\u00e3o cont\u00e9m informa\u00e7\u00f5es sobre as op\u00e7\u00f5es de preserva\u00e7\u00e3o da fertilidade para as mulheres com cancro antes de iniciarem o seu tratamento oncol\u00f3gico. Pode escolher: Sem preserva\u00e7\u00e3o da fertilidade \u2013 iniciar imediatamente o tratamento do cancro. Congelamento \u2013 m\u00e9todos de preserva\u00e7\u00e3o de \u00f3vulos, embri\u00f5es ou tecido ovariano. Supress\u00e3o dos [&hellip;]<\/p>\n","protected":false},"author":1,"featured_media":0,"parent":8203,"menu_order":0,"comment_status":"open","ping_status":"closed","template":"","meta":{"footnotes":""},"class_list":["post-8232","page","type-page","status-publish","hentry"],"_links":{"self":[{"href":"https:\/\/cancerfertilityandme.org.uk\/pt-pt\/wp-json\/wp\/v2\/pages\/8232","targetHints":{"allow":["GET"]}}],"collection":[{"href":"https:\/\/cancerfertilityandme.org.uk\/pt-pt\/wp-json\/wp\/v2\/pages"}],"about":[{"href":"https:\/\/cancerfertilityandme.org.uk\/pt-pt\/wp-json\/wp\/v2\/types\/page"}],"author":[{"embeddable":true,"href":"https:\/\/cancerfertilityandme.org.uk\/pt-pt\/wp-json\/wp\/v2\/users\/1"}],"replies":[{"embeddable":true,"href":"https:\/\/cancerfertilityandme.org.uk\/pt-pt\/wp-json\/wp\/v2\/comments?post=8232"}],"version-history":[{"count":4,"href":"https:\/\/cancerfertilityandme.org.uk\/pt-pt\/wp-json\/wp\/v2\/pages\/8232\/revisions"}],"predecessor-version":[{"id":11276,"href":"https:\/\/cancerfertilityandme.org.uk\/pt-pt\/wp-json\/wp\/v2\/pages\/8232\/revisions\/11276"}],"up":[{"embeddable":true,"href":"https:\/\/cancerfertilityandme.org.uk\/pt-pt\/wp-json\/wp\/v2\/pages\/8203"}],"wp:attachment":[{"href":"https:\/\/cancerfertilityandme.org.uk\/pt-pt\/wp-json\/wp\/v2\/media?parent=8232"}],"curies":[{"name":"wp","href":"https:\/\/api.w.org\/{rel}","templated":true}]}}