{"id":8226,"date":"2023-04-02T15:44:20","date_gmt":"2023-04-02T15:44:20","guid":{"rendered":"https:\/\/cancerfertilityandme.org.uk\/terapias-medicamentosas-direccionadas\/"},"modified":"2025-12-05T12:09:15","modified_gmt":"2025-12-05T12:09:15","slug":"terapias-medicamentosas-direccionadas","status":"publish","type":"page","link":"https:\/\/cancerfertilityandme.org.uk\/pt-pt\/mulheres-jovens\/cancro-e-fertilidade\/terapias-medicamentosas-direccionadas\/","title":{"rendered":"Terapias medicamentosas direccionadas"},"content":{"rendered":"\t\t<div data-elementor-type=\"wp-page\" data-elementor-id=\"8226\" class=\"elementor elementor-8226 elementor-7744\" data-elementor-post-type=\"page\">\n\t\t\t\t<main class=\"elementor-element elementor-element-1ffe09a7 e-flex e-con-boxed e-con e-parent\" data-id=\"1ffe09a7\" data-element_type=\"container\" data-e-type=\"container\">\n\t\t\t\t\t<div class=\"e-con-inner\">\n\t\t<div class=\"elementor-element elementor-element-1622d6a1 e-con-full e-flex e-con e-child\" data-id=\"1622d6a1\" data-element_type=\"container\" data-e-type=\"container\">\n\t\t\t\t<div class=\"elementor-element elementor-element-2de97230 elementor-widget elementor-widget-text-editor\" data-id=\"2de97230\" data-element_type=\"widget\" data-e-type=\"widget\" data-widget_type=\"text-editor.default\">\n\t\t\t\t<div class=\"elementor-widget-container\">\n\t\t\t\t\t\t\t\t\t<h2>Terapias medicamentosas direccionadas<\/h2><p><strong>Terapias medicamentosas direccionadas<\/strong> (as vezes conhecidas como terapias biol\u00f3gicas) s\u00e3o novos tipos de medicamentos para tratar o cancro. S\u00e3o utilizados para estimular o sistema imunit\u00e1rio, controlar o crescimento das c\u00e9lulas cancer\u00edgenas ou para ultrapassar os efeitos colaterais do tratamento. Como esses s\u00e3o tratamentos mais novos, as informa\u00e7\u00f5es sobre os efeitos colaterais das terapias medicamentosas direcionadas, ainda est\u00e3o sendo estudadas e ainda n\u00e3o se sabe exatamente que efeito elas t\u00eam na fertilidade. Existem muitas terapias com f\u00e1rmacos-alvo diferentes, utilizadas em muitos cancros diferentes.   <\/p><p>Se parte do seu tratamento envolver uma terapia com medicamentos espec\u00edficos, ser\u00e1 aconselhada a n\u00e3o engravidar durante o tratamento do cancro e durante algum tempo depois.<\/p>\t\t\t\t\t\t\t\t<\/div>\n\t\t\t\t<\/div>\n\t\t\t\t<\/div>\n\t\t<div class=\"elementor-element elementor-element-40a31 e-con-full e-flex e-con e-child\" data-id=\"40a31\" data-element_type=\"container\" data-e-type=\"container\">\n\t\t<div class=\"elementor-element elementor-element-74e0d048 e-con-full e-flex e-con e-child\" data-id=\"74e0d048\" data-element_type=\"container\" data-e-type=\"container\">\n\t\t\t\t<div class=\"elementor-element elementor-element-1ebbeb56 elementor-widget elementor-widget-image\" data-id=\"1ebbeb56\" data-element_type=\"widget\" data-e-type=\"widget\" data-widget_type=\"image.default\">\n\t\t\t\t<div class=\"elementor-widget-container\">\n\t\t\t\t\t\t\t\t\t\t\t\t\t\t\t\t<a href=\"http:\/\/.\/\">\n\t\t\t\t\t\t\t<img decoding=\"async\" width=\"200\" height=\"200\" src=\"https:\/\/cancerfertilityandme.org.uk\/wp-content\/uploads\/cancerfertilityandme-logo-header-young-women.png\" class=\"attachment-full size-full wp-image-331\" alt=\"\" srcset=\"https:\/\/cancerfertilityandme.org.uk\/wp-content\/uploads\/cancerfertilityandme-logo-header-young-women.png 200w, https:\/\/cancerfertilityandme.org.uk\/wp-content\/uploads\/cancerfertilityandme-logo-header-young-women-150x150.png 150w, https:\/\/cancerfertilityandme.org.uk\/wp-content\/uploads\/elementor\/thumbs\/cancerfertilityandme-logo-header-young-women-r4vfcv1ro149or8nkxzol3x986uodd6lq6no4gpb6w.png 100w\" sizes=\"(max-width: 200px) 100vw, 200px\" \/>\t\t\t\t\t\t\t\t<\/a>\n\t\t\t\t\t\t\t\t\t\t\t\t\t\t\t<\/div>\n\t\t\t\t<\/div>\n\t\t\t\t<\/div>\n\t\t<div class=\"elementor-element elementor-element-34d98b3a e-con-full e-flex e-con e-child\" data-id=\"34d98b3a\" data-element_type=\"container\" data-e-type=\"container\">\n\t\t\t\t<div class=\"elementor-element elementor-element-77fbfba5 elementor-widget elementor-widget-heading\" data-id=\"77fbfba5\" data-element_type=\"widget\" data-e-type=\"widget\" data-widget_type=\"heading.default\">\n\t\t\t\t<div class=\"elementor-widget-container\">\n\t\t\t\t\t<h3 class=\"elementor-heading-title elementor-size-default\">Para mais informa\u00e7\u00f5es, siga estes links<\/h3>\t\t\t\t<\/div>\n\t\t\t\t<\/div>\n\t\t\t\t<div class=\"elementor-element elementor-element-6817ca9c elementor-nav-menu--dropdown-none elementor-widget elementor-widget-nav-menu\" data-id=\"6817ca9c\" data-element_type=\"widget\" data-e-type=\"widget\" data-settings=\"{&quot;layout&quot;:&quot;vertical&quot;,&quot;submenu_icon&quot;:{&quot;value&quot;:&quot;&lt;svg aria-hidden=\\&quot;true\\&quot; class=\\&quot;e-font-icon-svg e-fas-caret-down\\&quot; viewBox=\\&quot;0 0 320 512\\&quot; xmlns=\\&quot;http:\\\/\\\/www.w3.org\\\/2000\\\/svg\\&quot;&gt;&lt;path d=\\&quot;M31.3 192h257.3c17.8 0 26.7 21.5 14.1 34.1L174.1 354.8c-7.8 7.8-20.5 7.8-28.3 0L17.2 226.1C4.6 213.5 13.5 192 31.3 192z\\&quot;&gt;&lt;\\\/path&gt;&lt;\\\/svg&gt;&quot;,&quot;library&quot;:&quot;fa-solid&quot;}}\" data-widget_type=\"nav-menu.default\">\n\t\t\t\t<div class=\"elementor-widget-container\">\n\t\t\t\t\t\t\t\t<nav aria-label=\"Menu\" class=\"elementor-nav-menu--main elementor-nav-menu__container elementor-nav-menu--layout-vertical e--pointer-none\">\n\t\t\t\t<ul id=\"menu-1-6817ca9c\" class=\"elementor-nav-menu sm-vertical\"><li class=\"menu-item menu-item-type-post_type menu-item-object-page menu-item-8491\"><a href=\"https:\/\/cancerfertilityandme.org.uk\/young-women\/cancer-and-fertility\/\" class=\"elementor-item\">Cancro e fertilidade<\/a><\/li>\n<li class=\"menu-item menu-item-type-post_type menu-item-object-page menu-item-8494\"><a href=\"https:\/\/cancerfertilityandme.org.uk\/young-women\/cancer-and-fertility\/introduction\/\" class=\"elementor-item\">Introdu\u00e7\u00e3o<\/a><\/li>\n<li class=\"menu-item menu-item-type-post_type menu-item-object-page menu-item-8492\"><a href=\"https:\/\/cancerfertilityandme.org.uk\/young-women\/cancer-and-fertility\/chemotherapy\/\" class=\"elementor-item\">Chemotherapy<\/a><\/li>\n<li class=\"menu-item menu-item-type-post_type menu-item-object-page menu-item-8495\"><a href=\"https:\/\/cancerfertilityandme.org.uk\/young-women\/cancer-and-fertility\/radiotherapy\/\" class=\"elementor-item\">Radiotherapy<\/a><\/li>\n<li class=\"menu-item menu-item-type-post_type menu-item-object-page menu-item-8496\"><a href=\"https:\/\/cancerfertilityandme.org.uk\/young-women\/cancer-and-fertility\/surgery\/\" class=\"elementor-item\">Cirurgia<\/a><\/li>\n<li class=\"menu-item menu-item-type-post_type menu-item-object-page menu-item-8493\"><a href=\"https:\/\/cancerfertilityandme.org.uk\/young-women\/cancer-and-fertility\/hormone-therapy\/\" class=\"elementor-item\">Terapia hormonal<\/a><\/li>\n<li class=\"menu-item menu-item-type-post_type menu-item-object-page menu-item-8497\"><a href=\"https:\/\/cancerfertilityandme.org.uk\/young-women\/cancer-and-fertility\/targeted-drug-therapies\/\" class=\"elementor-item\">Terapias medicamentosas direccionadas<\/a><\/li>\n<li class=\"menu-item menu-item-type-post_type menu-item-object-page menu-item-8499\"><a href=\"https:\/\/cancerfertilityandme.org.uk\/young-women\/cancer-and-fertility\/other-cancer-treatments\/\" class=\"elementor-item\">Outros tratamentos contra o cancro<\/a><\/li>\n<li class=\"menu-item menu-item-type-post_type menu-item-object-page menu-item-8498\"><a href=\"https:\/\/cancerfertilityandme.org.uk\/young-women\/cancer-and-fertility\/questions-to-ask-about-cancer-and-fertility\/\" class=\"elementor-item\">Perguntas a fazer \u00e0 sua equipa de cuidado oncol\u00f3gico<\/a><\/li>\n<\/ul>\t\t\t<\/nav>\n\t\t\t\t\t\t<nav class=\"elementor-nav-menu--dropdown elementor-nav-menu__container\" aria-hidden=\"true\">\n\t\t\t\t<ul id=\"menu-2-6817ca9c\" class=\"elementor-nav-menu sm-vertical\"><li class=\"menu-item menu-item-type-post_type menu-item-object-page menu-item-8491\"><a href=\"https:\/\/cancerfertilityandme.org.uk\/young-women\/cancer-and-fertility\/\" class=\"elementor-item\" tabindex=\"-1\">Cancro e fertilidade<\/a><\/li>\n<li class=\"menu-item menu-item-type-post_type menu-item-object-page menu-item-8494\"><a href=\"https:\/\/cancerfertilityandme.org.uk\/young-women\/cancer-and-fertility\/introduction\/\" class=\"elementor-item\" tabindex=\"-1\">Introdu\u00e7\u00e3o<\/a><\/li>\n<li class=\"menu-item menu-item-type-post_type menu-item-object-page menu-item-8492\"><a href=\"https:\/\/cancerfertilityandme.org.uk\/young-women\/cancer-and-fertility\/chemotherapy\/\" class=\"elementor-item\" tabindex=\"-1\">Chemotherapy<\/a><\/li>\n<li class=\"menu-item menu-item-type-post_type menu-item-object-page menu-item-8495\"><a href=\"https:\/\/cancerfertilityandme.org.uk\/young-women\/cancer-and-fertility\/radiotherapy\/\" class=\"elementor-item\" tabindex=\"-1\">Radiotherapy<\/a><\/li>\n<li class=\"menu-item menu-item-type-post_type menu-item-object-page menu-item-8496\"><a href=\"https:\/\/cancerfertilityandme.org.uk\/young-women\/cancer-and-fertility\/surgery\/\" class=\"elementor-item\" tabindex=\"-1\">Cirurgia<\/a><\/li>\n<li class=\"menu-item menu-item-type-post_type menu-item-object-page menu-item-8493\"><a href=\"https:\/\/cancerfertilityandme.org.uk\/young-women\/cancer-and-fertility\/hormone-therapy\/\" class=\"elementor-item\" tabindex=\"-1\">Terapia hormonal<\/a><\/li>\n<li class=\"menu-item menu-item-type-post_type menu-item-object-page menu-item-8497\"><a href=\"https:\/\/cancerfertilityandme.org.uk\/young-women\/cancer-and-fertility\/targeted-drug-therapies\/\" class=\"elementor-item\" tabindex=\"-1\">Terapias medicamentosas direccionadas<\/a><\/li>\n<li class=\"menu-item menu-item-type-post_type menu-item-object-page menu-item-8499\"><a href=\"https:\/\/cancerfertilityandme.org.uk\/young-women\/cancer-and-fertility\/other-cancer-treatments\/\" class=\"elementor-item\" tabindex=\"-1\">Outros tratamentos contra o cancro<\/a><\/li>\n<li class=\"menu-item menu-item-type-post_type menu-item-object-page menu-item-8498\"><a href=\"https:\/\/cancerfertilityandme.org.uk\/young-women\/cancer-and-fertility\/questions-to-ask-about-cancer-and-fertility\/\" class=\"elementor-item\" tabindex=\"-1\">Perguntas a fazer \u00e0 sua equipa de cuidado oncol\u00f3gico<\/a><\/li>\n<\/ul>\t\t\t<\/nav>\n\t\t\t\t\t\t<\/div>\n\t\t\t\t<\/div>\n\t\t\t\t<\/div>\n\t\t\t\t<\/div>\n\t\t\t\t\t<\/div>\n\t\t\t\t<\/main>\n\t\t\t\t<\/div>\n\t\t","protected":false},"excerpt":{"rendered":"<p>Terapias medicamentosas direccionadas Terapias medicamentosas direccionadas (as vezes conhecidas como terapias biol\u00f3gicas) s\u00e3o novos tipos de medicamentos para tratar o cancro. S\u00e3o utilizados para estimular o sistema imunit\u00e1rio, controlar o crescimento das c\u00e9lulas cancer\u00edgenas ou para ultrapassar os efeitos colaterais do tratamento. Como esses s\u00e3o tratamentos mais novos, as informa\u00e7\u00f5es sobre os efeitos colaterais das [&hellip;]<\/p>\n","protected":false},"author":1,"featured_media":0,"parent":8207,"menu_order":0,"comment_status":"open","ping_status":"closed","template":"","meta":{"footnotes":""},"class_list":["post-8226","page","type-page","status-publish","hentry"],"_links":{"self":[{"href":"https:\/\/cancerfertilityandme.org.uk\/pt-pt\/wp-json\/wp\/v2\/pages\/8226","targetHints":{"allow":["GET"]}}],"collection":[{"href":"https:\/\/cancerfertilityandme.org.uk\/pt-pt\/wp-json\/wp\/v2\/pages"}],"about":[{"href":"https:\/\/cancerfertilityandme.org.uk\/pt-pt\/wp-json\/wp\/v2\/types\/page"}],"author":[{"embeddable":true,"href":"https:\/\/cancerfertilityandme.org.uk\/pt-pt\/wp-json\/wp\/v2\/users\/1"}],"replies":[{"embeddable":true,"href":"https:\/\/cancerfertilityandme.org.uk\/pt-pt\/wp-json\/wp\/v2\/comments?post=8226"}],"version-history":[{"count":2,"href":"https:\/\/cancerfertilityandme.org.uk\/pt-pt\/wp-json\/wp\/v2\/pages\/8226\/revisions"}],"predecessor-version":[{"id":10037,"href":"https:\/\/cancerfertilityandme.org.uk\/pt-pt\/wp-json\/wp\/v2\/pages\/8226\/revisions\/10037"}],"up":[{"embeddable":true,"href":"https:\/\/cancerfertilityandme.org.uk\/pt-pt\/wp-json\/wp\/v2\/pages\/8207"}],"wp:attachment":[{"href":"https:\/\/cancerfertilityandme.org.uk\/pt-pt\/wp-json\/wp\/v2\/media?parent=8226"}],"curies":[{"name":"wp","href":"https:\/\/api.w.org\/{rel}","templated":true}]}}