{"id":8224,"date":"2023-04-02T15:50:02","date_gmt":"2023-04-02T15:50:02","guid":{"rendered":"https:\/\/cancerfertilityandme.org.uk\/terapia-hormonal\/"},"modified":"2025-12-05T10:22:19","modified_gmt":"2025-12-05T10:22:19","slug":"terapia-hormonal","status":"publish","type":"page","link":"https:\/\/cancerfertilityandme.org.uk\/pt-pt\/mulheres-jovens\/cancro-e-fertilidade\/terapia-hormonal\/","title":{"rendered":"Terapia hormonal"},"content":{"rendered":"\t\t<div data-elementor-type=\"wp-page\" data-elementor-id=\"8224\" class=\"elementor elementor-8224 elementor-7748\" data-elementor-post-type=\"page\">\n\t\t\t\t<main class=\"elementor-element elementor-element-594384f1 e-flex e-con-boxed e-con e-parent\" data-id=\"594384f1\" data-element_type=\"container\" data-e-type=\"container\">\n\t\t\t\t\t<div class=\"e-con-inner\">\n\t\t<div class=\"elementor-element elementor-element-1b5be24d e-con-full e-flex e-con e-child\" data-id=\"1b5be24d\" data-element_type=\"container\" data-e-type=\"container\">\n\t\t\t\t<div class=\"elementor-element elementor-element-79127ad elementor-widget elementor-widget-text-editor\" data-id=\"79127ad\" data-element_type=\"widget\" data-e-type=\"widget\" data-widget_type=\"text-editor.default\">\n\t\t\t\t<div class=\"elementor-widget-container\">\n\t\t\t\t\t\t\t\t\t<h2>Terapia hormonal<\/h2><p>Terapia Hormonal utiliza medicamentos para alterar a forma como os horm\u00f4nios actuam no organismo. \u00c9 administrada para ajudar a diminuir a probabilidade do cancro voltar. Tamb\u00e9m, pode ser utilizado para tratar um cancro que tenha voltado, ap\u00f3s o tratamento ou que se tenha espalhado A terapia hormonal \u00e9 administrada a mulheres com cancros sens\u00edveis ou dependentes de hormonas. Este tratamento pode abrandar ou parar o crescimento do cancro por    <\/p><ol><li>Diminuindo os n\u00edveis de horm\u00f4nios no seu organismo<\/li><li>Diminuir a capacidade das c\u00e9lulas cancer\u00edgenas de responder aos horm\u00f4nios e interrompendo seu crescimento.<\/li><\/ol><p>Alguns destes s\u00e3o os mesmos horm\u00f4nios necess\u00e1rios para a fertilidade. Ent\u00e3o o tratamento pode afectar sua capacidade de engravidar e ter um beb\u00ea. Os hormonios da terapia hormonal podem tornar os seus per\u00edodos irregulares ou faz\u00ea-los parar. A sua menstrua\u00e7\u00e3o pode voltar alguns meses depois de ter parado a terapia hormonal. A terapia hormonal em si n\u00e3o \u00e9 prejudicial para o ov\u00e1rio, ent\u00e3o sua menstrua\u00e7\u00e3o deve retornar alguns meses depois de ter parado. Se os seus per\u00edodos n\u00e3o retornarem ap\u00f3s a terapia hormonal, isso pode ser devido aos efeitos de outro tratamento, como a quimioterapia, que voc\u00ea possa ter feito.     <\/p><p>Se parte do seu tratamento envolver terapia hormonal, ser\u00e1 aconselhado a n\u00e3o engravidar durante o tratamento e durante algum tempo depois.<\/p>\t\t\t\t\t\t\t\t<\/div>\n\t\t\t\t<\/div>\n\t\t\t\t<\/div>\n\t\t<div class=\"elementor-element elementor-element-4b97479a e-con-full e-flex e-con e-child\" data-id=\"4b97479a\" data-element_type=\"container\" data-e-type=\"container\">\n\t\t<div class=\"elementor-element elementor-element-3b86f50c e-con-full e-flex e-con e-child\" data-id=\"3b86f50c\" data-element_type=\"container\" data-e-type=\"container\">\n\t\t\t\t<div class=\"elementor-element elementor-element-3e0efc53 elementor-widget elementor-widget-image\" data-id=\"3e0efc53\" data-element_type=\"widget\" data-e-type=\"widget\" data-widget_type=\"image.default\">\n\t\t\t\t<div class=\"elementor-widget-container\">\n\t\t\t\t\t\t\t\t\t\t\t\t\t\t\t\t<a href=\"http:\/\/.\/\">\n\t\t\t\t\t\t\t<img decoding=\"async\" width=\"200\" height=\"200\" src=\"https:\/\/cancerfertilityandme.org.uk\/wp-content\/uploads\/cancerfertilityandme-logo-header-young-women.png\" class=\"attachment-full size-full wp-image-331\" alt=\"\" srcset=\"https:\/\/cancerfertilityandme.org.uk\/wp-content\/uploads\/cancerfertilityandme-logo-header-young-women.png 200w, https:\/\/cancerfertilityandme.org.uk\/wp-content\/uploads\/cancerfertilityandme-logo-header-young-women-150x150.png 150w, https:\/\/cancerfertilityandme.org.uk\/wp-content\/uploads\/elementor\/thumbs\/cancerfertilityandme-logo-header-young-women-r4vfcv1ro149or8nkxzol3x986uodd6lq6no4gpb6w.png 100w\" sizes=\"(max-width: 200px) 100vw, 200px\" \/>\t\t\t\t\t\t\t\t<\/a>\n\t\t\t\t\t\t\t\t\t\t\t\t\t\t\t<\/div>\n\t\t\t\t<\/div>\n\t\t\t\t<\/div>\n\t\t<div class=\"elementor-element elementor-element-30cfec2d e-con-full e-flex e-con e-child\" data-id=\"30cfec2d\" data-element_type=\"container\" data-e-type=\"container\">\n\t\t\t\t<div class=\"elementor-element elementor-element-4c4b6ce5 elementor-widget elementor-widget-heading\" data-id=\"4c4b6ce5\" data-element_type=\"widget\" data-e-type=\"widget\" data-widget_type=\"heading.default\">\n\t\t\t\t<div class=\"elementor-widget-container\">\n\t\t\t\t\t<h3 class=\"elementor-heading-title elementor-size-default\">Para mais informa\u00e7\u00f5es, siga estes links<\/h3>\t\t\t\t<\/div>\n\t\t\t\t<\/div>\n\t\t\t\t<div class=\"elementor-element elementor-element-5ebd56b6 elementor-nav-menu--dropdown-none elementor-widget elementor-widget-nav-menu\" data-id=\"5ebd56b6\" data-element_type=\"widget\" data-e-type=\"widget\" data-settings=\"{&quot;layout&quot;:&quot;vertical&quot;,&quot;submenu_icon&quot;:{&quot;value&quot;:&quot;&lt;svg aria-hidden=\\&quot;true\\&quot; class=\\&quot;e-font-icon-svg e-fas-caret-down\\&quot; viewBox=\\&quot;0 0 320 512\\&quot; xmlns=\\&quot;http:\\\/\\\/www.w3.org\\\/2000\\\/svg\\&quot;&gt;&lt;path d=\\&quot;M31.3 192h257.3c17.8 0 26.7 21.5 14.1 34.1L174.1 354.8c-7.8 7.8-20.5 7.8-28.3 0L17.2 226.1C4.6 213.5 13.5 192 31.3 192z\\&quot;&gt;&lt;\\\/path&gt;&lt;\\\/svg&gt;&quot;,&quot;library&quot;:&quot;fa-solid&quot;}}\" data-widget_type=\"nav-menu.default\">\n\t\t\t\t<div class=\"elementor-widget-container\">\n\t\t\t\t\t\t\t\t<nav aria-label=\"Menu\" class=\"elementor-nav-menu--main elementor-nav-menu__container elementor-nav-menu--layout-vertical e--pointer-none\">\n\t\t\t\t<ul id=\"menu-1-5ebd56b6\" class=\"elementor-nav-menu sm-vertical\"><li class=\"menu-item menu-item-type-post_type menu-item-object-page menu-item-8491\"><a href=\"https:\/\/cancerfertilityandme.org.uk\/young-women\/cancer-and-fertility\/\" class=\"elementor-item\">Cancro e fertilidade<\/a><\/li>\n<li class=\"menu-item menu-item-type-post_type menu-item-object-page menu-item-8494\"><a href=\"https:\/\/cancerfertilityandme.org.uk\/young-women\/cancer-and-fertility\/introduction\/\" class=\"elementor-item\">Introdu\u00e7\u00e3o<\/a><\/li>\n<li class=\"menu-item menu-item-type-post_type menu-item-object-page menu-item-8492\"><a href=\"https:\/\/cancerfertilityandme.org.uk\/young-women\/cancer-and-fertility\/chemotherapy\/\" class=\"elementor-item\">Chemotherapy<\/a><\/li>\n<li class=\"menu-item menu-item-type-post_type menu-item-object-page menu-item-8495\"><a href=\"https:\/\/cancerfertilityandme.org.uk\/young-women\/cancer-and-fertility\/radiotherapy\/\" class=\"elementor-item\">Radiotherapy<\/a><\/li>\n<li class=\"menu-item menu-item-type-post_type menu-item-object-page menu-item-8496\"><a href=\"https:\/\/cancerfertilityandme.org.uk\/young-women\/cancer-and-fertility\/surgery\/\" class=\"elementor-item\">Cirurgia<\/a><\/li>\n<li class=\"menu-item menu-item-type-post_type menu-item-object-page menu-item-8493\"><a href=\"https:\/\/cancerfertilityandme.org.uk\/young-women\/cancer-and-fertility\/hormone-therapy\/\" class=\"elementor-item\">Terapia hormonal<\/a><\/li>\n<li class=\"menu-item menu-item-type-post_type menu-item-object-page menu-item-8497\"><a href=\"https:\/\/cancerfertilityandme.org.uk\/young-women\/cancer-and-fertility\/targeted-drug-therapies\/\" class=\"elementor-item\">Terapias medicamentosas direccionadas<\/a><\/li>\n<li class=\"menu-item menu-item-type-post_type menu-item-object-page menu-item-8499\"><a href=\"https:\/\/cancerfertilityandme.org.uk\/young-women\/cancer-and-fertility\/other-cancer-treatments\/\" class=\"elementor-item\">Outros tratamentos contra o cancro<\/a><\/li>\n<li class=\"menu-item menu-item-type-post_type menu-item-object-page menu-item-8498\"><a href=\"https:\/\/cancerfertilityandme.org.uk\/young-women\/cancer-and-fertility\/questions-to-ask-about-cancer-and-fertility\/\" class=\"elementor-item\">Perguntas a fazer \u00e0 sua equipa de cuidado oncol\u00f3gico<\/a><\/li>\n<\/ul>\t\t\t<\/nav>\n\t\t\t\t\t\t<nav class=\"elementor-nav-menu--dropdown elementor-nav-menu__container\" aria-hidden=\"true\">\n\t\t\t\t<ul id=\"menu-2-5ebd56b6\" class=\"elementor-nav-menu sm-vertical\"><li class=\"menu-item menu-item-type-post_type menu-item-object-page menu-item-8491\"><a href=\"https:\/\/cancerfertilityandme.org.uk\/young-women\/cancer-and-fertility\/\" class=\"elementor-item\" tabindex=\"-1\">Cancro e fertilidade<\/a><\/li>\n<li class=\"menu-item menu-item-type-post_type menu-item-object-page menu-item-8494\"><a href=\"https:\/\/cancerfertilityandme.org.uk\/young-women\/cancer-and-fertility\/introduction\/\" class=\"elementor-item\" tabindex=\"-1\">Introdu\u00e7\u00e3o<\/a><\/li>\n<li class=\"menu-item menu-item-type-post_type menu-item-object-page menu-item-8492\"><a href=\"https:\/\/cancerfertilityandme.org.uk\/young-women\/cancer-and-fertility\/chemotherapy\/\" class=\"elementor-item\" tabindex=\"-1\">Chemotherapy<\/a><\/li>\n<li class=\"menu-item menu-item-type-post_type menu-item-object-page menu-item-8495\"><a href=\"https:\/\/cancerfertilityandme.org.uk\/young-women\/cancer-and-fertility\/radiotherapy\/\" class=\"elementor-item\" tabindex=\"-1\">Radiotherapy<\/a><\/li>\n<li class=\"menu-item menu-item-type-post_type menu-item-object-page menu-item-8496\"><a href=\"https:\/\/cancerfertilityandme.org.uk\/young-women\/cancer-and-fertility\/surgery\/\" class=\"elementor-item\" tabindex=\"-1\">Cirurgia<\/a><\/li>\n<li class=\"menu-item menu-item-type-post_type menu-item-object-page menu-item-8493\"><a href=\"https:\/\/cancerfertilityandme.org.uk\/young-women\/cancer-and-fertility\/hormone-therapy\/\" class=\"elementor-item\" tabindex=\"-1\">Terapia hormonal<\/a><\/li>\n<li class=\"menu-item menu-item-type-post_type menu-item-object-page menu-item-8497\"><a href=\"https:\/\/cancerfertilityandme.org.uk\/young-women\/cancer-and-fertility\/targeted-drug-therapies\/\" class=\"elementor-item\" tabindex=\"-1\">Terapias medicamentosas direccionadas<\/a><\/li>\n<li class=\"menu-item menu-item-type-post_type menu-item-object-page menu-item-8499\"><a href=\"https:\/\/cancerfertilityandme.org.uk\/young-women\/cancer-and-fertility\/other-cancer-treatments\/\" class=\"elementor-item\" tabindex=\"-1\">Outros tratamentos contra o cancro<\/a><\/li>\n<li class=\"menu-item menu-item-type-post_type menu-item-object-page menu-item-8498\"><a href=\"https:\/\/cancerfertilityandme.org.uk\/young-women\/cancer-and-fertility\/questions-to-ask-about-cancer-and-fertility\/\" class=\"elementor-item\" tabindex=\"-1\">Perguntas a fazer \u00e0 sua equipa de cuidado oncol\u00f3gico<\/a><\/li>\n<\/ul>\t\t\t<\/nav>\n\t\t\t\t\t\t<\/div>\n\t\t\t\t<\/div>\n\t\t\t\t<\/div>\n\t\t\t\t<\/div>\n\t\t\t\t\t<\/div>\n\t\t\t\t<\/main>\n\t\t\t\t<\/div>\n\t\t","protected":false},"excerpt":{"rendered":"<p>Terapia hormonal Terapia Hormonal utiliza medicamentos para alterar a forma como os horm\u00f4nios actuam no organismo. \u00c9 administrada para ajudar a diminuir a probabilidade do cancro voltar. Tamb\u00e9m, pode ser utilizado para tratar um cancro que tenha voltado, ap\u00f3s o tratamento ou que se tenha espalhado A terapia hormonal \u00e9 administrada a mulheres com cancros [&hellip;]<\/p>\n","protected":false},"author":1,"featured_media":0,"parent":8207,"menu_order":0,"comment_status":"open","ping_status":"closed","template":"","meta":{"footnotes":""},"class_list":["post-8224","page","type-page","status-publish","hentry"],"_links":{"self":[{"href":"https:\/\/cancerfertilityandme.org.uk\/pt-pt\/wp-json\/wp\/v2\/pages\/8224","targetHints":{"allow":["GET"]}}],"collection":[{"href":"https:\/\/cancerfertilityandme.org.uk\/pt-pt\/wp-json\/wp\/v2\/pages"}],"about":[{"href":"https:\/\/cancerfertilityandme.org.uk\/pt-pt\/wp-json\/wp\/v2\/types\/page"}],"author":[{"embeddable":true,"href":"https:\/\/cancerfertilityandme.org.uk\/pt-pt\/wp-json\/wp\/v2\/users\/1"}],"replies":[{"embeddable":true,"href":"https:\/\/cancerfertilityandme.org.uk\/pt-pt\/wp-json\/wp\/v2\/comments?post=8224"}],"version-history":[{"count":3,"href":"https:\/\/cancerfertilityandme.org.uk\/pt-pt\/wp-json\/wp\/v2\/pages\/8224\/revisions"}],"predecessor-version":[{"id":9991,"href":"https:\/\/cancerfertilityandme.org.uk\/pt-pt\/wp-json\/wp\/v2\/pages\/8224\/revisions\/9991"}],"up":[{"embeddable":true,"href":"https:\/\/cancerfertilityandme.org.uk\/pt-pt\/wp-json\/wp\/v2\/pages\/8207"}],"wp:attachment":[{"href":"https:\/\/cancerfertilityandme.org.uk\/pt-pt\/wp-json\/wp\/v2\/media?parent=8224"}],"curies":[{"name":"wp","href":"https:\/\/api.w.org\/{rel}","templated":true}]}}