{"id":8207,"date":"2023-04-02T15:36:14","date_gmt":"2023-04-02T15:36:14","guid":{"rendered":"https:\/\/cancerfertilityandme.org.uk\/cancro-e-fertilidade\/"},"modified":"2026-03-10T13:17:38","modified_gmt":"2026-03-10T13:17:38","slug":"cancro-e-fertilidade","status":"publish","type":"page","link":"https:\/\/cancerfertilityandme.org.uk\/pt-pt\/mulheres-jovens\/cancro-e-fertilidade\/","title":{"rendered":"Cancro e fertilidade"},"content":{"rendered":"\t\t<div data-elementor-type=\"wp-page\" data-elementor-id=\"8207\" class=\"elementor elementor-8207 elementor-7729\" data-elementor-post-type=\"page\">\n\t\t\t\t<main class=\"elementor-element elementor-element-44a9b619 e-flex e-con-boxed e-con e-parent\" data-id=\"44a9b619\" data-element_type=\"container\" data-e-type=\"container\">\n\t\t\t\t\t<div class=\"e-con-inner\">\n\t\t<div class=\"elementor-element elementor-element-15b1e5fa e-con-full e-flex e-con e-child\" data-id=\"15b1e5fa\" data-element_type=\"container\" data-e-type=\"container\">\n\t\t\t\t<div class=\"elementor-element elementor-element-4fe71deb elementor-widget elementor-widget-text-editor\" data-id=\"4fe71deb\" data-element_type=\"widget\" data-e-type=\"widget\" data-widget_type=\"text-editor.default\">\n\t\t\t\t<div class=\"elementor-widget-container\">\n\t\t\t\t\t\t\t\t\t<h2>Como os tratamentos contra o cancro afectam a fertilidade<\/h2><p><strong>Cancro \u00e9 o nome dado \u00e0s doen\u00e7as causadas pelas c\u00e9lulas do corpo que se dividem sem parar<\/strong><\/p><p>formando crescimentos e movendo-se para partes do corpo onde n\u00e3o s\u00e3o necess\u00e1rias.<\/p><p>Os tratamentos contra o cancro visam remover o cancro e prevenir o seu retorno. Os principais tratamentos para o cancro s\u00e3o a quimioterapia, radioterapia, cirurgia, terapia horm\u00f4nio e terapia medicamentosa direcionada. <\/p><p>A maioria dos tratamentos de cancro tem efeitos colaterais causados pelos tratamentos que afectam o tecido saud\u00e1vel. Muitos efeitos colaterais duram pouco tempo durante e ap\u00f3s o tratamento. Alguns efeitos colaterais duram mais tempo e podem afectar a sa\u00fade de uma pessoa para o resto da sua vida. Nas mulheres, um destes efeitos colaterais pode diminuir a fertilidade, o que significa que uma mulher pode n\u00e3o ser capaz de engravidar no futuro.  <\/p><p>As partes do corpo de uma mulher que est\u00e3o envolvidas na fertilidade s\u00e3o chamadas o \u201csistema reprodutivo\u201d.<\/p>\t\t\t\t\t\t\t\t<\/div>\n\t\t\t\t<\/div>\n\t\t\t\t<div class=\"elementor-element elementor-element-c591403 elementor-widget elementor-widget-image\" data-id=\"c591403\" data-element_type=\"widget\" data-e-type=\"widget\" data-widget_type=\"image.default\">\n\t\t\t\t<div class=\"elementor-widget-container\">\n\t\t\t\t\t\t\t\t\t\t\t\t\t\t\t<img fetchpriority=\"high\" decoding=\"async\" width=\"736\" height=\"585\" src=\"https:\/\/cancerfertilityandme.org.uk\/wp-content\/uploads\/diagram-femaile-reproductive-system@2x.png\" class=\"attachment-large size-large wp-image-11226\" alt=\"O sistema reprodutivo feminino\" srcset=\"https:\/\/cancerfertilityandme.org.uk\/wp-content\/uploads\/diagram-femaile-reproductive-system@2x.png 736w, https:\/\/cancerfertilityandme.org.uk\/wp-content\/uploads\/diagram-femaile-reproductive-system@2x-300x238.png 300w\" sizes=\"(max-width: 736px) 100vw, 736px\" \/>\t\t\t\t\t\t\t\t\t\t\t\t\t\t\t<\/div>\n\t\t\t\t<\/div>\n\t\t\t\t<div class=\"elementor-element elementor-element-c503139 elementor-widget elementor-widget-text-editor\" data-id=\"c503139\" data-element_type=\"widget\" data-e-type=\"widget\" data-widget_type=\"text-editor.default\">\n\t\t\t\t<div class=\"elementor-widget-container\">\n\t\t\t\t\t\t\t\t\t<p>As principais partes do sistema reprodutivo s\u00e3o:<\/p><ol><li><strong>Ov\u00e1rios <\/strong>\u2013 Esses dois \u00f3rg\u00e3os ficam em ambos os lados do \u00fatero dentro do corpo de uma mulher entre as ancas (p\u00e9lvis). Os ov\u00e1rios fazem os \u00f3vulos e os horm\u00f4nios necess\u00e1rios para ter um beb\u00e9. Esses \u00f3vulos percorrem as trompas de Fal\u00f3pio at\u00e9 ao \u00fatero.  <\/li><li><strong>\u00d3vulo <\/strong>(o\u00f3cito) \u2013 a c\u00e9lula reprodutiva feminina, que ap\u00f3s a fertiliza\u00e7\u00e3o com esperma \u00e9 capaz de evoluir em um beb\u00ea<\/li><li><strong>Trompas de Fal\u00f3pio<\/strong> \u2013 os dois tubos que conectam cada ov\u00e1rio ao \u00fatero (\u00fatero) e \u00e9 aqui que o \u00f3vulo \u00e9 fertilizado pelo esperma do homem.<\/li><li>\u00datero\u2013 isto fica dentro da p\u00e9lvis e \u00e9 onde a gravidez se desenvolve.<\/li><li><strong>C\u00e9rvix <\/strong>(colo do \u00fatero) \u2013 a abertura para o \u00fatero que permite que o sangue menstrual deixe o corpo (per\u00edodos), e que a mulher d\u00ea \u00e0 luz.<\/li><li><strong>Vagina <\/strong>(canal de parto) \u2013 a abertura entre a parte inferior do colo do \u00fatero e o exterior do corpo.<\/li><li>Vulva\u2013 a \u00e1rea externa da vagina.<\/li><\/ol><p><strong>Os tratamentos contra o cancro podem afectar a fertilidade:<\/strong><\/p><ul><li>Danificar ou diminuir o n\u00famero de \u00f3vulos armazenados nos ov\u00e1rios.<\/li><li>Danificar uma parte do corpo que controla as hormonios da fertilidade.<\/li><li>Remover ou danificar uma parte do sistema reprodutor feminino.<\/li><\/ul><p>As formas como os tratamentos contra o cancro afectam a fertilidade dependem do tipo de cancro e do tratamento que pode fazer.<\/p><p>Nem todas as mulheres que t\u00eam tratamento para o cancro ter\u00e3o um problema de fertilidade no futuro.<\/p>\t\t\t\t\t\t\t\t<\/div>\n\t\t\t\t<\/div>\n\t\t\t\t<\/div>\n\t\t<div class=\"elementor-element elementor-element-39c9f397 e-con-full e-flex e-con e-child\" data-id=\"39c9f397\" data-element_type=\"container\" data-e-type=\"container\">\n\t\t<div class=\"elementor-element elementor-element-59edae77 e-con-full e-flex e-con e-child\" data-id=\"59edae77\" data-element_type=\"container\" data-e-type=\"container\">\n\t\t\t\t<div class=\"elementor-element elementor-element-6cd8fdd9 elementor-widget elementor-widget-image\" data-id=\"6cd8fdd9\" data-element_type=\"widget\" data-e-type=\"widget\" data-widget_type=\"image.default\">\n\t\t\t\t<div class=\"elementor-widget-container\">\n\t\t\t\t\t\t\t\t\t\t\t\t\t\t\t\t<a href=\"http:\/\/.\/\">\n\t\t\t\t\t\t\t<img decoding=\"async\" width=\"200\" height=\"200\" src=\"https:\/\/cancerfertilityandme.org.uk\/wp-content\/uploads\/cancerfertilityandme-logo-header-young-women.png\" class=\"attachment-full size-full wp-image-331\" alt=\"\" srcset=\"https:\/\/cancerfertilityandme.org.uk\/wp-content\/uploads\/cancerfertilityandme-logo-header-young-women.png 200w, https:\/\/cancerfertilityandme.org.uk\/wp-content\/uploads\/cancerfertilityandme-logo-header-young-women-150x150.png 150w, https:\/\/cancerfertilityandme.org.uk\/wp-content\/uploads\/elementor\/thumbs\/cancerfertilityandme-logo-header-young-women-r4vfcv1ro149or8nkxzol3x986uodd6lq6no4gpb6w.png 100w\" sizes=\"(max-width: 200px) 100vw, 200px\" \/>\t\t\t\t\t\t\t\t<\/a>\n\t\t\t\t\t\t\t\t\t\t\t\t\t\t\t<\/div>\n\t\t\t\t<\/div>\n\t\t\t\t<\/div>\n\t\t<div class=\"elementor-element elementor-element-6089d09b e-con-full e-flex e-con e-child\" data-id=\"6089d09b\" data-element_type=\"container\" data-e-type=\"container\">\n\t\t\t\t<div class=\"elementor-element elementor-element-7a4826aa elementor-widget elementor-widget-heading\" data-id=\"7a4826aa\" data-element_type=\"widget\" data-e-type=\"widget\" data-widget_type=\"heading.default\">\n\t\t\t\t<div class=\"elementor-widget-container\">\n\t\t\t\t\t<h3 class=\"elementor-heading-title elementor-size-default\">Para mais informa\u00e7\u00f5es, siga estes links<\/h3>\t\t\t\t<\/div>\n\t\t\t\t<\/div>\n\t\t\t\t<div class=\"elementor-element elementor-element-79ec685c elementor-nav-menu--dropdown-none elementor-widget elementor-widget-nav-menu\" data-id=\"79ec685c\" data-element_type=\"widget\" data-e-type=\"widget\" data-settings=\"{&quot;layout&quot;:&quot;vertical&quot;,&quot;submenu_icon&quot;:{&quot;value&quot;:&quot;&lt;svg aria-hidden=\\&quot;true\\&quot; class=\\&quot;e-font-icon-svg e-fas-caret-down\\&quot; viewBox=\\&quot;0 0 320 512\\&quot; xmlns=\\&quot;http:\\\/\\\/www.w3.org\\\/2000\\\/svg\\&quot;&gt;&lt;path d=\\&quot;M31.3 192h257.3c17.8 0 26.7 21.5 14.1 34.1L174.1 354.8c-7.8 7.8-20.5 7.8-28.3 0L17.2 226.1C4.6 213.5 13.5 192 31.3 192z\\&quot;&gt;&lt;\\\/path&gt;&lt;\\\/svg&gt;&quot;,&quot;library&quot;:&quot;fa-solid&quot;}}\" data-widget_type=\"nav-menu.default\">\n\t\t\t\t<div class=\"elementor-widget-container\">\n\t\t\t\t\t\t\t\t<nav aria-label=\"Menu\" class=\"elementor-nav-menu--main elementor-nav-menu__container elementor-nav-menu--layout-vertical e--pointer-none\">\n\t\t\t\t<ul id=\"menu-1-79ec685c\" class=\"elementor-nav-menu sm-vertical\"><li class=\"menu-item menu-item-type-post_type menu-item-object-page menu-item-8491\"><a href=\"https:\/\/cancerfertilityandme.org.uk\/young-women\/cancer-and-fertility\/\" class=\"elementor-item\">Cancro e fertilidade<\/a><\/li>\n<li class=\"menu-item menu-item-type-post_type menu-item-object-page menu-item-8494\"><a href=\"https:\/\/cancerfertilityandme.org.uk\/young-women\/cancer-and-fertility\/introduction\/\" class=\"elementor-item\">Introdu\u00e7\u00e3o<\/a><\/li>\n<li class=\"menu-item menu-item-type-post_type menu-item-object-page menu-item-8492\"><a href=\"https:\/\/cancerfertilityandme.org.uk\/young-women\/cancer-and-fertility\/chemotherapy\/\" class=\"elementor-item\">Chemotherapy<\/a><\/li>\n<li class=\"menu-item menu-item-type-post_type menu-item-object-page menu-item-8495\"><a href=\"https:\/\/cancerfertilityandme.org.uk\/young-women\/cancer-and-fertility\/radiotherapy\/\" class=\"elementor-item\">Radiotherapy<\/a><\/li>\n<li class=\"menu-item menu-item-type-post_type menu-item-object-page menu-item-8496\"><a href=\"https:\/\/cancerfertilityandme.org.uk\/young-women\/cancer-and-fertility\/surgery\/\" class=\"elementor-item\">Cirurgia<\/a><\/li>\n<li class=\"menu-item menu-item-type-post_type menu-item-object-page menu-item-8493\"><a href=\"https:\/\/cancerfertilityandme.org.uk\/young-women\/cancer-and-fertility\/hormone-therapy\/\" class=\"elementor-item\">Terapia hormonal<\/a><\/li>\n<li class=\"menu-item menu-item-type-post_type menu-item-object-page menu-item-8497\"><a href=\"https:\/\/cancerfertilityandme.org.uk\/young-women\/cancer-and-fertility\/targeted-drug-therapies\/\" class=\"elementor-item\">Terapias medicamentosas direccionadas<\/a><\/li>\n<li class=\"menu-item menu-item-type-post_type menu-item-object-page menu-item-8499\"><a href=\"https:\/\/cancerfertilityandme.org.uk\/young-women\/cancer-and-fertility\/other-cancer-treatments\/\" class=\"elementor-item\">Outros tratamentos contra o cancro<\/a><\/li>\n<li class=\"menu-item menu-item-type-post_type menu-item-object-page menu-item-8498\"><a href=\"https:\/\/cancerfertilityandme.org.uk\/young-women\/cancer-and-fertility\/questions-to-ask-about-cancer-and-fertility\/\" class=\"elementor-item\">Perguntas a fazer \u00e0 sua equipa de cuidado oncol\u00f3gico<\/a><\/li>\n<\/ul>\t\t\t<\/nav>\n\t\t\t\t\t\t<nav class=\"elementor-nav-menu--dropdown elementor-nav-menu__container\" aria-hidden=\"true\">\n\t\t\t\t<ul id=\"menu-2-79ec685c\" class=\"elementor-nav-menu sm-vertical\"><li class=\"menu-item menu-item-type-post_type menu-item-object-page menu-item-8491\"><a href=\"https:\/\/cancerfertilityandme.org.uk\/young-women\/cancer-and-fertility\/\" class=\"elementor-item\" tabindex=\"-1\">Cancro e fertilidade<\/a><\/li>\n<li class=\"menu-item menu-item-type-post_type menu-item-object-page menu-item-8494\"><a href=\"https:\/\/cancerfertilityandme.org.uk\/young-women\/cancer-and-fertility\/introduction\/\" class=\"elementor-item\" tabindex=\"-1\">Introdu\u00e7\u00e3o<\/a><\/li>\n<li class=\"menu-item menu-item-type-post_type menu-item-object-page menu-item-8492\"><a href=\"https:\/\/cancerfertilityandme.org.uk\/young-women\/cancer-and-fertility\/chemotherapy\/\" class=\"elementor-item\" tabindex=\"-1\">Chemotherapy<\/a><\/li>\n<li class=\"menu-item menu-item-type-post_type menu-item-object-page menu-item-8495\"><a href=\"https:\/\/cancerfertilityandme.org.uk\/young-women\/cancer-and-fertility\/radiotherapy\/\" class=\"elementor-item\" tabindex=\"-1\">Radiotherapy<\/a><\/li>\n<li class=\"menu-item menu-item-type-post_type menu-item-object-page menu-item-8496\"><a href=\"https:\/\/cancerfertilityandme.org.uk\/young-women\/cancer-and-fertility\/surgery\/\" class=\"elementor-item\" tabindex=\"-1\">Cirurgia<\/a><\/li>\n<li class=\"menu-item menu-item-type-post_type menu-item-object-page menu-item-8493\"><a href=\"https:\/\/cancerfertilityandme.org.uk\/young-women\/cancer-and-fertility\/hormone-therapy\/\" class=\"elementor-item\" tabindex=\"-1\">Terapia hormonal<\/a><\/li>\n<li class=\"menu-item menu-item-type-post_type menu-item-object-page menu-item-8497\"><a href=\"https:\/\/cancerfertilityandme.org.uk\/young-women\/cancer-and-fertility\/targeted-drug-therapies\/\" class=\"elementor-item\" tabindex=\"-1\">Terapias medicamentosas direccionadas<\/a><\/li>\n<li class=\"menu-item menu-item-type-post_type menu-item-object-page menu-item-8499\"><a href=\"https:\/\/cancerfertilityandme.org.uk\/young-women\/cancer-and-fertility\/other-cancer-treatments\/\" class=\"elementor-item\" tabindex=\"-1\">Outros tratamentos contra o cancro<\/a><\/li>\n<li class=\"menu-item menu-item-type-post_type menu-item-object-page menu-item-8498\"><a href=\"https:\/\/cancerfertilityandme.org.uk\/young-women\/cancer-and-fertility\/questions-to-ask-about-cancer-and-fertility\/\" class=\"elementor-item\" tabindex=\"-1\">Perguntas a fazer \u00e0 sua equipa de cuidado oncol\u00f3gico<\/a><\/li>\n<\/ul>\t\t\t<\/nav>\n\t\t\t\t\t\t<\/div>\n\t\t\t\t<\/div>\n\t\t\t\t<\/div>\n\t\t\t\t<\/div>\n\t\t\t\t\t<\/div>\n\t\t\t\t<\/main>\n\t\t\t\t<\/div>\n\t\t","protected":false},"excerpt":{"rendered":"<p>Como os tratamentos contra o cancro afectam a fertilidade Cancro \u00e9 o nome dado \u00e0s doen\u00e7as causadas pelas c\u00e9lulas do corpo que se dividem sem parar formando crescimentos e movendo-se para partes do corpo onde n\u00e3o s\u00e3o necess\u00e1rias. Os tratamentos contra o cancro visam remover o cancro e prevenir o seu retorno. Os principais tratamentos [&hellip;]<\/p>\n","protected":false},"author":1,"featured_media":11226,"parent":8203,"menu_order":0,"comment_status":"open","ping_status":"closed","template":"","meta":{"footnotes":""},"class_list":["post-8207","page","type-page","status-publish","has-post-thumbnail","hentry"],"_links":{"self":[{"href":"https:\/\/cancerfertilityandme.org.uk\/pt-pt\/wp-json\/wp\/v2\/pages\/8207","targetHints":{"allow":["GET"]}}],"collection":[{"href":"https:\/\/cancerfertilityandme.org.uk\/pt-pt\/wp-json\/wp\/v2\/pages"}],"about":[{"href":"https:\/\/cancerfertilityandme.org.uk\/pt-pt\/wp-json\/wp\/v2\/types\/page"}],"author":[{"embeddable":true,"href":"https:\/\/cancerfertilityandme.org.uk\/pt-pt\/wp-json\/wp\/v2\/users\/1"}],"replies":[{"embeddable":true,"href":"https:\/\/cancerfertilityandme.org.uk\/pt-pt\/wp-json\/wp\/v2\/comments?post=8207"}],"version-history":[{"count":3,"href":"https:\/\/cancerfertilityandme.org.uk\/pt-pt\/wp-json\/wp\/v2\/pages\/8207\/revisions"}],"predecessor-version":[{"id":11236,"href":"https:\/\/cancerfertilityandme.org.uk\/pt-pt\/wp-json\/wp\/v2\/pages\/8207\/revisions\/11236"}],"up":[{"embeddable":true,"href":"https:\/\/cancerfertilityandme.org.uk\/pt-pt\/wp-json\/wp\/v2\/pages\/8203"}],"wp:featuredmedia":[{"embeddable":true,"href":"https:\/\/cancerfertilityandme.org.uk\/pt-pt\/wp-json\/wp\/v2\/media\/11226"}],"wp:attachment":[{"href":"https:\/\/cancerfertilityandme.org.uk\/pt-pt\/wp-json\/wp\/v2\/media?parent=8207"}],"curies":[{"name":"wp","href":"https:\/\/api.w.org\/{rel}","templated":true}]}}